{"id":3509,"date":"2024-08-09T03:50:28","date_gmt":"2024-08-09T06:50:28","guid":{"rendered":"https:\/\/corralonsanchezbelen.com\/?post_type=product&#038;p=3509"},"modified":"2024-08-09T03:50:28","modified_gmt":"2024-08-09T06:50:28","slug":"taladro-sin-percusion-gbm-10-re-professional","status":"publish","type":"product","link":"https:\/\/corralonsanchezbelen.com\/index.php\/producto\/taladro-sin-percusion-gbm-10-re-professional\/","title":{"rendered":"Taladro sin percusi\u00f3n GBM 10 RE Professional"},"content":{"rendered":"<h2 class=\"bba--hl2 bba--problue m-a-product_highlights__headline\">GBM 10 RE Professional: M\u00e1s informaci\u00f3n<\/h2>\n<h3 class=\"bba--problue bba--fw-bold bba--big m-a-product_highlights__space\">Caracter\u00edsticas destacadas<\/h3>\n<p class=\"bba--big m-a-product_highlights__description\">El GBM 10 RE Professional es un compacto taladro con cable de una velocidad. Su fiable motor de 600 W permite taladrar f\u00e1cilmente orificios de hasta 10 mm en metal. El cuerpo ligero y compacto de este taladro permite un manejo con total comodidad en las aplicaciones de dificultad media. Asimismo, el husillo de perforaci\u00f3n est\u00e1 fijado en los cojinetes para garantizar un funcionamiento estable y taladrar con gran precisi\u00f3n.<\/p>\n<h3 class=\"bba--problue bba--fw-bold bba--big m-a-product_highlights__space\">Equipo y aplicaci\u00f3n<\/h3>\n<p class=\"bba--big m-a-product_highlights__description\">Est\u00e1 concebido para taladrar en metal y madera.<\/p>\n<h3 class=\"bba--problue bba--fw-bold bba--big m-a-product_highlights__space\">Informaci\u00f3n adicional<\/h3>\n<p class=\"bba--big m-a-product_highlights__nospace\">El GBM 10 RE Professional incluye funciones como giro reversible y velocidad variable.<\/p>\n","protected":false},"excerpt":{"rendered":"<h3 class=\"product-detail-stage__headline\">Taladro compacto de una velocidad<\/h3>\n<ul class=\"product-detail-stage__list a-list\">\n<li>Fiable motor de 600 W que permite taladrar f\u00e1cilmente orificios de hasta 10 mm en metal<\/li>\n<li>Cuerpo ligero y compacto para un manejo con total comodidad en las aplicaciones de dificultad media<\/li>\n<li>Husillo de perforaci\u00f3n fijado en los cojinetes para garantizar un funcionamiento estable y taladrar con gran precisi\u00f3n<\/li>\n<\/ul>\n","protected":false},"featured_media":3512,"comment_status":"open","ping_status":"closed","template":"","meta":[],"product_brand":[],"product_cat":[126,131],"product_tag":[165],"class_list":{"0":"post-3509","1":"product","2":"type-product","3":"status-publish","4":"has-post-thumbnail","6":"product_cat-herramientas-electricas","7":"product_cat-taladro","8":"product_tag-bosch","10":"first","11":"instock","12":"taxable","13":"shipping-taxable","14":"product-type-simple"},"yoast_head":"<!-- This site is optimized with the Yoast SEO plugin v24.7 - https:\/\/yoast.com\/wordpress\/plugins\/seo\/ -->\n<title>Taladro sin percusi\u00f3n GBM 10 RE Professional - Corralon Sanchez<\/title>\n<meta name=\"description\" content=\"Taladro compacto de una velocidad   Fiable motor de 600 W que permite taladrar f\u00e1cilmente orificios de hasta 10 mm en metal  Cuerpo ligero y compacto para un manejo con total comodidad en las aplicaciones de dificultad media  Husillo de perforaci\u00f3n fijado en los cojinetes para garantizar un funcionamiento estable y taladrar con gran precisi\u00f3n\" \/>\n<meta name=\"robots\" content=\"index, follow, max-snippet:-1, max-image-preview:large, max-video-preview:-1\" \/>\n<link rel=\"canonical\" href=\"https:\/\/corralonsanchezbelen.com\/index.php\/producto\/taladro-sin-percusion-gbm-10-re-professional\/\" \/>\n<meta property=\"og:locale\" content=\"es_ES\" \/>\n<meta property=\"og:type\" content=\"article\" \/>\n<meta property=\"og:title\" content=\"Taladro sin percusi\u00f3n GBM 10 RE Professional - Corralon Sanchez\" \/>\n<meta property=\"og:description\" content=\"Taladro compacto de una velocidad   Fiable motor de 600 W que permite taladrar f\u00e1cilmente orificios de hasta 10 mm en metal  Cuerpo ligero y compacto para un manejo con total comodidad en las aplicaciones de dificultad media  Husillo de perforaci\u00f3n fijado en los cojinetes para garantizar un funcionamiento estable y taladrar con gran precisi\u00f3n\" \/>\n<meta property=\"og:url\" content=\"https:\/\/corralonsanchezbelen.com\/index.php\/producto\/taladro-sin-percusion-gbm-10-re-professional\/\" \/>\n<meta property=\"og:site_name\" content=\"Corralon Sanchez\" \/>\n<meta property=\"article:publisher\" content=\"https:\/\/www.facebook.com\/corralon.sanchez.belen\" \/>\n<meta property=\"og:image\" content=\"https:\/\/corralonsanchezbelen.com\/wp-content\/uploads\/2024\/08\/16-1.png\" \/>\n\t<meta property=\"og:image:width\" content=\"500\" \/>\n\t<meta property=\"og:image:height\" content=\"500\" \/>\n\t<meta property=\"og:image:type\" content=\"image\/png\" \/>\n<meta name=\"twitter:card\" content=\"summary_large_image\" \/>\n<meta name=\"twitter:label1\" content=\"Tiempo de lectura\" \/>\n\t<meta name=\"twitter:data1\" content=\"1 minuto\" \/>\n<script type=\"application\/ld+json\" class=\"yoast-schema-graph\">{\"@context\":\"https:\/\/schema.org\",\"@graph\":[{\"@type\":\"WebPage\",\"@id\":\"https:\/\/corralonsanchezbelen.com\/index.php\/producto\/taladro-sin-percusion-gbm-10-re-professional\/\",\"url\":\"https:\/\/corralonsanchezbelen.com\/index.php\/producto\/taladro-sin-percusion-gbm-10-re-professional\/\",\"name\":\"Taladro sin percusi\u00f3n GBM 10 RE Professional - Corralon Sanchez\",\"isPartOf\":{\"@id\":\"https:\/\/corralonsanchezbelen.com\/#website\"},\"primaryImageOfPage\":{\"@id\":\"https:\/\/corralonsanchezbelen.com\/index.php\/producto\/taladro-sin-percusion-gbm-10-re-professional\/#primaryimage\"},\"image\":{\"@id\":\"https:\/\/corralonsanchezbelen.com\/index.php\/producto\/taladro-sin-percusion-gbm-10-re-professional\/#primaryimage\"},\"thumbnailUrl\":\"https:\/\/corralonsanchezbelen.com\/wp-content\/uploads\/2024\/08\/16-1.png\",\"datePublished\":\"2024-08-09T06:50:28+00:00\",\"description\":\"Taladro compacto de una velocidad Fiable motor de 600 W que permite taladrar f\u00e1cilmente orificios de hasta 10 mm en metal Cuerpo ligero y compacto para un manejo con total comodidad en las aplicaciones de dificultad media Husillo de perforaci\u00f3n fijado en los cojinetes para garantizar un funcionamiento estable y taladrar con gran precisi\u00f3n\",\"breadcrumb\":{\"@id\":\"https:\/\/corralonsanchezbelen.com\/index.php\/producto\/taladro-sin-percusion-gbm-10-re-professional\/#breadcrumb\"},\"inLanguage\":\"es\",\"potentialAction\":[{\"@type\":\"ReadAction\",\"target\":[\"https:\/\/corralonsanchezbelen.com\/index.php\/producto\/taladro-sin-percusion-gbm-10-re-professional\/\"]}]},{\"@type\":\"ImageObject\",\"inLanguage\":\"es\",\"@id\":\"https:\/\/corralonsanchezbelen.com\/index.php\/producto\/taladro-sin-percusion-gbm-10-re-professional\/#primaryimage\",\"url\":\"https:\/\/corralonsanchezbelen.com\/wp-content\/uploads\/2024\/08\/16-1.png\",\"contentUrl\":\"https:\/\/corralonsanchezbelen.com\/wp-content\/uploads\/2024\/08\/16-1.png\",\"width\":500,\"height\":500},{\"@type\":\"BreadcrumbList\",\"@id\":\"https:\/\/corralonsanchezbelen.com\/index.php\/producto\/taladro-sin-percusion-gbm-10-re-professional\/#breadcrumb\",\"itemListElement\":[{\"@type\":\"ListItem\",\"position\":1,\"name\":\"Portada\",\"item\":\"https:\/\/corralonsanchezbelen.com\/\"},{\"@type\":\"ListItem\",\"position\":2,\"name\":\"Tienda\",\"item\":\"https:\/\/corralonsanchezbelen.com\/index.php\/tienda-2\/\"},{\"@type\":\"ListItem\",\"position\":3,\"name\":\"Taladro sin percusi\u00f3n GBM 10 RE Professional\"}]},{\"@type\":\"WebSite\",\"@id\":\"https:\/\/corralonsanchezbelen.com\/#website\",\"url\":\"https:\/\/corralonsanchezbelen.com\/\",\"name\":\"Corralon Sanchez\",\"description\":\"El maestro de la construcci\u00f3n.\",\"publisher\":{\"@id\":\"https:\/\/corralonsanchezbelen.com\/#organization\"},\"potentialAction\":[{\"@type\":\"SearchAction\",\"target\":{\"@type\":\"EntryPoint\",\"urlTemplate\":\"https:\/\/corralonsanchezbelen.com\/?s={search_term_string}\"},\"query-input\":{\"@type\":\"PropertyValueSpecification\",\"valueRequired\":true,\"valueName\":\"search_term_string\"}}],\"inLanguage\":\"es\"},{\"@type\":\"Organization\",\"@id\":\"https:\/\/corralonsanchezbelen.com\/#organization\",\"name\":\"Corralon Sanchez\",\"url\":\"https:\/\/corralonsanchezbelen.com\/\",\"logo\":{\"@type\":\"ImageObject\",\"inLanguage\":\"es\",\"@id\":\"https:\/\/corralonsanchezbelen.com\/#\/schema\/logo\/image\/\",\"url\":\"https:\/\/corralonsanchezbelen.com\/wp-content\/uploads\/2024\/06\/Diseno-sin-tituloq.png\",\"contentUrl\":\"https:\/\/corralonsanchezbelen.com\/wp-content\/uploads\/2024\/06\/Diseno-sin-tituloq.png\",\"width\":1080,\"height\":1080,\"caption\":\"Corralon Sanchez\"},\"image\":{\"@id\":\"https:\/\/corralonsanchezbelen.com\/#\/schema\/logo\/image\/\"},\"sameAs\":[\"https:\/\/www.facebook.com\/corralon.sanchez.belen\",\"https:\/\/www.instagram.com\/corralon.sanchez\/\"]}]}<\/script>\n<!-- \/ Yoast SEO plugin. -->","yoast_head_json":{"title":"Taladro sin percusi\u00f3n GBM 10 RE Professional - Corralon Sanchez","description":"Taladro compacto de una velocidad   Fiable motor de 600 W que permite taladrar f\u00e1cilmente orificios de hasta 10 mm en metal  Cuerpo ligero y compacto para un manejo con total comodidad en las aplicaciones de dificultad media  Husillo de perforaci\u00f3n fijado en los cojinetes para garantizar un funcionamiento estable y taladrar con gran precisi\u00f3n","robots":{"index":"index","follow":"follow","max-snippet":"max-snippet:-1","max-image-preview":"max-image-preview:large","max-video-preview":"max-video-preview:-1"},"canonical":"https:\/\/corralonsanchezbelen.com\/index.php\/producto\/taladro-sin-percusion-gbm-10-re-professional\/","og_locale":"es_ES","og_type":"article","og_title":"Taladro sin percusi\u00f3n GBM 10 RE Professional - Corralon Sanchez","og_description":"Taladro compacto de una velocidad   Fiable motor de 600 W que permite taladrar f\u00e1cilmente orificios de hasta 10 mm en metal  Cuerpo ligero y compacto para un manejo con total comodidad en las aplicaciones de dificultad media  Husillo de perforaci\u00f3n fijado en los cojinetes para garantizar un funcionamiento estable y taladrar con gran precisi\u00f3n","og_url":"https:\/\/corralonsanchezbelen.com\/index.php\/producto\/taladro-sin-percusion-gbm-10-re-professional\/","og_site_name":"Corralon Sanchez","article_publisher":"https:\/\/www.facebook.com\/corralon.sanchez.belen","og_image":[{"width":500,"height":500,"url":"https:\/\/corralonsanchezbelen.com\/wp-content\/uploads\/2024\/08\/16-1.png","type":"image\/png"}],"twitter_card":"summary_large_image","twitter_misc":{"Tiempo de lectura":"1 minuto"},"schema":{"@context":"https:\/\/schema.org","@graph":[{"@type":"WebPage","@id":"https:\/\/corralonsanchezbelen.com\/index.php\/producto\/taladro-sin-percusion-gbm-10-re-professional\/","url":"https:\/\/corralonsanchezbelen.com\/index.php\/producto\/taladro-sin-percusion-gbm-10-re-professional\/","name":"Taladro sin percusi\u00f3n GBM 10 RE Professional - Corralon Sanchez","isPartOf":{"@id":"https:\/\/corralonsanchezbelen.com\/#website"},"primaryImageOfPage":{"@id":"https:\/\/corralonsanchezbelen.com\/index.php\/producto\/taladro-sin-percusion-gbm-10-re-professional\/#primaryimage"},"image":{"@id":"https:\/\/corralonsanchezbelen.com\/index.php\/producto\/taladro-sin-percusion-gbm-10-re-professional\/#primaryimage"},"thumbnailUrl":"https:\/\/corralonsanchezbelen.com\/wp-content\/uploads\/2024\/08\/16-1.png","datePublished":"2024-08-09T06:50:28+00:00","description":"Taladro compacto de una velocidad Fiable motor de 600 W que permite taladrar f\u00e1cilmente orificios de hasta 10 mm en metal Cuerpo ligero y compacto para un manejo con total comodidad en las aplicaciones de dificultad media Husillo de perforaci\u00f3n fijado en los cojinetes para garantizar un funcionamiento estable y taladrar con gran precisi\u00f3n","breadcrumb":{"@id":"https:\/\/corralonsanchezbelen.com\/index.php\/producto\/taladro-sin-percusion-gbm-10-re-professional\/#breadcrumb"},"inLanguage":"es","potentialAction":[{"@type":"ReadAction","target":["https:\/\/corralonsanchezbelen.com\/index.php\/producto\/taladro-sin-percusion-gbm-10-re-professional\/"]}]},{"@type":"ImageObject","inLanguage":"es","@id":"https:\/\/corralonsanchezbelen.com\/index.php\/producto\/taladro-sin-percusion-gbm-10-re-professional\/#primaryimage","url":"https:\/\/corralonsanchezbelen.com\/wp-content\/uploads\/2024\/08\/16-1.png","contentUrl":"https:\/\/corralonsanchezbelen.com\/wp-content\/uploads\/2024\/08\/16-1.png","width":500,"height":500},{"@type":"BreadcrumbList","@id":"https:\/\/corralonsanchezbelen.com\/index.php\/producto\/taladro-sin-percusion-gbm-10-re-professional\/#breadcrumb","itemListElement":[{"@type":"ListItem","position":1,"name":"Portada","item":"https:\/\/corralonsanchezbelen.com\/"},{"@type":"ListItem","position":2,"name":"Tienda","item":"https:\/\/corralonsanchezbelen.com\/index.php\/tienda-2\/"},{"@type":"ListItem","position":3,"name":"Taladro sin percusi\u00f3n GBM 10 RE Professional"}]},{"@type":"WebSite","@id":"https:\/\/corralonsanchezbelen.com\/#website","url":"https:\/\/corralonsanchezbelen.com\/","name":"Corralon Sanchez","description":"El maestro de la construcci\u00f3n.","publisher":{"@id":"https:\/\/corralonsanchezbelen.com\/#organization"},"potentialAction":[{"@type":"SearchAction","target":{"@type":"EntryPoint","urlTemplate":"https:\/\/corralonsanchezbelen.com\/?s={search_term_string}"},"query-input":{"@type":"PropertyValueSpecification","valueRequired":true,"valueName":"search_term_string"}}],"inLanguage":"es"},{"@type":"Organization","@id":"https:\/\/corralonsanchezbelen.com\/#organization","name":"Corralon Sanchez","url":"https:\/\/corralonsanchezbelen.com\/","logo":{"@type":"ImageObject","inLanguage":"es","@id":"https:\/\/corralonsanchezbelen.com\/#\/schema\/logo\/image\/","url":"https:\/\/corralonsanchezbelen.com\/wp-content\/uploads\/2024\/06\/Diseno-sin-tituloq.png","contentUrl":"https:\/\/corralonsanchezbelen.com\/wp-content\/uploads\/2024\/06\/Diseno-sin-tituloq.png","width":1080,"height":1080,"caption":"Corralon Sanchez"},"image":{"@id":"https:\/\/corralonsanchezbelen.com\/#\/schema\/logo\/image\/"},"sameAs":["https:\/\/www.facebook.com\/corralon.sanchez.belen","https:\/\/www.instagram.com\/corralon.sanchez\/"]}]}},"_links":{"self":[{"href":"https:\/\/corralonsanchezbelen.com\/index.php\/wp-json\/wp\/v2\/product\/3509","targetHints":{"allow":["GET"]}}],"collection":[{"href":"https:\/\/corralonsanchezbelen.com\/index.php\/wp-json\/wp\/v2\/product"}],"about":[{"href":"https:\/\/corralonsanchezbelen.com\/index.php\/wp-json\/wp\/v2\/types\/product"}],"replies":[{"embeddable":true,"href":"https:\/\/corralonsanchezbelen.com\/index.php\/wp-json\/wp\/v2\/comments?post=3509"}],"wp:featuredmedia":[{"embeddable":true,"href":"https:\/\/corralonsanchezbelen.com\/index.php\/wp-json\/wp\/v2\/media\/3512"}],"wp:attachment":[{"href":"https:\/\/corralonsanchezbelen.com\/index.php\/wp-json\/wp\/v2\/media?parent=3509"}],"wp:term":[{"taxonomy":"product_brand","embeddable":true,"href":"https:\/\/corralonsanchezbelen.com\/index.php\/wp-json\/wp\/v2\/product_brand?post=3509"},{"taxonomy":"product_cat","embeddable":true,"href":"https:\/\/corralonsanchezbelen.com\/index.php\/wp-json\/wp\/v2\/product_cat?post=3509"},{"taxonomy":"product_tag","embeddable":true,"href":"https:\/\/corralonsanchezbelen.com\/index.php\/wp-json\/wp\/v2\/product_tag?post=3509"}],"curies":[{"name":"wp","href":"https:\/\/api.w.org\/{rel}","templated":true}]}}