{"id":3493,"date":"2024-08-09T03:32:32","date_gmt":"2024-08-09T06:32:32","guid":{"rendered":"https:\/\/corralonsanchezbelen.com\/?post_type=product&#038;p=3493"},"modified":"2024-08-09T03:32:32","modified_gmt":"2024-08-09T06:32:32","slug":"aparejo-elec-500-kg-doble-gancho-12mt-alzada-900-w","status":"publish","type":"product","link":"https:\/\/corralonsanchezbelen.com\/index.php\/producto\/aparejo-elec-500-kg-doble-gancho-12mt-alzada-900-w\/","title":{"rendered":"APAREJO ELEC. 500 KG. DOBLE GANCHO-12MT ALZADA.900 W"},"content":{"rendered":"","protected":false},"excerpt":{"rendered":"<div class=\"tituloDetalleDescrip\">Descripci\u00f3n del producto<\/div>\n<div class=\"descripDetalle\">\n<div id=\"descProd\" class=\"descripcionProducto\">Aparejo El\u00e9ctrico<br \/>\nModelo: FEMA 500<br \/>\nCapacidad: 500 Kg\/250 Kg<br \/>\nAltura de Alzada: 6\/12 Metros<br \/>\nVelocidad:4\/8 M\/Min<br \/>\nDi\u00e1metro del Cable: 4,2 mm<br \/>\nPotencia delMotor: 900 W<br \/>\nVoltaje: 220 Volts<br \/>\nProtecci\u00f3n del Motor: IP54<br \/>\nAislaci\u00f3n del Motor: B<br \/>\nFuerza de Rotura de Cable: 1250 kg<br \/>\nDoble Gancho<br \/>\nCon Control Remoto<br \/>\nCon Freno Autom\u00e1tico<\/div>\n<\/div>\n","protected":false},"featured_media":3494,"comment_status":"open","ping_status":"closed","template":"","meta":[],"product_brand":[],"product_cat":[160,153,158],"product_tag":[154],"class_list":{"0":"post-3493","1":"product","2":"type-product","3":"status-publish","4":"has-post-thumbnail","6":"product_cat-aparejo","7":"product_cat-fema","8":"product_cat-productos-electricos","9":"product_tag-fema","11":"first","12":"instock","13":"taxable","14":"shipping-taxable","15":"product-type-simple"},"yoast_head":"<!-- This site is optimized with the Yoast SEO plugin v24.7 - https:\/\/yoast.com\/wordpress\/plugins\/seo\/ -->\n<title>APAREJO ELEC. 500 KG. DOBLE GANCHO-12MT ALZADA.900 W - Corralon Sanchez<\/title>\n<meta name=\"description\" content=\"Descripci\u00f3n del producto  Aparejo El\u00e9ctrico Modelo: FEMA 500 Capacidad: 500 Kg\/250 Kg Altura de Alzada: 6\/12 Metros Velocidad:4\/8 M\/Min Di\u00e1metro del Cable: 4,2 mm Potencia delMotor: 900 W Voltaje: 220 Volts Protecci\u00f3n del Motor: IP54 Aislaci\u00f3n del Motor: B Fuerza de Rotura de Cable: 1250 kg Doble Gancho Con Control Remoto Con Freno Autom\u00e1tico\" \/>\n<meta name=\"robots\" content=\"index, follow, max-snippet:-1, max-image-preview:large, max-video-preview:-1\" \/>\n<link rel=\"canonical\" href=\"https:\/\/corralonsanchezbelen.com\/index.php\/producto\/aparejo-elec-500-kg-doble-gancho-12mt-alzada-900-w\/\" \/>\n<meta property=\"og:locale\" content=\"es_ES\" \/>\n<meta property=\"og:type\" content=\"article\" \/>\n<meta property=\"og:title\" content=\"APAREJO ELEC. 500 KG. DOBLE GANCHO-12MT ALZADA.900 W - Corralon Sanchez\" \/>\n<meta property=\"og:description\" content=\"Descripci\u00f3n del producto  Aparejo El\u00e9ctrico Modelo: FEMA 500 Capacidad: 500 Kg\/250 Kg Altura de Alzada: 6\/12 Metros Velocidad:4\/8 M\/Min Di\u00e1metro del Cable: 4,2 mm Potencia delMotor: 900 W Voltaje: 220 Volts Protecci\u00f3n del Motor: IP54 Aislaci\u00f3n del Motor: B Fuerza de Rotura de Cable: 1250 kg Doble Gancho Con Control Remoto Con Freno Autom\u00e1tico\" \/>\n<meta property=\"og:url\" content=\"https:\/\/corralonsanchezbelen.com\/index.php\/producto\/aparejo-elec-500-kg-doble-gancho-12mt-alzada-900-w\/\" \/>\n<meta property=\"og:site_name\" content=\"Corralon Sanchez\" \/>\n<meta property=\"article:publisher\" content=\"https:\/\/www.facebook.com\/corralon.sanchez.belen\" \/>\n<meta property=\"og:image\" content=\"https:\/\/corralonsanchezbelen.com\/wp-content\/uploads\/2024\/08\/69350316.jpg.webp\" \/>\n\t<meta property=\"og:image:width\" content=\"1200\" \/>\n\t<meta property=\"og:image:height\" content=\"1200\" \/>\n\t<meta property=\"og:image:type\" content=\"image\/webp\" \/>\n<meta name=\"twitter:card\" content=\"summary_large_image\" \/>\n<script type=\"application\/ld+json\" class=\"yoast-schema-graph\">{\"@context\":\"https:\/\/schema.org\",\"@graph\":[{\"@type\":\"WebPage\",\"@id\":\"https:\/\/corralonsanchezbelen.com\/index.php\/producto\/aparejo-elec-500-kg-doble-gancho-12mt-alzada-900-w\/\",\"url\":\"https:\/\/corralonsanchezbelen.com\/index.php\/producto\/aparejo-elec-500-kg-doble-gancho-12mt-alzada-900-w\/\",\"name\":\"APAREJO ELEC. 500 KG. DOBLE GANCHO-12MT ALZADA.900 W - Corralon Sanchez\",\"isPartOf\":{\"@id\":\"https:\/\/corralonsanchezbelen.com\/#website\"},\"primaryImageOfPage\":{\"@id\":\"https:\/\/corralonsanchezbelen.com\/index.php\/producto\/aparejo-elec-500-kg-doble-gancho-12mt-alzada-900-w\/#primaryimage\"},\"image\":{\"@id\":\"https:\/\/corralonsanchezbelen.com\/index.php\/producto\/aparejo-elec-500-kg-doble-gancho-12mt-alzada-900-w\/#primaryimage\"},\"thumbnailUrl\":\"https:\/\/corralonsanchezbelen.com\/wp-content\/uploads\/2024\/08\/69350316.jpg.webp\",\"datePublished\":\"2024-08-09T06:32:32+00:00\",\"description\":\"Descripci\u00f3n del producto Aparejo El\u00e9ctrico Modelo: FEMA 500 Capacidad: 500 Kg\/250 Kg Altura de Alzada: 6\/12 Metros Velocidad:4\/8 M\/Min Di\u00e1metro del Cable: 4,2 mm Potencia delMotor: 900 W Voltaje: 220 Volts Protecci\u00f3n del Motor: IP54 Aislaci\u00f3n del Motor: B Fuerza de Rotura de Cable: 1250 kg Doble Gancho Con Control Remoto Con Freno Autom\u00e1tico\",\"breadcrumb\":{\"@id\":\"https:\/\/corralonsanchezbelen.com\/index.php\/producto\/aparejo-elec-500-kg-doble-gancho-12mt-alzada-900-w\/#breadcrumb\"},\"inLanguage\":\"es\",\"potentialAction\":[{\"@type\":\"ReadAction\",\"target\":[\"https:\/\/corralonsanchezbelen.com\/index.php\/producto\/aparejo-elec-500-kg-doble-gancho-12mt-alzada-900-w\/\"]}]},{\"@type\":\"ImageObject\",\"inLanguage\":\"es\",\"@id\":\"https:\/\/corralonsanchezbelen.com\/index.php\/producto\/aparejo-elec-500-kg-doble-gancho-12mt-alzada-900-w\/#primaryimage\",\"url\":\"https:\/\/corralonsanchezbelen.com\/wp-content\/uploads\/2024\/08\/69350316.jpg.webp\",\"contentUrl\":\"https:\/\/corralonsanchezbelen.com\/wp-content\/uploads\/2024\/08\/69350316.jpg.webp\",\"width\":1200,\"height\":1200},{\"@type\":\"BreadcrumbList\",\"@id\":\"https:\/\/corralonsanchezbelen.com\/index.php\/producto\/aparejo-elec-500-kg-doble-gancho-12mt-alzada-900-w\/#breadcrumb\",\"itemListElement\":[{\"@type\":\"ListItem\",\"position\":1,\"name\":\"Portada\",\"item\":\"https:\/\/corralonsanchezbelen.com\/\"},{\"@type\":\"ListItem\",\"position\":2,\"name\":\"Tienda\",\"item\":\"https:\/\/corralonsanchezbelen.com\/index.php\/tienda-2\/\"},{\"@type\":\"ListItem\",\"position\":3,\"name\":\"APAREJO ELEC. 500 KG. DOBLE GANCHO-12MT ALZADA.900 W\"}]},{\"@type\":\"WebSite\",\"@id\":\"https:\/\/corralonsanchezbelen.com\/#website\",\"url\":\"https:\/\/corralonsanchezbelen.com\/\",\"name\":\"Corralon Sanchez\",\"description\":\"El maestro de la construcci\u00f3n.\",\"publisher\":{\"@id\":\"https:\/\/corralonsanchezbelen.com\/#organization\"},\"potentialAction\":[{\"@type\":\"SearchAction\",\"target\":{\"@type\":\"EntryPoint\",\"urlTemplate\":\"https:\/\/corralonsanchezbelen.com\/?s={search_term_string}\"},\"query-input\":{\"@type\":\"PropertyValueSpecification\",\"valueRequired\":true,\"valueName\":\"search_term_string\"}}],\"inLanguage\":\"es\"},{\"@type\":\"Organization\",\"@id\":\"https:\/\/corralonsanchezbelen.com\/#organization\",\"name\":\"Corralon Sanchez\",\"url\":\"https:\/\/corralonsanchezbelen.com\/\",\"logo\":{\"@type\":\"ImageObject\",\"inLanguage\":\"es\",\"@id\":\"https:\/\/corralonsanchezbelen.com\/#\/schema\/logo\/image\/\",\"url\":\"https:\/\/corralonsanchezbelen.com\/wp-content\/uploads\/2024\/06\/Diseno-sin-tituloq.png\",\"contentUrl\":\"https:\/\/corralonsanchezbelen.com\/wp-content\/uploads\/2024\/06\/Diseno-sin-tituloq.png\",\"width\":1080,\"height\":1080,\"caption\":\"Corralon Sanchez\"},\"image\":{\"@id\":\"https:\/\/corralonsanchezbelen.com\/#\/schema\/logo\/image\/\"},\"sameAs\":[\"https:\/\/www.facebook.com\/corralon.sanchez.belen\",\"https:\/\/www.instagram.com\/corralon.sanchez\/\"]}]}<\/script>\n<!-- \/ Yoast SEO plugin. -->","yoast_head_json":{"title":"APAREJO ELEC. 500 KG. DOBLE GANCHO-12MT ALZADA.900 W - Corralon Sanchez","description":"Descripci\u00f3n del producto  Aparejo El\u00e9ctrico Modelo: FEMA 500 Capacidad: 500 Kg\/250 Kg Altura de Alzada: 6\/12 Metros Velocidad:4\/8 M\/Min Di\u00e1metro del Cable: 4,2 mm Potencia delMotor: 900 W Voltaje: 220 Volts Protecci\u00f3n del Motor: IP54 Aislaci\u00f3n del Motor: B Fuerza de Rotura de Cable: 1250 kg Doble Gancho Con Control Remoto Con Freno Autom\u00e1tico","robots":{"index":"index","follow":"follow","max-snippet":"max-snippet:-1","max-image-preview":"max-image-preview:large","max-video-preview":"max-video-preview:-1"},"canonical":"https:\/\/corralonsanchezbelen.com\/index.php\/producto\/aparejo-elec-500-kg-doble-gancho-12mt-alzada-900-w\/","og_locale":"es_ES","og_type":"article","og_title":"APAREJO ELEC. 500 KG. DOBLE GANCHO-12MT ALZADA.900 W - Corralon Sanchez","og_description":"Descripci\u00f3n del producto  Aparejo El\u00e9ctrico Modelo: FEMA 500 Capacidad: 500 Kg\/250 Kg Altura de Alzada: 6\/12 Metros Velocidad:4\/8 M\/Min Di\u00e1metro del Cable: 4,2 mm Potencia delMotor: 900 W Voltaje: 220 Volts Protecci\u00f3n del Motor: IP54 Aislaci\u00f3n del Motor: B Fuerza de Rotura de Cable: 1250 kg Doble Gancho Con Control Remoto Con Freno Autom\u00e1tico","og_url":"https:\/\/corralonsanchezbelen.com\/index.php\/producto\/aparejo-elec-500-kg-doble-gancho-12mt-alzada-900-w\/","og_site_name":"Corralon Sanchez","article_publisher":"https:\/\/www.facebook.com\/corralon.sanchez.belen","og_image":[{"width":1200,"height":1200,"url":"https:\/\/corralonsanchezbelen.com\/wp-content\/uploads\/2024\/08\/69350316.jpg.webp","type":"image\/webp"}],"twitter_card":"summary_large_image","schema":{"@context":"https:\/\/schema.org","@graph":[{"@type":"WebPage","@id":"https:\/\/corralonsanchezbelen.com\/index.php\/producto\/aparejo-elec-500-kg-doble-gancho-12mt-alzada-900-w\/","url":"https:\/\/corralonsanchezbelen.com\/index.php\/producto\/aparejo-elec-500-kg-doble-gancho-12mt-alzada-900-w\/","name":"APAREJO ELEC. 500 KG. DOBLE GANCHO-12MT ALZADA.900 W - Corralon Sanchez","isPartOf":{"@id":"https:\/\/corralonsanchezbelen.com\/#website"},"primaryImageOfPage":{"@id":"https:\/\/corralonsanchezbelen.com\/index.php\/producto\/aparejo-elec-500-kg-doble-gancho-12mt-alzada-900-w\/#primaryimage"},"image":{"@id":"https:\/\/corralonsanchezbelen.com\/index.php\/producto\/aparejo-elec-500-kg-doble-gancho-12mt-alzada-900-w\/#primaryimage"},"thumbnailUrl":"https:\/\/corralonsanchezbelen.com\/wp-content\/uploads\/2024\/08\/69350316.jpg.webp","datePublished":"2024-08-09T06:32:32+00:00","description":"Descripci\u00f3n del producto Aparejo El\u00e9ctrico Modelo: FEMA 500 Capacidad: 500 Kg\/250 Kg Altura de Alzada: 6\/12 Metros Velocidad:4\/8 M\/Min Di\u00e1metro del Cable: 4,2 mm Potencia delMotor: 900 W Voltaje: 220 Volts Protecci\u00f3n del Motor: IP54 Aislaci\u00f3n del Motor: B Fuerza de Rotura de Cable: 1250 kg Doble Gancho Con Control Remoto Con Freno Autom\u00e1tico","breadcrumb":{"@id":"https:\/\/corralonsanchezbelen.com\/index.php\/producto\/aparejo-elec-500-kg-doble-gancho-12mt-alzada-900-w\/#breadcrumb"},"inLanguage":"es","potentialAction":[{"@type":"ReadAction","target":["https:\/\/corralonsanchezbelen.com\/index.php\/producto\/aparejo-elec-500-kg-doble-gancho-12mt-alzada-900-w\/"]}]},{"@type":"ImageObject","inLanguage":"es","@id":"https:\/\/corralonsanchezbelen.com\/index.php\/producto\/aparejo-elec-500-kg-doble-gancho-12mt-alzada-900-w\/#primaryimage","url":"https:\/\/corralonsanchezbelen.com\/wp-content\/uploads\/2024\/08\/69350316.jpg.webp","contentUrl":"https:\/\/corralonsanchezbelen.com\/wp-content\/uploads\/2024\/08\/69350316.jpg.webp","width":1200,"height":1200},{"@type":"BreadcrumbList","@id":"https:\/\/corralonsanchezbelen.com\/index.php\/producto\/aparejo-elec-500-kg-doble-gancho-12mt-alzada-900-w\/#breadcrumb","itemListElement":[{"@type":"ListItem","position":1,"name":"Portada","item":"https:\/\/corralonsanchezbelen.com\/"},{"@type":"ListItem","position":2,"name":"Tienda","item":"https:\/\/corralonsanchezbelen.com\/index.php\/tienda-2\/"},{"@type":"ListItem","position":3,"name":"APAREJO ELEC. 500 KG. DOBLE GANCHO-12MT ALZADA.900 W"}]},{"@type":"WebSite","@id":"https:\/\/corralonsanchezbelen.com\/#website","url":"https:\/\/corralonsanchezbelen.com\/","name":"Corralon Sanchez","description":"El maestro de la construcci\u00f3n.","publisher":{"@id":"https:\/\/corralonsanchezbelen.com\/#organization"},"potentialAction":[{"@type":"SearchAction","target":{"@type":"EntryPoint","urlTemplate":"https:\/\/corralonsanchezbelen.com\/?s={search_term_string}"},"query-input":{"@type":"PropertyValueSpecification","valueRequired":true,"valueName":"search_term_string"}}],"inLanguage":"es"},{"@type":"Organization","@id":"https:\/\/corralonsanchezbelen.com\/#organization","name":"Corralon Sanchez","url":"https:\/\/corralonsanchezbelen.com\/","logo":{"@type":"ImageObject","inLanguage":"es","@id":"https:\/\/corralonsanchezbelen.com\/#\/schema\/logo\/image\/","url":"https:\/\/corralonsanchezbelen.com\/wp-content\/uploads\/2024\/06\/Diseno-sin-tituloq.png","contentUrl":"https:\/\/corralonsanchezbelen.com\/wp-content\/uploads\/2024\/06\/Diseno-sin-tituloq.png","width":1080,"height":1080,"caption":"Corralon Sanchez"},"image":{"@id":"https:\/\/corralonsanchezbelen.com\/#\/schema\/logo\/image\/"},"sameAs":["https:\/\/www.facebook.com\/corralon.sanchez.belen","https:\/\/www.instagram.com\/corralon.sanchez\/"]}]}},"_links":{"self":[{"href":"https:\/\/corralonsanchezbelen.com\/index.php\/wp-json\/wp\/v2\/product\/3493","targetHints":{"allow":["GET"]}}],"collection":[{"href":"https:\/\/corralonsanchezbelen.com\/index.php\/wp-json\/wp\/v2\/product"}],"about":[{"href":"https:\/\/corralonsanchezbelen.com\/index.php\/wp-json\/wp\/v2\/types\/product"}],"replies":[{"embeddable":true,"href":"https:\/\/corralonsanchezbelen.com\/index.php\/wp-json\/wp\/v2\/comments?post=3493"}],"wp:featuredmedia":[{"embeddable":true,"href":"https:\/\/corralonsanchezbelen.com\/index.php\/wp-json\/wp\/v2\/media\/3494"}],"wp:attachment":[{"href":"https:\/\/corralonsanchezbelen.com\/index.php\/wp-json\/wp\/v2\/media?parent=3493"}],"wp:term":[{"taxonomy":"product_brand","embeddable":true,"href":"https:\/\/corralonsanchezbelen.com\/index.php\/wp-json\/wp\/v2\/product_brand?post=3493"},{"taxonomy":"product_cat","embeddable":true,"href":"https:\/\/corralonsanchezbelen.com\/index.php\/wp-json\/wp\/v2\/product_cat?post=3493"},{"taxonomy":"product_tag","embeddable":true,"href":"https:\/\/corralonsanchezbelen.com\/index.php\/wp-json\/wp\/v2\/product_tag?post=3493"}],"curies":[{"name":"wp","href":"https:\/\/api.w.org\/{rel}","templated":true}]}}