{"id":3466,"date":"2024-08-09T03:04:25","date_gmt":"2024-08-09T06:04:25","guid":{"rendered":"https:\/\/corralonsanchezbelen.com\/?post_type=product&#038;p=3466"},"modified":"2024-08-09T03:04:25","modified_gmt":"2024-08-09T06:04:25","slug":"hidrolavadora-re-150","status":"publish","type":"product","link":"https:\/\/corralonsanchezbelen.com\/index.php\/producto\/hidrolavadora-re-150\/","title":{"rendered":"Hidrolavadora RE 150"},"content":{"rendered":"","protected":false},"excerpt":{"rendered":"<h2 class=\"product-details__title\">Hidrolavadora El\u00e9ctrica<\/h2>\n<div class=\"product-details__description richtexteditor\">Hidrolimpiadora de larga vida \u00fatil con 120 bar de presi\u00f3n de trabajo y gran comodidad de uso. Esta dirigido a usuarios semi-profesionales como peque\u00f1os talleres, comercios, jardineros, explotaciones agr\u00edcolas y usuarios particulares con alta exigencia de calidad y rendimiento. Ideal para la limpieza de peque\u00f1as industrias y talleres, maquinas, fachadas, techos, establos, tambos, veh\u00edculos particulares, casas y jardines, etc.<\/div>\n","protected":false},"featured_media":3467,"comment_status":"open","ping_status":"closed","template":"","meta":[],"product_brand":[],"product_cat":[126,147,155],"product_tag":[138],"class_list":{"0":"post-3466","1":"product","2":"type-product","3":"status-publish","4":"has-post-thumbnail","6":"product_cat-herramientas-electricas","7":"product_cat-hidrolavadora","8":"product_cat-stihl","9":"product_tag-stihl","11":"first","12":"instock","13":"taxable","14":"shipping-taxable","15":"product-type-simple"},"yoast_head":"<!-- This site is optimized with the Yoast SEO plugin v24.7 - https:\/\/yoast.com\/wordpress\/plugins\/seo\/ -->\n<title>Hidrolavadora RE 150 - Corralon Sanchez<\/title>\n<meta name=\"description\" content=\"Hidrolavadora El\u00e9ctrica Hidrolimpiadora de larga vida \u00fatil con 120 bar de presi\u00f3n de trabajo y gran comodidad de uso. Esta dirigido a usuarios semi-profesionales como peque\u00f1os talleres, comercios, jardineros, explotaciones agr\u00edcolas y usuarios particulares con alta exigencia de calidad y rendimiento. Ideal para la limpieza de peque\u00f1as industrias y talleres, maquinas, fachadas, techos, establos, tambos, veh\u00edculos particulares, casas y jardines, etc.\" \/>\n<meta name=\"robots\" content=\"index, follow, max-snippet:-1, max-image-preview:large, max-video-preview:-1\" \/>\n<link rel=\"canonical\" href=\"https:\/\/corralonsanchezbelen.com\/index.php\/producto\/hidrolavadora-re-150\/\" \/>\n<meta property=\"og:locale\" content=\"es_ES\" \/>\n<meta property=\"og:type\" content=\"article\" \/>\n<meta property=\"og:title\" content=\"Hidrolavadora RE 150 - Corralon Sanchez\" \/>\n<meta property=\"og:description\" content=\"Hidrolavadora El\u00e9ctrica Hidrolimpiadora de larga vida \u00fatil con 120 bar de presi\u00f3n de trabajo y gran comodidad de uso. Esta dirigido a usuarios semi-profesionales como peque\u00f1os talleres, comercios, jardineros, explotaciones agr\u00edcolas y usuarios particulares con alta exigencia de calidad y rendimiento. Ideal para la limpieza de peque\u00f1as industrias y talleres, maquinas, fachadas, techos, establos, tambos, veh\u00edculos particulares, casas y jardines, etc.\" \/>\n<meta property=\"og:url\" content=\"https:\/\/corralonsanchezbelen.com\/index.php\/producto\/hidrolavadora-re-150\/\" \/>\n<meta property=\"og:site_name\" content=\"Corralon Sanchez\" \/>\n<meta property=\"article:publisher\" content=\"https:\/\/www.facebook.com\/corralon.sanchez.belen\" \/>\n<meta property=\"og:image\" content=\"https:\/\/corralonsanchezbelen.com\/wp-content\/uploads\/2024\/08\/img-2.jpg\" \/>\n\t<meta property=\"og:image:width\" content=\"1065\" \/>\n\t<meta property=\"og:image:height\" content=\"1598\" \/>\n\t<meta property=\"og:image:type\" content=\"image\/jpeg\" \/>\n<meta name=\"twitter:card\" content=\"summary_large_image\" \/>\n<meta name=\"twitter:label1\" content=\"Tiempo de lectura\" \/>\n\t<meta name=\"twitter:data1\" content=\"1 minuto\" \/>\n<script type=\"application\/ld+json\" class=\"yoast-schema-graph\">{\"@context\":\"https:\/\/schema.org\",\"@graph\":[{\"@type\":\"WebPage\",\"@id\":\"https:\/\/corralonsanchezbelen.com\/index.php\/producto\/hidrolavadora-re-150\/\",\"url\":\"https:\/\/corralonsanchezbelen.com\/index.php\/producto\/hidrolavadora-re-150\/\",\"name\":\"Hidrolavadora RE 150 - Corralon Sanchez\",\"isPartOf\":{\"@id\":\"https:\/\/corralonsanchezbelen.com\/#website\"},\"primaryImageOfPage\":{\"@id\":\"https:\/\/corralonsanchezbelen.com\/index.php\/producto\/hidrolavadora-re-150\/#primaryimage\"},\"image\":{\"@id\":\"https:\/\/corralonsanchezbelen.com\/index.php\/producto\/hidrolavadora-re-150\/#primaryimage\"},\"thumbnailUrl\":\"https:\/\/corralonsanchezbelen.com\/wp-content\/uploads\/2024\/08\/img-2.jpg\",\"datePublished\":\"2024-08-09T06:04:25+00:00\",\"description\":\"Hidrolavadora El\u00e9ctrica Hidrolimpiadora de larga vida \u00fatil con 120 bar de presi\u00f3n de trabajo y gran comodidad de uso. Esta dirigido a usuarios semi-profesionales como peque\u00f1os talleres, comercios, jardineros, explotaciones agr\u00edcolas y usuarios particulares con alta exigencia de calidad y rendimiento. Ideal para la limpieza de peque\u00f1as industrias y talleres, maquinas, fachadas, techos, establos, tambos, veh\u00edculos particulares, casas y jardines, etc.\",\"breadcrumb\":{\"@id\":\"https:\/\/corralonsanchezbelen.com\/index.php\/producto\/hidrolavadora-re-150\/#breadcrumb\"},\"inLanguage\":\"es\",\"potentialAction\":[{\"@type\":\"ReadAction\",\"target\":[\"https:\/\/corralonsanchezbelen.com\/index.php\/producto\/hidrolavadora-re-150\/\"]}]},{\"@type\":\"ImageObject\",\"inLanguage\":\"es\",\"@id\":\"https:\/\/corralonsanchezbelen.com\/index.php\/producto\/hidrolavadora-re-150\/#primaryimage\",\"url\":\"https:\/\/corralonsanchezbelen.com\/wp-content\/uploads\/2024\/08\/img-2.jpg\",\"contentUrl\":\"https:\/\/corralonsanchezbelen.com\/wp-content\/uploads\/2024\/08\/img-2.jpg\",\"width\":1065,\"height\":1598},{\"@type\":\"BreadcrumbList\",\"@id\":\"https:\/\/corralonsanchezbelen.com\/index.php\/producto\/hidrolavadora-re-150\/#breadcrumb\",\"itemListElement\":[{\"@type\":\"ListItem\",\"position\":1,\"name\":\"Portada\",\"item\":\"https:\/\/corralonsanchezbelen.com\/\"},{\"@type\":\"ListItem\",\"position\":2,\"name\":\"Tienda\",\"item\":\"https:\/\/corralonsanchezbelen.com\/index.php\/tienda-2\/\"},{\"@type\":\"ListItem\",\"position\":3,\"name\":\"Hidrolavadora RE 150\"}]},{\"@type\":\"WebSite\",\"@id\":\"https:\/\/corralonsanchezbelen.com\/#website\",\"url\":\"https:\/\/corralonsanchezbelen.com\/\",\"name\":\"Corralon Sanchez\",\"description\":\"El maestro de la construcci\u00f3n.\",\"publisher\":{\"@id\":\"https:\/\/corralonsanchezbelen.com\/#organization\"},\"potentialAction\":[{\"@type\":\"SearchAction\",\"target\":{\"@type\":\"EntryPoint\",\"urlTemplate\":\"https:\/\/corralonsanchezbelen.com\/?s={search_term_string}\"},\"query-input\":{\"@type\":\"PropertyValueSpecification\",\"valueRequired\":true,\"valueName\":\"search_term_string\"}}],\"inLanguage\":\"es\"},{\"@type\":\"Organization\",\"@id\":\"https:\/\/corralonsanchezbelen.com\/#organization\",\"name\":\"Corralon Sanchez\",\"url\":\"https:\/\/corralonsanchezbelen.com\/\",\"logo\":{\"@type\":\"ImageObject\",\"inLanguage\":\"es\",\"@id\":\"https:\/\/corralonsanchezbelen.com\/#\/schema\/logo\/image\/\",\"url\":\"https:\/\/corralonsanchezbelen.com\/wp-content\/uploads\/2024\/06\/Diseno-sin-tituloq.png\",\"contentUrl\":\"https:\/\/corralonsanchezbelen.com\/wp-content\/uploads\/2024\/06\/Diseno-sin-tituloq.png\",\"width\":1080,\"height\":1080,\"caption\":\"Corralon Sanchez\"},\"image\":{\"@id\":\"https:\/\/corralonsanchezbelen.com\/#\/schema\/logo\/image\/\"},\"sameAs\":[\"https:\/\/www.facebook.com\/corralon.sanchez.belen\",\"https:\/\/www.instagram.com\/corralon.sanchez\/\"]}]}<\/script>\n<!-- \/ Yoast SEO plugin. -->","yoast_head_json":{"title":"Hidrolavadora RE 150 - Corralon Sanchez","description":"Hidrolavadora El\u00e9ctrica Hidrolimpiadora de larga vida \u00fatil con 120 bar de presi\u00f3n de trabajo y gran comodidad de uso. Esta dirigido a usuarios semi-profesionales como peque\u00f1os talleres, comercios, jardineros, explotaciones agr\u00edcolas y usuarios particulares con alta exigencia de calidad y rendimiento. Ideal para la limpieza de peque\u00f1as industrias y talleres, maquinas, fachadas, techos, establos, tambos, veh\u00edculos particulares, casas y jardines, etc.","robots":{"index":"index","follow":"follow","max-snippet":"max-snippet:-1","max-image-preview":"max-image-preview:large","max-video-preview":"max-video-preview:-1"},"canonical":"https:\/\/corralonsanchezbelen.com\/index.php\/producto\/hidrolavadora-re-150\/","og_locale":"es_ES","og_type":"article","og_title":"Hidrolavadora RE 150 - Corralon Sanchez","og_description":"Hidrolavadora El\u00e9ctrica Hidrolimpiadora de larga vida \u00fatil con 120 bar de presi\u00f3n de trabajo y gran comodidad de uso. Esta dirigido a usuarios semi-profesionales como peque\u00f1os talleres, comercios, jardineros, explotaciones agr\u00edcolas y usuarios particulares con alta exigencia de calidad y rendimiento. Ideal para la limpieza de peque\u00f1as industrias y talleres, maquinas, fachadas, techos, establos, tambos, veh\u00edculos particulares, casas y jardines, etc.","og_url":"https:\/\/corralonsanchezbelen.com\/index.php\/producto\/hidrolavadora-re-150\/","og_site_name":"Corralon Sanchez","article_publisher":"https:\/\/www.facebook.com\/corralon.sanchez.belen","og_image":[{"width":1065,"height":1598,"url":"https:\/\/corralonsanchezbelen.com\/wp-content\/uploads\/2024\/08\/img-2.jpg","type":"image\/jpeg"}],"twitter_card":"summary_large_image","twitter_misc":{"Tiempo de lectura":"1 minuto"},"schema":{"@context":"https:\/\/schema.org","@graph":[{"@type":"WebPage","@id":"https:\/\/corralonsanchezbelen.com\/index.php\/producto\/hidrolavadora-re-150\/","url":"https:\/\/corralonsanchezbelen.com\/index.php\/producto\/hidrolavadora-re-150\/","name":"Hidrolavadora RE 150 - Corralon Sanchez","isPartOf":{"@id":"https:\/\/corralonsanchezbelen.com\/#website"},"primaryImageOfPage":{"@id":"https:\/\/corralonsanchezbelen.com\/index.php\/producto\/hidrolavadora-re-150\/#primaryimage"},"image":{"@id":"https:\/\/corralonsanchezbelen.com\/index.php\/producto\/hidrolavadora-re-150\/#primaryimage"},"thumbnailUrl":"https:\/\/corralonsanchezbelen.com\/wp-content\/uploads\/2024\/08\/img-2.jpg","datePublished":"2024-08-09T06:04:25+00:00","description":"Hidrolavadora El\u00e9ctrica Hidrolimpiadora de larga vida \u00fatil con 120 bar de presi\u00f3n de trabajo y gran comodidad de uso. Esta dirigido a usuarios semi-profesionales como peque\u00f1os talleres, comercios, jardineros, explotaciones agr\u00edcolas y usuarios particulares con alta exigencia de calidad y rendimiento. Ideal para la limpieza de peque\u00f1as industrias y talleres, maquinas, fachadas, techos, establos, tambos, veh\u00edculos particulares, casas y jardines, etc.","breadcrumb":{"@id":"https:\/\/corralonsanchezbelen.com\/index.php\/producto\/hidrolavadora-re-150\/#breadcrumb"},"inLanguage":"es","potentialAction":[{"@type":"ReadAction","target":["https:\/\/corralonsanchezbelen.com\/index.php\/producto\/hidrolavadora-re-150\/"]}]},{"@type":"ImageObject","inLanguage":"es","@id":"https:\/\/corralonsanchezbelen.com\/index.php\/producto\/hidrolavadora-re-150\/#primaryimage","url":"https:\/\/corralonsanchezbelen.com\/wp-content\/uploads\/2024\/08\/img-2.jpg","contentUrl":"https:\/\/corralonsanchezbelen.com\/wp-content\/uploads\/2024\/08\/img-2.jpg","width":1065,"height":1598},{"@type":"BreadcrumbList","@id":"https:\/\/corralonsanchezbelen.com\/index.php\/producto\/hidrolavadora-re-150\/#breadcrumb","itemListElement":[{"@type":"ListItem","position":1,"name":"Portada","item":"https:\/\/corralonsanchezbelen.com\/"},{"@type":"ListItem","position":2,"name":"Tienda","item":"https:\/\/corralonsanchezbelen.com\/index.php\/tienda-2\/"},{"@type":"ListItem","position":3,"name":"Hidrolavadora RE 150"}]},{"@type":"WebSite","@id":"https:\/\/corralonsanchezbelen.com\/#website","url":"https:\/\/corralonsanchezbelen.com\/","name":"Corralon Sanchez","description":"El maestro de la construcci\u00f3n.","publisher":{"@id":"https:\/\/corralonsanchezbelen.com\/#organization"},"potentialAction":[{"@type":"SearchAction","target":{"@type":"EntryPoint","urlTemplate":"https:\/\/corralonsanchezbelen.com\/?s={search_term_string}"},"query-input":{"@type":"PropertyValueSpecification","valueRequired":true,"valueName":"search_term_string"}}],"inLanguage":"es"},{"@type":"Organization","@id":"https:\/\/corralonsanchezbelen.com\/#organization","name":"Corralon Sanchez","url":"https:\/\/corralonsanchezbelen.com\/","logo":{"@type":"ImageObject","inLanguage":"es","@id":"https:\/\/corralonsanchezbelen.com\/#\/schema\/logo\/image\/","url":"https:\/\/corralonsanchezbelen.com\/wp-content\/uploads\/2024\/06\/Diseno-sin-tituloq.png","contentUrl":"https:\/\/corralonsanchezbelen.com\/wp-content\/uploads\/2024\/06\/Diseno-sin-tituloq.png","width":1080,"height":1080,"caption":"Corralon Sanchez"},"image":{"@id":"https:\/\/corralonsanchezbelen.com\/#\/schema\/logo\/image\/"},"sameAs":["https:\/\/www.facebook.com\/corralon.sanchez.belen","https:\/\/www.instagram.com\/corralon.sanchez\/"]}]}},"_links":{"self":[{"href":"https:\/\/corralonsanchezbelen.com\/index.php\/wp-json\/wp\/v2\/product\/3466","targetHints":{"allow":["GET"]}}],"collection":[{"href":"https:\/\/corralonsanchezbelen.com\/index.php\/wp-json\/wp\/v2\/product"}],"about":[{"href":"https:\/\/corralonsanchezbelen.com\/index.php\/wp-json\/wp\/v2\/types\/product"}],"replies":[{"embeddable":true,"href":"https:\/\/corralonsanchezbelen.com\/index.php\/wp-json\/wp\/v2\/comments?post=3466"}],"wp:featuredmedia":[{"embeddable":true,"href":"https:\/\/corralonsanchezbelen.com\/index.php\/wp-json\/wp\/v2\/media\/3467"}],"wp:attachment":[{"href":"https:\/\/corralonsanchezbelen.com\/index.php\/wp-json\/wp\/v2\/media?parent=3466"}],"wp:term":[{"taxonomy":"product_brand","embeddable":true,"href":"https:\/\/corralonsanchezbelen.com\/index.php\/wp-json\/wp\/v2\/product_brand?post=3466"},{"taxonomy":"product_cat","embeddable":true,"href":"https:\/\/corralonsanchezbelen.com\/index.php\/wp-json\/wp\/v2\/product_cat?post=3466"},{"taxonomy":"product_tag","embeddable":true,"href":"https:\/\/corralonsanchezbelen.com\/index.php\/wp-json\/wp\/v2\/product_tag?post=3466"}],"curies":[{"name":"wp","href":"https:\/\/api.w.org\/{rel}","templated":true}]}}