{"id":3451,"date":"2024-08-09T02:48:47","date_gmt":"2024-08-09T05:48:47","guid":{"rendered":"https:\/\/corralonsanchezbelen.com\/?post_type=product&#038;p=3451"},"modified":"2024-08-09T02:48:48","modified_gmt":"2024-08-09T05:48:48","slug":"cortacano-tubo-3-29-mm-tijera-corte-radial-cobre-aluminio","status":"publish","type":"product","link":"https:\/\/corralonsanchezbelen.com\/index.php\/producto\/cortacano-tubo-3-29-mm-tijera-corte-radial-cobre-aluminio\/","title":{"rendered":"Cortaca\u00f1o Tubo 3-29 Mm Tijera Corte Radial Cobre Aluminio"},"content":{"rendered":"<p>DETALLE<br \/>\n\u2022 Dise\u00f1o robusto y ergon\u00f3mico<br \/>\n\u2022 Cuchilla de acero de alta aleaci\u00f3n de mayor di\u00e1metro y duraci\u00f3n<br \/>\n\u2022 Cortes limpios en tubos de cobre, lat\u00f3n y aluminio<br \/>\n\u2022 Removedor de rebabas retr\u00e1ctil<br \/>\n\u2022 Cuchilla de repuesto que se puede guardar en la perilla<\/p>\n","protected":false},"excerpt":{"rendered":"<h2 class=\"ui-pdp-description__title\">Descripci\u00f3n<\/h2>\n<p class=\"ui-pdp-description__content\">CONTENIDO DE LA PUBLICACI\u00d3N<br \/>\n\u2022 Corta tubo Truper Linea Expert<\/p>\n<p>CARACTER\u00cdSTICAS<br \/>\n\u2022 Capacidad de corte: 1\/8\u00bb &#8211; 1 1\/8\u00bb (3-29mm)<br \/>\n\u2022 Di\u00e1metro de cuchillas: 20 mm<br \/>\n\u2022 Empaque: Tarjeta pl\u00e1stica<br \/>\n\u2022 Espesor de cuchillas: 6.5 mm<br \/>\n\u2022 Longitud: 148 mm<br \/>\n\u2022 Peso: 408g<\/p>\n","protected":false},"featured_media":3454,"comment_status":"open","ping_status":"closed","template":"","meta":[],"product_brand":[],"product_cat":[149,74],"product_tag":[150],"class_list":{"0":"post-3451","1":"product","2":"type-product","3":"status-publish","4":"has-post-thumbnail","6":"product_cat-lusqtoff","7":"product_cat-productos","8":"product_tag-lusqtoff","10":"first","11":"instock","12":"taxable","13":"shipping-taxable","14":"product-type-simple"},"yoast_head":"<!-- This site is optimized with the Yoast SEO plugin v24.7 - https:\/\/yoast.com\/wordpress\/plugins\/seo\/ -->\n<title>Cortaca\u00f1o Tubo 3-29 Mm Tijera Corte Radial Cobre Aluminio - Corralon Sanchez<\/title>\n<meta name=\"description\" content=\"Descripci\u00f3n CONTENIDO DE LA PUBLICACI\u00d3N \u2022 Corta tubo Truper Linea Expert  CARACTER\u00cdSTICAS \u2022 Capacidad de corte: 1\/8&#039;&#039; - 1 1\/8&#039;&#039; (3-29mm) \u2022 Di\u00e1metro de cuchillas: 20 mm \u2022 Empaque: Tarjeta pl\u00e1stica \u2022 Espesor de cuchillas: 6.5 mm \u2022 Longitud: 148 mm \u2022 Peso: 408g\" \/>\n<meta name=\"robots\" content=\"index, follow, max-snippet:-1, max-image-preview:large, max-video-preview:-1\" \/>\n<link rel=\"canonical\" href=\"https:\/\/corralonsanchezbelen.com\/index.php\/producto\/cortacano-tubo-3-29-mm-tijera-corte-radial-cobre-aluminio\/\" \/>\n<meta property=\"og:locale\" content=\"es_ES\" \/>\n<meta property=\"og:type\" content=\"article\" \/>\n<meta property=\"og:title\" content=\"Cortaca\u00f1o Tubo 3-29 Mm Tijera Corte Radial Cobre Aluminio - Corralon Sanchez\" \/>\n<meta property=\"og:description\" content=\"Descripci\u00f3n CONTENIDO DE LA PUBLICACI\u00d3N \u2022 Corta tubo Truper Linea Expert  CARACTER\u00cdSTICAS \u2022 Capacidad de corte: 1\/8&#039;&#039; - 1 1\/8&#039;&#039; (3-29mm) \u2022 Di\u00e1metro de cuchillas: 20 mm \u2022 Empaque: Tarjeta pl\u00e1stica \u2022 Espesor de cuchillas: 6.5 mm \u2022 Longitud: 148 mm \u2022 Peso: 408g\" \/>\n<meta property=\"og:url\" content=\"https:\/\/corralonsanchezbelen.com\/index.php\/producto\/cortacano-tubo-3-29-mm-tijera-corte-radial-cobre-aluminio\/\" \/>\n<meta property=\"og:site_name\" content=\"Corralon Sanchez\" \/>\n<meta property=\"article:publisher\" content=\"https:\/\/www.facebook.com\/corralon.sanchez.belen\" \/>\n<meta property=\"article:modified_time\" content=\"2024-08-09T05:48:48+00:00\" \/>\n<meta property=\"og:image\" content=\"https:\/\/corralonsanchezbelen.com\/wp-content\/uploads\/2024\/08\/D_NQ_NP_978601-MLU70875807840_082023-O.webp\" \/>\n\t<meta property=\"og:image:width\" content=\"500\" \/>\n\t<meta property=\"og:image:height\" content=\"407\" \/>\n\t<meta property=\"og:image:type\" content=\"image\/webp\" \/>\n<meta name=\"twitter:card\" content=\"summary_large_image\" \/>\n<meta name=\"twitter:label1\" content=\"Tiempo de lectura\" \/>\n\t<meta name=\"twitter:data1\" content=\"1 minuto\" \/>\n<script type=\"application\/ld+json\" class=\"yoast-schema-graph\">{\"@context\":\"https:\/\/schema.org\",\"@graph\":[{\"@type\":\"WebPage\",\"@id\":\"https:\/\/corralonsanchezbelen.com\/index.php\/producto\/cortacano-tubo-3-29-mm-tijera-corte-radial-cobre-aluminio\/\",\"url\":\"https:\/\/corralonsanchezbelen.com\/index.php\/producto\/cortacano-tubo-3-29-mm-tijera-corte-radial-cobre-aluminio\/\",\"name\":\"Cortaca\u00f1o Tubo 3-29 Mm Tijera Corte Radial Cobre Aluminio - Corralon Sanchez\",\"isPartOf\":{\"@id\":\"https:\/\/corralonsanchezbelen.com\/#website\"},\"primaryImageOfPage\":{\"@id\":\"https:\/\/corralonsanchezbelen.com\/index.php\/producto\/cortacano-tubo-3-29-mm-tijera-corte-radial-cobre-aluminio\/#primaryimage\"},\"image\":{\"@id\":\"https:\/\/corralonsanchezbelen.com\/index.php\/producto\/cortacano-tubo-3-29-mm-tijera-corte-radial-cobre-aluminio\/#primaryimage\"},\"thumbnailUrl\":\"https:\/\/corralonsanchezbelen.com\/wp-content\/uploads\/2024\/08\/D_NQ_NP_978601-MLU70875807840_082023-O.webp\",\"datePublished\":\"2024-08-09T05:48:47+00:00\",\"dateModified\":\"2024-08-09T05:48:48+00:00\",\"description\":\"Descripci\u00f3n CONTENIDO DE LA PUBLICACI\u00d3N \u2022 Corta tubo Truper Linea Expert CARACTER\u00cdSTICAS \u2022 Capacidad de corte: 1\/8'' - 1 1\/8'' (3-29mm) \u2022 Di\u00e1metro de cuchillas: 20 mm \u2022 Empaque: Tarjeta pl\u00e1stica \u2022 Espesor de cuchillas: 6.5 mm \u2022 Longitud: 148 mm \u2022 Peso: 408g\",\"breadcrumb\":{\"@id\":\"https:\/\/corralonsanchezbelen.com\/index.php\/producto\/cortacano-tubo-3-29-mm-tijera-corte-radial-cobre-aluminio\/#breadcrumb\"},\"inLanguage\":\"es\",\"potentialAction\":[{\"@type\":\"ReadAction\",\"target\":[\"https:\/\/corralonsanchezbelen.com\/index.php\/producto\/cortacano-tubo-3-29-mm-tijera-corte-radial-cobre-aluminio\/\"]}]},{\"@type\":\"ImageObject\",\"inLanguage\":\"es\",\"@id\":\"https:\/\/corralonsanchezbelen.com\/index.php\/producto\/cortacano-tubo-3-29-mm-tijera-corte-radial-cobre-aluminio\/#primaryimage\",\"url\":\"https:\/\/corralonsanchezbelen.com\/wp-content\/uploads\/2024\/08\/D_NQ_NP_978601-MLU70875807840_082023-O.webp\",\"contentUrl\":\"https:\/\/corralonsanchezbelen.com\/wp-content\/uploads\/2024\/08\/D_NQ_NP_978601-MLU70875807840_082023-O.webp\",\"width\":500,\"height\":407},{\"@type\":\"BreadcrumbList\",\"@id\":\"https:\/\/corralonsanchezbelen.com\/index.php\/producto\/cortacano-tubo-3-29-mm-tijera-corte-radial-cobre-aluminio\/#breadcrumb\",\"itemListElement\":[{\"@type\":\"ListItem\",\"position\":1,\"name\":\"Portada\",\"item\":\"https:\/\/corralonsanchezbelen.com\/\"},{\"@type\":\"ListItem\",\"position\":2,\"name\":\"Tienda\",\"item\":\"https:\/\/corralonsanchezbelen.com\/index.php\/tienda-2\/\"},{\"@type\":\"ListItem\",\"position\":3,\"name\":\"Cortaca\u00f1o Tubo 3-29 Mm Tijera Corte Radial Cobre Aluminio\"}]},{\"@type\":\"WebSite\",\"@id\":\"https:\/\/corralonsanchezbelen.com\/#website\",\"url\":\"https:\/\/corralonsanchezbelen.com\/\",\"name\":\"Corralon Sanchez\",\"description\":\"El maestro de la construcci\u00f3n.\",\"publisher\":{\"@id\":\"https:\/\/corralonsanchezbelen.com\/#organization\"},\"potentialAction\":[{\"@type\":\"SearchAction\",\"target\":{\"@type\":\"EntryPoint\",\"urlTemplate\":\"https:\/\/corralonsanchezbelen.com\/?s={search_term_string}\"},\"query-input\":{\"@type\":\"PropertyValueSpecification\",\"valueRequired\":true,\"valueName\":\"search_term_string\"}}],\"inLanguage\":\"es\"},{\"@type\":\"Organization\",\"@id\":\"https:\/\/corralonsanchezbelen.com\/#organization\",\"name\":\"Corralon Sanchez\",\"url\":\"https:\/\/corralonsanchezbelen.com\/\",\"logo\":{\"@type\":\"ImageObject\",\"inLanguage\":\"es\",\"@id\":\"https:\/\/corralonsanchezbelen.com\/#\/schema\/logo\/image\/\",\"url\":\"https:\/\/corralonsanchezbelen.com\/wp-content\/uploads\/2024\/06\/Diseno-sin-tituloq.png\",\"contentUrl\":\"https:\/\/corralonsanchezbelen.com\/wp-content\/uploads\/2024\/06\/Diseno-sin-tituloq.png\",\"width\":1080,\"height\":1080,\"caption\":\"Corralon Sanchez\"},\"image\":{\"@id\":\"https:\/\/corralonsanchezbelen.com\/#\/schema\/logo\/image\/\"},\"sameAs\":[\"https:\/\/www.facebook.com\/corralon.sanchez.belen\",\"https:\/\/www.instagram.com\/corralon.sanchez\/\"]}]}<\/script>\n<!-- \/ Yoast SEO plugin. -->","yoast_head_json":{"title":"Cortaca\u00f1o Tubo 3-29 Mm Tijera Corte Radial Cobre Aluminio - Corralon Sanchez","description":"Descripci\u00f3n CONTENIDO DE LA PUBLICACI\u00d3N \u2022 Corta tubo Truper Linea Expert  CARACTER\u00cdSTICAS \u2022 Capacidad de corte: 1\/8'' - 1 1\/8'' (3-29mm) \u2022 Di\u00e1metro de cuchillas: 20 mm \u2022 Empaque: Tarjeta pl\u00e1stica \u2022 Espesor de cuchillas: 6.5 mm \u2022 Longitud: 148 mm \u2022 Peso: 408g","robots":{"index":"index","follow":"follow","max-snippet":"max-snippet:-1","max-image-preview":"max-image-preview:large","max-video-preview":"max-video-preview:-1"},"canonical":"https:\/\/corralonsanchezbelen.com\/index.php\/producto\/cortacano-tubo-3-29-mm-tijera-corte-radial-cobre-aluminio\/","og_locale":"es_ES","og_type":"article","og_title":"Cortaca\u00f1o Tubo 3-29 Mm Tijera Corte Radial Cobre Aluminio - Corralon Sanchez","og_description":"Descripci\u00f3n CONTENIDO DE LA PUBLICACI\u00d3N \u2022 Corta tubo Truper Linea Expert  CARACTER\u00cdSTICAS \u2022 Capacidad de corte: 1\/8'' - 1 1\/8'' (3-29mm) \u2022 Di\u00e1metro de cuchillas: 20 mm \u2022 Empaque: Tarjeta pl\u00e1stica \u2022 Espesor de cuchillas: 6.5 mm \u2022 Longitud: 148 mm \u2022 Peso: 408g","og_url":"https:\/\/corralonsanchezbelen.com\/index.php\/producto\/cortacano-tubo-3-29-mm-tijera-corte-radial-cobre-aluminio\/","og_site_name":"Corralon Sanchez","article_publisher":"https:\/\/www.facebook.com\/corralon.sanchez.belen","article_modified_time":"2024-08-09T05:48:48+00:00","og_image":[{"width":500,"height":407,"url":"https:\/\/corralonsanchezbelen.com\/wp-content\/uploads\/2024\/08\/D_NQ_NP_978601-MLU70875807840_082023-O.webp","type":"image\/webp"}],"twitter_card":"summary_large_image","twitter_misc":{"Tiempo de lectura":"1 minuto"},"schema":{"@context":"https:\/\/schema.org","@graph":[{"@type":"WebPage","@id":"https:\/\/corralonsanchezbelen.com\/index.php\/producto\/cortacano-tubo-3-29-mm-tijera-corte-radial-cobre-aluminio\/","url":"https:\/\/corralonsanchezbelen.com\/index.php\/producto\/cortacano-tubo-3-29-mm-tijera-corte-radial-cobre-aluminio\/","name":"Cortaca\u00f1o Tubo 3-29 Mm Tijera Corte Radial Cobre Aluminio - Corralon Sanchez","isPartOf":{"@id":"https:\/\/corralonsanchezbelen.com\/#website"},"primaryImageOfPage":{"@id":"https:\/\/corralonsanchezbelen.com\/index.php\/producto\/cortacano-tubo-3-29-mm-tijera-corte-radial-cobre-aluminio\/#primaryimage"},"image":{"@id":"https:\/\/corralonsanchezbelen.com\/index.php\/producto\/cortacano-tubo-3-29-mm-tijera-corte-radial-cobre-aluminio\/#primaryimage"},"thumbnailUrl":"https:\/\/corralonsanchezbelen.com\/wp-content\/uploads\/2024\/08\/D_NQ_NP_978601-MLU70875807840_082023-O.webp","datePublished":"2024-08-09T05:48:47+00:00","dateModified":"2024-08-09T05:48:48+00:00","description":"Descripci\u00f3n CONTENIDO DE LA PUBLICACI\u00d3N \u2022 Corta tubo Truper Linea Expert CARACTER\u00cdSTICAS \u2022 Capacidad de corte: 1\/8'' - 1 1\/8'' (3-29mm) \u2022 Di\u00e1metro de cuchillas: 20 mm \u2022 Empaque: Tarjeta pl\u00e1stica \u2022 Espesor de cuchillas: 6.5 mm \u2022 Longitud: 148 mm \u2022 Peso: 408g","breadcrumb":{"@id":"https:\/\/corralonsanchezbelen.com\/index.php\/producto\/cortacano-tubo-3-29-mm-tijera-corte-radial-cobre-aluminio\/#breadcrumb"},"inLanguage":"es","potentialAction":[{"@type":"ReadAction","target":["https:\/\/corralonsanchezbelen.com\/index.php\/producto\/cortacano-tubo-3-29-mm-tijera-corte-radial-cobre-aluminio\/"]}]},{"@type":"ImageObject","inLanguage":"es","@id":"https:\/\/corralonsanchezbelen.com\/index.php\/producto\/cortacano-tubo-3-29-mm-tijera-corte-radial-cobre-aluminio\/#primaryimage","url":"https:\/\/corralonsanchezbelen.com\/wp-content\/uploads\/2024\/08\/D_NQ_NP_978601-MLU70875807840_082023-O.webp","contentUrl":"https:\/\/corralonsanchezbelen.com\/wp-content\/uploads\/2024\/08\/D_NQ_NP_978601-MLU70875807840_082023-O.webp","width":500,"height":407},{"@type":"BreadcrumbList","@id":"https:\/\/corralonsanchezbelen.com\/index.php\/producto\/cortacano-tubo-3-29-mm-tijera-corte-radial-cobre-aluminio\/#breadcrumb","itemListElement":[{"@type":"ListItem","position":1,"name":"Portada","item":"https:\/\/corralonsanchezbelen.com\/"},{"@type":"ListItem","position":2,"name":"Tienda","item":"https:\/\/corralonsanchezbelen.com\/index.php\/tienda-2\/"},{"@type":"ListItem","position":3,"name":"Cortaca\u00f1o Tubo 3-29 Mm Tijera Corte Radial Cobre Aluminio"}]},{"@type":"WebSite","@id":"https:\/\/corralonsanchezbelen.com\/#website","url":"https:\/\/corralonsanchezbelen.com\/","name":"Corralon Sanchez","description":"El maestro de la construcci\u00f3n.","publisher":{"@id":"https:\/\/corralonsanchezbelen.com\/#organization"},"potentialAction":[{"@type":"SearchAction","target":{"@type":"EntryPoint","urlTemplate":"https:\/\/corralonsanchezbelen.com\/?s={search_term_string}"},"query-input":{"@type":"PropertyValueSpecification","valueRequired":true,"valueName":"search_term_string"}}],"inLanguage":"es"},{"@type":"Organization","@id":"https:\/\/corralonsanchezbelen.com\/#organization","name":"Corralon Sanchez","url":"https:\/\/corralonsanchezbelen.com\/","logo":{"@type":"ImageObject","inLanguage":"es","@id":"https:\/\/corralonsanchezbelen.com\/#\/schema\/logo\/image\/","url":"https:\/\/corralonsanchezbelen.com\/wp-content\/uploads\/2024\/06\/Diseno-sin-tituloq.png","contentUrl":"https:\/\/corralonsanchezbelen.com\/wp-content\/uploads\/2024\/06\/Diseno-sin-tituloq.png","width":1080,"height":1080,"caption":"Corralon Sanchez"},"image":{"@id":"https:\/\/corralonsanchezbelen.com\/#\/schema\/logo\/image\/"},"sameAs":["https:\/\/www.facebook.com\/corralon.sanchez.belen","https:\/\/www.instagram.com\/corralon.sanchez\/"]}]}},"_links":{"self":[{"href":"https:\/\/corralonsanchezbelen.com\/index.php\/wp-json\/wp\/v2\/product\/3451","targetHints":{"allow":["GET"]}}],"collection":[{"href":"https:\/\/corralonsanchezbelen.com\/index.php\/wp-json\/wp\/v2\/product"}],"about":[{"href":"https:\/\/corralonsanchezbelen.com\/index.php\/wp-json\/wp\/v2\/types\/product"}],"replies":[{"embeddable":true,"href":"https:\/\/corralonsanchezbelen.com\/index.php\/wp-json\/wp\/v2\/comments?post=3451"}],"wp:featuredmedia":[{"embeddable":true,"href":"https:\/\/corralonsanchezbelen.com\/index.php\/wp-json\/wp\/v2\/media\/3454"}],"wp:attachment":[{"href":"https:\/\/corralonsanchezbelen.com\/index.php\/wp-json\/wp\/v2\/media?parent=3451"}],"wp:term":[{"taxonomy":"product_brand","embeddable":true,"href":"https:\/\/corralonsanchezbelen.com\/index.php\/wp-json\/wp\/v2\/product_brand?post=3451"},{"taxonomy":"product_cat","embeddable":true,"href":"https:\/\/corralonsanchezbelen.com\/index.php\/wp-json\/wp\/v2\/product_cat?post=3451"},{"taxonomy":"product_tag","embeddable":true,"href":"https:\/\/corralonsanchezbelen.com\/index.php\/wp-json\/wp\/v2\/product_tag?post=3451"}],"curies":[{"name":"wp","href":"https:\/\/api.w.org\/{rel}","templated":true}]}}