{"id":3408,"date":"2024-08-09T02:01:47","date_gmt":"2024-08-09T05:01:47","guid":{"rendered":"https:\/\/corralonsanchezbelen.com\/?post_type=product&#038;p=3408"},"modified":"2024-08-09T02:01:47","modified_gmt":"2024-08-09T05:01:47","slug":"acanaladora-de-pared-de-muro-total-twlc1256-1500w-4-discos","status":"publish","type":"product","link":"https:\/\/corralonsanchezbelen.com\/index.php\/producto\/acanaladora-de-pared-de-muro-total-twlc1256-1500w-4-discos\/","title":{"rendered":"Acanaladora De Pared De Muro Total Twlc1256 1500w + 4 Discos"},"content":{"rendered":"","protected":false},"excerpt":{"rendered":"<div class=\"ui-pdp-container__row ui-pdp-container__row--highlighted-features-title\">\n<h2 class=\"ui-vpp-text-alignment--left ui-pdp-color--BLACK ui-pdp-size--XSMALL ui-pdp-family--SEMIBOLD highlighted-features-title\">Lo que ten\u00e9s que saber de este producto<\/h2>\n<\/div>\n<div class=\"ui-pdp-container__row ui-pdp-container__row--highlighted-features\">\n<div class=\"ui-vpp-highlighted-specs__features\">\n<ul class=\"ui-vpp-highlighted-specs__features-list\">\n<li class=\"ui-vpp-highlighted-specs__features-list-item ui-pdp-color--BLACK ui-pdp-size--XSMALL ui-pdp-family--REGULAR\">El di\u00e1metro del disco es de 125&#8243;.<\/li>\n<li class=\"ui-vpp-highlighted-specs__features-list-item ui-pdp-color--BLACK ui-pdp-size--XSMALL ui-pdp-family--REGULAR\">Profundidad m\u00e1xima de corte: 29&#8243;.<\/li>\n<li class=\"ui-vpp-highlighted-specs__features-list-item ui-pdp-color--BLACK ui-pdp-size--XSMALL ui-pdp-family--REGULAR\">El ancho m\u00e1ximo de corte es de 30mm.<\/li>\n<li class=\"ui-vpp-highlighted-specs__features-list-item ui-pdp-color--BLACK ui-pdp-size--XSMALL ui-pdp-family--REGULAR\">Tiene disco de diamante.<\/li>\n<li class=\"ui-vpp-highlighted-specs__features-list-item ui-pdp-color--BLACK ui-pdp-size--XSMALL ui-pdp-family--REGULAR\">Funciona a 220.<\/li>\n<li class=\"ui-vpp-highlighted-specs__features-list-item ui-pdp-color--BLACK ui-pdp-size--XSMALL ui-pdp-family--REGULAR\">La velocidad de rotaci\u00f3n es 10500rpm.<\/li>\n<\/ul>\n<\/div>\n<\/div>\n","protected":false},"featured_media":3409,"comment_status":"open","ping_status":"closed","template":"","meta":[],"product_brand":[],"product_cat":[129,126,124],"product_tag":[125],"class_list":{"0":"post-3408","1":"product","2":"type-product","3":"status-publish","4":"has-post-thumbnail","6":"product_cat-amoladoras","7":"product_cat-herramientas-electricas","8":"product_cat-total","9":"product_tag-total","11":"first","12":"instock","13":"taxable","14":"shipping-taxable","15":"product-type-simple"},"yoast_head":"<!-- This site is optimized with the Yoast SEO plugin v24.7 - https:\/\/yoast.com\/wordpress\/plugins\/seo\/ -->\n<title>Acanaladora De Pared De Muro Total Twlc1256 1500w + 4 Discos - Corralon Sanchez<\/title>\n<meta name=\"description\" content=\"Lo que ten\u00e9s que saber de este producto      El di\u00e1metro del disco es de 125&quot;.  Profundidad m\u00e1xima de corte: 29&quot;.  El ancho m\u00e1ximo de corte es de 30mm.  Tiene disco de diamante.  Funciona a 220.  La velocidad de rotaci\u00f3n es 10500rpm.\" \/>\n<meta name=\"robots\" content=\"index, follow, max-snippet:-1, max-image-preview:large, max-video-preview:-1\" \/>\n<link rel=\"canonical\" href=\"https:\/\/corralonsanchezbelen.com\/index.php\/producto\/acanaladora-de-pared-de-muro-total-twlc1256-1500w-4-discos\/\" \/>\n<meta property=\"og:locale\" content=\"es_ES\" \/>\n<meta property=\"og:type\" content=\"article\" \/>\n<meta property=\"og:title\" content=\"Acanaladora De Pared De Muro Total Twlc1256 1500w + 4 Discos - Corralon Sanchez\" \/>\n<meta property=\"og:description\" content=\"Lo que ten\u00e9s que saber de este producto      El di\u00e1metro del disco es de 125&quot;.  Profundidad m\u00e1xima de corte: 29&quot;.  El ancho m\u00e1ximo de corte es de 30mm.  Tiene disco de diamante.  Funciona a 220.  La velocidad de rotaci\u00f3n es 10500rpm.\" \/>\n<meta property=\"og:url\" content=\"https:\/\/corralonsanchezbelen.com\/index.php\/producto\/acanaladora-de-pared-de-muro-total-twlc1256-1500w-4-discos\/\" \/>\n<meta property=\"og:site_name\" content=\"Corralon Sanchez\" \/>\n<meta property=\"article:publisher\" content=\"https:\/\/www.facebook.com\/corralon.sanchez.belen\" \/>\n<meta property=\"og:image\" content=\"https:\/\/corralonsanchezbelen.com\/wp-content\/uploads\/2024\/08\/D_NQ_NP_815641-MLU75552021838_042024-O.webp\" \/>\n\t<meta property=\"og:image:width\" content=\"500\" \/>\n\t<meta property=\"og:image:height\" content=\"427\" \/>\n\t<meta property=\"og:image:type\" content=\"image\/webp\" \/>\n<meta name=\"twitter:card\" content=\"summary_large_image\" \/>\n<meta name=\"twitter:label1\" content=\"Tiempo de lectura\" \/>\n\t<meta name=\"twitter:data1\" content=\"1 minuto\" \/>\n<script type=\"application\/ld+json\" class=\"yoast-schema-graph\">{\"@context\":\"https:\/\/schema.org\",\"@graph\":[{\"@type\":\"WebPage\",\"@id\":\"https:\/\/corralonsanchezbelen.com\/index.php\/producto\/acanaladora-de-pared-de-muro-total-twlc1256-1500w-4-discos\/\",\"url\":\"https:\/\/corralonsanchezbelen.com\/index.php\/producto\/acanaladora-de-pared-de-muro-total-twlc1256-1500w-4-discos\/\",\"name\":\"Acanaladora De Pared De Muro Total Twlc1256 1500w + 4 Discos - Corralon Sanchez\",\"isPartOf\":{\"@id\":\"https:\/\/corralonsanchezbelen.com\/#website\"},\"primaryImageOfPage\":{\"@id\":\"https:\/\/corralonsanchezbelen.com\/index.php\/producto\/acanaladora-de-pared-de-muro-total-twlc1256-1500w-4-discos\/#primaryimage\"},\"image\":{\"@id\":\"https:\/\/corralonsanchezbelen.com\/index.php\/producto\/acanaladora-de-pared-de-muro-total-twlc1256-1500w-4-discos\/#primaryimage\"},\"thumbnailUrl\":\"https:\/\/corralonsanchezbelen.com\/wp-content\/uploads\/2024\/08\/D_NQ_NP_815641-MLU75552021838_042024-O.webp\",\"datePublished\":\"2024-08-09T05:01:47+00:00\",\"description\":\"Lo que ten\u00e9s que saber de este producto El di\u00e1metro del disco es de 125\\\". Profundidad m\u00e1xima de corte: 29\\\". El ancho m\u00e1ximo de corte es de 30mm. Tiene disco de diamante. Funciona a 220. La velocidad de rotaci\u00f3n es 10500rpm.\",\"breadcrumb\":{\"@id\":\"https:\/\/corralonsanchezbelen.com\/index.php\/producto\/acanaladora-de-pared-de-muro-total-twlc1256-1500w-4-discos\/#breadcrumb\"},\"inLanguage\":\"es\",\"potentialAction\":[{\"@type\":\"ReadAction\",\"target\":[\"https:\/\/corralonsanchezbelen.com\/index.php\/producto\/acanaladora-de-pared-de-muro-total-twlc1256-1500w-4-discos\/\"]}]},{\"@type\":\"ImageObject\",\"inLanguage\":\"es\",\"@id\":\"https:\/\/corralonsanchezbelen.com\/index.php\/producto\/acanaladora-de-pared-de-muro-total-twlc1256-1500w-4-discos\/#primaryimage\",\"url\":\"https:\/\/corralonsanchezbelen.com\/wp-content\/uploads\/2024\/08\/D_NQ_NP_815641-MLU75552021838_042024-O.webp\",\"contentUrl\":\"https:\/\/corralonsanchezbelen.com\/wp-content\/uploads\/2024\/08\/D_NQ_NP_815641-MLU75552021838_042024-O.webp\",\"width\":500,\"height\":427},{\"@type\":\"BreadcrumbList\",\"@id\":\"https:\/\/corralonsanchezbelen.com\/index.php\/producto\/acanaladora-de-pared-de-muro-total-twlc1256-1500w-4-discos\/#breadcrumb\",\"itemListElement\":[{\"@type\":\"ListItem\",\"position\":1,\"name\":\"Portada\",\"item\":\"https:\/\/corralonsanchezbelen.com\/\"},{\"@type\":\"ListItem\",\"position\":2,\"name\":\"Tienda\",\"item\":\"https:\/\/corralonsanchezbelen.com\/index.php\/tienda-2\/\"},{\"@type\":\"ListItem\",\"position\":3,\"name\":\"Acanaladora De Pared De Muro Total Twlc1256 1500w + 4 Discos\"}]},{\"@type\":\"WebSite\",\"@id\":\"https:\/\/corralonsanchezbelen.com\/#website\",\"url\":\"https:\/\/corralonsanchezbelen.com\/\",\"name\":\"Corralon Sanchez\",\"description\":\"El maestro de la construcci\u00f3n.\",\"publisher\":{\"@id\":\"https:\/\/corralonsanchezbelen.com\/#organization\"},\"potentialAction\":[{\"@type\":\"SearchAction\",\"target\":{\"@type\":\"EntryPoint\",\"urlTemplate\":\"https:\/\/corralonsanchezbelen.com\/?s={search_term_string}\"},\"query-input\":{\"@type\":\"PropertyValueSpecification\",\"valueRequired\":true,\"valueName\":\"search_term_string\"}}],\"inLanguage\":\"es\"},{\"@type\":\"Organization\",\"@id\":\"https:\/\/corralonsanchezbelen.com\/#organization\",\"name\":\"Corralon Sanchez\",\"url\":\"https:\/\/corralonsanchezbelen.com\/\",\"logo\":{\"@type\":\"ImageObject\",\"inLanguage\":\"es\",\"@id\":\"https:\/\/corralonsanchezbelen.com\/#\/schema\/logo\/image\/\",\"url\":\"https:\/\/corralonsanchezbelen.com\/wp-content\/uploads\/2024\/06\/Diseno-sin-tituloq.png\",\"contentUrl\":\"https:\/\/corralonsanchezbelen.com\/wp-content\/uploads\/2024\/06\/Diseno-sin-tituloq.png\",\"width\":1080,\"height\":1080,\"caption\":\"Corralon Sanchez\"},\"image\":{\"@id\":\"https:\/\/corralonsanchezbelen.com\/#\/schema\/logo\/image\/\"},\"sameAs\":[\"https:\/\/www.facebook.com\/corralon.sanchez.belen\",\"https:\/\/www.instagram.com\/corralon.sanchez\/\"]}]}<\/script>\n<!-- \/ Yoast SEO plugin. -->","yoast_head_json":{"title":"Acanaladora De Pared De Muro Total Twlc1256 1500w + 4 Discos - Corralon Sanchez","description":"Lo que ten\u00e9s que saber de este producto      El di\u00e1metro del disco es de 125\".  Profundidad m\u00e1xima de corte: 29\".  El ancho m\u00e1ximo de corte es de 30mm.  Tiene disco de diamante.  Funciona a 220.  La velocidad de rotaci\u00f3n es 10500rpm.","robots":{"index":"index","follow":"follow","max-snippet":"max-snippet:-1","max-image-preview":"max-image-preview:large","max-video-preview":"max-video-preview:-1"},"canonical":"https:\/\/corralonsanchezbelen.com\/index.php\/producto\/acanaladora-de-pared-de-muro-total-twlc1256-1500w-4-discos\/","og_locale":"es_ES","og_type":"article","og_title":"Acanaladora De Pared De Muro Total Twlc1256 1500w + 4 Discos - Corralon Sanchez","og_description":"Lo que ten\u00e9s que saber de este producto      El di\u00e1metro del disco es de 125\".  Profundidad m\u00e1xima de corte: 29\".  El ancho m\u00e1ximo de corte es de 30mm.  Tiene disco de diamante.  Funciona a 220.  La velocidad de rotaci\u00f3n es 10500rpm.","og_url":"https:\/\/corralonsanchezbelen.com\/index.php\/producto\/acanaladora-de-pared-de-muro-total-twlc1256-1500w-4-discos\/","og_site_name":"Corralon Sanchez","article_publisher":"https:\/\/www.facebook.com\/corralon.sanchez.belen","og_image":[{"width":500,"height":427,"url":"https:\/\/corralonsanchezbelen.com\/wp-content\/uploads\/2024\/08\/D_NQ_NP_815641-MLU75552021838_042024-O.webp","type":"image\/webp"}],"twitter_card":"summary_large_image","twitter_misc":{"Tiempo de lectura":"1 minuto"},"schema":{"@context":"https:\/\/schema.org","@graph":[{"@type":"WebPage","@id":"https:\/\/corralonsanchezbelen.com\/index.php\/producto\/acanaladora-de-pared-de-muro-total-twlc1256-1500w-4-discos\/","url":"https:\/\/corralonsanchezbelen.com\/index.php\/producto\/acanaladora-de-pared-de-muro-total-twlc1256-1500w-4-discos\/","name":"Acanaladora De Pared De Muro Total Twlc1256 1500w + 4 Discos - Corralon Sanchez","isPartOf":{"@id":"https:\/\/corralonsanchezbelen.com\/#website"},"primaryImageOfPage":{"@id":"https:\/\/corralonsanchezbelen.com\/index.php\/producto\/acanaladora-de-pared-de-muro-total-twlc1256-1500w-4-discos\/#primaryimage"},"image":{"@id":"https:\/\/corralonsanchezbelen.com\/index.php\/producto\/acanaladora-de-pared-de-muro-total-twlc1256-1500w-4-discos\/#primaryimage"},"thumbnailUrl":"https:\/\/corralonsanchezbelen.com\/wp-content\/uploads\/2024\/08\/D_NQ_NP_815641-MLU75552021838_042024-O.webp","datePublished":"2024-08-09T05:01:47+00:00","description":"Lo que ten\u00e9s que saber de este producto El di\u00e1metro del disco es de 125\". Profundidad m\u00e1xima de corte: 29\". El ancho m\u00e1ximo de corte es de 30mm. Tiene disco de diamante. Funciona a 220. La velocidad de rotaci\u00f3n es 10500rpm.","breadcrumb":{"@id":"https:\/\/corralonsanchezbelen.com\/index.php\/producto\/acanaladora-de-pared-de-muro-total-twlc1256-1500w-4-discos\/#breadcrumb"},"inLanguage":"es","potentialAction":[{"@type":"ReadAction","target":["https:\/\/corralonsanchezbelen.com\/index.php\/producto\/acanaladora-de-pared-de-muro-total-twlc1256-1500w-4-discos\/"]}]},{"@type":"ImageObject","inLanguage":"es","@id":"https:\/\/corralonsanchezbelen.com\/index.php\/producto\/acanaladora-de-pared-de-muro-total-twlc1256-1500w-4-discos\/#primaryimage","url":"https:\/\/corralonsanchezbelen.com\/wp-content\/uploads\/2024\/08\/D_NQ_NP_815641-MLU75552021838_042024-O.webp","contentUrl":"https:\/\/corralonsanchezbelen.com\/wp-content\/uploads\/2024\/08\/D_NQ_NP_815641-MLU75552021838_042024-O.webp","width":500,"height":427},{"@type":"BreadcrumbList","@id":"https:\/\/corralonsanchezbelen.com\/index.php\/producto\/acanaladora-de-pared-de-muro-total-twlc1256-1500w-4-discos\/#breadcrumb","itemListElement":[{"@type":"ListItem","position":1,"name":"Portada","item":"https:\/\/corralonsanchezbelen.com\/"},{"@type":"ListItem","position":2,"name":"Tienda","item":"https:\/\/corralonsanchezbelen.com\/index.php\/tienda-2\/"},{"@type":"ListItem","position":3,"name":"Acanaladora De Pared De Muro Total Twlc1256 1500w + 4 Discos"}]},{"@type":"WebSite","@id":"https:\/\/corralonsanchezbelen.com\/#website","url":"https:\/\/corralonsanchezbelen.com\/","name":"Corralon Sanchez","description":"El maestro de la construcci\u00f3n.","publisher":{"@id":"https:\/\/corralonsanchezbelen.com\/#organization"},"potentialAction":[{"@type":"SearchAction","target":{"@type":"EntryPoint","urlTemplate":"https:\/\/corralonsanchezbelen.com\/?s={search_term_string}"},"query-input":{"@type":"PropertyValueSpecification","valueRequired":true,"valueName":"search_term_string"}}],"inLanguage":"es"},{"@type":"Organization","@id":"https:\/\/corralonsanchezbelen.com\/#organization","name":"Corralon Sanchez","url":"https:\/\/corralonsanchezbelen.com\/","logo":{"@type":"ImageObject","inLanguage":"es","@id":"https:\/\/corralonsanchezbelen.com\/#\/schema\/logo\/image\/","url":"https:\/\/corralonsanchezbelen.com\/wp-content\/uploads\/2024\/06\/Diseno-sin-tituloq.png","contentUrl":"https:\/\/corralonsanchezbelen.com\/wp-content\/uploads\/2024\/06\/Diseno-sin-tituloq.png","width":1080,"height":1080,"caption":"Corralon Sanchez"},"image":{"@id":"https:\/\/corralonsanchezbelen.com\/#\/schema\/logo\/image\/"},"sameAs":["https:\/\/www.facebook.com\/corralon.sanchez.belen","https:\/\/www.instagram.com\/corralon.sanchez\/"]}]}},"_links":{"self":[{"href":"https:\/\/corralonsanchezbelen.com\/index.php\/wp-json\/wp\/v2\/product\/3408","targetHints":{"allow":["GET"]}}],"collection":[{"href":"https:\/\/corralonsanchezbelen.com\/index.php\/wp-json\/wp\/v2\/product"}],"about":[{"href":"https:\/\/corralonsanchezbelen.com\/index.php\/wp-json\/wp\/v2\/types\/product"}],"replies":[{"embeddable":true,"href":"https:\/\/corralonsanchezbelen.com\/index.php\/wp-json\/wp\/v2\/comments?post=3408"}],"wp:featuredmedia":[{"embeddable":true,"href":"https:\/\/corralonsanchezbelen.com\/index.php\/wp-json\/wp\/v2\/media\/3409"}],"wp:attachment":[{"href":"https:\/\/corralonsanchezbelen.com\/index.php\/wp-json\/wp\/v2\/media?parent=3408"}],"wp:term":[{"taxonomy":"product_brand","embeddable":true,"href":"https:\/\/corralonsanchezbelen.com\/index.php\/wp-json\/wp\/v2\/product_brand?post=3408"},{"taxonomy":"product_cat","embeddable":true,"href":"https:\/\/corralonsanchezbelen.com\/index.php\/wp-json\/wp\/v2\/product_cat?post=3408"},{"taxonomy":"product_tag","embeddable":true,"href":"https:\/\/corralonsanchezbelen.com\/index.php\/wp-json\/wp\/v2\/product_tag?post=3408"}],"curies":[{"name":"wp","href":"https:\/\/api.w.org\/{rel}","templated":true}]}}