{"id":3399,"date":"2024-08-09T01:50:16","date_gmt":"2024-08-09T04:50:16","guid":{"rendered":"https:\/\/corralonsanchezbelen.com\/?post_type=product&#038;p=3399"},"modified":"2024-08-09T01:50:16","modified_gmt":"2024-08-09T04:50:16","slug":"router-fresadora-total-1600w","status":"publish","type":"product","link":"https:\/\/corralonsanchezbelen.com\/index.php\/producto\/router-fresadora-total-1600w\/","title":{"rendered":"Router Fresadora Total 1600w"},"content":{"rendered":"<div class=\"ui-pdp-container__row ui-pdp-container__row--highlighted-features-title\">\n<h2 class=\"ui-vpp-text-alignment--left ui-pdp-color--BLACK ui-pdp-size--XSMALL ui-pdp-family--SEMIBOLD highlighted-features-title\">Lo que ten\u00e9s que saber de este producto<\/h2>\n<\/div>\n<div class=\"ui-pdp-container__row ui-pdp-container__row--highlighted-features\">\n<div class=\"ui-vpp-highlighted-specs__features\">\n<ul class=\"ui-vpp-highlighted-specs__features-list\">\n<li class=\"ui-vpp-highlighted-specs__features-list-item ui-pdp-color--BLACK ui-pdp-size--XSMALL ui-pdp-family--REGULAR\">Potente motor de 1600W para cortes precisos y suaves<\/li>\n<li class=\"ui-vpp-highlighted-specs__features-list-item ui-pdp-color--BLACK ui-pdp-size--XSMALL ui-pdp-family--REGULAR\">Velocidad de 22000 rpm para mayor eficiencia en tus trabajos<\/li>\n<li class=\"ui-vpp-highlighted-specs__features-list-item ui-pdp-color--BLACK ui-pdp-size--XSMALL ui-pdp-family--REGULAR\">Profundidad m\u00e1xima de corte de 60 mm para mayor versatilidad<\/li>\n<li class=\"ui-vpp-highlighted-specs__features-list-item ui-pdp-color--BLACK ui-pdp-size--XSMALL ui-pdp-family--REGULAR\">Incluye accesorios \u00fatiles: adaptador, gu\u00eda y carbones<\/li>\n<li class=\"ui-vpp-highlighted-specs__features-list-item ui-pdp-color--BLACK ui-pdp-size--XSMALL ui-pdp-family--REGULAR\">Ideal para proyectos de carpinter\u00eda y bricolaje en Argentina<\/li>\n<li class=\"ui-vpp-highlighted-specs__features-list-item ui-pdp-color--BLACK ui-pdp-size--XSMALL ui-pdp-family--REGULAR\">Fresadora de mano de alta calidad y rendimiento Total TR111216<\/li>\n<\/ul>\n<\/div>\n<\/div>\n","protected":false},"excerpt":{"rendered":"<h2 class=\"ui-pdp-description__title\">Descripci\u00f3n<\/h2>\n<p class=\"ui-pdp-description__content\">Router Fresadora Tupi Rebajador Total Tools TR111216 1600W De Mano Velocidad M\u00e1xima 22000 RPM Incluye Kit Accesorios Capacidad de Inmersi\u00f3n 0 60 Mm Calidad Industrial Alto Rendimiento Apto Uso Profesional<\/p>\n<p>Descripci\u00f3n:<\/p>\n<p>Con esta fresadora Total TR111216 vas a poder crear piezas de dise\u00f1o con distintas formas y tama\u00f1os.<br \/>\nPara utilizarla primero deber\u00e1s sujetar con firmeza la fresa en la pinza de la m\u00e1quina y as\u00ed regular la profundidad m\u00e1xima del fresado en funci\u00f3n del tipo de corte; por \u00faltimo, deber\u00e1s bloquear la pieza, para asegurar la exactitud.<\/p>\n<p>Cuenta con una gu\u00eda paralela perfecta para seguir tus marcas o trazos al pie de la letra. Las superficies quedar\u00e1n tan lisas, que no ser\u00e1 necesario lijarlas.<\/p>\n<p>Caracter\u00edsticas:<\/p>\n<p>\u2022 Doble empu\u00f1adura.<br \/>\n\u2022 Incluye 1 anillo adaptador, 1 gu\u00eda de aluminio, 1 juego de gu\u00eda paralela y 1 juego de carbones adicional.<br \/>\n\u2022 Calidad Industrial<\/p>\n","protected":false},"featured_media":3403,"comment_status":"open","ping_status":"closed","template":"","meta":[],"product_brand":[],"product_cat":[145,126,124],"product_tag":[125],"class_list":{"0":"post-3399","1":"product","2":"type-product","3":"status-publish","4":"has-post-thumbnail","6":"product_cat-fresadora","7":"product_cat-herramientas-electricas","8":"product_cat-total","9":"product_tag-total","11":"first","12":"instock","13":"taxable","14":"shipping-taxable","15":"product-type-simple"},"yoast_head":"<!-- This site is optimized with the Yoast SEO plugin v24.7 - https:\/\/yoast.com\/wordpress\/plugins\/seo\/ -->\n<title>Router Fresadora Total 1600w - Corralon Sanchez<\/title>\n<meta name=\"description\" content=\"Descripci\u00f3n Router Fresadora Tupi Rebajador Total Tools TR111216 1600W De Mano Velocidad M\u00e1xima 22000 RPM Incluye Kit Accesorios Capacidad de Inmersi\u00f3n 0 60 Mm Calidad Industrial Alto Rendimiento Apto Uso Profesional  Descripci\u00f3n:  Con esta fresadora Total TR111216 vas a poder crear piezas de dise\u00f1o con distintas formas y tama\u00f1os. Para utilizarla primero deber\u00e1s sujetar con firmeza la fresa en la pinza de la m\u00e1quina y as\u00ed regular la profundidad m\u00e1xima del fresado en funci\u00f3n del tipo de corte; por \u00faltimo, deber\u00e1s bloquear la pieza, para asegurar la exactitud.  Cuenta con una gu\u00eda paralela perfecta para seguir tus marcas o trazos al pie de la letra. Las superficies quedar\u00e1n tan lisas, que no ser\u00e1 necesario lijarlas.  Caracter\u00edsticas:  \u2022 Doble empu\u00f1adura. \u2022 Incluye 1 anillo adaptador, 1 gu\u00eda de aluminio, 1 juego de gu\u00eda paralela y 1 juego de carbones adicional. \u2022 Calidad Industrial\" \/>\n<meta name=\"robots\" content=\"index, follow, max-snippet:-1, max-image-preview:large, max-video-preview:-1\" \/>\n<link rel=\"canonical\" href=\"https:\/\/corralonsanchezbelen.com\/index.php\/producto\/router-fresadora-total-1600w\/\" \/>\n<meta property=\"og:locale\" content=\"es_ES\" \/>\n<meta property=\"og:type\" content=\"article\" \/>\n<meta property=\"og:title\" content=\"Router Fresadora Total 1600w - Corralon Sanchez\" \/>\n<meta property=\"og:description\" content=\"Descripci\u00f3n Router Fresadora Tupi Rebajador Total Tools TR111216 1600W De Mano Velocidad M\u00e1xima 22000 RPM Incluye Kit Accesorios Capacidad de Inmersi\u00f3n 0 60 Mm Calidad Industrial Alto Rendimiento Apto Uso Profesional  Descripci\u00f3n:  Con esta fresadora Total TR111216 vas a poder crear piezas de dise\u00f1o con distintas formas y tama\u00f1os. Para utilizarla primero deber\u00e1s sujetar con firmeza la fresa en la pinza de la m\u00e1quina y as\u00ed regular la profundidad m\u00e1xima del fresado en funci\u00f3n del tipo de corte; por \u00faltimo, deber\u00e1s bloquear la pieza, para asegurar la exactitud.  Cuenta con una gu\u00eda paralela perfecta para seguir tus marcas o trazos al pie de la letra. Las superficies quedar\u00e1n tan lisas, que no ser\u00e1 necesario lijarlas.  Caracter\u00edsticas:  \u2022 Doble empu\u00f1adura. \u2022 Incluye 1 anillo adaptador, 1 gu\u00eda de aluminio, 1 juego de gu\u00eda paralela y 1 juego de carbones adicional. \u2022 Calidad Industrial\" \/>\n<meta property=\"og:url\" content=\"https:\/\/corralonsanchezbelen.com\/index.php\/producto\/router-fresadora-total-1600w\/\" \/>\n<meta property=\"og:site_name\" content=\"Corralon Sanchez\" \/>\n<meta property=\"article:publisher\" content=\"https:\/\/www.facebook.com\/corralon.sanchez.belen\" \/>\n<meta property=\"og:image\" content=\"https:\/\/corralonsanchezbelen.com\/wp-content\/uploads\/2024\/08\/D_NQ_NP_771798-MLA43641810455_102020-O.webp\" \/>\n\t<meta property=\"og:image:width\" content=\"468\" \/>\n\t<meta property=\"og:image:height\" content=\"500\" \/>\n\t<meta property=\"og:image:type\" content=\"image\/webp\" \/>\n<meta name=\"twitter:card\" content=\"summary_large_image\" \/>\n<meta name=\"twitter:label1\" content=\"Tiempo de lectura\" \/>\n\t<meta name=\"twitter:data1\" content=\"1 minuto\" \/>\n<script type=\"application\/ld+json\" class=\"yoast-schema-graph\">{\"@context\":\"https:\/\/schema.org\",\"@graph\":[{\"@type\":\"WebPage\",\"@id\":\"https:\/\/corralonsanchezbelen.com\/index.php\/producto\/router-fresadora-total-1600w\/\",\"url\":\"https:\/\/corralonsanchezbelen.com\/index.php\/producto\/router-fresadora-total-1600w\/\",\"name\":\"Router Fresadora Total 1600w - Corralon Sanchez\",\"isPartOf\":{\"@id\":\"https:\/\/corralonsanchezbelen.com\/#website\"},\"primaryImageOfPage\":{\"@id\":\"https:\/\/corralonsanchezbelen.com\/index.php\/producto\/router-fresadora-total-1600w\/#primaryimage\"},\"image\":{\"@id\":\"https:\/\/corralonsanchezbelen.com\/index.php\/producto\/router-fresadora-total-1600w\/#primaryimage\"},\"thumbnailUrl\":\"https:\/\/corralonsanchezbelen.com\/wp-content\/uploads\/2024\/08\/D_NQ_NP_771798-MLA43641810455_102020-O.webp\",\"datePublished\":\"2024-08-09T04:50:16+00:00\",\"description\":\"Descripci\u00f3n Router Fresadora Tupi Rebajador Total Tools TR111216 1600W De Mano Velocidad M\u00e1xima 22000 RPM Incluye Kit Accesorios Capacidad de Inmersi\u00f3n 0 60 Mm Calidad Industrial Alto Rendimiento Apto Uso Profesional Descripci\u00f3n: Con esta fresadora Total TR111216 vas a poder crear piezas de dise\u00f1o con distintas formas y tama\u00f1os. Para utilizarla primero deber\u00e1s sujetar con firmeza la fresa en la pinza de la m\u00e1quina y as\u00ed regular la profundidad m\u00e1xima del fresado en funci\u00f3n del tipo de corte; por \u00faltimo, deber\u00e1s bloquear la pieza, para asegurar la exactitud. Cuenta con una gu\u00eda paralela perfecta para seguir tus marcas o trazos al pie de la letra. Las superficies quedar\u00e1n tan lisas, que no ser\u00e1 necesario lijarlas. Caracter\u00edsticas: \u2022 Doble empu\u00f1adura. \u2022 Incluye 1 anillo adaptador, 1 gu\u00eda de aluminio, 1 juego de gu\u00eda paralela y 1 juego de carbones adicional. \u2022 Calidad Industrial\",\"breadcrumb\":{\"@id\":\"https:\/\/corralonsanchezbelen.com\/index.php\/producto\/router-fresadora-total-1600w\/#breadcrumb\"},\"inLanguage\":\"es\",\"potentialAction\":[{\"@type\":\"ReadAction\",\"target\":[\"https:\/\/corralonsanchezbelen.com\/index.php\/producto\/router-fresadora-total-1600w\/\"]}]},{\"@type\":\"ImageObject\",\"inLanguage\":\"es\",\"@id\":\"https:\/\/corralonsanchezbelen.com\/index.php\/producto\/router-fresadora-total-1600w\/#primaryimage\",\"url\":\"https:\/\/corralonsanchezbelen.com\/wp-content\/uploads\/2024\/08\/D_NQ_NP_771798-MLA43641810455_102020-O.webp\",\"contentUrl\":\"https:\/\/corralonsanchezbelen.com\/wp-content\/uploads\/2024\/08\/D_NQ_NP_771798-MLA43641810455_102020-O.webp\",\"width\":468,\"height\":500},{\"@type\":\"BreadcrumbList\",\"@id\":\"https:\/\/corralonsanchezbelen.com\/index.php\/producto\/router-fresadora-total-1600w\/#breadcrumb\",\"itemListElement\":[{\"@type\":\"ListItem\",\"position\":1,\"name\":\"Portada\",\"item\":\"https:\/\/corralonsanchezbelen.com\/\"},{\"@type\":\"ListItem\",\"position\":2,\"name\":\"Tienda\",\"item\":\"https:\/\/corralonsanchezbelen.com\/index.php\/tienda-2\/\"},{\"@type\":\"ListItem\",\"position\":3,\"name\":\"Router Fresadora Total 1600w\"}]},{\"@type\":\"WebSite\",\"@id\":\"https:\/\/corralonsanchezbelen.com\/#website\",\"url\":\"https:\/\/corralonsanchezbelen.com\/\",\"name\":\"Corralon Sanchez\",\"description\":\"El maestro de la construcci\u00f3n.\",\"publisher\":{\"@id\":\"https:\/\/corralonsanchezbelen.com\/#organization\"},\"potentialAction\":[{\"@type\":\"SearchAction\",\"target\":{\"@type\":\"EntryPoint\",\"urlTemplate\":\"https:\/\/corralonsanchezbelen.com\/?s={search_term_string}\"},\"query-input\":{\"@type\":\"PropertyValueSpecification\",\"valueRequired\":true,\"valueName\":\"search_term_string\"}}],\"inLanguage\":\"es\"},{\"@type\":\"Organization\",\"@id\":\"https:\/\/corralonsanchezbelen.com\/#organization\",\"name\":\"Corralon Sanchez\",\"url\":\"https:\/\/corralonsanchezbelen.com\/\",\"logo\":{\"@type\":\"ImageObject\",\"inLanguage\":\"es\",\"@id\":\"https:\/\/corralonsanchezbelen.com\/#\/schema\/logo\/image\/\",\"url\":\"https:\/\/corralonsanchezbelen.com\/wp-content\/uploads\/2024\/06\/Diseno-sin-tituloq.png\",\"contentUrl\":\"https:\/\/corralonsanchezbelen.com\/wp-content\/uploads\/2024\/06\/Diseno-sin-tituloq.png\",\"width\":1080,\"height\":1080,\"caption\":\"Corralon Sanchez\"},\"image\":{\"@id\":\"https:\/\/corralonsanchezbelen.com\/#\/schema\/logo\/image\/\"},\"sameAs\":[\"https:\/\/www.facebook.com\/corralon.sanchez.belen\",\"https:\/\/www.instagram.com\/corralon.sanchez\/\"]}]}<\/script>\n<!-- \/ Yoast SEO plugin. -->","yoast_head_json":{"title":"Router Fresadora Total 1600w - Corralon Sanchez","description":"Descripci\u00f3n Router Fresadora Tupi Rebajador Total Tools TR111216 1600W De Mano Velocidad M\u00e1xima 22000 RPM Incluye Kit Accesorios Capacidad de Inmersi\u00f3n 0 60 Mm Calidad Industrial Alto Rendimiento Apto Uso Profesional  Descripci\u00f3n:  Con esta fresadora Total TR111216 vas a poder crear piezas de dise\u00f1o con distintas formas y tama\u00f1os. Para utilizarla primero deber\u00e1s sujetar con firmeza la fresa en la pinza de la m\u00e1quina y as\u00ed regular la profundidad m\u00e1xima del fresado en funci\u00f3n del tipo de corte; por \u00faltimo, deber\u00e1s bloquear la pieza, para asegurar la exactitud.  Cuenta con una gu\u00eda paralela perfecta para seguir tus marcas o trazos al pie de la letra. Las superficies quedar\u00e1n tan lisas, que no ser\u00e1 necesario lijarlas.  Caracter\u00edsticas:  \u2022 Doble empu\u00f1adura. \u2022 Incluye 1 anillo adaptador, 1 gu\u00eda de aluminio, 1 juego de gu\u00eda paralela y 1 juego de carbones adicional. \u2022 Calidad Industrial","robots":{"index":"index","follow":"follow","max-snippet":"max-snippet:-1","max-image-preview":"max-image-preview:large","max-video-preview":"max-video-preview:-1"},"canonical":"https:\/\/corralonsanchezbelen.com\/index.php\/producto\/router-fresadora-total-1600w\/","og_locale":"es_ES","og_type":"article","og_title":"Router Fresadora Total 1600w - Corralon Sanchez","og_description":"Descripci\u00f3n Router Fresadora Tupi Rebajador Total Tools TR111216 1600W De Mano Velocidad M\u00e1xima 22000 RPM Incluye Kit Accesorios Capacidad de Inmersi\u00f3n 0 60 Mm Calidad Industrial Alto Rendimiento Apto Uso Profesional  Descripci\u00f3n:  Con esta fresadora Total TR111216 vas a poder crear piezas de dise\u00f1o con distintas formas y tama\u00f1os. Para utilizarla primero deber\u00e1s sujetar con firmeza la fresa en la pinza de la m\u00e1quina y as\u00ed regular la profundidad m\u00e1xima del fresado en funci\u00f3n del tipo de corte; por \u00faltimo, deber\u00e1s bloquear la pieza, para asegurar la exactitud.  Cuenta con una gu\u00eda paralela perfecta para seguir tus marcas o trazos al pie de la letra. Las superficies quedar\u00e1n tan lisas, que no ser\u00e1 necesario lijarlas.  Caracter\u00edsticas:  \u2022 Doble empu\u00f1adura. \u2022 Incluye 1 anillo adaptador, 1 gu\u00eda de aluminio, 1 juego de gu\u00eda paralela y 1 juego de carbones adicional. \u2022 Calidad Industrial","og_url":"https:\/\/corralonsanchezbelen.com\/index.php\/producto\/router-fresadora-total-1600w\/","og_site_name":"Corralon Sanchez","article_publisher":"https:\/\/www.facebook.com\/corralon.sanchez.belen","og_image":[{"width":468,"height":500,"url":"https:\/\/corralonsanchezbelen.com\/wp-content\/uploads\/2024\/08\/D_NQ_NP_771798-MLA43641810455_102020-O.webp","type":"image\/webp"}],"twitter_card":"summary_large_image","twitter_misc":{"Tiempo de lectura":"1 minuto"},"schema":{"@context":"https:\/\/schema.org","@graph":[{"@type":"WebPage","@id":"https:\/\/corralonsanchezbelen.com\/index.php\/producto\/router-fresadora-total-1600w\/","url":"https:\/\/corralonsanchezbelen.com\/index.php\/producto\/router-fresadora-total-1600w\/","name":"Router Fresadora Total 1600w - Corralon Sanchez","isPartOf":{"@id":"https:\/\/corralonsanchezbelen.com\/#website"},"primaryImageOfPage":{"@id":"https:\/\/corralonsanchezbelen.com\/index.php\/producto\/router-fresadora-total-1600w\/#primaryimage"},"image":{"@id":"https:\/\/corralonsanchezbelen.com\/index.php\/producto\/router-fresadora-total-1600w\/#primaryimage"},"thumbnailUrl":"https:\/\/corralonsanchezbelen.com\/wp-content\/uploads\/2024\/08\/D_NQ_NP_771798-MLA43641810455_102020-O.webp","datePublished":"2024-08-09T04:50:16+00:00","description":"Descripci\u00f3n Router Fresadora Tupi Rebajador Total Tools TR111216 1600W De Mano Velocidad M\u00e1xima 22000 RPM Incluye Kit Accesorios Capacidad de Inmersi\u00f3n 0 60 Mm Calidad Industrial Alto Rendimiento Apto Uso Profesional Descripci\u00f3n: Con esta fresadora Total TR111216 vas a poder crear piezas de dise\u00f1o con distintas formas y tama\u00f1os. Para utilizarla primero deber\u00e1s sujetar con firmeza la fresa en la pinza de la m\u00e1quina y as\u00ed regular la profundidad m\u00e1xima del fresado en funci\u00f3n del tipo de corte; por \u00faltimo, deber\u00e1s bloquear la pieza, para asegurar la exactitud. Cuenta con una gu\u00eda paralela perfecta para seguir tus marcas o trazos al pie de la letra. Las superficies quedar\u00e1n tan lisas, que no ser\u00e1 necesario lijarlas. Caracter\u00edsticas: \u2022 Doble empu\u00f1adura. \u2022 Incluye 1 anillo adaptador, 1 gu\u00eda de aluminio, 1 juego de gu\u00eda paralela y 1 juego de carbones adicional. \u2022 Calidad Industrial","breadcrumb":{"@id":"https:\/\/corralonsanchezbelen.com\/index.php\/producto\/router-fresadora-total-1600w\/#breadcrumb"},"inLanguage":"es","potentialAction":[{"@type":"ReadAction","target":["https:\/\/corralonsanchezbelen.com\/index.php\/producto\/router-fresadora-total-1600w\/"]}]},{"@type":"ImageObject","inLanguage":"es","@id":"https:\/\/corralonsanchezbelen.com\/index.php\/producto\/router-fresadora-total-1600w\/#primaryimage","url":"https:\/\/corralonsanchezbelen.com\/wp-content\/uploads\/2024\/08\/D_NQ_NP_771798-MLA43641810455_102020-O.webp","contentUrl":"https:\/\/corralonsanchezbelen.com\/wp-content\/uploads\/2024\/08\/D_NQ_NP_771798-MLA43641810455_102020-O.webp","width":468,"height":500},{"@type":"BreadcrumbList","@id":"https:\/\/corralonsanchezbelen.com\/index.php\/producto\/router-fresadora-total-1600w\/#breadcrumb","itemListElement":[{"@type":"ListItem","position":1,"name":"Portada","item":"https:\/\/corralonsanchezbelen.com\/"},{"@type":"ListItem","position":2,"name":"Tienda","item":"https:\/\/corralonsanchezbelen.com\/index.php\/tienda-2\/"},{"@type":"ListItem","position":3,"name":"Router Fresadora Total 1600w"}]},{"@type":"WebSite","@id":"https:\/\/corralonsanchezbelen.com\/#website","url":"https:\/\/corralonsanchezbelen.com\/","name":"Corralon Sanchez","description":"El maestro de la construcci\u00f3n.","publisher":{"@id":"https:\/\/corralonsanchezbelen.com\/#organization"},"potentialAction":[{"@type":"SearchAction","target":{"@type":"EntryPoint","urlTemplate":"https:\/\/corralonsanchezbelen.com\/?s={search_term_string}"},"query-input":{"@type":"PropertyValueSpecification","valueRequired":true,"valueName":"search_term_string"}}],"inLanguage":"es"},{"@type":"Organization","@id":"https:\/\/corralonsanchezbelen.com\/#organization","name":"Corralon Sanchez","url":"https:\/\/corralonsanchezbelen.com\/","logo":{"@type":"ImageObject","inLanguage":"es","@id":"https:\/\/corralonsanchezbelen.com\/#\/schema\/logo\/image\/","url":"https:\/\/corralonsanchezbelen.com\/wp-content\/uploads\/2024\/06\/Diseno-sin-tituloq.png","contentUrl":"https:\/\/corralonsanchezbelen.com\/wp-content\/uploads\/2024\/06\/Diseno-sin-tituloq.png","width":1080,"height":1080,"caption":"Corralon Sanchez"},"image":{"@id":"https:\/\/corralonsanchezbelen.com\/#\/schema\/logo\/image\/"},"sameAs":["https:\/\/www.facebook.com\/corralon.sanchez.belen","https:\/\/www.instagram.com\/corralon.sanchez\/"]}]}},"_links":{"self":[{"href":"https:\/\/corralonsanchezbelen.com\/index.php\/wp-json\/wp\/v2\/product\/3399","targetHints":{"allow":["GET"]}}],"collection":[{"href":"https:\/\/corralonsanchezbelen.com\/index.php\/wp-json\/wp\/v2\/product"}],"about":[{"href":"https:\/\/corralonsanchezbelen.com\/index.php\/wp-json\/wp\/v2\/types\/product"}],"replies":[{"embeddable":true,"href":"https:\/\/corralonsanchezbelen.com\/index.php\/wp-json\/wp\/v2\/comments?post=3399"}],"wp:featuredmedia":[{"embeddable":true,"href":"https:\/\/corralonsanchezbelen.com\/index.php\/wp-json\/wp\/v2\/media\/3403"}],"wp:attachment":[{"href":"https:\/\/corralonsanchezbelen.com\/index.php\/wp-json\/wp\/v2\/media?parent=3399"}],"wp:term":[{"taxonomy":"product_brand","embeddable":true,"href":"https:\/\/corralonsanchezbelen.com\/index.php\/wp-json\/wp\/v2\/product_brand?post=3399"},{"taxonomy":"product_cat","embeddable":true,"href":"https:\/\/corralonsanchezbelen.com\/index.php\/wp-json\/wp\/v2\/product_cat?post=3399"},{"taxonomy":"product_tag","embeddable":true,"href":"https:\/\/corralonsanchezbelen.com\/index.php\/wp-json\/wp\/v2\/product_tag?post=3399"}],"curies":[{"name":"wp","href":"https:\/\/api.w.org\/{rel}","templated":true}]}}