{"id":3392,"date":"2024-08-09T01:45:27","date_gmt":"2024-08-09T04:45:27","guid":{"rendered":"https:\/\/corralonsanchezbelen.com\/?post_type=product&#038;p=3392"},"modified":"2024-08-09T01:45:27","modified_gmt":"2024-08-09T04:45:27","slug":"pistola-de-calor-2000w-630c-digital-con-boquillas-y-maletin","status":"publish","type":"product","link":"https:\/\/corralonsanchezbelen.com\/index.php\/producto\/pistola-de-calor-2000w-630c-digital-con-boquillas-y-maletin\/","title":{"rendered":"Pistola De Calor 2000w 630\u00b0c Digital Con Boquillas Y Malet\u00edn"},"content":{"rendered":"","protected":false},"excerpt":{"rendered":"<h2 class=\"ui-pdp-description__title\">Descripci\u00f3n<\/h2>\n<p class=\"ui-pdp-description__content\">|| QU\u00c9 INCLUYE ||<\/p>\n<p>\u2022Pistola de calor 2000w, con regulaci\u00f3n digital<br \/>\n\u2022Temperatura: 50-630\u00b0C<br \/>\n\u2022Flujo de aire: 200-500 Lts \/ min<br \/>\n\u2022Temperatura ajustable con pantalla LCD para un control preciso<br \/>\n\u2022Incluye 1 raspador y 4 boquillas, 1 cutter, una espatula 60mm, un destornillador PH 6,5x100mm y malet\u00edn<br \/>\n\u2022Calidad industrial<br \/>\n\u2022Manual en ingl\u00e9s<\/p>\n","protected":false},"featured_media":3393,"comment_status":"open","ping_status":"closed","template":"","meta":[],"product_brand":[],"product_cat":[126,133,124],"product_tag":[125],"class_list":{"0":"post-3392","1":"product","2":"type-product","3":"status-publish","4":"has-post-thumbnail","6":"product_cat-herramientas-electricas","7":"product_cat-pistola-de-calor","8":"product_cat-total","9":"product_tag-total","11":"first","12":"instock","13":"taxable","14":"shipping-taxable","15":"product-type-simple"},"yoast_head":"<!-- This site is optimized with the Yoast SEO plugin v24.7 - https:\/\/yoast.com\/wordpress\/plugins\/seo\/ -->\n<title>Pistola De Calor 2000w 630\u00b0c Digital Con Boquillas Y Malet\u00edn - Corralon Sanchez<\/title>\n<meta name=\"description\" content=\"Descripci\u00f3n || QU\u00c9 INCLUYE ||  \u2022Pistola de calor 2000w, con regulaci\u00f3n digital \u2022Temperatura: 50-630\u00b0C \u2022Flujo de aire: 200-500 Lts \/ min \u2022Temperatura ajustable con pantalla LCD para un control preciso \u2022Incluye 1 raspador y 4 boquillas, 1 cutter, una espatula 60mm, un destornillador PH 6,5x100mm y malet\u00edn \u2022Calidad industrial \u2022Manual en ingl\u00e9s\" \/>\n<meta name=\"robots\" content=\"index, follow, max-snippet:-1, max-image-preview:large, max-video-preview:-1\" \/>\n<link rel=\"canonical\" href=\"https:\/\/corralonsanchezbelen.com\/index.php\/producto\/pistola-de-calor-2000w-630c-digital-con-boquillas-y-maletin\/\" \/>\n<meta property=\"og:locale\" content=\"es_ES\" \/>\n<meta property=\"og:type\" content=\"article\" \/>\n<meta property=\"og:title\" content=\"Pistola De Calor 2000w 630\u00b0c Digital Con Boquillas Y Malet\u00edn - Corralon Sanchez\" \/>\n<meta property=\"og:description\" content=\"Descripci\u00f3n || QU\u00c9 INCLUYE ||  \u2022Pistola de calor 2000w, con regulaci\u00f3n digital \u2022Temperatura: 50-630\u00b0C \u2022Flujo de aire: 200-500 Lts \/ min \u2022Temperatura ajustable con pantalla LCD para un control preciso \u2022Incluye 1 raspador y 4 boquillas, 1 cutter, una espatula 60mm, un destornillador PH 6,5x100mm y malet\u00edn \u2022Calidad industrial \u2022Manual en ingl\u00e9s\" \/>\n<meta property=\"og:url\" content=\"https:\/\/corralonsanchezbelen.com\/index.php\/producto\/pistola-de-calor-2000w-630c-digital-con-boquillas-y-maletin\/\" \/>\n<meta property=\"og:site_name\" content=\"Corralon Sanchez\" \/>\n<meta property=\"article:publisher\" content=\"https:\/\/www.facebook.com\/corralon.sanchez.belen\" \/>\n<meta property=\"og:image\" content=\"https:\/\/corralonsanchezbelen.com\/wp-content\/uploads\/2024\/08\/D_NQ_NP_919038-MLA74988928776_032024-O.webp\" \/>\n\t<meta property=\"og:image:width\" content=\"500\" \/>\n\t<meta property=\"og:image:height\" content=\"477\" \/>\n\t<meta property=\"og:image:type\" content=\"image\/webp\" \/>\n<meta name=\"twitter:card\" content=\"summary_large_image\" \/>\n<meta name=\"twitter:label1\" content=\"Tiempo de lectura\" \/>\n\t<meta name=\"twitter:data1\" content=\"1 minuto\" \/>\n<script type=\"application\/ld+json\" class=\"yoast-schema-graph\">{\"@context\":\"https:\/\/schema.org\",\"@graph\":[{\"@type\":\"WebPage\",\"@id\":\"https:\/\/corralonsanchezbelen.com\/index.php\/producto\/pistola-de-calor-2000w-630c-digital-con-boquillas-y-maletin\/\",\"url\":\"https:\/\/corralonsanchezbelen.com\/index.php\/producto\/pistola-de-calor-2000w-630c-digital-con-boquillas-y-maletin\/\",\"name\":\"Pistola De Calor 2000w 630\u00b0c Digital Con Boquillas Y Malet\u00edn - Corralon Sanchez\",\"isPartOf\":{\"@id\":\"https:\/\/corralonsanchezbelen.com\/#website\"},\"primaryImageOfPage\":{\"@id\":\"https:\/\/corralonsanchezbelen.com\/index.php\/producto\/pistola-de-calor-2000w-630c-digital-con-boquillas-y-maletin\/#primaryimage\"},\"image\":{\"@id\":\"https:\/\/corralonsanchezbelen.com\/index.php\/producto\/pistola-de-calor-2000w-630c-digital-con-boquillas-y-maletin\/#primaryimage\"},\"thumbnailUrl\":\"https:\/\/corralonsanchezbelen.com\/wp-content\/uploads\/2024\/08\/D_NQ_NP_919038-MLA74988928776_032024-O.webp\",\"datePublished\":\"2024-08-09T04:45:27+00:00\",\"description\":\"Descripci\u00f3n || QU\u00c9 INCLUYE || \u2022Pistola de calor 2000w, con regulaci\u00f3n digital \u2022Temperatura: 50-630\u00b0C \u2022Flujo de aire: 200-500 Lts \/ min \u2022Temperatura ajustable con pantalla LCD para un control preciso \u2022Incluye 1 raspador y 4 boquillas, 1 cutter, una espatula 60mm, un destornillador PH 6,5x100mm y malet\u00edn \u2022Calidad industrial \u2022Manual en ingl\u00e9s\",\"breadcrumb\":{\"@id\":\"https:\/\/corralonsanchezbelen.com\/index.php\/producto\/pistola-de-calor-2000w-630c-digital-con-boquillas-y-maletin\/#breadcrumb\"},\"inLanguage\":\"es\",\"potentialAction\":[{\"@type\":\"ReadAction\",\"target\":[\"https:\/\/corralonsanchezbelen.com\/index.php\/producto\/pistola-de-calor-2000w-630c-digital-con-boquillas-y-maletin\/\"]}]},{\"@type\":\"ImageObject\",\"inLanguage\":\"es\",\"@id\":\"https:\/\/corralonsanchezbelen.com\/index.php\/producto\/pistola-de-calor-2000w-630c-digital-con-boquillas-y-maletin\/#primaryimage\",\"url\":\"https:\/\/corralonsanchezbelen.com\/wp-content\/uploads\/2024\/08\/D_NQ_NP_919038-MLA74988928776_032024-O.webp\",\"contentUrl\":\"https:\/\/corralonsanchezbelen.com\/wp-content\/uploads\/2024\/08\/D_NQ_NP_919038-MLA74988928776_032024-O.webp\",\"width\":500,\"height\":477},{\"@type\":\"BreadcrumbList\",\"@id\":\"https:\/\/corralonsanchezbelen.com\/index.php\/producto\/pistola-de-calor-2000w-630c-digital-con-boquillas-y-maletin\/#breadcrumb\",\"itemListElement\":[{\"@type\":\"ListItem\",\"position\":1,\"name\":\"Portada\",\"item\":\"https:\/\/corralonsanchezbelen.com\/\"},{\"@type\":\"ListItem\",\"position\":2,\"name\":\"Tienda\",\"item\":\"https:\/\/corralonsanchezbelen.com\/index.php\/tienda-2\/\"},{\"@type\":\"ListItem\",\"position\":3,\"name\":\"Pistola De Calor 2000w 630\u00b0c Digital Con Boquillas Y Malet\u00edn\"}]},{\"@type\":\"WebSite\",\"@id\":\"https:\/\/corralonsanchezbelen.com\/#website\",\"url\":\"https:\/\/corralonsanchezbelen.com\/\",\"name\":\"Corralon Sanchez\",\"description\":\"El maestro de la construcci\u00f3n.\",\"publisher\":{\"@id\":\"https:\/\/corralonsanchezbelen.com\/#organization\"},\"potentialAction\":[{\"@type\":\"SearchAction\",\"target\":{\"@type\":\"EntryPoint\",\"urlTemplate\":\"https:\/\/corralonsanchezbelen.com\/?s={search_term_string}\"},\"query-input\":{\"@type\":\"PropertyValueSpecification\",\"valueRequired\":true,\"valueName\":\"search_term_string\"}}],\"inLanguage\":\"es\"},{\"@type\":\"Organization\",\"@id\":\"https:\/\/corralonsanchezbelen.com\/#organization\",\"name\":\"Corralon Sanchez\",\"url\":\"https:\/\/corralonsanchezbelen.com\/\",\"logo\":{\"@type\":\"ImageObject\",\"inLanguage\":\"es\",\"@id\":\"https:\/\/corralonsanchezbelen.com\/#\/schema\/logo\/image\/\",\"url\":\"https:\/\/corralonsanchezbelen.com\/wp-content\/uploads\/2024\/06\/Diseno-sin-tituloq.png\",\"contentUrl\":\"https:\/\/corralonsanchezbelen.com\/wp-content\/uploads\/2024\/06\/Diseno-sin-tituloq.png\",\"width\":1080,\"height\":1080,\"caption\":\"Corralon Sanchez\"},\"image\":{\"@id\":\"https:\/\/corralonsanchezbelen.com\/#\/schema\/logo\/image\/\"},\"sameAs\":[\"https:\/\/www.facebook.com\/corralon.sanchez.belen\",\"https:\/\/www.instagram.com\/corralon.sanchez\/\"]}]}<\/script>\n<!-- \/ Yoast SEO plugin. -->","yoast_head_json":{"title":"Pistola De Calor 2000w 630\u00b0c Digital Con Boquillas Y Malet\u00edn - Corralon Sanchez","description":"Descripci\u00f3n || QU\u00c9 INCLUYE ||  \u2022Pistola de calor 2000w, con regulaci\u00f3n digital \u2022Temperatura: 50-630\u00b0C \u2022Flujo de aire: 200-500 Lts \/ min \u2022Temperatura ajustable con pantalla LCD para un control preciso \u2022Incluye 1 raspador y 4 boquillas, 1 cutter, una espatula 60mm, un destornillador PH 6,5x100mm y malet\u00edn \u2022Calidad industrial \u2022Manual en ingl\u00e9s","robots":{"index":"index","follow":"follow","max-snippet":"max-snippet:-1","max-image-preview":"max-image-preview:large","max-video-preview":"max-video-preview:-1"},"canonical":"https:\/\/corralonsanchezbelen.com\/index.php\/producto\/pistola-de-calor-2000w-630c-digital-con-boquillas-y-maletin\/","og_locale":"es_ES","og_type":"article","og_title":"Pistola De Calor 2000w 630\u00b0c Digital Con Boquillas Y Malet\u00edn - Corralon Sanchez","og_description":"Descripci\u00f3n || QU\u00c9 INCLUYE ||  \u2022Pistola de calor 2000w, con regulaci\u00f3n digital \u2022Temperatura: 50-630\u00b0C \u2022Flujo de aire: 200-500 Lts \/ min \u2022Temperatura ajustable con pantalla LCD para un control preciso \u2022Incluye 1 raspador y 4 boquillas, 1 cutter, una espatula 60mm, un destornillador PH 6,5x100mm y malet\u00edn \u2022Calidad industrial \u2022Manual en ingl\u00e9s","og_url":"https:\/\/corralonsanchezbelen.com\/index.php\/producto\/pistola-de-calor-2000w-630c-digital-con-boquillas-y-maletin\/","og_site_name":"Corralon Sanchez","article_publisher":"https:\/\/www.facebook.com\/corralon.sanchez.belen","og_image":[{"width":500,"height":477,"url":"https:\/\/corralonsanchezbelen.com\/wp-content\/uploads\/2024\/08\/D_NQ_NP_919038-MLA74988928776_032024-O.webp","type":"image\/webp"}],"twitter_card":"summary_large_image","twitter_misc":{"Tiempo de lectura":"1 minuto"},"schema":{"@context":"https:\/\/schema.org","@graph":[{"@type":"WebPage","@id":"https:\/\/corralonsanchezbelen.com\/index.php\/producto\/pistola-de-calor-2000w-630c-digital-con-boquillas-y-maletin\/","url":"https:\/\/corralonsanchezbelen.com\/index.php\/producto\/pistola-de-calor-2000w-630c-digital-con-boquillas-y-maletin\/","name":"Pistola De Calor 2000w 630\u00b0c Digital Con Boquillas Y Malet\u00edn - Corralon Sanchez","isPartOf":{"@id":"https:\/\/corralonsanchezbelen.com\/#website"},"primaryImageOfPage":{"@id":"https:\/\/corralonsanchezbelen.com\/index.php\/producto\/pistola-de-calor-2000w-630c-digital-con-boquillas-y-maletin\/#primaryimage"},"image":{"@id":"https:\/\/corralonsanchezbelen.com\/index.php\/producto\/pistola-de-calor-2000w-630c-digital-con-boquillas-y-maletin\/#primaryimage"},"thumbnailUrl":"https:\/\/corralonsanchezbelen.com\/wp-content\/uploads\/2024\/08\/D_NQ_NP_919038-MLA74988928776_032024-O.webp","datePublished":"2024-08-09T04:45:27+00:00","description":"Descripci\u00f3n || QU\u00c9 INCLUYE || \u2022Pistola de calor 2000w, con regulaci\u00f3n digital \u2022Temperatura: 50-630\u00b0C \u2022Flujo de aire: 200-500 Lts \/ min \u2022Temperatura ajustable con pantalla LCD para un control preciso \u2022Incluye 1 raspador y 4 boquillas, 1 cutter, una espatula 60mm, un destornillador PH 6,5x100mm y malet\u00edn \u2022Calidad industrial \u2022Manual en ingl\u00e9s","breadcrumb":{"@id":"https:\/\/corralonsanchezbelen.com\/index.php\/producto\/pistola-de-calor-2000w-630c-digital-con-boquillas-y-maletin\/#breadcrumb"},"inLanguage":"es","potentialAction":[{"@type":"ReadAction","target":["https:\/\/corralonsanchezbelen.com\/index.php\/producto\/pistola-de-calor-2000w-630c-digital-con-boquillas-y-maletin\/"]}]},{"@type":"ImageObject","inLanguage":"es","@id":"https:\/\/corralonsanchezbelen.com\/index.php\/producto\/pistola-de-calor-2000w-630c-digital-con-boquillas-y-maletin\/#primaryimage","url":"https:\/\/corralonsanchezbelen.com\/wp-content\/uploads\/2024\/08\/D_NQ_NP_919038-MLA74988928776_032024-O.webp","contentUrl":"https:\/\/corralonsanchezbelen.com\/wp-content\/uploads\/2024\/08\/D_NQ_NP_919038-MLA74988928776_032024-O.webp","width":500,"height":477},{"@type":"BreadcrumbList","@id":"https:\/\/corralonsanchezbelen.com\/index.php\/producto\/pistola-de-calor-2000w-630c-digital-con-boquillas-y-maletin\/#breadcrumb","itemListElement":[{"@type":"ListItem","position":1,"name":"Portada","item":"https:\/\/corralonsanchezbelen.com\/"},{"@type":"ListItem","position":2,"name":"Tienda","item":"https:\/\/corralonsanchezbelen.com\/index.php\/tienda-2\/"},{"@type":"ListItem","position":3,"name":"Pistola De Calor 2000w 630\u00b0c Digital Con Boquillas Y Malet\u00edn"}]},{"@type":"WebSite","@id":"https:\/\/corralonsanchezbelen.com\/#website","url":"https:\/\/corralonsanchezbelen.com\/","name":"Corralon Sanchez","description":"El maestro de la construcci\u00f3n.","publisher":{"@id":"https:\/\/corralonsanchezbelen.com\/#organization"},"potentialAction":[{"@type":"SearchAction","target":{"@type":"EntryPoint","urlTemplate":"https:\/\/corralonsanchezbelen.com\/?s={search_term_string}"},"query-input":{"@type":"PropertyValueSpecification","valueRequired":true,"valueName":"search_term_string"}}],"inLanguage":"es"},{"@type":"Organization","@id":"https:\/\/corralonsanchezbelen.com\/#organization","name":"Corralon Sanchez","url":"https:\/\/corralonsanchezbelen.com\/","logo":{"@type":"ImageObject","inLanguage":"es","@id":"https:\/\/corralonsanchezbelen.com\/#\/schema\/logo\/image\/","url":"https:\/\/corralonsanchezbelen.com\/wp-content\/uploads\/2024\/06\/Diseno-sin-tituloq.png","contentUrl":"https:\/\/corralonsanchezbelen.com\/wp-content\/uploads\/2024\/06\/Diseno-sin-tituloq.png","width":1080,"height":1080,"caption":"Corralon Sanchez"},"image":{"@id":"https:\/\/corralonsanchezbelen.com\/#\/schema\/logo\/image\/"},"sameAs":["https:\/\/www.facebook.com\/corralon.sanchez.belen","https:\/\/www.instagram.com\/corralon.sanchez\/"]}]}},"_links":{"self":[{"href":"https:\/\/corralonsanchezbelen.com\/index.php\/wp-json\/wp\/v2\/product\/3392","targetHints":{"allow":["GET"]}}],"collection":[{"href":"https:\/\/corralonsanchezbelen.com\/index.php\/wp-json\/wp\/v2\/product"}],"about":[{"href":"https:\/\/corralonsanchezbelen.com\/index.php\/wp-json\/wp\/v2\/types\/product"}],"replies":[{"embeddable":true,"href":"https:\/\/corralonsanchezbelen.com\/index.php\/wp-json\/wp\/v2\/comments?post=3392"}],"wp:featuredmedia":[{"embeddable":true,"href":"https:\/\/corralonsanchezbelen.com\/index.php\/wp-json\/wp\/v2\/media\/3393"}],"wp:attachment":[{"href":"https:\/\/corralonsanchezbelen.com\/index.php\/wp-json\/wp\/v2\/media?parent=3392"}],"wp:term":[{"taxonomy":"product_brand","embeddable":true,"href":"https:\/\/corralonsanchezbelen.com\/index.php\/wp-json\/wp\/v2\/product_brand?post=3392"},{"taxonomy":"product_cat","embeddable":true,"href":"https:\/\/corralonsanchezbelen.com\/index.php\/wp-json\/wp\/v2\/product_cat?post=3392"},{"taxonomy":"product_tag","embeddable":true,"href":"https:\/\/corralonsanchezbelen.com\/index.php\/wp-json\/wp\/v2\/product_tag?post=3392"}],"curies":[{"name":"wp","href":"https:\/\/api.w.org\/{rel}","templated":true}]}}