{"id":3383,"date":"2024-08-09T01:24:17","date_gmt":"2024-08-09T04:24:17","guid":{"rendered":"https:\/\/corralonsanchezbelen.com\/?post_type=product&#038;p=3383"},"modified":"2024-08-09T01:24:17","modified_gmt":"2024-08-09T04:24:17","slug":"rotomartillo-taladro-percutor-800w-sds-plus-13mm-total-color-turquesa-frecuencia-50-60","status":"publish","type":"product","link":"https:\/\/corralonsanchezbelen.com\/index.php\/producto\/rotomartillo-taladro-percutor-800w-sds-plus-13mm-total-color-turquesa-frecuencia-50-60\/","title":{"rendered":"Rotomartillo Taladro Percutor 800w Sds Plus 13mm Total Color Turquesa Frecuencia 50\/60"},"content":{"rendered":"<div class=\"ui-pdp-container__row ui-pdp-container__row--highlighted-features-title\">\n<p class=\"ui-vpp-text-alignment--left ui-pdp-color--BLACK ui-pdp-size--XSMALL ui-pdp-family--SEMIBOLD highlighted-features-title\">Caracter\u00edsticas:<\/p>\n<p>\u2022 Encastre SDS Plus<br \/>\n\u2022 Giro Reversible<br \/>\n\u2022 Bot\u00f3n de traba de gatillo<br \/>\n\u2022 Selector de rotaci\u00f3n para atornillar y desatornillar, rotaci\u00f3n con percusi\u00f3n para taladrar y detenci\u00f3n de giro para cincelar<br \/>\n\u2022 Incluye 3 mechas, una punta y un cincel<\/p>\n<p>Especificaciones t\u00e9cnicas:<\/p>\n<p>\u2022 Potencia: 800W<br \/>\n\u2022 Velocidad m\u00e1xima: 0 &#8211; 1100 RPM<br \/>\n\u2022 Energ\u00eda de impacto: 2.5 J<br \/>\n\u2022 Aislaci\u00f3n: Clase II<br \/>\n\u2022 Golpes por minuto: 0 &#8211; 4000 GPM<br \/>\n\u2022 Capacidad m\u00e1xima en Concreto: 26 mm<br \/>\n\u2022 Capacidad m\u00e1xima en Madera: 30 mm<br \/>\n\u2022 Capacidad m\u00e1xima en Acero: 13 mm<br \/>\n\u2022 Peso: 3 KG<\/p>\n<\/div>\n","protected":false},"excerpt":{"rendered":"<h2 class=\"ui-pdp-description__title\">Descripci\u00f3n<\/h2>\n<p class=\"ui-pdp-description__content\">Rotomartillo Percutor El\u00e9ctrico Total Tools TH308266 800W Velocidad M\u00e1xima 1100 RPM 4000 Golpes Por Minuto Encastre SDS Plus Alto Rendimiento Calidad Industrial Apto Profesional<\/p>\n<p>Este rotomartillo Total Tools TH308266 es ideal para trabajos exigentes, tanto para aficionados como para profesionales. Su potencia permite trabajar en materiales resistentes y cuenta con modos de operaci\u00f3n como Taladrar sin percusi\u00f3n, Taladrar con percusi\u00f3n y Cincelar, facilitando su uso en diversas tareas.<\/p>\n<p>Es adecuado para instaladores de sistemas de ventilaci\u00f3n y aire acondicionado, electricistas, plomeros y colocadores de revestimientos y alfombras. El encastre SDS Plus mejora la conexi\u00f3n y permite un intercambio eficiente.<\/p>\n","protected":false},"featured_media":3384,"comment_status":"open","ping_status":"closed","template":"","meta":[],"product_brand":[],"product_cat":[126,136,124],"product_tag":[125],"class_list":{"0":"post-3383","1":"product","2":"type-product","3":"status-publish","4":"has-post-thumbnail","6":"product_cat-herramientas-electricas","7":"product_cat-martillo-demoledor","8":"product_cat-total","9":"product_tag-total","11":"first","12":"instock","13":"taxable","14":"shipping-taxable","15":"product-type-simple"},"yoast_head":"<!-- This site is optimized with the Yoast SEO plugin v24.7 - https:\/\/yoast.com\/wordpress\/plugins\/seo\/ -->\n<title>Rotomartillo Taladro Percutor 800w Sds Plus 13mm Total Color Turquesa Frecuencia 50\/60 - Corralon Sanchez<\/title>\n<meta name=\"description\" content=\"Descripci\u00f3n Rotomartillo Percutor El\u00e9ctrico Total Tools TH308266 800W Velocidad M\u00e1xima 1100 RPM 4000 Golpes Por Minuto Encastre SDS Plus Alto Rendimiento Calidad Industrial Apto Profesional  Este rotomartillo Total Tools TH308266 es ideal para trabajos exigentes, tanto para aficionados como para profesionales. Su potencia permite trabajar en materiales resistentes y cuenta con modos de operaci\u00f3n como Taladrar sin percusi\u00f3n, Taladrar con percusi\u00f3n y Cincelar, facilitando su uso en diversas tareas.  Es adecuado para instaladores de sistemas de ventilaci\u00f3n y aire acondicionado, electricistas, plomeros y colocadores de revestimientos y alfombras. El encastre SDS Plus mejora la conexi\u00f3n y permite un intercambio eficiente.\" \/>\n<meta name=\"robots\" content=\"index, follow, max-snippet:-1, max-image-preview:large, max-video-preview:-1\" \/>\n<link rel=\"canonical\" href=\"https:\/\/corralonsanchezbelen.com\/index.php\/producto\/rotomartillo-taladro-percutor-800w-sds-plus-13mm-total-color-turquesa-frecuencia-50-60\/\" \/>\n<meta property=\"og:locale\" content=\"es_ES\" \/>\n<meta property=\"og:type\" content=\"article\" \/>\n<meta property=\"og:title\" content=\"Rotomartillo Taladro Percutor 800w Sds Plus 13mm Total Color Turquesa Frecuencia 50\/60 - Corralon Sanchez\" \/>\n<meta property=\"og:description\" content=\"Descripci\u00f3n Rotomartillo Percutor El\u00e9ctrico Total Tools TH308266 800W Velocidad M\u00e1xima 1100 RPM 4000 Golpes Por Minuto Encastre SDS Plus Alto Rendimiento Calidad Industrial Apto Profesional  Este rotomartillo Total Tools TH308266 es ideal para trabajos exigentes, tanto para aficionados como para profesionales. Su potencia permite trabajar en materiales resistentes y cuenta con modos de operaci\u00f3n como Taladrar sin percusi\u00f3n, Taladrar con percusi\u00f3n y Cincelar, facilitando su uso en diversas tareas.  Es adecuado para instaladores de sistemas de ventilaci\u00f3n y aire acondicionado, electricistas, plomeros y colocadores de revestimientos y alfombras. El encastre SDS Plus mejora la conexi\u00f3n y permite un intercambio eficiente.\" \/>\n<meta property=\"og:url\" content=\"https:\/\/corralonsanchezbelen.com\/index.php\/producto\/rotomartillo-taladro-percutor-800w-sds-plus-13mm-total-color-turquesa-frecuencia-50-60\/\" \/>\n<meta property=\"og:site_name\" content=\"Corralon Sanchez\" \/>\n<meta property=\"article:publisher\" content=\"https:\/\/www.facebook.com\/corralon.sanchez.belen\" \/>\n<meta property=\"og:image\" content=\"https:\/\/corralonsanchezbelen.com\/wp-content\/uploads\/2024\/08\/D_NQ_NP_785257-MLU73141434803_112023-O.webp\" \/>\n\t<meta property=\"og:image:width\" content=\"500\" \/>\n\t<meta property=\"og:image:height\" content=\"397\" \/>\n\t<meta property=\"og:image:type\" content=\"image\/webp\" \/>\n<meta name=\"twitter:card\" content=\"summary_large_image\" \/>\n<meta name=\"twitter:label1\" content=\"Tiempo de lectura\" \/>\n\t<meta name=\"twitter:data1\" content=\"1 minuto\" \/>\n<script type=\"application\/ld+json\" class=\"yoast-schema-graph\">{\"@context\":\"https:\/\/schema.org\",\"@graph\":[{\"@type\":\"WebPage\",\"@id\":\"https:\/\/corralonsanchezbelen.com\/index.php\/producto\/rotomartillo-taladro-percutor-800w-sds-plus-13mm-total-color-turquesa-frecuencia-50-60\/\",\"url\":\"https:\/\/corralonsanchezbelen.com\/index.php\/producto\/rotomartillo-taladro-percutor-800w-sds-plus-13mm-total-color-turquesa-frecuencia-50-60\/\",\"name\":\"Rotomartillo Taladro Percutor 800w Sds Plus 13mm Total Color Turquesa Frecuencia 50\/60 - Corralon Sanchez\",\"isPartOf\":{\"@id\":\"https:\/\/corralonsanchezbelen.com\/#website\"},\"primaryImageOfPage\":{\"@id\":\"https:\/\/corralonsanchezbelen.com\/index.php\/producto\/rotomartillo-taladro-percutor-800w-sds-plus-13mm-total-color-turquesa-frecuencia-50-60\/#primaryimage\"},\"image\":{\"@id\":\"https:\/\/corralonsanchezbelen.com\/index.php\/producto\/rotomartillo-taladro-percutor-800w-sds-plus-13mm-total-color-turquesa-frecuencia-50-60\/#primaryimage\"},\"thumbnailUrl\":\"https:\/\/corralonsanchezbelen.com\/wp-content\/uploads\/2024\/08\/D_NQ_NP_785257-MLU73141434803_112023-O.webp\",\"datePublished\":\"2024-08-09T04:24:17+00:00\",\"description\":\"Descripci\u00f3n Rotomartillo Percutor El\u00e9ctrico Total Tools TH308266 800W Velocidad M\u00e1xima 1100 RPM 4000 Golpes Por Minuto Encastre SDS Plus Alto Rendimiento Calidad Industrial Apto Profesional Este rotomartillo Total Tools TH308266 es ideal para trabajos exigentes, tanto para aficionados como para profesionales. Su potencia permite trabajar en materiales resistentes y cuenta con modos de operaci\u00f3n como Taladrar sin percusi\u00f3n, Taladrar con percusi\u00f3n y Cincelar, facilitando su uso en diversas tareas. Es adecuado para instaladores de sistemas de ventilaci\u00f3n y aire acondicionado, electricistas, plomeros y colocadores de revestimientos y alfombras. El encastre SDS Plus mejora la conexi\u00f3n y permite un intercambio eficiente.\",\"breadcrumb\":{\"@id\":\"https:\/\/corralonsanchezbelen.com\/index.php\/producto\/rotomartillo-taladro-percutor-800w-sds-plus-13mm-total-color-turquesa-frecuencia-50-60\/#breadcrumb\"},\"inLanguage\":\"es\",\"potentialAction\":[{\"@type\":\"ReadAction\",\"target\":[\"https:\/\/corralonsanchezbelen.com\/index.php\/producto\/rotomartillo-taladro-percutor-800w-sds-plus-13mm-total-color-turquesa-frecuencia-50-60\/\"]}]},{\"@type\":\"ImageObject\",\"inLanguage\":\"es\",\"@id\":\"https:\/\/corralonsanchezbelen.com\/index.php\/producto\/rotomartillo-taladro-percutor-800w-sds-plus-13mm-total-color-turquesa-frecuencia-50-60\/#primaryimage\",\"url\":\"https:\/\/corralonsanchezbelen.com\/wp-content\/uploads\/2024\/08\/D_NQ_NP_785257-MLU73141434803_112023-O.webp\",\"contentUrl\":\"https:\/\/corralonsanchezbelen.com\/wp-content\/uploads\/2024\/08\/D_NQ_NP_785257-MLU73141434803_112023-O.webp\",\"width\":500,\"height\":397},{\"@type\":\"BreadcrumbList\",\"@id\":\"https:\/\/corralonsanchezbelen.com\/index.php\/producto\/rotomartillo-taladro-percutor-800w-sds-plus-13mm-total-color-turquesa-frecuencia-50-60\/#breadcrumb\",\"itemListElement\":[{\"@type\":\"ListItem\",\"position\":1,\"name\":\"Portada\",\"item\":\"https:\/\/corralonsanchezbelen.com\/\"},{\"@type\":\"ListItem\",\"position\":2,\"name\":\"Tienda\",\"item\":\"https:\/\/corralonsanchezbelen.com\/index.php\/tienda-2\/\"},{\"@type\":\"ListItem\",\"position\":3,\"name\":\"Rotomartillo Taladro Percutor 800w Sds Plus 13mm Total Color Turquesa Frecuencia 50\/60\"}]},{\"@type\":\"WebSite\",\"@id\":\"https:\/\/corralonsanchezbelen.com\/#website\",\"url\":\"https:\/\/corralonsanchezbelen.com\/\",\"name\":\"Corralon Sanchez\",\"description\":\"El maestro de la construcci\u00f3n.\",\"publisher\":{\"@id\":\"https:\/\/corralonsanchezbelen.com\/#organization\"},\"potentialAction\":[{\"@type\":\"SearchAction\",\"target\":{\"@type\":\"EntryPoint\",\"urlTemplate\":\"https:\/\/corralonsanchezbelen.com\/?s={search_term_string}\"},\"query-input\":{\"@type\":\"PropertyValueSpecification\",\"valueRequired\":true,\"valueName\":\"search_term_string\"}}],\"inLanguage\":\"es\"},{\"@type\":\"Organization\",\"@id\":\"https:\/\/corralonsanchezbelen.com\/#organization\",\"name\":\"Corralon Sanchez\",\"url\":\"https:\/\/corralonsanchezbelen.com\/\",\"logo\":{\"@type\":\"ImageObject\",\"inLanguage\":\"es\",\"@id\":\"https:\/\/corralonsanchezbelen.com\/#\/schema\/logo\/image\/\",\"url\":\"https:\/\/corralonsanchezbelen.com\/wp-content\/uploads\/2024\/06\/Diseno-sin-tituloq.png\",\"contentUrl\":\"https:\/\/corralonsanchezbelen.com\/wp-content\/uploads\/2024\/06\/Diseno-sin-tituloq.png\",\"width\":1080,\"height\":1080,\"caption\":\"Corralon Sanchez\"},\"image\":{\"@id\":\"https:\/\/corralonsanchezbelen.com\/#\/schema\/logo\/image\/\"},\"sameAs\":[\"https:\/\/www.facebook.com\/corralon.sanchez.belen\",\"https:\/\/www.instagram.com\/corralon.sanchez\/\"]}]}<\/script>\n<!-- \/ Yoast SEO plugin. -->","yoast_head_json":{"title":"Rotomartillo Taladro Percutor 800w Sds Plus 13mm Total Color Turquesa Frecuencia 50\/60 - Corralon Sanchez","description":"Descripci\u00f3n Rotomartillo Percutor El\u00e9ctrico Total Tools TH308266 800W Velocidad M\u00e1xima 1100 RPM 4000 Golpes Por Minuto Encastre SDS Plus Alto Rendimiento Calidad Industrial Apto Profesional  Este rotomartillo Total Tools TH308266 es ideal para trabajos exigentes, tanto para aficionados como para profesionales. Su potencia permite trabajar en materiales resistentes y cuenta con modos de operaci\u00f3n como Taladrar sin percusi\u00f3n, Taladrar con percusi\u00f3n y Cincelar, facilitando su uso en diversas tareas.  Es adecuado para instaladores de sistemas de ventilaci\u00f3n y aire acondicionado, electricistas, plomeros y colocadores de revestimientos y alfombras. El encastre SDS Plus mejora la conexi\u00f3n y permite un intercambio eficiente.","robots":{"index":"index","follow":"follow","max-snippet":"max-snippet:-1","max-image-preview":"max-image-preview:large","max-video-preview":"max-video-preview:-1"},"canonical":"https:\/\/corralonsanchezbelen.com\/index.php\/producto\/rotomartillo-taladro-percutor-800w-sds-plus-13mm-total-color-turquesa-frecuencia-50-60\/","og_locale":"es_ES","og_type":"article","og_title":"Rotomartillo Taladro Percutor 800w Sds Plus 13mm Total Color Turquesa Frecuencia 50\/60 - Corralon Sanchez","og_description":"Descripci\u00f3n Rotomartillo Percutor El\u00e9ctrico Total Tools TH308266 800W Velocidad M\u00e1xima 1100 RPM 4000 Golpes Por Minuto Encastre SDS Plus Alto Rendimiento Calidad Industrial Apto Profesional  Este rotomartillo Total Tools TH308266 es ideal para trabajos exigentes, tanto para aficionados como para profesionales. Su potencia permite trabajar en materiales resistentes y cuenta con modos de operaci\u00f3n como Taladrar sin percusi\u00f3n, Taladrar con percusi\u00f3n y Cincelar, facilitando su uso en diversas tareas.  Es adecuado para instaladores de sistemas de ventilaci\u00f3n y aire acondicionado, electricistas, plomeros y colocadores de revestimientos y alfombras. El encastre SDS Plus mejora la conexi\u00f3n y permite un intercambio eficiente.","og_url":"https:\/\/corralonsanchezbelen.com\/index.php\/producto\/rotomartillo-taladro-percutor-800w-sds-plus-13mm-total-color-turquesa-frecuencia-50-60\/","og_site_name":"Corralon Sanchez","article_publisher":"https:\/\/www.facebook.com\/corralon.sanchez.belen","og_image":[{"width":500,"height":397,"url":"https:\/\/corralonsanchezbelen.com\/wp-content\/uploads\/2024\/08\/D_NQ_NP_785257-MLU73141434803_112023-O.webp","type":"image\/webp"}],"twitter_card":"summary_large_image","twitter_misc":{"Tiempo de lectura":"1 minuto"},"schema":{"@context":"https:\/\/schema.org","@graph":[{"@type":"WebPage","@id":"https:\/\/corralonsanchezbelen.com\/index.php\/producto\/rotomartillo-taladro-percutor-800w-sds-plus-13mm-total-color-turquesa-frecuencia-50-60\/","url":"https:\/\/corralonsanchezbelen.com\/index.php\/producto\/rotomartillo-taladro-percutor-800w-sds-plus-13mm-total-color-turquesa-frecuencia-50-60\/","name":"Rotomartillo Taladro Percutor 800w Sds Plus 13mm Total Color Turquesa Frecuencia 50\/60 - Corralon Sanchez","isPartOf":{"@id":"https:\/\/corralonsanchezbelen.com\/#website"},"primaryImageOfPage":{"@id":"https:\/\/corralonsanchezbelen.com\/index.php\/producto\/rotomartillo-taladro-percutor-800w-sds-plus-13mm-total-color-turquesa-frecuencia-50-60\/#primaryimage"},"image":{"@id":"https:\/\/corralonsanchezbelen.com\/index.php\/producto\/rotomartillo-taladro-percutor-800w-sds-plus-13mm-total-color-turquesa-frecuencia-50-60\/#primaryimage"},"thumbnailUrl":"https:\/\/corralonsanchezbelen.com\/wp-content\/uploads\/2024\/08\/D_NQ_NP_785257-MLU73141434803_112023-O.webp","datePublished":"2024-08-09T04:24:17+00:00","description":"Descripci\u00f3n Rotomartillo Percutor El\u00e9ctrico Total Tools TH308266 800W Velocidad M\u00e1xima 1100 RPM 4000 Golpes Por Minuto Encastre SDS Plus Alto Rendimiento Calidad Industrial Apto Profesional Este rotomartillo Total Tools TH308266 es ideal para trabajos exigentes, tanto para aficionados como para profesionales. Su potencia permite trabajar en materiales resistentes y cuenta con modos de operaci\u00f3n como Taladrar sin percusi\u00f3n, Taladrar con percusi\u00f3n y Cincelar, facilitando su uso en diversas tareas. Es adecuado para instaladores de sistemas de ventilaci\u00f3n y aire acondicionado, electricistas, plomeros y colocadores de revestimientos y alfombras. El encastre SDS Plus mejora la conexi\u00f3n y permite un intercambio eficiente.","breadcrumb":{"@id":"https:\/\/corralonsanchezbelen.com\/index.php\/producto\/rotomartillo-taladro-percutor-800w-sds-plus-13mm-total-color-turquesa-frecuencia-50-60\/#breadcrumb"},"inLanguage":"es","potentialAction":[{"@type":"ReadAction","target":["https:\/\/corralonsanchezbelen.com\/index.php\/producto\/rotomartillo-taladro-percutor-800w-sds-plus-13mm-total-color-turquesa-frecuencia-50-60\/"]}]},{"@type":"ImageObject","inLanguage":"es","@id":"https:\/\/corralonsanchezbelen.com\/index.php\/producto\/rotomartillo-taladro-percutor-800w-sds-plus-13mm-total-color-turquesa-frecuencia-50-60\/#primaryimage","url":"https:\/\/corralonsanchezbelen.com\/wp-content\/uploads\/2024\/08\/D_NQ_NP_785257-MLU73141434803_112023-O.webp","contentUrl":"https:\/\/corralonsanchezbelen.com\/wp-content\/uploads\/2024\/08\/D_NQ_NP_785257-MLU73141434803_112023-O.webp","width":500,"height":397},{"@type":"BreadcrumbList","@id":"https:\/\/corralonsanchezbelen.com\/index.php\/producto\/rotomartillo-taladro-percutor-800w-sds-plus-13mm-total-color-turquesa-frecuencia-50-60\/#breadcrumb","itemListElement":[{"@type":"ListItem","position":1,"name":"Portada","item":"https:\/\/corralonsanchezbelen.com\/"},{"@type":"ListItem","position":2,"name":"Tienda","item":"https:\/\/corralonsanchezbelen.com\/index.php\/tienda-2\/"},{"@type":"ListItem","position":3,"name":"Rotomartillo Taladro Percutor 800w Sds Plus 13mm Total Color Turquesa Frecuencia 50\/60"}]},{"@type":"WebSite","@id":"https:\/\/corralonsanchezbelen.com\/#website","url":"https:\/\/corralonsanchezbelen.com\/","name":"Corralon Sanchez","description":"El maestro de la construcci\u00f3n.","publisher":{"@id":"https:\/\/corralonsanchezbelen.com\/#organization"},"potentialAction":[{"@type":"SearchAction","target":{"@type":"EntryPoint","urlTemplate":"https:\/\/corralonsanchezbelen.com\/?s={search_term_string}"},"query-input":{"@type":"PropertyValueSpecification","valueRequired":true,"valueName":"search_term_string"}}],"inLanguage":"es"},{"@type":"Organization","@id":"https:\/\/corralonsanchezbelen.com\/#organization","name":"Corralon Sanchez","url":"https:\/\/corralonsanchezbelen.com\/","logo":{"@type":"ImageObject","inLanguage":"es","@id":"https:\/\/corralonsanchezbelen.com\/#\/schema\/logo\/image\/","url":"https:\/\/corralonsanchezbelen.com\/wp-content\/uploads\/2024\/06\/Diseno-sin-tituloq.png","contentUrl":"https:\/\/corralonsanchezbelen.com\/wp-content\/uploads\/2024\/06\/Diseno-sin-tituloq.png","width":1080,"height":1080,"caption":"Corralon Sanchez"},"image":{"@id":"https:\/\/corralonsanchezbelen.com\/#\/schema\/logo\/image\/"},"sameAs":["https:\/\/www.facebook.com\/corralon.sanchez.belen","https:\/\/www.instagram.com\/corralon.sanchez\/"]}]}},"_links":{"self":[{"href":"https:\/\/corralonsanchezbelen.com\/index.php\/wp-json\/wp\/v2\/product\/3383","targetHints":{"allow":["GET"]}}],"collection":[{"href":"https:\/\/corralonsanchezbelen.com\/index.php\/wp-json\/wp\/v2\/product"}],"about":[{"href":"https:\/\/corralonsanchezbelen.com\/index.php\/wp-json\/wp\/v2\/types\/product"}],"replies":[{"embeddable":true,"href":"https:\/\/corralonsanchezbelen.com\/index.php\/wp-json\/wp\/v2\/comments?post=3383"}],"wp:featuredmedia":[{"embeddable":true,"href":"https:\/\/corralonsanchezbelen.com\/index.php\/wp-json\/wp\/v2\/media\/3384"}],"wp:attachment":[{"href":"https:\/\/corralonsanchezbelen.com\/index.php\/wp-json\/wp\/v2\/media?parent=3383"}],"wp:term":[{"taxonomy":"product_brand","embeddable":true,"href":"https:\/\/corralonsanchezbelen.com\/index.php\/wp-json\/wp\/v2\/product_brand?post=3383"},{"taxonomy":"product_cat","embeddable":true,"href":"https:\/\/corralonsanchezbelen.com\/index.php\/wp-json\/wp\/v2\/product_cat?post=3383"},{"taxonomy":"product_tag","embeddable":true,"href":"https:\/\/corralonsanchezbelen.com\/index.php\/wp-json\/wp\/v2\/product_tag?post=3383"}],"curies":[{"name":"wp","href":"https:\/\/api.w.org\/{rel}","templated":true}]}}