{"id":3302,"date":"2024-08-05T04:39:17","date_gmt":"2024-08-05T07:39:17","guid":{"rendered":"https:\/\/corralonsanchezbelen.com\/?post_type=product&#038;p=3302"},"modified":"2024-08-05T04:40:42","modified_gmt":"2024-08-05T07:40:42","slug":"motoguadana-fs-460-stihl","status":"publish","type":"product","link":"https:\/\/corralonsanchezbelen.com\/index.php\/producto\/motoguadana-fs-460-stihl\/","title":{"rendered":"Motoguada\u00f1a FS 460 STIHL"},"content":{"rendered":"","protected":false},"excerpt":{"rendered":"<h2 class=\"product-details__title\">FS 460<\/h2>\n<div class=\"product-details__description richtexteditor\">\n<p>El motor STIHL 2-MIX de 2,2 kW (3,0 CV) de la desbrozadora de gasolina STIHL FS 460 le proporciona\u00a0<strong>un excelente rendimiento de corte<\/strong>, mientras que la robusta cuchilla para cepillos STIHL 300-3 suministrada de serie puedes abordar tareas sin esfuerzo. Esta desbrozadora de gasolina est\u00e1 equipada con STIHL ErgoStart para facilitar el arranque. STIHL M-Tronic tambi\u00e9n ofrece un rendimiento \u00f3ptimo del motor y una velocidad m\u00e1xima constante para esta herramienta el\u00e9ctrica. El FS 460 est\u00e1 equipado con un\u00a0<strong>mango de bicicleta ergon\u00f3mico<\/strong>\u00a0que permite un movimiento natural de corte, lo que significa que puedes trabajar c\u00f3modamente incluso durante per\u00edodos de tiempo m\u00e1s largos. Adem\u00e1s cuenta con el\u00a0<strong>sistema antivibraciones STIHL<\/strong>\u00a0para aliviar tus m\u00fasculos y articulaciones. El\u00a0<strong>empu\u00f1adura multifunci\u00f3n con una sola mano<\/strong>\u00a0se puede utilizar para operar todas las funciones de control del motor, lo que facilita su trabajo.<\/p>\n<\/div>\n","protected":false},"featured_media":3300,"comment_status":"open","ping_status":"closed","template":"","meta":[],"product_brand":[],"product_cat":[139],"product_tag":[138],"class_list":{"0":"post-3302","1":"product","2":"type-product","3":"status-publish","4":"has-post-thumbnail","6":"product_cat-motoguadanas","7":"product_tag-stihl","9":"first","10":"instock","11":"taxable","12":"shipping-taxable","13":"product-type-simple"},"yoast_head":"<!-- This site is optimized with the Yoast SEO plugin v24.7 - https:\/\/yoast.com\/wordpress\/plugins\/seo\/ -->\n<title>Motoguada\u00f1a FS 460 STIHL - Corralon Sanchez<\/title>\n<meta name=\"description\" content=\"FS 460   El motor STIHL 2-MIX de 2,2 kW (3,0 CV) de la desbrozadora de gasolina STIHL FS 460 le proporciona\u00a0un excelente rendimiento de corte, mientras que la robusta cuchilla para cepillos STIHL 300-3 suministrada de serie puedes abordar tareas sin esfuerzo. Esta desbrozadora de gasolina est\u00e1 equipada con STIHL ErgoStart para facilitar el arranque. STIHL M-Tronic tambi\u00e9n ofrece un rendimiento \u00f3ptimo del motor y una velocidad m\u00e1xima constante para esta herramienta el\u00e9ctrica. El FS 460 est\u00e1 equipado con un\u00a0mango de bicicleta ergon\u00f3mico\u00a0que permite un movimiento natural de corte, lo que significa que puedes trabajar c\u00f3modamente incluso durante per\u00edodos de tiempo m\u00e1s largos. Adem\u00e1s cuenta con el\u00a0sistema antivibraciones STIHL\u00a0para aliviar tus m\u00fasculos y articulaciones. El\u00a0empu\u00f1adura multifunci\u00f3n con una sola mano\u00a0se puede utilizar para operar todas las funciones de control del motor, lo que facilita su trabajo.\" \/>\n<meta name=\"robots\" content=\"index, follow, max-snippet:-1, max-image-preview:large, max-video-preview:-1\" \/>\n<link rel=\"canonical\" href=\"https:\/\/corralonsanchezbelen.com\/index.php\/producto\/motoguadana-fs-460-stihl\/\" \/>\n<meta property=\"og:locale\" content=\"es_ES\" \/>\n<meta property=\"og:type\" content=\"article\" \/>\n<meta property=\"og:title\" content=\"Motoguada\u00f1a FS 460 STIHL - Corralon Sanchez\" \/>\n<meta property=\"og:description\" content=\"FS 460   El motor STIHL 2-MIX de 2,2 kW (3,0 CV) de la desbrozadora de gasolina STIHL FS 460 le proporciona\u00a0un excelente rendimiento de corte, mientras que la robusta cuchilla para cepillos STIHL 300-3 suministrada de serie puedes abordar tareas sin esfuerzo. Esta desbrozadora de gasolina est\u00e1 equipada con STIHL ErgoStart para facilitar el arranque. STIHL M-Tronic tambi\u00e9n ofrece un rendimiento \u00f3ptimo del motor y una velocidad m\u00e1xima constante para esta herramienta el\u00e9ctrica. El FS 460 est\u00e1 equipado con un\u00a0mango de bicicleta ergon\u00f3mico\u00a0que permite un movimiento natural de corte, lo que significa que puedes trabajar c\u00f3modamente incluso durante per\u00edodos de tiempo m\u00e1s largos. Adem\u00e1s cuenta con el\u00a0sistema antivibraciones STIHL\u00a0para aliviar tus m\u00fasculos y articulaciones. El\u00a0empu\u00f1adura multifunci\u00f3n con una sola mano\u00a0se puede utilizar para operar todas las funciones de control del motor, lo que facilita su trabajo.\" \/>\n<meta property=\"og:url\" content=\"https:\/\/corralonsanchezbelen.com\/index.php\/producto\/motoguadana-fs-460-stihl\/\" \/>\n<meta property=\"og:site_name\" content=\"Corralon Sanchez\" \/>\n<meta property=\"article:publisher\" content=\"https:\/\/www.facebook.com\/corralon.sanchez.belen\" \/>\n<meta property=\"article:modified_time\" content=\"2024-08-05T07:40:42+00:00\" \/>\n<meta property=\"og:image\" content=\"https:\/\/corralonsanchezbelen.com\/wp-content\/uploads\/2024\/08\/img-3.jpg\" \/>\n\t<meta property=\"og:image:width\" content=\"1065\" \/>\n\t<meta property=\"og:image:height\" content=\"1644\" \/>\n\t<meta property=\"og:image:type\" content=\"image\/jpeg\" \/>\n<meta name=\"twitter:card\" content=\"summary_large_image\" \/>\n<meta name=\"twitter:label1\" content=\"Tiempo de lectura\" \/>\n\t<meta name=\"twitter:data1\" content=\"1 minuto\" \/>\n<script type=\"application\/ld+json\" class=\"yoast-schema-graph\">{\"@context\":\"https:\/\/schema.org\",\"@graph\":[{\"@type\":\"WebPage\",\"@id\":\"https:\/\/corralonsanchezbelen.com\/index.php\/producto\/motoguadana-fs-460-stihl\/\",\"url\":\"https:\/\/corralonsanchezbelen.com\/index.php\/producto\/motoguadana-fs-460-stihl\/\",\"name\":\"Motoguada\u00f1a FS 460 STIHL - Corralon Sanchez\",\"isPartOf\":{\"@id\":\"https:\/\/corralonsanchezbelen.com\/#website\"},\"primaryImageOfPage\":{\"@id\":\"https:\/\/corralonsanchezbelen.com\/index.php\/producto\/motoguadana-fs-460-stihl\/#primaryimage\"},\"image\":{\"@id\":\"https:\/\/corralonsanchezbelen.com\/index.php\/producto\/motoguadana-fs-460-stihl\/#primaryimage\"},\"thumbnailUrl\":\"https:\/\/corralonsanchezbelen.com\/wp-content\/uploads\/2024\/08\/img-3.jpg\",\"datePublished\":\"2024-08-05T07:39:17+00:00\",\"dateModified\":\"2024-08-05T07:40:42+00:00\",\"description\":\"FS 460 El motor STIHL 2-MIX de 2,2 kW (3,0 CV) de la desbrozadora de gasolina STIHL FS 460 le proporciona\u00a0un excelente rendimiento de corte, mientras que la robusta cuchilla para cepillos STIHL 300-3 suministrada de serie puedes abordar tareas sin esfuerzo. Esta desbrozadora de gasolina est\u00e1 equipada con STIHL ErgoStart para facilitar el arranque. STIHL M-Tronic tambi\u00e9n ofrece un rendimiento \u00f3ptimo del motor y una velocidad m\u00e1xima constante para esta herramienta el\u00e9ctrica. El FS 460 est\u00e1 equipado con un\u00a0mango de bicicleta ergon\u00f3mico\u00a0que permite un movimiento natural de corte, lo que significa que puedes trabajar c\u00f3modamente incluso durante per\u00edodos de tiempo m\u00e1s largos. Adem\u00e1s cuenta con el\u00a0sistema antivibraciones STIHL\u00a0para aliviar tus m\u00fasculos y articulaciones. El\u00a0empu\u00f1adura multifunci\u00f3n con una sola mano\u00a0se puede utilizar para operar todas las funciones de control del motor, lo que facilita su trabajo.\",\"breadcrumb\":{\"@id\":\"https:\/\/corralonsanchezbelen.com\/index.php\/producto\/motoguadana-fs-460-stihl\/#breadcrumb\"},\"inLanguage\":\"es\",\"potentialAction\":[{\"@type\":\"ReadAction\",\"target\":[\"https:\/\/corralonsanchezbelen.com\/index.php\/producto\/motoguadana-fs-460-stihl\/\"]}]},{\"@type\":\"ImageObject\",\"inLanguage\":\"es\",\"@id\":\"https:\/\/corralonsanchezbelen.com\/index.php\/producto\/motoguadana-fs-460-stihl\/#primaryimage\",\"url\":\"https:\/\/corralonsanchezbelen.com\/wp-content\/uploads\/2024\/08\/img-3.jpg\",\"contentUrl\":\"https:\/\/corralonsanchezbelen.com\/wp-content\/uploads\/2024\/08\/img-3.jpg\",\"width\":1065,\"height\":1644},{\"@type\":\"BreadcrumbList\",\"@id\":\"https:\/\/corralonsanchezbelen.com\/index.php\/producto\/motoguadana-fs-460-stihl\/#breadcrumb\",\"itemListElement\":[{\"@type\":\"ListItem\",\"position\":1,\"name\":\"Portada\",\"item\":\"https:\/\/corralonsanchezbelen.com\/\"},{\"@type\":\"ListItem\",\"position\":2,\"name\":\"Tienda\",\"item\":\"https:\/\/corralonsanchezbelen.com\/index.php\/tienda-2\/\"},{\"@type\":\"ListItem\",\"position\":3,\"name\":\"Motoguada\u00f1a FS 460 STIHL\"}]},{\"@type\":\"WebSite\",\"@id\":\"https:\/\/corralonsanchezbelen.com\/#website\",\"url\":\"https:\/\/corralonsanchezbelen.com\/\",\"name\":\"Corralon Sanchez\",\"description\":\"El maestro de la construcci\u00f3n.\",\"publisher\":{\"@id\":\"https:\/\/corralonsanchezbelen.com\/#organization\"},\"potentialAction\":[{\"@type\":\"SearchAction\",\"target\":{\"@type\":\"EntryPoint\",\"urlTemplate\":\"https:\/\/corralonsanchezbelen.com\/?s={search_term_string}\"},\"query-input\":{\"@type\":\"PropertyValueSpecification\",\"valueRequired\":true,\"valueName\":\"search_term_string\"}}],\"inLanguage\":\"es\"},{\"@type\":\"Organization\",\"@id\":\"https:\/\/corralonsanchezbelen.com\/#organization\",\"name\":\"Corralon Sanchez\",\"url\":\"https:\/\/corralonsanchezbelen.com\/\",\"logo\":{\"@type\":\"ImageObject\",\"inLanguage\":\"es\",\"@id\":\"https:\/\/corralonsanchezbelen.com\/#\/schema\/logo\/image\/\",\"url\":\"https:\/\/corralonsanchezbelen.com\/wp-content\/uploads\/2024\/06\/Diseno-sin-tituloq.png\",\"contentUrl\":\"https:\/\/corralonsanchezbelen.com\/wp-content\/uploads\/2024\/06\/Diseno-sin-tituloq.png\",\"width\":1080,\"height\":1080,\"caption\":\"Corralon Sanchez\"},\"image\":{\"@id\":\"https:\/\/corralonsanchezbelen.com\/#\/schema\/logo\/image\/\"},\"sameAs\":[\"https:\/\/www.facebook.com\/corralon.sanchez.belen\",\"https:\/\/www.instagram.com\/corralon.sanchez\/\"]}]}<\/script>\n<!-- \/ Yoast SEO plugin. -->","yoast_head_json":{"title":"Motoguada\u00f1a FS 460 STIHL - Corralon Sanchez","description":"FS 460   El motor STIHL 2-MIX de 2,2 kW (3,0 CV) de la desbrozadora de gasolina STIHL FS 460 le proporciona\u00a0un excelente rendimiento de corte, mientras que la robusta cuchilla para cepillos STIHL 300-3 suministrada de serie puedes abordar tareas sin esfuerzo. Esta desbrozadora de gasolina est\u00e1 equipada con STIHL ErgoStart para facilitar el arranque. STIHL M-Tronic tambi\u00e9n ofrece un rendimiento \u00f3ptimo del motor y una velocidad m\u00e1xima constante para esta herramienta el\u00e9ctrica. El FS 460 est\u00e1 equipado con un\u00a0mango de bicicleta ergon\u00f3mico\u00a0que permite un movimiento natural de corte, lo que significa que puedes trabajar c\u00f3modamente incluso durante per\u00edodos de tiempo m\u00e1s largos. Adem\u00e1s cuenta con el\u00a0sistema antivibraciones STIHL\u00a0para aliviar tus m\u00fasculos y articulaciones. El\u00a0empu\u00f1adura multifunci\u00f3n con una sola mano\u00a0se puede utilizar para operar todas las funciones de control del motor, lo que facilita su trabajo.","robots":{"index":"index","follow":"follow","max-snippet":"max-snippet:-1","max-image-preview":"max-image-preview:large","max-video-preview":"max-video-preview:-1"},"canonical":"https:\/\/corralonsanchezbelen.com\/index.php\/producto\/motoguadana-fs-460-stihl\/","og_locale":"es_ES","og_type":"article","og_title":"Motoguada\u00f1a FS 460 STIHL - Corralon Sanchez","og_description":"FS 460   El motor STIHL 2-MIX de 2,2 kW (3,0 CV) de la desbrozadora de gasolina STIHL FS 460 le proporciona\u00a0un excelente rendimiento de corte, mientras que la robusta cuchilla para cepillos STIHL 300-3 suministrada de serie puedes abordar tareas sin esfuerzo. Esta desbrozadora de gasolina est\u00e1 equipada con STIHL ErgoStart para facilitar el arranque. STIHL M-Tronic tambi\u00e9n ofrece un rendimiento \u00f3ptimo del motor y una velocidad m\u00e1xima constante para esta herramienta el\u00e9ctrica. El FS 460 est\u00e1 equipado con un\u00a0mango de bicicleta ergon\u00f3mico\u00a0que permite un movimiento natural de corte, lo que significa que puedes trabajar c\u00f3modamente incluso durante per\u00edodos de tiempo m\u00e1s largos. Adem\u00e1s cuenta con el\u00a0sistema antivibraciones STIHL\u00a0para aliviar tus m\u00fasculos y articulaciones. El\u00a0empu\u00f1adura multifunci\u00f3n con una sola mano\u00a0se puede utilizar para operar todas las funciones de control del motor, lo que facilita su trabajo.","og_url":"https:\/\/corralonsanchezbelen.com\/index.php\/producto\/motoguadana-fs-460-stihl\/","og_site_name":"Corralon Sanchez","article_publisher":"https:\/\/www.facebook.com\/corralon.sanchez.belen","article_modified_time":"2024-08-05T07:40:42+00:00","og_image":[{"width":1065,"height":1644,"url":"https:\/\/corralonsanchezbelen.com\/wp-content\/uploads\/2024\/08\/img-3.jpg","type":"image\/jpeg"}],"twitter_card":"summary_large_image","twitter_misc":{"Tiempo de lectura":"1 minuto"},"schema":{"@context":"https:\/\/schema.org","@graph":[{"@type":"WebPage","@id":"https:\/\/corralonsanchezbelen.com\/index.php\/producto\/motoguadana-fs-460-stihl\/","url":"https:\/\/corralonsanchezbelen.com\/index.php\/producto\/motoguadana-fs-460-stihl\/","name":"Motoguada\u00f1a FS 460 STIHL - Corralon Sanchez","isPartOf":{"@id":"https:\/\/corralonsanchezbelen.com\/#website"},"primaryImageOfPage":{"@id":"https:\/\/corralonsanchezbelen.com\/index.php\/producto\/motoguadana-fs-460-stihl\/#primaryimage"},"image":{"@id":"https:\/\/corralonsanchezbelen.com\/index.php\/producto\/motoguadana-fs-460-stihl\/#primaryimage"},"thumbnailUrl":"https:\/\/corralonsanchezbelen.com\/wp-content\/uploads\/2024\/08\/img-3.jpg","datePublished":"2024-08-05T07:39:17+00:00","dateModified":"2024-08-05T07:40:42+00:00","description":"FS 460 El motor STIHL 2-MIX de 2,2 kW (3,0 CV) de la desbrozadora de gasolina STIHL FS 460 le proporciona\u00a0un excelente rendimiento de corte, mientras que la robusta cuchilla para cepillos STIHL 300-3 suministrada de serie puedes abordar tareas sin esfuerzo. Esta desbrozadora de gasolina est\u00e1 equipada con STIHL ErgoStart para facilitar el arranque. STIHL M-Tronic tambi\u00e9n ofrece un rendimiento \u00f3ptimo del motor y una velocidad m\u00e1xima constante para esta herramienta el\u00e9ctrica. El FS 460 est\u00e1 equipado con un\u00a0mango de bicicleta ergon\u00f3mico\u00a0que permite un movimiento natural de corte, lo que significa que puedes trabajar c\u00f3modamente incluso durante per\u00edodos de tiempo m\u00e1s largos. Adem\u00e1s cuenta con el\u00a0sistema antivibraciones STIHL\u00a0para aliviar tus m\u00fasculos y articulaciones. El\u00a0empu\u00f1adura multifunci\u00f3n con una sola mano\u00a0se puede utilizar para operar todas las funciones de control del motor, lo que facilita su trabajo.","breadcrumb":{"@id":"https:\/\/corralonsanchezbelen.com\/index.php\/producto\/motoguadana-fs-460-stihl\/#breadcrumb"},"inLanguage":"es","potentialAction":[{"@type":"ReadAction","target":["https:\/\/corralonsanchezbelen.com\/index.php\/producto\/motoguadana-fs-460-stihl\/"]}]},{"@type":"ImageObject","inLanguage":"es","@id":"https:\/\/corralonsanchezbelen.com\/index.php\/producto\/motoguadana-fs-460-stihl\/#primaryimage","url":"https:\/\/corralonsanchezbelen.com\/wp-content\/uploads\/2024\/08\/img-3.jpg","contentUrl":"https:\/\/corralonsanchezbelen.com\/wp-content\/uploads\/2024\/08\/img-3.jpg","width":1065,"height":1644},{"@type":"BreadcrumbList","@id":"https:\/\/corralonsanchezbelen.com\/index.php\/producto\/motoguadana-fs-460-stihl\/#breadcrumb","itemListElement":[{"@type":"ListItem","position":1,"name":"Portada","item":"https:\/\/corralonsanchezbelen.com\/"},{"@type":"ListItem","position":2,"name":"Tienda","item":"https:\/\/corralonsanchezbelen.com\/index.php\/tienda-2\/"},{"@type":"ListItem","position":3,"name":"Motoguada\u00f1a FS 460 STIHL"}]},{"@type":"WebSite","@id":"https:\/\/corralonsanchezbelen.com\/#website","url":"https:\/\/corralonsanchezbelen.com\/","name":"Corralon Sanchez","description":"El maestro de la construcci\u00f3n.","publisher":{"@id":"https:\/\/corralonsanchezbelen.com\/#organization"},"potentialAction":[{"@type":"SearchAction","target":{"@type":"EntryPoint","urlTemplate":"https:\/\/corralonsanchezbelen.com\/?s={search_term_string}"},"query-input":{"@type":"PropertyValueSpecification","valueRequired":true,"valueName":"search_term_string"}}],"inLanguage":"es"},{"@type":"Organization","@id":"https:\/\/corralonsanchezbelen.com\/#organization","name":"Corralon Sanchez","url":"https:\/\/corralonsanchezbelen.com\/","logo":{"@type":"ImageObject","inLanguage":"es","@id":"https:\/\/corralonsanchezbelen.com\/#\/schema\/logo\/image\/","url":"https:\/\/corralonsanchezbelen.com\/wp-content\/uploads\/2024\/06\/Diseno-sin-tituloq.png","contentUrl":"https:\/\/corralonsanchezbelen.com\/wp-content\/uploads\/2024\/06\/Diseno-sin-tituloq.png","width":1080,"height":1080,"caption":"Corralon Sanchez"},"image":{"@id":"https:\/\/corralonsanchezbelen.com\/#\/schema\/logo\/image\/"},"sameAs":["https:\/\/www.facebook.com\/corralon.sanchez.belen","https:\/\/www.instagram.com\/corralon.sanchez\/"]}]}},"_links":{"self":[{"href":"https:\/\/corralonsanchezbelen.com\/index.php\/wp-json\/wp\/v2\/product\/3302","targetHints":{"allow":["GET"]}}],"collection":[{"href":"https:\/\/corralonsanchezbelen.com\/index.php\/wp-json\/wp\/v2\/product"}],"about":[{"href":"https:\/\/corralonsanchezbelen.com\/index.php\/wp-json\/wp\/v2\/types\/product"}],"replies":[{"embeddable":true,"href":"https:\/\/corralonsanchezbelen.com\/index.php\/wp-json\/wp\/v2\/comments?post=3302"}],"wp:featuredmedia":[{"embeddable":true,"href":"https:\/\/corralonsanchezbelen.com\/index.php\/wp-json\/wp\/v2\/media\/3300"}],"wp:attachment":[{"href":"https:\/\/corralonsanchezbelen.com\/index.php\/wp-json\/wp\/v2\/media?parent=3302"}],"wp:term":[{"taxonomy":"product_brand","embeddable":true,"href":"https:\/\/corralonsanchezbelen.com\/index.php\/wp-json\/wp\/v2\/product_brand?post=3302"},{"taxonomy":"product_cat","embeddable":true,"href":"https:\/\/corralonsanchezbelen.com\/index.php\/wp-json\/wp\/v2\/product_cat?post=3302"},{"taxonomy":"product_tag","embeddable":true,"href":"https:\/\/corralonsanchezbelen.com\/index.php\/wp-json\/wp\/v2\/product_tag?post=3302"}],"curies":[{"name":"wp","href":"https:\/\/api.w.org\/{rel}","templated":true}]}}