{"id":3299,"date":"2024-08-05T04:35:17","date_gmt":"2024-08-05T07:35:17","guid":{"rendered":"https:\/\/corralonsanchezbelen.com\/?post_type=product&#038;p=3299"},"modified":"2024-08-05T04:39:08","modified_gmt":"2024-08-05T07:39:08","slug":"motoguadana-fs-280-stihl","status":"publish","type":"product","link":"https:\/\/corralonsanchezbelen.com\/index.php\/producto\/motoguadana-fs-280-stihl\/","title":{"rendered":"Motoguada\u00f1a FS 280 STIHL"},"content":{"rendered":"<p>MANILLAR ABIERTO:<br \/>\nPermite un movimiento tranquilo y regular al trabajar en superficies grandes, as\u00ed como un manejo ergon\u00f3mico y sin esfuerzo de la m\u00e1quina. Para m\u00e1quinas como motoguada\u00f1as y desbrozadoras, el manillar abierto es la primera elecci\u00f3n si tienen que cortar habitualmente gran extensiones<br \/>\nEMPU\u00d1ADORA DE UNA SOLA MANO:<br \/>\nF\u00c1CIL MANEJO. Gracias a la empu\u00f1adura multifuncional, podr\u00e1s utilizar tu m\u00e1quina de forma sencilla y fiable con una sola mano. Puesto que cuenta con todos los elementos de mando relevantes integrados, la empu\u00f1adura es adecuada tanto para diestros como para zurdos.<\/p>\n<p>SISTEMA ANTIVIBRACI\u00d3N:<br \/>\nPARA TRABAJAR CON MAYOR COMODIDAD. Durante el desarrollo de la potencia de la m\u00e1quina se producen vibraciones que se notan sobre todo en la zona de la empu\u00f1adura. Los elementos amortiguadores y el\u00e1sticos del sistema antivibraci\u00f3n STIHL reducen la transmisi\u00f3n de las vibraciones del motor a la zona de agarre y, por tanto, a tu cuerpo. El efecto: la m\u00e1quina se mueve menos y puedes trabajar con menor fatiga.<\/p>\n<p>BOMBA DE COMBUSTIBLE MANUAL:<br \/>\nREDUCE LA CANTIDAD DE TIRONES NECESARIOS PARA EL ARRANQUE La bomba de combustible manual reduce el n\u00famero de tirones y acelera as\u00ed el proceso de arranque. Esto es especialmente \u00fatil despu\u00e9s de largas periodos de inactividad. Para ello, acciona la bomba varias veces antes del arranque. As\u00ed te asegurar\u00e1s de que haya suficiente gasolina en el carburador en el momento del arranque.<\/p>\n","protected":false},"excerpt":{"rendered":"<h2 class=\"product-details__title\">Potente Motoguada\u00f1a de 2.6 CV de potencia<\/h2>\n<div class=\"product-details__description richtexteditor\">Potente desbrozadora para trabajar en grandes superficies de hierba gruesa. Sistema antivibraci\u00f3n, mango multifunci\u00f3n, manillar tipo ciclista.<\/div>\n","protected":false},"featured_media":3300,"comment_status":"open","ping_status":"closed","template":"","meta":[],"product_brand":[],"product_cat":[139],"product_tag":[138],"class_list":{"0":"post-3299","1":"product","2":"type-product","3":"status-publish","4":"has-post-thumbnail","6":"product_cat-motoguadanas","7":"product_tag-stihl","9":"first","10":"instock","11":"taxable","12":"shipping-taxable","13":"product-type-simple"},"yoast_head":"<!-- This site is optimized with the Yoast SEO plugin v24.7 - https:\/\/yoast.com\/wordpress\/plugins\/seo\/ -->\n<title>Motoguada\u00f1a FS 280 STIHL - Corralon Sanchez<\/title>\n<meta name=\"description\" content=\"Potente Motoguada\u00f1a de 2.6 CV de potencia Potente desbrozadora para trabajar en grandes superficies de hierba gruesa. Sistema antivibraci\u00f3n, mango multifunci\u00f3n, manillar tipo ciclista.\" \/>\n<meta name=\"robots\" content=\"index, follow, max-snippet:-1, max-image-preview:large, max-video-preview:-1\" \/>\n<link rel=\"canonical\" href=\"https:\/\/corralonsanchezbelen.com\/index.php\/producto\/motoguadana-fs-280-stihl\/\" \/>\n<meta property=\"og:locale\" content=\"es_ES\" \/>\n<meta property=\"og:type\" content=\"article\" \/>\n<meta property=\"og:title\" content=\"Motoguada\u00f1a FS 280 STIHL - Corralon Sanchez\" \/>\n<meta property=\"og:description\" content=\"Potente Motoguada\u00f1a de 2.6 CV de potencia Potente desbrozadora para trabajar en grandes superficies de hierba gruesa. Sistema antivibraci\u00f3n, mango multifunci\u00f3n, manillar tipo ciclista.\" \/>\n<meta property=\"og:url\" content=\"https:\/\/corralonsanchezbelen.com\/index.php\/producto\/motoguadana-fs-280-stihl\/\" \/>\n<meta property=\"og:site_name\" content=\"Corralon Sanchez\" \/>\n<meta property=\"article:publisher\" content=\"https:\/\/www.facebook.com\/corralon.sanchez.belen\" \/>\n<meta property=\"article:modified_time\" content=\"2024-08-05T07:39:08+00:00\" \/>\n<meta property=\"og:image\" content=\"https:\/\/corralonsanchezbelen.com\/wp-content\/uploads\/2024\/08\/img-3.jpg\" \/>\n\t<meta property=\"og:image:width\" content=\"1065\" \/>\n\t<meta property=\"og:image:height\" content=\"1644\" \/>\n\t<meta property=\"og:image:type\" content=\"image\/jpeg\" \/>\n<meta name=\"twitter:card\" content=\"summary_large_image\" \/>\n<meta name=\"twitter:label1\" content=\"Tiempo de lectura\" \/>\n\t<meta name=\"twitter:data1\" content=\"2 minutos\" \/>\n<script type=\"application\/ld+json\" class=\"yoast-schema-graph\">{\"@context\":\"https:\/\/schema.org\",\"@graph\":[{\"@type\":\"WebPage\",\"@id\":\"https:\/\/corralonsanchezbelen.com\/index.php\/producto\/motoguadana-fs-280-stihl\/\",\"url\":\"https:\/\/corralonsanchezbelen.com\/index.php\/producto\/motoguadana-fs-280-stihl\/\",\"name\":\"Motoguada\u00f1a FS 280 STIHL - Corralon Sanchez\",\"isPartOf\":{\"@id\":\"https:\/\/corralonsanchezbelen.com\/#website\"},\"primaryImageOfPage\":{\"@id\":\"https:\/\/corralonsanchezbelen.com\/index.php\/producto\/motoguadana-fs-280-stihl\/#primaryimage\"},\"image\":{\"@id\":\"https:\/\/corralonsanchezbelen.com\/index.php\/producto\/motoguadana-fs-280-stihl\/#primaryimage\"},\"thumbnailUrl\":\"https:\/\/corralonsanchezbelen.com\/wp-content\/uploads\/2024\/08\/img-3.jpg\",\"datePublished\":\"2024-08-05T07:35:17+00:00\",\"dateModified\":\"2024-08-05T07:39:08+00:00\",\"description\":\"Potente Motoguada\u00f1a de 2.6 CV de potencia Potente desbrozadora para trabajar en grandes superficies de hierba gruesa. Sistema antivibraci\u00f3n, mango multifunci\u00f3n, manillar tipo ciclista.\",\"breadcrumb\":{\"@id\":\"https:\/\/corralonsanchezbelen.com\/index.php\/producto\/motoguadana-fs-280-stihl\/#breadcrumb\"},\"inLanguage\":\"es\",\"potentialAction\":[{\"@type\":\"ReadAction\",\"target\":[\"https:\/\/corralonsanchezbelen.com\/index.php\/producto\/motoguadana-fs-280-stihl\/\"]}]},{\"@type\":\"ImageObject\",\"inLanguage\":\"es\",\"@id\":\"https:\/\/corralonsanchezbelen.com\/index.php\/producto\/motoguadana-fs-280-stihl\/#primaryimage\",\"url\":\"https:\/\/corralonsanchezbelen.com\/wp-content\/uploads\/2024\/08\/img-3.jpg\",\"contentUrl\":\"https:\/\/corralonsanchezbelen.com\/wp-content\/uploads\/2024\/08\/img-3.jpg\",\"width\":1065,\"height\":1644},{\"@type\":\"BreadcrumbList\",\"@id\":\"https:\/\/corralonsanchezbelen.com\/index.php\/producto\/motoguadana-fs-280-stihl\/#breadcrumb\",\"itemListElement\":[{\"@type\":\"ListItem\",\"position\":1,\"name\":\"Portada\",\"item\":\"https:\/\/corralonsanchezbelen.com\/\"},{\"@type\":\"ListItem\",\"position\":2,\"name\":\"Tienda\",\"item\":\"https:\/\/corralonsanchezbelen.com\/index.php\/tienda-2\/\"},{\"@type\":\"ListItem\",\"position\":3,\"name\":\"Motoguada\u00f1a FS 280 STIHL\"}]},{\"@type\":\"WebSite\",\"@id\":\"https:\/\/corralonsanchezbelen.com\/#website\",\"url\":\"https:\/\/corralonsanchezbelen.com\/\",\"name\":\"Corralon Sanchez\",\"description\":\"El maestro de la construcci\u00f3n.\",\"publisher\":{\"@id\":\"https:\/\/corralonsanchezbelen.com\/#organization\"},\"potentialAction\":[{\"@type\":\"SearchAction\",\"target\":{\"@type\":\"EntryPoint\",\"urlTemplate\":\"https:\/\/corralonsanchezbelen.com\/?s={search_term_string}\"},\"query-input\":{\"@type\":\"PropertyValueSpecification\",\"valueRequired\":true,\"valueName\":\"search_term_string\"}}],\"inLanguage\":\"es\"},{\"@type\":\"Organization\",\"@id\":\"https:\/\/corralonsanchezbelen.com\/#organization\",\"name\":\"Corralon Sanchez\",\"url\":\"https:\/\/corralonsanchezbelen.com\/\",\"logo\":{\"@type\":\"ImageObject\",\"inLanguage\":\"es\",\"@id\":\"https:\/\/corralonsanchezbelen.com\/#\/schema\/logo\/image\/\",\"url\":\"https:\/\/corralonsanchezbelen.com\/wp-content\/uploads\/2024\/06\/Diseno-sin-tituloq.png\",\"contentUrl\":\"https:\/\/corralonsanchezbelen.com\/wp-content\/uploads\/2024\/06\/Diseno-sin-tituloq.png\",\"width\":1080,\"height\":1080,\"caption\":\"Corralon Sanchez\"},\"image\":{\"@id\":\"https:\/\/corralonsanchezbelen.com\/#\/schema\/logo\/image\/\"},\"sameAs\":[\"https:\/\/www.facebook.com\/corralon.sanchez.belen\",\"https:\/\/www.instagram.com\/corralon.sanchez\/\"]}]}<\/script>\n<!-- \/ Yoast SEO plugin. -->","yoast_head_json":{"title":"Motoguada\u00f1a FS 280 STIHL - Corralon Sanchez","description":"Potente Motoguada\u00f1a de 2.6 CV de potencia Potente desbrozadora para trabajar en grandes superficies de hierba gruesa. Sistema antivibraci\u00f3n, mango multifunci\u00f3n, manillar tipo ciclista.","robots":{"index":"index","follow":"follow","max-snippet":"max-snippet:-1","max-image-preview":"max-image-preview:large","max-video-preview":"max-video-preview:-1"},"canonical":"https:\/\/corralonsanchezbelen.com\/index.php\/producto\/motoguadana-fs-280-stihl\/","og_locale":"es_ES","og_type":"article","og_title":"Motoguada\u00f1a FS 280 STIHL - Corralon Sanchez","og_description":"Potente Motoguada\u00f1a de 2.6 CV de potencia Potente desbrozadora para trabajar en grandes superficies de hierba gruesa. Sistema antivibraci\u00f3n, mango multifunci\u00f3n, manillar tipo ciclista.","og_url":"https:\/\/corralonsanchezbelen.com\/index.php\/producto\/motoguadana-fs-280-stihl\/","og_site_name":"Corralon Sanchez","article_publisher":"https:\/\/www.facebook.com\/corralon.sanchez.belen","article_modified_time":"2024-08-05T07:39:08+00:00","og_image":[{"width":1065,"height":1644,"url":"https:\/\/corralonsanchezbelen.com\/wp-content\/uploads\/2024\/08\/img-3.jpg","type":"image\/jpeg"}],"twitter_card":"summary_large_image","twitter_misc":{"Tiempo de lectura":"2 minutos"},"schema":{"@context":"https:\/\/schema.org","@graph":[{"@type":"WebPage","@id":"https:\/\/corralonsanchezbelen.com\/index.php\/producto\/motoguadana-fs-280-stihl\/","url":"https:\/\/corralonsanchezbelen.com\/index.php\/producto\/motoguadana-fs-280-stihl\/","name":"Motoguada\u00f1a FS 280 STIHL - Corralon Sanchez","isPartOf":{"@id":"https:\/\/corralonsanchezbelen.com\/#website"},"primaryImageOfPage":{"@id":"https:\/\/corralonsanchezbelen.com\/index.php\/producto\/motoguadana-fs-280-stihl\/#primaryimage"},"image":{"@id":"https:\/\/corralonsanchezbelen.com\/index.php\/producto\/motoguadana-fs-280-stihl\/#primaryimage"},"thumbnailUrl":"https:\/\/corralonsanchezbelen.com\/wp-content\/uploads\/2024\/08\/img-3.jpg","datePublished":"2024-08-05T07:35:17+00:00","dateModified":"2024-08-05T07:39:08+00:00","description":"Potente Motoguada\u00f1a de 2.6 CV de potencia Potente desbrozadora para trabajar en grandes superficies de hierba gruesa. Sistema antivibraci\u00f3n, mango multifunci\u00f3n, manillar tipo ciclista.","breadcrumb":{"@id":"https:\/\/corralonsanchezbelen.com\/index.php\/producto\/motoguadana-fs-280-stihl\/#breadcrumb"},"inLanguage":"es","potentialAction":[{"@type":"ReadAction","target":["https:\/\/corralonsanchezbelen.com\/index.php\/producto\/motoguadana-fs-280-stihl\/"]}]},{"@type":"ImageObject","inLanguage":"es","@id":"https:\/\/corralonsanchezbelen.com\/index.php\/producto\/motoguadana-fs-280-stihl\/#primaryimage","url":"https:\/\/corralonsanchezbelen.com\/wp-content\/uploads\/2024\/08\/img-3.jpg","contentUrl":"https:\/\/corralonsanchezbelen.com\/wp-content\/uploads\/2024\/08\/img-3.jpg","width":1065,"height":1644},{"@type":"BreadcrumbList","@id":"https:\/\/corralonsanchezbelen.com\/index.php\/producto\/motoguadana-fs-280-stihl\/#breadcrumb","itemListElement":[{"@type":"ListItem","position":1,"name":"Portada","item":"https:\/\/corralonsanchezbelen.com\/"},{"@type":"ListItem","position":2,"name":"Tienda","item":"https:\/\/corralonsanchezbelen.com\/index.php\/tienda-2\/"},{"@type":"ListItem","position":3,"name":"Motoguada\u00f1a FS 280 STIHL"}]},{"@type":"WebSite","@id":"https:\/\/corralonsanchezbelen.com\/#website","url":"https:\/\/corralonsanchezbelen.com\/","name":"Corralon Sanchez","description":"El maestro de la construcci\u00f3n.","publisher":{"@id":"https:\/\/corralonsanchezbelen.com\/#organization"},"potentialAction":[{"@type":"SearchAction","target":{"@type":"EntryPoint","urlTemplate":"https:\/\/corralonsanchezbelen.com\/?s={search_term_string}"},"query-input":{"@type":"PropertyValueSpecification","valueRequired":true,"valueName":"search_term_string"}}],"inLanguage":"es"},{"@type":"Organization","@id":"https:\/\/corralonsanchezbelen.com\/#organization","name":"Corralon Sanchez","url":"https:\/\/corralonsanchezbelen.com\/","logo":{"@type":"ImageObject","inLanguage":"es","@id":"https:\/\/corralonsanchezbelen.com\/#\/schema\/logo\/image\/","url":"https:\/\/corralonsanchezbelen.com\/wp-content\/uploads\/2024\/06\/Diseno-sin-tituloq.png","contentUrl":"https:\/\/corralonsanchezbelen.com\/wp-content\/uploads\/2024\/06\/Diseno-sin-tituloq.png","width":1080,"height":1080,"caption":"Corralon Sanchez"},"image":{"@id":"https:\/\/corralonsanchezbelen.com\/#\/schema\/logo\/image\/"},"sameAs":["https:\/\/www.facebook.com\/corralon.sanchez.belen","https:\/\/www.instagram.com\/corralon.sanchez\/"]}]}},"_links":{"self":[{"href":"https:\/\/corralonsanchezbelen.com\/index.php\/wp-json\/wp\/v2\/product\/3299","targetHints":{"allow":["GET"]}}],"collection":[{"href":"https:\/\/corralonsanchezbelen.com\/index.php\/wp-json\/wp\/v2\/product"}],"about":[{"href":"https:\/\/corralonsanchezbelen.com\/index.php\/wp-json\/wp\/v2\/types\/product"}],"replies":[{"embeddable":true,"href":"https:\/\/corralonsanchezbelen.com\/index.php\/wp-json\/wp\/v2\/comments?post=3299"}],"wp:featuredmedia":[{"embeddable":true,"href":"https:\/\/corralonsanchezbelen.com\/index.php\/wp-json\/wp\/v2\/media\/3300"}],"wp:attachment":[{"href":"https:\/\/corralonsanchezbelen.com\/index.php\/wp-json\/wp\/v2\/media?parent=3299"}],"wp:term":[{"taxonomy":"product_brand","embeddable":true,"href":"https:\/\/corralonsanchezbelen.com\/index.php\/wp-json\/wp\/v2\/product_brand?post=3299"},{"taxonomy":"product_cat","embeddable":true,"href":"https:\/\/corralonsanchezbelen.com\/index.php\/wp-json\/wp\/v2\/product_cat?post=3299"},{"taxonomy":"product_tag","embeddable":true,"href":"https:\/\/corralonsanchezbelen.com\/index.php\/wp-json\/wp\/v2\/product_tag?post=3299"}],"curies":[{"name":"wp","href":"https:\/\/api.w.org\/{rel}","templated":true}]}}