{"id":3293,"date":"2024-08-05T04:11:53","date_gmt":"2024-08-05T07:11:53","guid":{"rendered":"https:\/\/corralonsanchezbelen.com\/?post_type=product&#038;p=3293"},"modified":"2024-08-05T04:13:35","modified_gmt":"2024-08-05T07:13:35","slug":"motosierra-ms-250-stihl","status":"publish","type":"product","link":"https:\/\/corralonsanchezbelen.com\/index.php\/producto\/motosierra-ms-250-stihl\/","title":{"rendered":"Motosierra MS 250 STIHL"},"content":{"rendered":"<div class=\"m_product-features__subheadline richtexteditor\">\n<p>SISTEMA ANTIVIBRACION:<br \/>\nPARA TRABAJAR CON MAYOR COMODIDAD. Durante el desarrollo de la potencia de la m\u00e1quina se producen vibraciones que se notan sobre todo en la zona de la empu\u00f1adura. Los elementos amortiguadores y el\u00e1sticos del sistema antivibraci\u00f3n STIHL reducen la transmisi\u00f3n de las vibraciones del motor a la zona de agarre y, por tanto, a tu cuerpo. El efecto: la m\u00e1quina se mueve menos y puedes trabajar con menor fatiga.<\/p>\n<p>TENSADO LATERAL DE LA CADENA:<br \/>\nPARA UN TENSADO SENCILLO Y SEGURO. El tensado lateral de cadena permite un tensado y un cambio de la cadena seguro, f\u00e1cil y r\u00e1pido. El tornillo tensor se acciona lateralmente a trav\u00e9s de la tapa del pi\u00f1\u00f3n de la cadena.<\/p>\n<p>COMPENSADOR:<br \/>\nMENOR MANTENIMIENTO. El sistema de regulaci\u00f3n en el carburador, conocido como compensador, se encarga de mantener pr\u00e1cticamente constante durante mucho tiempo la potencia del motor, la calidad de los gases de escape y el consumo de combustible, aunque el filtro de aire est\u00e9 cada vez m\u00e1s sucio. Por tanto, solo tienes que limpiar el filtro de aire cuando percibas una disminuci\u00f3n notable del rendimiento. De este modo, puedes trabajar sin mantenimiento durante mucho tiempo.<\/p>\n<\/div>\n","protected":false},"excerpt":{"rendered":"<h2 class=\"product-details__title\">Motosierra ideal para cortar le\u00f1a y para construir con madera.<\/h2>\n<div class=\"product-details__description richtexteditor\">Un paso por encima de la MS 230, la MS 250 es lo suficientemente ligera como para realizar peque\u00f1as tareas de desbroce o limpieza, pero lo suficientemente potente como para cortar peque\u00f1as ramas y \u00e1rboles. Una combinaci\u00f3n de caracter\u00edsticas y una alta relaci\u00f3n potencia-peso la convierten en una de las mejores motosierras para el hogar del mercado. Disponible con espada de 14&#8243;\/35cm, 16&#8243;\/40cm o 18&#8243;\/45cm.<\/div>\n","protected":false},"featured_media":3290,"comment_status":"open","ping_status":"closed","template":"","meta":[],"product_brand":[],"product_cat":[126,137],"product_tag":[138],"class_list":{"0":"post-3293","1":"product","2":"type-product","3":"status-publish","4":"has-post-thumbnail","6":"product_cat-herramientas-electricas","7":"product_cat-motosierra","8":"product_tag-stihl","10":"first","11":"instock","12":"taxable","13":"shipping-taxable","14":"product-type-simple"},"yoast_head":"<!-- This site is optimized with the Yoast SEO plugin v24.7 - https:\/\/yoast.com\/wordpress\/plugins\/seo\/ -->\n<title>Motosierra MS 250 STIHL - Corralon Sanchez<\/title>\n<meta name=\"description\" content=\"Motosierra ideal para cortar le\u00f1a y para construir con madera. Un paso por encima de la MS 230, la MS 250 es lo suficientemente ligera como para realizar peque\u00f1as tareas de desbroce o limpieza, pero lo suficientemente potente como para cortar peque\u00f1as ramas y \u00e1rboles. Una combinaci\u00f3n de caracter\u00edsticas y una alta relaci\u00f3n potencia-peso la convierten en una de las mejores motosierras para el hogar del mercado. Disponible con espada de 14&quot;\/35cm, 16&quot;\/40cm o 18&quot;\/45cm.\" \/>\n<meta name=\"robots\" content=\"index, follow, max-snippet:-1, max-image-preview:large, max-video-preview:-1\" \/>\n<link rel=\"canonical\" href=\"https:\/\/corralonsanchezbelen.com\/index.php\/producto\/motosierra-ms-250-stihl\/\" \/>\n<meta property=\"og:locale\" content=\"es_ES\" \/>\n<meta property=\"og:type\" content=\"article\" \/>\n<meta property=\"og:title\" content=\"Motosierra MS 250 STIHL - Corralon Sanchez\" \/>\n<meta property=\"og:description\" content=\"Motosierra ideal para cortar le\u00f1a y para construir con madera. Un paso por encima de la MS 230, la MS 250 es lo suficientemente ligera como para realizar peque\u00f1as tareas de desbroce o limpieza, pero lo suficientemente potente como para cortar peque\u00f1as ramas y \u00e1rboles. Una combinaci\u00f3n de caracter\u00edsticas y una alta relaci\u00f3n potencia-peso la convierten en una de las mejores motosierras para el hogar del mercado. Disponible con espada de 14&quot;\/35cm, 16&quot;\/40cm o 18&quot;\/45cm.\" \/>\n<meta property=\"og:url\" content=\"https:\/\/corralonsanchezbelen.com\/index.php\/producto\/motosierra-ms-250-stihl\/\" \/>\n<meta property=\"og:site_name\" content=\"Corralon Sanchez\" \/>\n<meta property=\"article:publisher\" content=\"https:\/\/www.facebook.com\/corralon.sanchez.belen\" \/>\n<meta property=\"article:modified_time\" content=\"2024-08-05T07:13:35+00:00\" \/>\n<meta property=\"og:image\" content=\"https:\/\/corralonsanchezbelen.com\/wp-content\/uploads\/2024\/08\/img-1-1.jpg\" \/>\n\t<meta property=\"og:image:width\" content=\"1065\" \/>\n\t<meta property=\"og:image:height\" content=\"525\" \/>\n\t<meta property=\"og:image:type\" content=\"image\/jpeg\" \/>\n<meta name=\"twitter:card\" content=\"summary_large_image\" \/>\n<meta name=\"twitter:label1\" content=\"Tiempo de lectura\" \/>\n\t<meta name=\"twitter:data1\" content=\"2 minutos\" \/>\n<script type=\"application\/ld+json\" class=\"yoast-schema-graph\">{\"@context\":\"https:\/\/schema.org\",\"@graph\":[{\"@type\":\"WebPage\",\"@id\":\"https:\/\/corralonsanchezbelen.com\/index.php\/producto\/motosierra-ms-250-stihl\/\",\"url\":\"https:\/\/corralonsanchezbelen.com\/index.php\/producto\/motosierra-ms-250-stihl\/\",\"name\":\"Motosierra MS 250 STIHL - Corralon Sanchez\",\"isPartOf\":{\"@id\":\"https:\/\/corralonsanchezbelen.com\/#website\"},\"primaryImageOfPage\":{\"@id\":\"https:\/\/corralonsanchezbelen.com\/index.php\/producto\/motosierra-ms-250-stihl\/#primaryimage\"},\"image\":{\"@id\":\"https:\/\/corralonsanchezbelen.com\/index.php\/producto\/motosierra-ms-250-stihl\/#primaryimage\"},\"thumbnailUrl\":\"https:\/\/corralonsanchezbelen.com\/wp-content\/uploads\/2024\/08\/img-1-1.jpg\",\"datePublished\":\"2024-08-05T07:11:53+00:00\",\"dateModified\":\"2024-08-05T07:13:35+00:00\",\"description\":\"Motosierra ideal para cortar le\u00f1a y para construir con madera. Un paso por encima de la MS 230, la MS 250 es lo suficientemente ligera como para realizar peque\u00f1as tareas de desbroce o limpieza, pero lo suficientemente potente como para cortar peque\u00f1as ramas y \u00e1rboles. Una combinaci\u00f3n de caracter\u00edsticas y una alta relaci\u00f3n potencia-peso la convierten en una de las mejores motosierras para el hogar del mercado. Disponible con espada de 14\\\"\/35cm, 16\\\"\/40cm o 18\\\"\/45cm.\",\"breadcrumb\":{\"@id\":\"https:\/\/corralonsanchezbelen.com\/index.php\/producto\/motosierra-ms-250-stihl\/#breadcrumb\"},\"inLanguage\":\"es\",\"potentialAction\":[{\"@type\":\"ReadAction\",\"target\":[\"https:\/\/corralonsanchezbelen.com\/index.php\/producto\/motosierra-ms-250-stihl\/\"]}]},{\"@type\":\"ImageObject\",\"inLanguage\":\"es\",\"@id\":\"https:\/\/corralonsanchezbelen.com\/index.php\/producto\/motosierra-ms-250-stihl\/#primaryimage\",\"url\":\"https:\/\/corralonsanchezbelen.com\/wp-content\/uploads\/2024\/08\/img-1-1.jpg\",\"contentUrl\":\"https:\/\/corralonsanchezbelen.com\/wp-content\/uploads\/2024\/08\/img-1-1.jpg\",\"width\":1065,\"height\":525},{\"@type\":\"BreadcrumbList\",\"@id\":\"https:\/\/corralonsanchezbelen.com\/index.php\/producto\/motosierra-ms-250-stihl\/#breadcrumb\",\"itemListElement\":[{\"@type\":\"ListItem\",\"position\":1,\"name\":\"Portada\",\"item\":\"https:\/\/corralonsanchezbelen.com\/\"},{\"@type\":\"ListItem\",\"position\":2,\"name\":\"Tienda\",\"item\":\"https:\/\/corralonsanchezbelen.com\/index.php\/tienda-2\/\"},{\"@type\":\"ListItem\",\"position\":3,\"name\":\"Motosierra MS 250 STIHL\"}]},{\"@type\":\"WebSite\",\"@id\":\"https:\/\/corralonsanchezbelen.com\/#website\",\"url\":\"https:\/\/corralonsanchezbelen.com\/\",\"name\":\"Corralon Sanchez\",\"description\":\"El maestro de la construcci\u00f3n.\",\"publisher\":{\"@id\":\"https:\/\/corralonsanchezbelen.com\/#organization\"},\"potentialAction\":[{\"@type\":\"SearchAction\",\"target\":{\"@type\":\"EntryPoint\",\"urlTemplate\":\"https:\/\/corralonsanchezbelen.com\/?s={search_term_string}\"},\"query-input\":{\"@type\":\"PropertyValueSpecification\",\"valueRequired\":true,\"valueName\":\"search_term_string\"}}],\"inLanguage\":\"es\"},{\"@type\":\"Organization\",\"@id\":\"https:\/\/corralonsanchezbelen.com\/#organization\",\"name\":\"Corralon Sanchez\",\"url\":\"https:\/\/corralonsanchezbelen.com\/\",\"logo\":{\"@type\":\"ImageObject\",\"inLanguage\":\"es\",\"@id\":\"https:\/\/corralonsanchezbelen.com\/#\/schema\/logo\/image\/\",\"url\":\"https:\/\/corralonsanchezbelen.com\/wp-content\/uploads\/2024\/06\/Diseno-sin-tituloq.png\",\"contentUrl\":\"https:\/\/corralonsanchezbelen.com\/wp-content\/uploads\/2024\/06\/Diseno-sin-tituloq.png\",\"width\":1080,\"height\":1080,\"caption\":\"Corralon Sanchez\"},\"image\":{\"@id\":\"https:\/\/corralonsanchezbelen.com\/#\/schema\/logo\/image\/\"},\"sameAs\":[\"https:\/\/www.facebook.com\/corralon.sanchez.belen\",\"https:\/\/www.instagram.com\/corralon.sanchez\/\"]}]}<\/script>\n<!-- \/ Yoast SEO plugin. -->","yoast_head_json":{"title":"Motosierra MS 250 STIHL - Corralon Sanchez","description":"Motosierra ideal para cortar le\u00f1a y para construir con madera. Un paso por encima de la MS 230, la MS 250 es lo suficientemente ligera como para realizar peque\u00f1as tareas de desbroce o limpieza, pero lo suficientemente potente como para cortar peque\u00f1as ramas y \u00e1rboles. Una combinaci\u00f3n de caracter\u00edsticas y una alta relaci\u00f3n potencia-peso la convierten en una de las mejores motosierras para el hogar del mercado. Disponible con espada de 14\"\/35cm, 16\"\/40cm o 18\"\/45cm.","robots":{"index":"index","follow":"follow","max-snippet":"max-snippet:-1","max-image-preview":"max-image-preview:large","max-video-preview":"max-video-preview:-1"},"canonical":"https:\/\/corralonsanchezbelen.com\/index.php\/producto\/motosierra-ms-250-stihl\/","og_locale":"es_ES","og_type":"article","og_title":"Motosierra MS 250 STIHL - Corralon Sanchez","og_description":"Motosierra ideal para cortar le\u00f1a y para construir con madera. Un paso por encima de la MS 230, la MS 250 es lo suficientemente ligera como para realizar peque\u00f1as tareas de desbroce o limpieza, pero lo suficientemente potente como para cortar peque\u00f1as ramas y \u00e1rboles. Una combinaci\u00f3n de caracter\u00edsticas y una alta relaci\u00f3n potencia-peso la convierten en una de las mejores motosierras para el hogar del mercado. Disponible con espada de 14\"\/35cm, 16\"\/40cm o 18\"\/45cm.","og_url":"https:\/\/corralonsanchezbelen.com\/index.php\/producto\/motosierra-ms-250-stihl\/","og_site_name":"Corralon Sanchez","article_publisher":"https:\/\/www.facebook.com\/corralon.sanchez.belen","article_modified_time":"2024-08-05T07:13:35+00:00","og_image":[{"width":1065,"height":525,"url":"https:\/\/corralonsanchezbelen.com\/wp-content\/uploads\/2024\/08\/img-1-1.jpg","type":"image\/jpeg"}],"twitter_card":"summary_large_image","twitter_misc":{"Tiempo de lectura":"2 minutos"},"schema":{"@context":"https:\/\/schema.org","@graph":[{"@type":"WebPage","@id":"https:\/\/corralonsanchezbelen.com\/index.php\/producto\/motosierra-ms-250-stihl\/","url":"https:\/\/corralonsanchezbelen.com\/index.php\/producto\/motosierra-ms-250-stihl\/","name":"Motosierra MS 250 STIHL - Corralon Sanchez","isPartOf":{"@id":"https:\/\/corralonsanchezbelen.com\/#website"},"primaryImageOfPage":{"@id":"https:\/\/corralonsanchezbelen.com\/index.php\/producto\/motosierra-ms-250-stihl\/#primaryimage"},"image":{"@id":"https:\/\/corralonsanchezbelen.com\/index.php\/producto\/motosierra-ms-250-stihl\/#primaryimage"},"thumbnailUrl":"https:\/\/corralonsanchezbelen.com\/wp-content\/uploads\/2024\/08\/img-1-1.jpg","datePublished":"2024-08-05T07:11:53+00:00","dateModified":"2024-08-05T07:13:35+00:00","description":"Motosierra ideal para cortar le\u00f1a y para construir con madera. Un paso por encima de la MS 230, la MS 250 es lo suficientemente ligera como para realizar peque\u00f1as tareas de desbroce o limpieza, pero lo suficientemente potente como para cortar peque\u00f1as ramas y \u00e1rboles. Una combinaci\u00f3n de caracter\u00edsticas y una alta relaci\u00f3n potencia-peso la convierten en una de las mejores motosierras para el hogar del mercado. Disponible con espada de 14\"\/35cm, 16\"\/40cm o 18\"\/45cm.","breadcrumb":{"@id":"https:\/\/corralonsanchezbelen.com\/index.php\/producto\/motosierra-ms-250-stihl\/#breadcrumb"},"inLanguage":"es","potentialAction":[{"@type":"ReadAction","target":["https:\/\/corralonsanchezbelen.com\/index.php\/producto\/motosierra-ms-250-stihl\/"]}]},{"@type":"ImageObject","inLanguage":"es","@id":"https:\/\/corralonsanchezbelen.com\/index.php\/producto\/motosierra-ms-250-stihl\/#primaryimage","url":"https:\/\/corralonsanchezbelen.com\/wp-content\/uploads\/2024\/08\/img-1-1.jpg","contentUrl":"https:\/\/corralonsanchezbelen.com\/wp-content\/uploads\/2024\/08\/img-1-1.jpg","width":1065,"height":525},{"@type":"BreadcrumbList","@id":"https:\/\/corralonsanchezbelen.com\/index.php\/producto\/motosierra-ms-250-stihl\/#breadcrumb","itemListElement":[{"@type":"ListItem","position":1,"name":"Portada","item":"https:\/\/corralonsanchezbelen.com\/"},{"@type":"ListItem","position":2,"name":"Tienda","item":"https:\/\/corralonsanchezbelen.com\/index.php\/tienda-2\/"},{"@type":"ListItem","position":3,"name":"Motosierra MS 250 STIHL"}]},{"@type":"WebSite","@id":"https:\/\/corralonsanchezbelen.com\/#website","url":"https:\/\/corralonsanchezbelen.com\/","name":"Corralon Sanchez","description":"El maestro de la construcci\u00f3n.","publisher":{"@id":"https:\/\/corralonsanchezbelen.com\/#organization"},"potentialAction":[{"@type":"SearchAction","target":{"@type":"EntryPoint","urlTemplate":"https:\/\/corralonsanchezbelen.com\/?s={search_term_string}"},"query-input":{"@type":"PropertyValueSpecification","valueRequired":true,"valueName":"search_term_string"}}],"inLanguage":"es"},{"@type":"Organization","@id":"https:\/\/corralonsanchezbelen.com\/#organization","name":"Corralon Sanchez","url":"https:\/\/corralonsanchezbelen.com\/","logo":{"@type":"ImageObject","inLanguage":"es","@id":"https:\/\/corralonsanchezbelen.com\/#\/schema\/logo\/image\/","url":"https:\/\/corralonsanchezbelen.com\/wp-content\/uploads\/2024\/06\/Diseno-sin-tituloq.png","contentUrl":"https:\/\/corralonsanchezbelen.com\/wp-content\/uploads\/2024\/06\/Diseno-sin-tituloq.png","width":1080,"height":1080,"caption":"Corralon Sanchez"},"image":{"@id":"https:\/\/corralonsanchezbelen.com\/#\/schema\/logo\/image\/"},"sameAs":["https:\/\/www.facebook.com\/corralon.sanchez.belen","https:\/\/www.instagram.com\/corralon.sanchez\/"]}]}},"_links":{"self":[{"href":"https:\/\/corralonsanchezbelen.com\/index.php\/wp-json\/wp\/v2\/product\/3293","targetHints":{"allow":["GET"]}}],"collection":[{"href":"https:\/\/corralonsanchezbelen.com\/index.php\/wp-json\/wp\/v2\/product"}],"about":[{"href":"https:\/\/corralonsanchezbelen.com\/index.php\/wp-json\/wp\/v2\/types\/product"}],"replies":[{"embeddable":true,"href":"https:\/\/corralonsanchezbelen.com\/index.php\/wp-json\/wp\/v2\/comments?post=3293"}],"wp:featuredmedia":[{"embeddable":true,"href":"https:\/\/corralonsanchezbelen.com\/index.php\/wp-json\/wp\/v2\/media\/3290"}],"wp:attachment":[{"href":"https:\/\/corralonsanchezbelen.com\/index.php\/wp-json\/wp\/v2\/media?parent=3293"}],"wp:term":[{"taxonomy":"product_brand","embeddable":true,"href":"https:\/\/corralonsanchezbelen.com\/index.php\/wp-json\/wp\/v2\/product_brand?post=3293"},{"taxonomy":"product_cat","embeddable":true,"href":"https:\/\/corralonsanchezbelen.com\/index.php\/wp-json\/wp\/v2\/product_cat?post=3293"},{"taxonomy":"product_tag","embeddable":true,"href":"https:\/\/corralonsanchezbelen.com\/index.php\/wp-json\/wp\/v2\/product_tag?post=3293"}],"curies":[{"name":"wp","href":"https:\/\/api.w.org\/{rel}","templated":true}]}}