{"id":3292,"date":"2024-08-05T04:09:35","date_gmt":"2024-08-05T07:09:35","guid":{"rendered":"https:\/\/corralonsanchezbelen.com\/?post_type=product&#038;p=3292"},"modified":"2024-08-05T04:11:28","modified_gmt":"2024-08-05T07:11:28","slug":"motosierra-ms-210-stihl","status":"publish","type":"product","link":"https:\/\/corralonsanchezbelen.com\/index.php\/producto\/motosierra-ms-210-stihl\/","title":{"rendered":"Motosierra MS 210 STIHL"},"content":{"rendered":"<div class=\"m_product-features__subheadline richtexteditor\">\n<p>SISTEMA ANTIVIBRACION:<br \/>\nPARA TRABAJAR CON MAYOR COMODIDAD. Durante el desarrollo de la potencia de la m\u00e1quina se producen vibraciones que se notan sobre todo en la zona de la empu\u00f1adura. Los elementos amortiguadores y el\u00e1sticos del sistema antivibraci\u00f3n STIHL reducen la transmisi\u00f3n de las vibraciones del motor a la zona de agarre y, por tanto, a tu cuerpo. El efecto: la m\u00e1quina se mueve menos y puedes trabajar con menor fatiga.<\/p>\n<\/div>\n","protected":false},"excerpt":{"rendered":"<h2 class=\"product-details__title\">Motosierra muy vers\u00e1til para el mantenimiento de terrenos.<\/h2>\n<div class=\"product-details__description richtexteditor\">Ideal para cortar le\u00f1a. Sistema antivibraci\u00f3n STIHL, tap\u00f3n de combustible sin herramientas.<br \/>\nF\u00c1CIL Y R\u00c1PIDO DE USAR. Gracias al cierre de la tapa del dep\u00f3sito sin herramientas, es posible abrir y cerrar el dep\u00f3sito de aceite y de combustible con solo unos pasos gracias al cierre de bayoneta.<\/div>\n","protected":false},"featured_media":3290,"comment_status":"open","ping_status":"closed","template":"","meta":[],"product_brand":[],"product_cat":[126,137],"product_tag":[138],"class_list":{"0":"post-3292","1":"product","2":"type-product","3":"status-publish","4":"has-post-thumbnail","6":"product_cat-herramientas-electricas","7":"product_cat-motosierra","8":"product_tag-stihl","10":"first","11":"instock","12":"taxable","13":"shipping-taxable","14":"product-type-simple"},"yoast_head":"<!-- This site is optimized with the Yoast SEO plugin v24.7 - https:\/\/yoast.com\/wordpress\/plugins\/seo\/ -->\n<title>Motosierra MS 210 STIHL - Corralon Sanchez<\/title>\n<meta name=\"description\" content=\"Motosierra muy vers\u00e1til para el mantenimiento de terrenos. Ideal para cortar le\u00f1a. Sistema antivibraci\u00f3n STIHL, tap\u00f3n de combustible sin herramientas. F\u00c1CIL Y R\u00c1PIDO DE USAR. Gracias al cierre de la tapa del dep\u00f3sito sin herramientas, es posible abrir y cerrar el dep\u00f3sito de aceite y de combustible con solo unos pasos gracias al cierre de bayoneta.\" \/>\n<meta name=\"robots\" content=\"index, follow, max-snippet:-1, max-image-preview:large, max-video-preview:-1\" \/>\n<link rel=\"canonical\" href=\"https:\/\/corralonsanchezbelen.com\/index.php\/producto\/motosierra-ms-210-stihl\/\" \/>\n<meta property=\"og:locale\" content=\"es_ES\" \/>\n<meta property=\"og:type\" content=\"article\" \/>\n<meta property=\"og:title\" content=\"Motosierra MS 210 STIHL - Corralon Sanchez\" \/>\n<meta property=\"og:description\" content=\"Motosierra muy vers\u00e1til para el mantenimiento de terrenos. Ideal para cortar le\u00f1a. Sistema antivibraci\u00f3n STIHL, tap\u00f3n de combustible sin herramientas. F\u00c1CIL Y R\u00c1PIDO DE USAR. Gracias al cierre de la tapa del dep\u00f3sito sin herramientas, es posible abrir y cerrar el dep\u00f3sito de aceite y de combustible con solo unos pasos gracias al cierre de bayoneta.\" \/>\n<meta property=\"og:url\" content=\"https:\/\/corralonsanchezbelen.com\/index.php\/producto\/motosierra-ms-210-stihl\/\" \/>\n<meta property=\"og:site_name\" content=\"Corralon Sanchez\" \/>\n<meta property=\"article:publisher\" content=\"https:\/\/www.facebook.com\/corralon.sanchez.belen\" \/>\n<meta property=\"article:modified_time\" content=\"2024-08-05T07:11:28+00:00\" \/>\n<meta property=\"og:image\" content=\"https:\/\/corralonsanchezbelen.com\/wp-content\/uploads\/2024\/08\/img-1-1.jpg\" \/>\n\t<meta property=\"og:image:width\" content=\"1065\" \/>\n\t<meta property=\"og:image:height\" content=\"525\" \/>\n\t<meta property=\"og:image:type\" content=\"image\/jpeg\" \/>\n<meta name=\"twitter:card\" content=\"summary_large_image\" \/>\n<meta name=\"twitter:label1\" content=\"Tiempo de lectura\" \/>\n\t<meta name=\"twitter:data1\" content=\"1 minuto\" \/>\n<script type=\"application\/ld+json\" class=\"yoast-schema-graph\">{\"@context\":\"https:\/\/schema.org\",\"@graph\":[{\"@type\":\"WebPage\",\"@id\":\"https:\/\/corralonsanchezbelen.com\/index.php\/producto\/motosierra-ms-210-stihl\/\",\"url\":\"https:\/\/corralonsanchezbelen.com\/index.php\/producto\/motosierra-ms-210-stihl\/\",\"name\":\"Motosierra MS 210 STIHL - Corralon Sanchez\",\"isPartOf\":{\"@id\":\"https:\/\/corralonsanchezbelen.com\/#website\"},\"primaryImageOfPage\":{\"@id\":\"https:\/\/corralonsanchezbelen.com\/index.php\/producto\/motosierra-ms-210-stihl\/#primaryimage\"},\"image\":{\"@id\":\"https:\/\/corralonsanchezbelen.com\/index.php\/producto\/motosierra-ms-210-stihl\/#primaryimage\"},\"thumbnailUrl\":\"https:\/\/corralonsanchezbelen.com\/wp-content\/uploads\/2024\/08\/img-1-1.jpg\",\"datePublished\":\"2024-08-05T07:09:35+00:00\",\"dateModified\":\"2024-08-05T07:11:28+00:00\",\"description\":\"Motosierra muy vers\u00e1til para el mantenimiento de terrenos. Ideal para cortar le\u00f1a. Sistema antivibraci\u00f3n STIHL, tap\u00f3n de combustible sin herramientas. F\u00c1CIL Y R\u00c1PIDO DE USAR. Gracias al cierre de la tapa del dep\u00f3sito sin herramientas, es posible abrir y cerrar el dep\u00f3sito de aceite y de combustible con solo unos pasos gracias al cierre de bayoneta.\",\"breadcrumb\":{\"@id\":\"https:\/\/corralonsanchezbelen.com\/index.php\/producto\/motosierra-ms-210-stihl\/#breadcrumb\"},\"inLanguage\":\"es\",\"potentialAction\":[{\"@type\":\"ReadAction\",\"target\":[\"https:\/\/corralonsanchezbelen.com\/index.php\/producto\/motosierra-ms-210-stihl\/\"]}]},{\"@type\":\"ImageObject\",\"inLanguage\":\"es\",\"@id\":\"https:\/\/corralonsanchezbelen.com\/index.php\/producto\/motosierra-ms-210-stihl\/#primaryimage\",\"url\":\"https:\/\/corralonsanchezbelen.com\/wp-content\/uploads\/2024\/08\/img-1-1.jpg\",\"contentUrl\":\"https:\/\/corralonsanchezbelen.com\/wp-content\/uploads\/2024\/08\/img-1-1.jpg\",\"width\":1065,\"height\":525},{\"@type\":\"BreadcrumbList\",\"@id\":\"https:\/\/corralonsanchezbelen.com\/index.php\/producto\/motosierra-ms-210-stihl\/#breadcrumb\",\"itemListElement\":[{\"@type\":\"ListItem\",\"position\":1,\"name\":\"Portada\",\"item\":\"https:\/\/corralonsanchezbelen.com\/\"},{\"@type\":\"ListItem\",\"position\":2,\"name\":\"Tienda\",\"item\":\"https:\/\/corralonsanchezbelen.com\/index.php\/tienda-2\/\"},{\"@type\":\"ListItem\",\"position\":3,\"name\":\"Motosierra MS 210 STIHL\"}]},{\"@type\":\"WebSite\",\"@id\":\"https:\/\/corralonsanchezbelen.com\/#website\",\"url\":\"https:\/\/corralonsanchezbelen.com\/\",\"name\":\"Corralon Sanchez\",\"description\":\"El maestro de la construcci\u00f3n.\",\"publisher\":{\"@id\":\"https:\/\/corralonsanchezbelen.com\/#organization\"},\"potentialAction\":[{\"@type\":\"SearchAction\",\"target\":{\"@type\":\"EntryPoint\",\"urlTemplate\":\"https:\/\/corralonsanchezbelen.com\/?s={search_term_string}\"},\"query-input\":{\"@type\":\"PropertyValueSpecification\",\"valueRequired\":true,\"valueName\":\"search_term_string\"}}],\"inLanguage\":\"es\"},{\"@type\":\"Organization\",\"@id\":\"https:\/\/corralonsanchezbelen.com\/#organization\",\"name\":\"Corralon Sanchez\",\"url\":\"https:\/\/corralonsanchezbelen.com\/\",\"logo\":{\"@type\":\"ImageObject\",\"inLanguage\":\"es\",\"@id\":\"https:\/\/corralonsanchezbelen.com\/#\/schema\/logo\/image\/\",\"url\":\"https:\/\/corralonsanchezbelen.com\/wp-content\/uploads\/2024\/06\/Diseno-sin-tituloq.png\",\"contentUrl\":\"https:\/\/corralonsanchezbelen.com\/wp-content\/uploads\/2024\/06\/Diseno-sin-tituloq.png\",\"width\":1080,\"height\":1080,\"caption\":\"Corralon Sanchez\"},\"image\":{\"@id\":\"https:\/\/corralonsanchezbelen.com\/#\/schema\/logo\/image\/\"},\"sameAs\":[\"https:\/\/www.facebook.com\/corralon.sanchez.belen\",\"https:\/\/www.instagram.com\/corralon.sanchez\/\"]}]}<\/script>\n<!-- \/ Yoast SEO plugin. -->","yoast_head_json":{"title":"Motosierra MS 210 STIHL - Corralon Sanchez","description":"Motosierra muy vers\u00e1til para el mantenimiento de terrenos. Ideal para cortar le\u00f1a. Sistema antivibraci\u00f3n STIHL, tap\u00f3n de combustible sin herramientas. F\u00c1CIL Y R\u00c1PIDO DE USAR. Gracias al cierre de la tapa del dep\u00f3sito sin herramientas, es posible abrir y cerrar el dep\u00f3sito de aceite y de combustible con solo unos pasos gracias al cierre de bayoneta.","robots":{"index":"index","follow":"follow","max-snippet":"max-snippet:-1","max-image-preview":"max-image-preview:large","max-video-preview":"max-video-preview:-1"},"canonical":"https:\/\/corralonsanchezbelen.com\/index.php\/producto\/motosierra-ms-210-stihl\/","og_locale":"es_ES","og_type":"article","og_title":"Motosierra MS 210 STIHL - Corralon Sanchez","og_description":"Motosierra muy vers\u00e1til para el mantenimiento de terrenos. Ideal para cortar le\u00f1a. Sistema antivibraci\u00f3n STIHL, tap\u00f3n de combustible sin herramientas. F\u00c1CIL Y R\u00c1PIDO DE USAR. Gracias al cierre de la tapa del dep\u00f3sito sin herramientas, es posible abrir y cerrar el dep\u00f3sito de aceite y de combustible con solo unos pasos gracias al cierre de bayoneta.","og_url":"https:\/\/corralonsanchezbelen.com\/index.php\/producto\/motosierra-ms-210-stihl\/","og_site_name":"Corralon Sanchez","article_publisher":"https:\/\/www.facebook.com\/corralon.sanchez.belen","article_modified_time":"2024-08-05T07:11:28+00:00","og_image":[{"width":1065,"height":525,"url":"https:\/\/corralonsanchezbelen.com\/wp-content\/uploads\/2024\/08\/img-1-1.jpg","type":"image\/jpeg"}],"twitter_card":"summary_large_image","twitter_misc":{"Tiempo de lectura":"1 minuto"},"schema":{"@context":"https:\/\/schema.org","@graph":[{"@type":"WebPage","@id":"https:\/\/corralonsanchezbelen.com\/index.php\/producto\/motosierra-ms-210-stihl\/","url":"https:\/\/corralonsanchezbelen.com\/index.php\/producto\/motosierra-ms-210-stihl\/","name":"Motosierra MS 210 STIHL - Corralon Sanchez","isPartOf":{"@id":"https:\/\/corralonsanchezbelen.com\/#website"},"primaryImageOfPage":{"@id":"https:\/\/corralonsanchezbelen.com\/index.php\/producto\/motosierra-ms-210-stihl\/#primaryimage"},"image":{"@id":"https:\/\/corralonsanchezbelen.com\/index.php\/producto\/motosierra-ms-210-stihl\/#primaryimage"},"thumbnailUrl":"https:\/\/corralonsanchezbelen.com\/wp-content\/uploads\/2024\/08\/img-1-1.jpg","datePublished":"2024-08-05T07:09:35+00:00","dateModified":"2024-08-05T07:11:28+00:00","description":"Motosierra muy vers\u00e1til para el mantenimiento de terrenos. Ideal para cortar le\u00f1a. Sistema antivibraci\u00f3n STIHL, tap\u00f3n de combustible sin herramientas. F\u00c1CIL Y R\u00c1PIDO DE USAR. Gracias al cierre de la tapa del dep\u00f3sito sin herramientas, es posible abrir y cerrar el dep\u00f3sito de aceite y de combustible con solo unos pasos gracias al cierre de bayoneta.","breadcrumb":{"@id":"https:\/\/corralonsanchezbelen.com\/index.php\/producto\/motosierra-ms-210-stihl\/#breadcrumb"},"inLanguage":"es","potentialAction":[{"@type":"ReadAction","target":["https:\/\/corralonsanchezbelen.com\/index.php\/producto\/motosierra-ms-210-stihl\/"]}]},{"@type":"ImageObject","inLanguage":"es","@id":"https:\/\/corralonsanchezbelen.com\/index.php\/producto\/motosierra-ms-210-stihl\/#primaryimage","url":"https:\/\/corralonsanchezbelen.com\/wp-content\/uploads\/2024\/08\/img-1-1.jpg","contentUrl":"https:\/\/corralonsanchezbelen.com\/wp-content\/uploads\/2024\/08\/img-1-1.jpg","width":1065,"height":525},{"@type":"BreadcrumbList","@id":"https:\/\/corralonsanchezbelen.com\/index.php\/producto\/motosierra-ms-210-stihl\/#breadcrumb","itemListElement":[{"@type":"ListItem","position":1,"name":"Portada","item":"https:\/\/corralonsanchezbelen.com\/"},{"@type":"ListItem","position":2,"name":"Tienda","item":"https:\/\/corralonsanchezbelen.com\/index.php\/tienda-2\/"},{"@type":"ListItem","position":3,"name":"Motosierra MS 210 STIHL"}]},{"@type":"WebSite","@id":"https:\/\/corralonsanchezbelen.com\/#website","url":"https:\/\/corralonsanchezbelen.com\/","name":"Corralon Sanchez","description":"El maestro de la construcci\u00f3n.","publisher":{"@id":"https:\/\/corralonsanchezbelen.com\/#organization"},"potentialAction":[{"@type":"SearchAction","target":{"@type":"EntryPoint","urlTemplate":"https:\/\/corralonsanchezbelen.com\/?s={search_term_string}"},"query-input":{"@type":"PropertyValueSpecification","valueRequired":true,"valueName":"search_term_string"}}],"inLanguage":"es"},{"@type":"Organization","@id":"https:\/\/corralonsanchezbelen.com\/#organization","name":"Corralon Sanchez","url":"https:\/\/corralonsanchezbelen.com\/","logo":{"@type":"ImageObject","inLanguage":"es","@id":"https:\/\/corralonsanchezbelen.com\/#\/schema\/logo\/image\/","url":"https:\/\/corralonsanchezbelen.com\/wp-content\/uploads\/2024\/06\/Diseno-sin-tituloq.png","contentUrl":"https:\/\/corralonsanchezbelen.com\/wp-content\/uploads\/2024\/06\/Diseno-sin-tituloq.png","width":1080,"height":1080,"caption":"Corralon Sanchez"},"image":{"@id":"https:\/\/corralonsanchezbelen.com\/#\/schema\/logo\/image\/"},"sameAs":["https:\/\/www.facebook.com\/corralon.sanchez.belen","https:\/\/www.instagram.com\/corralon.sanchez\/"]}]}},"_links":{"self":[{"href":"https:\/\/corralonsanchezbelen.com\/index.php\/wp-json\/wp\/v2\/product\/3292","targetHints":{"allow":["GET"]}}],"collection":[{"href":"https:\/\/corralonsanchezbelen.com\/index.php\/wp-json\/wp\/v2\/product"}],"about":[{"href":"https:\/\/corralonsanchezbelen.com\/index.php\/wp-json\/wp\/v2\/types\/product"}],"replies":[{"embeddable":true,"href":"https:\/\/corralonsanchezbelen.com\/index.php\/wp-json\/wp\/v2\/comments?post=3292"}],"wp:featuredmedia":[{"embeddable":true,"href":"https:\/\/corralonsanchezbelen.com\/index.php\/wp-json\/wp\/v2\/media\/3290"}],"wp:attachment":[{"href":"https:\/\/corralonsanchezbelen.com\/index.php\/wp-json\/wp\/v2\/media?parent=3292"}],"wp:term":[{"taxonomy":"product_brand","embeddable":true,"href":"https:\/\/corralonsanchezbelen.com\/index.php\/wp-json\/wp\/v2\/product_brand?post=3292"},{"taxonomy":"product_cat","embeddable":true,"href":"https:\/\/corralonsanchezbelen.com\/index.php\/wp-json\/wp\/v2\/product_cat?post=3292"},{"taxonomy":"product_tag","embeddable":true,"href":"https:\/\/corralonsanchezbelen.com\/index.php\/wp-json\/wp\/v2\/product_tag?post=3292"}],"curies":[{"name":"wp","href":"https:\/\/api.w.org\/{rel}","templated":true}]}}