{"id":3224,"date":"2024-08-05T02:57:04","date_gmt":"2024-08-05T05:57:04","guid":{"rendered":"https:\/\/corralonsanchezbelen.com\/?post_type=product&#038;p=3224"},"modified":"2024-08-05T02:57:04","modified_gmt":"2024-08-05T05:57:04","slug":"lijadora-roto-orbital-12000-opm-275w-dewalt","status":"publish","type":"product","link":"https:\/\/corralonsanchezbelen.com\/index.php\/producto\/lijadora-roto-orbital-12000-opm-275w-dewalt\/","title":{"rendered":"LIJADORA ROTO ORBITAL &#8211; 12000 OPM &#8211; 275W DeWALT"},"content":{"rendered":"","protected":false},"excerpt":{"rendered":"<ul class=\"feature-ul\">\n<li class=\"feature-list-li\">Potente motor de 275 Watts desarrolla 12000 opm que provee un lijado \u00f3ptimo en maderas y metales<\/li>\n<li class=\"feature-list-li\">Carcaza anti-deslizante y texturizada, provee comodidad y control durante usos prolongados<\/li>\n<li class=\"feature-list-li\">Interruptor sellado contra el polvo para mayor durabilidad de la herramienta<br \/>\n<h2 class=\"coh-heading title coh-style-h1---default\">M\u00e1s caracter\u00edsticas<\/h2>\n<div class=\"outer-additional-features-item\">\n<ul class=\"additional-feature-ul\">\n<li class=\"additional-feature-list-li\">Construcci\u00f3n sellada de rodamientos de bola sellados para una mayor vida \u00fatil<\/li>\n<li class=\"additional-feature-list-li\">Bolsa recolectora de polvo de gran capacidad con adaptador para extractor, provee m\u00e1xima recolecci\u00f3n de polvo con o sin sistema de aspiraci\u00f3n<\/li>\n<li class=\"additional-feature-list-li\">Dise\u00f1o balanceado de baja vibraci\u00f3n reduce la fatiga al usuario<\/li>\n<li class=\"additional-feature-list-li\">Fijaci\u00f3n del papel con velcro para facilitar el recambio del accesorio<br \/>\nDWE6421-AR<\/li>\n<\/ul>\n<\/div>\n<\/li>\n<\/ul>\n","protected":false},"featured_media":3225,"comment_status":"open","ping_status":"closed","template":"","meta":[],"product_brand":[],"product_cat":[126,135,46],"product_tag":[128],"class_list":{"0":"post-3224","1":"product","2":"type-product","3":"status-publish","4":"has-post-thumbnail","6":"product_cat-herramientas-electricas","7":"product_cat-lijadora","8":"product_cat-madera","9":"product_tag-dewalt","11":"first","12":"instock","13":"taxable","14":"shipping-taxable","15":"product-type-simple"},"yoast_head":"<!-- This site is optimized with the Yoast SEO plugin v24.7 - https:\/\/yoast.com\/wordpress\/plugins\/seo\/ -->\n<title>LIJADORA ROTO ORBITAL - 12000 OPM - 275W DeWALT - Corralon Sanchez<\/title>\n<meta name=\"description\" content=\"Potente motor de 275 Watts desarrolla 12000 opm que provee un lijado \u00f3ptimo en maderas y metales  Carcaza anti-deslizante y texturizada, provee comodidad y control durante usos prolongados  Interruptor sellado contra el polvo para mayor durabilidad de la herramienta M\u00e1s caracter\u00edsticas    Construcci\u00f3n sellada de rodamientos de bola sellados para una mayor vida \u00fatil  Bolsa recolectora de polvo de gran capacidad con adaptador para extractor, provee m\u00e1xima recolecci\u00f3n de polvo con o sin sistema de aspiraci\u00f3n  Dise\u00f1o balanceado de baja vibraci\u00f3n reduce la fatiga al usuario  Fijaci\u00f3n del papel con velcro para facilitar el recambio del accesorio DWE6421-AR\" \/>\n<meta name=\"robots\" content=\"index, follow, max-snippet:-1, max-image-preview:large, max-video-preview:-1\" \/>\n<link rel=\"canonical\" href=\"https:\/\/corralonsanchezbelen.com\/index.php\/producto\/lijadora-roto-orbital-12000-opm-275w-dewalt\/\" \/>\n<meta property=\"og:locale\" content=\"es_ES\" \/>\n<meta property=\"og:type\" content=\"article\" \/>\n<meta property=\"og:title\" content=\"LIJADORA ROTO ORBITAL - 12000 OPM - 275W DeWALT - Corralon Sanchez\" \/>\n<meta property=\"og:description\" content=\"Potente motor de 275 Watts desarrolla 12000 opm que provee un lijado \u00f3ptimo en maderas y metales  Carcaza anti-deslizante y texturizada, provee comodidad y control durante usos prolongados  Interruptor sellado contra el polvo para mayor durabilidad de la herramienta M\u00e1s caracter\u00edsticas    Construcci\u00f3n sellada de rodamientos de bola sellados para una mayor vida \u00fatil  Bolsa recolectora de polvo de gran capacidad con adaptador para extractor, provee m\u00e1xima recolecci\u00f3n de polvo con o sin sistema de aspiraci\u00f3n  Dise\u00f1o balanceado de baja vibraci\u00f3n reduce la fatiga al usuario  Fijaci\u00f3n del papel con velcro para facilitar el recambio del accesorio DWE6421-AR\" \/>\n<meta property=\"og:url\" content=\"https:\/\/corralonsanchezbelen.com\/index.php\/producto\/lijadora-roto-orbital-12000-opm-275w-dewalt\/\" \/>\n<meta property=\"og:site_name\" content=\"Corralon Sanchez\" \/>\n<meta property=\"article:publisher\" content=\"https:\/\/www.facebook.com\/corralon.sanchez.belen\" \/>\n<meta property=\"og:image\" content=\"https:\/\/corralonsanchezbelen.com\/wp-content\/uploads\/2024\/06\/Diseno-sin-titulo-4.png\" \/>\n\t<meta property=\"og:image:width\" content=\"1200\" \/>\n\t<meta property=\"og:image:height\" content=\"675\" \/>\n\t<meta property=\"og:image:type\" content=\"image\/png\" \/>\n<meta name=\"twitter:card\" content=\"summary_large_image\" \/>\n<meta name=\"twitter:label1\" content=\"Tiempo de lectura\" \/>\n\t<meta name=\"twitter:data1\" content=\"1 minuto\" \/>\n<script type=\"application\/ld+json\" class=\"yoast-schema-graph\">{\"@context\":\"https:\/\/schema.org\",\"@graph\":[{\"@type\":\"WebPage\",\"@id\":\"https:\/\/corralonsanchezbelen.com\/index.php\/producto\/lijadora-roto-orbital-12000-opm-275w-dewalt\/\",\"url\":\"https:\/\/corralonsanchezbelen.com\/index.php\/producto\/lijadora-roto-orbital-12000-opm-275w-dewalt\/\",\"name\":\"LIJADORA ROTO ORBITAL - 12000 OPM - 275W DeWALT - Corralon Sanchez\",\"isPartOf\":{\"@id\":\"https:\/\/corralonsanchezbelen.com\/#website\"},\"primaryImageOfPage\":{\"@id\":\"https:\/\/corralonsanchezbelen.com\/index.php\/producto\/lijadora-roto-orbital-12000-opm-275w-dewalt\/#primaryimage\"},\"image\":{\"@id\":\"https:\/\/corralonsanchezbelen.com\/index.php\/producto\/lijadora-roto-orbital-12000-opm-275w-dewalt\/#primaryimage\"},\"thumbnailUrl\":\"https:\/\/corralonsanchezbelen.com\/wp-content\/uploads\/2024\/08\/DWE6421_1.avif\",\"datePublished\":\"2024-08-05T05:57:04+00:00\",\"description\":\"Potente motor de 275 Watts desarrolla 12000 opm que provee un lijado \u00f3ptimo en maderas y metales Carcaza anti-deslizante y texturizada, provee comodidad y control durante usos prolongados Interruptor sellado contra el polvo para mayor durabilidad de la herramienta M\u00e1s caracter\u00edsticas Construcci\u00f3n sellada de rodamientos de bola sellados para una mayor vida \u00fatil Bolsa recolectora de polvo de gran capacidad con adaptador para extractor, provee m\u00e1xima recolecci\u00f3n de polvo con o sin sistema de aspiraci\u00f3n Dise\u00f1o balanceado de baja vibraci\u00f3n reduce la fatiga al usuario Fijaci\u00f3n del papel con velcro para facilitar el recambio del accesorio DWE6421-AR\",\"breadcrumb\":{\"@id\":\"https:\/\/corralonsanchezbelen.com\/index.php\/producto\/lijadora-roto-orbital-12000-opm-275w-dewalt\/#breadcrumb\"},\"inLanguage\":\"es\",\"potentialAction\":[{\"@type\":\"ReadAction\",\"target\":[\"https:\/\/corralonsanchezbelen.com\/index.php\/producto\/lijadora-roto-orbital-12000-opm-275w-dewalt\/\"]}]},{\"@type\":\"ImageObject\",\"inLanguage\":\"es\",\"@id\":\"https:\/\/corralonsanchezbelen.com\/index.php\/producto\/lijadora-roto-orbital-12000-opm-275w-dewalt\/#primaryimage\",\"url\":\"https:\/\/corralonsanchezbelen.com\/wp-content\/uploads\/2024\/08\/DWE6421_1.avif\",\"contentUrl\":\"https:\/\/corralonsanchezbelen.com\/wp-content\/uploads\/2024\/08\/DWE6421_1.avif\",\"width\":530,\"height\":530},{\"@type\":\"BreadcrumbList\",\"@id\":\"https:\/\/corralonsanchezbelen.com\/index.php\/producto\/lijadora-roto-orbital-12000-opm-275w-dewalt\/#breadcrumb\",\"itemListElement\":[{\"@type\":\"ListItem\",\"position\":1,\"name\":\"Portada\",\"item\":\"https:\/\/corralonsanchezbelen.com\/\"},{\"@type\":\"ListItem\",\"position\":2,\"name\":\"Tienda\",\"item\":\"https:\/\/corralonsanchezbelen.com\/index.php\/tienda-2\/\"},{\"@type\":\"ListItem\",\"position\":3,\"name\":\"LIJADORA ROTO ORBITAL &#8211; 12000 OPM &#8211; 275W DeWALT\"}]},{\"@type\":\"WebSite\",\"@id\":\"https:\/\/corralonsanchezbelen.com\/#website\",\"url\":\"https:\/\/corralonsanchezbelen.com\/\",\"name\":\"Corralon Sanchez\",\"description\":\"El maestro de la construcci\u00f3n.\",\"publisher\":{\"@id\":\"https:\/\/corralonsanchezbelen.com\/#organization\"},\"potentialAction\":[{\"@type\":\"SearchAction\",\"target\":{\"@type\":\"EntryPoint\",\"urlTemplate\":\"https:\/\/corralonsanchezbelen.com\/?s={search_term_string}\"},\"query-input\":{\"@type\":\"PropertyValueSpecification\",\"valueRequired\":true,\"valueName\":\"search_term_string\"}}],\"inLanguage\":\"es\"},{\"@type\":\"Organization\",\"@id\":\"https:\/\/corralonsanchezbelen.com\/#organization\",\"name\":\"Corralon Sanchez\",\"url\":\"https:\/\/corralonsanchezbelen.com\/\",\"logo\":{\"@type\":\"ImageObject\",\"inLanguage\":\"es\",\"@id\":\"https:\/\/corralonsanchezbelen.com\/#\/schema\/logo\/image\/\",\"url\":\"https:\/\/corralonsanchezbelen.com\/wp-content\/uploads\/2024\/06\/Diseno-sin-tituloq.png\",\"contentUrl\":\"https:\/\/corralonsanchezbelen.com\/wp-content\/uploads\/2024\/06\/Diseno-sin-tituloq.png\",\"width\":1080,\"height\":1080,\"caption\":\"Corralon Sanchez\"},\"image\":{\"@id\":\"https:\/\/corralonsanchezbelen.com\/#\/schema\/logo\/image\/\"},\"sameAs\":[\"https:\/\/www.facebook.com\/corralon.sanchez.belen\",\"https:\/\/www.instagram.com\/corralon.sanchez\/\"]}]}<\/script>\n<!-- \/ Yoast SEO plugin. -->","yoast_head_json":{"title":"LIJADORA ROTO ORBITAL - 12000 OPM - 275W DeWALT - Corralon Sanchez","description":"Potente motor de 275 Watts desarrolla 12000 opm que provee un lijado \u00f3ptimo en maderas y metales  Carcaza anti-deslizante y texturizada, provee comodidad y control durante usos prolongados  Interruptor sellado contra el polvo para mayor durabilidad de la herramienta M\u00e1s caracter\u00edsticas    Construcci\u00f3n sellada de rodamientos de bola sellados para una mayor vida \u00fatil  Bolsa recolectora de polvo de gran capacidad con adaptador para extractor, provee m\u00e1xima recolecci\u00f3n de polvo con o sin sistema de aspiraci\u00f3n  Dise\u00f1o balanceado de baja vibraci\u00f3n reduce la fatiga al usuario  Fijaci\u00f3n del papel con velcro para facilitar el recambio del accesorio DWE6421-AR","robots":{"index":"index","follow":"follow","max-snippet":"max-snippet:-1","max-image-preview":"max-image-preview:large","max-video-preview":"max-video-preview:-1"},"canonical":"https:\/\/corralonsanchezbelen.com\/index.php\/producto\/lijadora-roto-orbital-12000-opm-275w-dewalt\/","og_locale":"es_ES","og_type":"article","og_title":"LIJADORA ROTO ORBITAL - 12000 OPM - 275W DeWALT - Corralon Sanchez","og_description":"Potente motor de 275 Watts desarrolla 12000 opm que provee un lijado \u00f3ptimo en maderas y metales  Carcaza anti-deslizante y texturizada, provee comodidad y control durante usos prolongados  Interruptor sellado contra el polvo para mayor durabilidad de la herramienta M\u00e1s caracter\u00edsticas    Construcci\u00f3n sellada de rodamientos de bola sellados para una mayor vida \u00fatil  Bolsa recolectora de polvo de gran capacidad con adaptador para extractor, provee m\u00e1xima recolecci\u00f3n de polvo con o sin sistema de aspiraci\u00f3n  Dise\u00f1o balanceado de baja vibraci\u00f3n reduce la fatiga al usuario  Fijaci\u00f3n del papel con velcro para facilitar el recambio del accesorio DWE6421-AR","og_url":"https:\/\/corralonsanchezbelen.com\/index.php\/producto\/lijadora-roto-orbital-12000-opm-275w-dewalt\/","og_site_name":"Corralon Sanchez","article_publisher":"https:\/\/www.facebook.com\/corralon.sanchez.belen","og_image":[{"width":1200,"height":675,"url":"https:\/\/corralonsanchezbelen.com\/wp-content\/uploads\/2024\/06\/Diseno-sin-titulo-4.png","type":"image\/png"}],"twitter_card":"summary_large_image","twitter_misc":{"Tiempo de lectura":"1 minuto"},"schema":{"@context":"https:\/\/schema.org","@graph":[{"@type":"WebPage","@id":"https:\/\/corralonsanchezbelen.com\/index.php\/producto\/lijadora-roto-orbital-12000-opm-275w-dewalt\/","url":"https:\/\/corralonsanchezbelen.com\/index.php\/producto\/lijadora-roto-orbital-12000-opm-275w-dewalt\/","name":"LIJADORA ROTO ORBITAL - 12000 OPM - 275W DeWALT - Corralon Sanchez","isPartOf":{"@id":"https:\/\/corralonsanchezbelen.com\/#website"},"primaryImageOfPage":{"@id":"https:\/\/corralonsanchezbelen.com\/index.php\/producto\/lijadora-roto-orbital-12000-opm-275w-dewalt\/#primaryimage"},"image":{"@id":"https:\/\/corralonsanchezbelen.com\/index.php\/producto\/lijadora-roto-orbital-12000-opm-275w-dewalt\/#primaryimage"},"thumbnailUrl":"https:\/\/corralonsanchezbelen.com\/wp-content\/uploads\/2024\/08\/DWE6421_1.avif","datePublished":"2024-08-05T05:57:04+00:00","description":"Potente motor de 275 Watts desarrolla 12000 opm que provee un lijado \u00f3ptimo en maderas y metales Carcaza anti-deslizante y texturizada, provee comodidad y control durante usos prolongados Interruptor sellado contra el polvo para mayor durabilidad de la herramienta M\u00e1s caracter\u00edsticas Construcci\u00f3n sellada de rodamientos de bola sellados para una mayor vida \u00fatil Bolsa recolectora de polvo de gran capacidad con adaptador para extractor, provee m\u00e1xima recolecci\u00f3n de polvo con o sin sistema de aspiraci\u00f3n Dise\u00f1o balanceado de baja vibraci\u00f3n reduce la fatiga al usuario Fijaci\u00f3n del papel con velcro para facilitar el recambio del accesorio DWE6421-AR","breadcrumb":{"@id":"https:\/\/corralonsanchezbelen.com\/index.php\/producto\/lijadora-roto-orbital-12000-opm-275w-dewalt\/#breadcrumb"},"inLanguage":"es","potentialAction":[{"@type":"ReadAction","target":["https:\/\/corralonsanchezbelen.com\/index.php\/producto\/lijadora-roto-orbital-12000-opm-275w-dewalt\/"]}]},{"@type":"ImageObject","inLanguage":"es","@id":"https:\/\/corralonsanchezbelen.com\/index.php\/producto\/lijadora-roto-orbital-12000-opm-275w-dewalt\/#primaryimage","url":"https:\/\/corralonsanchezbelen.com\/wp-content\/uploads\/2024\/08\/DWE6421_1.avif","contentUrl":"https:\/\/corralonsanchezbelen.com\/wp-content\/uploads\/2024\/08\/DWE6421_1.avif","width":530,"height":530},{"@type":"BreadcrumbList","@id":"https:\/\/corralonsanchezbelen.com\/index.php\/producto\/lijadora-roto-orbital-12000-opm-275w-dewalt\/#breadcrumb","itemListElement":[{"@type":"ListItem","position":1,"name":"Portada","item":"https:\/\/corralonsanchezbelen.com\/"},{"@type":"ListItem","position":2,"name":"Tienda","item":"https:\/\/corralonsanchezbelen.com\/index.php\/tienda-2\/"},{"@type":"ListItem","position":3,"name":"LIJADORA ROTO ORBITAL &#8211; 12000 OPM &#8211; 275W DeWALT"}]},{"@type":"WebSite","@id":"https:\/\/corralonsanchezbelen.com\/#website","url":"https:\/\/corralonsanchezbelen.com\/","name":"Corralon Sanchez","description":"El maestro de la construcci\u00f3n.","publisher":{"@id":"https:\/\/corralonsanchezbelen.com\/#organization"},"potentialAction":[{"@type":"SearchAction","target":{"@type":"EntryPoint","urlTemplate":"https:\/\/corralonsanchezbelen.com\/?s={search_term_string}"},"query-input":{"@type":"PropertyValueSpecification","valueRequired":true,"valueName":"search_term_string"}}],"inLanguage":"es"},{"@type":"Organization","@id":"https:\/\/corralonsanchezbelen.com\/#organization","name":"Corralon Sanchez","url":"https:\/\/corralonsanchezbelen.com\/","logo":{"@type":"ImageObject","inLanguage":"es","@id":"https:\/\/corralonsanchezbelen.com\/#\/schema\/logo\/image\/","url":"https:\/\/corralonsanchezbelen.com\/wp-content\/uploads\/2024\/06\/Diseno-sin-tituloq.png","contentUrl":"https:\/\/corralonsanchezbelen.com\/wp-content\/uploads\/2024\/06\/Diseno-sin-tituloq.png","width":1080,"height":1080,"caption":"Corralon Sanchez"},"image":{"@id":"https:\/\/corralonsanchezbelen.com\/#\/schema\/logo\/image\/"},"sameAs":["https:\/\/www.facebook.com\/corralon.sanchez.belen","https:\/\/www.instagram.com\/corralon.sanchez\/"]}]}},"_links":{"self":[{"href":"https:\/\/corralonsanchezbelen.com\/index.php\/wp-json\/wp\/v2\/product\/3224","targetHints":{"allow":["GET"]}}],"collection":[{"href":"https:\/\/corralonsanchezbelen.com\/index.php\/wp-json\/wp\/v2\/product"}],"about":[{"href":"https:\/\/corralonsanchezbelen.com\/index.php\/wp-json\/wp\/v2\/types\/product"}],"replies":[{"embeddable":true,"href":"https:\/\/corralonsanchezbelen.com\/index.php\/wp-json\/wp\/v2\/comments?post=3224"}],"wp:featuredmedia":[{"embeddable":true,"href":"https:\/\/corralonsanchezbelen.com\/index.php\/wp-json\/wp\/v2\/media\/3225"}],"wp:attachment":[{"href":"https:\/\/corralonsanchezbelen.com\/index.php\/wp-json\/wp\/v2\/media?parent=3224"}],"wp:term":[{"taxonomy":"product_brand","embeddable":true,"href":"https:\/\/corralonsanchezbelen.com\/index.php\/wp-json\/wp\/v2\/product_brand?post=3224"},{"taxonomy":"product_cat","embeddable":true,"href":"https:\/\/corralonsanchezbelen.com\/index.php\/wp-json\/wp\/v2\/product_cat?post=3224"},{"taxonomy":"product_tag","embeddable":true,"href":"https:\/\/corralonsanchezbelen.com\/index.php\/wp-json\/wp\/v2\/product_tag?post=3224"}],"curies":[{"name":"wp","href":"https:\/\/api.w.org\/{rel}","templated":true}]}}