{"id":3214,"date":"2024-08-05T02:45:21","date_gmt":"2024-08-05T05:45:21","guid":{"rendered":"https:\/\/corralonsanchezbelen.com\/?post_type=product&#038;p=3214"},"modified":"2024-08-05T02:45:21","modified_gmt":"2024-08-05T05:45:21","slug":"cepillo-electrico-de-1-5mm-600-watts-dewalt","status":"publish","type":"product","link":"https:\/\/corralonsanchezbelen.com\/index.php\/producto\/cepillo-electrico-de-1-5mm-600-watts-dewalt\/","title":{"rendered":"Cepillo el\u00e9ctrico de 1.5mm &#8211; 600 Watts DeWALT"},"content":{"rendered":"","protected":false},"excerpt":{"rendered":"<p>DW677-AR<\/p>\n<ul class=\"feature-ul\">\n<li class=\"feature-list-li\">Potente motor de 600W genera 15000rpm permite realizar rebajes r\u00e1pidos y precisos de hasta 1.5mm en superficies planas<\/li>\n<li class=\"feature-list-li\">Precisi\u00f3n de corte de un solo paso de 0 a 1.5 mm<\/li>\n<li class=\"feature-list-li\">Base de aleaci\u00f3n de aluminio para mayor durabilidad<br \/>\n<h2 class=\"coh-heading title coh-style-h1---default\">M\u00e1s caracter\u00edsticas<\/h2>\n<div class=\"outer-additional-features-item\">\n<ul class=\"additional-feature-ul\">\n<li class=\"additional-feature-list-li\">Construcci\u00f3n 100% en rodamientos brinda mayor vida \u00fatil<\/li>\n<li class=\"additional-feature-list-li\">Interruptor de seguridad, evita el arranque involuntario<\/li>\n<\/ul>\n<\/div>\n<\/li>\n<\/ul>\n","protected":false},"featured_media":3215,"comment_status":"open","ping_status":"closed","template":"","meta":[],"product_brand":[],"product_cat":[134,126],"product_tag":[128],"class_list":{"0":"post-3214","1":"product","2":"type-product","3":"status-publish","4":"has-post-thumbnail","6":"product_cat-cepillo-electrico","7":"product_cat-herramientas-electricas","8":"product_tag-dewalt","10":"first","11":"instock","12":"taxable","13":"shipping-taxable","14":"product-type-simple"},"yoast_head":"<!-- This site is optimized with the Yoast SEO plugin v24.7 - https:\/\/yoast.com\/wordpress\/plugins\/seo\/ -->\n<title>Cepillo el\u00e9ctrico de 1.5mm - 600 Watts DeWALT - Corralon Sanchez<\/title>\n<meta name=\"description\" content=\"DW677-AR   Potente motor de 600W genera 15000rpm permite realizar rebajes r\u00e1pidos y precisos de hasta 1.5mm en superficies planas  Precisi\u00f3n de corte de un solo paso de 0 a 1.5 mm  Base de aleaci\u00f3n de aluminio para mayor durabilidad M\u00e1s caracter\u00edsticas    Construcci\u00f3n 100% en rodamientos brinda mayor vida \u00fatil  Interruptor de seguridad, evita el arranque involuntario\" \/>\n<meta name=\"robots\" content=\"index, follow, max-snippet:-1, max-image-preview:large, max-video-preview:-1\" \/>\n<link rel=\"canonical\" href=\"https:\/\/corralonsanchezbelen.com\/index.php\/producto\/cepillo-electrico-de-1-5mm-600-watts-dewalt\/\" \/>\n<meta property=\"og:locale\" content=\"es_ES\" \/>\n<meta property=\"og:type\" content=\"article\" \/>\n<meta property=\"og:title\" content=\"Cepillo el\u00e9ctrico de 1.5mm - 600 Watts DeWALT - Corralon Sanchez\" \/>\n<meta property=\"og:description\" content=\"DW677-AR   Potente motor de 600W genera 15000rpm permite realizar rebajes r\u00e1pidos y precisos de hasta 1.5mm en superficies planas  Precisi\u00f3n de corte de un solo paso de 0 a 1.5 mm  Base de aleaci\u00f3n de aluminio para mayor durabilidad M\u00e1s caracter\u00edsticas    Construcci\u00f3n 100% en rodamientos brinda mayor vida \u00fatil  Interruptor de seguridad, evita el arranque involuntario\" \/>\n<meta property=\"og:url\" content=\"https:\/\/corralonsanchezbelen.com\/index.php\/producto\/cepillo-electrico-de-1-5mm-600-watts-dewalt\/\" \/>\n<meta property=\"og:site_name\" content=\"Corralon Sanchez\" \/>\n<meta property=\"article:publisher\" content=\"https:\/\/www.facebook.com\/corralon.sanchez.belen\" \/>\n<meta property=\"og:image\" content=\"https:\/\/corralonsanchezbelen.com\/wp-content\/uploads\/2024\/06\/Diseno-sin-titulo-4.png\" \/>\n\t<meta property=\"og:image:width\" content=\"1200\" \/>\n\t<meta property=\"og:image:height\" content=\"675\" \/>\n\t<meta property=\"og:image:type\" content=\"image\/png\" \/>\n<meta name=\"twitter:card\" content=\"summary_large_image\" \/>\n<meta name=\"twitter:label1\" content=\"Tiempo de lectura\" \/>\n\t<meta name=\"twitter:data1\" content=\"1 minuto\" \/>\n<script type=\"application\/ld+json\" class=\"yoast-schema-graph\">{\"@context\":\"https:\/\/schema.org\",\"@graph\":[{\"@type\":\"WebPage\",\"@id\":\"https:\/\/corralonsanchezbelen.com\/index.php\/producto\/cepillo-electrico-de-1-5mm-600-watts-dewalt\/\",\"url\":\"https:\/\/corralonsanchezbelen.com\/index.php\/producto\/cepillo-electrico-de-1-5mm-600-watts-dewalt\/\",\"name\":\"Cepillo el\u00e9ctrico de 1.5mm - 600 Watts DeWALT - Corralon Sanchez\",\"isPartOf\":{\"@id\":\"https:\/\/corralonsanchezbelen.com\/#website\"},\"primaryImageOfPage\":{\"@id\":\"https:\/\/corralonsanchezbelen.com\/index.php\/producto\/cepillo-electrico-de-1-5mm-600-watts-dewalt\/#primaryimage\"},\"image\":{\"@id\":\"https:\/\/corralonsanchezbelen.com\/index.php\/producto\/cepillo-electrico-de-1-5mm-600-watts-dewalt\/#primaryimage\"},\"thumbnailUrl\":\"https:\/\/corralonsanchezbelen.com\/wp-content\/uploads\/2024\/08\/DW677_3.avif\",\"datePublished\":\"2024-08-05T05:45:21+00:00\",\"description\":\"DW677-AR Potente motor de 600W genera 15000rpm permite realizar rebajes r\u00e1pidos y precisos de hasta 1.5mm en superficies planas Precisi\u00f3n de corte de un solo paso de 0 a 1.5 mm Base de aleaci\u00f3n de aluminio para mayor durabilidad M\u00e1s caracter\u00edsticas Construcci\u00f3n 100% en rodamientos brinda mayor vida \u00fatil Interruptor de seguridad, evita el arranque involuntario\",\"breadcrumb\":{\"@id\":\"https:\/\/corralonsanchezbelen.com\/index.php\/producto\/cepillo-electrico-de-1-5mm-600-watts-dewalt\/#breadcrumb\"},\"inLanguage\":\"es\",\"potentialAction\":[{\"@type\":\"ReadAction\",\"target\":[\"https:\/\/corralonsanchezbelen.com\/index.php\/producto\/cepillo-electrico-de-1-5mm-600-watts-dewalt\/\"]}]},{\"@type\":\"ImageObject\",\"inLanguage\":\"es\",\"@id\":\"https:\/\/corralonsanchezbelen.com\/index.php\/producto\/cepillo-electrico-de-1-5mm-600-watts-dewalt\/#primaryimage\",\"url\":\"https:\/\/corralonsanchezbelen.com\/wp-content\/uploads\/2024\/08\/DW677_3.avif\",\"contentUrl\":\"https:\/\/corralonsanchezbelen.com\/wp-content\/uploads\/2024\/08\/DW677_3.avif\",\"width\":530,\"height\":530},{\"@type\":\"BreadcrumbList\",\"@id\":\"https:\/\/corralonsanchezbelen.com\/index.php\/producto\/cepillo-electrico-de-1-5mm-600-watts-dewalt\/#breadcrumb\",\"itemListElement\":[{\"@type\":\"ListItem\",\"position\":1,\"name\":\"Portada\",\"item\":\"https:\/\/corralonsanchezbelen.com\/\"},{\"@type\":\"ListItem\",\"position\":2,\"name\":\"Tienda\",\"item\":\"https:\/\/corralonsanchezbelen.com\/index.php\/tienda-2\/\"},{\"@type\":\"ListItem\",\"position\":3,\"name\":\"Cepillo el\u00e9ctrico de 1.5mm &#8211; 600 Watts DeWALT\"}]},{\"@type\":\"WebSite\",\"@id\":\"https:\/\/corralonsanchezbelen.com\/#website\",\"url\":\"https:\/\/corralonsanchezbelen.com\/\",\"name\":\"Corralon Sanchez\",\"description\":\"El maestro de la construcci\u00f3n.\",\"publisher\":{\"@id\":\"https:\/\/corralonsanchezbelen.com\/#organization\"},\"potentialAction\":[{\"@type\":\"SearchAction\",\"target\":{\"@type\":\"EntryPoint\",\"urlTemplate\":\"https:\/\/corralonsanchezbelen.com\/?s={search_term_string}\"},\"query-input\":{\"@type\":\"PropertyValueSpecification\",\"valueRequired\":true,\"valueName\":\"search_term_string\"}}],\"inLanguage\":\"es\"},{\"@type\":\"Organization\",\"@id\":\"https:\/\/corralonsanchezbelen.com\/#organization\",\"name\":\"Corralon Sanchez\",\"url\":\"https:\/\/corralonsanchezbelen.com\/\",\"logo\":{\"@type\":\"ImageObject\",\"inLanguage\":\"es\",\"@id\":\"https:\/\/corralonsanchezbelen.com\/#\/schema\/logo\/image\/\",\"url\":\"https:\/\/corralonsanchezbelen.com\/wp-content\/uploads\/2024\/06\/Diseno-sin-tituloq.png\",\"contentUrl\":\"https:\/\/corralonsanchezbelen.com\/wp-content\/uploads\/2024\/06\/Diseno-sin-tituloq.png\",\"width\":1080,\"height\":1080,\"caption\":\"Corralon Sanchez\"},\"image\":{\"@id\":\"https:\/\/corralonsanchezbelen.com\/#\/schema\/logo\/image\/\"},\"sameAs\":[\"https:\/\/www.facebook.com\/corralon.sanchez.belen\",\"https:\/\/www.instagram.com\/corralon.sanchez\/\"]}]}<\/script>\n<!-- \/ Yoast SEO plugin. -->","yoast_head_json":{"title":"Cepillo el\u00e9ctrico de 1.5mm - 600 Watts DeWALT - Corralon Sanchez","description":"DW677-AR   Potente motor de 600W genera 15000rpm permite realizar rebajes r\u00e1pidos y precisos de hasta 1.5mm en superficies planas  Precisi\u00f3n de corte de un solo paso de 0 a 1.5 mm  Base de aleaci\u00f3n de aluminio para mayor durabilidad M\u00e1s caracter\u00edsticas    Construcci\u00f3n 100% en rodamientos brinda mayor vida \u00fatil  Interruptor de seguridad, evita el arranque involuntario","robots":{"index":"index","follow":"follow","max-snippet":"max-snippet:-1","max-image-preview":"max-image-preview:large","max-video-preview":"max-video-preview:-1"},"canonical":"https:\/\/corralonsanchezbelen.com\/index.php\/producto\/cepillo-electrico-de-1-5mm-600-watts-dewalt\/","og_locale":"es_ES","og_type":"article","og_title":"Cepillo el\u00e9ctrico de 1.5mm - 600 Watts DeWALT - Corralon Sanchez","og_description":"DW677-AR   Potente motor de 600W genera 15000rpm permite realizar rebajes r\u00e1pidos y precisos de hasta 1.5mm en superficies planas  Precisi\u00f3n de corte de un solo paso de 0 a 1.5 mm  Base de aleaci\u00f3n de aluminio para mayor durabilidad M\u00e1s caracter\u00edsticas    Construcci\u00f3n 100% en rodamientos brinda mayor vida \u00fatil  Interruptor de seguridad, evita el arranque involuntario","og_url":"https:\/\/corralonsanchezbelen.com\/index.php\/producto\/cepillo-electrico-de-1-5mm-600-watts-dewalt\/","og_site_name":"Corralon Sanchez","article_publisher":"https:\/\/www.facebook.com\/corralon.sanchez.belen","og_image":[{"width":1200,"height":675,"url":"https:\/\/corralonsanchezbelen.com\/wp-content\/uploads\/2024\/06\/Diseno-sin-titulo-4.png","type":"image\/png"}],"twitter_card":"summary_large_image","twitter_misc":{"Tiempo de lectura":"1 minuto"},"schema":{"@context":"https:\/\/schema.org","@graph":[{"@type":"WebPage","@id":"https:\/\/corralonsanchezbelen.com\/index.php\/producto\/cepillo-electrico-de-1-5mm-600-watts-dewalt\/","url":"https:\/\/corralonsanchezbelen.com\/index.php\/producto\/cepillo-electrico-de-1-5mm-600-watts-dewalt\/","name":"Cepillo el\u00e9ctrico de 1.5mm - 600 Watts DeWALT - Corralon Sanchez","isPartOf":{"@id":"https:\/\/corralonsanchezbelen.com\/#website"},"primaryImageOfPage":{"@id":"https:\/\/corralonsanchezbelen.com\/index.php\/producto\/cepillo-electrico-de-1-5mm-600-watts-dewalt\/#primaryimage"},"image":{"@id":"https:\/\/corralonsanchezbelen.com\/index.php\/producto\/cepillo-electrico-de-1-5mm-600-watts-dewalt\/#primaryimage"},"thumbnailUrl":"https:\/\/corralonsanchezbelen.com\/wp-content\/uploads\/2024\/08\/DW677_3.avif","datePublished":"2024-08-05T05:45:21+00:00","description":"DW677-AR Potente motor de 600W genera 15000rpm permite realizar rebajes r\u00e1pidos y precisos de hasta 1.5mm en superficies planas Precisi\u00f3n de corte de un solo paso de 0 a 1.5 mm Base de aleaci\u00f3n de aluminio para mayor durabilidad M\u00e1s caracter\u00edsticas Construcci\u00f3n 100% en rodamientos brinda mayor vida \u00fatil Interruptor de seguridad, evita el arranque involuntario","breadcrumb":{"@id":"https:\/\/corralonsanchezbelen.com\/index.php\/producto\/cepillo-electrico-de-1-5mm-600-watts-dewalt\/#breadcrumb"},"inLanguage":"es","potentialAction":[{"@type":"ReadAction","target":["https:\/\/corralonsanchezbelen.com\/index.php\/producto\/cepillo-electrico-de-1-5mm-600-watts-dewalt\/"]}]},{"@type":"ImageObject","inLanguage":"es","@id":"https:\/\/corralonsanchezbelen.com\/index.php\/producto\/cepillo-electrico-de-1-5mm-600-watts-dewalt\/#primaryimage","url":"https:\/\/corralonsanchezbelen.com\/wp-content\/uploads\/2024\/08\/DW677_3.avif","contentUrl":"https:\/\/corralonsanchezbelen.com\/wp-content\/uploads\/2024\/08\/DW677_3.avif","width":530,"height":530},{"@type":"BreadcrumbList","@id":"https:\/\/corralonsanchezbelen.com\/index.php\/producto\/cepillo-electrico-de-1-5mm-600-watts-dewalt\/#breadcrumb","itemListElement":[{"@type":"ListItem","position":1,"name":"Portada","item":"https:\/\/corralonsanchezbelen.com\/"},{"@type":"ListItem","position":2,"name":"Tienda","item":"https:\/\/corralonsanchezbelen.com\/index.php\/tienda-2\/"},{"@type":"ListItem","position":3,"name":"Cepillo el\u00e9ctrico de 1.5mm &#8211; 600 Watts DeWALT"}]},{"@type":"WebSite","@id":"https:\/\/corralonsanchezbelen.com\/#website","url":"https:\/\/corralonsanchezbelen.com\/","name":"Corralon Sanchez","description":"El maestro de la construcci\u00f3n.","publisher":{"@id":"https:\/\/corralonsanchezbelen.com\/#organization"},"potentialAction":[{"@type":"SearchAction","target":{"@type":"EntryPoint","urlTemplate":"https:\/\/corralonsanchezbelen.com\/?s={search_term_string}"},"query-input":{"@type":"PropertyValueSpecification","valueRequired":true,"valueName":"search_term_string"}}],"inLanguage":"es"},{"@type":"Organization","@id":"https:\/\/corralonsanchezbelen.com\/#organization","name":"Corralon Sanchez","url":"https:\/\/corralonsanchezbelen.com\/","logo":{"@type":"ImageObject","inLanguage":"es","@id":"https:\/\/corralonsanchezbelen.com\/#\/schema\/logo\/image\/","url":"https:\/\/corralonsanchezbelen.com\/wp-content\/uploads\/2024\/06\/Diseno-sin-tituloq.png","contentUrl":"https:\/\/corralonsanchezbelen.com\/wp-content\/uploads\/2024\/06\/Diseno-sin-tituloq.png","width":1080,"height":1080,"caption":"Corralon Sanchez"},"image":{"@id":"https:\/\/corralonsanchezbelen.com\/#\/schema\/logo\/image\/"},"sameAs":["https:\/\/www.facebook.com\/corralon.sanchez.belen","https:\/\/www.instagram.com\/corralon.sanchez\/"]}]}},"_links":{"self":[{"href":"https:\/\/corralonsanchezbelen.com\/index.php\/wp-json\/wp\/v2\/product\/3214","targetHints":{"allow":["GET"]}}],"collection":[{"href":"https:\/\/corralonsanchezbelen.com\/index.php\/wp-json\/wp\/v2\/product"}],"about":[{"href":"https:\/\/corralonsanchezbelen.com\/index.php\/wp-json\/wp\/v2\/types\/product"}],"replies":[{"embeddable":true,"href":"https:\/\/corralonsanchezbelen.com\/index.php\/wp-json\/wp\/v2\/comments?post=3214"}],"wp:featuredmedia":[{"embeddable":true,"href":"https:\/\/corralonsanchezbelen.com\/index.php\/wp-json\/wp\/v2\/media\/3215"}],"wp:attachment":[{"href":"https:\/\/corralonsanchezbelen.com\/index.php\/wp-json\/wp\/v2\/media?parent=3214"}],"wp:term":[{"taxonomy":"product_brand","embeddable":true,"href":"https:\/\/corralonsanchezbelen.com\/index.php\/wp-json\/wp\/v2\/product_brand?post=3214"},{"taxonomy":"product_cat","embeddable":true,"href":"https:\/\/corralonsanchezbelen.com\/index.php\/wp-json\/wp\/v2\/product_cat?post=3214"},{"taxonomy":"product_tag","embeddable":true,"href":"https:\/\/corralonsanchezbelen.com\/index.php\/wp-json\/wp\/v2\/product_tag?post=3214"}],"curies":[{"name":"wp","href":"https:\/\/api.w.org\/{rel}","templated":true}]}}