{"id":3173,"date":"2024-08-05T02:20:53","date_gmt":"2024-08-05T05:20:53","guid":{"rendered":"https:\/\/corralonsanchezbelen.com\/?post_type=product&#038;p=3173"},"modified":"2024-08-05T02:20:53","modified_gmt":"2024-08-05T05:20:53","slug":"taladro-percutor-atornillador-ion-li-20v-max-13mm-brushless-mandril-autoajustable-dewalt","status":"publish","type":"product","link":"https:\/\/corralonsanchezbelen.com\/index.php\/producto\/taladro-percutor-atornillador-ion-li-20v-max-13mm-brushless-mandril-autoajustable-dewalt\/","title":{"rendered":"Taladro percutor \/ atornillador ION-LI 20v Max * -13mm &#8211; BRUSHLESS- Mandril autoajustable DeWALT"},"content":{"rendered":"<ul class=\"feature-ul\">\n<li class=\"feature-list-li\">Bater\u00eda de 2.0Ah ION-LI 20v Max * &#8211; BRUSHLESS para todas las aplicaciones de fijaci\u00f3n y perforaci\u00f3n<\/li>\n<li class=\"feature-list-li\">16 posiciones de Torque para fijaci\u00f3n constante en madera, metal y pl\u00e1sticos<\/li>\n<li class=\"feature-list-li\">Caja con engranajes met\u00e1licos para una transmisi\u00f3n de energ\u00eda eficiente y mayor vida \u00fatil de la herramienta<\/li>\n<\/ul>\n","protected":false},"excerpt":{"rendered":"<p>El Taladro Percutor\/Atornillador de 20V Max* XR DCD796D2-AR, tiene un dise\u00f1o compacto y liviano para trabajar en espacios reducidos o aplicaciones repetitivas. Su motor sin carbones le otorga a la herramienta una mayor eficiencia, que se traduce en m\u00e1s tiempo de uso y m\u00e1s poder<\/p>\n","protected":false},"featured_media":3174,"comment_status":"open","ping_status":"closed","template":"","meta":[],"product_brand":[],"product_cat":[127,126,131],"product_tag":[128],"class_list":{"0":"post-3173","1":"product","2":"type-product","3":"status-publish","4":"has-post-thumbnail","6":"product_cat-atornillador","7":"product_cat-herramientas-electricas","8":"product_cat-taladro","9":"product_tag-dewalt","11":"first","12":"instock","13":"taxable","14":"shipping-taxable","15":"product-type-simple"},"yoast_head":"<!-- This site is optimized with the Yoast SEO plugin v24.7 - https:\/\/yoast.com\/wordpress\/plugins\/seo\/ -->\n<title>Taladro percutor \/ atornillador ION-LI 20v Max * -13mm - BRUSHLESS- Mandril autoajustable DeWALT - Corralon Sanchez<\/title>\n<meta name=\"description\" content=\"El Taladro Percutor\/Atornillador de 20V Max* XR DCD796D2-AR, tiene un dise\u00f1o compacto y liviano para trabajar en espacios reducidos o aplicaciones repetitivas. Su motor sin carbones le otorga a la herramienta una mayor eficiencia, que se traduce en m\u00e1s tiempo de uso y m\u00e1s poder\" \/>\n<meta name=\"robots\" content=\"index, follow, max-snippet:-1, max-image-preview:large, max-video-preview:-1\" \/>\n<link rel=\"canonical\" href=\"https:\/\/corralonsanchezbelen.com\/index.php\/producto\/taladro-percutor-atornillador-ion-li-20v-max-13mm-brushless-mandril-autoajustable-dewalt\/\" \/>\n<meta property=\"og:locale\" content=\"es_ES\" \/>\n<meta property=\"og:type\" content=\"article\" \/>\n<meta property=\"og:title\" content=\"Taladro percutor \/ atornillador ION-LI 20v Max * -13mm - BRUSHLESS- Mandril autoajustable DeWALT - Corralon Sanchez\" \/>\n<meta property=\"og:description\" content=\"El Taladro Percutor\/Atornillador de 20V Max* XR DCD796D2-AR, tiene un dise\u00f1o compacto y liviano para trabajar en espacios reducidos o aplicaciones repetitivas. Su motor sin carbones le otorga a la herramienta una mayor eficiencia, que se traduce en m\u00e1s tiempo de uso y m\u00e1s poder\" \/>\n<meta property=\"og:url\" content=\"https:\/\/corralonsanchezbelen.com\/index.php\/producto\/taladro-percutor-atornillador-ion-li-20v-max-13mm-brushless-mandril-autoajustable-dewalt\/\" \/>\n<meta property=\"og:site_name\" content=\"Corralon Sanchez\" \/>\n<meta property=\"article:publisher\" content=\"https:\/\/www.facebook.com\/corralon.sanchez.belen\" \/>\n<meta property=\"og:image\" content=\"https:\/\/corralonsanchezbelen.com\/wp-content\/uploads\/2024\/06\/Diseno-sin-titulo-4.png\" \/>\n\t<meta property=\"og:image:width\" content=\"1200\" \/>\n\t<meta property=\"og:image:height\" content=\"675\" \/>\n\t<meta property=\"og:image:type\" content=\"image\/png\" \/>\n<meta name=\"twitter:card\" content=\"summary_large_image\" \/>\n<meta name=\"twitter:label1\" content=\"Tiempo de lectura\" \/>\n\t<meta name=\"twitter:data1\" content=\"1 minuto\" \/>\n<script type=\"application\/ld+json\" class=\"yoast-schema-graph\">{\"@context\":\"https:\/\/schema.org\",\"@graph\":[{\"@type\":\"WebPage\",\"@id\":\"https:\/\/corralonsanchezbelen.com\/index.php\/producto\/taladro-percutor-atornillador-ion-li-20v-max-13mm-brushless-mandril-autoajustable-dewalt\/\",\"url\":\"https:\/\/corralonsanchezbelen.com\/index.php\/producto\/taladro-percutor-atornillador-ion-li-20v-max-13mm-brushless-mandril-autoajustable-dewalt\/\",\"name\":\"Taladro percutor \/ atornillador ION-LI 20v Max * -13mm - BRUSHLESS- Mandril autoajustable DeWALT - Corralon Sanchez\",\"isPartOf\":{\"@id\":\"https:\/\/corralonsanchezbelen.com\/#website\"},\"primaryImageOfPage\":{\"@id\":\"https:\/\/corralonsanchezbelen.com\/index.php\/producto\/taladro-percutor-atornillador-ion-li-20v-max-13mm-brushless-mandril-autoajustable-dewalt\/#primaryimage\"},\"image\":{\"@id\":\"https:\/\/corralonsanchezbelen.com\/index.php\/producto\/taladro-percutor-atornillador-ion-li-20v-max-13mm-brushless-mandril-autoajustable-dewalt\/#primaryimage\"},\"thumbnailUrl\":\"https:\/\/corralonsanchezbelen.com\/wp-content\/uploads\/2024\/08\/DCD796D2_1.avif\",\"datePublished\":\"2024-08-05T05:20:53+00:00\",\"description\":\"El Taladro Percutor\/Atornillador de 20V Max* XR DCD796D2-AR, tiene un dise\u00f1o compacto y liviano para trabajar en espacios reducidos o aplicaciones repetitivas. Su motor sin carbones le otorga a la herramienta una mayor eficiencia, que se traduce en m\u00e1s tiempo de uso y m\u00e1s poder\",\"breadcrumb\":{\"@id\":\"https:\/\/corralonsanchezbelen.com\/index.php\/producto\/taladro-percutor-atornillador-ion-li-20v-max-13mm-brushless-mandril-autoajustable-dewalt\/#breadcrumb\"},\"inLanguage\":\"es\",\"potentialAction\":[{\"@type\":\"ReadAction\",\"target\":[\"https:\/\/corralonsanchezbelen.com\/index.php\/producto\/taladro-percutor-atornillador-ion-li-20v-max-13mm-brushless-mandril-autoajustable-dewalt\/\"]}]},{\"@type\":\"ImageObject\",\"inLanguage\":\"es\",\"@id\":\"https:\/\/corralonsanchezbelen.com\/index.php\/producto\/taladro-percutor-atornillador-ion-li-20v-max-13mm-brushless-mandril-autoajustable-dewalt\/#primaryimage\",\"url\":\"https:\/\/corralonsanchezbelen.com\/wp-content\/uploads\/2024\/08\/DCD796D2_1.avif\",\"contentUrl\":\"https:\/\/corralonsanchezbelen.com\/wp-content\/uploads\/2024\/08\/DCD796D2_1.avif\",\"width\":530,\"height\":530},{\"@type\":\"BreadcrumbList\",\"@id\":\"https:\/\/corralonsanchezbelen.com\/index.php\/producto\/taladro-percutor-atornillador-ion-li-20v-max-13mm-brushless-mandril-autoajustable-dewalt\/#breadcrumb\",\"itemListElement\":[{\"@type\":\"ListItem\",\"position\":1,\"name\":\"Portada\",\"item\":\"https:\/\/corralonsanchezbelen.com\/\"},{\"@type\":\"ListItem\",\"position\":2,\"name\":\"Tienda\",\"item\":\"https:\/\/corralonsanchezbelen.com\/index.php\/tienda-2\/\"},{\"@type\":\"ListItem\",\"position\":3,\"name\":\"Taladro percutor \/ atornillador ION-LI 20v Max * -13mm &#8211; BRUSHLESS- Mandril autoajustable DeWALT\"}]},{\"@type\":\"WebSite\",\"@id\":\"https:\/\/corralonsanchezbelen.com\/#website\",\"url\":\"https:\/\/corralonsanchezbelen.com\/\",\"name\":\"Corralon Sanchez\",\"description\":\"El maestro de la construcci\u00f3n.\",\"publisher\":{\"@id\":\"https:\/\/corralonsanchezbelen.com\/#organization\"},\"potentialAction\":[{\"@type\":\"SearchAction\",\"target\":{\"@type\":\"EntryPoint\",\"urlTemplate\":\"https:\/\/corralonsanchezbelen.com\/?s={search_term_string}\"},\"query-input\":{\"@type\":\"PropertyValueSpecification\",\"valueRequired\":true,\"valueName\":\"search_term_string\"}}],\"inLanguage\":\"es\"},{\"@type\":\"Organization\",\"@id\":\"https:\/\/corralonsanchezbelen.com\/#organization\",\"name\":\"Corralon Sanchez\",\"url\":\"https:\/\/corralonsanchezbelen.com\/\",\"logo\":{\"@type\":\"ImageObject\",\"inLanguage\":\"es\",\"@id\":\"https:\/\/corralonsanchezbelen.com\/#\/schema\/logo\/image\/\",\"url\":\"https:\/\/corralonsanchezbelen.com\/wp-content\/uploads\/2024\/06\/Diseno-sin-tituloq.png\",\"contentUrl\":\"https:\/\/corralonsanchezbelen.com\/wp-content\/uploads\/2024\/06\/Diseno-sin-tituloq.png\",\"width\":1080,\"height\":1080,\"caption\":\"Corralon Sanchez\"},\"image\":{\"@id\":\"https:\/\/corralonsanchezbelen.com\/#\/schema\/logo\/image\/\"},\"sameAs\":[\"https:\/\/www.facebook.com\/corralon.sanchez.belen\",\"https:\/\/www.instagram.com\/corralon.sanchez\/\"]}]}<\/script>\n<!-- \/ Yoast SEO plugin. -->","yoast_head_json":{"title":"Taladro percutor \/ atornillador ION-LI 20v Max * -13mm - BRUSHLESS- Mandril autoajustable DeWALT - Corralon Sanchez","description":"El Taladro Percutor\/Atornillador de 20V Max* XR DCD796D2-AR, tiene un dise\u00f1o compacto y liviano para trabajar en espacios reducidos o aplicaciones repetitivas. Su motor sin carbones le otorga a la herramienta una mayor eficiencia, que se traduce en m\u00e1s tiempo de uso y m\u00e1s poder","robots":{"index":"index","follow":"follow","max-snippet":"max-snippet:-1","max-image-preview":"max-image-preview:large","max-video-preview":"max-video-preview:-1"},"canonical":"https:\/\/corralonsanchezbelen.com\/index.php\/producto\/taladro-percutor-atornillador-ion-li-20v-max-13mm-brushless-mandril-autoajustable-dewalt\/","og_locale":"es_ES","og_type":"article","og_title":"Taladro percutor \/ atornillador ION-LI 20v Max * -13mm - BRUSHLESS- Mandril autoajustable DeWALT - Corralon Sanchez","og_description":"El Taladro Percutor\/Atornillador de 20V Max* XR DCD796D2-AR, tiene un dise\u00f1o compacto y liviano para trabajar en espacios reducidos o aplicaciones repetitivas. Su motor sin carbones le otorga a la herramienta una mayor eficiencia, que se traduce en m\u00e1s tiempo de uso y m\u00e1s poder","og_url":"https:\/\/corralonsanchezbelen.com\/index.php\/producto\/taladro-percutor-atornillador-ion-li-20v-max-13mm-brushless-mandril-autoajustable-dewalt\/","og_site_name":"Corralon Sanchez","article_publisher":"https:\/\/www.facebook.com\/corralon.sanchez.belen","og_image":[{"width":1200,"height":675,"url":"https:\/\/corralonsanchezbelen.com\/wp-content\/uploads\/2024\/06\/Diseno-sin-titulo-4.png","type":"image\/png"}],"twitter_card":"summary_large_image","twitter_misc":{"Tiempo de lectura":"1 minuto"},"schema":{"@context":"https:\/\/schema.org","@graph":[{"@type":"WebPage","@id":"https:\/\/corralonsanchezbelen.com\/index.php\/producto\/taladro-percutor-atornillador-ion-li-20v-max-13mm-brushless-mandril-autoajustable-dewalt\/","url":"https:\/\/corralonsanchezbelen.com\/index.php\/producto\/taladro-percutor-atornillador-ion-li-20v-max-13mm-brushless-mandril-autoajustable-dewalt\/","name":"Taladro percutor \/ atornillador ION-LI 20v Max * -13mm - BRUSHLESS- Mandril autoajustable DeWALT - Corralon Sanchez","isPartOf":{"@id":"https:\/\/corralonsanchezbelen.com\/#website"},"primaryImageOfPage":{"@id":"https:\/\/corralonsanchezbelen.com\/index.php\/producto\/taladro-percutor-atornillador-ion-li-20v-max-13mm-brushless-mandril-autoajustable-dewalt\/#primaryimage"},"image":{"@id":"https:\/\/corralonsanchezbelen.com\/index.php\/producto\/taladro-percutor-atornillador-ion-li-20v-max-13mm-brushless-mandril-autoajustable-dewalt\/#primaryimage"},"thumbnailUrl":"https:\/\/corralonsanchezbelen.com\/wp-content\/uploads\/2024\/08\/DCD796D2_1.avif","datePublished":"2024-08-05T05:20:53+00:00","description":"El Taladro Percutor\/Atornillador de 20V Max* XR DCD796D2-AR, tiene un dise\u00f1o compacto y liviano para trabajar en espacios reducidos o aplicaciones repetitivas. Su motor sin carbones le otorga a la herramienta una mayor eficiencia, que se traduce en m\u00e1s tiempo de uso y m\u00e1s poder","breadcrumb":{"@id":"https:\/\/corralonsanchezbelen.com\/index.php\/producto\/taladro-percutor-atornillador-ion-li-20v-max-13mm-brushless-mandril-autoajustable-dewalt\/#breadcrumb"},"inLanguage":"es","potentialAction":[{"@type":"ReadAction","target":["https:\/\/corralonsanchezbelen.com\/index.php\/producto\/taladro-percutor-atornillador-ion-li-20v-max-13mm-brushless-mandril-autoajustable-dewalt\/"]}]},{"@type":"ImageObject","inLanguage":"es","@id":"https:\/\/corralonsanchezbelen.com\/index.php\/producto\/taladro-percutor-atornillador-ion-li-20v-max-13mm-brushless-mandril-autoajustable-dewalt\/#primaryimage","url":"https:\/\/corralonsanchezbelen.com\/wp-content\/uploads\/2024\/08\/DCD796D2_1.avif","contentUrl":"https:\/\/corralonsanchezbelen.com\/wp-content\/uploads\/2024\/08\/DCD796D2_1.avif","width":530,"height":530},{"@type":"BreadcrumbList","@id":"https:\/\/corralonsanchezbelen.com\/index.php\/producto\/taladro-percutor-atornillador-ion-li-20v-max-13mm-brushless-mandril-autoajustable-dewalt\/#breadcrumb","itemListElement":[{"@type":"ListItem","position":1,"name":"Portada","item":"https:\/\/corralonsanchezbelen.com\/"},{"@type":"ListItem","position":2,"name":"Tienda","item":"https:\/\/corralonsanchezbelen.com\/index.php\/tienda-2\/"},{"@type":"ListItem","position":3,"name":"Taladro percutor \/ atornillador ION-LI 20v Max * -13mm &#8211; BRUSHLESS- Mandril autoajustable DeWALT"}]},{"@type":"WebSite","@id":"https:\/\/corralonsanchezbelen.com\/#website","url":"https:\/\/corralonsanchezbelen.com\/","name":"Corralon Sanchez","description":"El maestro de la construcci\u00f3n.","publisher":{"@id":"https:\/\/corralonsanchezbelen.com\/#organization"},"potentialAction":[{"@type":"SearchAction","target":{"@type":"EntryPoint","urlTemplate":"https:\/\/corralonsanchezbelen.com\/?s={search_term_string}"},"query-input":{"@type":"PropertyValueSpecification","valueRequired":true,"valueName":"search_term_string"}}],"inLanguage":"es"},{"@type":"Organization","@id":"https:\/\/corralonsanchezbelen.com\/#organization","name":"Corralon Sanchez","url":"https:\/\/corralonsanchezbelen.com\/","logo":{"@type":"ImageObject","inLanguage":"es","@id":"https:\/\/corralonsanchezbelen.com\/#\/schema\/logo\/image\/","url":"https:\/\/corralonsanchezbelen.com\/wp-content\/uploads\/2024\/06\/Diseno-sin-tituloq.png","contentUrl":"https:\/\/corralonsanchezbelen.com\/wp-content\/uploads\/2024\/06\/Diseno-sin-tituloq.png","width":1080,"height":1080,"caption":"Corralon Sanchez"},"image":{"@id":"https:\/\/corralonsanchezbelen.com\/#\/schema\/logo\/image\/"},"sameAs":["https:\/\/www.facebook.com\/corralon.sanchez.belen","https:\/\/www.instagram.com\/corralon.sanchez\/"]}]}},"_links":{"self":[{"href":"https:\/\/corralonsanchezbelen.com\/index.php\/wp-json\/wp\/v2\/product\/3173","targetHints":{"allow":["GET"]}}],"collection":[{"href":"https:\/\/corralonsanchezbelen.com\/index.php\/wp-json\/wp\/v2\/product"}],"about":[{"href":"https:\/\/corralonsanchezbelen.com\/index.php\/wp-json\/wp\/v2\/types\/product"}],"replies":[{"embeddable":true,"href":"https:\/\/corralonsanchezbelen.com\/index.php\/wp-json\/wp\/v2\/comments?post=3173"}],"wp:featuredmedia":[{"embeddable":true,"href":"https:\/\/corralonsanchezbelen.com\/index.php\/wp-json\/wp\/v2\/media\/3174"}],"wp:attachment":[{"href":"https:\/\/corralonsanchezbelen.com\/index.php\/wp-json\/wp\/v2\/media?parent=3173"}],"wp:term":[{"taxonomy":"product_brand","embeddable":true,"href":"https:\/\/corralonsanchezbelen.com\/index.php\/wp-json\/wp\/v2\/product_brand?post=3173"},{"taxonomy":"product_cat","embeddable":true,"href":"https:\/\/corralonsanchezbelen.com\/index.php\/wp-json\/wp\/v2\/product_cat?post=3173"},{"taxonomy":"product_tag","embeddable":true,"href":"https:\/\/corralonsanchezbelen.com\/index.php\/wp-json\/wp\/v2\/product_tag?post=3173"}],"curies":[{"name":"wp","href":"https:\/\/api.w.org\/{rel}","templated":true}]}}