{"id":3118,"date":"2024-08-05T01:53:17","date_gmt":"2024-08-05T04:53:17","guid":{"rendered":"https:\/\/corralonsanchezbelen.com\/?post_type=product&#038;p=3118"},"modified":"2024-08-05T01:53:17","modified_gmt":"2024-08-05T04:53:17","slug":"amoladora-angular-9-230mm-2600w","status":"publish","type":"product","link":"https:\/\/corralonsanchezbelen.com\/index.php\/producto\/amoladora-angular-9-230mm-2600w\/","title":{"rendered":"Amoladora Angular 9\u201d &#8211; 230MM &#8211; 2600W"},"content":{"rendered":"","protected":false},"excerpt":{"rendered":"<p>&nbsp;<\/p>\n<div class=\"ui-pdp-container__row ui-pdp-container__row--highlighted-features-title\">\n<h2 class=\"ui-vpp-text-alignment--left ui-pdp-color--BLACK ui-pdp-size--XSMALL ui-pdp-family--SEMIBOLD highlighted-features-title\"><span style=\"color: #000000;\">Lo que ten\u00e9s que saber de este producto<\/span><\/h2>\n<\/div>\n<div class=\"ui-pdp-container__row ui-pdp-container__row--highlighted-features\">\n<div class=\"ui-vpp-highlighted-specs__features\">\n<ul class=\"ui-vpp-highlighted-specs__features-list\">\n<li class=\"ui-vpp-highlighted-specs__features-list-item ui-pdp-color--BLACK ui-pdp-size--XSMALL ui-pdp-family--REGULAR\"><span style=\"color: #000000;\">Voltaje: 220V<\/span><\/li>\n<li class=\"ui-vpp-highlighted-specs__features-list-item ui-pdp-color--BLACK ui-pdp-size--XSMALL ui-pdp-family--REGULAR\"><span style=\"color: #000000;\">Potente motor de 2600 W para cortes y desbastes precisos<\/span><\/li>\n<li class=\"ui-vpp-highlighted-specs__features-list-item ui-pdp-color--BLACK ui-pdp-size--XSMALL ui-pdp-family--REGULAR\"><span style=\"color: #000000;\">Velocidad de rotaci\u00f3n de 6500 rpm para un rendimiento \u00f3ptimo<\/span><\/li>\n<li class=\"ui-vpp-highlighted-specs__features-list-item ui-pdp-color--BLACK ui-pdp-size--XSMALL ui-pdp-family--REGULAR\"><span style=\"color: #000000;\">Mango lateral y antivibraci\u00f3n para mayor comodidad y control<\/span><\/li>\n<li class=\"ui-vpp-highlighted-specs__features-list-item ui-pdp-color--BLACK ui-pdp-size--XSMALL ui-pdp-family--REGULAR\"><span style=\"color: #000000;\">Bot\u00f3n de bloqueo de disco para cambios r\u00e1pidos y seguros<\/span><\/li>\n<li class=\"ui-vpp-highlighted-specs__features-list-item ui-pdp-color--BLACK ui-pdp-size--XSMALL ui-pdp-family--REGULAR\"><span style=\"color: #000000;\">Protector de disco incluido para mayor seguridad al trabajar<\/span><\/li>\n<li class=\"ui-vpp-highlighted-specs__features-list-item ui-pdp-color--BLACK ui-pdp-size--XSMALL ui-pdp-family--REGULAR\"><span style=\"color: #000000;\">Amoladora angular DeWalt de calidad y confiabilidad garantizada<\/span><\/li>\n<\/ul>\n<\/div>\n<\/div>\n","protected":false},"featured_media":3119,"comment_status":"open","ping_status":"closed","template":"","meta":[],"product_brand":[],"product_cat":[129,126],"product_tag":[128],"class_list":{"0":"post-3118","1":"product","2":"type-product","3":"status-publish","4":"has-post-thumbnail","6":"product_cat-amoladoras","7":"product_cat-herramientas-electricas","8":"product_tag-dewalt","10":"first","11":"instock","12":"taxable","13":"shipping-taxable","14":"product-type-simple"},"yoast_head":"<!-- This site is optimized with the Yoast SEO plugin v24.7 - https:\/\/yoast.com\/wordpress\/plugins\/seo\/ -->\n<title>Amoladora Angular 9\u201d - 230MM - 2600W - Corralon Sanchez<\/title>\n<meta name=\"description\" content=\"&nbsp;  Lo que ten\u00e9s que saber de este producto      Voltaje: 220V  Potente motor de 2600 W para cortes y desbastes precisos  Velocidad de rotaci\u00f3n de 6500 rpm para un rendimiento \u00f3ptimo  Mango lateral y antivibraci\u00f3n para mayor comodidad y control  Bot\u00f3n de bloqueo de disco para cambios r\u00e1pidos y seguros  Protector de disco incluido para mayor seguridad al trabajar  Amoladora angular DeWalt de calidad y confiabilidad garantizada\" \/>\n<meta name=\"robots\" content=\"index, follow, max-snippet:-1, max-image-preview:large, max-video-preview:-1\" \/>\n<link rel=\"canonical\" href=\"https:\/\/corralonsanchezbelen.com\/index.php\/producto\/amoladora-angular-9-230mm-2600w\/\" \/>\n<meta property=\"og:locale\" content=\"es_ES\" \/>\n<meta property=\"og:type\" content=\"article\" \/>\n<meta property=\"og:title\" content=\"Amoladora Angular 9\u201d - 230MM - 2600W - Corralon Sanchez\" \/>\n<meta property=\"og:description\" content=\"&nbsp;  Lo que ten\u00e9s que saber de este producto      Voltaje: 220V  Potente motor de 2600 W para cortes y desbastes precisos  Velocidad de rotaci\u00f3n de 6500 rpm para un rendimiento \u00f3ptimo  Mango lateral y antivibraci\u00f3n para mayor comodidad y control  Bot\u00f3n de bloqueo de disco para cambios r\u00e1pidos y seguros  Protector de disco incluido para mayor seguridad al trabajar  Amoladora angular DeWalt de calidad y confiabilidad garantizada\" \/>\n<meta property=\"og:url\" content=\"https:\/\/corralonsanchezbelen.com\/index.php\/producto\/amoladora-angular-9-230mm-2600w\/\" \/>\n<meta property=\"og:site_name\" content=\"Corralon Sanchez\" \/>\n<meta property=\"article:publisher\" content=\"https:\/\/www.facebook.com\/corralon.sanchez.belen\" \/>\n<meta property=\"og:image\" content=\"https:\/\/corralonsanchezbelen.com\/wp-content\/uploads\/2024\/06\/Diseno-sin-titulo-4.png\" \/>\n\t<meta property=\"og:image:width\" content=\"1200\" \/>\n\t<meta property=\"og:image:height\" content=\"675\" \/>\n\t<meta property=\"og:image:type\" content=\"image\/png\" \/>\n<meta name=\"twitter:card\" content=\"summary_large_image\" \/>\n<meta name=\"twitter:label1\" content=\"Tiempo de lectura\" \/>\n\t<meta name=\"twitter:data1\" content=\"1 minuto\" \/>\n<script type=\"application\/ld+json\" class=\"yoast-schema-graph\">{\"@context\":\"https:\/\/schema.org\",\"@graph\":[{\"@type\":\"WebPage\",\"@id\":\"https:\/\/corralonsanchezbelen.com\/index.php\/producto\/amoladora-angular-9-230mm-2600w\/\",\"url\":\"https:\/\/corralonsanchezbelen.com\/index.php\/producto\/amoladora-angular-9-230mm-2600w\/\",\"name\":\"Amoladora Angular 9\u201d - 230MM - 2600W - Corralon Sanchez\",\"isPartOf\":{\"@id\":\"https:\/\/corralonsanchezbelen.com\/#website\"},\"primaryImageOfPage\":{\"@id\":\"https:\/\/corralonsanchezbelen.com\/index.php\/producto\/amoladora-angular-9-230mm-2600w\/#primaryimage\"},\"image\":{\"@id\":\"https:\/\/corralonsanchezbelen.com\/index.php\/producto\/amoladora-angular-9-230mm-2600w\/#primaryimage\"},\"thumbnailUrl\":\"https:\/\/corralonsanchezbelen.com\/wp-content\/uploads\/2024\/08\/DWE496_1.avif\",\"datePublished\":\"2024-08-05T04:53:17+00:00\",\"description\":\"&nbsp; Lo que ten\u00e9s que saber de este producto Voltaje: 220V Potente motor de 2600 W para cortes y desbastes precisos Velocidad de rotaci\u00f3n de 6500 rpm para un rendimiento \u00f3ptimo Mango lateral y antivibraci\u00f3n para mayor comodidad y control Bot\u00f3n de bloqueo de disco para cambios r\u00e1pidos y seguros Protector de disco incluido para mayor seguridad al trabajar Amoladora angular DeWalt de calidad y confiabilidad garantizada\",\"breadcrumb\":{\"@id\":\"https:\/\/corralonsanchezbelen.com\/index.php\/producto\/amoladora-angular-9-230mm-2600w\/#breadcrumb\"},\"inLanguage\":\"es\",\"potentialAction\":[{\"@type\":\"ReadAction\",\"target\":[\"https:\/\/corralonsanchezbelen.com\/index.php\/producto\/amoladora-angular-9-230mm-2600w\/\"]}]},{\"@type\":\"ImageObject\",\"inLanguage\":\"es\",\"@id\":\"https:\/\/corralonsanchezbelen.com\/index.php\/producto\/amoladora-angular-9-230mm-2600w\/#primaryimage\",\"url\":\"https:\/\/corralonsanchezbelen.com\/wp-content\/uploads\/2024\/08\/DWE496_1.avif\",\"contentUrl\":\"https:\/\/corralonsanchezbelen.com\/wp-content\/uploads\/2024\/08\/DWE496_1.avif\",\"width\":530,\"height\":530},{\"@type\":\"BreadcrumbList\",\"@id\":\"https:\/\/corralonsanchezbelen.com\/index.php\/producto\/amoladora-angular-9-230mm-2600w\/#breadcrumb\",\"itemListElement\":[{\"@type\":\"ListItem\",\"position\":1,\"name\":\"Portada\",\"item\":\"https:\/\/corralonsanchezbelen.com\/\"},{\"@type\":\"ListItem\",\"position\":2,\"name\":\"Tienda\",\"item\":\"https:\/\/corralonsanchezbelen.com\/index.php\/tienda-2\/\"},{\"@type\":\"ListItem\",\"position\":3,\"name\":\"Amoladora Angular 9\u201d &#8211; 230MM &#8211; 2600W\"}]},{\"@type\":\"WebSite\",\"@id\":\"https:\/\/corralonsanchezbelen.com\/#website\",\"url\":\"https:\/\/corralonsanchezbelen.com\/\",\"name\":\"Corralon Sanchez\",\"description\":\"El maestro de la construcci\u00f3n.\",\"publisher\":{\"@id\":\"https:\/\/corralonsanchezbelen.com\/#organization\"},\"potentialAction\":[{\"@type\":\"SearchAction\",\"target\":{\"@type\":\"EntryPoint\",\"urlTemplate\":\"https:\/\/corralonsanchezbelen.com\/?s={search_term_string}\"},\"query-input\":{\"@type\":\"PropertyValueSpecification\",\"valueRequired\":true,\"valueName\":\"search_term_string\"}}],\"inLanguage\":\"es\"},{\"@type\":\"Organization\",\"@id\":\"https:\/\/corralonsanchezbelen.com\/#organization\",\"name\":\"Corralon Sanchez\",\"url\":\"https:\/\/corralonsanchezbelen.com\/\",\"logo\":{\"@type\":\"ImageObject\",\"inLanguage\":\"es\",\"@id\":\"https:\/\/corralonsanchezbelen.com\/#\/schema\/logo\/image\/\",\"url\":\"https:\/\/corralonsanchezbelen.com\/wp-content\/uploads\/2024\/06\/Diseno-sin-tituloq.png\",\"contentUrl\":\"https:\/\/corralonsanchezbelen.com\/wp-content\/uploads\/2024\/06\/Diseno-sin-tituloq.png\",\"width\":1080,\"height\":1080,\"caption\":\"Corralon Sanchez\"},\"image\":{\"@id\":\"https:\/\/corralonsanchezbelen.com\/#\/schema\/logo\/image\/\"},\"sameAs\":[\"https:\/\/www.facebook.com\/corralon.sanchez.belen\",\"https:\/\/www.instagram.com\/corralon.sanchez\/\"]}]}<\/script>\n<!-- \/ Yoast SEO plugin. -->","yoast_head_json":{"title":"Amoladora Angular 9\u201d - 230MM - 2600W - Corralon Sanchez","description":"&nbsp;  Lo que ten\u00e9s que saber de este producto      Voltaje: 220V  Potente motor de 2600 W para cortes y desbastes precisos  Velocidad de rotaci\u00f3n de 6500 rpm para un rendimiento \u00f3ptimo  Mango lateral y antivibraci\u00f3n para mayor comodidad y control  Bot\u00f3n de bloqueo de disco para cambios r\u00e1pidos y seguros  Protector de disco incluido para mayor seguridad al trabajar  Amoladora angular DeWalt de calidad y confiabilidad garantizada","robots":{"index":"index","follow":"follow","max-snippet":"max-snippet:-1","max-image-preview":"max-image-preview:large","max-video-preview":"max-video-preview:-1"},"canonical":"https:\/\/corralonsanchezbelen.com\/index.php\/producto\/amoladora-angular-9-230mm-2600w\/","og_locale":"es_ES","og_type":"article","og_title":"Amoladora Angular 9\u201d - 230MM - 2600W - Corralon Sanchez","og_description":"&nbsp;  Lo que ten\u00e9s que saber de este producto      Voltaje: 220V  Potente motor de 2600 W para cortes y desbastes precisos  Velocidad de rotaci\u00f3n de 6500 rpm para un rendimiento \u00f3ptimo  Mango lateral y antivibraci\u00f3n para mayor comodidad y control  Bot\u00f3n de bloqueo de disco para cambios r\u00e1pidos y seguros  Protector de disco incluido para mayor seguridad al trabajar  Amoladora angular DeWalt de calidad y confiabilidad garantizada","og_url":"https:\/\/corralonsanchezbelen.com\/index.php\/producto\/amoladora-angular-9-230mm-2600w\/","og_site_name":"Corralon Sanchez","article_publisher":"https:\/\/www.facebook.com\/corralon.sanchez.belen","og_image":[{"width":1200,"height":675,"url":"https:\/\/corralonsanchezbelen.com\/wp-content\/uploads\/2024\/06\/Diseno-sin-titulo-4.png","type":"image\/png"}],"twitter_card":"summary_large_image","twitter_misc":{"Tiempo de lectura":"1 minuto"},"schema":{"@context":"https:\/\/schema.org","@graph":[{"@type":"WebPage","@id":"https:\/\/corralonsanchezbelen.com\/index.php\/producto\/amoladora-angular-9-230mm-2600w\/","url":"https:\/\/corralonsanchezbelen.com\/index.php\/producto\/amoladora-angular-9-230mm-2600w\/","name":"Amoladora Angular 9\u201d - 230MM - 2600W - Corralon Sanchez","isPartOf":{"@id":"https:\/\/corralonsanchezbelen.com\/#website"},"primaryImageOfPage":{"@id":"https:\/\/corralonsanchezbelen.com\/index.php\/producto\/amoladora-angular-9-230mm-2600w\/#primaryimage"},"image":{"@id":"https:\/\/corralonsanchezbelen.com\/index.php\/producto\/amoladora-angular-9-230mm-2600w\/#primaryimage"},"thumbnailUrl":"https:\/\/corralonsanchezbelen.com\/wp-content\/uploads\/2024\/08\/DWE496_1.avif","datePublished":"2024-08-05T04:53:17+00:00","description":"&nbsp; Lo que ten\u00e9s que saber de este producto Voltaje: 220V Potente motor de 2600 W para cortes y desbastes precisos Velocidad de rotaci\u00f3n de 6500 rpm para un rendimiento \u00f3ptimo Mango lateral y antivibraci\u00f3n para mayor comodidad y control Bot\u00f3n de bloqueo de disco para cambios r\u00e1pidos y seguros Protector de disco incluido para mayor seguridad al trabajar Amoladora angular DeWalt de calidad y confiabilidad garantizada","breadcrumb":{"@id":"https:\/\/corralonsanchezbelen.com\/index.php\/producto\/amoladora-angular-9-230mm-2600w\/#breadcrumb"},"inLanguage":"es","potentialAction":[{"@type":"ReadAction","target":["https:\/\/corralonsanchezbelen.com\/index.php\/producto\/amoladora-angular-9-230mm-2600w\/"]}]},{"@type":"ImageObject","inLanguage":"es","@id":"https:\/\/corralonsanchezbelen.com\/index.php\/producto\/amoladora-angular-9-230mm-2600w\/#primaryimage","url":"https:\/\/corralonsanchezbelen.com\/wp-content\/uploads\/2024\/08\/DWE496_1.avif","contentUrl":"https:\/\/corralonsanchezbelen.com\/wp-content\/uploads\/2024\/08\/DWE496_1.avif","width":530,"height":530},{"@type":"BreadcrumbList","@id":"https:\/\/corralonsanchezbelen.com\/index.php\/producto\/amoladora-angular-9-230mm-2600w\/#breadcrumb","itemListElement":[{"@type":"ListItem","position":1,"name":"Portada","item":"https:\/\/corralonsanchezbelen.com\/"},{"@type":"ListItem","position":2,"name":"Tienda","item":"https:\/\/corralonsanchezbelen.com\/index.php\/tienda-2\/"},{"@type":"ListItem","position":3,"name":"Amoladora Angular 9\u201d &#8211; 230MM &#8211; 2600W"}]},{"@type":"WebSite","@id":"https:\/\/corralonsanchezbelen.com\/#website","url":"https:\/\/corralonsanchezbelen.com\/","name":"Corralon Sanchez","description":"El maestro de la construcci\u00f3n.","publisher":{"@id":"https:\/\/corralonsanchezbelen.com\/#organization"},"potentialAction":[{"@type":"SearchAction","target":{"@type":"EntryPoint","urlTemplate":"https:\/\/corralonsanchezbelen.com\/?s={search_term_string}"},"query-input":{"@type":"PropertyValueSpecification","valueRequired":true,"valueName":"search_term_string"}}],"inLanguage":"es"},{"@type":"Organization","@id":"https:\/\/corralonsanchezbelen.com\/#organization","name":"Corralon Sanchez","url":"https:\/\/corralonsanchezbelen.com\/","logo":{"@type":"ImageObject","inLanguage":"es","@id":"https:\/\/corralonsanchezbelen.com\/#\/schema\/logo\/image\/","url":"https:\/\/corralonsanchezbelen.com\/wp-content\/uploads\/2024\/06\/Diseno-sin-tituloq.png","contentUrl":"https:\/\/corralonsanchezbelen.com\/wp-content\/uploads\/2024\/06\/Diseno-sin-tituloq.png","width":1080,"height":1080,"caption":"Corralon Sanchez"},"image":{"@id":"https:\/\/corralonsanchezbelen.com\/#\/schema\/logo\/image\/"},"sameAs":["https:\/\/www.facebook.com\/corralon.sanchez.belen","https:\/\/www.instagram.com\/corralon.sanchez\/"]}]}},"_links":{"self":[{"href":"https:\/\/corralonsanchezbelen.com\/index.php\/wp-json\/wp\/v2\/product\/3118","targetHints":{"allow":["GET"]}}],"collection":[{"href":"https:\/\/corralonsanchezbelen.com\/index.php\/wp-json\/wp\/v2\/product"}],"about":[{"href":"https:\/\/corralonsanchezbelen.com\/index.php\/wp-json\/wp\/v2\/types\/product"}],"replies":[{"embeddable":true,"href":"https:\/\/corralonsanchezbelen.com\/index.php\/wp-json\/wp\/v2\/comments?post=3118"}],"wp:featuredmedia":[{"embeddable":true,"href":"https:\/\/corralonsanchezbelen.com\/index.php\/wp-json\/wp\/v2\/media\/3119"}],"wp:attachment":[{"href":"https:\/\/corralonsanchezbelen.com\/index.php\/wp-json\/wp\/v2\/media?parent=3118"}],"wp:term":[{"taxonomy":"product_brand","embeddable":true,"href":"https:\/\/corralonsanchezbelen.com\/index.php\/wp-json\/wp\/v2\/product_brand?post=3118"},{"taxonomy":"product_cat","embeddable":true,"href":"https:\/\/corralonsanchezbelen.com\/index.php\/wp-json\/wp\/v2\/product_cat?post=3118"},{"taxonomy":"product_tag","embeddable":true,"href":"https:\/\/corralonsanchezbelen.com\/index.php\/wp-json\/wp\/v2\/product_tag?post=3118"}],"curies":[{"name":"wp","href":"https:\/\/api.w.org\/{rel}","templated":true}]}}