{"id":3056,"date":"2024-07-18T00:23:49","date_gmt":"2024-07-18T03:23:49","guid":{"rendered":"https:\/\/corralonsanchezbelen.com\/?post_type=product&#038;p=3056"},"modified":"2024-07-18T00:23:49","modified_gmt":"2024-07-18T03:23:49","slug":"equipo-para-pintar-electrico-total-450w","status":"publish","type":"product","link":"https:\/\/corralonsanchezbelen.com\/index.php\/producto\/equipo-para-pintar-electrico-total-450w\/","title":{"rendered":"Equipo Para Pintar El\u00e9ctrico Total 450w"},"content":{"rendered":"<p>Caracter\u00edsticas:<\/p>\n<p>\u2022 Funcionamiento eficiente para un amplio rango de viscosidad de pinturas como laca, pintura al aceite, l\u00e1tex y sint\u00e9tico.<br \/>\n\u2022 Flujo ajustable.<br \/>\n\u2022 Emplea aire caliente, lo que permite su uso con alta humedad ambiente.<br \/>\n\u2022 Pinta de manera limpia, sin generar niebla que contamine el aire o el entorno.<br \/>\n\u2022 Acabado de calidad.<br \/>\n\u2022 Adecuado para diversas pinturas y superficies.<br \/>\n\u2022 Tres modos de pulverizaci\u00f3n.<br \/>\n\u2022 Eficiencia en la aplicaci\u00f3n, reduciendo tiempo y esfuerzo.<br \/>\n\u2022 Minimiza el rebote de pintura.<br \/>\n\u2022 Incluye copa medidora de viscosidad y aguja para limpieza.<\/p>\n<p>Especificaciones t\u00e9cnicas:<\/p>\n<p>\u2022 Potencia: 450W<br \/>\n\u2022 Presi\u00f3n de pulverizaci\u00f3n: 0.1 &#8211; 0.2 Bar<br \/>\n\u2022 Viscosidad m\u00e1xima: 50 DIN\/seg<br \/>\n\u2022 Di\u00e1metro de la boquilla: 2.5 mm<br \/>\n\u2022 Caudal m\u00e1ximo: 380 ml\/min<br \/>\n\u2022 Capacidad del contenedor: 800 ml<br \/>\n\u2022 Peso: 1.4 KG<br \/>\n\u2022 Tipos de pinturas compatibles: Pinturas base solvente (sint\u00e9ticos), pinturas base acuosa (l\u00e1tex), lacas (cetol), imprimaciones, pinturas de dos componentes, selladores, anti \u00f3xidos y selladores para madera.<br \/>\n\u2022 No es adecuado para: Pinturas con part\u00edculas s\u00f3lidas o fibras, pinturas \u00e1cidas y alcalinas, ni para aplicaciones automotrices.<\/p>\n","protected":false},"excerpt":{"rendered":"<p>Equipo Para Pintar El\u00e9ctrico Total 450W TT3506-4 Latex Sintetico Cetol Caudal M\u00e1ximo 380 Ml Por Minuto Calidad Industrial Uso Profesional Alto Rendimiento<\/p>\n<ul class=\"ui-pdp-features mt-24\">\n<li class=\"ui-pdp-features__item\">Frecuencia: 50.<\/li>\n<li class=\"ui-pdp-features__item\">Sistema de pulverizaci\u00f3n de la pistola: HVLP.<\/li>\n<li class=\"ui-pdp-features__item\">Tipo de pintura aceptado: latex interior.<\/li>\n<li class=\"ui-pdp-features__item\">Volumen del tanque: 800mL.<\/li>\n<\/ul>\n","protected":false},"featured_media":3057,"comment_status":"open","ping_status":"closed","template":"","meta":[],"product_brand":[],"product_cat":[50,31,74,124],"product_tag":[125],"class_list":{"0":"post-3056","1":"product","2":"type-product","3":"status-publish","4":"has-post-thumbnail","6":"product_cat-accesorios-htas-electricas","7":"product_cat-pintura","8":"product_cat-productos","9":"product_cat-total","10":"product_tag-total","12":"first","13":"instock","14":"taxable","15":"shipping-taxable","16":"product-type-simple"},"yoast_head":"<!-- This site is optimized with the Yoast SEO plugin v24.7 - https:\/\/yoast.com\/wordpress\/plugins\/seo\/ -->\n<title>Equipo Para Pintar El\u00e9ctrico Total 450w - Corralon Sanchez<\/title>\n<meta name=\"description\" content=\"Equipo Para Pintar El\u00e9ctrico Total 450W TT3506-4 Latex Sintetico Cetol Caudal M\u00e1ximo 380 Ml Por Minuto Calidad Industrial Uso Profesional Alto Rendimiento   Frecuencia: 50.  Sistema de pulverizaci\u00f3n de la pistola: HVLP.  Tipo de pintura aceptado: latex interior.  Volumen del tanque: 800mL.\" \/>\n<meta name=\"robots\" content=\"index, follow, max-snippet:-1, max-image-preview:large, max-video-preview:-1\" \/>\n<link rel=\"canonical\" href=\"https:\/\/corralonsanchezbelen.com\/index.php\/producto\/equipo-para-pintar-electrico-total-450w\/\" \/>\n<meta property=\"og:locale\" content=\"es_ES\" \/>\n<meta property=\"og:type\" content=\"article\" \/>\n<meta property=\"og:title\" content=\"Equipo Para Pintar El\u00e9ctrico Total 450w - Corralon Sanchez\" \/>\n<meta property=\"og:description\" content=\"Equipo Para Pintar El\u00e9ctrico Total 450W TT3506-4 Latex Sintetico Cetol Caudal M\u00e1ximo 380 Ml Por Minuto Calidad Industrial Uso Profesional Alto Rendimiento   Frecuencia: 50.  Sistema de pulverizaci\u00f3n de la pistola: HVLP.  Tipo de pintura aceptado: latex interior.  Volumen del tanque: 800mL.\" \/>\n<meta property=\"og:url\" content=\"https:\/\/corralonsanchezbelen.com\/index.php\/producto\/equipo-para-pintar-electrico-total-450w\/\" \/>\n<meta property=\"og:site_name\" content=\"Corralon Sanchez\" \/>\n<meta property=\"article:publisher\" content=\"https:\/\/www.facebook.com\/corralon.sanchez.belen\" \/>\n<meta property=\"og:image\" content=\"https:\/\/corralonsanchezbelen.com\/wp-content\/uploads\/2024\/07\/D_NQ_NP_630789-MLA54964002982_042023-O.webp\" \/>\n\t<meta property=\"og:image:width\" content=\"500\" \/>\n\t<meta property=\"og:image:height\" content=\"422\" \/>\n\t<meta property=\"og:image:type\" content=\"image\/webp\" \/>\n<meta name=\"twitter:card\" content=\"summary_large_image\" \/>\n<meta name=\"twitter:label1\" content=\"Tiempo de lectura\" \/>\n\t<meta name=\"twitter:data1\" content=\"2 minutos\" \/>\n<script type=\"application\/ld+json\" class=\"yoast-schema-graph\">{\"@context\":\"https:\/\/schema.org\",\"@graph\":[{\"@type\":\"WebPage\",\"@id\":\"https:\/\/corralonsanchezbelen.com\/index.php\/producto\/equipo-para-pintar-electrico-total-450w\/\",\"url\":\"https:\/\/corralonsanchezbelen.com\/index.php\/producto\/equipo-para-pintar-electrico-total-450w\/\",\"name\":\"Equipo Para Pintar El\u00e9ctrico Total 450w - Corralon Sanchez\",\"isPartOf\":{\"@id\":\"https:\/\/corralonsanchezbelen.com\/#website\"},\"primaryImageOfPage\":{\"@id\":\"https:\/\/corralonsanchezbelen.com\/index.php\/producto\/equipo-para-pintar-electrico-total-450w\/#primaryimage\"},\"image\":{\"@id\":\"https:\/\/corralonsanchezbelen.com\/index.php\/producto\/equipo-para-pintar-electrico-total-450w\/#primaryimage\"},\"thumbnailUrl\":\"https:\/\/corralonsanchezbelen.com\/wp-content\/uploads\/2024\/07\/D_NQ_NP_630789-MLA54964002982_042023-O.webp\",\"datePublished\":\"2024-07-18T03:23:49+00:00\",\"description\":\"Equipo Para Pintar El\u00e9ctrico Total 450W TT3506-4 Latex Sintetico Cetol Caudal M\u00e1ximo 380 Ml Por Minuto Calidad Industrial Uso Profesional Alto Rendimiento Frecuencia: 50. Sistema de pulverizaci\u00f3n de la pistola: HVLP. Tipo de pintura aceptado: latex interior. Volumen del tanque: 800mL.\",\"breadcrumb\":{\"@id\":\"https:\/\/corralonsanchezbelen.com\/index.php\/producto\/equipo-para-pintar-electrico-total-450w\/#breadcrumb\"},\"inLanguage\":\"es\",\"potentialAction\":[{\"@type\":\"ReadAction\",\"target\":[\"https:\/\/corralonsanchezbelen.com\/index.php\/producto\/equipo-para-pintar-electrico-total-450w\/\"]}]},{\"@type\":\"ImageObject\",\"inLanguage\":\"es\",\"@id\":\"https:\/\/corralonsanchezbelen.com\/index.php\/producto\/equipo-para-pintar-electrico-total-450w\/#primaryimage\",\"url\":\"https:\/\/corralonsanchezbelen.com\/wp-content\/uploads\/2024\/07\/D_NQ_NP_630789-MLA54964002982_042023-O.webp\",\"contentUrl\":\"https:\/\/corralonsanchezbelen.com\/wp-content\/uploads\/2024\/07\/D_NQ_NP_630789-MLA54964002982_042023-O.webp\",\"width\":500,\"height\":422},{\"@type\":\"BreadcrumbList\",\"@id\":\"https:\/\/corralonsanchezbelen.com\/index.php\/producto\/equipo-para-pintar-electrico-total-450w\/#breadcrumb\",\"itemListElement\":[{\"@type\":\"ListItem\",\"position\":1,\"name\":\"Portada\",\"item\":\"https:\/\/corralonsanchezbelen.com\/\"},{\"@type\":\"ListItem\",\"position\":2,\"name\":\"Tienda\",\"item\":\"https:\/\/corralonsanchezbelen.com\/index.php\/tienda-2\/\"},{\"@type\":\"ListItem\",\"position\":3,\"name\":\"Equipo Para Pintar El\u00e9ctrico Total 450w\"}]},{\"@type\":\"WebSite\",\"@id\":\"https:\/\/corralonsanchezbelen.com\/#website\",\"url\":\"https:\/\/corralonsanchezbelen.com\/\",\"name\":\"Corralon Sanchez\",\"description\":\"El maestro de la construcci\u00f3n.\",\"publisher\":{\"@id\":\"https:\/\/corralonsanchezbelen.com\/#organization\"},\"potentialAction\":[{\"@type\":\"SearchAction\",\"target\":{\"@type\":\"EntryPoint\",\"urlTemplate\":\"https:\/\/corralonsanchezbelen.com\/?s={search_term_string}\"},\"query-input\":{\"@type\":\"PropertyValueSpecification\",\"valueRequired\":true,\"valueName\":\"search_term_string\"}}],\"inLanguage\":\"es\"},{\"@type\":\"Organization\",\"@id\":\"https:\/\/corralonsanchezbelen.com\/#organization\",\"name\":\"Corralon Sanchez\",\"url\":\"https:\/\/corralonsanchezbelen.com\/\",\"logo\":{\"@type\":\"ImageObject\",\"inLanguage\":\"es\",\"@id\":\"https:\/\/corralonsanchezbelen.com\/#\/schema\/logo\/image\/\",\"url\":\"https:\/\/corralonsanchezbelen.com\/wp-content\/uploads\/2024\/06\/Diseno-sin-tituloq.png\",\"contentUrl\":\"https:\/\/corralonsanchezbelen.com\/wp-content\/uploads\/2024\/06\/Diseno-sin-tituloq.png\",\"width\":1080,\"height\":1080,\"caption\":\"Corralon Sanchez\"},\"image\":{\"@id\":\"https:\/\/corralonsanchezbelen.com\/#\/schema\/logo\/image\/\"},\"sameAs\":[\"https:\/\/www.facebook.com\/corralon.sanchez.belen\",\"https:\/\/www.instagram.com\/corralon.sanchez\/\"]}]}<\/script>\n<!-- \/ Yoast SEO plugin. -->","yoast_head_json":{"title":"Equipo Para Pintar El\u00e9ctrico Total 450w - Corralon Sanchez","description":"Equipo Para Pintar El\u00e9ctrico Total 450W TT3506-4 Latex Sintetico Cetol Caudal M\u00e1ximo 380 Ml Por Minuto Calidad Industrial Uso Profesional Alto Rendimiento   Frecuencia: 50.  Sistema de pulverizaci\u00f3n de la pistola: HVLP.  Tipo de pintura aceptado: latex interior.  Volumen del tanque: 800mL.","robots":{"index":"index","follow":"follow","max-snippet":"max-snippet:-1","max-image-preview":"max-image-preview:large","max-video-preview":"max-video-preview:-1"},"canonical":"https:\/\/corralonsanchezbelen.com\/index.php\/producto\/equipo-para-pintar-electrico-total-450w\/","og_locale":"es_ES","og_type":"article","og_title":"Equipo Para Pintar El\u00e9ctrico Total 450w - Corralon Sanchez","og_description":"Equipo Para Pintar El\u00e9ctrico Total 450W TT3506-4 Latex Sintetico Cetol Caudal M\u00e1ximo 380 Ml Por Minuto Calidad Industrial Uso Profesional Alto Rendimiento   Frecuencia: 50.  Sistema de pulverizaci\u00f3n de la pistola: HVLP.  Tipo de pintura aceptado: latex interior.  Volumen del tanque: 800mL.","og_url":"https:\/\/corralonsanchezbelen.com\/index.php\/producto\/equipo-para-pintar-electrico-total-450w\/","og_site_name":"Corralon Sanchez","article_publisher":"https:\/\/www.facebook.com\/corralon.sanchez.belen","og_image":[{"width":500,"height":422,"url":"https:\/\/corralonsanchezbelen.com\/wp-content\/uploads\/2024\/07\/D_NQ_NP_630789-MLA54964002982_042023-O.webp","type":"image\/webp"}],"twitter_card":"summary_large_image","twitter_misc":{"Tiempo de lectura":"2 minutos"},"schema":{"@context":"https:\/\/schema.org","@graph":[{"@type":"WebPage","@id":"https:\/\/corralonsanchezbelen.com\/index.php\/producto\/equipo-para-pintar-electrico-total-450w\/","url":"https:\/\/corralonsanchezbelen.com\/index.php\/producto\/equipo-para-pintar-electrico-total-450w\/","name":"Equipo Para Pintar El\u00e9ctrico Total 450w - Corralon Sanchez","isPartOf":{"@id":"https:\/\/corralonsanchezbelen.com\/#website"},"primaryImageOfPage":{"@id":"https:\/\/corralonsanchezbelen.com\/index.php\/producto\/equipo-para-pintar-electrico-total-450w\/#primaryimage"},"image":{"@id":"https:\/\/corralonsanchezbelen.com\/index.php\/producto\/equipo-para-pintar-electrico-total-450w\/#primaryimage"},"thumbnailUrl":"https:\/\/corralonsanchezbelen.com\/wp-content\/uploads\/2024\/07\/D_NQ_NP_630789-MLA54964002982_042023-O.webp","datePublished":"2024-07-18T03:23:49+00:00","description":"Equipo Para Pintar El\u00e9ctrico Total 450W TT3506-4 Latex Sintetico Cetol Caudal M\u00e1ximo 380 Ml Por Minuto Calidad Industrial Uso Profesional Alto Rendimiento Frecuencia: 50. Sistema de pulverizaci\u00f3n de la pistola: HVLP. Tipo de pintura aceptado: latex interior. Volumen del tanque: 800mL.","breadcrumb":{"@id":"https:\/\/corralonsanchezbelen.com\/index.php\/producto\/equipo-para-pintar-electrico-total-450w\/#breadcrumb"},"inLanguage":"es","potentialAction":[{"@type":"ReadAction","target":["https:\/\/corralonsanchezbelen.com\/index.php\/producto\/equipo-para-pintar-electrico-total-450w\/"]}]},{"@type":"ImageObject","inLanguage":"es","@id":"https:\/\/corralonsanchezbelen.com\/index.php\/producto\/equipo-para-pintar-electrico-total-450w\/#primaryimage","url":"https:\/\/corralonsanchezbelen.com\/wp-content\/uploads\/2024\/07\/D_NQ_NP_630789-MLA54964002982_042023-O.webp","contentUrl":"https:\/\/corralonsanchezbelen.com\/wp-content\/uploads\/2024\/07\/D_NQ_NP_630789-MLA54964002982_042023-O.webp","width":500,"height":422},{"@type":"BreadcrumbList","@id":"https:\/\/corralonsanchezbelen.com\/index.php\/producto\/equipo-para-pintar-electrico-total-450w\/#breadcrumb","itemListElement":[{"@type":"ListItem","position":1,"name":"Portada","item":"https:\/\/corralonsanchezbelen.com\/"},{"@type":"ListItem","position":2,"name":"Tienda","item":"https:\/\/corralonsanchezbelen.com\/index.php\/tienda-2\/"},{"@type":"ListItem","position":3,"name":"Equipo Para Pintar El\u00e9ctrico Total 450w"}]},{"@type":"WebSite","@id":"https:\/\/corralonsanchezbelen.com\/#website","url":"https:\/\/corralonsanchezbelen.com\/","name":"Corralon Sanchez","description":"El maestro de la construcci\u00f3n.","publisher":{"@id":"https:\/\/corralonsanchezbelen.com\/#organization"},"potentialAction":[{"@type":"SearchAction","target":{"@type":"EntryPoint","urlTemplate":"https:\/\/corralonsanchezbelen.com\/?s={search_term_string}"},"query-input":{"@type":"PropertyValueSpecification","valueRequired":true,"valueName":"search_term_string"}}],"inLanguage":"es"},{"@type":"Organization","@id":"https:\/\/corralonsanchezbelen.com\/#organization","name":"Corralon Sanchez","url":"https:\/\/corralonsanchezbelen.com\/","logo":{"@type":"ImageObject","inLanguage":"es","@id":"https:\/\/corralonsanchezbelen.com\/#\/schema\/logo\/image\/","url":"https:\/\/corralonsanchezbelen.com\/wp-content\/uploads\/2024\/06\/Diseno-sin-tituloq.png","contentUrl":"https:\/\/corralonsanchezbelen.com\/wp-content\/uploads\/2024\/06\/Diseno-sin-tituloq.png","width":1080,"height":1080,"caption":"Corralon Sanchez"},"image":{"@id":"https:\/\/corralonsanchezbelen.com\/#\/schema\/logo\/image\/"},"sameAs":["https:\/\/www.facebook.com\/corralon.sanchez.belen","https:\/\/www.instagram.com\/corralon.sanchez\/"]}]}},"_links":{"self":[{"href":"https:\/\/corralonsanchezbelen.com\/index.php\/wp-json\/wp\/v2\/product\/3056","targetHints":{"allow":["GET"]}}],"collection":[{"href":"https:\/\/corralonsanchezbelen.com\/index.php\/wp-json\/wp\/v2\/product"}],"about":[{"href":"https:\/\/corralonsanchezbelen.com\/index.php\/wp-json\/wp\/v2\/types\/product"}],"replies":[{"embeddable":true,"href":"https:\/\/corralonsanchezbelen.com\/index.php\/wp-json\/wp\/v2\/comments?post=3056"}],"wp:featuredmedia":[{"embeddable":true,"href":"https:\/\/corralonsanchezbelen.com\/index.php\/wp-json\/wp\/v2\/media\/3057"}],"wp:attachment":[{"href":"https:\/\/corralonsanchezbelen.com\/index.php\/wp-json\/wp\/v2\/media?parent=3056"}],"wp:term":[{"taxonomy":"product_brand","embeddable":true,"href":"https:\/\/corralonsanchezbelen.com\/index.php\/wp-json\/wp\/v2\/product_brand?post=3056"},{"taxonomy":"product_cat","embeddable":true,"href":"https:\/\/corralonsanchezbelen.com\/index.php\/wp-json\/wp\/v2\/product_cat?post=3056"},{"taxonomy":"product_tag","embeddable":true,"href":"https:\/\/corralonsanchezbelen.com\/index.php\/wp-json\/wp\/v2\/product_tag?post=3056"}],"curies":[{"name":"wp","href":"https:\/\/api.w.org\/{rel}","templated":true}]}}