{"id":2866,"date":"2024-07-13T23:23:36","date_gmt":"2024-07-14T02:23:36","guid":{"rendered":"https:\/\/corralonsanchezbelen.com\/?post_type=product&#038;p=2866"},"modified":"2024-07-17T23:43:43","modified_gmt":"2024-07-18T02:43:43","slug":"perfiles-ipn","status":"publish","type":"product","link":"https:\/\/corralonsanchezbelen.com\/index.php\/producto\/perfiles-ipn\/","title":{"rendered":"Perfiles IPN"},"content":{"rendered":"","protected":false},"excerpt":{"rendered":"<p>Perfil laminado en caliente. Se utiliza en ingenier\u00eda mec\u00e1nica en general, en la industria de la construcci\u00f3n, principalmente como elemento estructural formando parte de vigas, columnas, entrepisos, reticulados, etc; en la industria del agro puede ser empleado para la fabricaci\u00f3n de silos, molinos, maquinas e implementos agr\u00edcolas. Admiten uniones tradicionales por medio de bulones normales de alta resistencia.<\/p>\n<p>Medidas:<br \/>\n80 mm.<br \/>\n100 mm.<br \/>\n120 mm.<br \/>\n140 mm.<br \/>\n160 mm.<br \/>\n180 mm.<br \/>\n200 mm.<br \/>\n220 mm.<br \/>\n240 mm.<br \/>\n300 mm.<\/p>\n<p>Unidad de venta: Barra por 12 m.<\/p>\n","protected":false},"featured_media":3047,"comment_status":"open","ping_status":"closed","template":"","meta":[],"product_brand":[],"product_cat":[28,40,116],"product_tag":[33],"class_list":{"0":"post-2866","1":"product","2":"type-product","3":"status-publish","4":"has-post-thumbnail","6":"product_cat-construccion","7":"product_cat-hierro","8":"product_cat-perfiles","9":"product_tag-hierro","11":"first","12":"instock","13":"taxable","14":"shipping-taxable","15":"product-type-simple"},"yoast_head":"<!-- This site is optimized with the Yoast SEO plugin v24.7 - https:\/\/yoast.com\/wordpress\/plugins\/seo\/ -->\n<title>Perfiles IPN - Corralon Sanchez<\/title>\n<meta name=\"description\" content=\"Perfil laminado en caliente. Se utiliza en ingenier\u00eda mec\u00e1nica en general, en la industria de la construcci\u00f3n, principalmente como elemento estructural formando parte de vigas, columnas, entrepisos, reticulados, etc; en la industria del agro puede ser empleado para la fabricaci\u00f3n de silos, molinos, maquinas e implementos agr\u00edcolas. Admiten uniones tradicionales por medio de bulones normales de alta resistencia.  Medidas: 80 mm. 100 mm. 120 mm. 140 mm. 160 mm. 180 mm. 200 mm. 220 mm. 240 mm. 300 mm.  Unidad de venta: Barra por 12 m.\" \/>\n<meta name=\"robots\" content=\"index, follow, max-snippet:-1, max-image-preview:large, max-video-preview:-1\" \/>\n<link rel=\"canonical\" href=\"https:\/\/corralonsanchezbelen.com\/index.php\/producto\/perfiles-ipn\/\" \/>\n<meta property=\"og:locale\" content=\"es_ES\" \/>\n<meta property=\"og:type\" content=\"article\" \/>\n<meta property=\"og:title\" content=\"Perfiles IPN - Corralon Sanchez\" \/>\n<meta property=\"og:description\" content=\"Perfil laminado en caliente. Se utiliza en ingenier\u00eda mec\u00e1nica en general, en la industria de la construcci\u00f3n, principalmente como elemento estructural formando parte de vigas, columnas, entrepisos, reticulados, etc; en la industria del agro puede ser empleado para la fabricaci\u00f3n de silos, molinos, maquinas e implementos agr\u00edcolas. Admiten uniones tradicionales por medio de bulones normales de alta resistencia.  Medidas: 80 mm. 100 mm. 120 mm. 140 mm. 160 mm. 180 mm. 200 mm. 220 mm. 240 mm. 300 mm.  Unidad de venta: Barra por 12 m.\" \/>\n<meta property=\"og:url\" content=\"https:\/\/corralonsanchezbelen.com\/index.php\/producto\/perfiles-ipn\/\" \/>\n<meta property=\"og:site_name\" content=\"Corralon Sanchez\" \/>\n<meta property=\"article:publisher\" content=\"https:\/\/www.facebook.com\/corralon.sanchez.belen\" \/>\n<meta property=\"article:modified_time\" content=\"2024-07-18T02:43:43+00:00\" \/>\n<meta property=\"og:image\" content=\"https:\/\/corralonsanchezbelen.com\/wp-content\/uploads\/2024\/07\/14DT999.jpg\" \/>\n\t<meta property=\"og:image:width\" content=\"1000\" \/>\n\t<meta property=\"og:image:height\" content=\"1000\" \/>\n\t<meta property=\"og:image:type\" content=\"image\/jpeg\" \/>\n<meta name=\"twitter:card\" content=\"summary_large_image\" \/>\n<script type=\"application\/ld+json\" class=\"yoast-schema-graph\">{\"@context\":\"https:\/\/schema.org\",\"@graph\":[{\"@type\":\"WebPage\",\"@id\":\"https:\/\/corralonsanchezbelen.com\/index.php\/producto\/perfiles-ipn\/\",\"url\":\"https:\/\/corralonsanchezbelen.com\/index.php\/producto\/perfiles-ipn\/\",\"name\":\"Perfiles IPN - Corralon Sanchez\",\"isPartOf\":{\"@id\":\"https:\/\/corralonsanchezbelen.com\/#website\"},\"primaryImageOfPage\":{\"@id\":\"https:\/\/corralonsanchezbelen.com\/index.php\/producto\/perfiles-ipn\/#primaryimage\"},\"image\":{\"@id\":\"https:\/\/corralonsanchezbelen.com\/index.php\/producto\/perfiles-ipn\/#primaryimage\"},\"thumbnailUrl\":\"https:\/\/corralonsanchezbelen.com\/wp-content\/uploads\/2024\/07\/14DT999.jpg\",\"datePublished\":\"2024-07-14T02:23:36+00:00\",\"dateModified\":\"2024-07-18T02:43:43+00:00\",\"description\":\"Perfil laminado en caliente. Se utiliza en ingenier\u00eda mec\u00e1nica en general, en la industria de la construcci\u00f3n, principalmente como elemento estructural formando parte de vigas, columnas, entrepisos, reticulados, etc; en la industria del agro puede ser empleado para la fabricaci\u00f3n de silos, molinos, maquinas e implementos agr\u00edcolas. Admiten uniones tradicionales por medio de bulones normales de alta resistencia. Medidas: 80 mm. 100 mm. 120 mm. 140 mm. 160 mm. 180 mm. 200 mm. 220 mm. 240 mm. 300 mm. Unidad de venta: Barra por 12 m.\",\"breadcrumb\":{\"@id\":\"https:\/\/corralonsanchezbelen.com\/index.php\/producto\/perfiles-ipn\/#breadcrumb\"},\"inLanguage\":\"es\",\"potentialAction\":[{\"@type\":\"ReadAction\",\"target\":[\"https:\/\/corralonsanchezbelen.com\/index.php\/producto\/perfiles-ipn\/\"]}]},{\"@type\":\"ImageObject\",\"inLanguage\":\"es\",\"@id\":\"https:\/\/corralonsanchezbelen.com\/index.php\/producto\/perfiles-ipn\/#primaryimage\",\"url\":\"https:\/\/corralonsanchezbelen.com\/wp-content\/uploads\/2024\/07\/14DT999.jpg\",\"contentUrl\":\"https:\/\/corralonsanchezbelen.com\/wp-content\/uploads\/2024\/07\/14DT999.jpg\",\"width\":1000,\"height\":1000},{\"@type\":\"BreadcrumbList\",\"@id\":\"https:\/\/corralonsanchezbelen.com\/index.php\/producto\/perfiles-ipn\/#breadcrumb\",\"itemListElement\":[{\"@type\":\"ListItem\",\"position\":1,\"name\":\"Portada\",\"item\":\"https:\/\/corralonsanchezbelen.com\/\"},{\"@type\":\"ListItem\",\"position\":2,\"name\":\"Tienda\",\"item\":\"https:\/\/corralonsanchezbelen.com\/index.php\/tienda-2\/\"},{\"@type\":\"ListItem\",\"position\":3,\"name\":\"Perfiles IPN\"}]},{\"@type\":\"WebSite\",\"@id\":\"https:\/\/corralonsanchezbelen.com\/#website\",\"url\":\"https:\/\/corralonsanchezbelen.com\/\",\"name\":\"Corralon Sanchez\",\"description\":\"El maestro de la construcci\u00f3n.\",\"publisher\":{\"@id\":\"https:\/\/corralonsanchezbelen.com\/#organization\"},\"potentialAction\":[{\"@type\":\"SearchAction\",\"target\":{\"@type\":\"EntryPoint\",\"urlTemplate\":\"https:\/\/corralonsanchezbelen.com\/?s={search_term_string}\"},\"query-input\":{\"@type\":\"PropertyValueSpecification\",\"valueRequired\":true,\"valueName\":\"search_term_string\"}}],\"inLanguage\":\"es\"},{\"@type\":\"Organization\",\"@id\":\"https:\/\/corralonsanchezbelen.com\/#organization\",\"name\":\"Corralon Sanchez\",\"url\":\"https:\/\/corralonsanchezbelen.com\/\",\"logo\":{\"@type\":\"ImageObject\",\"inLanguage\":\"es\",\"@id\":\"https:\/\/corralonsanchezbelen.com\/#\/schema\/logo\/image\/\",\"url\":\"https:\/\/corralonsanchezbelen.com\/wp-content\/uploads\/2024\/06\/Diseno-sin-tituloq.png\",\"contentUrl\":\"https:\/\/corralonsanchezbelen.com\/wp-content\/uploads\/2024\/06\/Diseno-sin-tituloq.png\",\"width\":1080,\"height\":1080,\"caption\":\"Corralon Sanchez\"},\"image\":{\"@id\":\"https:\/\/corralonsanchezbelen.com\/#\/schema\/logo\/image\/\"},\"sameAs\":[\"https:\/\/www.facebook.com\/corralon.sanchez.belen\",\"https:\/\/www.instagram.com\/corralon.sanchez\/\"]}]}<\/script>\n<!-- \/ Yoast SEO plugin. -->","yoast_head_json":{"title":"Perfiles IPN - Corralon Sanchez","description":"Perfil laminado en caliente. Se utiliza en ingenier\u00eda mec\u00e1nica en general, en la industria de la construcci\u00f3n, principalmente como elemento estructural formando parte de vigas, columnas, entrepisos, reticulados, etc; en la industria del agro puede ser empleado para la fabricaci\u00f3n de silos, molinos, maquinas e implementos agr\u00edcolas. Admiten uniones tradicionales por medio de bulones normales de alta resistencia.  Medidas: 80 mm. 100 mm. 120 mm. 140 mm. 160 mm. 180 mm. 200 mm. 220 mm. 240 mm. 300 mm.  Unidad de venta: Barra por 12 m.","robots":{"index":"index","follow":"follow","max-snippet":"max-snippet:-1","max-image-preview":"max-image-preview:large","max-video-preview":"max-video-preview:-1"},"canonical":"https:\/\/corralonsanchezbelen.com\/index.php\/producto\/perfiles-ipn\/","og_locale":"es_ES","og_type":"article","og_title":"Perfiles IPN - Corralon Sanchez","og_description":"Perfil laminado en caliente. Se utiliza en ingenier\u00eda mec\u00e1nica en general, en la industria de la construcci\u00f3n, principalmente como elemento estructural formando parte de vigas, columnas, entrepisos, reticulados, etc; en la industria del agro puede ser empleado para la fabricaci\u00f3n de silos, molinos, maquinas e implementos agr\u00edcolas. Admiten uniones tradicionales por medio de bulones normales de alta resistencia.  Medidas: 80 mm. 100 mm. 120 mm. 140 mm. 160 mm. 180 mm. 200 mm. 220 mm. 240 mm. 300 mm.  Unidad de venta: Barra por 12 m.","og_url":"https:\/\/corralonsanchezbelen.com\/index.php\/producto\/perfiles-ipn\/","og_site_name":"Corralon Sanchez","article_publisher":"https:\/\/www.facebook.com\/corralon.sanchez.belen","article_modified_time":"2024-07-18T02:43:43+00:00","og_image":[{"width":1000,"height":1000,"url":"https:\/\/corralonsanchezbelen.com\/wp-content\/uploads\/2024\/07\/14DT999.jpg","type":"image\/jpeg"}],"twitter_card":"summary_large_image","schema":{"@context":"https:\/\/schema.org","@graph":[{"@type":"WebPage","@id":"https:\/\/corralonsanchezbelen.com\/index.php\/producto\/perfiles-ipn\/","url":"https:\/\/corralonsanchezbelen.com\/index.php\/producto\/perfiles-ipn\/","name":"Perfiles IPN - Corralon Sanchez","isPartOf":{"@id":"https:\/\/corralonsanchezbelen.com\/#website"},"primaryImageOfPage":{"@id":"https:\/\/corralonsanchezbelen.com\/index.php\/producto\/perfiles-ipn\/#primaryimage"},"image":{"@id":"https:\/\/corralonsanchezbelen.com\/index.php\/producto\/perfiles-ipn\/#primaryimage"},"thumbnailUrl":"https:\/\/corralonsanchezbelen.com\/wp-content\/uploads\/2024\/07\/14DT999.jpg","datePublished":"2024-07-14T02:23:36+00:00","dateModified":"2024-07-18T02:43:43+00:00","description":"Perfil laminado en caliente. Se utiliza en ingenier\u00eda mec\u00e1nica en general, en la industria de la construcci\u00f3n, principalmente como elemento estructural formando parte de vigas, columnas, entrepisos, reticulados, etc; en la industria del agro puede ser empleado para la fabricaci\u00f3n de silos, molinos, maquinas e implementos agr\u00edcolas. Admiten uniones tradicionales por medio de bulones normales de alta resistencia. Medidas: 80 mm. 100 mm. 120 mm. 140 mm. 160 mm. 180 mm. 200 mm. 220 mm. 240 mm. 300 mm. Unidad de venta: Barra por 12 m.","breadcrumb":{"@id":"https:\/\/corralonsanchezbelen.com\/index.php\/producto\/perfiles-ipn\/#breadcrumb"},"inLanguage":"es","potentialAction":[{"@type":"ReadAction","target":["https:\/\/corralonsanchezbelen.com\/index.php\/producto\/perfiles-ipn\/"]}]},{"@type":"ImageObject","inLanguage":"es","@id":"https:\/\/corralonsanchezbelen.com\/index.php\/producto\/perfiles-ipn\/#primaryimage","url":"https:\/\/corralonsanchezbelen.com\/wp-content\/uploads\/2024\/07\/14DT999.jpg","contentUrl":"https:\/\/corralonsanchezbelen.com\/wp-content\/uploads\/2024\/07\/14DT999.jpg","width":1000,"height":1000},{"@type":"BreadcrumbList","@id":"https:\/\/corralonsanchezbelen.com\/index.php\/producto\/perfiles-ipn\/#breadcrumb","itemListElement":[{"@type":"ListItem","position":1,"name":"Portada","item":"https:\/\/corralonsanchezbelen.com\/"},{"@type":"ListItem","position":2,"name":"Tienda","item":"https:\/\/corralonsanchezbelen.com\/index.php\/tienda-2\/"},{"@type":"ListItem","position":3,"name":"Perfiles IPN"}]},{"@type":"WebSite","@id":"https:\/\/corralonsanchezbelen.com\/#website","url":"https:\/\/corralonsanchezbelen.com\/","name":"Corralon Sanchez","description":"El maestro de la construcci\u00f3n.","publisher":{"@id":"https:\/\/corralonsanchezbelen.com\/#organization"},"potentialAction":[{"@type":"SearchAction","target":{"@type":"EntryPoint","urlTemplate":"https:\/\/corralonsanchezbelen.com\/?s={search_term_string}"},"query-input":{"@type":"PropertyValueSpecification","valueRequired":true,"valueName":"search_term_string"}}],"inLanguage":"es"},{"@type":"Organization","@id":"https:\/\/corralonsanchezbelen.com\/#organization","name":"Corralon Sanchez","url":"https:\/\/corralonsanchezbelen.com\/","logo":{"@type":"ImageObject","inLanguage":"es","@id":"https:\/\/corralonsanchezbelen.com\/#\/schema\/logo\/image\/","url":"https:\/\/corralonsanchezbelen.com\/wp-content\/uploads\/2024\/06\/Diseno-sin-tituloq.png","contentUrl":"https:\/\/corralonsanchezbelen.com\/wp-content\/uploads\/2024\/06\/Diseno-sin-tituloq.png","width":1080,"height":1080,"caption":"Corralon Sanchez"},"image":{"@id":"https:\/\/corralonsanchezbelen.com\/#\/schema\/logo\/image\/"},"sameAs":["https:\/\/www.facebook.com\/corralon.sanchez.belen","https:\/\/www.instagram.com\/corralon.sanchez\/"]}]}},"_links":{"self":[{"href":"https:\/\/corralonsanchezbelen.com\/index.php\/wp-json\/wp\/v2\/product\/2866","targetHints":{"allow":["GET"]}}],"collection":[{"href":"https:\/\/corralonsanchezbelen.com\/index.php\/wp-json\/wp\/v2\/product"}],"about":[{"href":"https:\/\/corralonsanchezbelen.com\/index.php\/wp-json\/wp\/v2\/types\/product"}],"replies":[{"embeddable":true,"href":"https:\/\/corralonsanchezbelen.com\/index.php\/wp-json\/wp\/v2\/comments?post=2866"}],"wp:featuredmedia":[{"embeddable":true,"href":"https:\/\/corralonsanchezbelen.com\/index.php\/wp-json\/wp\/v2\/media\/3047"}],"wp:attachment":[{"href":"https:\/\/corralonsanchezbelen.com\/index.php\/wp-json\/wp\/v2\/media?parent=2866"}],"wp:term":[{"taxonomy":"product_brand","embeddable":true,"href":"https:\/\/corralonsanchezbelen.com\/index.php\/wp-json\/wp\/v2\/product_brand?post=2866"},{"taxonomy":"product_cat","embeddable":true,"href":"https:\/\/corralonsanchezbelen.com\/index.php\/wp-json\/wp\/v2\/product_cat?post=2866"},{"taxonomy":"product_tag","embeddable":true,"href":"https:\/\/corralonsanchezbelen.com\/index.php\/wp-json\/wp\/v2\/product_tag?post=2866"}],"curies":[{"name":"wp","href":"https:\/\/api.w.org\/{rel}","templated":true}]}}