{"id":2864,"date":"2024-07-13T23:07:13","date_gmt":"2024-07-14T02:07:13","guid":{"rendered":"https:\/\/corralonsanchezbelen.com\/?post_type=product&#038;p=2864"},"modified":"2024-07-18T00:07:10","modified_gmt":"2024-07-18T03:07:10","slug":"perfiles-angulos","status":"publish","type":"product","link":"https:\/\/corralonsanchezbelen.com\/index.php\/producto\/perfiles-angulos\/","title":{"rendered":"Perfiles \u00e1ngulos"},"content":{"rendered":"<p>Medidas:<br \/>\n1&#215;3\/16-25,40&#215;4,76mm<br \/>\n1&#215;1\/8-25,40&#215;3,18mm<br \/>\n1\/2&#215;1\/8-12,7&#215;3,18mm<br \/>\n1&#215;1\/4&#215;3\/16-31,5&#215;4,76mm<br \/>\n1.1\/2&#215;1\/4-38.10&#215;38,10&#215;6,40mm<br \/>\n1.3\/4&#215;1\/8-44,45&#215;3,18mm<br \/>\n1.3\/4&#215;3\/16-44,45&#215;44,45&#215;4,80mm<br \/>\n1.3\/4&#215;1\/4-44,45&#215;44,45&#215;6,40mm<br \/>\n2&#215;1\/8-50,80&#215;50,80&#215;3,20mm<br \/>\n2&#215;1\/4&#215;3\/16-57,15x57x15x4,76mm<br \/>\n2&#215;3\/16-50,80&#215;50,80&#215;6,40mm<br \/>\n2&#215;1\/4-50,80&#215;50,80&#215;6,40mm<br \/>\n2.1\/2&#215;3\/16-63,50&#215;63,50&#215;6,40mm<br \/>\n2.1\/4&#215;1\/4-57,15&#215;57,15&#215;6,40mm<br \/>\n2.1\/2&#215;1\/4-63,50&#215;63,50&#215;6,40mm<br \/>\n3&#215;3\/8-76,20&#215;76,20&#215;9,52mm<br \/>\n3&#215;1\/4-76,20&#215;76,20&#215;6,35mm<br \/>\n3\/4&#215;1\/8-19,05&#215;3,18mm<br \/>\n3&#215;5\/16-76,20&#215;76,20&#215;7,94mm<br \/>\n4&#215;3\/8-101,6&#215;9,52mm<br \/>\n4&#215;5\/16-101,6&#215;101,6&#215;9,52mm<br \/>\n4&#215;1\/2-101,6&#215;101,6&#215;12,7mm<br \/>\n5\/8&#215;1\/8-8-15.88&#215;3.18mm<br \/>\n7\/8&#215;1\/8-22.20&#215;3.18mm<\/p>\n","protected":false},"excerpt":{"rendered":"<p>Perfiles de gran uso en la construcci\u00f3n, en estructuras met\u00e1licas, marcos de puertas, rejas, marcos de bastidores para mallas, en herrer\u00eda para muebles de hierro, guardacantos, en industrias como soportes de vigas, columnas, apoyos y en el agro tambi\u00e9n con variados fines estructurales.<\/p>\n","protected":false},"featured_media":3054,"comment_status":"open","ping_status":"closed","template":"","meta":[],"product_brand":[],"product_cat":[28,40,116],"product_tag":[33],"class_list":{"0":"post-2864","1":"product","2":"type-product","3":"status-publish","4":"has-post-thumbnail","6":"product_cat-construccion","7":"product_cat-hierro","8":"product_cat-perfiles","9":"product_tag-hierro","11":"first","12":"instock","13":"taxable","14":"shipping-taxable","15":"product-type-simple"},"yoast_head":"<!-- This site is optimized with the Yoast SEO plugin v24.7 - https:\/\/yoast.com\/wordpress\/plugins\/seo\/ -->\n<title>Perfiles \u00e1ngulos - Corralon Sanchez<\/title>\n<meta name=\"description\" content=\"Perfiles de gran uso en la construcci\u00f3n, en estructuras met\u00e1licas, marcos de puertas, rejas, marcos de bastidores para mallas, en herrer\u00eda para muebles de hierro, guardacantos, en industrias como soportes de vigas, columnas, apoyos y en el agro tambi\u00e9n con variados fines estructurales.\" \/>\n<meta name=\"robots\" content=\"index, follow, max-snippet:-1, max-image-preview:large, max-video-preview:-1\" \/>\n<link rel=\"canonical\" href=\"https:\/\/corralonsanchezbelen.com\/index.php\/producto\/perfiles-angulos\/\" \/>\n<meta property=\"og:locale\" content=\"es_ES\" \/>\n<meta property=\"og:type\" content=\"article\" \/>\n<meta property=\"og:title\" content=\"Perfiles \u00e1ngulos - Corralon Sanchez\" \/>\n<meta property=\"og:description\" content=\"Perfiles de gran uso en la construcci\u00f3n, en estructuras met\u00e1licas, marcos de puertas, rejas, marcos de bastidores para mallas, en herrer\u00eda para muebles de hierro, guardacantos, en industrias como soportes de vigas, columnas, apoyos y en el agro tambi\u00e9n con variados fines estructurales.\" \/>\n<meta property=\"og:url\" content=\"https:\/\/corralonsanchezbelen.com\/index.php\/producto\/perfiles-angulos\/\" \/>\n<meta property=\"og:site_name\" content=\"Corralon Sanchez\" \/>\n<meta property=\"article:publisher\" content=\"https:\/\/www.facebook.com\/corralon.sanchez.belen\" \/>\n<meta property=\"article:modified_time\" content=\"2024-07-18T03:07:10+00:00\" \/>\n<meta property=\"og:image\" content=\"https:\/\/corralonsanchezbelen.com\/wp-content\/uploads\/2024\/07\/14AN090.jpg\" \/>\n\t<meta property=\"og:image:width\" content=\"1000\" \/>\n\t<meta property=\"og:image:height\" content=\"1000\" \/>\n\t<meta property=\"og:image:type\" content=\"image\/jpeg\" \/>\n<meta name=\"twitter:card\" content=\"summary_large_image\" \/>\n<meta name=\"twitter:label1\" content=\"Tiempo de lectura\" \/>\n\t<meta name=\"twitter:data1\" content=\"1 minuto\" \/>\n<script type=\"application\/ld+json\" class=\"yoast-schema-graph\">{\"@context\":\"https:\/\/schema.org\",\"@graph\":[{\"@type\":\"WebPage\",\"@id\":\"https:\/\/corralonsanchezbelen.com\/index.php\/producto\/perfiles-angulos\/\",\"url\":\"https:\/\/corralonsanchezbelen.com\/index.php\/producto\/perfiles-angulos\/\",\"name\":\"Perfiles \u00e1ngulos - Corralon Sanchez\",\"isPartOf\":{\"@id\":\"https:\/\/corralonsanchezbelen.com\/#website\"},\"primaryImageOfPage\":{\"@id\":\"https:\/\/corralonsanchezbelen.com\/index.php\/producto\/perfiles-angulos\/#primaryimage\"},\"image\":{\"@id\":\"https:\/\/corralonsanchezbelen.com\/index.php\/producto\/perfiles-angulos\/#primaryimage\"},\"thumbnailUrl\":\"https:\/\/corralonsanchezbelen.com\/wp-content\/uploads\/2024\/07\/14AN090.jpg\",\"datePublished\":\"2024-07-14T02:07:13+00:00\",\"dateModified\":\"2024-07-18T03:07:10+00:00\",\"description\":\"Perfiles de gran uso en la construcci\u00f3n, en estructuras met\u00e1licas, marcos de puertas, rejas, marcos de bastidores para mallas, en herrer\u00eda para muebles de hierro, guardacantos, en industrias como soportes de vigas, columnas, apoyos y en el agro tambi\u00e9n con variados fines estructurales.\",\"breadcrumb\":{\"@id\":\"https:\/\/corralonsanchezbelen.com\/index.php\/producto\/perfiles-angulos\/#breadcrumb\"},\"inLanguage\":\"es\",\"potentialAction\":[{\"@type\":\"ReadAction\",\"target\":[\"https:\/\/corralonsanchezbelen.com\/index.php\/producto\/perfiles-angulos\/\"]}]},{\"@type\":\"ImageObject\",\"inLanguage\":\"es\",\"@id\":\"https:\/\/corralonsanchezbelen.com\/index.php\/producto\/perfiles-angulos\/#primaryimage\",\"url\":\"https:\/\/corralonsanchezbelen.com\/wp-content\/uploads\/2024\/07\/14AN090.jpg\",\"contentUrl\":\"https:\/\/corralonsanchezbelen.com\/wp-content\/uploads\/2024\/07\/14AN090.jpg\",\"width\":1000,\"height\":1000},{\"@type\":\"BreadcrumbList\",\"@id\":\"https:\/\/corralonsanchezbelen.com\/index.php\/producto\/perfiles-angulos\/#breadcrumb\",\"itemListElement\":[{\"@type\":\"ListItem\",\"position\":1,\"name\":\"Portada\",\"item\":\"https:\/\/corralonsanchezbelen.com\/\"},{\"@type\":\"ListItem\",\"position\":2,\"name\":\"Tienda\",\"item\":\"https:\/\/corralonsanchezbelen.com\/index.php\/tienda-2\/\"},{\"@type\":\"ListItem\",\"position\":3,\"name\":\"Perfiles \u00e1ngulos\"}]},{\"@type\":\"WebSite\",\"@id\":\"https:\/\/corralonsanchezbelen.com\/#website\",\"url\":\"https:\/\/corralonsanchezbelen.com\/\",\"name\":\"Corralon Sanchez\",\"description\":\"El maestro de la construcci\u00f3n.\",\"publisher\":{\"@id\":\"https:\/\/corralonsanchezbelen.com\/#organization\"},\"potentialAction\":[{\"@type\":\"SearchAction\",\"target\":{\"@type\":\"EntryPoint\",\"urlTemplate\":\"https:\/\/corralonsanchezbelen.com\/?s={search_term_string}\"},\"query-input\":{\"@type\":\"PropertyValueSpecification\",\"valueRequired\":true,\"valueName\":\"search_term_string\"}}],\"inLanguage\":\"es\"},{\"@type\":\"Organization\",\"@id\":\"https:\/\/corralonsanchezbelen.com\/#organization\",\"name\":\"Corralon Sanchez\",\"url\":\"https:\/\/corralonsanchezbelen.com\/\",\"logo\":{\"@type\":\"ImageObject\",\"inLanguage\":\"es\",\"@id\":\"https:\/\/corralonsanchezbelen.com\/#\/schema\/logo\/image\/\",\"url\":\"https:\/\/corralonsanchezbelen.com\/wp-content\/uploads\/2024\/06\/Diseno-sin-tituloq.png\",\"contentUrl\":\"https:\/\/corralonsanchezbelen.com\/wp-content\/uploads\/2024\/06\/Diseno-sin-tituloq.png\",\"width\":1080,\"height\":1080,\"caption\":\"Corralon Sanchez\"},\"image\":{\"@id\":\"https:\/\/corralonsanchezbelen.com\/#\/schema\/logo\/image\/\"},\"sameAs\":[\"https:\/\/www.facebook.com\/corralon.sanchez.belen\",\"https:\/\/www.instagram.com\/corralon.sanchez\/\"]}]}<\/script>\n<!-- \/ Yoast SEO plugin. -->","yoast_head_json":{"title":"Perfiles \u00e1ngulos - Corralon Sanchez","description":"Perfiles de gran uso en la construcci\u00f3n, en estructuras met\u00e1licas, marcos de puertas, rejas, marcos de bastidores para mallas, en herrer\u00eda para muebles de hierro, guardacantos, en industrias como soportes de vigas, columnas, apoyos y en el agro tambi\u00e9n con variados fines estructurales.","robots":{"index":"index","follow":"follow","max-snippet":"max-snippet:-1","max-image-preview":"max-image-preview:large","max-video-preview":"max-video-preview:-1"},"canonical":"https:\/\/corralonsanchezbelen.com\/index.php\/producto\/perfiles-angulos\/","og_locale":"es_ES","og_type":"article","og_title":"Perfiles \u00e1ngulos - Corralon Sanchez","og_description":"Perfiles de gran uso en la construcci\u00f3n, en estructuras met\u00e1licas, marcos de puertas, rejas, marcos de bastidores para mallas, en herrer\u00eda para muebles de hierro, guardacantos, en industrias como soportes de vigas, columnas, apoyos y en el agro tambi\u00e9n con variados fines estructurales.","og_url":"https:\/\/corralonsanchezbelen.com\/index.php\/producto\/perfiles-angulos\/","og_site_name":"Corralon Sanchez","article_publisher":"https:\/\/www.facebook.com\/corralon.sanchez.belen","article_modified_time":"2024-07-18T03:07:10+00:00","og_image":[{"width":1000,"height":1000,"url":"https:\/\/corralonsanchezbelen.com\/wp-content\/uploads\/2024\/07\/14AN090.jpg","type":"image\/jpeg"}],"twitter_card":"summary_large_image","twitter_misc":{"Tiempo de lectura":"1 minuto"},"schema":{"@context":"https:\/\/schema.org","@graph":[{"@type":"WebPage","@id":"https:\/\/corralonsanchezbelen.com\/index.php\/producto\/perfiles-angulos\/","url":"https:\/\/corralonsanchezbelen.com\/index.php\/producto\/perfiles-angulos\/","name":"Perfiles \u00e1ngulos - Corralon Sanchez","isPartOf":{"@id":"https:\/\/corralonsanchezbelen.com\/#website"},"primaryImageOfPage":{"@id":"https:\/\/corralonsanchezbelen.com\/index.php\/producto\/perfiles-angulos\/#primaryimage"},"image":{"@id":"https:\/\/corralonsanchezbelen.com\/index.php\/producto\/perfiles-angulos\/#primaryimage"},"thumbnailUrl":"https:\/\/corralonsanchezbelen.com\/wp-content\/uploads\/2024\/07\/14AN090.jpg","datePublished":"2024-07-14T02:07:13+00:00","dateModified":"2024-07-18T03:07:10+00:00","description":"Perfiles de gran uso en la construcci\u00f3n, en estructuras met\u00e1licas, marcos de puertas, rejas, marcos de bastidores para mallas, en herrer\u00eda para muebles de hierro, guardacantos, en industrias como soportes de vigas, columnas, apoyos y en el agro tambi\u00e9n con variados fines estructurales.","breadcrumb":{"@id":"https:\/\/corralonsanchezbelen.com\/index.php\/producto\/perfiles-angulos\/#breadcrumb"},"inLanguage":"es","potentialAction":[{"@type":"ReadAction","target":["https:\/\/corralonsanchezbelen.com\/index.php\/producto\/perfiles-angulos\/"]}]},{"@type":"ImageObject","inLanguage":"es","@id":"https:\/\/corralonsanchezbelen.com\/index.php\/producto\/perfiles-angulos\/#primaryimage","url":"https:\/\/corralonsanchezbelen.com\/wp-content\/uploads\/2024\/07\/14AN090.jpg","contentUrl":"https:\/\/corralonsanchezbelen.com\/wp-content\/uploads\/2024\/07\/14AN090.jpg","width":1000,"height":1000},{"@type":"BreadcrumbList","@id":"https:\/\/corralonsanchezbelen.com\/index.php\/producto\/perfiles-angulos\/#breadcrumb","itemListElement":[{"@type":"ListItem","position":1,"name":"Portada","item":"https:\/\/corralonsanchezbelen.com\/"},{"@type":"ListItem","position":2,"name":"Tienda","item":"https:\/\/corralonsanchezbelen.com\/index.php\/tienda-2\/"},{"@type":"ListItem","position":3,"name":"Perfiles \u00e1ngulos"}]},{"@type":"WebSite","@id":"https:\/\/corralonsanchezbelen.com\/#website","url":"https:\/\/corralonsanchezbelen.com\/","name":"Corralon Sanchez","description":"El maestro de la construcci\u00f3n.","publisher":{"@id":"https:\/\/corralonsanchezbelen.com\/#organization"},"potentialAction":[{"@type":"SearchAction","target":{"@type":"EntryPoint","urlTemplate":"https:\/\/corralonsanchezbelen.com\/?s={search_term_string}"},"query-input":{"@type":"PropertyValueSpecification","valueRequired":true,"valueName":"search_term_string"}}],"inLanguage":"es"},{"@type":"Organization","@id":"https:\/\/corralonsanchezbelen.com\/#organization","name":"Corralon Sanchez","url":"https:\/\/corralonsanchezbelen.com\/","logo":{"@type":"ImageObject","inLanguage":"es","@id":"https:\/\/corralonsanchezbelen.com\/#\/schema\/logo\/image\/","url":"https:\/\/corralonsanchezbelen.com\/wp-content\/uploads\/2024\/06\/Diseno-sin-tituloq.png","contentUrl":"https:\/\/corralonsanchezbelen.com\/wp-content\/uploads\/2024\/06\/Diseno-sin-tituloq.png","width":1080,"height":1080,"caption":"Corralon Sanchez"},"image":{"@id":"https:\/\/corralonsanchezbelen.com\/#\/schema\/logo\/image\/"},"sameAs":["https:\/\/www.facebook.com\/corralon.sanchez.belen","https:\/\/www.instagram.com\/corralon.sanchez\/"]}]}},"_links":{"self":[{"href":"https:\/\/corralonsanchezbelen.com\/index.php\/wp-json\/wp\/v2\/product\/2864","targetHints":{"allow":["GET"]}}],"collection":[{"href":"https:\/\/corralonsanchezbelen.com\/index.php\/wp-json\/wp\/v2\/product"}],"about":[{"href":"https:\/\/corralonsanchezbelen.com\/index.php\/wp-json\/wp\/v2\/types\/product"}],"replies":[{"embeddable":true,"href":"https:\/\/corralonsanchezbelen.com\/index.php\/wp-json\/wp\/v2\/comments?post=2864"}],"wp:featuredmedia":[{"embeddable":true,"href":"https:\/\/corralonsanchezbelen.com\/index.php\/wp-json\/wp\/v2\/media\/3054"}],"wp:attachment":[{"href":"https:\/\/corralonsanchezbelen.com\/index.php\/wp-json\/wp\/v2\/media?parent=2864"}],"wp:term":[{"taxonomy":"product_brand","embeddable":true,"href":"https:\/\/corralonsanchezbelen.com\/index.php\/wp-json\/wp\/v2\/product_brand?post=2864"},{"taxonomy":"product_cat","embeddable":true,"href":"https:\/\/corralonsanchezbelen.com\/index.php\/wp-json\/wp\/v2\/product_cat?post=2864"},{"taxonomy":"product_tag","embeddable":true,"href":"https:\/\/corralonsanchezbelen.com\/index.php\/wp-json\/wp\/v2\/product_tag?post=2864"}],"curies":[{"name":"wp","href":"https:\/\/api.w.org\/{rel}","templated":true}]}}