{"id":2357,"date":"2024-07-11T16:57:33","date_gmt":"2024-07-11T19:57:33","guid":{"rendered":"https:\/\/corralonsanchezbelen.com\/?post_type=product&#038;p=2357"},"modified":"2024-07-11T16:57:33","modified_gmt":"2024-07-11T19:57:33","slug":"disco-de-lija-anti-empaste-para-lijadora-roto-orbital-bremen","status":"publish","type":"product","link":"https:\/\/corralonsanchezbelen.com\/index.php\/producto\/disco-de-lija-anti-empaste-para-lijadora-roto-orbital-bremen\/","title":{"rendered":"Disco de Lija Anti-Empaste para Lijadora Roto Orbital Bremen"},"content":{"rendered":"<p>Alta flexibilidad, evita los desgarros.<br \/>\nDiscos de lija con velcro larga duraci\u00f3n.<br \/>\nNo se empasta.<br \/>\nAdaptable a cualquier lijadora orbital y roto orbital.<br \/>\nSeguimos la Norma FEPA (Clasificaci\u00f3n Europea Est\u00e1ndar) para granos usados en abrasivos, y de acuerdo a dicha norma tienen diferentes aplicaciones detalladas a continuaci\u00f3n.<\/p>\n","protected":false},"excerpt":{"rendered":"<div class=\"pr6 items-stretch vtex-flex-layout-0-x-stretchChildrenWidth   flex\">\n<div class=\"vtex-flex-layout-0-x-flexCol vtex-flex-layout-0-x-flexCol--col-description  ml0 mr0 pl0 pr0      flex flex-column h-100 w-100\">\n<div class=\"vtex-flex-layout-0-x-flexColChild vtex-flex-layout-0-x-flexColChild--col-description pb0\">\n<div class=\"vtex-store-components-3-x-productDescriptionContainer\">\n<div class=\"vtex-store-components-3-x-productDescriptionText c-muted-1\">Los Discos de Lija Anti-Empaste BREMEN, incorporan en su dise\u00f1o una nueva tecnolog\u00eda que evita que la lija se empaste con el material removido, incluso utiliz\u00e1ndolas en seco. Esto posibilita un lijado m\u00e1s parejo, sencillo y limpio, con una menor cantidad de pasadas y consecuentemente, una menor cantidad de lijas utilizadas. Las lijas con tecnolog\u00eda anti-empaste brindan una excelente relaci\u00f3n entre el porcentaje de remoci\u00f3n de material y su vida \u00fatil.<br \/>\nUsos:<br \/>\nPara utilizar con Lijadora Roto-Orbital BREMEN (C\u00f3digo 7518).<br \/>\nDesbaste, preparaci\u00f3n y acabo en:<br \/>\n-Paredes.<br \/>\n-Maderas.<br \/>\n-Masillas.<br \/>\n-Yeso.<br \/>\n-Remoci\u00f3n de lacas.<br \/>\n-Barnices.<br \/>\n-Pinturas.<\/div>\n<\/div>\n<\/div>\n<\/div>\n<\/div>\n","protected":false},"featured_media":2358,"comment_status":"open","ping_status":"closed","template":"","meta":[],"product_brand":[],"product_cat":[61,50],"product_tag":[60],"class_list":{"0":"post-2357","1":"product","2":"type-product","3":"status-publish","4":"has-post-thumbnail","6":"product_cat-accesorios-bremen","7":"product_cat-accesorios-htas-electricas","8":"product_tag-bremen","10":"first","11":"instock","12":"taxable","13":"shipping-taxable","14":"product-type-simple"},"yoast_head":"<!-- This site is optimized with the Yoast SEO plugin v24.7 - https:\/\/yoast.com\/wordpress\/plugins\/seo\/ -->\n<title>Disco de Lija Anti-Empaste para Lijadora Roto Orbital Bremen - Corralon Sanchez<\/title>\n<meta name=\"description\" content=\"Los Discos de Lija Anti-Empaste BREMEN, incorporan en su dise\u00f1o una nueva tecnolog\u00eda que evita que la lija se empaste con el material removido, incluso utiliz\u00e1ndolas en seco. Esto posibilita un lijado m\u00e1s parejo, sencillo y limpio, con una menor cantidad de pasadas y consecuentemente, una menor cantidad de lijas utilizadas. Las lijas con tecnolog\u00eda anti-empaste brindan una excelente relaci\u00f3n entre el porcentaje de remoci\u00f3n de material y su vida \u00fatil. Usos: Para utilizar con Lijadora Roto-Orbital BREMEN (C\u00f3digo 7518). Desbaste, preparaci\u00f3n y acabo en: -Paredes. -Maderas. -Masillas. -Yeso. -Remoci\u00f3n de lacas. -Barnices. -Pinturas.\" \/>\n<meta name=\"robots\" content=\"index, follow, max-snippet:-1, max-image-preview:large, max-video-preview:-1\" \/>\n<link rel=\"canonical\" href=\"https:\/\/corralonsanchezbelen.com\/index.php\/producto\/disco-de-lija-anti-empaste-para-lijadora-roto-orbital-bremen\/\" \/>\n<meta property=\"og:locale\" content=\"es_ES\" \/>\n<meta property=\"og:type\" content=\"article\" \/>\n<meta property=\"og:title\" content=\"Disco de Lija Anti-Empaste para Lijadora Roto Orbital Bremen - Corralon Sanchez\" \/>\n<meta property=\"og:description\" content=\"Los Discos de Lija Anti-Empaste BREMEN, incorporan en su dise\u00f1o una nueva tecnolog\u00eda que evita que la lija se empaste con el material removido, incluso utiliz\u00e1ndolas en seco. Esto posibilita un lijado m\u00e1s parejo, sencillo y limpio, con una menor cantidad de pasadas y consecuentemente, una menor cantidad de lijas utilizadas. Las lijas con tecnolog\u00eda anti-empaste brindan una excelente relaci\u00f3n entre el porcentaje de remoci\u00f3n de material y su vida \u00fatil. Usos: Para utilizar con Lijadora Roto-Orbital BREMEN (C\u00f3digo 7518). Desbaste, preparaci\u00f3n y acabo en: -Paredes. -Maderas. -Masillas. -Yeso. -Remoci\u00f3n de lacas. -Barnices. -Pinturas.\" \/>\n<meta property=\"og:url\" content=\"https:\/\/corralonsanchezbelen.com\/index.php\/producto\/disco-de-lija-anti-empaste-para-lijadora-roto-orbital-bremen\/\" \/>\n<meta property=\"og:site_name\" content=\"Corralon Sanchez\" \/>\n<meta property=\"article:publisher\" content=\"https:\/\/www.facebook.com\/corralon.sanchez.belen\" \/>\n<meta property=\"og:image\" content=\"https:\/\/corralonsanchezbelen.com\/wp-content\/uploads\/2024\/07\/158396-800-auto.webp\" \/>\n\t<meta property=\"og:image:width\" content=\"540\" \/>\n\t<meta property=\"og:image:height\" content=\"632\" \/>\n\t<meta property=\"og:image:type\" content=\"image\/webp\" \/>\n<meta name=\"twitter:card\" content=\"summary_large_image\" \/>\n<meta name=\"twitter:label1\" content=\"Tiempo de lectura\" \/>\n\t<meta name=\"twitter:data1\" content=\"1 minuto\" \/>\n<script type=\"application\/ld+json\" class=\"yoast-schema-graph\">{\"@context\":\"https:\/\/schema.org\",\"@graph\":[{\"@type\":\"WebPage\",\"@id\":\"https:\/\/corralonsanchezbelen.com\/index.php\/producto\/disco-de-lija-anti-empaste-para-lijadora-roto-orbital-bremen\/\",\"url\":\"https:\/\/corralonsanchezbelen.com\/index.php\/producto\/disco-de-lija-anti-empaste-para-lijadora-roto-orbital-bremen\/\",\"name\":\"Disco de Lija Anti-Empaste para Lijadora Roto Orbital Bremen - Corralon Sanchez\",\"isPartOf\":{\"@id\":\"https:\/\/corralonsanchezbelen.com\/#website\"},\"primaryImageOfPage\":{\"@id\":\"https:\/\/corralonsanchezbelen.com\/index.php\/producto\/disco-de-lija-anti-empaste-para-lijadora-roto-orbital-bremen\/#primaryimage\"},\"image\":{\"@id\":\"https:\/\/corralonsanchezbelen.com\/index.php\/producto\/disco-de-lija-anti-empaste-para-lijadora-roto-orbital-bremen\/#primaryimage\"},\"thumbnailUrl\":\"https:\/\/corralonsanchezbelen.com\/wp-content\/uploads\/2024\/07\/158396-800-auto.webp\",\"datePublished\":\"2024-07-11T19:57:33+00:00\",\"description\":\"Los Discos de Lija Anti-Empaste BREMEN, incorporan en su dise\u00f1o una nueva tecnolog\u00eda que evita que la lija se empaste con el material removido, incluso utiliz\u00e1ndolas en seco. Esto posibilita un lijado m\u00e1s parejo, sencillo y limpio, con una menor cantidad de pasadas y consecuentemente, una menor cantidad de lijas utilizadas. Las lijas con tecnolog\u00eda anti-empaste brindan una excelente relaci\u00f3n entre el porcentaje de remoci\u00f3n de material y su vida \u00fatil. Usos: Para utilizar con Lijadora Roto-Orbital BREMEN (C\u00f3digo 7518). Desbaste, preparaci\u00f3n y acabo en: -Paredes. -Maderas. -Masillas. -Yeso. -Remoci\u00f3n de lacas. -Barnices. -Pinturas.\",\"breadcrumb\":{\"@id\":\"https:\/\/corralonsanchezbelen.com\/index.php\/producto\/disco-de-lija-anti-empaste-para-lijadora-roto-orbital-bremen\/#breadcrumb\"},\"inLanguage\":\"es\",\"potentialAction\":[{\"@type\":\"ReadAction\",\"target\":[\"https:\/\/corralonsanchezbelen.com\/index.php\/producto\/disco-de-lija-anti-empaste-para-lijadora-roto-orbital-bremen\/\"]}]},{\"@type\":\"ImageObject\",\"inLanguage\":\"es\",\"@id\":\"https:\/\/corralonsanchezbelen.com\/index.php\/producto\/disco-de-lija-anti-empaste-para-lijadora-roto-orbital-bremen\/#primaryimage\",\"url\":\"https:\/\/corralonsanchezbelen.com\/wp-content\/uploads\/2024\/07\/158396-800-auto.webp\",\"contentUrl\":\"https:\/\/corralonsanchezbelen.com\/wp-content\/uploads\/2024\/07\/158396-800-auto.webp\",\"width\":540,\"height\":632},{\"@type\":\"BreadcrumbList\",\"@id\":\"https:\/\/corralonsanchezbelen.com\/index.php\/producto\/disco-de-lija-anti-empaste-para-lijadora-roto-orbital-bremen\/#breadcrumb\",\"itemListElement\":[{\"@type\":\"ListItem\",\"position\":1,\"name\":\"Portada\",\"item\":\"https:\/\/corralonsanchezbelen.com\/\"},{\"@type\":\"ListItem\",\"position\":2,\"name\":\"Tienda\",\"item\":\"https:\/\/corralonsanchezbelen.com\/index.php\/tienda-2\/\"},{\"@type\":\"ListItem\",\"position\":3,\"name\":\"Disco de Lija Anti-Empaste para Lijadora Roto Orbital Bremen\"}]},{\"@type\":\"WebSite\",\"@id\":\"https:\/\/corralonsanchezbelen.com\/#website\",\"url\":\"https:\/\/corralonsanchezbelen.com\/\",\"name\":\"Corralon Sanchez\",\"description\":\"El maestro de la construcci\u00f3n.\",\"publisher\":{\"@id\":\"https:\/\/corralonsanchezbelen.com\/#organization\"},\"potentialAction\":[{\"@type\":\"SearchAction\",\"target\":{\"@type\":\"EntryPoint\",\"urlTemplate\":\"https:\/\/corralonsanchezbelen.com\/?s={search_term_string}\"},\"query-input\":{\"@type\":\"PropertyValueSpecification\",\"valueRequired\":true,\"valueName\":\"search_term_string\"}}],\"inLanguage\":\"es\"},{\"@type\":\"Organization\",\"@id\":\"https:\/\/corralonsanchezbelen.com\/#organization\",\"name\":\"Corralon Sanchez\",\"url\":\"https:\/\/corralonsanchezbelen.com\/\",\"logo\":{\"@type\":\"ImageObject\",\"inLanguage\":\"es\",\"@id\":\"https:\/\/corralonsanchezbelen.com\/#\/schema\/logo\/image\/\",\"url\":\"https:\/\/corralonsanchezbelen.com\/wp-content\/uploads\/2024\/06\/Diseno-sin-tituloq.png\",\"contentUrl\":\"https:\/\/corralonsanchezbelen.com\/wp-content\/uploads\/2024\/06\/Diseno-sin-tituloq.png\",\"width\":1080,\"height\":1080,\"caption\":\"Corralon Sanchez\"},\"image\":{\"@id\":\"https:\/\/corralonsanchezbelen.com\/#\/schema\/logo\/image\/\"},\"sameAs\":[\"https:\/\/www.facebook.com\/corralon.sanchez.belen\",\"https:\/\/www.instagram.com\/corralon.sanchez\/\"]}]}<\/script>\n<!-- \/ Yoast SEO plugin. -->","yoast_head_json":{"title":"Disco de Lija Anti-Empaste para Lijadora Roto Orbital Bremen - Corralon Sanchez","description":"Los Discos de Lija Anti-Empaste BREMEN, incorporan en su dise\u00f1o una nueva tecnolog\u00eda que evita que la lija se empaste con el material removido, incluso utiliz\u00e1ndolas en seco. Esto posibilita un lijado m\u00e1s parejo, sencillo y limpio, con una menor cantidad de pasadas y consecuentemente, una menor cantidad de lijas utilizadas. Las lijas con tecnolog\u00eda anti-empaste brindan una excelente relaci\u00f3n entre el porcentaje de remoci\u00f3n de material y su vida \u00fatil. Usos: Para utilizar con Lijadora Roto-Orbital BREMEN (C\u00f3digo 7518). Desbaste, preparaci\u00f3n y acabo en: -Paredes. -Maderas. -Masillas. -Yeso. -Remoci\u00f3n de lacas. -Barnices. -Pinturas.","robots":{"index":"index","follow":"follow","max-snippet":"max-snippet:-1","max-image-preview":"max-image-preview:large","max-video-preview":"max-video-preview:-1"},"canonical":"https:\/\/corralonsanchezbelen.com\/index.php\/producto\/disco-de-lija-anti-empaste-para-lijadora-roto-orbital-bremen\/","og_locale":"es_ES","og_type":"article","og_title":"Disco de Lija Anti-Empaste para Lijadora Roto Orbital Bremen - Corralon Sanchez","og_description":"Los Discos de Lija Anti-Empaste BREMEN, incorporan en su dise\u00f1o una nueva tecnolog\u00eda que evita que la lija se empaste con el material removido, incluso utiliz\u00e1ndolas en seco. Esto posibilita un lijado m\u00e1s parejo, sencillo y limpio, con una menor cantidad de pasadas y consecuentemente, una menor cantidad de lijas utilizadas. Las lijas con tecnolog\u00eda anti-empaste brindan una excelente relaci\u00f3n entre el porcentaje de remoci\u00f3n de material y su vida \u00fatil. Usos: Para utilizar con Lijadora Roto-Orbital BREMEN (C\u00f3digo 7518). Desbaste, preparaci\u00f3n y acabo en: -Paredes. -Maderas. -Masillas. -Yeso. -Remoci\u00f3n de lacas. -Barnices. -Pinturas.","og_url":"https:\/\/corralonsanchezbelen.com\/index.php\/producto\/disco-de-lija-anti-empaste-para-lijadora-roto-orbital-bremen\/","og_site_name":"Corralon Sanchez","article_publisher":"https:\/\/www.facebook.com\/corralon.sanchez.belen","og_image":[{"width":540,"height":632,"url":"https:\/\/corralonsanchezbelen.com\/wp-content\/uploads\/2024\/07\/158396-800-auto.webp","type":"image\/webp"}],"twitter_card":"summary_large_image","twitter_misc":{"Tiempo de lectura":"1 minuto"},"schema":{"@context":"https:\/\/schema.org","@graph":[{"@type":"WebPage","@id":"https:\/\/corralonsanchezbelen.com\/index.php\/producto\/disco-de-lija-anti-empaste-para-lijadora-roto-orbital-bremen\/","url":"https:\/\/corralonsanchezbelen.com\/index.php\/producto\/disco-de-lija-anti-empaste-para-lijadora-roto-orbital-bremen\/","name":"Disco de Lija Anti-Empaste para Lijadora Roto Orbital Bremen - Corralon Sanchez","isPartOf":{"@id":"https:\/\/corralonsanchezbelen.com\/#website"},"primaryImageOfPage":{"@id":"https:\/\/corralonsanchezbelen.com\/index.php\/producto\/disco-de-lija-anti-empaste-para-lijadora-roto-orbital-bremen\/#primaryimage"},"image":{"@id":"https:\/\/corralonsanchezbelen.com\/index.php\/producto\/disco-de-lija-anti-empaste-para-lijadora-roto-orbital-bremen\/#primaryimage"},"thumbnailUrl":"https:\/\/corralonsanchezbelen.com\/wp-content\/uploads\/2024\/07\/158396-800-auto.webp","datePublished":"2024-07-11T19:57:33+00:00","description":"Los Discos de Lija Anti-Empaste BREMEN, incorporan en su dise\u00f1o una nueva tecnolog\u00eda que evita que la lija se empaste con el material removido, incluso utiliz\u00e1ndolas en seco. Esto posibilita un lijado m\u00e1s parejo, sencillo y limpio, con una menor cantidad de pasadas y consecuentemente, una menor cantidad de lijas utilizadas. Las lijas con tecnolog\u00eda anti-empaste brindan una excelente relaci\u00f3n entre el porcentaje de remoci\u00f3n de material y su vida \u00fatil. Usos: Para utilizar con Lijadora Roto-Orbital BREMEN (C\u00f3digo 7518). Desbaste, preparaci\u00f3n y acabo en: -Paredes. -Maderas. -Masillas. -Yeso. -Remoci\u00f3n de lacas. -Barnices. -Pinturas.","breadcrumb":{"@id":"https:\/\/corralonsanchezbelen.com\/index.php\/producto\/disco-de-lija-anti-empaste-para-lijadora-roto-orbital-bremen\/#breadcrumb"},"inLanguage":"es","potentialAction":[{"@type":"ReadAction","target":["https:\/\/corralonsanchezbelen.com\/index.php\/producto\/disco-de-lija-anti-empaste-para-lijadora-roto-orbital-bremen\/"]}]},{"@type":"ImageObject","inLanguage":"es","@id":"https:\/\/corralonsanchezbelen.com\/index.php\/producto\/disco-de-lija-anti-empaste-para-lijadora-roto-orbital-bremen\/#primaryimage","url":"https:\/\/corralonsanchezbelen.com\/wp-content\/uploads\/2024\/07\/158396-800-auto.webp","contentUrl":"https:\/\/corralonsanchezbelen.com\/wp-content\/uploads\/2024\/07\/158396-800-auto.webp","width":540,"height":632},{"@type":"BreadcrumbList","@id":"https:\/\/corralonsanchezbelen.com\/index.php\/producto\/disco-de-lija-anti-empaste-para-lijadora-roto-orbital-bremen\/#breadcrumb","itemListElement":[{"@type":"ListItem","position":1,"name":"Portada","item":"https:\/\/corralonsanchezbelen.com\/"},{"@type":"ListItem","position":2,"name":"Tienda","item":"https:\/\/corralonsanchezbelen.com\/index.php\/tienda-2\/"},{"@type":"ListItem","position":3,"name":"Disco de Lija Anti-Empaste para Lijadora Roto Orbital Bremen"}]},{"@type":"WebSite","@id":"https:\/\/corralonsanchezbelen.com\/#website","url":"https:\/\/corralonsanchezbelen.com\/","name":"Corralon Sanchez","description":"El maestro de la construcci\u00f3n.","publisher":{"@id":"https:\/\/corralonsanchezbelen.com\/#organization"},"potentialAction":[{"@type":"SearchAction","target":{"@type":"EntryPoint","urlTemplate":"https:\/\/corralonsanchezbelen.com\/?s={search_term_string}"},"query-input":{"@type":"PropertyValueSpecification","valueRequired":true,"valueName":"search_term_string"}}],"inLanguage":"es"},{"@type":"Organization","@id":"https:\/\/corralonsanchezbelen.com\/#organization","name":"Corralon Sanchez","url":"https:\/\/corralonsanchezbelen.com\/","logo":{"@type":"ImageObject","inLanguage":"es","@id":"https:\/\/corralonsanchezbelen.com\/#\/schema\/logo\/image\/","url":"https:\/\/corralonsanchezbelen.com\/wp-content\/uploads\/2024\/06\/Diseno-sin-tituloq.png","contentUrl":"https:\/\/corralonsanchezbelen.com\/wp-content\/uploads\/2024\/06\/Diseno-sin-tituloq.png","width":1080,"height":1080,"caption":"Corralon Sanchez"},"image":{"@id":"https:\/\/corralonsanchezbelen.com\/#\/schema\/logo\/image\/"},"sameAs":["https:\/\/www.facebook.com\/corralon.sanchez.belen","https:\/\/www.instagram.com\/corralon.sanchez\/"]}]}},"_links":{"self":[{"href":"https:\/\/corralonsanchezbelen.com\/index.php\/wp-json\/wp\/v2\/product\/2357","targetHints":{"allow":["GET"]}}],"collection":[{"href":"https:\/\/corralonsanchezbelen.com\/index.php\/wp-json\/wp\/v2\/product"}],"about":[{"href":"https:\/\/corralonsanchezbelen.com\/index.php\/wp-json\/wp\/v2\/types\/product"}],"replies":[{"embeddable":true,"href":"https:\/\/corralonsanchezbelen.com\/index.php\/wp-json\/wp\/v2\/comments?post=2357"}],"wp:featuredmedia":[{"embeddable":true,"href":"https:\/\/corralonsanchezbelen.com\/index.php\/wp-json\/wp\/v2\/media\/2358"}],"wp:attachment":[{"href":"https:\/\/corralonsanchezbelen.com\/index.php\/wp-json\/wp\/v2\/media?parent=2357"}],"wp:term":[{"taxonomy":"product_brand","embeddable":true,"href":"https:\/\/corralonsanchezbelen.com\/index.php\/wp-json\/wp\/v2\/product_brand?post=2357"},{"taxonomy":"product_cat","embeddable":true,"href":"https:\/\/corralonsanchezbelen.com\/index.php\/wp-json\/wp\/v2\/product_cat?post=2357"},{"taxonomy":"product_tag","embeddable":true,"href":"https:\/\/corralonsanchezbelen.com\/index.php\/wp-json\/wp\/v2\/product_tag?post=2357"}],"curies":[{"name":"wp","href":"https:\/\/api.w.org\/{rel}","templated":true}]}}