{"id":2344,"date":"2024-07-11T16:37:56","date_gmt":"2024-07-11T19:37:56","guid":{"rendered":"https:\/\/corralonsanchezbelen.com\/?post_type=product&#038;p=2344"},"modified":"2024-07-11T18:52:58","modified_gmt":"2024-07-11T21:52:58","slug":"disco-diamantado-para-metales-bremen","status":"publish","type":"product","link":"https:\/\/corralonsanchezbelen.com\/index.php\/producto\/disco-diamantado-para-metales-bremen\/","title":{"rendered":"Disco Diamantado para Metales Bremen"},"content":{"rendered":"<p>Tienen un rendimiento notablemente superior al de un disco abrasivo est\u00e1ndar, llegando a rendir hasta 50 veces m\u00e1s; esto minimiza considerablemente la necesidad de recambio de discos.<br \/>\nRealizan cortes prolijos y r\u00e1pidos de manera segura ya que, por su proceso de fabricaci\u00f3n y el material del cuerpo, resultan levemente flexibles y no se quiebran.<br \/>\nEl di\u00e1metro de los Discos Diamantados para Metales BREMEN\u00ae no sufre una reducci\u00f3n significativa a lo largo del uso.<br \/>\n&#8211; Abrasivo: Diamante<br \/>\n&#8211; Material del Disco: Acero al Manganeso<br \/>\n&#8211; Espesor del Abrasivo: 1,6mm (C\u00f3d.7599) y 3mm (C\u00f3d.7698)<br \/>\n&#8211; Di\u00e1metro Interno: 22,23mm &#8211; M\u00e1x. RPM: 13.300rpm (C\u00f3d.7599) y 8.400rpm (C\u00f3d.7698)<br \/>\n&#8211; Tama\u00f1o de Grano: #46 (C\u00f3d.7599) y #36 (C\u00f3d.7698)<br \/>\n&#8211; Proceso de Fabricaci\u00f3n: Soldadura en vac\u00edo<br \/>\n&#8211; Fecha de Vencimiento: No posee<br \/>\nLos Discos Diamantados para Metales pueden utilizarse para cortar acero, fundici\u00f3n de hierro, aluminio, acero inoxidable y otros metales no ferrosos.<br \/>\nGracias a su versatilidad, sirven tambi\u00e9n para cortar materiales como azulejos, cer\u00e1mica, baldosas, entre otros.<br \/>\nPara utilizar con amoladora angular.<\/p>\n","protected":false},"excerpt":{"rendered":"<p>Los discos diamantados BREMEN, tienen un rendimiento notablemente superior al de un disco abrasivo est\u00e1ndar, llegando a rendir hasta 50 veces m\u00e1s; esto minimiza considerablemente la necesidad de recambio de discos. Realizan cortes prolijos y r\u00e1pidos de manera segura ya que, por su proceso de fabricaci\u00f3n y el material del cuerpo, resultan levemente flexibles y no se quiebran. Tienen un rendimiento notablemente superior al de un disco abrasivo est\u00e1ndar, llegando a rendir hasta 50 veces m\u00e1s; esto minimiza considerablemente la necesidad de recambio de discos. Realizan cortes prolijos y r\u00e1pidos de manera segura ya que, por su proceso de fabricaci\u00f3n y el material del cuerpo, resultan levemente flexibles y no se quiebran. El di\u00e1metro de los Discos Diamantados para Metales BREMEN\u00ae no sufre una reducci\u00f3n significativa a lo largo del uso.<br \/>\nCodigo:<br \/>\n7599<br \/>\n7698<\/p>\n","protected":false},"featured_media":2345,"comment_status":"open","ping_status":"closed","template":"","meta":[],"product_brand":[],"product_cat":[61,50,56,28,68,40],"product_tag":[60],"class_list":{"0":"post-2344","1":"product","2":"type-product","3":"status-publish","4":"has-post-thumbnail","6":"product_cat-accesorios-bremen","7":"product_cat-accesorios-htas-electricas","8":"product_cat-carpinteria","9":"product_cat-construccion","10":"product_cat-discos","11":"product_cat-hierro","12":"product_tag-bremen","14":"first","15":"instock","16":"taxable","17":"shipping-taxable","18":"product-type-simple"},"yoast_head":"<!-- This site is optimized with the Yoast SEO plugin v24.7 - https:\/\/yoast.com\/wordpress\/plugins\/seo\/ -->\n<title>Disco Diamantado para Metales Bremen - Corralon Sanchez<\/title>\n<meta name=\"description\" content=\"Los discos diamantados BREMEN, tienen un rendimiento notablemente superior al de un disco abrasivo est\u00e1ndar, llegando a rendir hasta 50 veces m\u00e1s; esto minimiza considerablemente la necesidad de recambio de discos. Realizan cortes prolijos y r\u00e1pidos de manera segura ya que, por su proceso de fabricaci\u00f3n y el material del cuerpo, resultan levemente flexibles y no se quiebran. Tienen un rendimiento notablemente superior al de un disco abrasivo est\u00e1ndar, llegando a rendir hasta 50 veces m\u00e1s; esto minimiza considerablemente la necesidad de recambio de discos. Realizan cortes prolijos y r\u00e1pidos de manera segura ya que, por su proceso de fabricaci\u00f3n y el material del cuerpo, resultan levemente flexibles y no se quiebran. El di\u00e1metro de los Discos Diamantados para Metales BREMEN\u00ae no sufre una reducci\u00f3n significativa a lo largo del uso. Codigo: 7599 7698\" \/>\n<meta name=\"robots\" content=\"index, follow, max-snippet:-1, max-image-preview:large, max-video-preview:-1\" \/>\n<link rel=\"canonical\" href=\"https:\/\/corralonsanchezbelen.com\/index.php\/producto\/disco-diamantado-para-metales-bremen\/\" \/>\n<meta property=\"og:locale\" content=\"es_ES\" \/>\n<meta property=\"og:type\" content=\"article\" \/>\n<meta property=\"og:title\" content=\"Disco Diamantado para Metales Bremen - Corralon Sanchez\" \/>\n<meta property=\"og:description\" content=\"Los discos diamantados BREMEN, tienen un rendimiento notablemente superior al de un disco abrasivo est\u00e1ndar, llegando a rendir hasta 50 veces m\u00e1s; esto minimiza considerablemente la necesidad de recambio de discos. Realizan cortes prolijos y r\u00e1pidos de manera segura ya que, por su proceso de fabricaci\u00f3n y el material del cuerpo, resultan levemente flexibles y no se quiebran. Tienen un rendimiento notablemente superior al de un disco abrasivo est\u00e1ndar, llegando a rendir hasta 50 veces m\u00e1s; esto minimiza considerablemente la necesidad de recambio de discos. Realizan cortes prolijos y r\u00e1pidos de manera segura ya que, por su proceso de fabricaci\u00f3n y el material del cuerpo, resultan levemente flexibles y no se quiebran. El di\u00e1metro de los Discos Diamantados para Metales BREMEN\u00ae no sufre una reducci\u00f3n significativa a lo largo del uso. Codigo: 7599 7698\" \/>\n<meta property=\"og:url\" content=\"https:\/\/corralonsanchezbelen.com\/index.php\/producto\/disco-diamantado-para-metales-bremen\/\" \/>\n<meta property=\"og:site_name\" content=\"Corralon Sanchez\" \/>\n<meta property=\"article:publisher\" content=\"https:\/\/www.facebook.com\/corralon.sanchez.belen\" \/>\n<meta property=\"article:modified_time\" content=\"2024-07-11T21:52:58+00:00\" \/>\n<meta property=\"og:image\" content=\"https:\/\/corralonsanchezbelen.com\/wp-content\/uploads\/2024\/07\/160405-800-auto.webp\" \/>\n\t<meta property=\"og:image:width\" content=\"800\" \/>\n\t<meta property=\"og:image:height\" content=\"938\" \/>\n\t<meta property=\"og:image:type\" content=\"image\/webp\" \/>\n<meta name=\"twitter:card\" content=\"summary_large_image\" \/>\n<meta name=\"twitter:label1\" content=\"Tiempo de lectura\" \/>\n\t<meta name=\"twitter:data1\" content=\"1 minuto\" \/>\n<script type=\"application\/ld+json\" class=\"yoast-schema-graph\">{\"@context\":\"https:\/\/schema.org\",\"@graph\":[{\"@type\":\"WebPage\",\"@id\":\"https:\/\/corralonsanchezbelen.com\/index.php\/producto\/disco-diamantado-para-metales-bremen\/\",\"url\":\"https:\/\/corralonsanchezbelen.com\/index.php\/producto\/disco-diamantado-para-metales-bremen\/\",\"name\":\"Disco Diamantado para Metales Bremen - Corralon Sanchez\",\"isPartOf\":{\"@id\":\"https:\/\/corralonsanchezbelen.com\/#website\"},\"primaryImageOfPage\":{\"@id\":\"https:\/\/corralonsanchezbelen.com\/index.php\/producto\/disco-diamantado-para-metales-bremen\/#primaryimage\"},\"image\":{\"@id\":\"https:\/\/corralonsanchezbelen.com\/index.php\/producto\/disco-diamantado-para-metales-bremen\/#primaryimage\"},\"thumbnailUrl\":\"https:\/\/corralonsanchezbelen.com\/wp-content\/uploads\/2024\/07\/160405-800-auto.webp\",\"datePublished\":\"2024-07-11T19:37:56+00:00\",\"dateModified\":\"2024-07-11T21:52:58+00:00\",\"description\":\"Los discos diamantados BREMEN, tienen un rendimiento notablemente superior al de un disco abrasivo est\u00e1ndar, llegando a rendir hasta 50 veces m\u00e1s; esto minimiza considerablemente la necesidad de recambio de discos. Realizan cortes prolijos y r\u00e1pidos de manera segura ya que, por su proceso de fabricaci\u00f3n y el material del cuerpo, resultan levemente flexibles y no se quiebran. Tienen un rendimiento notablemente superior al de un disco abrasivo est\u00e1ndar, llegando a rendir hasta 50 veces m\u00e1s; esto minimiza considerablemente la necesidad de recambio de discos. Realizan cortes prolijos y r\u00e1pidos de manera segura ya que, por su proceso de fabricaci\u00f3n y el material del cuerpo, resultan levemente flexibles y no se quiebran. El di\u00e1metro de los Discos Diamantados para Metales BREMEN\u00ae no sufre una reducci\u00f3n significativa a lo largo del uso. Codigo: 7599 7698\",\"breadcrumb\":{\"@id\":\"https:\/\/corralonsanchezbelen.com\/index.php\/producto\/disco-diamantado-para-metales-bremen\/#breadcrumb\"},\"inLanguage\":\"es\",\"potentialAction\":[{\"@type\":\"ReadAction\",\"target\":[\"https:\/\/corralonsanchezbelen.com\/index.php\/producto\/disco-diamantado-para-metales-bremen\/\"]}]},{\"@type\":\"ImageObject\",\"inLanguage\":\"es\",\"@id\":\"https:\/\/corralonsanchezbelen.com\/index.php\/producto\/disco-diamantado-para-metales-bremen\/#primaryimage\",\"url\":\"https:\/\/corralonsanchezbelen.com\/wp-content\/uploads\/2024\/07\/160405-800-auto.webp\",\"contentUrl\":\"https:\/\/corralonsanchezbelen.com\/wp-content\/uploads\/2024\/07\/160405-800-auto.webp\",\"width\":800,\"height\":938},{\"@type\":\"BreadcrumbList\",\"@id\":\"https:\/\/corralonsanchezbelen.com\/index.php\/producto\/disco-diamantado-para-metales-bremen\/#breadcrumb\",\"itemListElement\":[{\"@type\":\"ListItem\",\"position\":1,\"name\":\"Portada\",\"item\":\"https:\/\/corralonsanchezbelen.com\/\"},{\"@type\":\"ListItem\",\"position\":2,\"name\":\"Tienda\",\"item\":\"https:\/\/corralonsanchezbelen.com\/index.php\/tienda-2\/\"},{\"@type\":\"ListItem\",\"position\":3,\"name\":\"Disco Diamantado para Metales Bremen\"}]},{\"@type\":\"WebSite\",\"@id\":\"https:\/\/corralonsanchezbelen.com\/#website\",\"url\":\"https:\/\/corralonsanchezbelen.com\/\",\"name\":\"Corralon Sanchez\",\"description\":\"El maestro de la construcci\u00f3n.\",\"publisher\":{\"@id\":\"https:\/\/corralonsanchezbelen.com\/#organization\"},\"potentialAction\":[{\"@type\":\"SearchAction\",\"target\":{\"@type\":\"EntryPoint\",\"urlTemplate\":\"https:\/\/corralonsanchezbelen.com\/?s={search_term_string}\"},\"query-input\":{\"@type\":\"PropertyValueSpecification\",\"valueRequired\":true,\"valueName\":\"search_term_string\"}}],\"inLanguage\":\"es\"},{\"@type\":\"Organization\",\"@id\":\"https:\/\/corralonsanchezbelen.com\/#organization\",\"name\":\"Corralon Sanchez\",\"url\":\"https:\/\/corralonsanchezbelen.com\/\",\"logo\":{\"@type\":\"ImageObject\",\"inLanguage\":\"es\",\"@id\":\"https:\/\/corralonsanchezbelen.com\/#\/schema\/logo\/image\/\",\"url\":\"https:\/\/corralonsanchezbelen.com\/wp-content\/uploads\/2024\/06\/Diseno-sin-tituloq.png\",\"contentUrl\":\"https:\/\/corralonsanchezbelen.com\/wp-content\/uploads\/2024\/06\/Diseno-sin-tituloq.png\",\"width\":1080,\"height\":1080,\"caption\":\"Corralon Sanchez\"},\"image\":{\"@id\":\"https:\/\/corralonsanchezbelen.com\/#\/schema\/logo\/image\/\"},\"sameAs\":[\"https:\/\/www.facebook.com\/corralon.sanchez.belen\",\"https:\/\/www.instagram.com\/corralon.sanchez\/\"]}]}<\/script>\n<!-- \/ Yoast SEO plugin. -->","yoast_head_json":{"title":"Disco Diamantado para Metales Bremen - Corralon Sanchez","description":"Los discos diamantados BREMEN, tienen un rendimiento notablemente superior al de un disco abrasivo est\u00e1ndar, llegando a rendir hasta 50 veces m\u00e1s; esto minimiza considerablemente la necesidad de recambio de discos. Realizan cortes prolijos y r\u00e1pidos de manera segura ya que, por su proceso de fabricaci\u00f3n y el material del cuerpo, resultan levemente flexibles y no se quiebran. Tienen un rendimiento notablemente superior al de un disco abrasivo est\u00e1ndar, llegando a rendir hasta 50 veces m\u00e1s; esto minimiza considerablemente la necesidad de recambio de discos. Realizan cortes prolijos y r\u00e1pidos de manera segura ya que, por su proceso de fabricaci\u00f3n y el material del cuerpo, resultan levemente flexibles y no se quiebran. El di\u00e1metro de los Discos Diamantados para Metales BREMEN\u00ae no sufre una reducci\u00f3n significativa a lo largo del uso. Codigo: 7599 7698","robots":{"index":"index","follow":"follow","max-snippet":"max-snippet:-1","max-image-preview":"max-image-preview:large","max-video-preview":"max-video-preview:-1"},"canonical":"https:\/\/corralonsanchezbelen.com\/index.php\/producto\/disco-diamantado-para-metales-bremen\/","og_locale":"es_ES","og_type":"article","og_title":"Disco Diamantado para Metales Bremen - Corralon Sanchez","og_description":"Los discos diamantados BREMEN, tienen un rendimiento notablemente superior al de un disco abrasivo est\u00e1ndar, llegando a rendir hasta 50 veces m\u00e1s; esto minimiza considerablemente la necesidad de recambio de discos. Realizan cortes prolijos y r\u00e1pidos de manera segura ya que, por su proceso de fabricaci\u00f3n y el material del cuerpo, resultan levemente flexibles y no se quiebran. Tienen un rendimiento notablemente superior al de un disco abrasivo est\u00e1ndar, llegando a rendir hasta 50 veces m\u00e1s; esto minimiza considerablemente la necesidad de recambio de discos. Realizan cortes prolijos y r\u00e1pidos de manera segura ya que, por su proceso de fabricaci\u00f3n y el material del cuerpo, resultan levemente flexibles y no se quiebran. El di\u00e1metro de los Discos Diamantados para Metales BREMEN\u00ae no sufre una reducci\u00f3n significativa a lo largo del uso. Codigo: 7599 7698","og_url":"https:\/\/corralonsanchezbelen.com\/index.php\/producto\/disco-diamantado-para-metales-bremen\/","og_site_name":"Corralon Sanchez","article_publisher":"https:\/\/www.facebook.com\/corralon.sanchez.belen","article_modified_time":"2024-07-11T21:52:58+00:00","og_image":[{"width":800,"height":938,"url":"https:\/\/corralonsanchezbelen.com\/wp-content\/uploads\/2024\/07\/160405-800-auto.webp","type":"image\/webp"}],"twitter_card":"summary_large_image","twitter_misc":{"Tiempo de lectura":"1 minuto"},"schema":{"@context":"https:\/\/schema.org","@graph":[{"@type":"WebPage","@id":"https:\/\/corralonsanchezbelen.com\/index.php\/producto\/disco-diamantado-para-metales-bremen\/","url":"https:\/\/corralonsanchezbelen.com\/index.php\/producto\/disco-diamantado-para-metales-bremen\/","name":"Disco Diamantado para Metales Bremen - Corralon Sanchez","isPartOf":{"@id":"https:\/\/corralonsanchezbelen.com\/#website"},"primaryImageOfPage":{"@id":"https:\/\/corralonsanchezbelen.com\/index.php\/producto\/disco-diamantado-para-metales-bremen\/#primaryimage"},"image":{"@id":"https:\/\/corralonsanchezbelen.com\/index.php\/producto\/disco-diamantado-para-metales-bremen\/#primaryimage"},"thumbnailUrl":"https:\/\/corralonsanchezbelen.com\/wp-content\/uploads\/2024\/07\/160405-800-auto.webp","datePublished":"2024-07-11T19:37:56+00:00","dateModified":"2024-07-11T21:52:58+00:00","description":"Los discos diamantados BREMEN, tienen un rendimiento notablemente superior al de un disco abrasivo est\u00e1ndar, llegando a rendir hasta 50 veces m\u00e1s; esto minimiza considerablemente la necesidad de recambio de discos. Realizan cortes prolijos y r\u00e1pidos de manera segura ya que, por su proceso de fabricaci\u00f3n y el material del cuerpo, resultan levemente flexibles y no se quiebran. Tienen un rendimiento notablemente superior al de un disco abrasivo est\u00e1ndar, llegando a rendir hasta 50 veces m\u00e1s; esto minimiza considerablemente la necesidad de recambio de discos. Realizan cortes prolijos y r\u00e1pidos de manera segura ya que, por su proceso de fabricaci\u00f3n y el material del cuerpo, resultan levemente flexibles y no se quiebran. El di\u00e1metro de los Discos Diamantados para Metales BREMEN\u00ae no sufre una reducci\u00f3n significativa a lo largo del uso. Codigo: 7599 7698","breadcrumb":{"@id":"https:\/\/corralonsanchezbelen.com\/index.php\/producto\/disco-diamantado-para-metales-bremen\/#breadcrumb"},"inLanguage":"es","potentialAction":[{"@type":"ReadAction","target":["https:\/\/corralonsanchezbelen.com\/index.php\/producto\/disco-diamantado-para-metales-bremen\/"]}]},{"@type":"ImageObject","inLanguage":"es","@id":"https:\/\/corralonsanchezbelen.com\/index.php\/producto\/disco-diamantado-para-metales-bremen\/#primaryimage","url":"https:\/\/corralonsanchezbelen.com\/wp-content\/uploads\/2024\/07\/160405-800-auto.webp","contentUrl":"https:\/\/corralonsanchezbelen.com\/wp-content\/uploads\/2024\/07\/160405-800-auto.webp","width":800,"height":938},{"@type":"BreadcrumbList","@id":"https:\/\/corralonsanchezbelen.com\/index.php\/producto\/disco-diamantado-para-metales-bremen\/#breadcrumb","itemListElement":[{"@type":"ListItem","position":1,"name":"Portada","item":"https:\/\/corralonsanchezbelen.com\/"},{"@type":"ListItem","position":2,"name":"Tienda","item":"https:\/\/corralonsanchezbelen.com\/index.php\/tienda-2\/"},{"@type":"ListItem","position":3,"name":"Disco Diamantado para Metales Bremen"}]},{"@type":"WebSite","@id":"https:\/\/corralonsanchezbelen.com\/#website","url":"https:\/\/corralonsanchezbelen.com\/","name":"Corralon Sanchez","description":"El maestro de la construcci\u00f3n.","publisher":{"@id":"https:\/\/corralonsanchezbelen.com\/#organization"},"potentialAction":[{"@type":"SearchAction","target":{"@type":"EntryPoint","urlTemplate":"https:\/\/corralonsanchezbelen.com\/?s={search_term_string}"},"query-input":{"@type":"PropertyValueSpecification","valueRequired":true,"valueName":"search_term_string"}}],"inLanguage":"es"},{"@type":"Organization","@id":"https:\/\/corralonsanchezbelen.com\/#organization","name":"Corralon Sanchez","url":"https:\/\/corralonsanchezbelen.com\/","logo":{"@type":"ImageObject","inLanguage":"es","@id":"https:\/\/corralonsanchezbelen.com\/#\/schema\/logo\/image\/","url":"https:\/\/corralonsanchezbelen.com\/wp-content\/uploads\/2024\/06\/Diseno-sin-tituloq.png","contentUrl":"https:\/\/corralonsanchezbelen.com\/wp-content\/uploads\/2024\/06\/Diseno-sin-tituloq.png","width":1080,"height":1080,"caption":"Corralon Sanchez"},"image":{"@id":"https:\/\/corralonsanchezbelen.com\/#\/schema\/logo\/image\/"},"sameAs":["https:\/\/www.facebook.com\/corralon.sanchez.belen","https:\/\/www.instagram.com\/corralon.sanchez\/"]}]}},"_links":{"self":[{"href":"https:\/\/corralonsanchezbelen.com\/index.php\/wp-json\/wp\/v2\/product\/2344","targetHints":{"allow":["GET"]}}],"collection":[{"href":"https:\/\/corralonsanchezbelen.com\/index.php\/wp-json\/wp\/v2\/product"}],"about":[{"href":"https:\/\/corralonsanchezbelen.com\/index.php\/wp-json\/wp\/v2\/types\/product"}],"replies":[{"embeddable":true,"href":"https:\/\/corralonsanchezbelen.com\/index.php\/wp-json\/wp\/v2\/comments?post=2344"}],"wp:featuredmedia":[{"embeddable":true,"href":"https:\/\/corralonsanchezbelen.com\/index.php\/wp-json\/wp\/v2\/media\/2345"}],"wp:attachment":[{"href":"https:\/\/corralonsanchezbelen.com\/index.php\/wp-json\/wp\/v2\/media?parent=2344"}],"wp:term":[{"taxonomy":"product_brand","embeddable":true,"href":"https:\/\/corralonsanchezbelen.com\/index.php\/wp-json\/wp\/v2\/product_brand?post=2344"},{"taxonomy":"product_cat","embeddable":true,"href":"https:\/\/corralonsanchezbelen.com\/index.php\/wp-json\/wp\/v2\/product_cat?post=2344"},{"taxonomy":"product_tag","embeddable":true,"href":"https:\/\/corralonsanchezbelen.com\/index.php\/wp-json\/wp\/v2\/product_tag?post=2344"}],"curies":[{"name":"wp","href":"https:\/\/api.w.org\/{rel}","templated":true}]}}