{"id":2332,"date":"2024-07-11T16:22:36","date_gmt":"2024-07-11T19:22:36","guid":{"rendered":"https:\/\/corralonsanchezbelen.com\/?post_type=product&#038;p=2332"},"modified":"2024-07-11T18:54:07","modified_gmt":"2024-07-11T21:54:07","slug":"discos-flap-oxido-de-aluminio-bremen","status":"publish","type":"product","link":"https:\/\/corralonsanchezbelen.com\/index.php\/producto\/discos-flap-oxido-de-aluminio-bremen\/","title":{"rendered":"Discos Flap &#8211; \u00d3xido de Aluminio Bremen"},"content":{"rendered":"","protected":false},"excerpt":{"rendered":"<p>Medida: 4-1\/2\u201d (115mm)<br \/>\nMaterial: \u00d3xido de Aluminio: Es el material que se utilizaba en metales, hasta la llegada del \u00f3xido de Zirconio. Si bien tienen un desempe\u00f1o menor, es m\u00e1s competitivo su precio, siendo el elegido en aplicaciones de una exigencia intermedia.<br \/>\nGranos: Granos de 40 y 60: que se utilizan para desbaste.<br \/>\nGranos de 80 y 100: com\u00fanmente usados para lijar.<br \/>\nGranos de m\u00e1s de 120: cuando se requiere una superficie muy lisa y sin marcas.<br \/>\nC\u00f3digo:<br \/>\n7209<br \/>\n7210<br \/>\n7211<br \/>\n7212<br \/>\n7935<\/p>\n","protected":false},"featured_media":2333,"comment_status":"open","ping_status":"closed","template":"","meta":[],"product_brand":[],"product_cat":[61,50,28,68,40,46],"product_tag":[60],"class_list":{"0":"post-2332","1":"product","2":"type-product","3":"status-publish","4":"has-post-thumbnail","6":"product_cat-accesorios-bremen","7":"product_cat-accesorios-htas-electricas","8":"product_cat-construccion","9":"product_cat-discos","10":"product_cat-hierro","11":"product_cat-madera","12":"product_tag-bremen","14":"first","15":"instock","16":"taxable","17":"shipping-taxable","18":"product-type-simple"},"yoast_head":"<!-- This site is optimized with the Yoast SEO plugin v24.7 - https:\/\/yoast.com\/wordpress\/plugins\/seo\/ -->\n<title>Discos Flap - \u00d3xido de Aluminio Bremen - Corralon Sanchez<\/title>\n<meta name=\"description\" content=\"Medida: 4-1\/2\u201d (115mm) Material: \u00d3xido de Aluminio: Es el material que se utilizaba en metales, hasta la llegada del \u00f3xido de Zirconio. Si bien tienen un desempe\u00f1o menor, es m\u00e1s competitivo su precio, siendo el elegido en aplicaciones de una exigencia intermedia. Granos: Granos de 40 y 60: que se utilizan para desbaste. Granos de 80 y 100: com\u00fanmente usados para lijar. Granos de m\u00e1s de 120: cuando se requiere una superficie muy lisa y sin marcas. C\u00f3digo: 7209 7210 7211 7212 7935\" \/>\n<meta name=\"robots\" content=\"index, follow, max-snippet:-1, max-image-preview:large, max-video-preview:-1\" \/>\n<link rel=\"canonical\" href=\"https:\/\/corralonsanchezbelen.com\/index.php\/producto\/discos-flap-oxido-de-aluminio-bremen\/\" \/>\n<meta property=\"og:locale\" content=\"es_ES\" \/>\n<meta property=\"og:type\" content=\"article\" \/>\n<meta property=\"og:title\" content=\"Discos Flap - \u00d3xido de Aluminio Bremen - Corralon Sanchez\" \/>\n<meta property=\"og:description\" content=\"Medida: 4-1\/2\u201d (115mm) Material: \u00d3xido de Aluminio: Es el material que se utilizaba en metales, hasta la llegada del \u00f3xido de Zirconio. Si bien tienen un desempe\u00f1o menor, es m\u00e1s competitivo su precio, siendo el elegido en aplicaciones de una exigencia intermedia. Granos: Granos de 40 y 60: que se utilizan para desbaste. Granos de 80 y 100: com\u00fanmente usados para lijar. Granos de m\u00e1s de 120: cuando se requiere una superficie muy lisa y sin marcas. C\u00f3digo: 7209 7210 7211 7212 7935\" \/>\n<meta property=\"og:url\" content=\"https:\/\/corralonsanchezbelen.com\/index.php\/producto\/discos-flap-oxido-de-aluminio-bremen\/\" \/>\n<meta property=\"og:site_name\" content=\"Corralon Sanchez\" \/>\n<meta property=\"article:publisher\" content=\"https:\/\/www.facebook.com\/corralon.sanchez.belen\" \/>\n<meta property=\"article:modified_time\" content=\"2024-07-11T21:54:07+00:00\" \/>\n<meta property=\"og:image\" content=\"https:\/\/corralonsanchezbelen.com\/wp-content\/uploads\/2024\/07\/160369-800-auto.webp\" \/>\n\t<meta property=\"og:image:width\" content=\"800\" \/>\n\t<meta property=\"og:image:height\" content=\"938\" \/>\n\t<meta property=\"og:image:type\" content=\"image\/webp\" \/>\n<meta name=\"twitter:card\" content=\"summary_large_image\" \/>\n<meta name=\"twitter:label1\" content=\"Tiempo de lectura\" \/>\n\t<meta name=\"twitter:data1\" content=\"1 minuto\" \/>\n<script type=\"application\/ld+json\" class=\"yoast-schema-graph\">{\"@context\":\"https:\/\/schema.org\",\"@graph\":[{\"@type\":\"WebPage\",\"@id\":\"https:\/\/corralonsanchezbelen.com\/index.php\/producto\/discos-flap-oxido-de-aluminio-bremen\/\",\"url\":\"https:\/\/corralonsanchezbelen.com\/index.php\/producto\/discos-flap-oxido-de-aluminio-bremen\/\",\"name\":\"Discos Flap - \u00d3xido de Aluminio Bremen - Corralon Sanchez\",\"isPartOf\":{\"@id\":\"https:\/\/corralonsanchezbelen.com\/#website\"},\"primaryImageOfPage\":{\"@id\":\"https:\/\/corralonsanchezbelen.com\/index.php\/producto\/discos-flap-oxido-de-aluminio-bremen\/#primaryimage\"},\"image\":{\"@id\":\"https:\/\/corralonsanchezbelen.com\/index.php\/producto\/discos-flap-oxido-de-aluminio-bremen\/#primaryimage\"},\"thumbnailUrl\":\"https:\/\/corralonsanchezbelen.com\/wp-content\/uploads\/2024\/07\/160369-800-auto.webp\",\"datePublished\":\"2024-07-11T19:22:36+00:00\",\"dateModified\":\"2024-07-11T21:54:07+00:00\",\"description\":\"Medida: 4-1\/2\u201d (115mm) Material: \u00d3xido de Aluminio: Es el material que se utilizaba en metales, hasta la llegada del \u00f3xido de Zirconio. Si bien tienen un desempe\u00f1o menor, es m\u00e1s competitivo su precio, siendo el elegido en aplicaciones de una exigencia intermedia. Granos: Granos de 40 y 60: que se utilizan para desbaste. Granos de 80 y 100: com\u00fanmente usados para lijar. Granos de m\u00e1s de 120: cuando se requiere una superficie muy lisa y sin marcas. C\u00f3digo: 7209 7210 7211 7212 7935\",\"breadcrumb\":{\"@id\":\"https:\/\/corralonsanchezbelen.com\/index.php\/producto\/discos-flap-oxido-de-aluminio-bremen\/#breadcrumb\"},\"inLanguage\":\"es\",\"potentialAction\":[{\"@type\":\"ReadAction\",\"target\":[\"https:\/\/corralonsanchezbelen.com\/index.php\/producto\/discos-flap-oxido-de-aluminio-bremen\/\"]}]},{\"@type\":\"ImageObject\",\"inLanguage\":\"es\",\"@id\":\"https:\/\/corralonsanchezbelen.com\/index.php\/producto\/discos-flap-oxido-de-aluminio-bremen\/#primaryimage\",\"url\":\"https:\/\/corralonsanchezbelen.com\/wp-content\/uploads\/2024\/07\/160369-800-auto.webp\",\"contentUrl\":\"https:\/\/corralonsanchezbelen.com\/wp-content\/uploads\/2024\/07\/160369-800-auto.webp\",\"width\":800,\"height\":938},{\"@type\":\"BreadcrumbList\",\"@id\":\"https:\/\/corralonsanchezbelen.com\/index.php\/producto\/discos-flap-oxido-de-aluminio-bremen\/#breadcrumb\",\"itemListElement\":[{\"@type\":\"ListItem\",\"position\":1,\"name\":\"Portada\",\"item\":\"https:\/\/corralonsanchezbelen.com\/\"},{\"@type\":\"ListItem\",\"position\":2,\"name\":\"Tienda\",\"item\":\"https:\/\/corralonsanchezbelen.com\/index.php\/tienda-2\/\"},{\"@type\":\"ListItem\",\"position\":3,\"name\":\"Discos Flap &#8211; \u00d3xido de Aluminio Bremen\"}]},{\"@type\":\"WebSite\",\"@id\":\"https:\/\/corralonsanchezbelen.com\/#website\",\"url\":\"https:\/\/corralonsanchezbelen.com\/\",\"name\":\"Corralon Sanchez\",\"description\":\"El maestro de la construcci\u00f3n.\",\"publisher\":{\"@id\":\"https:\/\/corralonsanchezbelen.com\/#organization\"},\"potentialAction\":[{\"@type\":\"SearchAction\",\"target\":{\"@type\":\"EntryPoint\",\"urlTemplate\":\"https:\/\/corralonsanchezbelen.com\/?s={search_term_string}\"},\"query-input\":{\"@type\":\"PropertyValueSpecification\",\"valueRequired\":true,\"valueName\":\"search_term_string\"}}],\"inLanguage\":\"es\"},{\"@type\":\"Organization\",\"@id\":\"https:\/\/corralonsanchezbelen.com\/#organization\",\"name\":\"Corralon Sanchez\",\"url\":\"https:\/\/corralonsanchezbelen.com\/\",\"logo\":{\"@type\":\"ImageObject\",\"inLanguage\":\"es\",\"@id\":\"https:\/\/corralonsanchezbelen.com\/#\/schema\/logo\/image\/\",\"url\":\"https:\/\/corralonsanchezbelen.com\/wp-content\/uploads\/2024\/06\/Diseno-sin-tituloq.png\",\"contentUrl\":\"https:\/\/corralonsanchezbelen.com\/wp-content\/uploads\/2024\/06\/Diseno-sin-tituloq.png\",\"width\":1080,\"height\":1080,\"caption\":\"Corralon Sanchez\"},\"image\":{\"@id\":\"https:\/\/corralonsanchezbelen.com\/#\/schema\/logo\/image\/\"},\"sameAs\":[\"https:\/\/www.facebook.com\/corralon.sanchez.belen\",\"https:\/\/www.instagram.com\/corralon.sanchez\/\"]}]}<\/script>\n<!-- \/ Yoast SEO plugin. -->","yoast_head_json":{"title":"Discos Flap - \u00d3xido de Aluminio Bremen - Corralon Sanchez","description":"Medida: 4-1\/2\u201d (115mm) Material: \u00d3xido de Aluminio: Es el material que se utilizaba en metales, hasta la llegada del \u00f3xido de Zirconio. Si bien tienen un desempe\u00f1o menor, es m\u00e1s competitivo su precio, siendo el elegido en aplicaciones de una exigencia intermedia. Granos: Granos de 40 y 60: que se utilizan para desbaste. Granos de 80 y 100: com\u00fanmente usados para lijar. Granos de m\u00e1s de 120: cuando se requiere una superficie muy lisa y sin marcas. C\u00f3digo: 7209 7210 7211 7212 7935","robots":{"index":"index","follow":"follow","max-snippet":"max-snippet:-1","max-image-preview":"max-image-preview:large","max-video-preview":"max-video-preview:-1"},"canonical":"https:\/\/corralonsanchezbelen.com\/index.php\/producto\/discos-flap-oxido-de-aluminio-bremen\/","og_locale":"es_ES","og_type":"article","og_title":"Discos Flap - \u00d3xido de Aluminio Bremen - Corralon Sanchez","og_description":"Medida: 4-1\/2\u201d (115mm) Material: \u00d3xido de Aluminio: Es el material que se utilizaba en metales, hasta la llegada del \u00f3xido de Zirconio. Si bien tienen un desempe\u00f1o menor, es m\u00e1s competitivo su precio, siendo el elegido en aplicaciones de una exigencia intermedia. Granos: Granos de 40 y 60: que se utilizan para desbaste. Granos de 80 y 100: com\u00fanmente usados para lijar. Granos de m\u00e1s de 120: cuando se requiere una superficie muy lisa y sin marcas. C\u00f3digo: 7209 7210 7211 7212 7935","og_url":"https:\/\/corralonsanchezbelen.com\/index.php\/producto\/discos-flap-oxido-de-aluminio-bremen\/","og_site_name":"Corralon Sanchez","article_publisher":"https:\/\/www.facebook.com\/corralon.sanchez.belen","article_modified_time":"2024-07-11T21:54:07+00:00","og_image":[{"width":800,"height":938,"url":"https:\/\/corralonsanchezbelen.com\/wp-content\/uploads\/2024\/07\/160369-800-auto.webp","type":"image\/webp"}],"twitter_card":"summary_large_image","twitter_misc":{"Tiempo de lectura":"1 minuto"},"schema":{"@context":"https:\/\/schema.org","@graph":[{"@type":"WebPage","@id":"https:\/\/corralonsanchezbelen.com\/index.php\/producto\/discos-flap-oxido-de-aluminio-bremen\/","url":"https:\/\/corralonsanchezbelen.com\/index.php\/producto\/discos-flap-oxido-de-aluminio-bremen\/","name":"Discos Flap - \u00d3xido de Aluminio Bremen - Corralon Sanchez","isPartOf":{"@id":"https:\/\/corralonsanchezbelen.com\/#website"},"primaryImageOfPage":{"@id":"https:\/\/corralonsanchezbelen.com\/index.php\/producto\/discos-flap-oxido-de-aluminio-bremen\/#primaryimage"},"image":{"@id":"https:\/\/corralonsanchezbelen.com\/index.php\/producto\/discos-flap-oxido-de-aluminio-bremen\/#primaryimage"},"thumbnailUrl":"https:\/\/corralonsanchezbelen.com\/wp-content\/uploads\/2024\/07\/160369-800-auto.webp","datePublished":"2024-07-11T19:22:36+00:00","dateModified":"2024-07-11T21:54:07+00:00","description":"Medida: 4-1\/2\u201d (115mm) Material: \u00d3xido de Aluminio: Es el material que se utilizaba en metales, hasta la llegada del \u00f3xido de Zirconio. Si bien tienen un desempe\u00f1o menor, es m\u00e1s competitivo su precio, siendo el elegido en aplicaciones de una exigencia intermedia. Granos: Granos de 40 y 60: que se utilizan para desbaste. Granos de 80 y 100: com\u00fanmente usados para lijar. Granos de m\u00e1s de 120: cuando se requiere una superficie muy lisa y sin marcas. C\u00f3digo: 7209 7210 7211 7212 7935","breadcrumb":{"@id":"https:\/\/corralonsanchezbelen.com\/index.php\/producto\/discos-flap-oxido-de-aluminio-bremen\/#breadcrumb"},"inLanguage":"es","potentialAction":[{"@type":"ReadAction","target":["https:\/\/corralonsanchezbelen.com\/index.php\/producto\/discos-flap-oxido-de-aluminio-bremen\/"]}]},{"@type":"ImageObject","inLanguage":"es","@id":"https:\/\/corralonsanchezbelen.com\/index.php\/producto\/discos-flap-oxido-de-aluminio-bremen\/#primaryimage","url":"https:\/\/corralonsanchezbelen.com\/wp-content\/uploads\/2024\/07\/160369-800-auto.webp","contentUrl":"https:\/\/corralonsanchezbelen.com\/wp-content\/uploads\/2024\/07\/160369-800-auto.webp","width":800,"height":938},{"@type":"BreadcrumbList","@id":"https:\/\/corralonsanchezbelen.com\/index.php\/producto\/discos-flap-oxido-de-aluminio-bremen\/#breadcrumb","itemListElement":[{"@type":"ListItem","position":1,"name":"Portada","item":"https:\/\/corralonsanchezbelen.com\/"},{"@type":"ListItem","position":2,"name":"Tienda","item":"https:\/\/corralonsanchezbelen.com\/index.php\/tienda-2\/"},{"@type":"ListItem","position":3,"name":"Discos Flap &#8211; \u00d3xido de Aluminio Bremen"}]},{"@type":"WebSite","@id":"https:\/\/corralonsanchezbelen.com\/#website","url":"https:\/\/corralonsanchezbelen.com\/","name":"Corralon Sanchez","description":"El maestro de la construcci\u00f3n.","publisher":{"@id":"https:\/\/corralonsanchezbelen.com\/#organization"},"potentialAction":[{"@type":"SearchAction","target":{"@type":"EntryPoint","urlTemplate":"https:\/\/corralonsanchezbelen.com\/?s={search_term_string}"},"query-input":{"@type":"PropertyValueSpecification","valueRequired":true,"valueName":"search_term_string"}}],"inLanguage":"es"},{"@type":"Organization","@id":"https:\/\/corralonsanchezbelen.com\/#organization","name":"Corralon Sanchez","url":"https:\/\/corralonsanchezbelen.com\/","logo":{"@type":"ImageObject","inLanguage":"es","@id":"https:\/\/corralonsanchezbelen.com\/#\/schema\/logo\/image\/","url":"https:\/\/corralonsanchezbelen.com\/wp-content\/uploads\/2024\/06\/Diseno-sin-tituloq.png","contentUrl":"https:\/\/corralonsanchezbelen.com\/wp-content\/uploads\/2024\/06\/Diseno-sin-tituloq.png","width":1080,"height":1080,"caption":"Corralon Sanchez"},"image":{"@id":"https:\/\/corralonsanchezbelen.com\/#\/schema\/logo\/image\/"},"sameAs":["https:\/\/www.facebook.com\/corralon.sanchez.belen","https:\/\/www.instagram.com\/corralon.sanchez\/"]}]}},"_links":{"self":[{"href":"https:\/\/corralonsanchezbelen.com\/index.php\/wp-json\/wp\/v2\/product\/2332","targetHints":{"allow":["GET"]}}],"collection":[{"href":"https:\/\/corralonsanchezbelen.com\/index.php\/wp-json\/wp\/v2\/product"}],"about":[{"href":"https:\/\/corralonsanchezbelen.com\/index.php\/wp-json\/wp\/v2\/types\/product"}],"replies":[{"embeddable":true,"href":"https:\/\/corralonsanchezbelen.com\/index.php\/wp-json\/wp\/v2\/comments?post=2332"}],"wp:featuredmedia":[{"embeddable":true,"href":"https:\/\/corralonsanchezbelen.com\/index.php\/wp-json\/wp\/v2\/media\/2333"}],"wp:attachment":[{"href":"https:\/\/corralonsanchezbelen.com\/index.php\/wp-json\/wp\/v2\/media?parent=2332"}],"wp:term":[{"taxonomy":"product_brand","embeddable":true,"href":"https:\/\/corralonsanchezbelen.com\/index.php\/wp-json\/wp\/v2\/product_brand?post=2332"},{"taxonomy":"product_cat","embeddable":true,"href":"https:\/\/corralonsanchezbelen.com\/index.php\/wp-json\/wp\/v2\/product_cat?post=2332"},{"taxonomy":"product_tag","embeddable":true,"href":"https:\/\/corralonsanchezbelen.com\/index.php\/wp-json\/wp\/v2\/product_tag?post=2332"}],"curies":[{"name":"wp","href":"https:\/\/api.w.org\/{rel}","templated":true}]}}