{"id":2326,"date":"2024-07-11T16:14:30","date_gmt":"2024-07-11T19:14:30","guid":{"rendered":"https:\/\/corralonsanchezbelen.com\/?post_type=product&#038;p=2326"},"modified":"2024-07-11T18:54:23","modified_gmt":"2024-07-11T21:54:23","slug":"disco-diamantado-turbo-segmentado-3en1-bremen","status":"publish","type":"product","link":"https:\/\/corralonsanchezbelen.com\/index.php\/producto\/disco-diamantado-turbo-segmentado-3en1-bremen\/","title":{"rendered":"Disco Diamantado Turbo Segmentado (3en1) Bremen"},"content":{"rendered":"<p>Usos:<br \/>\nHormig\u00f3n y Homig\u00f3n Armado<br \/>\nMamposter\u00eda<br \/>\nAsfalto<br \/>\nBaldosas y Baldosones<br \/>\nCanto Rodado<br \/>\nRefractarios Duros y Blandos<br \/>\nLaba Blanca<br \/>\nLadrillos<br \/>\nContrapisos<br \/>\nPiedras Naturales Abrasivas<\/p>\n","protected":false},"excerpt":{"rendered":"<p>Los discos diamantados BREMEN, poseen un mayor aporte de diamante que mejora la eficiencia de cada corte. Adem\u00e1s tiene una mayor secci\u00f3n diamantada, lo que le brinda durabilidad al disco. Su alto rendimiento est\u00e1 comprobado en exhaustivas pruebas de laboratorio.<br \/>\nC\u00f3digo:<br \/>\n6062<br \/>\n6063<br \/>\n6765<\/p>\n","protected":false},"featured_media":2327,"comment_status":"open","ping_status":"closed","template":"","meta":[],"product_brand":[],"product_cat":[61,50,28,68],"product_tag":[],"class_list":{"0":"post-2326","1":"product","2":"type-product","3":"status-publish","4":"has-post-thumbnail","6":"product_cat-accesorios-bremen","7":"product_cat-accesorios-htas-electricas","8":"product_cat-construccion","9":"product_cat-discos","11":"first","12":"instock","13":"taxable","14":"shipping-taxable","15":"product-type-simple"},"yoast_head":"<!-- This site is optimized with the Yoast SEO plugin v24.7 - https:\/\/yoast.com\/wordpress\/plugins\/seo\/ -->\n<title>Disco Diamantado Turbo Segmentado (3en1) Bremen - Corralon Sanchez<\/title>\n<meta name=\"description\" content=\"Los discos diamantados BREMEN, poseen un mayor aporte de diamante que mejora la eficiencia de cada corte. Adem\u00e1s tiene una mayor secci\u00f3n diamantada, lo que le brinda durabilidad al disco. Su alto rendimiento est\u00e1 comprobado en exhaustivas pruebas de laboratorio. C\u00f3digo: 6062 6063 6765\" \/>\n<meta name=\"robots\" content=\"index, follow, max-snippet:-1, max-image-preview:large, max-video-preview:-1\" \/>\n<link rel=\"canonical\" href=\"https:\/\/corralonsanchezbelen.com\/index.php\/producto\/disco-diamantado-turbo-segmentado-3en1-bremen\/\" \/>\n<meta property=\"og:locale\" content=\"es_ES\" \/>\n<meta property=\"og:type\" content=\"article\" \/>\n<meta property=\"og:title\" content=\"Disco Diamantado Turbo Segmentado (3en1) Bremen - Corralon Sanchez\" \/>\n<meta property=\"og:description\" content=\"Los discos diamantados BREMEN, poseen un mayor aporte de diamante que mejora la eficiencia de cada corte. Adem\u00e1s tiene una mayor secci\u00f3n diamantada, lo que le brinda durabilidad al disco. Su alto rendimiento est\u00e1 comprobado en exhaustivas pruebas de laboratorio. C\u00f3digo: 6062 6063 6765\" \/>\n<meta property=\"og:url\" content=\"https:\/\/corralonsanchezbelen.com\/index.php\/producto\/disco-diamantado-turbo-segmentado-3en1-bremen\/\" \/>\n<meta property=\"og:site_name\" content=\"Corralon Sanchez\" \/>\n<meta property=\"article:publisher\" content=\"https:\/\/www.facebook.com\/corralon.sanchez.belen\" \/>\n<meta property=\"article:modified_time\" content=\"2024-07-11T21:54:23+00:00\" \/>\n<meta property=\"og:image\" content=\"https:\/\/corralonsanchezbelen.com\/wp-content\/uploads\/2024\/07\/160361-800-auto.webp\" \/>\n\t<meta property=\"og:image:width\" content=\"800\" \/>\n\t<meta property=\"og:image:height\" content=\"938\" \/>\n\t<meta property=\"og:image:type\" content=\"image\/webp\" \/>\n<meta name=\"twitter:card\" content=\"summary_large_image\" \/>\n<meta name=\"twitter:label1\" content=\"Tiempo de lectura\" \/>\n\t<meta name=\"twitter:data1\" content=\"1 minuto\" \/>\n<script type=\"application\/ld+json\" class=\"yoast-schema-graph\">{\"@context\":\"https:\/\/schema.org\",\"@graph\":[{\"@type\":\"WebPage\",\"@id\":\"https:\/\/corralonsanchezbelen.com\/index.php\/producto\/disco-diamantado-turbo-segmentado-3en1-bremen\/\",\"url\":\"https:\/\/corralonsanchezbelen.com\/index.php\/producto\/disco-diamantado-turbo-segmentado-3en1-bremen\/\",\"name\":\"Disco Diamantado Turbo Segmentado (3en1) Bremen - Corralon Sanchez\",\"isPartOf\":{\"@id\":\"https:\/\/corralonsanchezbelen.com\/#website\"},\"primaryImageOfPage\":{\"@id\":\"https:\/\/corralonsanchezbelen.com\/index.php\/producto\/disco-diamantado-turbo-segmentado-3en1-bremen\/#primaryimage\"},\"image\":{\"@id\":\"https:\/\/corralonsanchezbelen.com\/index.php\/producto\/disco-diamantado-turbo-segmentado-3en1-bremen\/#primaryimage\"},\"thumbnailUrl\":\"https:\/\/corralonsanchezbelen.com\/wp-content\/uploads\/2024\/07\/160361-800-auto.webp\",\"datePublished\":\"2024-07-11T19:14:30+00:00\",\"dateModified\":\"2024-07-11T21:54:23+00:00\",\"description\":\"Los discos diamantados BREMEN, poseen un mayor aporte de diamante que mejora la eficiencia de cada corte. Adem\u00e1s tiene una mayor secci\u00f3n diamantada, lo que le brinda durabilidad al disco. Su alto rendimiento est\u00e1 comprobado en exhaustivas pruebas de laboratorio. C\u00f3digo: 6062 6063 6765\",\"breadcrumb\":{\"@id\":\"https:\/\/corralonsanchezbelen.com\/index.php\/producto\/disco-diamantado-turbo-segmentado-3en1-bremen\/#breadcrumb\"},\"inLanguage\":\"es\",\"potentialAction\":[{\"@type\":\"ReadAction\",\"target\":[\"https:\/\/corralonsanchezbelen.com\/index.php\/producto\/disco-diamantado-turbo-segmentado-3en1-bremen\/\"]}]},{\"@type\":\"ImageObject\",\"inLanguage\":\"es\",\"@id\":\"https:\/\/corralonsanchezbelen.com\/index.php\/producto\/disco-diamantado-turbo-segmentado-3en1-bremen\/#primaryimage\",\"url\":\"https:\/\/corralonsanchezbelen.com\/wp-content\/uploads\/2024\/07\/160361-800-auto.webp\",\"contentUrl\":\"https:\/\/corralonsanchezbelen.com\/wp-content\/uploads\/2024\/07\/160361-800-auto.webp\",\"width\":800,\"height\":938},{\"@type\":\"BreadcrumbList\",\"@id\":\"https:\/\/corralonsanchezbelen.com\/index.php\/producto\/disco-diamantado-turbo-segmentado-3en1-bremen\/#breadcrumb\",\"itemListElement\":[{\"@type\":\"ListItem\",\"position\":1,\"name\":\"Portada\",\"item\":\"https:\/\/corralonsanchezbelen.com\/\"},{\"@type\":\"ListItem\",\"position\":2,\"name\":\"Tienda\",\"item\":\"https:\/\/corralonsanchezbelen.com\/index.php\/tienda-2\/\"},{\"@type\":\"ListItem\",\"position\":3,\"name\":\"Disco Diamantado Turbo Segmentado (3en1) Bremen\"}]},{\"@type\":\"WebSite\",\"@id\":\"https:\/\/corralonsanchezbelen.com\/#website\",\"url\":\"https:\/\/corralonsanchezbelen.com\/\",\"name\":\"Corralon Sanchez\",\"description\":\"El maestro de la construcci\u00f3n.\",\"publisher\":{\"@id\":\"https:\/\/corralonsanchezbelen.com\/#organization\"},\"potentialAction\":[{\"@type\":\"SearchAction\",\"target\":{\"@type\":\"EntryPoint\",\"urlTemplate\":\"https:\/\/corralonsanchezbelen.com\/?s={search_term_string}\"},\"query-input\":{\"@type\":\"PropertyValueSpecification\",\"valueRequired\":true,\"valueName\":\"search_term_string\"}}],\"inLanguage\":\"es\"},{\"@type\":\"Organization\",\"@id\":\"https:\/\/corralonsanchezbelen.com\/#organization\",\"name\":\"Corralon Sanchez\",\"url\":\"https:\/\/corralonsanchezbelen.com\/\",\"logo\":{\"@type\":\"ImageObject\",\"inLanguage\":\"es\",\"@id\":\"https:\/\/corralonsanchezbelen.com\/#\/schema\/logo\/image\/\",\"url\":\"https:\/\/corralonsanchezbelen.com\/wp-content\/uploads\/2024\/06\/Diseno-sin-tituloq.png\",\"contentUrl\":\"https:\/\/corralonsanchezbelen.com\/wp-content\/uploads\/2024\/06\/Diseno-sin-tituloq.png\",\"width\":1080,\"height\":1080,\"caption\":\"Corralon Sanchez\"},\"image\":{\"@id\":\"https:\/\/corralonsanchezbelen.com\/#\/schema\/logo\/image\/\"},\"sameAs\":[\"https:\/\/www.facebook.com\/corralon.sanchez.belen\",\"https:\/\/www.instagram.com\/corralon.sanchez\/\"]}]}<\/script>\n<!-- \/ Yoast SEO plugin. -->","yoast_head_json":{"title":"Disco Diamantado Turbo Segmentado (3en1) Bremen - Corralon Sanchez","description":"Los discos diamantados BREMEN, poseen un mayor aporte de diamante que mejora la eficiencia de cada corte. Adem\u00e1s tiene una mayor secci\u00f3n diamantada, lo que le brinda durabilidad al disco. Su alto rendimiento est\u00e1 comprobado en exhaustivas pruebas de laboratorio. C\u00f3digo: 6062 6063 6765","robots":{"index":"index","follow":"follow","max-snippet":"max-snippet:-1","max-image-preview":"max-image-preview:large","max-video-preview":"max-video-preview:-1"},"canonical":"https:\/\/corralonsanchezbelen.com\/index.php\/producto\/disco-diamantado-turbo-segmentado-3en1-bremen\/","og_locale":"es_ES","og_type":"article","og_title":"Disco Diamantado Turbo Segmentado (3en1) Bremen - Corralon Sanchez","og_description":"Los discos diamantados BREMEN, poseen un mayor aporte de diamante que mejora la eficiencia de cada corte. Adem\u00e1s tiene una mayor secci\u00f3n diamantada, lo que le brinda durabilidad al disco. Su alto rendimiento est\u00e1 comprobado en exhaustivas pruebas de laboratorio. C\u00f3digo: 6062 6063 6765","og_url":"https:\/\/corralonsanchezbelen.com\/index.php\/producto\/disco-diamantado-turbo-segmentado-3en1-bremen\/","og_site_name":"Corralon Sanchez","article_publisher":"https:\/\/www.facebook.com\/corralon.sanchez.belen","article_modified_time":"2024-07-11T21:54:23+00:00","og_image":[{"width":800,"height":938,"url":"https:\/\/corralonsanchezbelen.com\/wp-content\/uploads\/2024\/07\/160361-800-auto.webp","type":"image\/webp"}],"twitter_card":"summary_large_image","twitter_misc":{"Tiempo de lectura":"1 minuto"},"schema":{"@context":"https:\/\/schema.org","@graph":[{"@type":"WebPage","@id":"https:\/\/corralonsanchezbelen.com\/index.php\/producto\/disco-diamantado-turbo-segmentado-3en1-bremen\/","url":"https:\/\/corralonsanchezbelen.com\/index.php\/producto\/disco-diamantado-turbo-segmentado-3en1-bremen\/","name":"Disco Diamantado Turbo Segmentado (3en1) Bremen - Corralon Sanchez","isPartOf":{"@id":"https:\/\/corralonsanchezbelen.com\/#website"},"primaryImageOfPage":{"@id":"https:\/\/corralonsanchezbelen.com\/index.php\/producto\/disco-diamantado-turbo-segmentado-3en1-bremen\/#primaryimage"},"image":{"@id":"https:\/\/corralonsanchezbelen.com\/index.php\/producto\/disco-diamantado-turbo-segmentado-3en1-bremen\/#primaryimage"},"thumbnailUrl":"https:\/\/corralonsanchezbelen.com\/wp-content\/uploads\/2024\/07\/160361-800-auto.webp","datePublished":"2024-07-11T19:14:30+00:00","dateModified":"2024-07-11T21:54:23+00:00","description":"Los discos diamantados BREMEN, poseen un mayor aporte de diamante que mejora la eficiencia de cada corte. Adem\u00e1s tiene una mayor secci\u00f3n diamantada, lo que le brinda durabilidad al disco. Su alto rendimiento est\u00e1 comprobado en exhaustivas pruebas de laboratorio. C\u00f3digo: 6062 6063 6765","breadcrumb":{"@id":"https:\/\/corralonsanchezbelen.com\/index.php\/producto\/disco-diamantado-turbo-segmentado-3en1-bremen\/#breadcrumb"},"inLanguage":"es","potentialAction":[{"@type":"ReadAction","target":["https:\/\/corralonsanchezbelen.com\/index.php\/producto\/disco-diamantado-turbo-segmentado-3en1-bremen\/"]}]},{"@type":"ImageObject","inLanguage":"es","@id":"https:\/\/corralonsanchezbelen.com\/index.php\/producto\/disco-diamantado-turbo-segmentado-3en1-bremen\/#primaryimage","url":"https:\/\/corralonsanchezbelen.com\/wp-content\/uploads\/2024\/07\/160361-800-auto.webp","contentUrl":"https:\/\/corralonsanchezbelen.com\/wp-content\/uploads\/2024\/07\/160361-800-auto.webp","width":800,"height":938},{"@type":"BreadcrumbList","@id":"https:\/\/corralonsanchezbelen.com\/index.php\/producto\/disco-diamantado-turbo-segmentado-3en1-bremen\/#breadcrumb","itemListElement":[{"@type":"ListItem","position":1,"name":"Portada","item":"https:\/\/corralonsanchezbelen.com\/"},{"@type":"ListItem","position":2,"name":"Tienda","item":"https:\/\/corralonsanchezbelen.com\/index.php\/tienda-2\/"},{"@type":"ListItem","position":3,"name":"Disco Diamantado Turbo Segmentado (3en1) Bremen"}]},{"@type":"WebSite","@id":"https:\/\/corralonsanchezbelen.com\/#website","url":"https:\/\/corralonsanchezbelen.com\/","name":"Corralon Sanchez","description":"El maestro de la construcci\u00f3n.","publisher":{"@id":"https:\/\/corralonsanchezbelen.com\/#organization"},"potentialAction":[{"@type":"SearchAction","target":{"@type":"EntryPoint","urlTemplate":"https:\/\/corralonsanchezbelen.com\/?s={search_term_string}"},"query-input":{"@type":"PropertyValueSpecification","valueRequired":true,"valueName":"search_term_string"}}],"inLanguage":"es"},{"@type":"Organization","@id":"https:\/\/corralonsanchezbelen.com\/#organization","name":"Corralon Sanchez","url":"https:\/\/corralonsanchezbelen.com\/","logo":{"@type":"ImageObject","inLanguage":"es","@id":"https:\/\/corralonsanchezbelen.com\/#\/schema\/logo\/image\/","url":"https:\/\/corralonsanchezbelen.com\/wp-content\/uploads\/2024\/06\/Diseno-sin-tituloq.png","contentUrl":"https:\/\/corralonsanchezbelen.com\/wp-content\/uploads\/2024\/06\/Diseno-sin-tituloq.png","width":1080,"height":1080,"caption":"Corralon Sanchez"},"image":{"@id":"https:\/\/corralonsanchezbelen.com\/#\/schema\/logo\/image\/"},"sameAs":["https:\/\/www.facebook.com\/corralon.sanchez.belen","https:\/\/www.instagram.com\/corralon.sanchez\/"]}]}},"_links":{"self":[{"href":"https:\/\/corralonsanchezbelen.com\/index.php\/wp-json\/wp\/v2\/product\/2326","targetHints":{"allow":["GET"]}}],"collection":[{"href":"https:\/\/corralonsanchezbelen.com\/index.php\/wp-json\/wp\/v2\/product"}],"about":[{"href":"https:\/\/corralonsanchezbelen.com\/index.php\/wp-json\/wp\/v2\/types\/product"}],"replies":[{"embeddable":true,"href":"https:\/\/corralonsanchezbelen.com\/index.php\/wp-json\/wp\/v2\/comments?post=2326"}],"wp:featuredmedia":[{"embeddable":true,"href":"https:\/\/corralonsanchezbelen.com\/index.php\/wp-json\/wp\/v2\/media\/2327"}],"wp:attachment":[{"href":"https:\/\/corralonsanchezbelen.com\/index.php\/wp-json\/wp\/v2\/media?parent=2326"}],"wp:term":[{"taxonomy":"product_brand","embeddable":true,"href":"https:\/\/corralonsanchezbelen.com\/index.php\/wp-json\/wp\/v2\/product_brand?post=2326"},{"taxonomy":"product_cat","embeddable":true,"href":"https:\/\/corralonsanchezbelen.com\/index.php\/wp-json\/wp\/v2\/product_cat?post=2326"},{"taxonomy":"product_tag","embeddable":true,"href":"https:\/\/corralonsanchezbelen.com\/index.php\/wp-json\/wp\/v2\/product_tag?post=2326"}],"curies":[{"name":"wp","href":"https:\/\/api.w.org\/{rel}","templated":true}]}}