{"id":2316,"date":"2024-07-11T15:59:55","date_gmt":"2024-07-11T18:59:55","guid":{"rendered":"https:\/\/corralonsanchezbelen.com\/?post_type=product&#038;p=2316"},"modified":"2024-07-11T18:54:48","modified_gmt":"2024-07-11T21:54:48","slug":"muela-diamantada-turbo-bremen","status":"publish","type":"product","link":"https:\/\/corralonsanchezbelen.com\/index.php\/producto\/muela-diamantada-turbo-bremen\/","title":{"rendered":"Muela Diamantada Turbo Bremen"},"content":{"rendered":"<p>Para trabaja en seco.<br \/>\nPuede generar un desbaste r\u00e1pido y con excelente terminaci\u00f3n.<br \/>\nSon f\u00e1ciles de usar.<br \/>\nMuy buen rendimiento.<br \/>\nSeguros para el operario. Seguridad:<br \/>\nSe recomienda respetar las velocidad m\u00e1xima indicadas en el frente para maximizar la vida \u00fatil del disco.<br \/>\nSe recomienda usar los Elementos de Protecci\u00f3n Personal obligatorios seg\u00fan SRT.<br \/>\nPerformance \u00f3ptimo: -Cementos y compuestos -Cer\u00e1micos mono y doble cocci\u00f3n -Granito -Hormig\u00f3n -Laja blanca -Mamposter\u00eda -M\u00e1rmol -Mosaicos -Piedras artificiales -Piedras Naturales Abrasivas -Refractario blandos -Vigas y viguetas<br \/>\nPerformance aceptable: -Fibra de vidrio -Laja Negra -Piedras Naturales Duras -Refractario duro<br \/>\nRecomendado para usar con amoladora angular.<br \/>\nColocar el protector de manera que proteja al operador.<\/p>\n","protected":false},"excerpt":{"rendered":"<p>Las muelas medianas turbo BREMEN, est\u00e1n dise\u00f1adas para generar un desbaste r\u00e1pido y con excelente terminaci\u00f3n debido a su buen rendimiento.<br \/>\nCodigo: 7928<\/p>\n","protected":false},"featured_media":2317,"comment_status":"open","ping_status":"closed","template":"","meta":[],"product_brand":[],"product_cat":[61,50,68,40],"product_tag":[60],"class_list":{"0":"post-2316","1":"product","2":"type-product","3":"status-publish","4":"has-post-thumbnail","6":"product_cat-accesorios-bremen","7":"product_cat-accesorios-htas-electricas","8":"product_cat-discos","9":"product_cat-hierro","10":"product_tag-bremen","12":"first","13":"instock","14":"taxable","15":"shipping-taxable","16":"product-type-simple"},"yoast_head":"<!-- This site is optimized with the Yoast SEO plugin v24.7 - https:\/\/yoast.com\/wordpress\/plugins\/seo\/ -->\n<title>Muela Diamantada Turbo Bremen - Corralon Sanchez<\/title>\n<meta name=\"description\" content=\"Las muelas medianas turbo BREMEN, est\u00e1n dise\u00f1adas para generar un desbaste r\u00e1pido y con excelente terminaci\u00f3n debido a su buen rendimiento. Codigo: 7928\" \/>\n<meta name=\"robots\" content=\"index, follow, max-snippet:-1, max-image-preview:large, max-video-preview:-1\" \/>\n<link rel=\"canonical\" href=\"https:\/\/corralonsanchezbelen.com\/index.php\/producto\/muela-diamantada-turbo-bremen\/\" \/>\n<meta property=\"og:locale\" content=\"es_ES\" \/>\n<meta property=\"og:type\" content=\"article\" \/>\n<meta property=\"og:title\" content=\"Muela Diamantada Turbo Bremen - Corralon Sanchez\" \/>\n<meta property=\"og:description\" content=\"Las muelas medianas turbo BREMEN, est\u00e1n dise\u00f1adas para generar un desbaste r\u00e1pido y con excelente terminaci\u00f3n debido a su buen rendimiento. Codigo: 7928\" \/>\n<meta property=\"og:url\" content=\"https:\/\/corralonsanchezbelen.com\/index.php\/producto\/muela-diamantada-turbo-bremen\/\" \/>\n<meta property=\"og:site_name\" content=\"Corralon Sanchez\" \/>\n<meta property=\"article:publisher\" content=\"https:\/\/www.facebook.com\/corralon.sanchez.belen\" \/>\n<meta property=\"article:modified_time\" content=\"2024-07-11T21:54:48+00:00\" \/>\n<meta property=\"og:image\" content=\"https:\/\/corralonsanchezbelen.com\/wp-content\/uploads\/2024\/07\/160349-800-auto.webp\" \/>\n\t<meta property=\"og:image:width\" content=\"800\" \/>\n\t<meta property=\"og:image:height\" content=\"938\" \/>\n\t<meta property=\"og:image:type\" content=\"image\/webp\" \/>\n<meta name=\"twitter:card\" content=\"summary_large_image\" \/>\n<meta name=\"twitter:label1\" content=\"Tiempo de lectura\" \/>\n\t<meta name=\"twitter:data1\" content=\"1 minuto\" \/>\n<script type=\"application\/ld+json\" class=\"yoast-schema-graph\">{\"@context\":\"https:\/\/schema.org\",\"@graph\":[{\"@type\":\"WebPage\",\"@id\":\"https:\/\/corralonsanchezbelen.com\/index.php\/producto\/muela-diamantada-turbo-bremen\/\",\"url\":\"https:\/\/corralonsanchezbelen.com\/index.php\/producto\/muela-diamantada-turbo-bremen\/\",\"name\":\"Muela Diamantada Turbo Bremen - Corralon Sanchez\",\"isPartOf\":{\"@id\":\"https:\/\/corralonsanchezbelen.com\/#website\"},\"primaryImageOfPage\":{\"@id\":\"https:\/\/corralonsanchezbelen.com\/index.php\/producto\/muela-diamantada-turbo-bremen\/#primaryimage\"},\"image\":{\"@id\":\"https:\/\/corralonsanchezbelen.com\/index.php\/producto\/muela-diamantada-turbo-bremen\/#primaryimage\"},\"thumbnailUrl\":\"https:\/\/corralonsanchezbelen.com\/wp-content\/uploads\/2024\/07\/160349-800-auto.webp\",\"datePublished\":\"2024-07-11T18:59:55+00:00\",\"dateModified\":\"2024-07-11T21:54:48+00:00\",\"description\":\"Las muelas medianas turbo BREMEN, est\u00e1n dise\u00f1adas para generar un desbaste r\u00e1pido y con excelente terminaci\u00f3n debido a su buen rendimiento. Codigo: 7928\",\"breadcrumb\":{\"@id\":\"https:\/\/corralonsanchezbelen.com\/index.php\/producto\/muela-diamantada-turbo-bremen\/#breadcrumb\"},\"inLanguage\":\"es\",\"potentialAction\":[{\"@type\":\"ReadAction\",\"target\":[\"https:\/\/corralonsanchezbelen.com\/index.php\/producto\/muela-diamantada-turbo-bremen\/\"]}]},{\"@type\":\"ImageObject\",\"inLanguage\":\"es\",\"@id\":\"https:\/\/corralonsanchezbelen.com\/index.php\/producto\/muela-diamantada-turbo-bremen\/#primaryimage\",\"url\":\"https:\/\/corralonsanchezbelen.com\/wp-content\/uploads\/2024\/07\/160349-800-auto.webp\",\"contentUrl\":\"https:\/\/corralonsanchezbelen.com\/wp-content\/uploads\/2024\/07\/160349-800-auto.webp\",\"width\":800,\"height\":938},{\"@type\":\"BreadcrumbList\",\"@id\":\"https:\/\/corralonsanchezbelen.com\/index.php\/producto\/muela-diamantada-turbo-bremen\/#breadcrumb\",\"itemListElement\":[{\"@type\":\"ListItem\",\"position\":1,\"name\":\"Portada\",\"item\":\"https:\/\/corralonsanchezbelen.com\/\"},{\"@type\":\"ListItem\",\"position\":2,\"name\":\"Tienda\",\"item\":\"https:\/\/corralonsanchezbelen.com\/index.php\/tienda-2\/\"},{\"@type\":\"ListItem\",\"position\":3,\"name\":\"Muela Diamantada Turbo Bremen\"}]},{\"@type\":\"WebSite\",\"@id\":\"https:\/\/corralonsanchezbelen.com\/#website\",\"url\":\"https:\/\/corralonsanchezbelen.com\/\",\"name\":\"Corralon Sanchez\",\"description\":\"El maestro de la construcci\u00f3n.\",\"publisher\":{\"@id\":\"https:\/\/corralonsanchezbelen.com\/#organization\"},\"potentialAction\":[{\"@type\":\"SearchAction\",\"target\":{\"@type\":\"EntryPoint\",\"urlTemplate\":\"https:\/\/corralonsanchezbelen.com\/?s={search_term_string}\"},\"query-input\":{\"@type\":\"PropertyValueSpecification\",\"valueRequired\":true,\"valueName\":\"search_term_string\"}}],\"inLanguage\":\"es\"},{\"@type\":\"Organization\",\"@id\":\"https:\/\/corralonsanchezbelen.com\/#organization\",\"name\":\"Corralon Sanchez\",\"url\":\"https:\/\/corralonsanchezbelen.com\/\",\"logo\":{\"@type\":\"ImageObject\",\"inLanguage\":\"es\",\"@id\":\"https:\/\/corralonsanchezbelen.com\/#\/schema\/logo\/image\/\",\"url\":\"https:\/\/corralonsanchezbelen.com\/wp-content\/uploads\/2024\/06\/Diseno-sin-tituloq.png\",\"contentUrl\":\"https:\/\/corralonsanchezbelen.com\/wp-content\/uploads\/2024\/06\/Diseno-sin-tituloq.png\",\"width\":1080,\"height\":1080,\"caption\":\"Corralon Sanchez\"},\"image\":{\"@id\":\"https:\/\/corralonsanchezbelen.com\/#\/schema\/logo\/image\/\"},\"sameAs\":[\"https:\/\/www.facebook.com\/corralon.sanchez.belen\",\"https:\/\/www.instagram.com\/corralon.sanchez\/\"]}]}<\/script>\n<!-- \/ Yoast SEO plugin. -->","yoast_head_json":{"title":"Muela Diamantada Turbo Bremen - Corralon Sanchez","description":"Las muelas medianas turbo BREMEN, est\u00e1n dise\u00f1adas para generar un desbaste r\u00e1pido y con excelente terminaci\u00f3n debido a su buen rendimiento. Codigo: 7928","robots":{"index":"index","follow":"follow","max-snippet":"max-snippet:-1","max-image-preview":"max-image-preview:large","max-video-preview":"max-video-preview:-1"},"canonical":"https:\/\/corralonsanchezbelen.com\/index.php\/producto\/muela-diamantada-turbo-bremen\/","og_locale":"es_ES","og_type":"article","og_title":"Muela Diamantada Turbo Bremen - Corralon Sanchez","og_description":"Las muelas medianas turbo BREMEN, est\u00e1n dise\u00f1adas para generar un desbaste r\u00e1pido y con excelente terminaci\u00f3n debido a su buen rendimiento. Codigo: 7928","og_url":"https:\/\/corralonsanchezbelen.com\/index.php\/producto\/muela-diamantada-turbo-bremen\/","og_site_name":"Corralon Sanchez","article_publisher":"https:\/\/www.facebook.com\/corralon.sanchez.belen","article_modified_time":"2024-07-11T21:54:48+00:00","og_image":[{"width":800,"height":938,"url":"https:\/\/corralonsanchezbelen.com\/wp-content\/uploads\/2024\/07\/160349-800-auto.webp","type":"image\/webp"}],"twitter_card":"summary_large_image","twitter_misc":{"Tiempo de lectura":"1 minuto"},"schema":{"@context":"https:\/\/schema.org","@graph":[{"@type":"WebPage","@id":"https:\/\/corralonsanchezbelen.com\/index.php\/producto\/muela-diamantada-turbo-bremen\/","url":"https:\/\/corralonsanchezbelen.com\/index.php\/producto\/muela-diamantada-turbo-bremen\/","name":"Muela Diamantada Turbo Bremen - Corralon Sanchez","isPartOf":{"@id":"https:\/\/corralonsanchezbelen.com\/#website"},"primaryImageOfPage":{"@id":"https:\/\/corralonsanchezbelen.com\/index.php\/producto\/muela-diamantada-turbo-bremen\/#primaryimage"},"image":{"@id":"https:\/\/corralonsanchezbelen.com\/index.php\/producto\/muela-diamantada-turbo-bremen\/#primaryimage"},"thumbnailUrl":"https:\/\/corralonsanchezbelen.com\/wp-content\/uploads\/2024\/07\/160349-800-auto.webp","datePublished":"2024-07-11T18:59:55+00:00","dateModified":"2024-07-11T21:54:48+00:00","description":"Las muelas medianas turbo BREMEN, est\u00e1n dise\u00f1adas para generar un desbaste r\u00e1pido y con excelente terminaci\u00f3n debido a su buen rendimiento. Codigo: 7928","breadcrumb":{"@id":"https:\/\/corralonsanchezbelen.com\/index.php\/producto\/muela-diamantada-turbo-bremen\/#breadcrumb"},"inLanguage":"es","potentialAction":[{"@type":"ReadAction","target":["https:\/\/corralonsanchezbelen.com\/index.php\/producto\/muela-diamantada-turbo-bremen\/"]}]},{"@type":"ImageObject","inLanguage":"es","@id":"https:\/\/corralonsanchezbelen.com\/index.php\/producto\/muela-diamantada-turbo-bremen\/#primaryimage","url":"https:\/\/corralonsanchezbelen.com\/wp-content\/uploads\/2024\/07\/160349-800-auto.webp","contentUrl":"https:\/\/corralonsanchezbelen.com\/wp-content\/uploads\/2024\/07\/160349-800-auto.webp","width":800,"height":938},{"@type":"BreadcrumbList","@id":"https:\/\/corralonsanchezbelen.com\/index.php\/producto\/muela-diamantada-turbo-bremen\/#breadcrumb","itemListElement":[{"@type":"ListItem","position":1,"name":"Portada","item":"https:\/\/corralonsanchezbelen.com\/"},{"@type":"ListItem","position":2,"name":"Tienda","item":"https:\/\/corralonsanchezbelen.com\/index.php\/tienda-2\/"},{"@type":"ListItem","position":3,"name":"Muela Diamantada Turbo Bremen"}]},{"@type":"WebSite","@id":"https:\/\/corralonsanchezbelen.com\/#website","url":"https:\/\/corralonsanchezbelen.com\/","name":"Corralon Sanchez","description":"El maestro de la construcci\u00f3n.","publisher":{"@id":"https:\/\/corralonsanchezbelen.com\/#organization"},"potentialAction":[{"@type":"SearchAction","target":{"@type":"EntryPoint","urlTemplate":"https:\/\/corralonsanchezbelen.com\/?s={search_term_string}"},"query-input":{"@type":"PropertyValueSpecification","valueRequired":true,"valueName":"search_term_string"}}],"inLanguage":"es"},{"@type":"Organization","@id":"https:\/\/corralonsanchezbelen.com\/#organization","name":"Corralon Sanchez","url":"https:\/\/corralonsanchezbelen.com\/","logo":{"@type":"ImageObject","inLanguage":"es","@id":"https:\/\/corralonsanchezbelen.com\/#\/schema\/logo\/image\/","url":"https:\/\/corralonsanchezbelen.com\/wp-content\/uploads\/2024\/06\/Diseno-sin-tituloq.png","contentUrl":"https:\/\/corralonsanchezbelen.com\/wp-content\/uploads\/2024\/06\/Diseno-sin-tituloq.png","width":1080,"height":1080,"caption":"Corralon Sanchez"},"image":{"@id":"https:\/\/corralonsanchezbelen.com\/#\/schema\/logo\/image\/"},"sameAs":["https:\/\/www.facebook.com\/corralon.sanchez.belen","https:\/\/www.instagram.com\/corralon.sanchez\/"]}]}},"_links":{"self":[{"href":"https:\/\/corralonsanchezbelen.com\/index.php\/wp-json\/wp\/v2\/product\/2316","targetHints":{"allow":["GET"]}}],"collection":[{"href":"https:\/\/corralonsanchezbelen.com\/index.php\/wp-json\/wp\/v2\/product"}],"about":[{"href":"https:\/\/corralonsanchezbelen.com\/index.php\/wp-json\/wp\/v2\/types\/product"}],"replies":[{"embeddable":true,"href":"https:\/\/corralonsanchezbelen.com\/index.php\/wp-json\/wp\/v2\/comments?post=2316"}],"wp:featuredmedia":[{"embeddable":true,"href":"https:\/\/corralonsanchezbelen.com\/index.php\/wp-json\/wp\/v2\/media\/2317"}],"wp:attachment":[{"href":"https:\/\/corralonsanchezbelen.com\/index.php\/wp-json\/wp\/v2\/media?parent=2316"}],"wp:term":[{"taxonomy":"product_brand","embeddable":true,"href":"https:\/\/corralonsanchezbelen.com\/index.php\/wp-json\/wp\/v2\/product_brand?post=2316"},{"taxonomy":"product_cat","embeddable":true,"href":"https:\/\/corralonsanchezbelen.com\/index.php\/wp-json\/wp\/v2\/product_cat?post=2316"},{"taxonomy":"product_tag","embeddable":true,"href":"https:\/\/corralonsanchezbelen.com\/index.php\/wp-json\/wp\/v2\/product_tag?post=2316"}],"curies":[{"name":"wp","href":"https:\/\/api.w.org\/{rel}","templated":true}]}}