{"id":2256,"date":"2024-07-11T01:44:43","date_gmt":"2024-07-11T04:44:43","guid":{"rendered":"https:\/\/corralonsanchezbelen.com\/?post_type=product&#038;p=2256"},"modified":"2024-07-11T01:44:43","modified_gmt":"2024-07-11T04:44:43","slug":"tijera-hojalatero-bremen","status":"publish","type":"product","link":"https:\/\/corralonsanchezbelen.com\/index.php\/producto\/tijera-hojalatero-bremen\/","title":{"rendered":"Tijera Hojalatero Bremen"},"content":{"rendered":"<p>Para cortar alambrado, metales en plancha, juntas de techos.<\/p>\n","protected":false},"excerpt":{"rendered":"<p>Incluye una arandela con resorte que sostiene fuertemente a las cuchillas durante el corte.<br \/>\nPara un mejor rendimiento, se recomienda cortar la l\u00e1mina de metal lo m\u00e1s cerca posible del eje.<br \/>\nPara evitar rasgu\u00f1os frecuentes en el borde de la hoja, no cierre el recorte de las hojas por completo.<br \/>\nMantener el eje de la tijera debidamente lubricado.<\/p>\n","protected":false},"featured_media":2257,"comment_status":"open","ping_status":"closed","template":"","meta":[],"product_brand":[],"product_cat":[61,53,55],"product_tag":[60],"class_list":{"0":"post-2256","1":"product","2":"type-product","3":"status-publish","4":"has-post-thumbnail","6":"product_cat-accesorios-bremen","7":"product_cat-herramientas-ajustables","8":"product_cat-herramientas-tijeras","9":"product_tag-bremen","11":"first","12":"instock","13":"taxable","14":"shipping-taxable","15":"product-type-simple"},"yoast_head":"<!-- This site is optimized with the Yoast SEO plugin v24.7 - https:\/\/yoast.com\/wordpress\/plugins\/seo\/ -->\n<title>Tijera Hojalatero Bremen - Corralon Sanchez<\/title>\n<meta name=\"description\" content=\"Incluye una arandela con resorte que sostiene fuertemente a las cuchillas durante el corte. Para un mejor rendimiento, se recomienda cortar la l\u00e1mina de metal lo m\u00e1s cerca posible del eje. Para evitar rasgu\u00f1os frecuentes en el borde de la hoja, no cierre el recorte de las hojas por completo. Mantener el eje de la tijera debidamente lubricado.\" \/>\n<meta name=\"robots\" content=\"index, follow, max-snippet:-1, max-image-preview:large, max-video-preview:-1\" \/>\n<link rel=\"canonical\" href=\"https:\/\/corralonsanchezbelen.com\/index.php\/producto\/tijera-hojalatero-bremen\/\" \/>\n<meta property=\"og:locale\" content=\"es_ES\" \/>\n<meta property=\"og:type\" content=\"article\" \/>\n<meta property=\"og:title\" content=\"Tijera Hojalatero Bremen - Corralon Sanchez\" \/>\n<meta property=\"og:description\" content=\"Incluye una arandela con resorte que sostiene fuertemente a las cuchillas durante el corte. Para un mejor rendimiento, se recomienda cortar la l\u00e1mina de metal lo m\u00e1s cerca posible del eje. Para evitar rasgu\u00f1os frecuentes en el borde de la hoja, no cierre el recorte de las hojas por completo. Mantener el eje de la tijera debidamente lubricado.\" \/>\n<meta property=\"og:url\" content=\"https:\/\/corralonsanchezbelen.com\/index.php\/producto\/tijera-hojalatero-bremen\/\" \/>\n<meta property=\"og:site_name\" content=\"Corralon Sanchez\" \/>\n<meta property=\"article:publisher\" content=\"https:\/\/www.facebook.com\/corralon.sanchez.belen\" \/>\n<meta property=\"og:image\" content=\"https:\/\/corralonsanchezbelen.com\/wp-content\/uploads\/2024\/07\/158278-800-auto.webp\" \/>\n\t<meta property=\"og:image:width\" content=\"540\" \/>\n\t<meta property=\"og:image:height\" content=\"632\" \/>\n\t<meta property=\"og:image:type\" content=\"image\/webp\" \/>\n<meta name=\"twitter:card\" content=\"summary_large_image\" \/>\n<meta name=\"twitter:label1\" content=\"Tiempo de lectura\" \/>\n\t<meta name=\"twitter:data1\" content=\"1 minuto\" \/>\n<script type=\"application\/ld+json\" class=\"yoast-schema-graph\">{\"@context\":\"https:\/\/schema.org\",\"@graph\":[{\"@type\":\"WebPage\",\"@id\":\"https:\/\/corralonsanchezbelen.com\/index.php\/producto\/tijera-hojalatero-bremen\/\",\"url\":\"https:\/\/corralonsanchezbelen.com\/index.php\/producto\/tijera-hojalatero-bremen\/\",\"name\":\"Tijera Hojalatero Bremen - Corralon Sanchez\",\"isPartOf\":{\"@id\":\"https:\/\/corralonsanchezbelen.com\/#website\"},\"primaryImageOfPage\":{\"@id\":\"https:\/\/corralonsanchezbelen.com\/index.php\/producto\/tijera-hojalatero-bremen\/#primaryimage\"},\"image\":{\"@id\":\"https:\/\/corralonsanchezbelen.com\/index.php\/producto\/tijera-hojalatero-bremen\/#primaryimage\"},\"thumbnailUrl\":\"https:\/\/corralonsanchezbelen.com\/wp-content\/uploads\/2024\/07\/158278-800-auto.webp\",\"datePublished\":\"2024-07-11T04:44:43+00:00\",\"description\":\"Incluye una arandela con resorte que sostiene fuertemente a las cuchillas durante el corte. Para un mejor rendimiento, se recomienda cortar la l\u00e1mina de metal lo m\u00e1s cerca posible del eje. Para evitar rasgu\u00f1os frecuentes en el borde de la hoja, no cierre el recorte de las hojas por completo. Mantener el eje de la tijera debidamente lubricado.\",\"breadcrumb\":{\"@id\":\"https:\/\/corralonsanchezbelen.com\/index.php\/producto\/tijera-hojalatero-bremen\/#breadcrumb\"},\"inLanguage\":\"es\",\"potentialAction\":[{\"@type\":\"ReadAction\",\"target\":[\"https:\/\/corralonsanchezbelen.com\/index.php\/producto\/tijera-hojalatero-bremen\/\"]}]},{\"@type\":\"ImageObject\",\"inLanguage\":\"es\",\"@id\":\"https:\/\/corralonsanchezbelen.com\/index.php\/producto\/tijera-hojalatero-bremen\/#primaryimage\",\"url\":\"https:\/\/corralonsanchezbelen.com\/wp-content\/uploads\/2024\/07\/158278-800-auto.webp\",\"contentUrl\":\"https:\/\/corralonsanchezbelen.com\/wp-content\/uploads\/2024\/07\/158278-800-auto.webp\",\"width\":540,\"height\":632},{\"@type\":\"BreadcrumbList\",\"@id\":\"https:\/\/corralonsanchezbelen.com\/index.php\/producto\/tijera-hojalatero-bremen\/#breadcrumb\",\"itemListElement\":[{\"@type\":\"ListItem\",\"position\":1,\"name\":\"Portada\",\"item\":\"https:\/\/corralonsanchezbelen.com\/\"},{\"@type\":\"ListItem\",\"position\":2,\"name\":\"Tienda\",\"item\":\"https:\/\/corralonsanchezbelen.com\/index.php\/tienda-2\/\"},{\"@type\":\"ListItem\",\"position\":3,\"name\":\"Tijera Hojalatero Bremen\"}]},{\"@type\":\"WebSite\",\"@id\":\"https:\/\/corralonsanchezbelen.com\/#website\",\"url\":\"https:\/\/corralonsanchezbelen.com\/\",\"name\":\"Corralon Sanchez\",\"description\":\"El maestro de la construcci\u00f3n.\",\"publisher\":{\"@id\":\"https:\/\/corralonsanchezbelen.com\/#organization\"},\"potentialAction\":[{\"@type\":\"SearchAction\",\"target\":{\"@type\":\"EntryPoint\",\"urlTemplate\":\"https:\/\/corralonsanchezbelen.com\/?s={search_term_string}\"},\"query-input\":{\"@type\":\"PropertyValueSpecification\",\"valueRequired\":true,\"valueName\":\"search_term_string\"}}],\"inLanguage\":\"es\"},{\"@type\":\"Organization\",\"@id\":\"https:\/\/corralonsanchezbelen.com\/#organization\",\"name\":\"Corralon Sanchez\",\"url\":\"https:\/\/corralonsanchezbelen.com\/\",\"logo\":{\"@type\":\"ImageObject\",\"inLanguage\":\"es\",\"@id\":\"https:\/\/corralonsanchezbelen.com\/#\/schema\/logo\/image\/\",\"url\":\"https:\/\/corralonsanchezbelen.com\/wp-content\/uploads\/2024\/06\/Diseno-sin-tituloq.png\",\"contentUrl\":\"https:\/\/corralonsanchezbelen.com\/wp-content\/uploads\/2024\/06\/Diseno-sin-tituloq.png\",\"width\":1080,\"height\":1080,\"caption\":\"Corralon Sanchez\"},\"image\":{\"@id\":\"https:\/\/corralonsanchezbelen.com\/#\/schema\/logo\/image\/\"},\"sameAs\":[\"https:\/\/www.facebook.com\/corralon.sanchez.belen\",\"https:\/\/www.instagram.com\/corralon.sanchez\/\"]}]}<\/script>\n<!-- \/ Yoast SEO plugin. -->","yoast_head_json":{"title":"Tijera Hojalatero Bremen - Corralon Sanchez","description":"Incluye una arandela con resorte que sostiene fuertemente a las cuchillas durante el corte. Para un mejor rendimiento, se recomienda cortar la l\u00e1mina de metal lo m\u00e1s cerca posible del eje. Para evitar rasgu\u00f1os frecuentes en el borde de la hoja, no cierre el recorte de las hojas por completo. Mantener el eje de la tijera debidamente lubricado.","robots":{"index":"index","follow":"follow","max-snippet":"max-snippet:-1","max-image-preview":"max-image-preview:large","max-video-preview":"max-video-preview:-1"},"canonical":"https:\/\/corralonsanchezbelen.com\/index.php\/producto\/tijera-hojalatero-bremen\/","og_locale":"es_ES","og_type":"article","og_title":"Tijera Hojalatero Bremen - Corralon Sanchez","og_description":"Incluye una arandela con resorte que sostiene fuertemente a las cuchillas durante el corte. Para un mejor rendimiento, se recomienda cortar la l\u00e1mina de metal lo m\u00e1s cerca posible del eje. Para evitar rasgu\u00f1os frecuentes en el borde de la hoja, no cierre el recorte de las hojas por completo. Mantener el eje de la tijera debidamente lubricado.","og_url":"https:\/\/corralonsanchezbelen.com\/index.php\/producto\/tijera-hojalatero-bremen\/","og_site_name":"Corralon Sanchez","article_publisher":"https:\/\/www.facebook.com\/corralon.sanchez.belen","og_image":[{"width":540,"height":632,"url":"https:\/\/corralonsanchezbelen.com\/wp-content\/uploads\/2024\/07\/158278-800-auto.webp","type":"image\/webp"}],"twitter_card":"summary_large_image","twitter_misc":{"Tiempo de lectura":"1 minuto"},"schema":{"@context":"https:\/\/schema.org","@graph":[{"@type":"WebPage","@id":"https:\/\/corralonsanchezbelen.com\/index.php\/producto\/tijera-hojalatero-bremen\/","url":"https:\/\/corralonsanchezbelen.com\/index.php\/producto\/tijera-hojalatero-bremen\/","name":"Tijera Hojalatero Bremen - Corralon Sanchez","isPartOf":{"@id":"https:\/\/corralonsanchezbelen.com\/#website"},"primaryImageOfPage":{"@id":"https:\/\/corralonsanchezbelen.com\/index.php\/producto\/tijera-hojalatero-bremen\/#primaryimage"},"image":{"@id":"https:\/\/corralonsanchezbelen.com\/index.php\/producto\/tijera-hojalatero-bremen\/#primaryimage"},"thumbnailUrl":"https:\/\/corralonsanchezbelen.com\/wp-content\/uploads\/2024\/07\/158278-800-auto.webp","datePublished":"2024-07-11T04:44:43+00:00","description":"Incluye una arandela con resorte que sostiene fuertemente a las cuchillas durante el corte. Para un mejor rendimiento, se recomienda cortar la l\u00e1mina de metal lo m\u00e1s cerca posible del eje. Para evitar rasgu\u00f1os frecuentes en el borde de la hoja, no cierre el recorte de las hojas por completo. Mantener el eje de la tijera debidamente lubricado.","breadcrumb":{"@id":"https:\/\/corralonsanchezbelen.com\/index.php\/producto\/tijera-hojalatero-bremen\/#breadcrumb"},"inLanguage":"es","potentialAction":[{"@type":"ReadAction","target":["https:\/\/corralonsanchezbelen.com\/index.php\/producto\/tijera-hojalatero-bremen\/"]}]},{"@type":"ImageObject","inLanguage":"es","@id":"https:\/\/corralonsanchezbelen.com\/index.php\/producto\/tijera-hojalatero-bremen\/#primaryimage","url":"https:\/\/corralonsanchezbelen.com\/wp-content\/uploads\/2024\/07\/158278-800-auto.webp","contentUrl":"https:\/\/corralonsanchezbelen.com\/wp-content\/uploads\/2024\/07\/158278-800-auto.webp","width":540,"height":632},{"@type":"BreadcrumbList","@id":"https:\/\/corralonsanchezbelen.com\/index.php\/producto\/tijera-hojalatero-bremen\/#breadcrumb","itemListElement":[{"@type":"ListItem","position":1,"name":"Portada","item":"https:\/\/corralonsanchezbelen.com\/"},{"@type":"ListItem","position":2,"name":"Tienda","item":"https:\/\/corralonsanchezbelen.com\/index.php\/tienda-2\/"},{"@type":"ListItem","position":3,"name":"Tijera Hojalatero Bremen"}]},{"@type":"WebSite","@id":"https:\/\/corralonsanchezbelen.com\/#website","url":"https:\/\/corralonsanchezbelen.com\/","name":"Corralon Sanchez","description":"El maestro de la construcci\u00f3n.","publisher":{"@id":"https:\/\/corralonsanchezbelen.com\/#organization"},"potentialAction":[{"@type":"SearchAction","target":{"@type":"EntryPoint","urlTemplate":"https:\/\/corralonsanchezbelen.com\/?s={search_term_string}"},"query-input":{"@type":"PropertyValueSpecification","valueRequired":true,"valueName":"search_term_string"}}],"inLanguage":"es"},{"@type":"Organization","@id":"https:\/\/corralonsanchezbelen.com\/#organization","name":"Corralon Sanchez","url":"https:\/\/corralonsanchezbelen.com\/","logo":{"@type":"ImageObject","inLanguage":"es","@id":"https:\/\/corralonsanchezbelen.com\/#\/schema\/logo\/image\/","url":"https:\/\/corralonsanchezbelen.com\/wp-content\/uploads\/2024\/06\/Diseno-sin-tituloq.png","contentUrl":"https:\/\/corralonsanchezbelen.com\/wp-content\/uploads\/2024\/06\/Diseno-sin-tituloq.png","width":1080,"height":1080,"caption":"Corralon Sanchez"},"image":{"@id":"https:\/\/corralonsanchezbelen.com\/#\/schema\/logo\/image\/"},"sameAs":["https:\/\/www.facebook.com\/corralon.sanchez.belen","https:\/\/www.instagram.com\/corralon.sanchez\/"]}]}},"_links":{"self":[{"href":"https:\/\/corralonsanchezbelen.com\/index.php\/wp-json\/wp\/v2\/product\/2256","targetHints":{"allow":["GET"]}}],"collection":[{"href":"https:\/\/corralonsanchezbelen.com\/index.php\/wp-json\/wp\/v2\/product"}],"about":[{"href":"https:\/\/corralonsanchezbelen.com\/index.php\/wp-json\/wp\/v2\/types\/product"}],"replies":[{"embeddable":true,"href":"https:\/\/corralonsanchezbelen.com\/index.php\/wp-json\/wp\/v2\/comments?post=2256"}],"wp:featuredmedia":[{"embeddable":true,"href":"https:\/\/corralonsanchezbelen.com\/index.php\/wp-json\/wp\/v2\/media\/2257"}],"wp:attachment":[{"href":"https:\/\/corralonsanchezbelen.com\/index.php\/wp-json\/wp\/v2\/media?parent=2256"}],"wp:term":[{"taxonomy":"product_brand","embeddable":true,"href":"https:\/\/corralonsanchezbelen.com\/index.php\/wp-json\/wp\/v2\/product_brand?post=2256"},{"taxonomy":"product_cat","embeddable":true,"href":"https:\/\/corralonsanchezbelen.com\/index.php\/wp-json\/wp\/v2\/product_cat?post=2256"},{"taxonomy":"product_tag","embeddable":true,"href":"https:\/\/corralonsanchezbelen.com\/index.php\/wp-json\/wp\/v2\/product_tag?post=2256"}],"curies":[{"name":"wp","href":"https:\/\/api.w.org\/{rel}","templated":true}]}}