{"id":2244,"date":"2024-07-11T01:29:59","date_gmt":"2024-07-11T04:29:59","guid":{"rendered":"https:\/\/corralonsanchezbelen.com\/?post_type=product&#038;p=2244"},"modified":"2024-07-11T19:11:55","modified_gmt":"2024-07-11T22:11:55","slug":"inflador-de-pie-con-manometro-2-cilindros-bremen","status":"publish","type":"product","link":"https:\/\/corralonsanchezbelen.com\/index.php\/producto\/inflador-de-pie-con-manometro-2-cilindros-bremen\/","title":{"rendered":"Inflador de Pie con Man\u00f3metro (2 Cilindros) Bremen"},"content":{"rendered":"<p>Presi\u00f3n de aire: 0-160 PSI (0-10 BAR).<br \/>\nCuenta con pedal antideslizante.<br \/>\nMan\u00f3metro de f\u00e1cil lectura.<br \/>\nInfla m\u00e1s r\u00e1pido gracias a sus dos cilindros de aluminio.<\/p>\n","protected":false},"excerpt":{"rendered":"<p>Incluye 3 picos adaptadores de r\u00e1pida conexi\u00f3n para diferentes usos (v\u00e1lvulas Schrader, Presta y Dunlop).<br \/>\nLos adaptadores pueden utilizarse en pelotas e inflables.<\/p>\n","protected":false},"featured_media":2245,"comment_status":"open","ping_status":"closed","template":"","meta":[],"product_brand":[],"product_cat":[61,74],"product_tag":[60],"class_list":{"0":"post-2244","1":"product","2":"type-product","3":"status-publish","4":"has-post-thumbnail","6":"product_cat-accesorios-bremen","7":"product_cat-productos","8":"product_tag-bremen","10":"first","11":"instock","12":"taxable","13":"shipping-taxable","14":"product-type-simple"},"yoast_head":"<!-- This site is optimized with the Yoast SEO plugin v24.7 - https:\/\/yoast.com\/wordpress\/plugins\/seo\/ -->\n<title>Inflador de Pie con Man\u00f3metro (2 Cilindros) Bremen - Corralon Sanchez<\/title>\n<meta name=\"description\" content=\"Incluye 3 picos adaptadores de r\u00e1pida conexi\u00f3n para diferentes usos (v\u00e1lvulas Schrader, Presta y Dunlop). Los adaptadores pueden utilizarse en pelotas e inflables.\" \/>\n<meta name=\"robots\" content=\"index, follow, max-snippet:-1, max-image-preview:large, max-video-preview:-1\" \/>\n<link rel=\"canonical\" href=\"https:\/\/corralonsanchezbelen.com\/index.php\/producto\/inflador-de-pie-con-manometro-2-cilindros-bremen\/\" \/>\n<meta property=\"og:locale\" content=\"es_ES\" \/>\n<meta property=\"og:type\" content=\"article\" \/>\n<meta property=\"og:title\" content=\"Inflador de Pie con Man\u00f3metro (2 Cilindros) Bremen - Corralon Sanchez\" \/>\n<meta property=\"og:description\" content=\"Incluye 3 picos adaptadores de r\u00e1pida conexi\u00f3n para diferentes usos (v\u00e1lvulas Schrader, Presta y Dunlop). Los adaptadores pueden utilizarse en pelotas e inflables.\" \/>\n<meta property=\"og:url\" content=\"https:\/\/corralonsanchezbelen.com\/index.php\/producto\/inflador-de-pie-con-manometro-2-cilindros-bremen\/\" \/>\n<meta property=\"og:site_name\" content=\"Corralon Sanchez\" \/>\n<meta property=\"article:publisher\" content=\"https:\/\/www.facebook.com\/corralon.sanchez.belen\" \/>\n<meta property=\"article:modified_time\" content=\"2024-07-11T22:11:55+00:00\" \/>\n<meta property=\"og:image\" content=\"https:\/\/corralonsanchezbelen.com\/wp-content\/uploads\/2024\/07\/160165-800-auto.webp\" \/>\n\t<meta property=\"og:image:width\" content=\"800\" \/>\n\t<meta property=\"og:image:height\" content=\"938\" \/>\n\t<meta property=\"og:image:type\" content=\"image\/webp\" \/>\n<meta name=\"twitter:card\" content=\"summary_large_image\" \/>\n<meta name=\"twitter:label1\" content=\"Tiempo de lectura\" \/>\n\t<meta name=\"twitter:data1\" content=\"1 minuto\" \/>\n<script type=\"application\/ld+json\" class=\"yoast-schema-graph\">{\"@context\":\"https:\/\/schema.org\",\"@graph\":[{\"@type\":\"WebPage\",\"@id\":\"https:\/\/corralonsanchezbelen.com\/index.php\/producto\/inflador-de-pie-con-manometro-2-cilindros-bremen\/\",\"url\":\"https:\/\/corralonsanchezbelen.com\/index.php\/producto\/inflador-de-pie-con-manometro-2-cilindros-bremen\/\",\"name\":\"Inflador de Pie con Man\u00f3metro (2 Cilindros) Bremen - Corralon Sanchez\",\"isPartOf\":{\"@id\":\"https:\/\/corralonsanchezbelen.com\/#website\"},\"primaryImageOfPage\":{\"@id\":\"https:\/\/corralonsanchezbelen.com\/index.php\/producto\/inflador-de-pie-con-manometro-2-cilindros-bremen\/#primaryimage\"},\"image\":{\"@id\":\"https:\/\/corralonsanchezbelen.com\/index.php\/producto\/inflador-de-pie-con-manometro-2-cilindros-bremen\/#primaryimage\"},\"thumbnailUrl\":\"https:\/\/corralonsanchezbelen.com\/wp-content\/uploads\/2024\/07\/160165-800-auto.webp\",\"datePublished\":\"2024-07-11T04:29:59+00:00\",\"dateModified\":\"2024-07-11T22:11:55+00:00\",\"description\":\"Incluye 3 picos adaptadores de r\u00e1pida conexi\u00f3n para diferentes usos (v\u00e1lvulas Schrader, Presta y Dunlop). Los adaptadores pueden utilizarse en pelotas e inflables.\",\"breadcrumb\":{\"@id\":\"https:\/\/corralonsanchezbelen.com\/index.php\/producto\/inflador-de-pie-con-manometro-2-cilindros-bremen\/#breadcrumb\"},\"inLanguage\":\"es\",\"potentialAction\":[{\"@type\":\"ReadAction\",\"target\":[\"https:\/\/corralonsanchezbelen.com\/index.php\/producto\/inflador-de-pie-con-manometro-2-cilindros-bremen\/\"]}]},{\"@type\":\"ImageObject\",\"inLanguage\":\"es\",\"@id\":\"https:\/\/corralonsanchezbelen.com\/index.php\/producto\/inflador-de-pie-con-manometro-2-cilindros-bremen\/#primaryimage\",\"url\":\"https:\/\/corralonsanchezbelen.com\/wp-content\/uploads\/2024\/07\/160165-800-auto.webp\",\"contentUrl\":\"https:\/\/corralonsanchezbelen.com\/wp-content\/uploads\/2024\/07\/160165-800-auto.webp\",\"width\":800,\"height\":938},{\"@type\":\"BreadcrumbList\",\"@id\":\"https:\/\/corralonsanchezbelen.com\/index.php\/producto\/inflador-de-pie-con-manometro-2-cilindros-bremen\/#breadcrumb\",\"itemListElement\":[{\"@type\":\"ListItem\",\"position\":1,\"name\":\"Portada\",\"item\":\"https:\/\/corralonsanchezbelen.com\/\"},{\"@type\":\"ListItem\",\"position\":2,\"name\":\"Tienda\",\"item\":\"https:\/\/corralonsanchezbelen.com\/index.php\/tienda-2\/\"},{\"@type\":\"ListItem\",\"position\":3,\"name\":\"Inflador de Pie con Man\u00f3metro (2 Cilindros) Bremen\"}]},{\"@type\":\"WebSite\",\"@id\":\"https:\/\/corralonsanchezbelen.com\/#website\",\"url\":\"https:\/\/corralonsanchezbelen.com\/\",\"name\":\"Corralon Sanchez\",\"description\":\"El maestro de la construcci\u00f3n.\",\"publisher\":{\"@id\":\"https:\/\/corralonsanchezbelen.com\/#organization\"},\"potentialAction\":[{\"@type\":\"SearchAction\",\"target\":{\"@type\":\"EntryPoint\",\"urlTemplate\":\"https:\/\/corralonsanchezbelen.com\/?s={search_term_string}\"},\"query-input\":{\"@type\":\"PropertyValueSpecification\",\"valueRequired\":true,\"valueName\":\"search_term_string\"}}],\"inLanguage\":\"es\"},{\"@type\":\"Organization\",\"@id\":\"https:\/\/corralonsanchezbelen.com\/#organization\",\"name\":\"Corralon Sanchez\",\"url\":\"https:\/\/corralonsanchezbelen.com\/\",\"logo\":{\"@type\":\"ImageObject\",\"inLanguage\":\"es\",\"@id\":\"https:\/\/corralonsanchezbelen.com\/#\/schema\/logo\/image\/\",\"url\":\"https:\/\/corralonsanchezbelen.com\/wp-content\/uploads\/2024\/06\/Diseno-sin-tituloq.png\",\"contentUrl\":\"https:\/\/corralonsanchezbelen.com\/wp-content\/uploads\/2024\/06\/Diseno-sin-tituloq.png\",\"width\":1080,\"height\":1080,\"caption\":\"Corralon Sanchez\"},\"image\":{\"@id\":\"https:\/\/corralonsanchezbelen.com\/#\/schema\/logo\/image\/\"},\"sameAs\":[\"https:\/\/www.facebook.com\/corralon.sanchez.belen\",\"https:\/\/www.instagram.com\/corralon.sanchez\/\"]}]}<\/script>\n<!-- \/ Yoast SEO plugin. -->","yoast_head_json":{"title":"Inflador de Pie con Man\u00f3metro (2 Cilindros) Bremen - Corralon Sanchez","description":"Incluye 3 picos adaptadores de r\u00e1pida conexi\u00f3n para diferentes usos (v\u00e1lvulas Schrader, Presta y Dunlop). Los adaptadores pueden utilizarse en pelotas e inflables.","robots":{"index":"index","follow":"follow","max-snippet":"max-snippet:-1","max-image-preview":"max-image-preview:large","max-video-preview":"max-video-preview:-1"},"canonical":"https:\/\/corralonsanchezbelen.com\/index.php\/producto\/inflador-de-pie-con-manometro-2-cilindros-bremen\/","og_locale":"es_ES","og_type":"article","og_title":"Inflador de Pie con Man\u00f3metro (2 Cilindros) Bremen - Corralon Sanchez","og_description":"Incluye 3 picos adaptadores de r\u00e1pida conexi\u00f3n para diferentes usos (v\u00e1lvulas Schrader, Presta y Dunlop). Los adaptadores pueden utilizarse en pelotas e inflables.","og_url":"https:\/\/corralonsanchezbelen.com\/index.php\/producto\/inflador-de-pie-con-manometro-2-cilindros-bremen\/","og_site_name":"Corralon Sanchez","article_publisher":"https:\/\/www.facebook.com\/corralon.sanchez.belen","article_modified_time":"2024-07-11T22:11:55+00:00","og_image":[{"width":800,"height":938,"url":"https:\/\/corralonsanchezbelen.com\/wp-content\/uploads\/2024\/07\/160165-800-auto.webp","type":"image\/webp"}],"twitter_card":"summary_large_image","twitter_misc":{"Tiempo de lectura":"1 minuto"},"schema":{"@context":"https:\/\/schema.org","@graph":[{"@type":"WebPage","@id":"https:\/\/corralonsanchezbelen.com\/index.php\/producto\/inflador-de-pie-con-manometro-2-cilindros-bremen\/","url":"https:\/\/corralonsanchezbelen.com\/index.php\/producto\/inflador-de-pie-con-manometro-2-cilindros-bremen\/","name":"Inflador de Pie con Man\u00f3metro (2 Cilindros) Bremen - Corralon Sanchez","isPartOf":{"@id":"https:\/\/corralonsanchezbelen.com\/#website"},"primaryImageOfPage":{"@id":"https:\/\/corralonsanchezbelen.com\/index.php\/producto\/inflador-de-pie-con-manometro-2-cilindros-bremen\/#primaryimage"},"image":{"@id":"https:\/\/corralonsanchezbelen.com\/index.php\/producto\/inflador-de-pie-con-manometro-2-cilindros-bremen\/#primaryimage"},"thumbnailUrl":"https:\/\/corralonsanchezbelen.com\/wp-content\/uploads\/2024\/07\/160165-800-auto.webp","datePublished":"2024-07-11T04:29:59+00:00","dateModified":"2024-07-11T22:11:55+00:00","description":"Incluye 3 picos adaptadores de r\u00e1pida conexi\u00f3n para diferentes usos (v\u00e1lvulas Schrader, Presta y Dunlop). Los adaptadores pueden utilizarse en pelotas e inflables.","breadcrumb":{"@id":"https:\/\/corralonsanchezbelen.com\/index.php\/producto\/inflador-de-pie-con-manometro-2-cilindros-bremen\/#breadcrumb"},"inLanguage":"es","potentialAction":[{"@type":"ReadAction","target":["https:\/\/corralonsanchezbelen.com\/index.php\/producto\/inflador-de-pie-con-manometro-2-cilindros-bremen\/"]}]},{"@type":"ImageObject","inLanguage":"es","@id":"https:\/\/corralonsanchezbelen.com\/index.php\/producto\/inflador-de-pie-con-manometro-2-cilindros-bremen\/#primaryimage","url":"https:\/\/corralonsanchezbelen.com\/wp-content\/uploads\/2024\/07\/160165-800-auto.webp","contentUrl":"https:\/\/corralonsanchezbelen.com\/wp-content\/uploads\/2024\/07\/160165-800-auto.webp","width":800,"height":938},{"@type":"BreadcrumbList","@id":"https:\/\/corralonsanchezbelen.com\/index.php\/producto\/inflador-de-pie-con-manometro-2-cilindros-bremen\/#breadcrumb","itemListElement":[{"@type":"ListItem","position":1,"name":"Portada","item":"https:\/\/corralonsanchezbelen.com\/"},{"@type":"ListItem","position":2,"name":"Tienda","item":"https:\/\/corralonsanchezbelen.com\/index.php\/tienda-2\/"},{"@type":"ListItem","position":3,"name":"Inflador de Pie con Man\u00f3metro (2 Cilindros) Bremen"}]},{"@type":"WebSite","@id":"https:\/\/corralonsanchezbelen.com\/#website","url":"https:\/\/corralonsanchezbelen.com\/","name":"Corralon Sanchez","description":"El maestro de la construcci\u00f3n.","publisher":{"@id":"https:\/\/corralonsanchezbelen.com\/#organization"},"potentialAction":[{"@type":"SearchAction","target":{"@type":"EntryPoint","urlTemplate":"https:\/\/corralonsanchezbelen.com\/?s={search_term_string}"},"query-input":{"@type":"PropertyValueSpecification","valueRequired":true,"valueName":"search_term_string"}}],"inLanguage":"es"},{"@type":"Organization","@id":"https:\/\/corralonsanchezbelen.com\/#organization","name":"Corralon Sanchez","url":"https:\/\/corralonsanchezbelen.com\/","logo":{"@type":"ImageObject","inLanguage":"es","@id":"https:\/\/corralonsanchezbelen.com\/#\/schema\/logo\/image\/","url":"https:\/\/corralonsanchezbelen.com\/wp-content\/uploads\/2024\/06\/Diseno-sin-tituloq.png","contentUrl":"https:\/\/corralonsanchezbelen.com\/wp-content\/uploads\/2024\/06\/Diseno-sin-tituloq.png","width":1080,"height":1080,"caption":"Corralon Sanchez"},"image":{"@id":"https:\/\/corralonsanchezbelen.com\/#\/schema\/logo\/image\/"},"sameAs":["https:\/\/www.facebook.com\/corralon.sanchez.belen","https:\/\/www.instagram.com\/corralon.sanchez\/"]}]}},"_links":{"self":[{"href":"https:\/\/corralonsanchezbelen.com\/index.php\/wp-json\/wp\/v2\/product\/2244","targetHints":{"allow":["GET"]}}],"collection":[{"href":"https:\/\/corralonsanchezbelen.com\/index.php\/wp-json\/wp\/v2\/product"}],"about":[{"href":"https:\/\/corralonsanchezbelen.com\/index.php\/wp-json\/wp\/v2\/types\/product"}],"replies":[{"embeddable":true,"href":"https:\/\/corralonsanchezbelen.com\/index.php\/wp-json\/wp\/v2\/comments?post=2244"}],"wp:featuredmedia":[{"embeddable":true,"href":"https:\/\/corralonsanchezbelen.com\/index.php\/wp-json\/wp\/v2\/media\/2245"}],"wp:attachment":[{"href":"https:\/\/corralonsanchezbelen.com\/index.php\/wp-json\/wp\/v2\/media?parent=2244"}],"wp:term":[{"taxonomy":"product_brand","embeddable":true,"href":"https:\/\/corralonsanchezbelen.com\/index.php\/wp-json\/wp\/v2\/product_brand?post=2244"},{"taxonomy":"product_cat","embeddable":true,"href":"https:\/\/corralonsanchezbelen.com\/index.php\/wp-json\/wp\/v2\/product_cat?post=2244"},{"taxonomy":"product_tag","embeddable":true,"href":"https:\/\/corralonsanchezbelen.com\/index.php\/wp-json\/wp\/v2\/product_tag?post=2244"}],"curies":[{"name":"wp","href":"https:\/\/api.w.org\/{rel}","templated":true}]}}