{"id":2238,"date":"2024-07-11T01:22:10","date_gmt":"2024-07-11T04:22:10","guid":{"rendered":"https:\/\/corralonsanchezbelen.com\/?post_type=product&#038;p=2238"},"modified":"2024-07-11T19:13:58","modified_gmt":"2024-07-11T22:13:58","slug":"cucharas-de-albanil-forjadas-bremen","status":"publish","type":"product","link":"https:\/\/corralonsanchezbelen.com\/index.php\/producto\/cucharas-de-albanil-forjadas-bremen\/","title":{"rendered":"Cucharas de Alba\u00f1il Forjadas Bremen"},"content":{"rendered":"<p>La punta standard es ideal para la preparaci\u00f3n de mezclas y colocaci\u00f3n de ladrillos; la punta roma, en tanto, se recomienda para trabajos de alba\u00f1iler\u00eda gruesa.<\/p>\n","protected":false},"excerpt":{"rendered":"<p>Fabricadas \u00edntegramente en acero forjado, proceso que otorga una mayor dureza superficial y mejora sustancialmente la resistencia al desgaste.<br \/>\nSon m\u00e1s livianas, por lo que demandan un menor esfuerzo durante el uso, disminuyendo el riesgo de sufrir lesiones.<br \/>\nCuentan con empu\u00f1adura en \u00e1ngulo de 25\u00b0 respecto de la hoja, lo que permite trabajar de forma ergon\u00f3mica, con una mejor postura de la mu\u00f1eca.<br \/>\nMayor flexibilidad de las hojas debido a la disminuci\u00f3n gradual de su espesor, para lograr mejores terminaciones.<br \/>\nVirolas fabricadas en acero cincado.<\/p>\n","protected":false},"featured_media":2239,"comment_status":"open","ping_status":"closed","template":"","meta":[],"product_brand":[],"product_cat":[61,28,74],"product_tag":[60],"class_list":{"0":"post-2238","1":"product","2":"type-product","3":"status-publish","4":"has-post-thumbnail","6":"product_cat-accesorios-bremen","7":"product_cat-construccion","8":"product_cat-productos","9":"product_tag-bremen","11":"first","12":"instock","13":"taxable","14":"shipping-taxable","15":"product-type-simple"},"yoast_head":"<!-- This site is optimized with the Yoast SEO plugin v24.7 - https:\/\/yoast.com\/wordpress\/plugins\/seo\/ -->\n<title>Cucharas de Alba\u00f1il Forjadas Bremen - Corralon Sanchez<\/title>\n<meta name=\"description\" content=\"Fabricadas \u00edntegramente en acero forjado, proceso que otorga una mayor dureza superficial y mejora sustancialmente la resistencia al desgaste. Son m\u00e1s livianas, por lo que demandan un menor esfuerzo durante el uso, disminuyendo el riesgo de sufrir lesiones. Cuentan con empu\u00f1adura en \u00e1ngulo de 25\u00b0 respecto de la hoja, lo que permite trabajar de forma ergon\u00f3mica, con una mejor postura de la mu\u00f1eca. Mayor flexibilidad de las hojas debido a la disminuci\u00f3n gradual de su espesor, para lograr mejores terminaciones. Virolas fabricadas en acero cincado.\" \/>\n<meta name=\"robots\" content=\"index, follow, max-snippet:-1, max-image-preview:large, max-video-preview:-1\" \/>\n<link rel=\"canonical\" href=\"https:\/\/corralonsanchezbelen.com\/index.php\/producto\/cucharas-de-albanil-forjadas-bremen\/\" \/>\n<meta property=\"og:locale\" content=\"es_ES\" \/>\n<meta property=\"og:type\" content=\"article\" \/>\n<meta property=\"og:title\" content=\"Cucharas de Alba\u00f1il Forjadas Bremen - Corralon Sanchez\" \/>\n<meta property=\"og:description\" content=\"Fabricadas \u00edntegramente en acero forjado, proceso que otorga una mayor dureza superficial y mejora sustancialmente la resistencia al desgaste. Son m\u00e1s livianas, por lo que demandan un menor esfuerzo durante el uso, disminuyendo el riesgo de sufrir lesiones. Cuentan con empu\u00f1adura en \u00e1ngulo de 25\u00b0 respecto de la hoja, lo que permite trabajar de forma ergon\u00f3mica, con una mejor postura de la mu\u00f1eca. Mayor flexibilidad de las hojas debido a la disminuci\u00f3n gradual de su espesor, para lograr mejores terminaciones. Virolas fabricadas en acero cincado.\" \/>\n<meta property=\"og:url\" content=\"https:\/\/corralonsanchezbelen.com\/index.php\/producto\/cucharas-de-albanil-forjadas-bremen\/\" \/>\n<meta property=\"og:site_name\" content=\"Corralon Sanchez\" \/>\n<meta property=\"article:publisher\" content=\"https:\/\/www.facebook.com\/corralon.sanchez.belen\" \/>\n<meta property=\"article:modified_time\" content=\"2024-07-11T22:13:58+00:00\" \/>\n<meta property=\"og:image\" content=\"https:\/\/corralonsanchezbelen.com\/wp-content\/uploads\/2024\/07\/157622-800-auto.webp\" \/>\n\t<meta property=\"og:image:width\" content=\"540\" \/>\n\t<meta property=\"og:image:height\" content=\"632\" \/>\n\t<meta property=\"og:image:type\" content=\"image\/webp\" \/>\n<meta name=\"twitter:card\" content=\"summary_large_image\" \/>\n<meta name=\"twitter:label1\" content=\"Tiempo de lectura\" \/>\n\t<meta name=\"twitter:data1\" content=\"1 minuto\" \/>\n<script type=\"application\/ld+json\" class=\"yoast-schema-graph\">{\"@context\":\"https:\/\/schema.org\",\"@graph\":[{\"@type\":\"WebPage\",\"@id\":\"https:\/\/corralonsanchezbelen.com\/index.php\/producto\/cucharas-de-albanil-forjadas-bremen\/\",\"url\":\"https:\/\/corralonsanchezbelen.com\/index.php\/producto\/cucharas-de-albanil-forjadas-bremen\/\",\"name\":\"Cucharas de Alba\u00f1il Forjadas Bremen - Corralon Sanchez\",\"isPartOf\":{\"@id\":\"https:\/\/corralonsanchezbelen.com\/#website\"},\"primaryImageOfPage\":{\"@id\":\"https:\/\/corralonsanchezbelen.com\/index.php\/producto\/cucharas-de-albanil-forjadas-bremen\/#primaryimage\"},\"image\":{\"@id\":\"https:\/\/corralonsanchezbelen.com\/index.php\/producto\/cucharas-de-albanil-forjadas-bremen\/#primaryimage\"},\"thumbnailUrl\":\"https:\/\/corralonsanchezbelen.com\/wp-content\/uploads\/2024\/07\/157622-800-auto.webp\",\"datePublished\":\"2024-07-11T04:22:10+00:00\",\"dateModified\":\"2024-07-11T22:13:58+00:00\",\"description\":\"Fabricadas \u00edntegramente en acero forjado, proceso que otorga una mayor dureza superficial y mejora sustancialmente la resistencia al desgaste. Son m\u00e1s livianas, por lo que demandan un menor esfuerzo durante el uso, disminuyendo el riesgo de sufrir lesiones. Cuentan con empu\u00f1adura en \u00e1ngulo de 25\u00b0 respecto de la hoja, lo que permite trabajar de forma ergon\u00f3mica, con una mejor postura de la mu\u00f1eca. Mayor flexibilidad de las hojas debido a la disminuci\u00f3n gradual de su espesor, para lograr mejores terminaciones. Virolas fabricadas en acero cincado.\",\"breadcrumb\":{\"@id\":\"https:\/\/corralonsanchezbelen.com\/index.php\/producto\/cucharas-de-albanil-forjadas-bremen\/#breadcrumb\"},\"inLanguage\":\"es\",\"potentialAction\":[{\"@type\":\"ReadAction\",\"target\":[\"https:\/\/corralonsanchezbelen.com\/index.php\/producto\/cucharas-de-albanil-forjadas-bremen\/\"]}]},{\"@type\":\"ImageObject\",\"inLanguage\":\"es\",\"@id\":\"https:\/\/corralonsanchezbelen.com\/index.php\/producto\/cucharas-de-albanil-forjadas-bremen\/#primaryimage\",\"url\":\"https:\/\/corralonsanchezbelen.com\/wp-content\/uploads\/2024\/07\/157622-800-auto.webp\",\"contentUrl\":\"https:\/\/corralonsanchezbelen.com\/wp-content\/uploads\/2024\/07\/157622-800-auto.webp\",\"width\":540,\"height\":632},{\"@type\":\"BreadcrumbList\",\"@id\":\"https:\/\/corralonsanchezbelen.com\/index.php\/producto\/cucharas-de-albanil-forjadas-bremen\/#breadcrumb\",\"itemListElement\":[{\"@type\":\"ListItem\",\"position\":1,\"name\":\"Portada\",\"item\":\"https:\/\/corralonsanchezbelen.com\/\"},{\"@type\":\"ListItem\",\"position\":2,\"name\":\"Tienda\",\"item\":\"https:\/\/corralonsanchezbelen.com\/index.php\/tienda-2\/\"},{\"@type\":\"ListItem\",\"position\":3,\"name\":\"Cucharas de Alba\u00f1il Forjadas Bremen\"}]},{\"@type\":\"WebSite\",\"@id\":\"https:\/\/corralonsanchezbelen.com\/#website\",\"url\":\"https:\/\/corralonsanchezbelen.com\/\",\"name\":\"Corralon Sanchez\",\"description\":\"El maestro de la construcci\u00f3n.\",\"publisher\":{\"@id\":\"https:\/\/corralonsanchezbelen.com\/#organization\"},\"potentialAction\":[{\"@type\":\"SearchAction\",\"target\":{\"@type\":\"EntryPoint\",\"urlTemplate\":\"https:\/\/corralonsanchezbelen.com\/?s={search_term_string}\"},\"query-input\":{\"@type\":\"PropertyValueSpecification\",\"valueRequired\":true,\"valueName\":\"search_term_string\"}}],\"inLanguage\":\"es\"},{\"@type\":\"Organization\",\"@id\":\"https:\/\/corralonsanchezbelen.com\/#organization\",\"name\":\"Corralon Sanchez\",\"url\":\"https:\/\/corralonsanchezbelen.com\/\",\"logo\":{\"@type\":\"ImageObject\",\"inLanguage\":\"es\",\"@id\":\"https:\/\/corralonsanchezbelen.com\/#\/schema\/logo\/image\/\",\"url\":\"https:\/\/corralonsanchezbelen.com\/wp-content\/uploads\/2024\/06\/Diseno-sin-tituloq.png\",\"contentUrl\":\"https:\/\/corralonsanchezbelen.com\/wp-content\/uploads\/2024\/06\/Diseno-sin-tituloq.png\",\"width\":1080,\"height\":1080,\"caption\":\"Corralon Sanchez\"},\"image\":{\"@id\":\"https:\/\/corralonsanchezbelen.com\/#\/schema\/logo\/image\/\"},\"sameAs\":[\"https:\/\/www.facebook.com\/corralon.sanchez.belen\",\"https:\/\/www.instagram.com\/corralon.sanchez\/\"]}]}<\/script>\n<!-- \/ Yoast SEO plugin. -->","yoast_head_json":{"title":"Cucharas de Alba\u00f1il Forjadas Bremen - Corralon Sanchez","description":"Fabricadas \u00edntegramente en acero forjado, proceso que otorga una mayor dureza superficial y mejora sustancialmente la resistencia al desgaste. Son m\u00e1s livianas, por lo que demandan un menor esfuerzo durante el uso, disminuyendo el riesgo de sufrir lesiones. Cuentan con empu\u00f1adura en \u00e1ngulo de 25\u00b0 respecto de la hoja, lo que permite trabajar de forma ergon\u00f3mica, con una mejor postura de la mu\u00f1eca. Mayor flexibilidad de las hojas debido a la disminuci\u00f3n gradual de su espesor, para lograr mejores terminaciones. Virolas fabricadas en acero cincado.","robots":{"index":"index","follow":"follow","max-snippet":"max-snippet:-1","max-image-preview":"max-image-preview:large","max-video-preview":"max-video-preview:-1"},"canonical":"https:\/\/corralonsanchezbelen.com\/index.php\/producto\/cucharas-de-albanil-forjadas-bremen\/","og_locale":"es_ES","og_type":"article","og_title":"Cucharas de Alba\u00f1il Forjadas Bremen - Corralon Sanchez","og_description":"Fabricadas \u00edntegramente en acero forjado, proceso que otorga una mayor dureza superficial y mejora sustancialmente la resistencia al desgaste. Son m\u00e1s livianas, por lo que demandan un menor esfuerzo durante el uso, disminuyendo el riesgo de sufrir lesiones. Cuentan con empu\u00f1adura en \u00e1ngulo de 25\u00b0 respecto de la hoja, lo que permite trabajar de forma ergon\u00f3mica, con una mejor postura de la mu\u00f1eca. Mayor flexibilidad de las hojas debido a la disminuci\u00f3n gradual de su espesor, para lograr mejores terminaciones. Virolas fabricadas en acero cincado.","og_url":"https:\/\/corralonsanchezbelen.com\/index.php\/producto\/cucharas-de-albanil-forjadas-bremen\/","og_site_name":"Corralon Sanchez","article_publisher":"https:\/\/www.facebook.com\/corralon.sanchez.belen","article_modified_time":"2024-07-11T22:13:58+00:00","og_image":[{"width":540,"height":632,"url":"https:\/\/corralonsanchezbelen.com\/wp-content\/uploads\/2024\/07\/157622-800-auto.webp","type":"image\/webp"}],"twitter_card":"summary_large_image","twitter_misc":{"Tiempo de lectura":"1 minuto"},"schema":{"@context":"https:\/\/schema.org","@graph":[{"@type":"WebPage","@id":"https:\/\/corralonsanchezbelen.com\/index.php\/producto\/cucharas-de-albanil-forjadas-bremen\/","url":"https:\/\/corralonsanchezbelen.com\/index.php\/producto\/cucharas-de-albanil-forjadas-bremen\/","name":"Cucharas de Alba\u00f1il Forjadas Bremen - Corralon Sanchez","isPartOf":{"@id":"https:\/\/corralonsanchezbelen.com\/#website"},"primaryImageOfPage":{"@id":"https:\/\/corralonsanchezbelen.com\/index.php\/producto\/cucharas-de-albanil-forjadas-bremen\/#primaryimage"},"image":{"@id":"https:\/\/corralonsanchezbelen.com\/index.php\/producto\/cucharas-de-albanil-forjadas-bremen\/#primaryimage"},"thumbnailUrl":"https:\/\/corralonsanchezbelen.com\/wp-content\/uploads\/2024\/07\/157622-800-auto.webp","datePublished":"2024-07-11T04:22:10+00:00","dateModified":"2024-07-11T22:13:58+00:00","description":"Fabricadas \u00edntegramente en acero forjado, proceso que otorga una mayor dureza superficial y mejora sustancialmente la resistencia al desgaste. Son m\u00e1s livianas, por lo que demandan un menor esfuerzo durante el uso, disminuyendo el riesgo de sufrir lesiones. Cuentan con empu\u00f1adura en \u00e1ngulo de 25\u00b0 respecto de la hoja, lo que permite trabajar de forma ergon\u00f3mica, con una mejor postura de la mu\u00f1eca. Mayor flexibilidad de las hojas debido a la disminuci\u00f3n gradual de su espesor, para lograr mejores terminaciones. Virolas fabricadas en acero cincado.","breadcrumb":{"@id":"https:\/\/corralonsanchezbelen.com\/index.php\/producto\/cucharas-de-albanil-forjadas-bremen\/#breadcrumb"},"inLanguage":"es","potentialAction":[{"@type":"ReadAction","target":["https:\/\/corralonsanchezbelen.com\/index.php\/producto\/cucharas-de-albanil-forjadas-bremen\/"]}]},{"@type":"ImageObject","inLanguage":"es","@id":"https:\/\/corralonsanchezbelen.com\/index.php\/producto\/cucharas-de-albanil-forjadas-bremen\/#primaryimage","url":"https:\/\/corralonsanchezbelen.com\/wp-content\/uploads\/2024\/07\/157622-800-auto.webp","contentUrl":"https:\/\/corralonsanchezbelen.com\/wp-content\/uploads\/2024\/07\/157622-800-auto.webp","width":540,"height":632},{"@type":"BreadcrumbList","@id":"https:\/\/corralonsanchezbelen.com\/index.php\/producto\/cucharas-de-albanil-forjadas-bremen\/#breadcrumb","itemListElement":[{"@type":"ListItem","position":1,"name":"Portada","item":"https:\/\/corralonsanchezbelen.com\/"},{"@type":"ListItem","position":2,"name":"Tienda","item":"https:\/\/corralonsanchezbelen.com\/index.php\/tienda-2\/"},{"@type":"ListItem","position":3,"name":"Cucharas de Alba\u00f1il Forjadas Bremen"}]},{"@type":"WebSite","@id":"https:\/\/corralonsanchezbelen.com\/#website","url":"https:\/\/corralonsanchezbelen.com\/","name":"Corralon Sanchez","description":"El maestro de la construcci\u00f3n.","publisher":{"@id":"https:\/\/corralonsanchezbelen.com\/#organization"},"potentialAction":[{"@type":"SearchAction","target":{"@type":"EntryPoint","urlTemplate":"https:\/\/corralonsanchezbelen.com\/?s={search_term_string}"},"query-input":{"@type":"PropertyValueSpecification","valueRequired":true,"valueName":"search_term_string"}}],"inLanguage":"es"},{"@type":"Organization","@id":"https:\/\/corralonsanchezbelen.com\/#organization","name":"Corralon Sanchez","url":"https:\/\/corralonsanchezbelen.com\/","logo":{"@type":"ImageObject","inLanguage":"es","@id":"https:\/\/corralonsanchezbelen.com\/#\/schema\/logo\/image\/","url":"https:\/\/corralonsanchezbelen.com\/wp-content\/uploads\/2024\/06\/Diseno-sin-tituloq.png","contentUrl":"https:\/\/corralonsanchezbelen.com\/wp-content\/uploads\/2024\/06\/Diseno-sin-tituloq.png","width":1080,"height":1080,"caption":"Corralon Sanchez"},"image":{"@id":"https:\/\/corralonsanchezbelen.com\/#\/schema\/logo\/image\/"},"sameAs":["https:\/\/www.facebook.com\/corralon.sanchez.belen","https:\/\/www.instagram.com\/corralon.sanchez\/"]}]}},"_links":{"self":[{"href":"https:\/\/corralonsanchezbelen.com\/index.php\/wp-json\/wp\/v2\/product\/2238","targetHints":{"allow":["GET"]}}],"collection":[{"href":"https:\/\/corralonsanchezbelen.com\/index.php\/wp-json\/wp\/v2\/product"}],"about":[{"href":"https:\/\/corralonsanchezbelen.com\/index.php\/wp-json\/wp\/v2\/types\/product"}],"replies":[{"embeddable":true,"href":"https:\/\/corralonsanchezbelen.com\/index.php\/wp-json\/wp\/v2\/comments?post=2238"}],"wp:featuredmedia":[{"embeddable":true,"href":"https:\/\/corralonsanchezbelen.com\/index.php\/wp-json\/wp\/v2\/media\/2239"}],"wp:attachment":[{"href":"https:\/\/corralonsanchezbelen.com\/index.php\/wp-json\/wp\/v2\/media?parent=2238"}],"wp:term":[{"taxonomy":"product_brand","embeddable":true,"href":"https:\/\/corralonsanchezbelen.com\/index.php\/wp-json\/wp\/v2\/product_brand?post=2238"},{"taxonomy":"product_cat","embeddable":true,"href":"https:\/\/corralonsanchezbelen.com\/index.php\/wp-json\/wp\/v2\/product_cat?post=2238"},{"taxonomy":"product_tag","embeddable":true,"href":"https:\/\/corralonsanchezbelen.com\/index.php\/wp-json\/wp\/v2\/product_tag?post=2238"}],"curies":[{"name":"wp","href":"https:\/\/api.w.org\/{rel}","templated":true}]}}