{"id":2206,"date":"2024-07-11T00:56:08","date_gmt":"2024-07-11T03:56:08","guid":{"rendered":"https:\/\/corralonsanchezbelen.com\/?post_type=product&#038;p=2206"},"modified":"2024-07-11T19:18:45","modified_gmt":"2024-07-11T22:18:45","slug":"juego-de-insertos-para-rosca-131-pzs-bremen","status":"publish","type":"product","link":"https:\/\/corralonsanchezbelen.com\/index.php\/producto\/juego-de-insertos-para-rosca-131-pzs-bremen\/","title":{"rendered":"Juego de Insertos para Rosca (131 Pzs) Bremen"},"content":{"rendered":"<p>Ideal para restaurar roscas da\u00f1adas en acero, fundici\u00f3n, hierro y aluminio (block de motores, tapas de cilindro, block de motos).<br \/>\nUsos: 1- Perforaci\u00f3n &#8211; limpiar las roscas da\u00f1adas con un taladro est\u00e1ndar. (Para reparar una rosca de la buj\u00eda sin perforaci\u00f3n previa es necesaria si se utiliza la llave de buj\u00edas especiales), por favor, preste atenci\u00f3n a que para flauta menos grifos se requieren agujeros m\u00e1s grandes.<br \/>\n2- Comprobar que el hilo y el tono de la llave y el partido perno<br \/>\n3- Tapping &#8211; utilizar los grifos especiales para cortar el hilo de sujeci\u00f3n en el agujero despejado (recomendado utilizar un aceite de corte adecuado)<br \/>\n4- Instale el inserto &#8211; lugar de inserci\u00f3n en la herramienta de instalaci\u00f3n y coloque el anillo ajustable de modo que el inserto tang se centra en la ranura de la espiga. Enrolle el inserto con una ligera presi\u00f3n hacia abajo hasta que una media vuelta por debajo de la superficie. No trabajar en contra de la direcci\u00f3n del hilo como la espiga podr\u00eda romper<br \/>\n5- Eliminaci\u00f3n Tang &#8211; Despu\u00e9s de terminar levante la herramienta de instalaci\u00f3n y el uso de la herramienta de rup<\/p>\n","protected":false},"excerpt":{"rendered":"<p>Contenido: 5 Brocas helicoidales<br \/>\n5 Machos<br \/>\n5 Herramientas de Instalaci\u00f3n<br \/>\n1 Llave hexagonal<br \/>\n5 Taps<br \/>\n110 Insertos: &#8211; M 5 x 0,80 x 6,7mm (25 Insertos) &#8211; M 6 x 1,00 x 8,0mm (25 Insertos) &#8211; M 8 x 1,25 x 10,8mm (25 Insertos) &#8211; M10 x 1,50 x 13,5mm (25 Insertos) &#8211; M12 x 1,75 x 16,3mm (10 Insertos).<\/p>\n","protected":false},"featured_media":2207,"comment_status":"open","ping_status":"closed","template":"","meta":[],"product_brand":[],"product_cat":[61,75],"product_tag":[60],"class_list":{"0":"post-2206","1":"product","2":"type-product","3":"status-publish","4":"has-post-thumbnail","6":"product_cat-accesorios-bremen","7":"product_cat-automotor","8":"product_tag-bremen","10":"first","11":"instock","12":"taxable","13":"shipping-taxable","14":"product-type-simple"},"yoast_head":"<!-- This site is optimized with the Yoast SEO plugin v24.7 - https:\/\/yoast.com\/wordpress\/plugins\/seo\/ -->\n<title>Juego de Insertos para Rosca (131 Pzs) Bremen - Corralon Sanchez<\/title>\n<meta name=\"description\" content=\"Contenido: 5 Brocas helicoidales 5 Machos 5 Herramientas de Instalaci\u00f3n 1 Llave hexagonal 5 Taps 110 Insertos: - M 5 x 0,80 x 6,7mm (25 Insertos) - M 6 x 1,00 x 8,0mm (25 Insertos) - M 8 x 1,25 x 10,8mm (25 Insertos) - M10 x 1,50 x 13,5mm (25 Insertos) - M12 x 1,75 x 16,3mm (10 Insertos).\" \/>\n<meta name=\"robots\" content=\"index, follow, max-snippet:-1, max-image-preview:large, max-video-preview:-1\" \/>\n<link rel=\"canonical\" href=\"https:\/\/corralonsanchezbelen.com\/index.php\/producto\/juego-de-insertos-para-rosca-131-pzs-bremen\/\" \/>\n<meta property=\"og:locale\" content=\"es_ES\" \/>\n<meta property=\"og:type\" content=\"article\" \/>\n<meta property=\"og:title\" content=\"Juego de Insertos para Rosca (131 Pzs) Bremen - Corralon Sanchez\" \/>\n<meta property=\"og:description\" content=\"Contenido: 5 Brocas helicoidales 5 Machos 5 Herramientas de Instalaci\u00f3n 1 Llave hexagonal 5 Taps 110 Insertos: - M 5 x 0,80 x 6,7mm (25 Insertos) - M 6 x 1,00 x 8,0mm (25 Insertos) - M 8 x 1,25 x 10,8mm (25 Insertos) - M10 x 1,50 x 13,5mm (25 Insertos) - M12 x 1,75 x 16,3mm (10 Insertos).\" \/>\n<meta property=\"og:url\" content=\"https:\/\/corralonsanchezbelen.com\/index.php\/producto\/juego-de-insertos-para-rosca-131-pzs-bremen\/\" \/>\n<meta property=\"og:site_name\" content=\"Corralon Sanchez\" \/>\n<meta property=\"article:publisher\" content=\"https:\/\/www.facebook.com\/corralon.sanchez.belen\" \/>\n<meta property=\"article:modified_time\" content=\"2024-07-11T22:18:45+00:00\" \/>\n<meta property=\"og:image\" content=\"https:\/\/corralonsanchezbelen.com\/wp-content\/uploads\/2024\/07\/160010-800-auto.webp\" \/>\n\t<meta property=\"og:image:width\" content=\"800\" \/>\n\t<meta property=\"og:image:height\" content=\"938\" \/>\n\t<meta property=\"og:image:type\" content=\"image\/webp\" \/>\n<meta name=\"twitter:card\" content=\"summary_large_image\" \/>\n<meta name=\"twitter:label1\" content=\"Tiempo de lectura\" \/>\n\t<meta name=\"twitter:data1\" content=\"2 minutos\" \/>\n<script type=\"application\/ld+json\" class=\"yoast-schema-graph\">{\"@context\":\"https:\/\/schema.org\",\"@graph\":[{\"@type\":\"WebPage\",\"@id\":\"https:\/\/corralonsanchezbelen.com\/index.php\/producto\/juego-de-insertos-para-rosca-131-pzs-bremen\/\",\"url\":\"https:\/\/corralonsanchezbelen.com\/index.php\/producto\/juego-de-insertos-para-rosca-131-pzs-bremen\/\",\"name\":\"Juego de Insertos para Rosca (131 Pzs) Bremen - Corralon Sanchez\",\"isPartOf\":{\"@id\":\"https:\/\/corralonsanchezbelen.com\/#website\"},\"primaryImageOfPage\":{\"@id\":\"https:\/\/corralonsanchezbelen.com\/index.php\/producto\/juego-de-insertos-para-rosca-131-pzs-bremen\/#primaryimage\"},\"image\":{\"@id\":\"https:\/\/corralonsanchezbelen.com\/index.php\/producto\/juego-de-insertos-para-rosca-131-pzs-bremen\/#primaryimage\"},\"thumbnailUrl\":\"https:\/\/corralonsanchezbelen.com\/wp-content\/uploads\/2024\/07\/160010-800-auto.webp\",\"datePublished\":\"2024-07-11T03:56:08+00:00\",\"dateModified\":\"2024-07-11T22:18:45+00:00\",\"description\":\"Contenido: 5 Brocas helicoidales 5 Machos 5 Herramientas de Instalaci\u00f3n 1 Llave hexagonal 5 Taps 110 Insertos: - M 5 x 0,80 x 6,7mm (25 Insertos) - M 6 x 1,00 x 8,0mm (25 Insertos) - M 8 x 1,25 x 10,8mm (25 Insertos) - M10 x 1,50 x 13,5mm (25 Insertos) - M12 x 1,75 x 16,3mm (10 Insertos).\",\"breadcrumb\":{\"@id\":\"https:\/\/corralonsanchezbelen.com\/index.php\/producto\/juego-de-insertos-para-rosca-131-pzs-bremen\/#breadcrumb\"},\"inLanguage\":\"es\",\"potentialAction\":[{\"@type\":\"ReadAction\",\"target\":[\"https:\/\/corralonsanchezbelen.com\/index.php\/producto\/juego-de-insertos-para-rosca-131-pzs-bremen\/\"]}]},{\"@type\":\"ImageObject\",\"inLanguage\":\"es\",\"@id\":\"https:\/\/corralonsanchezbelen.com\/index.php\/producto\/juego-de-insertos-para-rosca-131-pzs-bremen\/#primaryimage\",\"url\":\"https:\/\/corralonsanchezbelen.com\/wp-content\/uploads\/2024\/07\/160010-800-auto.webp\",\"contentUrl\":\"https:\/\/corralonsanchezbelen.com\/wp-content\/uploads\/2024\/07\/160010-800-auto.webp\",\"width\":800,\"height\":938},{\"@type\":\"BreadcrumbList\",\"@id\":\"https:\/\/corralonsanchezbelen.com\/index.php\/producto\/juego-de-insertos-para-rosca-131-pzs-bremen\/#breadcrumb\",\"itemListElement\":[{\"@type\":\"ListItem\",\"position\":1,\"name\":\"Portada\",\"item\":\"https:\/\/corralonsanchezbelen.com\/\"},{\"@type\":\"ListItem\",\"position\":2,\"name\":\"Tienda\",\"item\":\"https:\/\/corralonsanchezbelen.com\/index.php\/tienda-2\/\"},{\"@type\":\"ListItem\",\"position\":3,\"name\":\"Juego de Insertos para Rosca (131 Pzs) Bremen\"}]},{\"@type\":\"WebSite\",\"@id\":\"https:\/\/corralonsanchezbelen.com\/#website\",\"url\":\"https:\/\/corralonsanchezbelen.com\/\",\"name\":\"Corralon Sanchez\",\"description\":\"El maestro de la construcci\u00f3n.\",\"publisher\":{\"@id\":\"https:\/\/corralonsanchezbelen.com\/#organization\"},\"potentialAction\":[{\"@type\":\"SearchAction\",\"target\":{\"@type\":\"EntryPoint\",\"urlTemplate\":\"https:\/\/corralonsanchezbelen.com\/?s={search_term_string}\"},\"query-input\":{\"@type\":\"PropertyValueSpecification\",\"valueRequired\":true,\"valueName\":\"search_term_string\"}}],\"inLanguage\":\"es\"},{\"@type\":\"Organization\",\"@id\":\"https:\/\/corralonsanchezbelen.com\/#organization\",\"name\":\"Corralon Sanchez\",\"url\":\"https:\/\/corralonsanchezbelen.com\/\",\"logo\":{\"@type\":\"ImageObject\",\"inLanguage\":\"es\",\"@id\":\"https:\/\/corralonsanchezbelen.com\/#\/schema\/logo\/image\/\",\"url\":\"https:\/\/corralonsanchezbelen.com\/wp-content\/uploads\/2024\/06\/Diseno-sin-tituloq.png\",\"contentUrl\":\"https:\/\/corralonsanchezbelen.com\/wp-content\/uploads\/2024\/06\/Diseno-sin-tituloq.png\",\"width\":1080,\"height\":1080,\"caption\":\"Corralon Sanchez\"},\"image\":{\"@id\":\"https:\/\/corralonsanchezbelen.com\/#\/schema\/logo\/image\/\"},\"sameAs\":[\"https:\/\/www.facebook.com\/corralon.sanchez.belen\",\"https:\/\/www.instagram.com\/corralon.sanchez\/\"]}]}<\/script>\n<!-- \/ Yoast SEO plugin. -->","yoast_head_json":{"title":"Juego de Insertos para Rosca (131 Pzs) Bremen - Corralon Sanchez","description":"Contenido: 5 Brocas helicoidales 5 Machos 5 Herramientas de Instalaci\u00f3n 1 Llave hexagonal 5 Taps 110 Insertos: - M 5 x 0,80 x 6,7mm (25 Insertos) - M 6 x 1,00 x 8,0mm (25 Insertos) - M 8 x 1,25 x 10,8mm (25 Insertos) - M10 x 1,50 x 13,5mm (25 Insertos) - M12 x 1,75 x 16,3mm (10 Insertos).","robots":{"index":"index","follow":"follow","max-snippet":"max-snippet:-1","max-image-preview":"max-image-preview:large","max-video-preview":"max-video-preview:-1"},"canonical":"https:\/\/corralonsanchezbelen.com\/index.php\/producto\/juego-de-insertos-para-rosca-131-pzs-bremen\/","og_locale":"es_ES","og_type":"article","og_title":"Juego de Insertos para Rosca (131 Pzs) Bremen - Corralon Sanchez","og_description":"Contenido: 5 Brocas helicoidales 5 Machos 5 Herramientas de Instalaci\u00f3n 1 Llave hexagonal 5 Taps 110 Insertos: - M 5 x 0,80 x 6,7mm (25 Insertos) - M 6 x 1,00 x 8,0mm (25 Insertos) - M 8 x 1,25 x 10,8mm (25 Insertos) - M10 x 1,50 x 13,5mm (25 Insertos) - M12 x 1,75 x 16,3mm (10 Insertos).","og_url":"https:\/\/corralonsanchezbelen.com\/index.php\/producto\/juego-de-insertos-para-rosca-131-pzs-bremen\/","og_site_name":"Corralon Sanchez","article_publisher":"https:\/\/www.facebook.com\/corralon.sanchez.belen","article_modified_time":"2024-07-11T22:18:45+00:00","og_image":[{"width":800,"height":938,"url":"https:\/\/corralonsanchezbelen.com\/wp-content\/uploads\/2024\/07\/160010-800-auto.webp","type":"image\/webp"}],"twitter_card":"summary_large_image","twitter_misc":{"Tiempo de lectura":"2 minutos"},"schema":{"@context":"https:\/\/schema.org","@graph":[{"@type":"WebPage","@id":"https:\/\/corralonsanchezbelen.com\/index.php\/producto\/juego-de-insertos-para-rosca-131-pzs-bremen\/","url":"https:\/\/corralonsanchezbelen.com\/index.php\/producto\/juego-de-insertos-para-rosca-131-pzs-bremen\/","name":"Juego de Insertos para Rosca (131 Pzs) Bremen - Corralon Sanchez","isPartOf":{"@id":"https:\/\/corralonsanchezbelen.com\/#website"},"primaryImageOfPage":{"@id":"https:\/\/corralonsanchezbelen.com\/index.php\/producto\/juego-de-insertos-para-rosca-131-pzs-bremen\/#primaryimage"},"image":{"@id":"https:\/\/corralonsanchezbelen.com\/index.php\/producto\/juego-de-insertos-para-rosca-131-pzs-bremen\/#primaryimage"},"thumbnailUrl":"https:\/\/corralonsanchezbelen.com\/wp-content\/uploads\/2024\/07\/160010-800-auto.webp","datePublished":"2024-07-11T03:56:08+00:00","dateModified":"2024-07-11T22:18:45+00:00","description":"Contenido: 5 Brocas helicoidales 5 Machos 5 Herramientas de Instalaci\u00f3n 1 Llave hexagonal 5 Taps 110 Insertos: - M 5 x 0,80 x 6,7mm (25 Insertos) - M 6 x 1,00 x 8,0mm (25 Insertos) - M 8 x 1,25 x 10,8mm (25 Insertos) - M10 x 1,50 x 13,5mm (25 Insertos) - M12 x 1,75 x 16,3mm (10 Insertos).","breadcrumb":{"@id":"https:\/\/corralonsanchezbelen.com\/index.php\/producto\/juego-de-insertos-para-rosca-131-pzs-bremen\/#breadcrumb"},"inLanguage":"es","potentialAction":[{"@type":"ReadAction","target":["https:\/\/corralonsanchezbelen.com\/index.php\/producto\/juego-de-insertos-para-rosca-131-pzs-bremen\/"]}]},{"@type":"ImageObject","inLanguage":"es","@id":"https:\/\/corralonsanchezbelen.com\/index.php\/producto\/juego-de-insertos-para-rosca-131-pzs-bremen\/#primaryimage","url":"https:\/\/corralonsanchezbelen.com\/wp-content\/uploads\/2024\/07\/160010-800-auto.webp","contentUrl":"https:\/\/corralonsanchezbelen.com\/wp-content\/uploads\/2024\/07\/160010-800-auto.webp","width":800,"height":938},{"@type":"BreadcrumbList","@id":"https:\/\/corralonsanchezbelen.com\/index.php\/producto\/juego-de-insertos-para-rosca-131-pzs-bremen\/#breadcrumb","itemListElement":[{"@type":"ListItem","position":1,"name":"Portada","item":"https:\/\/corralonsanchezbelen.com\/"},{"@type":"ListItem","position":2,"name":"Tienda","item":"https:\/\/corralonsanchezbelen.com\/index.php\/tienda-2\/"},{"@type":"ListItem","position":3,"name":"Juego de Insertos para Rosca (131 Pzs) Bremen"}]},{"@type":"WebSite","@id":"https:\/\/corralonsanchezbelen.com\/#website","url":"https:\/\/corralonsanchezbelen.com\/","name":"Corralon Sanchez","description":"El maestro de la construcci\u00f3n.","publisher":{"@id":"https:\/\/corralonsanchezbelen.com\/#organization"},"potentialAction":[{"@type":"SearchAction","target":{"@type":"EntryPoint","urlTemplate":"https:\/\/corralonsanchezbelen.com\/?s={search_term_string}"},"query-input":{"@type":"PropertyValueSpecification","valueRequired":true,"valueName":"search_term_string"}}],"inLanguage":"es"},{"@type":"Organization","@id":"https:\/\/corralonsanchezbelen.com\/#organization","name":"Corralon Sanchez","url":"https:\/\/corralonsanchezbelen.com\/","logo":{"@type":"ImageObject","inLanguage":"es","@id":"https:\/\/corralonsanchezbelen.com\/#\/schema\/logo\/image\/","url":"https:\/\/corralonsanchezbelen.com\/wp-content\/uploads\/2024\/06\/Diseno-sin-tituloq.png","contentUrl":"https:\/\/corralonsanchezbelen.com\/wp-content\/uploads\/2024\/06\/Diseno-sin-tituloq.png","width":1080,"height":1080,"caption":"Corralon Sanchez"},"image":{"@id":"https:\/\/corralonsanchezbelen.com\/#\/schema\/logo\/image\/"},"sameAs":["https:\/\/www.facebook.com\/corralon.sanchez.belen","https:\/\/www.instagram.com\/corralon.sanchez\/"]}]}},"_links":{"self":[{"href":"https:\/\/corralonsanchezbelen.com\/index.php\/wp-json\/wp\/v2\/product\/2206","targetHints":{"allow":["GET"]}}],"collection":[{"href":"https:\/\/corralonsanchezbelen.com\/index.php\/wp-json\/wp\/v2\/product"}],"about":[{"href":"https:\/\/corralonsanchezbelen.com\/index.php\/wp-json\/wp\/v2\/types\/product"}],"replies":[{"embeddable":true,"href":"https:\/\/corralonsanchezbelen.com\/index.php\/wp-json\/wp\/v2\/comments?post=2206"}],"wp:featuredmedia":[{"embeddable":true,"href":"https:\/\/corralonsanchezbelen.com\/index.php\/wp-json\/wp\/v2\/media\/2207"}],"wp:attachment":[{"href":"https:\/\/corralonsanchezbelen.com\/index.php\/wp-json\/wp\/v2\/media?parent=2206"}],"wp:term":[{"taxonomy":"product_brand","embeddable":true,"href":"https:\/\/corralonsanchezbelen.com\/index.php\/wp-json\/wp\/v2\/product_brand?post=2206"},{"taxonomy":"product_cat","embeddable":true,"href":"https:\/\/corralonsanchezbelen.com\/index.php\/wp-json\/wp\/v2\/product_cat?post=2206"},{"taxonomy":"product_tag","embeddable":true,"href":"https:\/\/corralonsanchezbelen.com\/index.php\/wp-json\/wp\/v2\/product_tag?post=2206"}],"curies":[{"name":"wp","href":"https:\/\/api.w.org\/{rel}","templated":true}]}}