{"id":2193,"date":"2024-07-11T00:38:53","date_gmt":"2024-07-11T03:38:53","guid":{"rendered":"https:\/\/corralonsanchezbelen.com\/?post_type=product&#038;p=2193"},"modified":"2024-07-11T00:38:54","modified_gmt":"2024-07-11T03:38:54","slug":"pinza-pico-de-loro-con-ajuste-rapido-bremen","status":"publish","type":"product","link":"https:\/\/corralonsanchezbelen.com\/index.php\/producto\/pinza-pico-de-loro-con-ajuste-rapido-bremen\/","title":{"rendered":"Pinza Pico de Loro con Ajuste R\u00e1pido Bremen"},"content":{"rendered":"","protected":false},"excerpt":{"rendered":"<p>La pinza pico loro con ajuste r\u00e1pido de BREMEN, est\u00e1 fabricada en cromo vanadio, un material que ofrece resistencia para realizar \u00f3ptimos trabajos de fuerza.<br \/>\nTiene sistema de ajuste r\u00e1pido, que facilita el cambio de posici\u00f3n con s\u00f3lo presionar un bot\u00f3n.<br \/>\nPosee 16 posiciones de ajuste.<br \/>\nLa mordaza es de Cromo Vanadio y su cuerpo est\u00e1 realizado con material templado, para mayor durabilidad y resistencia.<br \/>\nCuenta con mango antideslizante, para mayor confort durante el uso.<\/p>\n","protected":false},"featured_media":2196,"comment_status":"open","ping_status":"closed","template":"","meta":[],"product_brand":[],"product_cat":[53,55],"product_tag":[60],"class_list":{"0":"post-2193","1":"product","2":"type-product","3":"status-publish","4":"has-post-thumbnail","6":"product_cat-herramientas-ajustables","7":"product_cat-herramientas-tijeras","8":"product_tag-bremen","10":"first","11":"instock","12":"taxable","13":"shipping-taxable","14":"product-type-simple"},"yoast_head":"<!-- This site is optimized with the Yoast SEO plugin v24.7 - https:\/\/yoast.com\/wordpress\/plugins\/seo\/ -->\n<title>Pinza Pico de Loro con Ajuste R\u00e1pido Bremen - Corralon Sanchez<\/title>\n<meta name=\"description\" content=\"La pinza pico loro con ajuste r\u00e1pido de BREMEN, est\u00e1 fabricada en cromo vanadio, un material que ofrece resistencia para realizar \u00f3ptimos trabajos de fuerza. Tiene sistema de ajuste r\u00e1pido, que facilita el cambio de posici\u00f3n con s\u00f3lo presionar un bot\u00f3n. Posee 16 posiciones de ajuste. La mordaza es de Cromo Vanadio y su cuerpo est\u00e1 realizado con material templado, para mayor durabilidad y resistencia. Cuenta con mango antideslizante, para mayor confort durante el uso.\" \/>\n<meta name=\"robots\" content=\"index, follow, max-snippet:-1, max-image-preview:large, max-video-preview:-1\" \/>\n<link rel=\"canonical\" href=\"https:\/\/corralonsanchezbelen.com\/index.php\/producto\/pinza-pico-de-loro-con-ajuste-rapido-bremen\/\" \/>\n<meta property=\"og:locale\" content=\"es_ES\" \/>\n<meta property=\"og:type\" content=\"article\" \/>\n<meta property=\"og:title\" content=\"Pinza Pico de Loro con Ajuste R\u00e1pido Bremen - Corralon Sanchez\" \/>\n<meta property=\"og:description\" content=\"La pinza pico loro con ajuste r\u00e1pido de BREMEN, est\u00e1 fabricada en cromo vanadio, un material que ofrece resistencia para realizar \u00f3ptimos trabajos de fuerza. Tiene sistema de ajuste r\u00e1pido, que facilita el cambio de posici\u00f3n con s\u00f3lo presionar un bot\u00f3n. Posee 16 posiciones de ajuste. La mordaza es de Cromo Vanadio y su cuerpo est\u00e1 realizado con material templado, para mayor durabilidad y resistencia. Cuenta con mango antideslizante, para mayor confort durante el uso.\" \/>\n<meta property=\"og:url\" content=\"https:\/\/corralonsanchezbelen.com\/index.php\/producto\/pinza-pico-de-loro-con-ajuste-rapido-bremen\/\" \/>\n<meta property=\"og:site_name\" content=\"Corralon Sanchez\" \/>\n<meta property=\"article:publisher\" content=\"https:\/\/www.facebook.com\/corralon.sanchez.belen\" \/>\n<meta property=\"article:modified_time\" content=\"2024-07-11T03:38:54+00:00\" \/>\n<meta property=\"og:image\" content=\"https:\/\/corralonsanchezbelen.com\/wp-content\/uploads\/2024\/07\/159967-800-auto.webp\" \/>\n\t<meta property=\"og:image:width\" content=\"800\" \/>\n\t<meta property=\"og:image:height\" content=\"938\" \/>\n\t<meta property=\"og:image:type\" content=\"image\/webp\" \/>\n<meta name=\"twitter:card\" content=\"summary_large_image\" \/>\n<meta name=\"twitter:label1\" content=\"Tiempo de lectura\" \/>\n\t<meta name=\"twitter:data1\" content=\"1 minuto\" \/>\n<script type=\"application\/ld+json\" class=\"yoast-schema-graph\">{\"@context\":\"https:\/\/schema.org\",\"@graph\":[{\"@type\":\"WebPage\",\"@id\":\"https:\/\/corralonsanchezbelen.com\/index.php\/producto\/pinza-pico-de-loro-con-ajuste-rapido-bremen\/\",\"url\":\"https:\/\/corralonsanchezbelen.com\/index.php\/producto\/pinza-pico-de-loro-con-ajuste-rapido-bremen\/\",\"name\":\"Pinza Pico de Loro con Ajuste R\u00e1pido Bremen - Corralon Sanchez\",\"isPartOf\":{\"@id\":\"https:\/\/corralonsanchezbelen.com\/#website\"},\"primaryImageOfPage\":{\"@id\":\"https:\/\/corralonsanchezbelen.com\/index.php\/producto\/pinza-pico-de-loro-con-ajuste-rapido-bremen\/#primaryimage\"},\"image\":{\"@id\":\"https:\/\/corralonsanchezbelen.com\/index.php\/producto\/pinza-pico-de-loro-con-ajuste-rapido-bremen\/#primaryimage\"},\"thumbnailUrl\":\"https:\/\/corralonsanchezbelen.com\/wp-content\/uploads\/2024\/07\/159967-800-auto.webp\",\"datePublished\":\"2024-07-11T03:38:53+00:00\",\"dateModified\":\"2024-07-11T03:38:54+00:00\",\"description\":\"La pinza pico loro con ajuste r\u00e1pido de BREMEN, est\u00e1 fabricada en cromo vanadio, un material que ofrece resistencia para realizar \u00f3ptimos trabajos de fuerza. Tiene sistema de ajuste r\u00e1pido, que facilita el cambio de posici\u00f3n con s\u00f3lo presionar un bot\u00f3n. Posee 16 posiciones de ajuste. La mordaza es de Cromo Vanadio y su cuerpo est\u00e1 realizado con material templado, para mayor durabilidad y resistencia. Cuenta con mango antideslizante, para mayor confort durante el uso.\",\"breadcrumb\":{\"@id\":\"https:\/\/corralonsanchezbelen.com\/index.php\/producto\/pinza-pico-de-loro-con-ajuste-rapido-bremen\/#breadcrumb\"},\"inLanguage\":\"es\",\"potentialAction\":[{\"@type\":\"ReadAction\",\"target\":[\"https:\/\/corralonsanchezbelen.com\/index.php\/producto\/pinza-pico-de-loro-con-ajuste-rapido-bremen\/\"]}]},{\"@type\":\"ImageObject\",\"inLanguage\":\"es\",\"@id\":\"https:\/\/corralonsanchezbelen.com\/index.php\/producto\/pinza-pico-de-loro-con-ajuste-rapido-bremen\/#primaryimage\",\"url\":\"https:\/\/corralonsanchezbelen.com\/wp-content\/uploads\/2024\/07\/159967-800-auto.webp\",\"contentUrl\":\"https:\/\/corralonsanchezbelen.com\/wp-content\/uploads\/2024\/07\/159967-800-auto.webp\",\"width\":800,\"height\":938},{\"@type\":\"BreadcrumbList\",\"@id\":\"https:\/\/corralonsanchezbelen.com\/index.php\/producto\/pinza-pico-de-loro-con-ajuste-rapido-bremen\/#breadcrumb\",\"itemListElement\":[{\"@type\":\"ListItem\",\"position\":1,\"name\":\"Portada\",\"item\":\"https:\/\/corralonsanchezbelen.com\/\"},{\"@type\":\"ListItem\",\"position\":2,\"name\":\"Tienda\",\"item\":\"https:\/\/corralonsanchezbelen.com\/index.php\/tienda-2\/\"},{\"@type\":\"ListItem\",\"position\":3,\"name\":\"Pinza Pico de Loro con Ajuste R\u00e1pido Bremen\"}]},{\"@type\":\"WebSite\",\"@id\":\"https:\/\/corralonsanchezbelen.com\/#website\",\"url\":\"https:\/\/corralonsanchezbelen.com\/\",\"name\":\"Corralon Sanchez\",\"description\":\"El maestro de la construcci\u00f3n.\",\"publisher\":{\"@id\":\"https:\/\/corralonsanchezbelen.com\/#organization\"},\"potentialAction\":[{\"@type\":\"SearchAction\",\"target\":{\"@type\":\"EntryPoint\",\"urlTemplate\":\"https:\/\/corralonsanchezbelen.com\/?s={search_term_string}\"},\"query-input\":{\"@type\":\"PropertyValueSpecification\",\"valueRequired\":true,\"valueName\":\"search_term_string\"}}],\"inLanguage\":\"es\"},{\"@type\":\"Organization\",\"@id\":\"https:\/\/corralonsanchezbelen.com\/#organization\",\"name\":\"Corralon Sanchez\",\"url\":\"https:\/\/corralonsanchezbelen.com\/\",\"logo\":{\"@type\":\"ImageObject\",\"inLanguage\":\"es\",\"@id\":\"https:\/\/corralonsanchezbelen.com\/#\/schema\/logo\/image\/\",\"url\":\"https:\/\/corralonsanchezbelen.com\/wp-content\/uploads\/2024\/06\/Diseno-sin-tituloq.png\",\"contentUrl\":\"https:\/\/corralonsanchezbelen.com\/wp-content\/uploads\/2024\/06\/Diseno-sin-tituloq.png\",\"width\":1080,\"height\":1080,\"caption\":\"Corralon Sanchez\"},\"image\":{\"@id\":\"https:\/\/corralonsanchezbelen.com\/#\/schema\/logo\/image\/\"},\"sameAs\":[\"https:\/\/www.facebook.com\/corralon.sanchez.belen\",\"https:\/\/www.instagram.com\/corralon.sanchez\/\"]}]}<\/script>\n<!-- \/ Yoast SEO plugin. -->","yoast_head_json":{"title":"Pinza Pico de Loro con Ajuste R\u00e1pido Bremen - Corralon Sanchez","description":"La pinza pico loro con ajuste r\u00e1pido de BREMEN, est\u00e1 fabricada en cromo vanadio, un material que ofrece resistencia para realizar \u00f3ptimos trabajos de fuerza. Tiene sistema de ajuste r\u00e1pido, que facilita el cambio de posici\u00f3n con s\u00f3lo presionar un bot\u00f3n. Posee 16 posiciones de ajuste. La mordaza es de Cromo Vanadio y su cuerpo est\u00e1 realizado con material templado, para mayor durabilidad y resistencia. Cuenta con mango antideslizante, para mayor confort durante el uso.","robots":{"index":"index","follow":"follow","max-snippet":"max-snippet:-1","max-image-preview":"max-image-preview:large","max-video-preview":"max-video-preview:-1"},"canonical":"https:\/\/corralonsanchezbelen.com\/index.php\/producto\/pinza-pico-de-loro-con-ajuste-rapido-bremen\/","og_locale":"es_ES","og_type":"article","og_title":"Pinza Pico de Loro con Ajuste R\u00e1pido Bremen - Corralon Sanchez","og_description":"La pinza pico loro con ajuste r\u00e1pido de BREMEN, est\u00e1 fabricada en cromo vanadio, un material que ofrece resistencia para realizar \u00f3ptimos trabajos de fuerza. Tiene sistema de ajuste r\u00e1pido, que facilita el cambio de posici\u00f3n con s\u00f3lo presionar un bot\u00f3n. Posee 16 posiciones de ajuste. La mordaza es de Cromo Vanadio y su cuerpo est\u00e1 realizado con material templado, para mayor durabilidad y resistencia. Cuenta con mango antideslizante, para mayor confort durante el uso.","og_url":"https:\/\/corralonsanchezbelen.com\/index.php\/producto\/pinza-pico-de-loro-con-ajuste-rapido-bremen\/","og_site_name":"Corralon Sanchez","article_publisher":"https:\/\/www.facebook.com\/corralon.sanchez.belen","article_modified_time":"2024-07-11T03:38:54+00:00","og_image":[{"width":800,"height":938,"url":"https:\/\/corralonsanchezbelen.com\/wp-content\/uploads\/2024\/07\/159967-800-auto.webp","type":"image\/webp"}],"twitter_card":"summary_large_image","twitter_misc":{"Tiempo de lectura":"1 minuto"},"schema":{"@context":"https:\/\/schema.org","@graph":[{"@type":"WebPage","@id":"https:\/\/corralonsanchezbelen.com\/index.php\/producto\/pinza-pico-de-loro-con-ajuste-rapido-bremen\/","url":"https:\/\/corralonsanchezbelen.com\/index.php\/producto\/pinza-pico-de-loro-con-ajuste-rapido-bremen\/","name":"Pinza Pico de Loro con Ajuste R\u00e1pido Bremen - Corralon Sanchez","isPartOf":{"@id":"https:\/\/corralonsanchezbelen.com\/#website"},"primaryImageOfPage":{"@id":"https:\/\/corralonsanchezbelen.com\/index.php\/producto\/pinza-pico-de-loro-con-ajuste-rapido-bremen\/#primaryimage"},"image":{"@id":"https:\/\/corralonsanchezbelen.com\/index.php\/producto\/pinza-pico-de-loro-con-ajuste-rapido-bremen\/#primaryimage"},"thumbnailUrl":"https:\/\/corralonsanchezbelen.com\/wp-content\/uploads\/2024\/07\/159967-800-auto.webp","datePublished":"2024-07-11T03:38:53+00:00","dateModified":"2024-07-11T03:38:54+00:00","description":"La pinza pico loro con ajuste r\u00e1pido de BREMEN, est\u00e1 fabricada en cromo vanadio, un material que ofrece resistencia para realizar \u00f3ptimos trabajos de fuerza. Tiene sistema de ajuste r\u00e1pido, que facilita el cambio de posici\u00f3n con s\u00f3lo presionar un bot\u00f3n. Posee 16 posiciones de ajuste. La mordaza es de Cromo Vanadio y su cuerpo est\u00e1 realizado con material templado, para mayor durabilidad y resistencia. Cuenta con mango antideslizante, para mayor confort durante el uso.","breadcrumb":{"@id":"https:\/\/corralonsanchezbelen.com\/index.php\/producto\/pinza-pico-de-loro-con-ajuste-rapido-bremen\/#breadcrumb"},"inLanguage":"es","potentialAction":[{"@type":"ReadAction","target":["https:\/\/corralonsanchezbelen.com\/index.php\/producto\/pinza-pico-de-loro-con-ajuste-rapido-bremen\/"]}]},{"@type":"ImageObject","inLanguage":"es","@id":"https:\/\/corralonsanchezbelen.com\/index.php\/producto\/pinza-pico-de-loro-con-ajuste-rapido-bremen\/#primaryimage","url":"https:\/\/corralonsanchezbelen.com\/wp-content\/uploads\/2024\/07\/159967-800-auto.webp","contentUrl":"https:\/\/corralonsanchezbelen.com\/wp-content\/uploads\/2024\/07\/159967-800-auto.webp","width":800,"height":938},{"@type":"BreadcrumbList","@id":"https:\/\/corralonsanchezbelen.com\/index.php\/producto\/pinza-pico-de-loro-con-ajuste-rapido-bremen\/#breadcrumb","itemListElement":[{"@type":"ListItem","position":1,"name":"Portada","item":"https:\/\/corralonsanchezbelen.com\/"},{"@type":"ListItem","position":2,"name":"Tienda","item":"https:\/\/corralonsanchezbelen.com\/index.php\/tienda-2\/"},{"@type":"ListItem","position":3,"name":"Pinza Pico de Loro con Ajuste R\u00e1pido Bremen"}]},{"@type":"WebSite","@id":"https:\/\/corralonsanchezbelen.com\/#website","url":"https:\/\/corralonsanchezbelen.com\/","name":"Corralon Sanchez","description":"El maestro de la construcci\u00f3n.","publisher":{"@id":"https:\/\/corralonsanchezbelen.com\/#organization"},"potentialAction":[{"@type":"SearchAction","target":{"@type":"EntryPoint","urlTemplate":"https:\/\/corralonsanchezbelen.com\/?s={search_term_string}"},"query-input":{"@type":"PropertyValueSpecification","valueRequired":true,"valueName":"search_term_string"}}],"inLanguage":"es"},{"@type":"Organization","@id":"https:\/\/corralonsanchezbelen.com\/#organization","name":"Corralon Sanchez","url":"https:\/\/corralonsanchezbelen.com\/","logo":{"@type":"ImageObject","inLanguage":"es","@id":"https:\/\/corralonsanchezbelen.com\/#\/schema\/logo\/image\/","url":"https:\/\/corralonsanchezbelen.com\/wp-content\/uploads\/2024\/06\/Diseno-sin-tituloq.png","contentUrl":"https:\/\/corralonsanchezbelen.com\/wp-content\/uploads\/2024\/06\/Diseno-sin-tituloq.png","width":1080,"height":1080,"caption":"Corralon Sanchez"},"image":{"@id":"https:\/\/corralonsanchezbelen.com\/#\/schema\/logo\/image\/"},"sameAs":["https:\/\/www.facebook.com\/corralon.sanchez.belen","https:\/\/www.instagram.com\/corralon.sanchez\/"]}]}},"_links":{"self":[{"href":"https:\/\/corralonsanchezbelen.com\/index.php\/wp-json\/wp\/v2\/product\/2193","targetHints":{"allow":["GET"]}}],"collection":[{"href":"https:\/\/corralonsanchezbelen.com\/index.php\/wp-json\/wp\/v2\/product"}],"about":[{"href":"https:\/\/corralonsanchezbelen.com\/index.php\/wp-json\/wp\/v2\/types\/product"}],"replies":[{"embeddable":true,"href":"https:\/\/corralonsanchezbelen.com\/index.php\/wp-json\/wp\/v2\/comments?post=2193"}],"wp:featuredmedia":[{"embeddable":true,"href":"https:\/\/corralonsanchezbelen.com\/index.php\/wp-json\/wp\/v2\/media\/2196"}],"wp:attachment":[{"href":"https:\/\/corralonsanchezbelen.com\/index.php\/wp-json\/wp\/v2\/media?parent=2193"}],"wp:term":[{"taxonomy":"product_brand","embeddable":true,"href":"https:\/\/corralonsanchezbelen.com\/index.php\/wp-json\/wp\/v2\/product_brand?post=2193"},{"taxonomy":"product_cat","embeddable":true,"href":"https:\/\/corralonsanchezbelen.com\/index.php\/wp-json\/wp\/v2\/product_cat?post=2193"},{"taxonomy":"product_tag","embeddable":true,"href":"https:\/\/corralonsanchezbelen.com\/index.php\/wp-json\/wp\/v2\/product_tag?post=2193"}],"curies":[{"name":"wp","href":"https:\/\/api.w.org\/{rel}","templated":true}]}}