{"id":2139,"date":"2024-07-10T20:43:16","date_gmt":"2024-07-10T23:43:16","guid":{"rendered":"https:\/\/corralonsanchezbelen.com\/?post_type=product&#038;p=2139"},"modified":"2024-07-11T19:40:52","modified_gmt":"2024-07-11T22:40:52","slug":"alicate-c-oblicuo-de-160-mm-mota-q206","status":"publish","type":"product","link":"https:\/\/corralonsanchezbelen.com\/index.php\/producto\/alicate-c-oblicuo-de-160-mm-mota-q206\/","title":{"rendered":"Alicate C\/oblicuo De 160 Mm. Mota Q206"},"content":{"rendered":"<p>La marca Mota es reconocida por su calidad y durabilidad, asegurando que este alicate ser\u00e1 un compa\u00f1ero confiable en tus tareas. Su mordaza de 0 mm permite un agarre firme y seguro, para que puedas trabajar con confianza.<br \/>\nEl modelo Q206 combina funcionalidad y dise\u00f1o, con un acabado resistente que garantiza su durabilidad. Este alicate es una inversi\u00f3n inteligente para cualquier profesional o aficionado al bricolaje, proporcionando un rendimiento confiable y duradero.<\/p>\n","protected":false},"excerpt":{"rendered":"<p>El Alicate C\/oblicuo De 160 Mm. Mota Q206 es una herramienta esencial para cualquier caja de herramientas. Con su dise\u00f1o oblicuo, permite un corte preciso y limpio en cualquier material, facilitando tus tareas de bricolaje o profesionales. Su tama\u00f1o de 160 mm lo hace c\u00f3modo y manejable, ideal para trabajos de precisi\u00f3n.<\/p>\n","protected":false},"featured_media":2140,"comment_status":"open","ping_status":"closed","template":"","meta":[],"product_brand":[],"product_cat":[76,53,55],"product_tag":[59],"class_list":{"0":"post-2139","1":"product","2":"type-product","3":"status-publish","4":"has-post-thumbnail","6":"product_cat-accesorios-mota","7":"product_cat-herramientas-ajustables","8":"product_cat-herramientas-tijeras","9":"product_tag-mota","11":"first","12":"instock","13":"taxable","14":"shipping-taxable","15":"product-type-simple"},"yoast_head":"<!-- This site is optimized with the Yoast SEO plugin v24.7 - https:\/\/yoast.com\/wordpress\/plugins\/seo\/ -->\n<title>Alicate C\/oblicuo De 160 Mm. Mota Q206 - Corralon Sanchez<\/title>\n<meta name=\"description\" content=\"El Alicate C\/oblicuo De 160 Mm. Mota Q206 es una herramienta esencial para cualquier caja de herramientas. Con su dise\u00f1o oblicuo, permite un corte preciso y limpio en cualquier material, facilitando tus tareas de bricolaje o profesionales. Su tama\u00f1o de 160 mm lo hace c\u00f3modo y manejable, ideal para trabajos de precisi\u00f3n.\" \/>\n<meta name=\"robots\" content=\"index, follow, max-snippet:-1, max-image-preview:large, max-video-preview:-1\" \/>\n<link rel=\"canonical\" href=\"https:\/\/corralonsanchezbelen.com\/index.php\/producto\/alicate-c-oblicuo-de-160-mm-mota-q206\/\" \/>\n<meta property=\"og:locale\" content=\"es_ES\" \/>\n<meta property=\"og:type\" content=\"article\" \/>\n<meta property=\"og:title\" content=\"Alicate C\/oblicuo De 160 Mm. Mota Q206 - Corralon Sanchez\" \/>\n<meta property=\"og:description\" content=\"El Alicate C\/oblicuo De 160 Mm. Mota Q206 es una herramienta esencial para cualquier caja de herramientas. Con su dise\u00f1o oblicuo, permite un corte preciso y limpio en cualquier material, facilitando tus tareas de bricolaje o profesionales. Su tama\u00f1o de 160 mm lo hace c\u00f3modo y manejable, ideal para trabajos de precisi\u00f3n.\" \/>\n<meta property=\"og:url\" content=\"https:\/\/corralonsanchezbelen.com\/index.php\/producto\/alicate-c-oblicuo-de-160-mm-mota-q206\/\" \/>\n<meta property=\"og:site_name\" content=\"Corralon Sanchez\" \/>\n<meta property=\"article:publisher\" content=\"https:\/\/www.facebook.com\/corralon.sanchez.belen\" \/>\n<meta property=\"article:modified_time\" content=\"2024-07-11T22:40:52+00:00\" \/>\n<meta property=\"og:image\" content=\"https:\/\/corralonsanchezbelen.com\/wp-content\/uploads\/2024\/07\/11.png\" \/>\n\t<meta property=\"og:image:width\" content=\"1080\" \/>\n\t<meta property=\"og:image:height\" content=\"1080\" \/>\n\t<meta property=\"og:image:type\" content=\"image\/png\" \/>\n<meta name=\"twitter:card\" content=\"summary_large_image\" \/>\n<meta name=\"twitter:label1\" content=\"Tiempo de lectura\" \/>\n\t<meta name=\"twitter:data1\" content=\"1 minuto\" \/>\n<script type=\"application\/ld+json\" class=\"yoast-schema-graph\">{\"@context\":\"https:\/\/schema.org\",\"@graph\":[{\"@type\":\"WebPage\",\"@id\":\"https:\/\/corralonsanchezbelen.com\/index.php\/producto\/alicate-c-oblicuo-de-160-mm-mota-q206\/\",\"url\":\"https:\/\/corralonsanchezbelen.com\/index.php\/producto\/alicate-c-oblicuo-de-160-mm-mota-q206\/\",\"name\":\"Alicate C\/oblicuo De 160 Mm. Mota Q206 - Corralon Sanchez\",\"isPartOf\":{\"@id\":\"https:\/\/corralonsanchezbelen.com\/#website\"},\"primaryImageOfPage\":{\"@id\":\"https:\/\/corralonsanchezbelen.com\/index.php\/producto\/alicate-c-oblicuo-de-160-mm-mota-q206\/#primaryimage\"},\"image\":{\"@id\":\"https:\/\/corralonsanchezbelen.com\/index.php\/producto\/alicate-c-oblicuo-de-160-mm-mota-q206\/#primaryimage\"},\"thumbnailUrl\":\"https:\/\/corralonsanchezbelen.com\/wp-content\/uploads\/2024\/07\/11.png\",\"datePublished\":\"2024-07-10T23:43:16+00:00\",\"dateModified\":\"2024-07-11T22:40:52+00:00\",\"description\":\"El Alicate C\/oblicuo De 160 Mm. Mota Q206 es una herramienta esencial para cualquier caja de herramientas. Con su dise\u00f1o oblicuo, permite un corte preciso y limpio en cualquier material, facilitando tus tareas de bricolaje o profesionales. Su tama\u00f1o de 160 mm lo hace c\u00f3modo y manejable, ideal para trabajos de precisi\u00f3n.\",\"breadcrumb\":{\"@id\":\"https:\/\/corralonsanchezbelen.com\/index.php\/producto\/alicate-c-oblicuo-de-160-mm-mota-q206\/#breadcrumb\"},\"inLanguage\":\"es\",\"potentialAction\":[{\"@type\":\"ReadAction\",\"target\":[\"https:\/\/corralonsanchezbelen.com\/index.php\/producto\/alicate-c-oblicuo-de-160-mm-mota-q206\/\"]}]},{\"@type\":\"ImageObject\",\"inLanguage\":\"es\",\"@id\":\"https:\/\/corralonsanchezbelen.com\/index.php\/producto\/alicate-c-oblicuo-de-160-mm-mota-q206\/#primaryimage\",\"url\":\"https:\/\/corralonsanchezbelen.com\/wp-content\/uploads\/2024\/07\/11.png\",\"contentUrl\":\"https:\/\/corralonsanchezbelen.com\/wp-content\/uploads\/2024\/07\/11.png\",\"width\":1080,\"height\":1080},{\"@type\":\"BreadcrumbList\",\"@id\":\"https:\/\/corralonsanchezbelen.com\/index.php\/producto\/alicate-c-oblicuo-de-160-mm-mota-q206\/#breadcrumb\",\"itemListElement\":[{\"@type\":\"ListItem\",\"position\":1,\"name\":\"Portada\",\"item\":\"https:\/\/corralonsanchezbelen.com\/\"},{\"@type\":\"ListItem\",\"position\":2,\"name\":\"Tienda\",\"item\":\"https:\/\/corralonsanchezbelen.com\/index.php\/tienda-2\/\"},{\"@type\":\"ListItem\",\"position\":3,\"name\":\"Alicate C\/oblicuo De 160 Mm. Mota Q206\"}]},{\"@type\":\"WebSite\",\"@id\":\"https:\/\/corralonsanchezbelen.com\/#website\",\"url\":\"https:\/\/corralonsanchezbelen.com\/\",\"name\":\"Corralon Sanchez\",\"description\":\"El maestro de la construcci\u00f3n.\",\"publisher\":{\"@id\":\"https:\/\/corralonsanchezbelen.com\/#organization\"},\"potentialAction\":[{\"@type\":\"SearchAction\",\"target\":{\"@type\":\"EntryPoint\",\"urlTemplate\":\"https:\/\/corralonsanchezbelen.com\/?s={search_term_string}\"},\"query-input\":{\"@type\":\"PropertyValueSpecification\",\"valueRequired\":true,\"valueName\":\"search_term_string\"}}],\"inLanguage\":\"es\"},{\"@type\":\"Organization\",\"@id\":\"https:\/\/corralonsanchezbelen.com\/#organization\",\"name\":\"Corralon Sanchez\",\"url\":\"https:\/\/corralonsanchezbelen.com\/\",\"logo\":{\"@type\":\"ImageObject\",\"inLanguage\":\"es\",\"@id\":\"https:\/\/corralonsanchezbelen.com\/#\/schema\/logo\/image\/\",\"url\":\"https:\/\/corralonsanchezbelen.com\/wp-content\/uploads\/2024\/06\/Diseno-sin-tituloq.png\",\"contentUrl\":\"https:\/\/corralonsanchezbelen.com\/wp-content\/uploads\/2024\/06\/Diseno-sin-tituloq.png\",\"width\":1080,\"height\":1080,\"caption\":\"Corralon Sanchez\"},\"image\":{\"@id\":\"https:\/\/corralonsanchezbelen.com\/#\/schema\/logo\/image\/\"},\"sameAs\":[\"https:\/\/www.facebook.com\/corralon.sanchez.belen\",\"https:\/\/www.instagram.com\/corralon.sanchez\/\"]}]}<\/script>\n<!-- \/ Yoast SEO plugin. -->","yoast_head_json":{"title":"Alicate C\/oblicuo De 160 Mm. Mota Q206 - Corralon Sanchez","description":"El Alicate C\/oblicuo De 160 Mm. Mota Q206 es una herramienta esencial para cualquier caja de herramientas. Con su dise\u00f1o oblicuo, permite un corte preciso y limpio en cualquier material, facilitando tus tareas de bricolaje o profesionales. Su tama\u00f1o de 160 mm lo hace c\u00f3modo y manejable, ideal para trabajos de precisi\u00f3n.","robots":{"index":"index","follow":"follow","max-snippet":"max-snippet:-1","max-image-preview":"max-image-preview:large","max-video-preview":"max-video-preview:-1"},"canonical":"https:\/\/corralonsanchezbelen.com\/index.php\/producto\/alicate-c-oblicuo-de-160-mm-mota-q206\/","og_locale":"es_ES","og_type":"article","og_title":"Alicate C\/oblicuo De 160 Mm. Mota Q206 - Corralon Sanchez","og_description":"El Alicate C\/oblicuo De 160 Mm. Mota Q206 es una herramienta esencial para cualquier caja de herramientas. Con su dise\u00f1o oblicuo, permite un corte preciso y limpio en cualquier material, facilitando tus tareas de bricolaje o profesionales. Su tama\u00f1o de 160 mm lo hace c\u00f3modo y manejable, ideal para trabajos de precisi\u00f3n.","og_url":"https:\/\/corralonsanchezbelen.com\/index.php\/producto\/alicate-c-oblicuo-de-160-mm-mota-q206\/","og_site_name":"Corralon Sanchez","article_publisher":"https:\/\/www.facebook.com\/corralon.sanchez.belen","article_modified_time":"2024-07-11T22:40:52+00:00","og_image":[{"width":1080,"height":1080,"url":"https:\/\/corralonsanchezbelen.com\/wp-content\/uploads\/2024\/07\/11.png","type":"image\/png"}],"twitter_card":"summary_large_image","twitter_misc":{"Tiempo de lectura":"1 minuto"},"schema":{"@context":"https:\/\/schema.org","@graph":[{"@type":"WebPage","@id":"https:\/\/corralonsanchezbelen.com\/index.php\/producto\/alicate-c-oblicuo-de-160-mm-mota-q206\/","url":"https:\/\/corralonsanchezbelen.com\/index.php\/producto\/alicate-c-oblicuo-de-160-mm-mota-q206\/","name":"Alicate C\/oblicuo De 160 Mm. Mota Q206 - Corralon Sanchez","isPartOf":{"@id":"https:\/\/corralonsanchezbelen.com\/#website"},"primaryImageOfPage":{"@id":"https:\/\/corralonsanchezbelen.com\/index.php\/producto\/alicate-c-oblicuo-de-160-mm-mota-q206\/#primaryimage"},"image":{"@id":"https:\/\/corralonsanchezbelen.com\/index.php\/producto\/alicate-c-oblicuo-de-160-mm-mota-q206\/#primaryimage"},"thumbnailUrl":"https:\/\/corralonsanchezbelen.com\/wp-content\/uploads\/2024\/07\/11.png","datePublished":"2024-07-10T23:43:16+00:00","dateModified":"2024-07-11T22:40:52+00:00","description":"El Alicate C\/oblicuo De 160 Mm. Mota Q206 es una herramienta esencial para cualquier caja de herramientas. Con su dise\u00f1o oblicuo, permite un corte preciso y limpio en cualquier material, facilitando tus tareas de bricolaje o profesionales. Su tama\u00f1o de 160 mm lo hace c\u00f3modo y manejable, ideal para trabajos de precisi\u00f3n.","breadcrumb":{"@id":"https:\/\/corralonsanchezbelen.com\/index.php\/producto\/alicate-c-oblicuo-de-160-mm-mota-q206\/#breadcrumb"},"inLanguage":"es","potentialAction":[{"@type":"ReadAction","target":["https:\/\/corralonsanchezbelen.com\/index.php\/producto\/alicate-c-oblicuo-de-160-mm-mota-q206\/"]}]},{"@type":"ImageObject","inLanguage":"es","@id":"https:\/\/corralonsanchezbelen.com\/index.php\/producto\/alicate-c-oblicuo-de-160-mm-mota-q206\/#primaryimage","url":"https:\/\/corralonsanchezbelen.com\/wp-content\/uploads\/2024\/07\/11.png","contentUrl":"https:\/\/corralonsanchezbelen.com\/wp-content\/uploads\/2024\/07\/11.png","width":1080,"height":1080},{"@type":"BreadcrumbList","@id":"https:\/\/corralonsanchezbelen.com\/index.php\/producto\/alicate-c-oblicuo-de-160-mm-mota-q206\/#breadcrumb","itemListElement":[{"@type":"ListItem","position":1,"name":"Portada","item":"https:\/\/corralonsanchezbelen.com\/"},{"@type":"ListItem","position":2,"name":"Tienda","item":"https:\/\/corralonsanchezbelen.com\/index.php\/tienda-2\/"},{"@type":"ListItem","position":3,"name":"Alicate C\/oblicuo De 160 Mm. Mota Q206"}]},{"@type":"WebSite","@id":"https:\/\/corralonsanchezbelen.com\/#website","url":"https:\/\/corralonsanchezbelen.com\/","name":"Corralon Sanchez","description":"El maestro de la construcci\u00f3n.","publisher":{"@id":"https:\/\/corralonsanchezbelen.com\/#organization"},"potentialAction":[{"@type":"SearchAction","target":{"@type":"EntryPoint","urlTemplate":"https:\/\/corralonsanchezbelen.com\/?s={search_term_string}"},"query-input":{"@type":"PropertyValueSpecification","valueRequired":true,"valueName":"search_term_string"}}],"inLanguage":"es"},{"@type":"Organization","@id":"https:\/\/corralonsanchezbelen.com\/#organization","name":"Corralon Sanchez","url":"https:\/\/corralonsanchezbelen.com\/","logo":{"@type":"ImageObject","inLanguage":"es","@id":"https:\/\/corralonsanchezbelen.com\/#\/schema\/logo\/image\/","url":"https:\/\/corralonsanchezbelen.com\/wp-content\/uploads\/2024\/06\/Diseno-sin-tituloq.png","contentUrl":"https:\/\/corralonsanchezbelen.com\/wp-content\/uploads\/2024\/06\/Diseno-sin-tituloq.png","width":1080,"height":1080,"caption":"Corralon Sanchez"},"image":{"@id":"https:\/\/corralonsanchezbelen.com\/#\/schema\/logo\/image\/"},"sameAs":["https:\/\/www.facebook.com\/corralon.sanchez.belen","https:\/\/www.instagram.com\/corralon.sanchez\/"]}]}},"_links":{"self":[{"href":"https:\/\/corralonsanchezbelen.com\/index.php\/wp-json\/wp\/v2\/product\/2139","targetHints":{"allow":["GET"]}}],"collection":[{"href":"https:\/\/corralonsanchezbelen.com\/index.php\/wp-json\/wp\/v2\/product"}],"about":[{"href":"https:\/\/corralonsanchezbelen.com\/index.php\/wp-json\/wp\/v2\/types\/product"}],"replies":[{"embeddable":true,"href":"https:\/\/corralonsanchezbelen.com\/index.php\/wp-json\/wp\/v2\/comments?post=2139"}],"wp:featuredmedia":[{"embeddable":true,"href":"https:\/\/corralonsanchezbelen.com\/index.php\/wp-json\/wp\/v2\/media\/2140"}],"wp:attachment":[{"href":"https:\/\/corralonsanchezbelen.com\/index.php\/wp-json\/wp\/v2\/media?parent=2139"}],"wp:term":[{"taxonomy":"product_brand","embeddable":true,"href":"https:\/\/corralonsanchezbelen.com\/index.php\/wp-json\/wp\/v2\/product_brand?post=2139"},{"taxonomy":"product_cat","embeddable":true,"href":"https:\/\/corralonsanchezbelen.com\/index.php\/wp-json\/wp\/v2\/product_cat?post=2139"},{"taxonomy":"product_tag","embeddable":true,"href":"https:\/\/corralonsanchezbelen.com\/index.php\/wp-json\/wp\/v2\/product_tag?post=2139"}],"curies":[{"name":"wp","href":"https:\/\/api.w.org\/{rel}","templated":true}]}}