{"id":2128,"date":"2024-07-10T20:25:40","date_gmt":"2024-07-10T23:25:40","guid":{"rendered":"https:\/\/corralonsanchezbelen.com\/?post_type=product&#038;p=2128"},"modified":"2024-07-11T19:38:46","modified_gmt":"2024-07-11T22:38:46","slug":"juegos-de-piedras-montadas-para-taladro-mota-p250","status":"publish","type":"product","link":"https:\/\/corralonsanchezbelen.com\/index.php\/producto\/juegos-de-piedras-montadas-para-taladro-mota-p250\/","title":{"rendered":"Juegos de piedras montadas para taladro Mota P250"},"content":{"rendered":"<p>Con el Juego De Piedras Montadas Para Taladro Mota 5 Pcz (A250), podr\u00e1 realizar trabajos detallados y precisos en una variedad de materiales. Este producto es una herramienta esencial para cualquier profesional o entusiasta del bricolaje. La marca Mota se enorgullece de ofrecer productos de alta calidad que satisfacen las necesidades de sus clientes. Con el modelo A250, puede esperar un rendimiento confiable y resultados de alta calidad en cada uso.<\/p>\n","protected":false},"excerpt":{"rendered":"<p>El modelo A250 de Mota es conocido por su durabilidad y eficiencia, lo que garantiza un rendimiento excepcional en todas sus aplicaciones.<\/p>\n<p>El contenido del paquete incluye 5 piedras montadas, cada una meticulosamente dise\u00f1ada para ofrecer la m\u00e1xima precisi\u00f3n en su uso. Estas piedras son ideales para trabajos de terminaci\u00f3n delicada en diversas \u00e1reas como la artesan\u00eda, el pulido, la limpieza, la metal\u00fargica y la matricer\u00eda.<\/p>\n","protected":false},"featured_media":2132,"comment_status":"open","ping_status":"closed","template":"","meta":[],"product_brand":[],"product_cat":[50,76,56,74],"product_tag":[59],"class_list":{"0":"post-2128","1":"product","2":"type-product","3":"status-publish","4":"has-post-thumbnail","6":"product_cat-accesorios-htas-electricas","7":"product_cat-accesorios-mota","8":"product_cat-carpinteria","9":"product_cat-productos","10":"product_tag-mota","12":"first","13":"instock","14":"taxable","15":"shipping-taxable","16":"product-type-simple"},"yoast_head":"<!-- This site is optimized with the Yoast SEO plugin v24.7 - https:\/\/yoast.com\/wordpress\/plugins\/seo\/ -->\n<title>Juegos de piedras montadas para taladro Mota P250 - Corralon Sanchez<\/title>\n<meta name=\"description\" content=\"El modelo A250 de Mota es conocido por su durabilidad y eficiencia, lo que garantiza un rendimiento excepcional en todas sus aplicaciones.  El contenido del paquete incluye 5 piedras montadas, cada una meticulosamente dise\u00f1ada para ofrecer la m\u00e1xima precisi\u00f3n en su uso. Estas piedras son ideales para trabajos de terminaci\u00f3n delicada en diversas \u00e1reas como la artesan\u00eda, el pulido, la limpieza, la metal\u00fargica y la matricer\u00eda.\" \/>\n<meta name=\"robots\" content=\"index, follow, max-snippet:-1, max-image-preview:large, max-video-preview:-1\" \/>\n<link rel=\"canonical\" href=\"https:\/\/corralonsanchezbelen.com\/index.php\/producto\/juegos-de-piedras-montadas-para-taladro-mota-p250\/\" \/>\n<meta property=\"og:locale\" content=\"es_ES\" \/>\n<meta property=\"og:type\" content=\"article\" \/>\n<meta property=\"og:title\" content=\"Juegos de piedras montadas para taladro Mota P250 - Corralon Sanchez\" \/>\n<meta property=\"og:description\" content=\"El modelo A250 de Mota es conocido por su durabilidad y eficiencia, lo que garantiza un rendimiento excepcional en todas sus aplicaciones.  El contenido del paquete incluye 5 piedras montadas, cada una meticulosamente dise\u00f1ada para ofrecer la m\u00e1xima precisi\u00f3n en su uso. Estas piedras son ideales para trabajos de terminaci\u00f3n delicada en diversas \u00e1reas como la artesan\u00eda, el pulido, la limpieza, la metal\u00fargica y la matricer\u00eda.\" \/>\n<meta property=\"og:url\" content=\"https:\/\/corralonsanchezbelen.com\/index.php\/producto\/juegos-de-piedras-montadas-para-taladro-mota-p250\/\" \/>\n<meta property=\"og:site_name\" content=\"Corralon Sanchez\" \/>\n<meta property=\"article:publisher\" content=\"https:\/\/www.facebook.com\/corralon.sanchez.belen\" \/>\n<meta property=\"article:modified_time\" content=\"2024-07-11T22:38:46+00:00\" \/>\n<meta property=\"og:image\" content=\"https:\/\/corralonsanchezbelen.com\/wp-content\/uploads\/2024\/07\/9.png\" \/>\n\t<meta property=\"og:image:width\" content=\"1080\" \/>\n\t<meta property=\"og:image:height\" content=\"1080\" \/>\n\t<meta property=\"og:image:type\" content=\"image\/png\" \/>\n<meta name=\"twitter:card\" content=\"summary_large_image\" \/>\n<meta name=\"twitter:label1\" content=\"Tiempo de lectura\" \/>\n\t<meta name=\"twitter:data1\" content=\"1 minuto\" \/>\n<script type=\"application\/ld+json\" class=\"yoast-schema-graph\">{\"@context\":\"https:\/\/schema.org\",\"@graph\":[{\"@type\":\"WebPage\",\"@id\":\"https:\/\/corralonsanchezbelen.com\/index.php\/producto\/juegos-de-piedras-montadas-para-taladro-mota-p250\/\",\"url\":\"https:\/\/corralonsanchezbelen.com\/index.php\/producto\/juegos-de-piedras-montadas-para-taladro-mota-p250\/\",\"name\":\"Juegos de piedras montadas para taladro Mota P250 - Corralon Sanchez\",\"isPartOf\":{\"@id\":\"https:\/\/corralonsanchezbelen.com\/#website\"},\"primaryImageOfPage\":{\"@id\":\"https:\/\/corralonsanchezbelen.com\/index.php\/producto\/juegos-de-piedras-montadas-para-taladro-mota-p250\/#primaryimage\"},\"image\":{\"@id\":\"https:\/\/corralonsanchezbelen.com\/index.php\/producto\/juegos-de-piedras-montadas-para-taladro-mota-p250\/#primaryimage\"},\"thumbnailUrl\":\"https:\/\/corralonsanchezbelen.com\/wp-content\/uploads\/2024\/07\/9.png\",\"datePublished\":\"2024-07-10T23:25:40+00:00\",\"dateModified\":\"2024-07-11T22:38:46+00:00\",\"description\":\"El modelo A250 de Mota es conocido por su durabilidad y eficiencia, lo que garantiza un rendimiento excepcional en todas sus aplicaciones. El contenido del paquete incluye 5 piedras montadas, cada una meticulosamente dise\u00f1ada para ofrecer la m\u00e1xima precisi\u00f3n en su uso. Estas piedras son ideales para trabajos de terminaci\u00f3n delicada en diversas \u00e1reas como la artesan\u00eda, el pulido, la limpieza, la metal\u00fargica y la matricer\u00eda.\",\"breadcrumb\":{\"@id\":\"https:\/\/corralonsanchezbelen.com\/index.php\/producto\/juegos-de-piedras-montadas-para-taladro-mota-p250\/#breadcrumb\"},\"inLanguage\":\"es\",\"potentialAction\":[{\"@type\":\"ReadAction\",\"target\":[\"https:\/\/corralonsanchezbelen.com\/index.php\/producto\/juegos-de-piedras-montadas-para-taladro-mota-p250\/\"]}]},{\"@type\":\"ImageObject\",\"inLanguage\":\"es\",\"@id\":\"https:\/\/corralonsanchezbelen.com\/index.php\/producto\/juegos-de-piedras-montadas-para-taladro-mota-p250\/#primaryimage\",\"url\":\"https:\/\/corralonsanchezbelen.com\/wp-content\/uploads\/2024\/07\/9.png\",\"contentUrl\":\"https:\/\/corralonsanchezbelen.com\/wp-content\/uploads\/2024\/07\/9.png\",\"width\":1080,\"height\":1080},{\"@type\":\"BreadcrumbList\",\"@id\":\"https:\/\/corralonsanchezbelen.com\/index.php\/producto\/juegos-de-piedras-montadas-para-taladro-mota-p250\/#breadcrumb\",\"itemListElement\":[{\"@type\":\"ListItem\",\"position\":1,\"name\":\"Portada\",\"item\":\"https:\/\/corralonsanchezbelen.com\/\"},{\"@type\":\"ListItem\",\"position\":2,\"name\":\"Tienda\",\"item\":\"https:\/\/corralonsanchezbelen.com\/index.php\/tienda-2\/\"},{\"@type\":\"ListItem\",\"position\":3,\"name\":\"Juegos de piedras montadas para taladro Mota P250\"}]},{\"@type\":\"WebSite\",\"@id\":\"https:\/\/corralonsanchezbelen.com\/#website\",\"url\":\"https:\/\/corralonsanchezbelen.com\/\",\"name\":\"Corralon Sanchez\",\"description\":\"El maestro de la construcci\u00f3n.\",\"publisher\":{\"@id\":\"https:\/\/corralonsanchezbelen.com\/#organization\"},\"potentialAction\":[{\"@type\":\"SearchAction\",\"target\":{\"@type\":\"EntryPoint\",\"urlTemplate\":\"https:\/\/corralonsanchezbelen.com\/?s={search_term_string}\"},\"query-input\":{\"@type\":\"PropertyValueSpecification\",\"valueRequired\":true,\"valueName\":\"search_term_string\"}}],\"inLanguage\":\"es\"},{\"@type\":\"Organization\",\"@id\":\"https:\/\/corralonsanchezbelen.com\/#organization\",\"name\":\"Corralon Sanchez\",\"url\":\"https:\/\/corralonsanchezbelen.com\/\",\"logo\":{\"@type\":\"ImageObject\",\"inLanguage\":\"es\",\"@id\":\"https:\/\/corralonsanchezbelen.com\/#\/schema\/logo\/image\/\",\"url\":\"https:\/\/corralonsanchezbelen.com\/wp-content\/uploads\/2024\/06\/Diseno-sin-tituloq.png\",\"contentUrl\":\"https:\/\/corralonsanchezbelen.com\/wp-content\/uploads\/2024\/06\/Diseno-sin-tituloq.png\",\"width\":1080,\"height\":1080,\"caption\":\"Corralon Sanchez\"},\"image\":{\"@id\":\"https:\/\/corralonsanchezbelen.com\/#\/schema\/logo\/image\/\"},\"sameAs\":[\"https:\/\/www.facebook.com\/corralon.sanchez.belen\",\"https:\/\/www.instagram.com\/corralon.sanchez\/\"]}]}<\/script>\n<!-- \/ Yoast SEO plugin. -->","yoast_head_json":{"title":"Juegos de piedras montadas para taladro Mota P250 - Corralon Sanchez","description":"El modelo A250 de Mota es conocido por su durabilidad y eficiencia, lo que garantiza un rendimiento excepcional en todas sus aplicaciones.  El contenido del paquete incluye 5 piedras montadas, cada una meticulosamente dise\u00f1ada para ofrecer la m\u00e1xima precisi\u00f3n en su uso. Estas piedras son ideales para trabajos de terminaci\u00f3n delicada en diversas \u00e1reas como la artesan\u00eda, el pulido, la limpieza, la metal\u00fargica y la matricer\u00eda.","robots":{"index":"index","follow":"follow","max-snippet":"max-snippet:-1","max-image-preview":"max-image-preview:large","max-video-preview":"max-video-preview:-1"},"canonical":"https:\/\/corralonsanchezbelen.com\/index.php\/producto\/juegos-de-piedras-montadas-para-taladro-mota-p250\/","og_locale":"es_ES","og_type":"article","og_title":"Juegos de piedras montadas para taladro Mota P250 - Corralon Sanchez","og_description":"El modelo A250 de Mota es conocido por su durabilidad y eficiencia, lo que garantiza un rendimiento excepcional en todas sus aplicaciones.  El contenido del paquete incluye 5 piedras montadas, cada una meticulosamente dise\u00f1ada para ofrecer la m\u00e1xima precisi\u00f3n en su uso. Estas piedras son ideales para trabajos de terminaci\u00f3n delicada en diversas \u00e1reas como la artesan\u00eda, el pulido, la limpieza, la metal\u00fargica y la matricer\u00eda.","og_url":"https:\/\/corralonsanchezbelen.com\/index.php\/producto\/juegos-de-piedras-montadas-para-taladro-mota-p250\/","og_site_name":"Corralon Sanchez","article_publisher":"https:\/\/www.facebook.com\/corralon.sanchez.belen","article_modified_time":"2024-07-11T22:38:46+00:00","og_image":[{"width":1080,"height":1080,"url":"https:\/\/corralonsanchezbelen.com\/wp-content\/uploads\/2024\/07\/9.png","type":"image\/png"}],"twitter_card":"summary_large_image","twitter_misc":{"Tiempo de lectura":"1 minuto"},"schema":{"@context":"https:\/\/schema.org","@graph":[{"@type":"WebPage","@id":"https:\/\/corralonsanchezbelen.com\/index.php\/producto\/juegos-de-piedras-montadas-para-taladro-mota-p250\/","url":"https:\/\/corralonsanchezbelen.com\/index.php\/producto\/juegos-de-piedras-montadas-para-taladro-mota-p250\/","name":"Juegos de piedras montadas para taladro Mota P250 - Corralon Sanchez","isPartOf":{"@id":"https:\/\/corralonsanchezbelen.com\/#website"},"primaryImageOfPage":{"@id":"https:\/\/corralonsanchezbelen.com\/index.php\/producto\/juegos-de-piedras-montadas-para-taladro-mota-p250\/#primaryimage"},"image":{"@id":"https:\/\/corralonsanchezbelen.com\/index.php\/producto\/juegos-de-piedras-montadas-para-taladro-mota-p250\/#primaryimage"},"thumbnailUrl":"https:\/\/corralonsanchezbelen.com\/wp-content\/uploads\/2024\/07\/9.png","datePublished":"2024-07-10T23:25:40+00:00","dateModified":"2024-07-11T22:38:46+00:00","description":"El modelo A250 de Mota es conocido por su durabilidad y eficiencia, lo que garantiza un rendimiento excepcional en todas sus aplicaciones. El contenido del paquete incluye 5 piedras montadas, cada una meticulosamente dise\u00f1ada para ofrecer la m\u00e1xima precisi\u00f3n en su uso. Estas piedras son ideales para trabajos de terminaci\u00f3n delicada en diversas \u00e1reas como la artesan\u00eda, el pulido, la limpieza, la metal\u00fargica y la matricer\u00eda.","breadcrumb":{"@id":"https:\/\/corralonsanchezbelen.com\/index.php\/producto\/juegos-de-piedras-montadas-para-taladro-mota-p250\/#breadcrumb"},"inLanguage":"es","potentialAction":[{"@type":"ReadAction","target":["https:\/\/corralonsanchezbelen.com\/index.php\/producto\/juegos-de-piedras-montadas-para-taladro-mota-p250\/"]}]},{"@type":"ImageObject","inLanguage":"es","@id":"https:\/\/corralonsanchezbelen.com\/index.php\/producto\/juegos-de-piedras-montadas-para-taladro-mota-p250\/#primaryimage","url":"https:\/\/corralonsanchezbelen.com\/wp-content\/uploads\/2024\/07\/9.png","contentUrl":"https:\/\/corralonsanchezbelen.com\/wp-content\/uploads\/2024\/07\/9.png","width":1080,"height":1080},{"@type":"BreadcrumbList","@id":"https:\/\/corralonsanchezbelen.com\/index.php\/producto\/juegos-de-piedras-montadas-para-taladro-mota-p250\/#breadcrumb","itemListElement":[{"@type":"ListItem","position":1,"name":"Portada","item":"https:\/\/corralonsanchezbelen.com\/"},{"@type":"ListItem","position":2,"name":"Tienda","item":"https:\/\/corralonsanchezbelen.com\/index.php\/tienda-2\/"},{"@type":"ListItem","position":3,"name":"Juegos de piedras montadas para taladro Mota P250"}]},{"@type":"WebSite","@id":"https:\/\/corralonsanchezbelen.com\/#website","url":"https:\/\/corralonsanchezbelen.com\/","name":"Corralon Sanchez","description":"El maestro de la construcci\u00f3n.","publisher":{"@id":"https:\/\/corralonsanchezbelen.com\/#organization"},"potentialAction":[{"@type":"SearchAction","target":{"@type":"EntryPoint","urlTemplate":"https:\/\/corralonsanchezbelen.com\/?s={search_term_string}"},"query-input":{"@type":"PropertyValueSpecification","valueRequired":true,"valueName":"search_term_string"}}],"inLanguage":"es"},{"@type":"Organization","@id":"https:\/\/corralonsanchezbelen.com\/#organization","name":"Corralon Sanchez","url":"https:\/\/corralonsanchezbelen.com\/","logo":{"@type":"ImageObject","inLanguage":"es","@id":"https:\/\/corralonsanchezbelen.com\/#\/schema\/logo\/image\/","url":"https:\/\/corralonsanchezbelen.com\/wp-content\/uploads\/2024\/06\/Diseno-sin-tituloq.png","contentUrl":"https:\/\/corralonsanchezbelen.com\/wp-content\/uploads\/2024\/06\/Diseno-sin-tituloq.png","width":1080,"height":1080,"caption":"Corralon Sanchez"},"image":{"@id":"https:\/\/corralonsanchezbelen.com\/#\/schema\/logo\/image\/"},"sameAs":["https:\/\/www.facebook.com\/corralon.sanchez.belen","https:\/\/www.instagram.com\/corralon.sanchez\/"]}]}},"_links":{"self":[{"href":"https:\/\/corralonsanchezbelen.com\/index.php\/wp-json\/wp\/v2\/product\/2128","targetHints":{"allow":["GET"]}}],"collection":[{"href":"https:\/\/corralonsanchezbelen.com\/index.php\/wp-json\/wp\/v2\/product"}],"about":[{"href":"https:\/\/corralonsanchezbelen.com\/index.php\/wp-json\/wp\/v2\/types\/product"}],"replies":[{"embeddable":true,"href":"https:\/\/corralonsanchezbelen.com\/index.php\/wp-json\/wp\/v2\/comments?post=2128"}],"wp:featuredmedia":[{"embeddable":true,"href":"https:\/\/corralonsanchezbelen.com\/index.php\/wp-json\/wp\/v2\/media\/2132"}],"wp:attachment":[{"href":"https:\/\/corralonsanchezbelen.com\/index.php\/wp-json\/wp\/v2\/media?parent=2128"}],"wp:term":[{"taxonomy":"product_brand","embeddable":true,"href":"https:\/\/corralonsanchezbelen.com\/index.php\/wp-json\/wp\/v2\/product_brand?post=2128"},{"taxonomy":"product_cat","embeddable":true,"href":"https:\/\/corralonsanchezbelen.com\/index.php\/wp-json\/wp\/v2\/product_cat?post=2128"},{"taxonomy":"product_tag","embeddable":true,"href":"https:\/\/corralonsanchezbelen.com\/index.php\/wp-json\/wp\/v2\/product_tag?post=2128"}],"curies":[{"name":"wp","href":"https:\/\/api.w.org\/{rel}","templated":true}]}}