{"id":2018,"date":"2024-07-09T20:13:30","date_gmt":"2024-07-09T23:13:30","guid":{"rendered":"https:\/\/corralonsanchezbelen.com\/?post_type=product&#038;p=2018"},"modified":"2024-07-12T01:25:06","modified_gmt":"2024-07-12T04:25:06","slug":"esmalte-sintetico-alta-temperatura-tersuave","status":"publish","type":"product","link":"https:\/\/corralonsanchezbelen.com\/index.php\/producto\/esmalte-sintetico-alta-temperatura-tersuave\/","title":{"rendered":"Esmalte sintetico alta temperatura tersuave"},"content":{"rendered":"<p>Preparaci\u00f3n de la superficie: La superficie debe estar limpia, seca y exenta de polvo, grasas, aceites, jabones, ceras u otros desmoldantes o contaminantes. Sobre hierro o acero nuevos: eliminar completamente la cascarilla de laminaci\u00f3n y llevar por abrasi\u00f3n a la condici\u00f3n de \u00abmetal blanco\u00bb. Aplicar dos manos del producto inmediatamente a continuaci\u00f3n de obtenida esa condici\u00f3n. si la superficie se encontrara protegida por grasas o aceites, \u00e9stos deben ser eliminados completamente por lavado con solventes o con desengrasantes espec\u00edficos. Sobre hierro o acero oxidados: llevar a condici\u00f3n de \u00abmetal blanco\u00bb y proceder como en el p\u00e1rrafo anterior. De no ser esto posible, lijar y eliminar el polvillo con un trapo embebido en aguarr\u00e1s mineral; dar una mano de Desoxidante Fosfatizante Tersuave y aplicar dos manos del producto.<\/p>\n<p>Preparaci\u00f3n del producto: Homogeneizar cuidadosamente con agitador mec\u00e1nico o a mano con una varilla agitadora realizando movimientos circulares o en forma de ocho, a fin de no incorporar aire, y diluir como convenga al m\u00e9todo de aplicaci\u00f3n elegido. Prestar especial atenci\u00f3n a que no quede pigmento en el fondo del envase. Es conveniente mantener homogeneizado el color aluminio durante la aplicaci\u00f3n. Las temperaturas de aplicaci\u00f3n mencionadas en los datos t\u00e9cnicos se refieren tanto al ambiente como al sustrato a pintar.<\/p>\n<p>Diluci\u00f3n: Se sugiere diluir un 5 % en volumen para aplicar a pincel, un 10 % para rodillo y tomar un 10 % como punto de partida para aplicaci\u00f3n con soplete convencional (ajustar la diluci\u00f3n sugerida seg\u00fan el equipo utilizado).<\/p>\n<p>M\u00e9todos de aplicaci\u00f3n: Puede ser aplicado con pincel, rodillo, soplete convencional, soplete adiab\u00e1tico o airless. Es conveniente emplear pinceles de pelo largo y suave para mejorar la nivelaci\u00f3n. Con pistola convencional, se recomienda una presi\u00f3n de 20 a 25 libras\/pulg2 (1,5 a 1,8 kg\/cm2) para minimizar el desperdicio y evitar la formaci\u00f3n de neblina.<\/p>\n","protected":false},"excerpt":{"rendered":"<p>Esmalte de terminaci\u00f3n, de secado al aire. Elaborado a base de resinas alqu\u00eddicas siliconadas y pigmentos de alta calidad y solidez a la luz. tiene buen brillo y resistencia a la intemperie.<\/p>\n","protected":false},"featured_media":2019,"comment_status":"open","ping_status":"closed","template":"","meta":[],"product_brand":[],"product_cat":[91,31,89],"product_tag":[49],"class_list":{"0":"post-2018","1":"product","2":"type-product","3":"status-publish","4":"has-post-thumbnail","6":"product_cat-esmalte-sintetico","7":"product_cat-pintura","8":"product_cat-tersuave","9":"product_tag-tersuave","11":"first","12":"instock","13":"taxable","14":"shipping-taxable","15":"product-type-simple"},"yoast_head":"<!-- This site is optimized with the Yoast SEO plugin v24.7 - https:\/\/yoast.com\/wordpress\/plugins\/seo\/ -->\n<title>Esmalte sintetico alta temperatura tersuave - Corralon Sanchez<\/title>\n<meta name=\"description\" content=\"Esmalte de terminaci\u00f3n, de secado al aire. Elaborado a base de resinas alqu\u00eddicas siliconadas y pigmentos de alta calidad y solidez a la luz. tiene buen brillo y resistencia a la intemperie.\" \/>\n<meta name=\"robots\" content=\"index, follow, max-snippet:-1, max-image-preview:large, max-video-preview:-1\" \/>\n<link rel=\"canonical\" href=\"https:\/\/corralonsanchezbelen.com\/index.php\/producto\/esmalte-sintetico-alta-temperatura-tersuave\/\" \/>\n<meta property=\"og:locale\" content=\"es_ES\" \/>\n<meta property=\"og:type\" content=\"article\" \/>\n<meta property=\"og:title\" content=\"Esmalte sintetico alta temperatura tersuave - Corralon Sanchez\" \/>\n<meta property=\"og:description\" content=\"Esmalte de terminaci\u00f3n, de secado al aire. Elaborado a base de resinas alqu\u00eddicas siliconadas y pigmentos de alta calidad y solidez a la luz. tiene buen brillo y resistencia a la intemperie.\" \/>\n<meta property=\"og:url\" content=\"https:\/\/corralonsanchezbelen.com\/index.php\/producto\/esmalte-sintetico-alta-temperatura-tersuave\/\" \/>\n<meta property=\"og:site_name\" content=\"Corralon Sanchez\" \/>\n<meta property=\"article:publisher\" content=\"https:\/\/www.facebook.com\/corralon.sanchez.belen\" \/>\n<meta property=\"article:modified_time\" content=\"2024-07-12T04:25:06+00:00\" \/>\n<meta property=\"og:image\" content=\"https:\/\/corralonsanchezbelen.com\/wp-content\/uploads\/2024\/07\/D_NQ_NP_815335-MLU69674949777_052023-O.webp\" \/>\n\t<meta property=\"og:image:width\" content=\"386\" \/>\n\t<meta property=\"og:image:height\" content=\"500\" \/>\n\t<meta property=\"og:image:type\" content=\"image\/webp\" \/>\n<meta name=\"twitter:card\" content=\"summary_large_image\" \/>\n<meta name=\"twitter:label1\" content=\"Tiempo de lectura\" \/>\n\t<meta name=\"twitter:data1\" content=\"2 minutos\" \/>\n<script type=\"application\/ld+json\" class=\"yoast-schema-graph\">{\"@context\":\"https:\/\/schema.org\",\"@graph\":[{\"@type\":\"WebPage\",\"@id\":\"https:\/\/corralonsanchezbelen.com\/index.php\/producto\/esmalte-sintetico-alta-temperatura-tersuave\/\",\"url\":\"https:\/\/corralonsanchezbelen.com\/index.php\/producto\/esmalte-sintetico-alta-temperatura-tersuave\/\",\"name\":\"Esmalte sintetico alta temperatura tersuave - Corralon Sanchez\",\"isPartOf\":{\"@id\":\"https:\/\/corralonsanchezbelen.com\/#website\"},\"primaryImageOfPage\":{\"@id\":\"https:\/\/corralonsanchezbelen.com\/index.php\/producto\/esmalte-sintetico-alta-temperatura-tersuave\/#primaryimage\"},\"image\":{\"@id\":\"https:\/\/corralonsanchezbelen.com\/index.php\/producto\/esmalte-sintetico-alta-temperatura-tersuave\/#primaryimage\"},\"thumbnailUrl\":\"https:\/\/corralonsanchezbelen.com\/wp-content\/uploads\/2024\/07\/D_NQ_NP_815335-MLU69674949777_052023-O.webp\",\"datePublished\":\"2024-07-09T23:13:30+00:00\",\"dateModified\":\"2024-07-12T04:25:06+00:00\",\"description\":\"Esmalte de terminaci\u00f3n, de secado al aire. Elaborado a base de resinas alqu\u00eddicas siliconadas y pigmentos de alta calidad y solidez a la luz. tiene buen brillo y resistencia a la intemperie.\",\"breadcrumb\":{\"@id\":\"https:\/\/corralonsanchezbelen.com\/index.php\/producto\/esmalte-sintetico-alta-temperatura-tersuave\/#breadcrumb\"},\"inLanguage\":\"es\",\"potentialAction\":[{\"@type\":\"ReadAction\",\"target\":[\"https:\/\/corralonsanchezbelen.com\/index.php\/producto\/esmalte-sintetico-alta-temperatura-tersuave\/\"]}]},{\"@type\":\"ImageObject\",\"inLanguage\":\"es\",\"@id\":\"https:\/\/corralonsanchezbelen.com\/index.php\/producto\/esmalte-sintetico-alta-temperatura-tersuave\/#primaryimage\",\"url\":\"https:\/\/corralonsanchezbelen.com\/wp-content\/uploads\/2024\/07\/D_NQ_NP_815335-MLU69674949777_052023-O.webp\",\"contentUrl\":\"https:\/\/corralonsanchezbelen.com\/wp-content\/uploads\/2024\/07\/D_NQ_NP_815335-MLU69674949777_052023-O.webp\",\"width\":386,\"height\":500},{\"@type\":\"BreadcrumbList\",\"@id\":\"https:\/\/corralonsanchezbelen.com\/index.php\/producto\/esmalte-sintetico-alta-temperatura-tersuave\/#breadcrumb\",\"itemListElement\":[{\"@type\":\"ListItem\",\"position\":1,\"name\":\"Portada\",\"item\":\"https:\/\/corralonsanchezbelen.com\/\"},{\"@type\":\"ListItem\",\"position\":2,\"name\":\"Tienda\",\"item\":\"https:\/\/corralonsanchezbelen.com\/index.php\/tienda-2\/\"},{\"@type\":\"ListItem\",\"position\":3,\"name\":\"Esmalte sintetico alta temperatura tersuave\"}]},{\"@type\":\"WebSite\",\"@id\":\"https:\/\/corralonsanchezbelen.com\/#website\",\"url\":\"https:\/\/corralonsanchezbelen.com\/\",\"name\":\"Corralon Sanchez\",\"description\":\"El maestro de la construcci\u00f3n.\",\"publisher\":{\"@id\":\"https:\/\/corralonsanchezbelen.com\/#organization\"},\"potentialAction\":[{\"@type\":\"SearchAction\",\"target\":{\"@type\":\"EntryPoint\",\"urlTemplate\":\"https:\/\/corralonsanchezbelen.com\/?s={search_term_string}\"},\"query-input\":{\"@type\":\"PropertyValueSpecification\",\"valueRequired\":true,\"valueName\":\"search_term_string\"}}],\"inLanguage\":\"es\"},{\"@type\":\"Organization\",\"@id\":\"https:\/\/corralonsanchezbelen.com\/#organization\",\"name\":\"Corralon Sanchez\",\"url\":\"https:\/\/corralonsanchezbelen.com\/\",\"logo\":{\"@type\":\"ImageObject\",\"inLanguage\":\"es\",\"@id\":\"https:\/\/corralonsanchezbelen.com\/#\/schema\/logo\/image\/\",\"url\":\"https:\/\/corralonsanchezbelen.com\/wp-content\/uploads\/2024\/06\/Diseno-sin-tituloq.png\",\"contentUrl\":\"https:\/\/corralonsanchezbelen.com\/wp-content\/uploads\/2024\/06\/Diseno-sin-tituloq.png\",\"width\":1080,\"height\":1080,\"caption\":\"Corralon Sanchez\"},\"image\":{\"@id\":\"https:\/\/corralonsanchezbelen.com\/#\/schema\/logo\/image\/\"},\"sameAs\":[\"https:\/\/www.facebook.com\/corralon.sanchez.belen\",\"https:\/\/www.instagram.com\/corralon.sanchez\/\"]}]}<\/script>\n<!-- \/ Yoast SEO plugin. -->","yoast_head_json":{"title":"Esmalte sintetico alta temperatura tersuave - Corralon Sanchez","description":"Esmalte de terminaci\u00f3n, de secado al aire. Elaborado a base de resinas alqu\u00eddicas siliconadas y pigmentos de alta calidad y solidez a la luz. tiene buen brillo y resistencia a la intemperie.","robots":{"index":"index","follow":"follow","max-snippet":"max-snippet:-1","max-image-preview":"max-image-preview:large","max-video-preview":"max-video-preview:-1"},"canonical":"https:\/\/corralonsanchezbelen.com\/index.php\/producto\/esmalte-sintetico-alta-temperatura-tersuave\/","og_locale":"es_ES","og_type":"article","og_title":"Esmalte sintetico alta temperatura tersuave - Corralon Sanchez","og_description":"Esmalte de terminaci\u00f3n, de secado al aire. Elaborado a base de resinas alqu\u00eddicas siliconadas y pigmentos de alta calidad y solidez a la luz. tiene buen brillo y resistencia a la intemperie.","og_url":"https:\/\/corralonsanchezbelen.com\/index.php\/producto\/esmalte-sintetico-alta-temperatura-tersuave\/","og_site_name":"Corralon Sanchez","article_publisher":"https:\/\/www.facebook.com\/corralon.sanchez.belen","article_modified_time":"2024-07-12T04:25:06+00:00","og_image":[{"width":386,"height":500,"url":"https:\/\/corralonsanchezbelen.com\/wp-content\/uploads\/2024\/07\/D_NQ_NP_815335-MLU69674949777_052023-O.webp","type":"image\/webp"}],"twitter_card":"summary_large_image","twitter_misc":{"Tiempo de lectura":"2 minutos"},"schema":{"@context":"https:\/\/schema.org","@graph":[{"@type":"WebPage","@id":"https:\/\/corralonsanchezbelen.com\/index.php\/producto\/esmalte-sintetico-alta-temperatura-tersuave\/","url":"https:\/\/corralonsanchezbelen.com\/index.php\/producto\/esmalte-sintetico-alta-temperatura-tersuave\/","name":"Esmalte sintetico alta temperatura tersuave - Corralon Sanchez","isPartOf":{"@id":"https:\/\/corralonsanchezbelen.com\/#website"},"primaryImageOfPage":{"@id":"https:\/\/corralonsanchezbelen.com\/index.php\/producto\/esmalte-sintetico-alta-temperatura-tersuave\/#primaryimage"},"image":{"@id":"https:\/\/corralonsanchezbelen.com\/index.php\/producto\/esmalte-sintetico-alta-temperatura-tersuave\/#primaryimage"},"thumbnailUrl":"https:\/\/corralonsanchezbelen.com\/wp-content\/uploads\/2024\/07\/D_NQ_NP_815335-MLU69674949777_052023-O.webp","datePublished":"2024-07-09T23:13:30+00:00","dateModified":"2024-07-12T04:25:06+00:00","description":"Esmalte de terminaci\u00f3n, de secado al aire. Elaborado a base de resinas alqu\u00eddicas siliconadas y pigmentos de alta calidad y solidez a la luz. tiene buen brillo y resistencia a la intemperie.","breadcrumb":{"@id":"https:\/\/corralonsanchezbelen.com\/index.php\/producto\/esmalte-sintetico-alta-temperatura-tersuave\/#breadcrumb"},"inLanguage":"es","potentialAction":[{"@type":"ReadAction","target":["https:\/\/corralonsanchezbelen.com\/index.php\/producto\/esmalte-sintetico-alta-temperatura-tersuave\/"]}]},{"@type":"ImageObject","inLanguage":"es","@id":"https:\/\/corralonsanchezbelen.com\/index.php\/producto\/esmalte-sintetico-alta-temperatura-tersuave\/#primaryimage","url":"https:\/\/corralonsanchezbelen.com\/wp-content\/uploads\/2024\/07\/D_NQ_NP_815335-MLU69674949777_052023-O.webp","contentUrl":"https:\/\/corralonsanchezbelen.com\/wp-content\/uploads\/2024\/07\/D_NQ_NP_815335-MLU69674949777_052023-O.webp","width":386,"height":500},{"@type":"BreadcrumbList","@id":"https:\/\/corralonsanchezbelen.com\/index.php\/producto\/esmalte-sintetico-alta-temperatura-tersuave\/#breadcrumb","itemListElement":[{"@type":"ListItem","position":1,"name":"Portada","item":"https:\/\/corralonsanchezbelen.com\/"},{"@type":"ListItem","position":2,"name":"Tienda","item":"https:\/\/corralonsanchezbelen.com\/index.php\/tienda-2\/"},{"@type":"ListItem","position":3,"name":"Esmalte sintetico alta temperatura tersuave"}]},{"@type":"WebSite","@id":"https:\/\/corralonsanchezbelen.com\/#website","url":"https:\/\/corralonsanchezbelen.com\/","name":"Corralon Sanchez","description":"El maestro de la construcci\u00f3n.","publisher":{"@id":"https:\/\/corralonsanchezbelen.com\/#organization"},"potentialAction":[{"@type":"SearchAction","target":{"@type":"EntryPoint","urlTemplate":"https:\/\/corralonsanchezbelen.com\/?s={search_term_string}"},"query-input":{"@type":"PropertyValueSpecification","valueRequired":true,"valueName":"search_term_string"}}],"inLanguage":"es"},{"@type":"Organization","@id":"https:\/\/corralonsanchezbelen.com\/#organization","name":"Corralon Sanchez","url":"https:\/\/corralonsanchezbelen.com\/","logo":{"@type":"ImageObject","inLanguage":"es","@id":"https:\/\/corralonsanchezbelen.com\/#\/schema\/logo\/image\/","url":"https:\/\/corralonsanchezbelen.com\/wp-content\/uploads\/2024\/06\/Diseno-sin-tituloq.png","contentUrl":"https:\/\/corralonsanchezbelen.com\/wp-content\/uploads\/2024\/06\/Diseno-sin-tituloq.png","width":1080,"height":1080,"caption":"Corralon Sanchez"},"image":{"@id":"https:\/\/corralonsanchezbelen.com\/#\/schema\/logo\/image\/"},"sameAs":["https:\/\/www.facebook.com\/corralon.sanchez.belen","https:\/\/www.instagram.com\/corralon.sanchez\/"]}]}},"_links":{"self":[{"href":"https:\/\/corralonsanchezbelen.com\/index.php\/wp-json\/wp\/v2\/product\/2018","targetHints":{"allow":["GET"]}}],"collection":[{"href":"https:\/\/corralonsanchezbelen.com\/index.php\/wp-json\/wp\/v2\/product"}],"about":[{"href":"https:\/\/corralonsanchezbelen.com\/index.php\/wp-json\/wp\/v2\/types\/product"}],"replies":[{"embeddable":true,"href":"https:\/\/corralonsanchezbelen.com\/index.php\/wp-json\/wp\/v2\/comments?post=2018"}],"wp:featuredmedia":[{"embeddable":true,"href":"https:\/\/corralonsanchezbelen.com\/index.php\/wp-json\/wp\/v2\/media\/2019"}],"wp:attachment":[{"href":"https:\/\/corralonsanchezbelen.com\/index.php\/wp-json\/wp\/v2\/media?parent=2018"}],"wp:term":[{"taxonomy":"product_brand","embeddable":true,"href":"https:\/\/corralonsanchezbelen.com\/index.php\/wp-json\/wp\/v2\/product_brand?post=2018"},{"taxonomy":"product_cat","embeddable":true,"href":"https:\/\/corralonsanchezbelen.com\/index.php\/wp-json\/wp\/v2\/product_cat?post=2018"},{"taxonomy":"product_tag","embeddable":true,"href":"https:\/\/corralonsanchezbelen.com\/index.php\/wp-json\/wp\/v2\/product_tag?post=2018"}],"curies":[{"name":"wp","href":"https:\/\/api.w.org\/{rel}","templated":true}]}}