{"id":2016,"date":"2024-07-09T20:08:52","date_gmt":"2024-07-09T23:08:52","guid":{"rendered":"https:\/\/corralonsanchezbelen.com\/?post_type=product&#038;p=2016"},"modified":"2024-07-12T01:25:38","modified_gmt":"2024-07-12T04:25:38","slug":"tersidryl-con-pelicula-mate","status":"publish","type":"product","link":"https:\/\/corralonsanchezbelen.com\/index.php\/producto\/tersidryl-con-pelicula-mate\/","title":{"rendered":"Tersidryl con pel\u00edcula mate"},"content":{"rendered":"<p>Preparaci\u00f3n de la superficie : La superficie debe estar limpia, seca y exenta de polvo, grasas, aceites, jabones, ceras u otros desmoldantes o contaminantes. Si la superficie presenta manchas debidas a migraci\u00f3n de sales, debe realizarse un tratamiento con soluci\u00f3n de \u00e1cido muri\u00e1tico al 10 % en agua, seguido por un enjuague con abundante agua y dejar secar durante 48 horas antes de aplicar Tersidryl. Si hay presencia de hongos, moho o verd\u00edn, tratar con una soluci\u00f3n de agua lavandina al 10 % y enjuagar con agua. Dejar secar durante 48 horas .No se recomienda aplicar Tersidryl si se prev\u00e9n lluvias en las siguientes 24 horas. Aplicar mano tras mano (wet on wet) dentro de las 24 horas, antes que \u00e9sta haya secado totalmente.<\/p>\n<p>Preparaci\u00f3n del producto : Homogeneizar cuidadosamente a mano con una varilla agitadora realizando movimientos circulares o en forma de ocho, a fin de no incorporar aire, y diluir como convenga seg\u00fan la absorci\u00f3n de la superficie a tratar. Las temperaturas de aplicaci\u00f3n mencionadas en los datos t\u00e9cnicos se refieren tanto al ambiente como al sustrato a pintar.<\/p>\n<p>Diluci\u00f3n : La diluci\u00f3n depender\u00e1 de la absorci\u00f3n de la superficie. se recomienda ensayar sobre un \u00e1rea peque\u00f1a y verificar a las 24 horas que no hayan quedado manchas.<\/p>\n<p>M\u00e9todos de aplicaci\u00f3n : Puede ser aplicado con pincel, soplete o pulverizador.<\/p>\n","protected":false},"excerpt":{"rendered":"<p>Hidrorepelente siliconado de base acuosa que impide el ingreso de agua a la superficie logrando protecci\u00f3n y manteniendo el aspecto natural del sustrato.<\/p>\n","protected":false},"featured_media":2017,"comment_status":"open","ping_status":"closed","template":"","meta":[],"product_brand":[],"product_cat":[92,91,31,89],"product_tag":[49],"class_list":{"0":"post-2016","1":"product","2":"type-product","3":"status-publish","4":"has-post-thumbnail","6":"product_cat-barnices","7":"product_cat-esmalte-sintetico","8":"product_cat-pintura","9":"product_cat-tersuave","10":"product_tag-tersuave","12":"first","13":"instock","14":"taxable","15":"shipping-taxable","16":"product-type-simple"},"yoast_head":"<!-- This site is optimized with the Yoast SEO plugin v24.7 - https:\/\/yoast.com\/wordpress\/plugins\/seo\/ -->\n<title>Tersidryl con pel\u00edcula mate - Corralon Sanchez<\/title>\n<meta name=\"description\" content=\"Hidrorepelente siliconado de base acuosa que impide el ingreso de agua a la superficie logrando protecci\u00f3n y manteniendo el aspecto natural del sustrato.\" \/>\n<meta name=\"robots\" content=\"index, follow, max-snippet:-1, max-image-preview:large, max-video-preview:-1\" \/>\n<link rel=\"canonical\" href=\"https:\/\/corralonsanchezbelen.com\/index.php\/producto\/tersidryl-con-pelicula-mate\/\" \/>\n<meta property=\"og:locale\" content=\"es_ES\" \/>\n<meta property=\"og:type\" content=\"article\" \/>\n<meta property=\"og:title\" content=\"Tersidryl con pel\u00edcula mate - Corralon Sanchez\" \/>\n<meta property=\"og:description\" content=\"Hidrorepelente siliconado de base acuosa que impide el ingreso de agua a la superficie logrando protecci\u00f3n y manteniendo el aspecto natural del sustrato.\" \/>\n<meta property=\"og:url\" content=\"https:\/\/corralonsanchezbelen.com\/index.php\/producto\/tersidryl-con-pelicula-mate\/\" \/>\n<meta property=\"og:site_name\" content=\"Corralon Sanchez\" \/>\n<meta property=\"article:publisher\" content=\"https:\/\/www.facebook.com\/corralon.sanchez.belen\" \/>\n<meta property=\"article:modified_time\" content=\"2024-07-12T04:25:38+00:00\" \/>\n<meta property=\"og:image\" content=\"https:\/\/corralonsanchezbelen.com\/wp-content\/uploads\/2024\/07\/D_NQ_NP_750470-MLA76010244577_042024-O.webp\" \/>\n\t<meta property=\"og:image:width\" content=\"500\" \/>\n\t<meta property=\"og:image:height\" content=\"498\" \/>\n\t<meta property=\"og:image:type\" content=\"image\/webp\" \/>\n<meta name=\"twitter:card\" content=\"summary_large_image\" \/>\n<meta name=\"twitter:label1\" content=\"Tiempo de lectura\" \/>\n\t<meta name=\"twitter:data1\" content=\"2 minutos\" \/>\n<script type=\"application\/ld+json\" class=\"yoast-schema-graph\">{\"@context\":\"https:\/\/schema.org\",\"@graph\":[{\"@type\":\"WebPage\",\"@id\":\"https:\/\/corralonsanchezbelen.com\/index.php\/producto\/tersidryl-con-pelicula-mate\/\",\"url\":\"https:\/\/corralonsanchezbelen.com\/index.php\/producto\/tersidryl-con-pelicula-mate\/\",\"name\":\"Tersidryl con pel\u00edcula mate - Corralon Sanchez\",\"isPartOf\":{\"@id\":\"https:\/\/corralonsanchezbelen.com\/#website\"},\"primaryImageOfPage\":{\"@id\":\"https:\/\/corralonsanchezbelen.com\/index.php\/producto\/tersidryl-con-pelicula-mate\/#primaryimage\"},\"image\":{\"@id\":\"https:\/\/corralonsanchezbelen.com\/index.php\/producto\/tersidryl-con-pelicula-mate\/#primaryimage\"},\"thumbnailUrl\":\"https:\/\/corralonsanchezbelen.com\/wp-content\/uploads\/2024\/07\/D_NQ_NP_750470-MLA76010244577_042024-O.webp\",\"datePublished\":\"2024-07-09T23:08:52+00:00\",\"dateModified\":\"2024-07-12T04:25:38+00:00\",\"description\":\"Hidrorepelente siliconado de base acuosa que impide el ingreso de agua a la superficie logrando protecci\u00f3n y manteniendo el aspecto natural del sustrato.\",\"breadcrumb\":{\"@id\":\"https:\/\/corralonsanchezbelen.com\/index.php\/producto\/tersidryl-con-pelicula-mate\/#breadcrumb\"},\"inLanguage\":\"es\",\"potentialAction\":[{\"@type\":\"ReadAction\",\"target\":[\"https:\/\/corralonsanchezbelen.com\/index.php\/producto\/tersidryl-con-pelicula-mate\/\"]}]},{\"@type\":\"ImageObject\",\"inLanguage\":\"es\",\"@id\":\"https:\/\/corralonsanchezbelen.com\/index.php\/producto\/tersidryl-con-pelicula-mate\/#primaryimage\",\"url\":\"https:\/\/corralonsanchezbelen.com\/wp-content\/uploads\/2024\/07\/D_NQ_NP_750470-MLA76010244577_042024-O.webp\",\"contentUrl\":\"https:\/\/corralonsanchezbelen.com\/wp-content\/uploads\/2024\/07\/D_NQ_NP_750470-MLA76010244577_042024-O.webp\",\"width\":500,\"height\":498},{\"@type\":\"BreadcrumbList\",\"@id\":\"https:\/\/corralonsanchezbelen.com\/index.php\/producto\/tersidryl-con-pelicula-mate\/#breadcrumb\",\"itemListElement\":[{\"@type\":\"ListItem\",\"position\":1,\"name\":\"Portada\",\"item\":\"https:\/\/corralonsanchezbelen.com\/\"},{\"@type\":\"ListItem\",\"position\":2,\"name\":\"Tienda\",\"item\":\"https:\/\/corralonsanchezbelen.com\/index.php\/tienda-2\/\"},{\"@type\":\"ListItem\",\"position\":3,\"name\":\"Tersidryl con pel\u00edcula mate\"}]},{\"@type\":\"WebSite\",\"@id\":\"https:\/\/corralonsanchezbelen.com\/#website\",\"url\":\"https:\/\/corralonsanchezbelen.com\/\",\"name\":\"Corralon Sanchez\",\"description\":\"El maestro de la construcci\u00f3n.\",\"publisher\":{\"@id\":\"https:\/\/corralonsanchezbelen.com\/#organization\"},\"potentialAction\":[{\"@type\":\"SearchAction\",\"target\":{\"@type\":\"EntryPoint\",\"urlTemplate\":\"https:\/\/corralonsanchezbelen.com\/?s={search_term_string}\"},\"query-input\":{\"@type\":\"PropertyValueSpecification\",\"valueRequired\":true,\"valueName\":\"search_term_string\"}}],\"inLanguage\":\"es\"},{\"@type\":\"Organization\",\"@id\":\"https:\/\/corralonsanchezbelen.com\/#organization\",\"name\":\"Corralon Sanchez\",\"url\":\"https:\/\/corralonsanchezbelen.com\/\",\"logo\":{\"@type\":\"ImageObject\",\"inLanguage\":\"es\",\"@id\":\"https:\/\/corralonsanchezbelen.com\/#\/schema\/logo\/image\/\",\"url\":\"https:\/\/corralonsanchezbelen.com\/wp-content\/uploads\/2024\/06\/Diseno-sin-tituloq.png\",\"contentUrl\":\"https:\/\/corralonsanchezbelen.com\/wp-content\/uploads\/2024\/06\/Diseno-sin-tituloq.png\",\"width\":1080,\"height\":1080,\"caption\":\"Corralon Sanchez\"},\"image\":{\"@id\":\"https:\/\/corralonsanchezbelen.com\/#\/schema\/logo\/image\/\"},\"sameAs\":[\"https:\/\/www.facebook.com\/corralon.sanchez.belen\",\"https:\/\/www.instagram.com\/corralon.sanchez\/\"]}]}<\/script>\n<!-- \/ Yoast SEO plugin. -->","yoast_head_json":{"title":"Tersidryl con pel\u00edcula mate - Corralon Sanchez","description":"Hidrorepelente siliconado de base acuosa que impide el ingreso de agua a la superficie logrando protecci\u00f3n y manteniendo el aspecto natural del sustrato.","robots":{"index":"index","follow":"follow","max-snippet":"max-snippet:-1","max-image-preview":"max-image-preview:large","max-video-preview":"max-video-preview:-1"},"canonical":"https:\/\/corralonsanchezbelen.com\/index.php\/producto\/tersidryl-con-pelicula-mate\/","og_locale":"es_ES","og_type":"article","og_title":"Tersidryl con pel\u00edcula mate - Corralon Sanchez","og_description":"Hidrorepelente siliconado de base acuosa que impide el ingreso de agua a la superficie logrando protecci\u00f3n y manteniendo el aspecto natural del sustrato.","og_url":"https:\/\/corralonsanchezbelen.com\/index.php\/producto\/tersidryl-con-pelicula-mate\/","og_site_name":"Corralon Sanchez","article_publisher":"https:\/\/www.facebook.com\/corralon.sanchez.belen","article_modified_time":"2024-07-12T04:25:38+00:00","og_image":[{"width":500,"height":498,"url":"https:\/\/corralonsanchezbelen.com\/wp-content\/uploads\/2024\/07\/D_NQ_NP_750470-MLA76010244577_042024-O.webp","type":"image\/webp"}],"twitter_card":"summary_large_image","twitter_misc":{"Tiempo de lectura":"2 minutos"},"schema":{"@context":"https:\/\/schema.org","@graph":[{"@type":"WebPage","@id":"https:\/\/corralonsanchezbelen.com\/index.php\/producto\/tersidryl-con-pelicula-mate\/","url":"https:\/\/corralonsanchezbelen.com\/index.php\/producto\/tersidryl-con-pelicula-mate\/","name":"Tersidryl con pel\u00edcula mate - Corralon Sanchez","isPartOf":{"@id":"https:\/\/corralonsanchezbelen.com\/#website"},"primaryImageOfPage":{"@id":"https:\/\/corralonsanchezbelen.com\/index.php\/producto\/tersidryl-con-pelicula-mate\/#primaryimage"},"image":{"@id":"https:\/\/corralonsanchezbelen.com\/index.php\/producto\/tersidryl-con-pelicula-mate\/#primaryimage"},"thumbnailUrl":"https:\/\/corralonsanchezbelen.com\/wp-content\/uploads\/2024\/07\/D_NQ_NP_750470-MLA76010244577_042024-O.webp","datePublished":"2024-07-09T23:08:52+00:00","dateModified":"2024-07-12T04:25:38+00:00","description":"Hidrorepelente siliconado de base acuosa que impide el ingreso de agua a la superficie logrando protecci\u00f3n y manteniendo el aspecto natural del sustrato.","breadcrumb":{"@id":"https:\/\/corralonsanchezbelen.com\/index.php\/producto\/tersidryl-con-pelicula-mate\/#breadcrumb"},"inLanguage":"es","potentialAction":[{"@type":"ReadAction","target":["https:\/\/corralonsanchezbelen.com\/index.php\/producto\/tersidryl-con-pelicula-mate\/"]}]},{"@type":"ImageObject","inLanguage":"es","@id":"https:\/\/corralonsanchezbelen.com\/index.php\/producto\/tersidryl-con-pelicula-mate\/#primaryimage","url":"https:\/\/corralonsanchezbelen.com\/wp-content\/uploads\/2024\/07\/D_NQ_NP_750470-MLA76010244577_042024-O.webp","contentUrl":"https:\/\/corralonsanchezbelen.com\/wp-content\/uploads\/2024\/07\/D_NQ_NP_750470-MLA76010244577_042024-O.webp","width":500,"height":498},{"@type":"BreadcrumbList","@id":"https:\/\/corralonsanchezbelen.com\/index.php\/producto\/tersidryl-con-pelicula-mate\/#breadcrumb","itemListElement":[{"@type":"ListItem","position":1,"name":"Portada","item":"https:\/\/corralonsanchezbelen.com\/"},{"@type":"ListItem","position":2,"name":"Tienda","item":"https:\/\/corralonsanchezbelen.com\/index.php\/tienda-2\/"},{"@type":"ListItem","position":3,"name":"Tersidryl con pel\u00edcula mate"}]},{"@type":"WebSite","@id":"https:\/\/corralonsanchezbelen.com\/#website","url":"https:\/\/corralonsanchezbelen.com\/","name":"Corralon Sanchez","description":"El maestro de la construcci\u00f3n.","publisher":{"@id":"https:\/\/corralonsanchezbelen.com\/#organization"},"potentialAction":[{"@type":"SearchAction","target":{"@type":"EntryPoint","urlTemplate":"https:\/\/corralonsanchezbelen.com\/?s={search_term_string}"},"query-input":{"@type":"PropertyValueSpecification","valueRequired":true,"valueName":"search_term_string"}}],"inLanguage":"es"},{"@type":"Organization","@id":"https:\/\/corralonsanchezbelen.com\/#organization","name":"Corralon Sanchez","url":"https:\/\/corralonsanchezbelen.com\/","logo":{"@type":"ImageObject","inLanguage":"es","@id":"https:\/\/corralonsanchezbelen.com\/#\/schema\/logo\/image\/","url":"https:\/\/corralonsanchezbelen.com\/wp-content\/uploads\/2024\/06\/Diseno-sin-tituloq.png","contentUrl":"https:\/\/corralonsanchezbelen.com\/wp-content\/uploads\/2024\/06\/Diseno-sin-tituloq.png","width":1080,"height":1080,"caption":"Corralon Sanchez"},"image":{"@id":"https:\/\/corralonsanchezbelen.com\/#\/schema\/logo\/image\/"},"sameAs":["https:\/\/www.facebook.com\/corralon.sanchez.belen","https:\/\/www.instagram.com\/corralon.sanchez\/"]}]}},"_links":{"self":[{"href":"https:\/\/corralonsanchezbelen.com\/index.php\/wp-json\/wp\/v2\/product\/2016","targetHints":{"allow":["GET"]}}],"collection":[{"href":"https:\/\/corralonsanchezbelen.com\/index.php\/wp-json\/wp\/v2\/product"}],"about":[{"href":"https:\/\/corralonsanchezbelen.com\/index.php\/wp-json\/wp\/v2\/types\/product"}],"replies":[{"embeddable":true,"href":"https:\/\/corralonsanchezbelen.com\/index.php\/wp-json\/wp\/v2\/comments?post=2016"}],"wp:featuredmedia":[{"embeddable":true,"href":"https:\/\/corralonsanchezbelen.com\/index.php\/wp-json\/wp\/v2\/media\/2017"}],"wp:attachment":[{"href":"https:\/\/corralonsanchezbelen.com\/index.php\/wp-json\/wp\/v2\/media?parent=2016"}],"wp:term":[{"taxonomy":"product_brand","embeddable":true,"href":"https:\/\/corralonsanchezbelen.com\/index.php\/wp-json\/wp\/v2\/product_brand?post=2016"},{"taxonomy":"product_cat","embeddable":true,"href":"https:\/\/corralonsanchezbelen.com\/index.php\/wp-json\/wp\/v2\/product_cat?post=2016"},{"taxonomy":"product_tag","embeddable":true,"href":"https:\/\/corralonsanchezbelen.com\/index.php\/wp-json\/wp\/v2\/product_tag?post=2016"}],"curies":[{"name":"wp","href":"https:\/\/api.w.org\/{rel}","templated":true}]}}