{"id":2012,"date":"2024-07-09T20:02:55","date_gmt":"2024-07-09T23:02:55","guid":{"rendered":"https:\/\/corralonsanchezbelen.com\/?post_type=product&#038;p=2012"},"modified":"2024-07-12T01:25:53","modified_gmt":"2024-07-12T04:25:53","slug":"fondo-blanco-para-madera-tersuave","status":"publish","type":"product","link":"https:\/\/corralonsanchezbelen.com\/index.php\/producto\/fondo-blanco-para-madera-tersuave\/","title":{"rendered":"Fondo blanco para madera tersuave"},"content":{"rendered":"<p>La superficie debe estar limpia, seca, libre de grasitud y polvo. Sobre madera nueva se deber\u00e1 aplicar una primera mano de Fondo Blanco para Madera Tersuave diluido al 30% de aguarr\u00e1s mineral con el objeto de asegurar m\u00e1xima penetraci\u00f3n y un correcto anclaje al sustrato. Se completar\u00e1 el esquema aplicando al menos una mano adicional de Fondo Blanco con m\u00ednima diluci\u00f3n, esperando 8 hs. entre manos. Lijar antes de la aplicaci\u00f3n del Esmalte. Posteriormente, como acabado final, aplicar dos manos de Esmalte Sint\u00e9tico Multiprop\u00f3sito Tersuave o Esmalte al agua Tersuave. Para ampliar la gama de colores emplear Entonador Universal Tersuave teniendo en cuenta de no sobrepasar 30 cc. por litro de producto. Su aplicaci\u00f3n puede realizarse con pincel, rodillo o soplete. En caso de ser necesario diluir, emplear aguarr\u00e1s mineral, as\u00ed como tambi\u00e9n para realizar la limpieza de los elementos empleados en el pintado, antes que sequen. En caso de aplicaci\u00f3n con soplete usar solvente industrial.<\/p>\n<p>&nbsp;<\/p>\n<p><strong>Tipo de veh\u00cdculo<\/strong>\u00a0: Alqu\u00eddico<br \/>\n<strong>No. de componentes<\/strong>\u00a0: 1<br \/>\n<strong>Peso espec\u00cdfico<\/strong>\u00a0: 1.34 \u00b1 0.02 kg\/l<br \/>\n<strong>Viscosidad (copa ford 4, 25\u00ba c)<\/strong>\u00a0: 120\u201d<br \/>\n<strong>Contenido de s\u00f3lidos<\/strong>\u00a0: Por peso 68 \u00b1 1 %<br \/>\n<strong>Tiempo de secado (25\u00ba c, 50% hra)<\/strong>\u00a0: Al tacto minutos Repintar 8 horas Curado total 7 d\u00edas<br \/>\n<strong>Temperatura de aplicaci\u00f3n<\/strong>\u00a0: M\u00ednima 5\u00b0 c M\u00e1xima 35\u00b0 C<br \/>\n<strong>Temperatura de servicio<\/strong>\u00a0: M\u00ednima 0\u00b0 c M\u00e1xima 80\u00b0 C<br \/>\n<strong>N\u00damero de manos sugeridas<\/strong>\u00a0: 1 a 2<br \/>\n<strong>Colores<\/strong>\u00a0: Blanco (puede entonarse con con Entonador Universal Tersuave m\u00e1ximo 30 cm3 por litro de esmalte)<br \/>\n<strong>Brillo<\/strong>\u00a0: Mate<br \/>\n<strong>Estabilidad en el envase (shelf life)<\/strong>\u00a0: 2 a\u00f1os<br \/>\n<strong>Rendimiento<\/strong>\u00a0: 10 a 12 m2 por litro y por mano<br \/>\n<strong>Diluyente y limpieza<\/strong>\u00a0: Aguarr\u00e1s mineral\/solvente industrial (soplete)<br \/>\n<strong>Presentaciones<\/strong>\u00a0: \u00bc, \u00bd, 1, 4 y 20 litros<\/p>\n","protected":false},"excerpt":{"rendered":"<p>El Fondo Blanco para Madera Tersuave est\u00e1 formulado con resinas alqu\u00eddicas y pigmentos de alta calidad que aseguran la nivelaci\u00f3n de la absorci\u00f3n y la adherencia sobre madera. USOS: Puede emplearse tanto para el pintado en exteriores como en interiores.<\/p>\n","protected":false},"featured_media":2013,"comment_status":"open","ping_status":"closed","template":"","meta":[],"product_brand":[],"product_cat":[92,91,31,89],"product_tag":[49],"class_list":{"0":"post-2012","1":"product","2":"type-product","3":"status-publish","4":"has-post-thumbnail","6":"product_cat-barnices","7":"product_cat-esmalte-sintetico","8":"product_cat-pintura","9":"product_cat-tersuave","10":"product_tag-tersuave","12":"first","13":"instock","14":"taxable","15":"shipping-taxable","16":"product-type-simple"},"yoast_head":"<!-- This site is optimized with the Yoast SEO plugin v24.7 - https:\/\/yoast.com\/wordpress\/plugins\/seo\/ -->\n<title>Fondo blanco para madera tersuave - Corralon Sanchez<\/title>\n<meta name=\"description\" content=\"El Fondo Blanco para Madera Tersuave est\u00e1 formulado con resinas alqu\u00eddicas y pigmentos de alta calidad que aseguran la nivelaci\u00f3n de la absorci\u00f3n y la adherencia sobre madera. USOS: Puede emplearse tanto para el pintado en exteriores como en interiores.\" \/>\n<meta name=\"robots\" content=\"index, follow, max-snippet:-1, max-image-preview:large, max-video-preview:-1\" \/>\n<link rel=\"canonical\" href=\"https:\/\/corralonsanchezbelen.com\/index.php\/producto\/fondo-blanco-para-madera-tersuave\/\" \/>\n<meta property=\"og:locale\" content=\"es_ES\" \/>\n<meta property=\"og:type\" content=\"article\" \/>\n<meta property=\"og:title\" content=\"Fondo blanco para madera tersuave - Corralon Sanchez\" \/>\n<meta property=\"og:description\" content=\"El Fondo Blanco para Madera Tersuave est\u00e1 formulado con resinas alqu\u00eddicas y pigmentos de alta calidad que aseguran la nivelaci\u00f3n de la absorci\u00f3n y la adherencia sobre madera. USOS: Puede emplearse tanto para el pintado en exteriores como en interiores.\" \/>\n<meta property=\"og:url\" content=\"https:\/\/corralonsanchezbelen.com\/index.php\/producto\/fondo-blanco-para-madera-tersuave\/\" \/>\n<meta property=\"og:site_name\" content=\"Corralon Sanchez\" \/>\n<meta property=\"article:publisher\" content=\"https:\/\/www.facebook.com\/corralon.sanchez.belen\" \/>\n<meta property=\"article:modified_time\" content=\"2024-07-12T04:25:53+00:00\" \/>\n<meta property=\"og:image\" content=\"https:\/\/corralonsanchezbelen.com\/wp-content\/uploads\/2024\/07\/D_NQ_NP_728586-MLU75010579738_032024-O.webp\" \/>\n\t<meta property=\"og:image:width\" content=\"393\" \/>\n\t<meta property=\"og:image:height\" content=\"500\" \/>\n\t<meta property=\"og:image:type\" content=\"image\/webp\" \/>\n<meta name=\"twitter:card\" content=\"summary_large_image\" \/>\n<meta name=\"twitter:label1\" content=\"Tiempo de lectura\" \/>\n\t<meta name=\"twitter:data1\" content=\"2 minutos\" \/>\n<script type=\"application\/ld+json\" class=\"yoast-schema-graph\">{\"@context\":\"https:\/\/schema.org\",\"@graph\":[{\"@type\":\"WebPage\",\"@id\":\"https:\/\/corralonsanchezbelen.com\/index.php\/producto\/fondo-blanco-para-madera-tersuave\/\",\"url\":\"https:\/\/corralonsanchezbelen.com\/index.php\/producto\/fondo-blanco-para-madera-tersuave\/\",\"name\":\"Fondo blanco para madera tersuave - Corralon Sanchez\",\"isPartOf\":{\"@id\":\"https:\/\/corralonsanchezbelen.com\/#website\"},\"primaryImageOfPage\":{\"@id\":\"https:\/\/corralonsanchezbelen.com\/index.php\/producto\/fondo-blanco-para-madera-tersuave\/#primaryimage\"},\"image\":{\"@id\":\"https:\/\/corralonsanchezbelen.com\/index.php\/producto\/fondo-blanco-para-madera-tersuave\/#primaryimage\"},\"thumbnailUrl\":\"https:\/\/corralonsanchezbelen.com\/wp-content\/uploads\/2024\/07\/D_NQ_NP_728586-MLU75010579738_032024-O.webp\",\"datePublished\":\"2024-07-09T23:02:55+00:00\",\"dateModified\":\"2024-07-12T04:25:53+00:00\",\"description\":\"El Fondo Blanco para Madera Tersuave est\u00e1 formulado con resinas alqu\u00eddicas y pigmentos de alta calidad que aseguran la nivelaci\u00f3n de la absorci\u00f3n y la adherencia sobre madera. USOS: Puede emplearse tanto para el pintado en exteriores como en interiores.\",\"breadcrumb\":{\"@id\":\"https:\/\/corralonsanchezbelen.com\/index.php\/producto\/fondo-blanco-para-madera-tersuave\/#breadcrumb\"},\"inLanguage\":\"es\",\"potentialAction\":[{\"@type\":\"ReadAction\",\"target\":[\"https:\/\/corralonsanchezbelen.com\/index.php\/producto\/fondo-blanco-para-madera-tersuave\/\"]}]},{\"@type\":\"ImageObject\",\"inLanguage\":\"es\",\"@id\":\"https:\/\/corralonsanchezbelen.com\/index.php\/producto\/fondo-blanco-para-madera-tersuave\/#primaryimage\",\"url\":\"https:\/\/corralonsanchezbelen.com\/wp-content\/uploads\/2024\/07\/D_NQ_NP_728586-MLU75010579738_032024-O.webp\",\"contentUrl\":\"https:\/\/corralonsanchezbelen.com\/wp-content\/uploads\/2024\/07\/D_NQ_NP_728586-MLU75010579738_032024-O.webp\",\"width\":393,\"height\":500},{\"@type\":\"BreadcrumbList\",\"@id\":\"https:\/\/corralonsanchezbelen.com\/index.php\/producto\/fondo-blanco-para-madera-tersuave\/#breadcrumb\",\"itemListElement\":[{\"@type\":\"ListItem\",\"position\":1,\"name\":\"Portada\",\"item\":\"https:\/\/corralonsanchezbelen.com\/\"},{\"@type\":\"ListItem\",\"position\":2,\"name\":\"Tienda\",\"item\":\"https:\/\/corralonsanchezbelen.com\/index.php\/tienda-2\/\"},{\"@type\":\"ListItem\",\"position\":3,\"name\":\"Fondo blanco para madera tersuave\"}]},{\"@type\":\"WebSite\",\"@id\":\"https:\/\/corralonsanchezbelen.com\/#website\",\"url\":\"https:\/\/corralonsanchezbelen.com\/\",\"name\":\"Corralon Sanchez\",\"description\":\"El maestro de la construcci\u00f3n.\",\"publisher\":{\"@id\":\"https:\/\/corralonsanchezbelen.com\/#organization\"},\"potentialAction\":[{\"@type\":\"SearchAction\",\"target\":{\"@type\":\"EntryPoint\",\"urlTemplate\":\"https:\/\/corralonsanchezbelen.com\/?s={search_term_string}\"},\"query-input\":{\"@type\":\"PropertyValueSpecification\",\"valueRequired\":true,\"valueName\":\"search_term_string\"}}],\"inLanguage\":\"es\"},{\"@type\":\"Organization\",\"@id\":\"https:\/\/corralonsanchezbelen.com\/#organization\",\"name\":\"Corralon Sanchez\",\"url\":\"https:\/\/corralonsanchezbelen.com\/\",\"logo\":{\"@type\":\"ImageObject\",\"inLanguage\":\"es\",\"@id\":\"https:\/\/corralonsanchezbelen.com\/#\/schema\/logo\/image\/\",\"url\":\"https:\/\/corralonsanchezbelen.com\/wp-content\/uploads\/2024\/06\/Diseno-sin-tituloq.png\",\"contentUrl\":\"https:\/\/corralonsanchezbelen.com\/wp-content\/uploads\/2024\/06\/Diseno-sin-tituloq.png\",\"width\":1080,\"height\":1080,\"caption\":\"Corralon Sanchez\"},\"image\":{\"@id\":\"https:\/\/corralonsanchezbelen.com\/#\/schema\/logo\/image\/\"},\"sameAs\":[\"https:\/\/www.facebook.com\/corralon.sanchez.belen\",\"https:\/\/www.instagram.com\/corralon.sanchez\/\"]}]}<\/script>\n<!-- \/ Yoast SEO plugin. -->","yoast_head_json":{"title":"Fondo blanco para madera tersuave - Corralon Sanchez","description":"El Fondo Blanco para Madera Tersuave est\u00e1 formulado con resinas alqu\u00eddicas y pigmentos de alta calidad que aseguran la nivelaci\u00f3n de la absorci\u00f3n y la adherencia sobre madera. USOS: Puede emplearse tanto para el pintado en exteriores como en interiores.","robots":{"index":"index","follow":"follow","max-snippet":"max-snippet:-1","max-image-preview":"max-image-preview:large","max-video-preview":"max-video-preview:-1"},"canonical":"https:\/\/corralonsanchezbelen.com\/index.php\/producto\/fondo-blanco-para-madera-tersuave\/","og_locale":"es_ES","og_type":"article","og_title":"Fondo blanco para madera tersuave - Corralon Sanchez","og_description":"El Fondo Blanco para Madera Tersuave est\u00e1 formulado con resinas alqu\u00eddicas y pigmentos de alta calidad que aseguran la nivelaci\u00f3n de la absorci\u00f3n y la adherencia sobre madera. USOS: Puede emplearse tanto para el pintado en exteriores como en interiores.","og_url":"https:\/\/corralonsanchezbelen.com\/index.php\/producto\/fondo-blanco-para-madera-tersuave\/","og_site_name":"Corralon Sanchez","article_publisher":"https:\/\/www.facebook.com\/corralon.sanchez.belen","article_modified_time":"2024-07-12T04:25:53+00:00","og_image":[{"width":393,"height":500,"url":"https:\/\/corralonsanchezbelen.com\/wp-content\/uploads\/2024\/07\/D_NQ_NP_728586-MLU75010579738_032024-O.webp","type":"image\/webp"}],"twitter_card":"summary_large_image","twitter_misc":{"Tiempo de lectura":"2 minutos"},"schema":{"@context":"https:\/\/schema.org","@graph":[{"@type":"WebPage","@id":"https:\/\/corralonsanchezbelen.com\/index.php\/producto\/fondo-blanco-para-madera-tersuave\/","url":"https:\/\/corralonsanchezbelen.com\/index.php\/producto\/fondo-blanco-para-madera-tersuave\/","name":"Fondo blanco para madera tersuave - Corralon Sanchez","isPartOf":{"@id":"https:\/\/corralonsanchezbelen.com\/#website"},"primaryImageOfPage":{"@id":"https:\/\/corralonsanchezbelen.com\/index.php\/producto\/fondo-blanco-para-madera-tersuave\/#primaryimage"},"image":{"@id":"https:\/\/corralonsanchezbelen.com\/index.php\/producto\/fondo-blanco-para-madera-tersuave\/#primaryimage"},"thumbnailUrl":"https:\/\/corralonsanchezbelen.com\/wp-content\/uploads\/2024\/07\/D_NQ_NP_728586-MLU75010579738_032024-O.webp","datePublished":"2024-07-09T23:02:55+00:00","dateModified":"2024-07-12T04:25:53+00:00","description":"El Fondo Blanco para Madera Tersuave est\u00e1 formulado con resinas alqu\u00eddicas y pigmentos de alta calidad que aseguran la nivelaci\u00f3n de la absorci\u00f3n y la adherencia sobre madera. USOS: Puede emplearse tanto para el pintado en exteriores como en interiores.","breadcrumb":{"@id":"https:\/\/corralonsanchezbelen.com\/index.php\/producto\/fondo-blanco-para-madera-tersuave\/#breadcrumb"},"inLanguage":"es","potentialAction":[{"@type":"ReadAction","target":["https:\/\/corralonsanchezbelen.com\/index.php\/producto\/fondo-blanco-para-madera-tersuave\/"]}]},{"@type":"ImageObject","inLanguage":"es","@id":"https:\/\/corralonsanchezbelen.com\/index.php\/producto\/fondo-blanco-para-madera-tersuave\/#primaryimage","url":"https:\/\/corralonsanchezbelen.com\/wp-content\/uploads\/2024\/07\/D_NQ_NP_728586-MLU75010579738_032024-O.webp","contentUrl":"https:\/\/corralonsanchezbelen.com\/wp-content\/uploads\/2024\/07\/D_NQ_NP_728586-MLU75010579738_032024-O.webp","width":393,"height":500},{"@type":"BreadcrumbList","@id":"https:\/\/corralonsanchezbelen.com\/index.php\/producto\/fondo-blanco-para-madera-tersuave\/#breadcrumb","itemListElement":[{"@type":"ListItem","position":1,"name":"Portada","item":"https:\/\/corralonsanchezbelen.com\/"},{"@type":"ListItem","position":2,"name":"Tienda","item":"https:\/\/corralonsanchezbelen.com\/index.php\/tienda-2\/"},{"@type":"ListItem","position":3,"name":"Fondo blanco para madera tersuave"}]},{"@type":"WebSite","@id":"https:\/\/corralonsanchezbelen.com\/#website","url":"https:\/\/corralonsanchezbelen.com\/","name":"Corralon Sanchez","description":"El maestro de la construcci\u00f3n.","publisher":{"@id":"https:\/\/corralonsanchezbelen.com\/#organization"},"potentialAction":[{"@type":"SearchAction","target":{"@type":"EntryPoint","urlTemplate":"https:\/\/corralonsanchezbelen.com\/?s={search_term_string}"},"query-input":{"@type":"PropertyValueSpecification","valueRequired":true,"valueName":"search_term_string"}}],"inLanguage":"es"},{"@type":"Organization","@id":"https:\/\/corralonsanchezbelen.com\/#organization","name":"Corralon Sanchez","url":"https:\/\/corralonsanchezbelen.com\/","logo":{"@type":"ImageObject","inLanguage":"es","@id":"https:\/\/corralonsanchezbelen.com\/#\/schema\/logo\/image\/","url":"https:\/\/corralonsanchezbelen.com\/wp-content\/uploads\/2024\/06\/Diseno-sin-tituloq.png","contentUrl":"https:\/\/corralonsanchezbelen.com\/wp-content\/uploads\/2024\/06\/Diseno-sin-tituloq.png","width":1080,"height":1080,"caption":"Corralon Sanchez"},"image":{"@id":"https:\/\/corralonsanchezbelen.com\/#\/schema\/logo\/image\/"},"sameAs":["https:\/\/www.facebook.com\/corralon.sanchez.belen","https:\/\/www.instagram.com\/corralon.sanchez\/"]}]}},"_links":{"self":[{"href":"https:\/\/corralonsanchezbelen.com\/index.php\/wp-json\/wp\/v2\/product\/2012","targetHints":{"allow":["GET"]}}],"collection":[{"href":"https:\/\/corralonsanchezbelen.com\/index.php\/wp-json\/wp\/v2\/product"}],"about":[{"href":"https:\/\/corralonsanchezbelen.com\/index.php\/wp-json\/wp\/v2\/types\/product"}],"replies":[{"embeddable":true,"href":"https:\/\/corralonsanchezbelen.com\/index.php\/wp-json\/wp\/v2\/comments?post=2012"}],"wp:featuredmedia":[{"embeddable":true,"href":"https:\/\/corralonsanchezbelen.com\/index.php\/wp-json\/wp\/v2\/media\/2013"}],"wp:attachment":[{"href":"https:\/\/corralonsanchezbelen.com\/index.php\/wp-json\/wp\/v2\/media?parent=2012"}],"wp:term":[{"taxonomy":"product_brand","embeddable":true,"href":"https:\/\/corralonsanchezbelen.com\/index.php\/wp-json\/wp\/v2\/product_brand?post=2012"},{"taxonomy":"product_cat","embeddable":true,"href":"https:\/\/corralonsanchezbelen.com\/index.php\/wp-json\/wp\/v2\/product_cat?post=2012"},{"taxonomy":"product_tag","embeddable":true,"href":"https:\/\/corralonsanchezbelen.com\/index.php\/wp-json\/wp\/v2\/product_tag?post=2012"}],"curies":[{"name":"wp","href":"https:\/\/api.w.org\/{rel}","templated":true}]}}