{"id":2011,"date":"2024-07-09T19:57:12","date_gmt":"2024-07-09T22:57:12","guid":{"rendered":"https:\/\/corralonsanchezbelen.com\/?post_type=product&#038;p=2011"},"modified":"2024-07-12T01:26:10","modified_gmt":"2024-07-12T04:26:10","slug":"enduido-plastico-exterior-tersuave","status":"publish","type":"product","link":"https:\/\/corralonsanchezbelen.com\/index.php\/producto\/enduido-plastico-exterior-tersuave\/","title":{"rendered":"Enduido plastico exterior tersuave"},"content":{"rendered":"<p>Preparaci\u00f3n de la superficie: La superficie debe estar limpia, seca y exenta de polvo, grasas, aceites, jabones, ceras u otros desmoldantes o contaminantes. aplicar previamente una mano del fondo adecuado y dejar secar. aplicar el enduido exterior con esp\u00e1tula o llana en capas finas, dejando secar de 4 a 6 horas entre manos. finalizada la aplicaci\u00f3n, lijar y aplicar una nueva mano de fondo antes de pintar con la pintura de terminaci\u00f3n.<\/p>\n<p>Preparaci\u00f3n del producto: Se utiliza tal como es presentado.<\/p>\n<p>Diluci\u00f3n: No se diluye.<\/p>\n<p>M\u00e9todos de aplicaci\u00f3n: Esp\u00e1tula o llana.<\/p>\n","protected":false},"excerpt":{"rendered":"<p>Producto auxiliar dise\u00f1ado para corregir imperfecciones en diversas superficies. No chorrea y permite realizar distintas texturas, aplicado solo o combinado con diferentes materiales.<\/p>\n","protected":false},"featured_media":2009,"comment_status":"open","ping_status":"closed","template":"","meta":[],"product_brand":[],"product_cat":[90,31,89],"product_tag":[49],"class_list":{"0":"post-2011","1":"product","2":"type-product","3":"status-publish","4":"has-post-thumbnail","6":"product_cat-latex-tersuave","7":"product_cat-pintura","8":"product_cat-tersuave","9":"product_tag-tersuave","11":"first","12":"instock","13":"taxable","14":"shipping-taxable","15":"product-type-simple"},"yoast_head":"<!-- This site is optimized with the Yoast SEO plugin v24.7 - https:\/\/yoast.com\/wordpress\/plugins\/seo\/ -->\n<title>Enduido plastico exterior tersuave - Corralon Sanchez<\/title>\n<meta name=\"description\" content=\"Producto auxiliar dise\u00f1ado para corregir imperfecciones en diversas superficies. No chorrea y permite realizar distintas texturas, aplicado solo o combinado con diferentes materiales.\" \/>\n<meta name=\"robots\" content=\"index, follow, max-snippet:-1, max-image-preview:large, max-video-preview:-1\" \/>\n<link rel=\"canonical\" href=\"https:\/\/corralonsanchezbelen.com\/index.php\/producto\/enduido-plastico-exterior-tersuave\/\" \/>\n<meta property=\"og:locale\" content=\"es_ES\" \/>\n<meta property=\"og:type\" content=\"article\" \/>\n<meta property=\"og:title\" content=\"Enduido plastico exterior tersuave - Corralon Sanchez\" \/>\n<meta property=\"og:description\" content=\"Producto auxiliar dise\u00f1ado para corregir imperfecciones en diversas superficies. No chorrea y permite realizar distintas texturas, aplicado solo o combinado con diferentes materiales.\" \/>\n<meta property=\"og:url\" content=\"https:\/\/corralonsanchezbelen.com\/index.php\/producto\/enduido-plastico-exterior-tersuave\/\" \/>\n<meta property=\"og:site_name\" content=\"Corralon Sanchez\" \/>\n<meta property=\"article:publisher\" content=\"https:\/\/www.facebook.com\/corralon.sanchez.belen\" \/>\n<meta property=\"article:modified_time\" content=\"2024-07-12T04:26:10+00:00\" \/>\n<meta property=\"og:image\" content=\"https:\/\/corralonsanchezbelen.com\/wp-content\/uploads\/2024\/07\/D_NQ_NP_648611-MLA74707926583_022024-O.webp\" \/>\n\t<meta property=\"og:image:width\" content=\"358\" \/>\n\t<meta property=\"og:image:height\" content=\"500\" \/>\n\t<meta property=\"og:image:type\" content=\"image\/webp\" \/>\n<meta name=\"twitter:card\" content=\"summary_large_image\" \/>\n<meta name=\"twitter:label1\" content=\"Tiempo de lectura\" \/>\n\t<meta name=\"twitter:data1\" content=\"1 minuto\" \/>\n<script type=\"application\/ld+json\" class=\"yoast-schema-graph\">{\"@context\":\"https:\/\/schema.org\",\"@graph\":[{\"@type\":\"WebPage\",\"@id\":\"https:\/\/corralonsanchezbelen.com\/index.php\/producto\/enduido-plastico-exterior-tersuave\/\",\"url\":\"https:\/\/corralonsanchezbelen.com\/index.php\/producto\/enduido-plastico-exterior-tersuave\/\",\"name\":\"Enduido plastico exterior tersuave - Corralon Sanchez\",\"isPartOf\":{\"@id\":\"https:\/\/corralonsanchezbelen.com\/#website\"},\"primaryImageOfPage\":{\"@id\":\"https:\/\/corralonsanchezbelen.com\/index.php\/producto\/enduido-plastico-exterior-tersuave\/#primaryimage\"},\"image\":{\"@id\":\"https:\/\/corralonsanchezbelen.com\/index.php\/producto\/enduido-plastico-exterior-tersuave\/#primaryimage\"},\"thumbnailUrl\":\"https:\/\/corralonsanchezbelen.com\/wp-content\/uploads\/2024\/07\/D_NQ_NP_648611-MLA74707926583_022024-O.webp\",\"datePublished\":\"2024-07-09T22:57:12+00:00\",\"dateModified\":\"2024-07-12T04:26:10+00:00\",\"description\":\"Producto auxiliar dise\u00f1ado para corregir imperfecciones en diversas superficies. No chorrea y permite realizar distintas texturas, aplicado solo o combinado con diferentes materiales.\",\"breadcrumb\":{\"@id\":\"https:\/\/corralonsanchezbelen.com\/index.php\/producto\/enduido-plastico-exterior-tersuave\/#breadcrumb\"},\"inLanguage\":\"es\",\"potentialAction\":[{\"@type\":\"ReadAction\",\"target\":[\"https:\/\/corralonsanchezbelen.com\/index.php\/producto\/enduido-plastico-exterior-tersuave\/\"]}]},{\"@type\":\"ImageObject\",\"inLanguage\":\"es\",\"@id\":\"https:\/\/corralonsanchezbelen.com\/index.php\/producto\/enduido-plastico-exterior-tersuave\/#primaryimage\",\"url\":\"https:\/\/corralonsanchezbelen.com\/wp-content\/uploads\/2024\/07\/D_NQ_NP_648611-MLA74707926583_022024-O.webp\",\"contentUrl\":\"https:\/\/corralonsanchezbelen.com\/wp-content\/uploads\/2024\/07\/D_NQ_NP_648611-MLA74707926583_022024-O.webp\",\"width\":358,\"height\":500},{\"@type\":\"BreadcrumbList\",\"@id\":\"https:\/\/corralonsanchezbelen.com\/index.php\/producto\/enduido-plastico-exterior-tersuave\/#breadcrumb\",\"itemListElement\":[{\"@type\":\"ListItem\",\"position\":1,\"name\":\"Portada\",\"item\":\"https:\/\/corralonsanchezbelen.com\/\"},{\"@type\":\"ListItem\",\"position\":2,\"name\":\"Tienda\",\"item\":\"https:\/\/corralonsanchezbelen.com\/index.php\/tienda-2\/\"},{\"@type\":\"ListItem\",\"position\":3,\"name\":\"Enduido plastico exterior tersuave\"}]},{\"@type\":\"WebSite\",\"@id\":\"https:\/\/corralonsanchezbelen.com\/#website\",\"url\":\"https:\/\/corralonsanchezbelen.com\/\",\"name\":\"Corralon Sanchez\",\"description\":\"El maestro de la construcci\u00f3n.\",\"publisher\":{\"@id\":\"https:\/\/corralonsanchezbelen.com\/#organization\"},\"potentialAction\":[{\"@type\":\"SearchAction\",\"target\":{\"@type\":\"EntryPoint\",\"urlTemplate\":\"https:\/\/corralonsanchezbelen.com\/?s={search_term_string}\"},\"query-input\":{\"@type\":\"PropertyValueSpecification\",\"valueRequired\":true,\"valueName\":\"search_term_string\"}}],\"inLanguage\":\"es\"},{\"@type\":\"Organization\",\"@id\":\"https:\/\/corralonsanchezbelen.com\/#organization\",\"name\":\"Corralon Sanchez\",\"url\":\"https:\/\/corralonsanchezbelen.com\/\",\"logo\":{\"@type\":\"ImageObject\",\"inLanguage\":\"es\",\"@id\":\"https:\/\/corralonsanchezbelen.com\/#\/schema\/logo\/image\/\",\"url\":\"https:\/\/corralonsanchezbelen.com\/wp-content\/uploads\/2024\/06\/Diseno-sin-tituloq.png\",\"contentUrl\":\"https:\/\/corralonsanchezbelen.com\/wp-content\/uploads\/2024\/06\/Diseno-sin-tituloq.png\",\"width\":1080,\"height\":1080,\"caption\":\"Corralon Sanchez\"},\"image\":{\"@id\":\"https:\/\/corralonsanchezbelen.com\/#\/schema\/logo\/image\/\"},\"sameAs\":[\"https:\/\/www.facebook.com\/corralon.sanchez.belen\",\"https:\/\/www.instagram.com\/corralon.sanchez\/\"]}]}<\/script>\n<!-- \/ Yoast SEO plugin. -->","yoast_head_json":{"title":"Enduido plastico exterior tersuave - Corralon Sanchez","description":"Producto auxiliar dise\u00f1ado para corregir imperfecciones en diversas superficies. No chorrea y permite realizar distintas texturas, aplicado solo o combinado con diferentes materiales.","robots":{"index":"index","follow":"follow","max-snippet":"max-snippet:-1","max-image-preview":"max-image-preview:large","max-video-preview":"max-video-preview:-1"},"canonical":"https:\/\/corralonsanchezbelen.com\/index.php\/producto\/enduido-plastico-exterior-tersuave\/","og_locale":"es_ES","og_type":"article","og_title":"Enduido plastico exterior tersuave - Corralon Sanchez","og_description":"Producto auxiliar dise\u00f1ado para corregir imperfecciones en diversas superficies. No chorrea y permite realizar distintas texturas, aplicado solo o combinado con diferentes materiales.","og_url":"https:\/\/corralonsanchezbelen.com\/index.php\/producto\/enduido-plastico-exterior-tersuave\/","og_site_name":"Corralon Sanchez","article_publisher":"https:\/\/www.facebook.com\/corralon.sanchez.belen","article_modified_time":"2024-07-12T04:26:10+00:00","og_image":[{"width":358,"height":500,"url":"https:\/\/corralonsanchezbelen.com\/wp-content\/uploads\/2024\/07\/D_NQ_NP_648611-MLA74707926583_022024-O.webp","type":"image\/webp"}],"twitter_card":"summary_large_image","twitter_misc":{"Tiempo de lectura":"1 minuto"},"schema":{"@context":"https:\/\/schema.org","@graph":[{"@type":"WebPage","@id":"https:\/\/corralonsanchezbelen.com\/index.php\/producto\/enduido-plastico-exterior-tersuave\/","url":"https:\/\/corralonsanchezbelen.com\/index.php\/producto\/enduido-plastico-exterior-tersuave\/","name":"Enduido plastico exterior tersuave - Corralon Sanchez","isPartOf":{"@id":"https:\/\/corralonsanchezbelen.com\/#website"},"primaryImageOfPage":{"@id":"https:\/\/corralonsanchezbelen.com\/index.php\/producto\/enduido-plastico-exterior-tersuave\/#primaryimage"},"image":{"@id":"https:\/\/corralonsanchezbelen.com\/index.php\/producto\/enduido-plastico-exterior-tersuave\/#primaryimage"},"thumbnailUrl":"https:\/\/corralonsanchezbelen.com\/wp-content\/uploads\/2024\/07\/D_NQ_NP_648611-MLA74707926583_022024-O.webp","datePublished":"2024-07-09T22:57:12+00:00","dateModified":"2024-07-12T04:26:10+00:00","description":"Producto auxiliar dise\u00f1ado para corregir imperfecciones en diversas superficies. No chorrea y permite realizar distintas texturas, aplicado solo o combinado con diferentes materiales.","breadcrumb":{"@id":"https:\/\/corralonsanchezbelen.com\/index.php\/producto\/enduido-plastico-exterior-tersuave\/#breadcrumb"},"inLanguage":"es","potentialAction":[{"@type":"ReadAction","target":["https:\/\/corralonsanchezbelen.com\/index.php\/producto\/enduido-plastico-exterior-tersuave\/"]}]},{"@type":"ImageObject","inLanguage":"es","@id":"https:\/\/corralonsanchezbelen.com\/index.php\/producto\/enduido-plastico-exterior-tersuave\/#primaryimage","url":"https:\/\/corralonsanchezbelen.com\/wp-content\/uploads\/2024\/07\/D_NQ_NP_648611-MLA74707926583_022024-O.webp","contentUrl":"https:\/\/corralonsanchezbelen.com\/wp-content\/uploads\/2024\/07\/D_NQ_NP_648611-MLA74707926583_022024-O.webp","width":358,"height":500},{"@type":"BreadcrumbList","@id":"https:\/\/corralonsanchezbelen.com\/index.php\/producto\/enduido-plastico-exterior-tersuave\/#breadcrumb","itemListElement":[{"@type":"ListItem","position":1,"name":"Portada","item":"https:\/\/corralonsanchezbelen.com\/"},{"@type":"ListItem","position":2,"name":"Tienda","item":"https:\/\/corralonsanchezbelen.com\/index.php\/tienda-2\/"},{"@type":"ListItem","position":3,"name":"Enduido plastico exterior tersuave"}]},{"@type":"WebSite","@id":"https:\/\/corralonsanchezbelen.com\/#website","url":"https:\/\/corralonsanchezbelen.com\/","name":"Corralon Sanchez","description":"El maestro de la construcci\u00f3n.","publisher":{"@id":"https:\/\/corralonsanchezbelen.com\/#organization"},"potentialAction":[{"@type":"SearchAction","target":{"@type":"EntryPoint","urlTemplate":"https:\/\/corralonsanchezbelen.com\/?s={search_term_string}"},"query-input":{"@type":"PropertyValueSpecification","valueRequired":true,"valueName":"search_term_string"}}],"inLanguage":"es"},{"@type":"Organization","@id":"https:\/\/corralonsanchezbelen.com\/#organization","name":"Corralon Sanchez","url":"https:\/\/corralonsanchezbelen.com\/","logo":{"@type":"ImageObject","inLanguage":"es","@id":"https:\/\/corralonsanchezbelen.com\/#\/schema\/logo\/image\/","url":"https:\/\/corralonsanchezbelen.com\/wp-content\/uploads\/2024\/06\/Diseno-sin-tituloq.png","contentUrl":"https:\/\/corralonsanchezbelen.com\/wp-content\/uploads\/2024\/06\/Diseno-sin-tituloq.png","width":1080,"height":1080,"caption":"Corralon Sanchez"},"image":{"@id":"https:\/\/corralonsanchezbelen.com\/#\/schema\/logo\/image\/"},"sameAs":["https:\/\/www.facebook.com\/corralon.sanchez.belen","https:\/\/www.instagram.com\/corralon.sanchez\/"]}]}},"_links":{"self":[{"href":"https:\/\/corralonsanchezbelen.com\/index.php\/wp-json\/wp\/v2\/product\/2011","targetHints":{"allow":["GET"]}}],"collection":[{"href":"https:\/\/corralonsanchezbelen.com\/index.php\/wp-json\/wp\/v2\/product"}],"about":[{"href":"https:\/\/corralonsanchezbelen.com\/index.php\/wp-json\/wp\/v2\/types\/product"}],"replies":[{"embeddable":true,"href":"https:\/\/corralonsanchezbelen.com\/index.php\/wp-json\/wp\/v2\/comments?post=2011"}],"wp:featuredmedia":[{"embeddable":true,"href":"https:\/\/corralonsanchezbelen.com\/index.php\/wp-json\/wp\/v2\/media\/2009"}],"wp:attachment":[{"href":"https:\/\/corralonsanchezbelen.com\/index.php\/wp-json\/wp\/v2\/media?parent=2011"}],"wp:term":[{"taxonomy":"product_brand","embeddable":true,"href":"https:\/\/corralonsanchezbelen.com\/index.php\/wp-json\/wp\/v2\/product_brand?post=2011"},{"taxonomy":"product_cat","embeddable":true,"href":"https:\/\/corralonsanchezbelen.com\/index.php\/wp-json\/wp\/v2\/product_cat?post=2011"},{"taxonomy":"product_tag","embeddable":true,"href":"https:\/\/corralonsanchezbelen.com\/index.php\/wp-json\/wp\/v2\/product_tag?post=2011"}],"curies":[{"name":"wp","href":"https:\/\/api.w.org\/{rel}","templated":true}]}}