{"id":1997,"date":"2024-07-09T19:43:15","date_gmt":"2024-07-09T22:43:15","guid":{"rendered":"https:\/\/corralonsanchezbelen.com\/?post_type=product&#038;p=1997"},"modified":"2024-07-12T01:21:20","modified_gmt":"2024-07-12T04:21:20","slug":"esmalte-sintetio-especial-para-tejas","status":"publish","type":"product","link":"https:\/\/corralonsanchezbelen.com\/index.php\/producto\/esmalte-sintetio-especial-para-tejas\/","title":{"rendered":"Esmalte sintetio especial para tejas"},"content":{"rendered":"<p><strong>Preparaci\u00f3n de la superficie<\/strong>: La superficie debe estar seca y exenta de polvo, grasas, aceites, jabones, ceras u otros desmoldantes o contaminantes.<br \/>\nSobre tejas y ladrillos nuevos: En casos de superficies alcalinas realizar, antes de pintar, un tratamiento \u00e1cido a baja concentraci\u00f3n para no da\u00f1ar el \u00e1rea. Constatar la neutralidad con cinta de pH o soluci\u00f3n alcoholica de fenolftale\u00edna. Ante la presencia de hongos lavar con una soluci\u00f3n de Agua Lavandina al 10% . Lavar con una soluci\u00f3n de detergente neutro, enjuagar y dejar secar muy bien.<br \/>\nSobre superficies ya pintadas: Asegurarse de que la pintura anterior est\u00e9 firme y en buenas condiciones, lijar suavemente y aplicar el Esmalte Sint\u00e9tico. No aplicar sobre pinturas anteriores a base de caucho clorado, caucho acr\u00edlico o siliconados. Si la pintura anterior estuviera floja, descascarada o en malas condiciones generales, debe ser eliminada; en ese caso la superficie debe ser lijada y se proceder\u00e1 como se detalla m\u00e1s arriba.<\/p>\n<p><strong>Preparaci\u00f3n del producto<\/strong>: Homogeneizar cuidadosamente con agitador mec\u00e1nico o a mano con una varilla agitadora realizando movimientos circulares o en forma de ocho, a fin de no incorporar aire, y diluir como convenga al m\u00e9todo de aplicaci\u00f3n elegido. Asegurarse de que no quede pigmento depositado en el fondo del envase. Las temperaturas de aplicaci\u00f3n mencionadas en los Datos T\u00e9cnicos se refieren tanto al ambiente como al sustrato a pintar. Evitar la aplicaci\u00f3n bajo sol pleno o en horas de calor excesivo.<\/p>\n<p><strong>Diluci\u00f3n<\/strong>: Sobre superficies nuevas diluir la primera mano al 20% para favorecer la adherencia. No diluir m\u00e1s de un 10 % en volumen las manos siguientes, independientemente del m\u00e9todo de aplicaci\u00f3n elegido.<\/p>\n<p><strong>M\u00e9todos de aplicaci\u00f3n<\/strong>: Puede ser aplicado con pincel, rodillo, soplete convencional, soplete adiab\u00e1tico o Airless. Es conveniente emplear pinceles de pelo largo y suave para mejorar la nivelaci\u00f3n. Con pistola convencional, se recomienda una presi\u00f3n de 20 a 25 libras\/pulg2 (1,5 a 1,8 Kg\/cm2) para minimizar el desperdicio y evitar la formaci\u00f3n de neblina.<\/p>\n","protected":false},"excerpt":{"rendered":"<p>Esmalte de terminaci\u00f3n, elaborado a base de resinas alqu\u00eddicas y pigmentos de alta calidad. Producto de excelente nivelaci\u00f3n y gran poder cubritivo lo que permite obtener acabados de alta calidad y extraordinaria performance.<\/p>\n","protected":false},"featured_media":1998,"comment_status":"open","ping_status":"closed","template":"","meta":[],"product_brand":[],"product_cat":[92,31,89],"product_tag":[49],"class_list":{"0":"post-1997","1":"product","2":"type-product","3":"status-publish","4":"has-post-thumbnail","6":"product_cat-barnices","7":"product_cat-pintura","8":"product_cat-tersuave","9":"product_tag-tersuave","11":"first","12":"instock","13":"taxable","14":"shipping-taxable","15":"product-type-simple"},"yoast_head":"<!-- This site is optimized with the Yoast SEO plugin v24.7 - https:\/\/yoast.com\/wordpress\/plugins\/seo\/ -->\n<title>Esmalte sintetio especial para tejas - Corralon Sanchez<\/title>\n<meta name=\"description\" content=\"Esmalte de terminaci\u00f3n, elaborado a base de resinas alqu\u00eddicas y pigmentos de alta calidad. Producto de excelente nivelaci\u00f3n y gran poder cubritivo lo que permite obtener acabados de alta calidad y extraordinaria performance.\" \/>\n<meta name=\"robots\" content=\"index, follow, max-snippet:-1, max-image-preview:large, max-video-preview:-1\" \/>\n<link rel=\"canonical\" href=\"https:\/\/corralonsanchezbelen.com\/index.php\/producto\/esmalte-sintetio-especial-para-tejas\/\" \/>\n<meta property=\"og:locale\" content=\"es_ES\" \/>\n<meta property=\"og:type\" content=\"article\" \/>\n<meta property=\"og:title\" content=\"Esmalte sintetio especial para tejas - Corralon Sanchez\" \/>\n<meta property=\"og:description\" content=\"Esmalte de terminaci\u00f3n, elaborado a base de resinas alqu\u00eddicas y pigmentos de alta calidad. Producto de excelente nivelaci\u00f3n y gran poder cubritivo lo que permite obtener acabados de alta calidad y extraordinaria performance.\" \/>\n<meta property=\"og:url\" content=\"https:\/\/corralonsanchezbelen.com\/index.php\/producto\/esmalte-sintetio-especial-para-tejas\/\" \/>\n<meta property=\"og:site_name\" content=\"Corralon Sanchez\" \/>\n<meta property=\"article:publisher\" content=\"https:\/\/www.facebook.com\/corralon.sanchez.belen\" \/>\n<meta property=\"article:modified_time\" content=\"2024-07-12T04:21:20+00:00\" \/>\n<meta property=\"og:image\" content=\"https:\/\/corralonsanchezbelen.com\/wp-content\/uploads\/2024\/07\/D_NQ_NP_966325-MLA53545963227_012023-O.webp\" \/>\n\t<meta property=\"og:image:width\" content=\"500\" \/>\n\t<meta property=\"og:image:height\" content=\"423\" \/>\n\t<meta property=\"og:image:type\" content=\"image\/webp\" \/>\n<meta name=\"twitter:card\" content=\"summary_large_image\" \/>\n<meta name=\"twitter:label1\" content=\"Tiempo de lectura\" \/>\n\t<meta name=\"twitter:data1\" content=\"2 minutos\" \/>\n<script type=\"application\/ld+json\" class=\"yoast-schema-graph\">{\"@context\":\"https:\/\/schema.org\",\"@graph\":[{\"@type\":\"WebPage\",\"@id\":\"https:\/\/corralonsanchezbelen.com\/index.php\/producto\/esmalte-sintetio-especial-para-tejas\/\",\"url\":\"https:\/\/corralonsanchezbelen.com\/index.php\/producto\/esmalte-sintetio-especial-para-tejas\/\",\"name\":\"Esmalte sintetio especial para tejas - Corralon Sanchez\",\"isPartOf\":{\"@id\":\"https:\/\/corralonsanchezbelen.com\/#website\"},\"primaryImageOfPage\":{\"@id\":\"https:\/\/corralonsanchezbelen.com\/index.php\/producto\/esmalte-sintetio-especial-para-tejas\/#primaryimage\"},\"image\":{\"@id\":\"https:\/\/corralonsanchezbelen.com\/index.php\/producto\/esmalte-sintetio-especial-para-tejas\/#primaryimage\"},\"thumbnailUrl\":\"https:\/\/corralonsanchezbelen.com\/wp-content\/uploads\/2024\/07\/D_NQ_NP_966325-MLA53545963227_012023-O.webp\",\"datePublished\":\"2024-07-09T22:43:15+00:00\",\"dateModified\":\"2024-07-12T04:21:20+00:00\",\"description\":\"Esmalte de terminaci\u00f3n, elaborado a base de resinas alqu\u00eddicas y pigmentos de alta calidad. Producto de excelente nivelaci\u00f3n y gran poder cubritivo lo que permite obtener acabados de alta calidad y extraordinaria performance.\",\"breadcrumb\":{\"@id\":\"https:\/\/corralonsanchezbelen.com\/index.php\/producto\/esmalte-sintetio-especial-para-tejas\/#breadcrumb\"},\"inLanguage\":\"es\",\"potentialAction\":[{\"@type\":\"ReadAction\",\"target\":[\"https:\/\/corralonsanchezbelen.com\/index.php\/producto\/esmalte-sintetio-especial-para-tejas\/\"]}]},{\"@type\":\"ImageObject\",\"inLanguage\":\"es\",\"@id\":\"https:\/\/corralonsanchezbelen.com\/index.php\/producto\/esmalte-sintetio-especial-para-tejas\/#primaryimage\",\"url\":\"https:\/\/corralonsanchezbelen.com\/wp-content\/uploads\/2024\/07\/D_NQ_NP_966325-MLA53545963227_012023-O.webp\",\"contentUrl\":\"https:\/\/corralonsanchezbelen.com\/wp-content\/uploads\/2024\/07\/D_NQ_NP_966325-MLA53545963227_012023-O.webp\",\"width\":500,\"height\":423},{\"@type\":\"BreadcrumbList\",\"@id\":\"https:\/\/corralonsanchezbelen.com\/index.php\/producto\/esmalte-sintetio-especial-para-tejas\/#breadcrumb\",\"itemListElement\":[{\"@type\":\"ListItem\",\"position\":1,\"name\":\"Portada\",\"item\":\"https:\/\/corralonsanchezbelen.com\/\"},{\"@type\":\"ListItem\",\"position\":2,\"name\":\"Tienda\",\"item\":\"https:\/\/corralonsanchezbelen.com\/index.php\/tienda-2\/\"},{\"@type\":\"ListItem\",\"position\":3,\"name\":\"Esmalte sintetio especial para tejas\"}]},{\"@type\":\"WebSite\",\"@id\":\"https:\/\/corralonsanchezbelen.com\/#website\",\"url\":\"https:\/\/corralonsanchezbelen.com\/\",\"name\":\"Corralon Sanchez\",\"description\":\"El maestro de la construcci\u00f3n.\",\"publisher\":{\"@id\":\"https:\/\/corralonsanchezbelen.com\/#organization\"},\"potentialAction\":[{\"@type\":\"SearchAction\",\"target\":{\"@type\":\"EntryPoint\",\"urlTemplate\":\"https:\/\/corralonsanchezbelen.com\/?s={search_term_string}\"},\"query-input\":{\"@type\":\"PropertyValueSpecification\",\"valueRequired\":true,\"valueName\":\"search_term_string\"}}],\"inLanguage\":\"es\"},{\"@type\":\"Organization\",\"@id\":\"https:\/\/corralonsanchezbelen.com\/#organization\",\"name\":\"Corralon Sanchez\",\"url\":\"https:\/\/corralonsanchezbelen.com\/\",\"logo\":{\"@type\":\"ImageObject\",\"inLanguage\":\"es\",\"@id\":\"https:\/\/corralonsanchezbelen.com\/#\/schema\/logo\/image\/\",\"url\":\"https:\/\/corralonsanchezbelen.com\/wp-content\/uploads\/2024\/06\/Diseno-sin-tituloq.png\",\"contentUrl\":\"https:\/\/corralonsanchezbelen.com\/wp-content\/uploads\/2024\/06\/Diseno-sin-tituloq.png\",\"width\":1080,\"height\":1080,\"caption\":\"Corralon Sanchez\"},\"image\":{\"@id\":\"https:\/\/corralonsanchezbelen.com\/#\/schema\/logo\/image\/\"},\"sameAs\":[\"https:\/\/www.facebook.com\/corralon.sanchez.belen\",\"https:\/\/www.instagram.com\/corralon.sanchez\/\"]}]}<\/script>\n<!-- \/ Yoast SEO plugin. -->","yoast_head_json":{"title":"Esmalte sintetio especial para tejas - Corralon Sanchez","description":"Esmalte de terminaci\u00f3n, elaborado a base de resinas alqu\u00eddicas y pigmentos de alta calidad. Producto de excelente nivelaci\u00f3n y gran poder cubritivo lo que permite obtener acabados de alta calidad y extraordinaria performance.","robots":{"index":"index","follow":"follow","max-snippet":"max-snippet:-1","max-image-preview":"max-image-preview:large","max-video-preview":"max-video-preview:-1"},"canonical":"https:\/\/corralonsanchezbelen.com\/index.php\/producto\/esmalte-sintetio-especial-para-tejas\/","og_locale":"es_ES","og_type":"article","og_title":"Esmalte sintetio especial para tejas - Corralon Sanchez","og_description":"Esmalte de terminaci\u00f3n, elaborado a base de resinas alqu\u00eddicas y pigmentos de alta calidad. Producto de excelente nivelaci\u00f3n y gran poder cubritivo lo que permite obtener acabados de alta calidad y extraordinaria performance.","og_url":"https:\/\/corralonsanchezbelen.com\/index.php\/producto\/esmalte-sintetio-especial-para-tejas\/","og_site_name":"Corralon Sanchez","article_publisher":"https:\/\/www.facebook.com\/corralon.sanchez.belen","article_modified_time":"2024-07-12T04:21:20+00:00","og_image":[{"width":500,"height":423,"url":"https:\/\/corralonsanchezbelen.com\/wp-content\/uploads\/2024\/07\/D_NQ_NP_966325-MLA53545963227_012023-O.webp","type":"image\/webp"}],"twitter_card":"summary_large_image","twitter_misc":{"Tiempo de lectura":"2 minutos"},"schema":{"@context":"https:\/\/schema.org","@graph":[{"@type":"WebPage","@id":"https:\/\/corralonsanchezbelen.com\/index.php\/producto\/esmalte-sintetio-especial-para-tejas\/","url":"https:\/\/corralonsanchezbelen.com\/index.php\/producto\/esmalte-sintetio-especial-para-tejas\/","name":"Esmalte sintetio especial para tejas - Corralon Sanchez","isPartOf":{"@id":"https:\/\/corralonsanchezbelen.com\/#website"},"primaryImageOfPage":{"@id":"https:\/\/corralonsanchezbelen.com\/index.php\/producto\/esmalte-sintetio-especial-para-tejas\/#primaryimage"},"image":{"@id":"https:\/\/corralonsanchezbelen.com\/index.php\/producto\/esmalte-sintetio-especial-para-tejas\/#primaryimage"},"thumbnailUrl":"https:\/\/corralonsanchezbelen.com\/wp-content\/uploads\/2024\/07\/D_NQ_NP_966325-MLA53545963227_012023-O.webp","datePublished":"2024-07-09T22:43:15+00:00","dateModified":"2024-07-12T04:21:20+00:00","description":"Esmalte de terminaci\u00f3n, elaborado a base de resinas alqu\u00eddicas y pigmentos de alta calidad. Producto de excelente nivelaci\u00f3n y gran poder cubritivo lo que permite obtener acabados de alta calidad y extraordinaria performance.","breadcrumb":{"@id":"https:\/\/corralonsanchezbelen.com\/index.php\/producto\/esmalte-sintetio-especial-para-tejas\/#breadcrumb"},"inLanguage":"es","potentialAction":[{"@type":"ReadAction","target":["https:\/\/corralonsanchezbelen.com\/index.php\/producto\/esmalte-sintetio-especial-para-tejas\/"]}]},{"@type":"ImageObject","inLanguage":"es","@id":"https:\/\/corralonsanchezbelen.com\/index.php\/producto\/esmalte-sintetio-especial-para-tejas\/#primaryimage","url":"https:\/\/corralonsanchezbelen.com\/wp-content\/uploads\/2024\/07\/D_NQ_NP_966325-MLA53545963227_012023-O.webp","contentUrl":"https:\/\/corralonsanchezbelen.com\/wp-content\/uploads\/2024\/07\/D_NQ_NP_966325-MLA53545963227_012023-O.webp","width":500,"height":423},{"@type":"BreadcrumbList","@id":"https:\/\/corralonsanchezbelen.com\/index.php\/producto\/esmalte-sintetio-especial-para-tejas\/#breadcrumb","itemListElement":[{"@type":"ListItem","position":1,"name":"Portada","item":"https:\/\/corralonsanchezbelen.com\/"},{"@type":"ListItem","position":2,"name":"Tienda","item":"https:\/\/corralonsanchezbelen.com\/index.php\/tienda-2\/"},{"@type":"ListItem","position":3,"name":"Esmalte sintetio especial para tejas"}]},{"@type":"WebSite","@id":"https:\/\/corralonsanchezbelen.com\/#website","url":"https:\/\/corralonsanchezbelen.com\/","name":"Corralon Sanchez","description":"El maestro de la construcci\u00f3n.","publisher":{"@id":"https:\/\/corralonsanchezbelen.com\/#organization"},"potentialAction":[{"@type":"SearchAction","target":{"@type":"EntryPoint","urlTemplate":"https:\/\/corralonsanchezbelen.com\/?s={search_term_string}"},"query-input":{"@type":"PropertyValueSpecification","valueRequired":true,"valueName":"search_term_string"}}],"inLanguage":"es"},{"@type":"Organization","@id":"https:\/\/corralonsanchezbelen.com\/#organization","name":"Corralon Sanchez","url":"https:\/\/corralonsanchezbelen.com\/","logo":{"@type":"ImageObject","inLanguage":"es","@id":"https:\/\/corralonsanchezbelen.com\/#\/schema\/logo\/image\/","url":"https:\/\/corralonsanchezbelen.com\/wp-content\/uploads\/2024\/06\/Diseno-sin-tituloq.png","contentUrl":"https:\/\/corralonsanchezbelen.com\/wp-content\/uploads\/2024\/06\/Diseno-sin-tituloq.png","width":1080,"height":1080,"caption":"Corralon Sanchez"},"image":{"@id":"https:\/\/corralonsanchezbelen.com\/#\/schema\/logo\/image\/"},"sameAs":["https:\/\/www.facebook.com\/corralon.sanchez.belen","https:\/\/www.instagram.com\/corralon.sanchez\/"]}]}},"_links":{"self":[{"href":"https:\/\/corralonsanchezbelen.com\/index.php\/wp-json\/wp\/v2\/product\/1997","targetHints":{"allow":["GET"]}}],"collection":[{"href":"https:\/\/corralonsanchezbelen.com\/index.php\/wp-json\/wp\/v2\/product"}],"about":[{"href":"https:\/\/corralonsanchezbelen.com\/index.php\/wp-json\/wp\/v2\/types\/product"}],"replies":[{"embeddable":true,"href":"https:\/\/corralonsanchezbelen.com\/index.php\/wp-json\/wp\/v2\/comments?post=1997"}],"wp:featuredmedia":[{"embeddable":true,"href":"https:\/\/corralonsanchezbelen.com\/index.php\/wp-json\/wp\/v2\/media\/1998"}],"wp:attachment":[{"href":"https:\/\/corralonsanchezbelen.com\/index.php\/wp-json\/wp\/v2\/media?parent=1997"}],"wp:term":[{"taxonomy":"product_brand","embeddable":true,"href":"https:\/\/corralonsanchezbelen.com\/index.php\/wp-json\/wp\/v2\/product_brand?post=1997"},{"taxonomy":"product_cat","embeddable":true,"href":"https:\/\/corralonsanchezbelen.com\/index.php\/wp-json\/wp\/v2\/product_cat?post=1997"},{"taxonomy":"product_tag","embeddable":true,"href":"https:\/\/corralonsanchezbelen.com\/index.php\/wp-json\/wp\/v2\/product_tag?post=1997"}],"curies":[{"name":"wp","href":"https:\/\/api.w.org\/{rel}","templated":true}]}}