{"id":1987,"date":"2024-07-09T19:08:38","date_gmt":"2024-07-09T22:08:38","guid":{"rendered":"https:\/\/corralonsanchezbelen.com\/?post_type=product&#038;p=1987"},"modified":"2024-07-12T01:23:18","modified_gmt":"2024-07-12T04:23:18","slug":"alba-fijador-al-aguarras","status":"publish","type":"product","link":"https:\/\/corralonsanchezbelen.com\/index.php\/producto\/alba-fijador-al-aguarras\/","title":{"rendered":"Alba Fijador al Aguarr\u00e1s"},"content":{"rendered":"<p>Mantener fuera del alcance de ni\u00f1os. Mantener el recipiente bien cerrado, en forma vertical y fuera del alcance de animales. No ingerir. No inhalar los vapores. Evitar el contacto con la piel, los ojos y la ropa Mantener lejos de llama, calor, fuentes de ignici\u00f3n y no fumar mientras se aplica el producto. No arrojar el envase en incineradores o fuego. No arrojar pintura en drenajes, suelo o cursos de agua, puede provocar a largo plazo efectos negativos en el medio ambiente acu\u00e1tico Trabajar en ambientes ventilados (puertas y ventanas abiertas). Para aplicaci\u00f3n a soplete usar m\u00e1scara apropiada para vapores de solventes org\u00e1nicos. Utilizar protecci\u00f3n ocular y mascarilla en el caso de tener que lijar. De ser posible usar lijas al agua h\u00famedas. Operaciones de lijado en seco, corte con llama y\/o soldadura de superficies pintadas generan polvos y\/o humos peligrosos No se recomienda su uso en interiores para pintar grandes superficies. En este caso recomendamos el uso de nuestros productos base agua. Cubrir siempre los tomacorrientes a fin de evitar que entre pintura. En el caso de utilizar escalera, apoyar la misma sobre superficies niveladas y usar calzado de goma antideslizante. No quemar pinturas viejas para removerlas de la superficie.<\/p>\n","protected":false},"excerpt":{"rendered":"<p>Fijador al Aguarr\u00e1s para Paredes Nuevas Interiores y Exteriores.<br \/>\nEspecialmente formulado para fijar superficies nuevas, ya que bloquea la aparici\u00f3n de salitre, permitiendo realizar el pintado sin esperar los 3 meses de curado.<br \/>\nPuede utilizarse tambi\u00e9n para fijar superficies de poca adherencia, entizadas o pulverulentas.<br \/>\nAsegura una base ideal para la pintura de terminaci\u00f3n.<br \/>\nColor blanco<\/p>\n","protected":false},"featured_media":1989,"comment_status":"open","ping_status":"closed","template":"","meta":[],"product_brand":[],"product_cat":[87,95,31],"product_tag":[38],"class_list":{"0":"post-1987","1":"product","2":"type-product","3":"status-publish","4":"has-post-thumbnail","6":"product_cat-alba","7":"product_cat-esmalte-sintetico-alba","8":"product_cat-pintura","9":"product_tag-alba","11":"first","12":"instock","13":"taxable","14":"shipping-taxable","15":"product-type-simple"},"yoast_head":"<!-- This site is optimized with the Yoast SEO plugin v24.7 - https:\/\/yoast.com\/wordpress\/plugins\/seo\/ -->\n<title>Alba Fijador al Aguarr\u00e1s - Corralon Sanchez<\/title>\n<meta name=\"description\" content=\"Fijador al Aguarr\u00e1s para Paredes Nuevas Interiores y Exteriores. Especialmente formulado para fijar superficies nuevas, ya que bloquea la aparici\u00f3n de salitre, permitiendo realizar el pintado sin esperar los 3 meses de curado. Puede utilizarse tambi\u00e9n para fijar superficies de poca adherencia, entizadas o pulverulentas. Asegura una base ideal para la pintura de terminaci\u00f3n. Color blanco\" \/>\n<meta name=\"robots\" content=\"index, follow, max-snippet:-1, max-image-preview:large, max-video-preview:-1\" \/>\n<link rel=\"canonical\" href=\"https:\/\/corralonsanchezbelen.com\/index.php\/producto\/alba-fijador-al-aguarras\/\" \/>\n<meta property=\"og:locale\" content=\"es_ES\" \/>\n<meta property=\"og:type\" content=\"article\" \/>\n<meta property=\"og:title\" content=\"Alba Fijador al Aguarr\u00e1s - Corralon Sanchez\" \/>\n<meta property=\"og:description\" content=\"Fijador al Aguarr\u00e1s para Paredes Nuevas Interiores y Exteriores. Especialmente formulado para fijar superficies nuevas, ya que bloquea la aparici\u00f3n de salitre, permitiendo realizar el pintado sin esperar los 3 meses de curado. Puede utilizarse tambi\u00e9n para fijar superficies de poca adherencia, entizadas o pulverulentas. Asegura una base ideal para la pintura de terminaci\u00f3n. Color blanco\" \/>\n<meta property=\"og:url\" content=\"https:\/\/corralonsanchezbelen.com\/index.php\/producto\/alba-fijador-al-aguarras\/\" \/>\n<meta property=\"og:site_name\" content=\"Corralon Sanchez\" \/>\n<meta property=\"article:publisher\" content=\"https:\/\/www.facebook.com\/corralon.sanchez.belen\" \/>\n<meta property=\"article:modified_time\" content=\"2024-07-12T04:23:18+00:00\" \/>\n<meta property=\"og:image\" content=\"https:\/\/corralonsanchezbelen.com\/wp-content\/uploads\/2024\/07\/D_NQ_NP_931368-MLA69839672829_062023-O.webp\" \/>\n\t<meta property=\"og:image:width\" content=\"430\" \/>\n\t<meta property=\"og:image:height\" content=\"500\" \/>\n\t<meta property=\"og:image:type\" content=\"image\/webp\" \/>\n<meta name=\"twitter:card\" content=\"summary_large_image\" \/>\n<meta name=\"twitter:label1\" content=\"Tiempo de lectura\" \/>\n\t<meta name=\"twitter:data1\" content=\"2 minutos\" \/>\n<script type=\"application\/ld+json\" class=\"yoast-schema-graph\">{\"@context\":\"https:\/\/schema.org\",\"@graph\":[{\"@type\":\"WebPage\",\"@id\":\"https:\/\/corralonsanchezbelen.com\/index.php\/producto\/alba-fijador-al-aguarras\/\",\"url\":\"https:\/\/corralonsanchezbelen.com\/index.php\/producto\/alba-fijador-al-aguarras\/\",\"name\":\"Alba Fijador al Aguarr\u00e1s - Corralon Sanchez\",\"isPartOf\":{\"@id\":\"https:\/\/corralonsanchezbelen.com\/#website\"},\"primaryImageOfPage\":{\"@id\":\"https:\/\/corralonsanchezbelen.com\/index.php\/producto\/alba-fijador-al-aguarras\/#primaryimage\"},\"image\":{\"@id\":\"https:\/\/corralonsanchezbelen.com\/index.php\/producto\/alba-fijador-al-aguarras\/#primaryimage\"},\"thumbnailUrl\":\"https:\/\/corralonsanchezbelen.com\/wp-content\/uploads\/2024\/07\/D_NQ_NP_931368-MLA69839672829_062023-O.webp\",\"datePublished\":\"2024-07-09T22:08:38+00:00\",\"dateModified\":\"2024-07-12T04:23:18+00:00\",\"description\":\"Fijador al Aguarr\u00e1s para Paredes Nuevas Interiores y Exteriores. Especialmente formulado para fijar superficies nuevas, ya que bloquea la aparici\u00f3n de salitre, permitiendo realizar el pintado sin esperar los 3 meses de curado. Puede utilizarse tambi\u00e9n para fijar superficies de poca adherencia, entizadas o pulverulentas. Asegura una base ideal para la pintura de terminaci\u00f3n. Color blanco\",\"breadcrumb\":{\"@id\":\"https:\/\/corralonsanchezbelen.com\/index.php\/producto\/alba-fijador-al-aguarras\/#breadcrumb\"},\"inLanguage\":\"es\",\"potentialAction\":[{\"@type\":\"ReadAction\",\"target\":[\"https:\/\/corralonsanchezbelen.com\/index.php\/producto\/alba-fijador-al-aguarras\/\"]}]},{\"@type\":\"ImageObject\",\"inLanguage\":\"es\",\"@id\":\"https:\/\/corralonsanchezbelen.com\/index.php\/producto\/alba-fijador-al-aguarras\/#primaryimage\",\"url\":\"https:\/\/corralonsanchezbelen.com\/wp-content\/uploads\/2024\/07\/D_NQ_NP_931368-MLA69839672829_062023-O.webp\",\"contentUrl\":\"https:\/\/corralonsanchezbelen.com\/wp-content\/uploads\/2024\/07\/D_NQ_NP_931368-MLA69839672829_062023-O.webp\",\"width\":430,\"height\":500},{\"@type\":\"BreadcrumbList\",\"@id\":\"https:\/\/corralonsanchezbelen.com\/index.php\/producto\/alba-fijador-al-aguarras\/#breadcrumb\",\"itemListElement\":[{\"@type\":\"ListItem\",\"position\":1,\"name\":\"Portada\",\"item\":\"https:\/\/corralonsanchezbelen.com\/\"},{\"@type\":\"ListItem\",\"position\":2,\"name\":\"Tienda\",\"item\":\"https:\/\/corralonsanchezbelen.com\/index.php\/tienda-2\/\"},{\"@type\":\"ListItem\",\"position\":3,\"name\":\"Alba Fijador al Aguarr\u00e1s\"}]},{\"@type\":\"WebSite\",\"@id\":\"https:\/\/corralonsanchezbelen.com\/#website\",\"url\":\"https:\/\/corralonsanchezbelen.com\/\",\"name\":\"Corralon Sanchez\",\"description\":\"El maestro de la construcci\u00f3n.\",\"publisher\":{\"@id\":\"https:\/\/corralonsanchezbelen.com\/#organization\"},\"potentialAction\":[{\"@type\":\"SearchAction\",\"target\":{\"@type\":\"EntryPoint\",\"urlTemplate\":\"https:\/\/corralonsanchezbelen.com\/?s={search_term_string}\"},\"query-input\":{\"@type\":\"PropertyValueSpecification\",\"valueRequired\":true,\"valueName\":\"search_term_string\"}}],\"inLanguage\":\"es\"},{\"@type\":\"Organization\",\"@id\":\"https:\/\/corralonsanchezbelen.com\/#organization\",\"name\":\"Corralon Sanchez\",\"url\":\"https:\/\/corralonsanchezbelen.com\/\",\"logo\":{\"@type\":\"ImageObject\",\"inLanguage\":\"es\",\"@id\":\"https:\/\/corralonsanchezbelen.com\/#\/schema\/logo\/image\/\",\"url\":\"https:\/\/corralonsanchezbelen.com\/wp-content\/uploads\/2024\/06\/Diseno-sin-tituloq.png\",\"contentUrl\":\"https:\/\/corralonsanchezbelen.com\/wp-content\/uploads\/2024\/06\/Diseno-sin-tituloq.png\",\"width\":1080,\"height\":1080,\"caption\":\"Corralon Sanchez\"},\"image\":{\"@id\":\"https:\/\/corralonsanchezbelen.com\/#\/schema\/logo\/image\/\"},\"sameAs\":[\"https:\/\/www.facebook.com\/corralon.sanchez.belen\",\"https:\/\/www.instagram.com\/corralon.sanchez\/\"]}]}<\/script>\n<!-- \/ Yoast SEO plugin. -->","yoast_head_json":{"title":"Alba Fijador al Aguarr\u00e1s - Corralon Sanchez","description":"Fijador al Aguarr\u00e1s para Paredes Nuevas Interiores y Exteriores. Especialmente formulado para fijar superficies nuevas, ya que bloquea la aparici\u00f3n de salitre, permitiendo realizar el pintado sin esperar los 3 meses de curado. Puede utilizarse tambi\u00e9n para fijar superficies de poca adherencia, entizadas o pulverulentas. Asegura una base ideal para la pintura de terminaci\u00f3n. Color blanco","robots":{"index":"index","follow":"follow","max-snippet":"max-snippet:-1","max-image-preview":"max-image-preview:large","max-video-preview":"max-video-preview:-1"},"canonical":"https:\/\/corralonsanchezbelen.com\/index.php\/producto\/alba-fijador-al-aguarras\/","og_locale":"es_ES","og_type":"article","og_title":"Alba Fijador al Aguarr\u00e1s - Corralon Sanchez","og_description":"Fijador al Aguarr\u00e1s para Paredes Nuevas Interiores y Exteriores. Especialmente formulado para fijar superficies nuevas, ya que bloquea la aparici\u00f3n de salitre, permitiendo realizar el pintado sin esperar los 3 meses de curado. Puede utilizarse tambi\u00e9n para fijar superficies de poca adherencia, entizadas o pulverulentas. Asegura una base ideal para la pintura de terminaci\u00f3n. Color blanco","og_url":"https:\/\/corralonsanchezbelen.com\/index.php\/producto\/alba-fijador-al-aguarras\/","og_site_name":"Corralon Sanchez","article_publisher":"https:\/\/www.facebook.com\/corralon.sanchez.belen","article_modified_time":"2024-07-12T04:23:18+00:00","og_image":[{"width":430,"height":500,"url":"https:\/\/corralonsanchezbelen.com\/wp-content\/uploads\/2024\/07\/D_NQ_NP_931368-MLA69839672829_062023-O.webp","type":"image\/webp"}],"twitter_card":"summary_large_image","twitter_misc":{"Tiempo de lectura":"2 minutos"},"schema":{"@context":"https:\/\/schema.org","@graph":[{"@type":"WebPage","@id":"https:\/\/corralonsanchezbelen.com\/index.php\/producto\/alba-fijador-al-aguarras\/","url":"https:\/\/corralonsanchezbelen.com\/index.php\/producto\/alba-fijador-al-aguarras\/","name":"Alba Fijador al Aguarr\u00e1s - Corralon Sanchez","isPartOf":{"@id":"https:\/\/corralonsanchezbelen.com\/#website"},"primaryImageOfPage":{"@id":"https:\/\/corralonsanchezbelen.com\/index.php\/producto\/alba-fijador-al-aguarras\/#primaryimage"},"image":{"@id":"https:\/\/corralonsanchezbelen.com\/index.php\/producto\/alba-fijador-al-aguarras\/#primaryimage"},"thumbnailUrl":"https:\/\/corralonsanchezbelen.com\/wp-content\/uploads\/2024\/07\/D_NQ_NP_931368-MLA69839672829_062023-O.webp","datePublished":"2024-07-09T22:08:38+00:00","dateModified":"2024-07-12T04:23:18+00:00","description":"Fijador al Aguarr\u00e1s para Paredes Nuevas Interiores y Exteriores. Especialmente formulado para fijar superficies nuevas, ya que bloquea la aparici\u00f3n de salitre, permitiendo realizar el pintado sin esperar los 3 meses de curado. Puede utilizarse tambi\u00e9n para fijar superficies de poca adherencia, entizadas o pulverulentas. Asegura una base ideal para la pintura de terminaci\u00f3n. Color blanco","breadcrumb":{"@id":"https:\/\/corralonsanchezbelen.com\/index.php\/producto\/alba-fijador-al-aguarras\/#breadcrumb"},"inLanguage":"es","potentialAction":[{"@type":"ReadAction","target":["https:\/\/corralonsanchezbelen.com\/index.php\/producto\/alba-fijador-al-aguarras\/"]}]},{"@type":"ImageObject","inLanguage":"es","@id":"https:\/\/corralonsanchezbelen.com\/index.php\/producto\/alba-fijador-al-aguarras\/#primaryimage","url":"https:\/\/corralonsanchezbelen.com\/wp-content\/uploads\/2024\/07\/D_NQ_NP_931368-MLA69839672829_062023-O.webp","contentUrl":"https:\/\/corralonsanchezbelen.com\/wp-content\/uploads\/2024\/07\/D_NQ_NP_931368-MLA69839672829_062023-O.webp","width":430,"height":500},{"@type":"BreadcrumbList","@id":"https:\/\/corralonsanchezbelen.com\/index.php\/producto\/alba-fijador-al-aguarras\/#breadcrumb","itemListElement":[{"@type":"ListItem","position":1,"name":"Portada","item":"https:\/\/corralonsanchezbelen.com\/"},{"@type":"ListItem","position":2,"name":"Tienda","item":"https:\/\/corralonsanchezbelen.com\/index.php\/tienda-2\/"},{"@type":"ListItem","position":3,"name":"Alba Fijador al Aguarr\u00e1s"}]},{"@type":"WebSite","@id":"https:\/\/corralonsanchezbelen.com\/#website","url":"https:\/\/corralonsanchezbelen.com\/","name":"Corralon Sanchez","description":"El maestro de la construcci\u00f3n.","publisher":{"@id":"https:\/\/corralonsanchezbelen.com\/#organization"},"potentialAction":[{"@type":"SearchAction","target":{"@type":"EntryPoint","urlTemplate":"https:\/\/corralonsanchezbelen.com\/?s={search_term_string}"},"query-input":{"@type":"PropertyValueSpecification","valueRequired":true,"valueName":"search_term_string"}}],"inLanguage":"es"},{"@type":"Organization","@id":"https:\/\/corralonsanchezbelen.com\/#organization","name":"Corralon Sanchez","url":"https:\/\/corralonsanchezbelen.com\/","logo":{"@type":"ImageObject","inLanguage":"es","@id":"https:\/\/corralonsanchezbelen.com\/#\/schema\/logo\/image\/","url":"https:\/\/corralonsanchezbelen.com\/wp-content\/uploads\/2024\/06\/Diseno-sin-tituloq.png","contentUrl":"https:\/\/corralonsanchezbelen.com\/wp-content\/uploads\/2024\/06\/Diseno-sin-tituloq.png","width":1080,"height":1080,"caption":"Corralon Sanchez"},"image":{"@id":"https:\/\/corralonsanchezbelen.com\/#\/schema\/logo\/image\/"},"sameAs":["https:\/\/www.facebook.com\/corralon.sanchez.belen","https:\/\/www.instagram.com\/corralon.sanchez\/"]}]}},"_links":{"self":[{"href":"https:\/\/corralonsanchezbelen.com\/index.php\/wp-json\/wp\/v2\/product\/1987","targetHints":{"allow":["GET"]}}],"collection":[{"href":"https:\/\/corralonsanchezbelen.com\/index.php\/wp-json\/wp\/v2\/product"}],"about":[{"href":"https:\/\/corralonsanchezbelen.com\/index.php\/wp-json\/wp\/v2\/types\/product"}],"replies":[{"embeddable":true,"href":"https:\/\/corralonsanchezbelen.com\/index.php\/wp-json\/wp\/v2\/comments?post=1987"}],"wp:featuredmedia":[{"embeddable":true,"href":"https:\/\/corralonsanchezbelen.com\/index.php\/wp-json\/wp\/v2\/media\/1989"}],"wp:attachment":[{"href":"https:\/\/corralonsanchezbelen.com\/index.php\/wp-json\/wp\/v2\/media?parent=1987"}],"wp:term":[{"taxonomy":"product_brand","embeddable":true,"href":"https:\/\/corralonsanchezbelen.com\/index.php\/wp-json\/wp\/v2\/product_brand?post=1987"},{"taxonomy":"product_cat","embeddable":true,"href":"https:\/\/corralonsanchezbelen.com\/index.php\/wp-json\/wp\/v2\/product_cat?post=1987"},{"taxonomy":"product_tag","embeddable":true,"href":"https:\/\/corralonsanchezbelen.com\/index.php\/wp-json\/wp\/v2\/product_tag?post=1987"}],"curies":[{"name":"wp","href":"https:\/\/api.w.org\/{rel}","templated":true}]}}