{"id":1949,"date":"2024-07-09T15:55:18","date_gmt":"2024-07-09T18:55:18","guid":{"rendered":"https:\/\/corralonsanchezbelen.com\/?post_type=product&#038;p=1949"},"modified":"2024-07-12T01:24:50","modified_gmt":"2024-07-12T04:24:50","slug":"pival-latex-exterior-interior-mate-x4lts","status":"publish","type":"product","link":"https:\/\/corralonsanchezbelen.com\/index.php\/producto\/pival-latex-exterior-interior-mate-x4lts\/","title":{"rendered":"Pival Latex Exterior-Interior Mate x4lts"},"content":{"rendered":"<p>Preparaci\u00f3n de la superficie : La superficie debe estar limpia, seca y exenta de polvo, grasas, aceites, jabones, ceras u otros desmoldantes o contaminantes. Sobre superficies cementicias nuevas o sin pintar: verificar el completo fraguado y neutralizar con soluci\u00f3n de \u00e1cido muri\u00e1tico al 10 % en agua, enjuagar y dejar secar muy bien. Constatar la neutralidad con cinta de ph o soluci\u00f3n alcoh\u00f3lica de fenolftale\u00edna. Si hubiera hongos, moho o verd\u00edn, lavar con soluci\u00f3n de agua lavandina al 10 %, enjuagar y dejar secar muy bien. Aplicar fijador al aguarr\u00e1s tersuave. En superficies interiores puede emplearse Fijador Concentrado o Imprimaci\u00f3n Selladora seg\u00fan los casos. Si fuera necesario, reparar imperfecciones con Enduido Exterior \u00f3 Interior Tersuave. Aplicar dos manos de Pival Exterior-Interior con una diluci\u00f3n m\u00e1xima del 10 %. sobre superficies ya pintadas: asegurarse que la pintura anterior est\u00e9 firme y en buenas condiciones, lavar, lijar y aplicar. en el caso de pintura con manchas viejas de humedad, oxidaci\u00f3n por migraci\u00f3n de estructuras, aplicar una mano de fijador al aguarr\u00e1s o fondo blanco. Si la pintura anterior estuviera floja, descascarada o en malas condiciones generales, debe ser eliminada; luego se proceder\u00e1 como se detalla m\u00e1s arriba.<\/p>\n<p>Preparaci\u00f3n del producto : Homogeneizar cuidadosamente con agitador mec\u00e1nico o a mano con una varilla agitadora realizando movimientos circulares o en forma de ocho, a fin de no incorporar aire, y diluir como convenga al m\u00e9todo de aplicaci\u00f3n elegido. Las temperaturas de aplicaci\u00f3n mencionadas en los datos t\u00e9cnicos se refieren tanto al ambiente como al sustrato a pintar.<\/p>\n<p>Diluci\u00f3n : Para su aplicaci\u00f3n a pincel o rodillo, se aconseja diluir hasta un m\u00e1ximo del 10 % en volumen.<\/p>\n<p>M\u00e9todos de aplicaci\u00f3n : Puede ser aplicado con pincel, rodillo, soplete adiab\u00e1tico o soplete airless.<\/p>\n","protected":false},"excerpt":{"rendered":"<p>Pintura de secado al aire, formulada con emulsiones de alta resistencia y pigmentos de gran poder cubritivo y agentes antihongo.<\/p>\n","protected":false},"featured_media":1037,"comment_status":"open","ping_status":"closed","template":"","meta":[],"product_brand":[],"product_cat":[90,31,89],"product_tag":[49],"class_list":{"0":"post-1949","1":"product","2":"type-product","3":"status-publish","4":"has-post-thumbnail","6":"product_cat-latex-tersuave","7":"product_cat-pintura","8":"product_cat-tersuave","9":"product_tag-tersuave","11":"first","12":"instock","13":"taxable","14":"shipping-taxable","15":"product-type-simple"},"yoast_head":"<!-- This site is optimized with the Yoast SEO plugin v24.7 - https:\/\/yoast.com\/wordpress\/plugins\/seo\/ -->\n<title>Pival Latex Exterior-Interior Mate x4lts - Corralon Sanchez<\/title>\n<meta name=\"description\" content=\"Pintura de secado al aire, formulada con emulsiones de alta resistencia y pigmentos de gran poder cubritivo y agentes antihongo.\" \/>\n<meta name=\"robots\" content=\"index, follow, max-snippet:-1, max-image-preview:large, max-video-preview:-1\" \/>\n<link rel=\"canonical\" href=\"https:\/\/corralonsanchezbelen.com\/index.php\/producto\/pival-latex-exterior-interior-mate-x4lts\/\" \/>\n<meta property=\"og:locale\" content=\"es_ES\" \/>\n<meta property=\"og:type\" content=\"article\" \/>\n<meta property=\"og:title\" content=\"Pival Latex Exterior-Interior Mate x4lts - Corralon Sanchez\" \/>\n<meta property=\"og:description\" content=\"Pintura de secado al aire, formulada con emulsiones de alta resistencia y pigmentos de gran poder cubritivo y agentes antihongo.\" \/>\n<meta property=\"og:url\" content=\"https:\/\/corralonsanchezbelen.com\/index.php\/producto\/pival-latex-exterior-interior-mate-x4lts\/\" \/>\n<meta property=\"og:site_name\" content=\"Corralon Sanchez\" \/>\n<meta property=\"article:publisher\" content=\"https:\/\/www.facebook.com\/corralon.sanchez.belen\" \/>\n<meta property=\"article:modified_time\" content=\"2024-07-12T04:24:50+00:00\" \/>\n<meta property=\"og:image\" content=\"https:\/\/corralonsanchezbelen.com\/wp-content\/uploads\/2024\/06\/17-1.png\" \/>\n\t<meta property=\"og:image:width\" content=\"1080\" \/>\n\t<meta property=\"og:image:height\" content=\"1080\" \/>\n\t<meta property=\"og:image:type\" content=\"image\/png\" \/>\n<meta name=\"twitter:card\" content=\"summary_large_image\" \/>\n<meta name=\"twitter:label1\" content=\"Tiempo de lectura\" \/>\n\t<meta name=\"twitter:data1\" content=\"2 minutos\" \/>\n<script type=\"application\/ld+json\" class=\"yoast-schema-graph\">{\"@context\":\"https:\/\/schema.org\",\"@graph\":[{\"@type\":\"WebPage\",\"@id\":\"https:\/\/corralonsanchezbelen.com\/index.php\/producto\/pival-latex-exterior-interior-mate-x4lts\/\",\"url\":\"https:\/\/corralonsanchezbelen.com\/index.php\/producto\/pival-latex-exterior-interior-mate-x4lts\/\",\"name\":\"Pival Latex Exterior-Interior Mate x4lts - Corralon Sanchez\",\"isPartOf\":{\"@id\":\"https:\/\/corralonsanchezbelen.com\/#website\"},\"primaryImageOfPage\":{\"@id\":\"https:\/\/corralonsanchezbelen.com\/index.php\/producto\/pival-latex-exterior-interior-mate-x4lts\/#primaryimage\"},\"image\":{\"@id\":\"https:\/\/corralonsanchezbelen.com\/index.php\/producto\/pival-latex-exterior-interior-mate-x4lts\/#primaryimage\"},\"thumbnailUrl\":\"https:\/\/corralonsanchezbelen.com\/wp-content\/uploads\/2024\/06\/17-1.png\",\"datePublished\":\"2024-07-09T18:55:18+00:00\",\"dateModified\":\"2024-07-12T04:24:50+00:00\",\"description\":\"Pintura de secado al aire, formulada con emulsiones de alta resistencia y pigmentos de gran poder cubritivo y agentes antihongo.\",\"breadcrumb\":{\"@id\":\"https:\/\/corralonsanchezbelen.com\/index.php\/producto\/pival-latex-exterior-interior-mate-x4lts\/#breadcrumb\"},\"inLanguage\":\"es\",\"potentialAction\":[{\"@type\":\"ReadAction\",\"target\":[\"https:\/\/corralonsanchezbelen.com\/index.php\/producto\/pival-latex-exterior-interior-mate-x4lts\/\"]}]},{\"@type\":\"ImageObject\",\"inLanguage\":\"es\",\"@id\":\"https:\/\/corralonsanchezbelen.com\/index.php\/producto\/pival-latex-exterior-interior-mate-x4lts\/#primaryimage\",\"url\":\"https:\/\/corralonsanchezbelen.com\/wp-content\/uploads\/2024\/06\/17-1.png\",\"contentUrl\":\"https:\/\/corralonsanchezbelen.com\/wp-content\/uploads\/2024\/06\/17-1.png\",\"width\":1080,\"height\":1080},{\"@type\":\"BreadcrumbList\",\"@id\":\"https:\/\/corralonsanchezbelen.com\/index.php\/producto\/pival-latex-exterior-interior-mate-x4lts\/#breadcrumb\",\"itemListElement\":[{\"@type\":\"ListItem\",\"position\":1,\"name\":\"Portada\",\"item\":\"https:\/\/corralonsanchezbelen.com\/\"},{\"@type\":\"ListItem\",\"position\":2,\"name\":\"Tienda\",\"item\":\"https:\/\/corralonsanchezbelen.com\/index.php\/tienda-2\/\"},{\"@type\":\"ListItem\",\"position\":3,\"name\":\"Pival Latex Exterior-Interior Mate x4lts\"}]},{\"@type\":\"WebSite\",\"@id\":\"https:\/\/corralonsanchezbelen.com\/#website\",\"url\":\"https:\/\/corralonsanchezbelen.com\/\",\"name\":\"Corralon Sanchez\",\"description\":\"El maestro de la construcci\u00f3n.\",\"publisher\":{\"@id\":\"https:\/\/corralonsanchezbelen.com\/#organization\"},\"potentialAction\":[{\"@type\":\"SearchAction\",\"target\":{\"@type\":\"EntryPoint\",\"urlTemplate\":\"https:\/\/corralonsanchezbelen.com\/?s={search_term_string}\"},\"query-input\":{\"@type\":\"PropertyValueSpecification\",\"valueRequired\":true,\"valueName\":\"search_term_string\"}}],\"inLanguage\":\"es\"},{\"@type\":\"Organization\",\"@id\":\"https:\/\/corralonsanchezbelen.com\/#organization\",\"name\":\"Corralon Sanchez\",\"url\":\"https:\/\/corralonsanchezbelen.com\/\",\"logo\":{\"@type\":\"ImageObject\",\"inLanguage\":\"es\",\"@id\":\"https:\/\/corralonsanchezbelen.com\/#\/schema\/logo\/image\/\",\"url\":\"https:\/\/corralonsanchezbelen.com\/wp-content\/uploads\/2024\/06\/Diseno-sin-tituloq.png\",\"contentUrl\":\"https:\/\/corralonsanchezbelen.com\/wp-content\/uploads\/2024\/06\/Diseno-sin-tituloq.png\",\"width\":1080,\"height\":1080,\"caption\":\"Corralon Sanchez\"},\"image\":{\"@id\":\"https:\/\/corralonsanchezbelen.com\/#\/schema\/logo\/image\/\"},\"sameAs\":[\"https:\/\/www.facebook.com\/corralon.sanchez.belen\",\"https:\/\/www.instagram.com\/corralon.sanchez\/\"]}]}<\/script>\n<!-- \/ Yoast SEO plugin. -->","yoast_head_json":{"title":"Pival Latex Exterior-Interior Mate x4lts - Corralon Sanchez","description":"Pintura de secado al aire, formulada con emulsiones de alta resistencia y pigmentos de gran poder cubritivo y agentes antihongo.","robots":{"index":"index","follow":"follow","max-snippet":"max-snippet:-1","max-image-preview":"max-image-preview:large","max-video-preview":"max-video-preview:-1"},"canonical":"https:\/\/corralonsanchezbelen.com\/index.php\/producto\/pival-latex-exterior-interior-mate-x4lts\/","og_locale":"es_ES","og_type":"article","og_title":"Pival Latex Exterior-Interior Mate x4lts - Corralon Sanchez","og_description":"Pintura de secado al aire, formulada con emulsiones de alta resistencia y pigmentos de gran poder cubritivo y agentes antihongo.","og_url":"https:\/\/corralonsanchezbelen.com\/index.php\/producto\/pival-latex-exterior-interior-mate-x4lts\/","og_site_name":"Corralon Sanchez","article_publisher":"https:\/\/www.facebook.com\/corralon.sanchez.belen","article_modified_time":"2024-07-12T04:24:50+00:00","og_image":[{"width":1080,"height":1080,"url":"https:\/\/corralonsanchezbelen.com\/wp-content\/uploads\/2024\/06\/17-1.png","type":"image\/png"}],"twitter_card":"summary_large_image","twitter_misc":{"Tiempo de lectura":"2 minutos"},"schema":{"@context":"https:\/\/schema.org","@graph":[{"@type":"WebPage","@id":"https:\/\/corralonsanchezbelen.com\/index.php\/producto\/pival-latex-exterior-interior-mate-x4lts\/","url":"https:\/\/corralonsanchezbelen.com\/index.php\/producto\/pival-latex-exterior-interior-mate-x4lts\/","name":"Pival Latex Exterior-Interior Mate x4lts - Corralon Sanchez","isPartOf":{"@id":"https:\/\/corralonsanchezbelen.com\/#website"},"primaryImageOfPage":{"@id":"https:\/\/corralonsanchezbelen.com\/index.php\/producto\/pival-latex-exterior-interior-mate-x4lts\/#primaryimage"},"image":{"@id":"https:\/\/corralonsanchezbelen.com\/index.php\/producto\/pival-latex-exterior-interior-mate-x4lts\/#primaryimage"},"thumbnailUrl":"https:\/\/corralonsanchezbelen.com\/wp-content\/uploads\/2024\/06\/17-1.png","datePublished":"2024-07-09T18:55:18+00:00","dateModified":"2024-07-12T04:24:50+00:00","description":"Pintura de secado al aire, formulada con emulsiones de alta resistencia y pigmentos de gran poder cubritivo y agentes antihongo.","breadcrumb":{"@id":"https:\/\/corralonsanchezbelen.com\/index.php\/producto\/pival-latex-exterior-interior-mate-x4lts\/#breadcrumb"},"inLanguage":"es","potentialAction":[{"@type":"ReadAction","target":["https:\/\/corralonsanchezbelen.com\/index.php\/producto\/pival-latex-exterior-interior-mate-x4lts\/"]}]},{"@type":"ImageObject","inLanguage":"es","@id":"https:\/\/corralonsanchezbelen.com\/index.php\/producto\/pival-latex-exterior-interior-mate-x4lts\/#primaryimage","url":"https:\/\/corralonsanchezbelen.com\/wp-content\/uploads\/2024\/06\/17-1.png","contentUrl":"https:\/\/corralonsanchezbelen.com\/wp-content\/uploads\/2024\/06\/17-1.png","width":1080,"height":1080},{"@type":"BreadcrumbList","@id":"https:\/\/corralonsanchezbelen.com\/index.php\/producto\/pival-latex-exterior-interior-mate-x4lts\/#breadcrumb","itemListElement":[{"@type":"ListItem","position":1,"name":"Portada","item":"https:\/\/corralonsanchezbelen.com\/"},{"@type":"ListItem","position":2,"name":"Tienda","item":"https:\/\/corralonsanchezbelen.com\/index.php\/tienda-2\/"},{"@type":"ListItem","position":3,"name":"Pival Latex Exterior-Interior Mate x4lts"}]},{"@type":"WebSite","@id":"https:\/\/corralonsanchezbelen.com\/#website","url":"https:\/\/corralonsanchezbelen.com\/","name":"Corralon Sanchez","description":"El maestro de la construcci\u00f3n.","publisher":{"@id":"https:\/\/corralonsanchezbelen.com\/#organization"},"potentialAction":[{"@type":"SearchAction","target":{"@type":"EntryPoint","urlTemplate":"https:\/\/corralonsanchezbelen.com\/?s={search_term_string}"},"query-input":{"@type":"PropertyValueSpecification","valueRequired":true,"valueName":"search_term_string"}}],"inLanguage":"es"},{"@type":"Organization","@id":"https:\/\/corralonsanchezbelen.com\/#organization","name":"Corralon Sanchez","url":"https:\/\/corralonsanchezbelen.com\/","logo":{"@type":"ImageObject","inLanguage":"es","@id":"https:\/\/corralonsanchezbelen.com\/#\/schema\/logo\/image\/","url":"https:\/\/corralonsanchezbelen.com\/wp-content\/uploads\/2024\/06\/Diseno-sin-tituloq.png","contentUrl":"https:\/\/corralonsanchezbelen.com\/wp-content\/uploads\/2024\/06\/Diseno-sin-tituloq.png","width":1080,"height":1080,"caption":"Corralon Sanchez"},"image":{"@id":"https:\/\/corralonsanchezbelen.com\/#\/schema\/logo\/image\/"},"sameAs":["https:\/\/www.facebook.com\/corralon.sanchez.belen","https:\/\/www.instagram.com\/corralon.sanchez\/"]}]}},"_links":{"self":[{"href":"https:\/\/corralonsanchezbelen.com\/index.php\/wp-json\/wp\/v2\/product\/1949","targetHints":{"allow":["GET"]}}],"collection":[{"href":"https:\/\/corralonsanchezbelen.com\/index.php\/wp-json\/wp\/v2\/product"}],"about":[{"href":"https:\/\/corralonsanchezbelen.com\/index.php\/wp-json\/wp\/v2\/types\/product"}],"replies":[{"embeddable":true,"href":"https:\/\/corralonsanchezbelen.com\/index.php\/wp-json\/wp\/v2\/comments?post=1949"}],"wp:featuredmedia":[{"embeddable":true,"href":"https:\/\/corralonsanchezbelen.com\/index.php\/wp-json\/wp\/v2\/media\/1037"}],"wp:attachment":[{"href":"https:\/\/corralonsanchezbelen.com\/index.php\/wp-json\/wp\/v2\/media?parent=1949"}],"wp:term":[{"taxonomy":"product_brand","embeddable":true,"href":"https:\/\/corralonsanchezbelen.com\/index.php\/wp-json\/wp\/v2\/product_brand?post=1949"},{"taxonomy":"product_cat","embeddable":true,"href":"https:\/\/corralonsanchezbelen.com\/index.php\/wp-json\/wp\/v2\/product_cat?post=1949"},{"taxonomy":"product_tag","embeddable":true,"href":"https:\/\/corralonsanchezbelen.com\/index.php\/wp-json\/wp\/v2\/product_tag?post=1949"}],"curies":[{"name":"wp","href":"https:\/\/api.w.org\/{rel}","templated":true}]}}