{"id":1943,"date":"2024-07-09T15:45:24","date_gmt":"2024-07-09T18:45:24","guid":{"rendered":"https:\/\/corralonsanchezbelen.com\/?post_type=product&#038;p=1943"},"modified":"2024-07-12T01:19:15","modified_gmt":"2024-07-12T04:19:15","slug":"tersinol-exterior-interior-mate-x4lts","status":"publish","type":"product","link":"https:\/\/corralonsanchezbelen.com\/index.php\/producto\/tersinol-exterior-interior-mate-x4lts\/","title":{"rendered":"Tersinol Exterior-Interior Mate x4lts"},"content":{"rendered":"<p>La superficie debe estar limpia, seca, libre de polvo, y otros contaminantes. Aplicar previamente, Fijador Sellador Concentrado o Imprimaci\u00f3n Fijadora al Agua Tersuave diluida convenientemente. En casos de superficies de cierta antig\u00fcedad en exterior, emplear Fijador al Aguarr\u00e1s Tersuave. Si fuera necesario, reparar las imperfecciones con Enduido Pl\u00e1stico Exterior o Interior Tersuave, segun los casos. Aplicar dos manos del producto diluido al 10% de agua como m\u00e1ximo, dejando transcurrir de 4 a 6 hs, entre manos. Para ampliar la gama de colores, utilizar Entonador Universal Tersuave hasta un m\u00e1ximo de 30 cc. por litro de producto. La limpieza de los elementos empleados para la aplicaci\u00f3n puede realizar con agua, antes que sequen.<br \/>\nRecetas: Cuando no se tienen en cuenta las condiciones meteorol\u00f3gicas, antes de pintar, durante e inmediatamente despu\u00e9s del pintado, pueden presentarse manchas, producto de la redisoluci\u00f3n de componentes solubles en agua durante las primeras 2 semanas. resulta m\u00e1s notorio en colores intensos.<\/p>\n<p>Por ello es recomendable no pintar cuando las condiciones ambientales superen el 85% de hra y si se prev\u00e9n lluvias en las pr\u00f3ximas 24 horas, ni con la superficie h\u00fameda. Tambi\u00e9n si el producto entra en contacto con agua pluvial o humedad dentro de ese lapso y se mancha, se deber\u00e1 proceder de la siguiente manera: Frotar la superficie afectada con cepillo suave, agua y detergente neutro. Enjuagar y dejar secar. Aplicar Esmalte Sint\u00e9tico Mate o Satinado Tersuave. Dejar secar, lijar y concluir el pintado con Tersinol Exterior-Interior Antihongo del color elegido<\/p>\n","protected":false},"excerpt":{"rendered":"<p>Tersinol Exterior-Interior Antihongo es un producto de brillo mate, de gran poder cubritivo y alta resistencia a los agentes atmosf\u00e9ricos, cualidad que lo hace especialmente recomendable para el pintado de superficies exteriores, ampliando su uso tambi\u00e9n para interiores. USOS: Ideal para aplicarse sobre superficies de mamposter\u00eda, ladrillos, revoque, hormig\u00f3n visto, material para frentes, yeso, etc. sobre los que se haya aplicado el fondo adecuado.<\/p>\n","protected":false},"featured_media":1035,"comment_status":"open","ping_status":"closed","template":"","meta":[],"product_brand":[],"product_cat":[90,31,89],"product_tag":[49],"class_list":{"0":"post-1943","1":"product","2":"type-product","3":"status-publish","4":"has-post-thumbnail","6":"product_cat-latex-tersuave","7":"product_cat-pintura","8":"product_cat-tersuave","9":"product_tag-tersuave","11":"first","12":"instock","13":"taxable","14":"shipping-taxable","15":"product-type-simple"},"yoast_head":"<!-- This site is optimized with the Yoast SEO plugin v24.7 - https:\/\/yoast.com\/wordpress\/plugins\/seo\/ -->\n<title>Tersinol Exterior-Interior Mate x4lts - Corralon Sanchez<\/title>\n<meta name=\"description\" content=\"Tersinol Exterior-Interior Antihongo es un producto de brillo mate, de gran poder cubritivo y alta resistencia a los agentes atmosf\u00e9ricos, cualidad que lo hace especialmente recomendable para el pintado de superficies exteriores, ampliando su uso tambi\u00e9n para interiores. USOS: Ideal para aplicarse sobre superficies de mamposter\u00eda, ladrillos, revoque, hormig\u00f3n visto, material para frentes, yeso, etc. sobre los que se haya aplicado el fondo adecuado.\" \/>\n<meta name=\"robots\" content=\"index, follow, max-snippet:-1, max-image-preview:large, max-video-preview:-1\" \/>\n<link rel=\"canonical\" href=\"https:\/\/corralonsanchezbelen.com\/index.php\/producto\/tersinol-exterior-interior-mate-x4lts\/\" \/>\n<meta property=\"og:locale\" content=\"es_ES\" \/>\n<meta property=\"og:type\" content=\"article\" \/>\n<meta property=\"og:title\" content=\"Tersinol Exterior-Interior Mate x4lts - Corralon Sanchez\" \/>\n<meta property=\"og:description\" content=\"Tersinol Exterior-Interior Antihongo es un producto de brillo mate, de gran poder cubritivo y alta resistencia a los agentes atmosf\u00e9ricos, cualidad que lo hace especialmente recomendable para el pintado de superficies exteriores, ampliando su uso tambi\u00e9n para interiores. USOS: Ideal para aplicarse sobre superficies de mamposter\u00eda, ladrillos, revoque, hormig\u00f3n visto, material para frentes, yeso, etc. sobre los que se haya aplicado el fondo adecuado.\" \/>\n<meta property=\"og:url\" content=\"https:\/\/corralonsanchezbelen.com\/index.php\/producto\/tersinol-exterior-interior-mate-x4lts\/\" \/>\n<meta property=\"og:site_name\" content=\"Corralon Sanchez\" \/>\n<meta property=\"article:publisher\" content=\"https:\/\/www.facebook.com\/corralon.sanchez.belen\" \/>\n<meta property=\"article:modified_time\" content=\"2024-07-12T04:19:15+00:00\" \/>\n<meta property=\"og:image\" content=\"https:\/\/corralonsanchezbelen.com\/wp-content\/uploads\/2024\/06\/15-1.png\" \/>\n\t<meta property=\"og:image:width\" content=\"1080\" \/>\n\t<meta property=\"og:image:height\" content=\"1080\" \/>\n\t<meta property=\"og:image:type\" content=\"image\/png\" \/>\n<meta name=\"twitter:card\" content=\"summary_large_image\" \/>\n<meta name=\"twitter:label1\" content=\"Tiempo de lectura\" \/>\n\t<meta name=\"twitter:data1\" content=\"2 minutos\" \/>\n<script type=\"application\/ld+json\" class=\"yoast-schema-graph\">{\"@context\":\"https:\/\/schema.org\",\"@graph\":[{\"@type\":\"WebPage\",\"@id\":\"https:\/\/corralonsanchezbelen.com\/index.php\/producto\/tersinol-exterior-interior-mate-x4lts\/\",\"url\":\"https:\/\/corralonsanchezbelen.com\/index.php\/producto\/tersinol-exterior-interior-mate-x4lts\/\",\"name\":\"Tersinol Exterior-Interior Mate x4lts - Corralon Sanchez\",\"isPartOf\":{\"@id\":\"https:\/\/corralonsanchezbelen.com\/#website\"},\"primaryImageOfPage\":{\"@id\":\"https:\/\/corralonsanchezbelen.com\/index.php\/producto\/tersinol-exterior-interior-mate-x4lts\/#primaryimage\"},\"image\":{\"@id\":\"https:\/\/corralonsanchezbelen.com\/index.php\/producto\/tersinol-exterior-interior-mate-x4lts\/#primaryimage\"},\"thumbnailUrl\":\"https:\/\/corralonsanchezbelen.com\/wp-content\/uploads\/2024\/06\/15-1.png\",\"datePublished\":\"2024-07-09T18:45:24+00:00\",\"dateModified\":\"2024-07-12T04:19:15+00:00\",\"description\":\"Tersinol Exterior-Interior Antihongo es un producto de brillo mate, de gran poder cubritivo y alta resistencia a los agentes atmosf\u00e9ricos, cualidad que lo hace especialmente recomendable para el pintado de superficies exteriores, ampliando su uso tambi\u00e9n para interiores. USOS: Ideal para aplicarse sobre superficies de mamposter\u00eda, ladrillos, revoque, hormig\u00f3n visto, material para frentes, yeso, etc. sobre los que se haya aplicado el fondo adecuado.\",\"breadcrumb\":{\"@id\":\"https:\/\/corralonsanchezbelen.com\/index.php\/producto\/tersinol-exterior-interior-mate-x4lts\/#breadcrumb\"},\"inLanguage\":\"es\",\"potentialAction\":[{\"@type\":\"ReadAction\",\"target\":[\"https:\/\/corralonsanchezbelen.com\/index.php\/producto\/tersinol-exterior-interior-mate-x4lts\/\"]}]},{\"@type\":\"ImageObject\",\"inLanguage\":\"es\",\"@id\":\"https:\/\/corralonsanchezbelen.com\/index.php\/producto\/tersinol-exterior-interior-mate-x4lts\/#primaryimage\",\"url\":\"https:\/\/corralonsanchezbelen.com\/wp-content\/uploads\/2024\/06\/15-1.png\",\"contentUrl\":\"https:\/\/corralonsanchezbelen.com\/wp-content\/uploads\/2024\/06\/15-1.png\",\"width\":1080,\"height\":1080},{\"@type\":\"BreadcrumbList\",\"@id\":\"https:\/\/corralonsanchezbelen.com\/index.php\/producto\/tersinol-exterior-interior-mate-x4lts\/#breadcrumb\",\"itemListElement\":[{\"@type\":\"ListItem\",\"position\":1,\"name\":\"Portada\",\"item\":\"https:\/\/corralonsanchezbelen.com\/\"},{\"@type\":\"ListItem\",\"position\":2,\"name\":\"Tienda\",\"item\":\"https:\/\/corralonsanchezbelen.com\/index.php\/tienda-2\/\"},{\"@type\":\"ListItem\",\"position\":3,\"name\":\"Tersinol Exterior-Interior Mate x4lts\"}]},{\"@type\":\"WebSite\",\"@id\":\"https:\/\/corralonsanchezbelen.com\/#website\",\"url\":\"https:\/\/corralonsanchezbelen.com\/\",\"name\":\"Corralon Sanchez\",\"description\":\"El maestro de la construcci\u00f3n.\",\"publisher\":{\"@id\":\"https:\/\/corralonsanchezbelen.com\/#organization\"},\"potentialAction\":[{\"@type\":\"SearchAction\",\"target\":{\"@type\":\"EntryPoint\",\"urlTemplate\":\"https:\/\/corralonsanchezbelen.com\/?s={search_term_string}\"},\"query-input\":{\"@type\":\"PropertyValueSpecification\",\"valueRequired\":true,\"valueName\":\"search_term_string\"}}],\"inLanguage\":\"es\"},{\"@type\":\"Organization\",\"@id\":\"https:\/\/corralonsanchezbelen.com\/#organization\",\"name\":\"Corralon Sanchez\",\"url\":\"https:\/\/corralonsanchezbelen.com\/\",\"logo\":{\"@type\":\"ImageObject\",\"inLanguage\":\"es\",\"@id\":\"https:\/\/corralonsanchezbelen.com\/#\/schema\/logo\/image\/\",\"url\":\"https:\/\/corralonsanchezbelen.com\/wp-content\/uploads\/2024\/06\/Diseno-sin-tituloq.png\",\"contentUrl\":\"https:\/\/corralonsanchezbelen.com\/wp-content\/uploads\/2024\/06\/Diseno-sin-tituloq.png\",\"width\":1080,\"height\":1080,\"caption\":\"Corralon Sanchez\"},\"image\":{\"@id\":\"https:\/\/corralonsanchezbelen.com\/#\/schema\/logo\/image\/\"},\"sameAs\":[\"https:\/\/www.facebook.com\/corralon.sanchez.belen\",\"https:\/\/www.instagram.com\/corralon.sanchez\/\"]}]}<\/script>\n<!-- \/ Yoast SEO plugin. -->","yoast_head_json":{"title":"Tersinol Exterior-Interior Mate x4lts - Corralon Sanchez","description":"Tersinol Exterior-Interior Antihongo es un producto de brillo mate, de gran poder cubritivo y alta resistencia a los agentes atmosf\u00e9ricos, cualidad que lo hace especialmente recomendable para el pintado de superficies exteriores, ampliando su uso tambi\u00e9n para interiores. USOS: Ideal para aplicarse sobre superficies de mamposter\u00eda, ladrillos, revoque, hormig\u00f3n visto, material para frentes, yeso, etc. sobre los que se haya aplicado el fondo adecuado.","robots":{"index":"index","follow":"follow","max-snippet":"max-snippet:-1","max-image-preview":"max-image-preview:large","max-video-preview":"max-video-preview:-1"},"canonical":"https:\/\/corralonsanchezbelen.com\/index.php\/producto\/tersinol-exterior-interior-mate-x4lts\/","og_locale":"es_ES","og_type":"article","og_title":"Tersinol Exterior-Interior Mate x4lts - Corralon Sanchez","og_description":"Tersinol Exterior-Interior Antihongo es un producto de brillo mate, de gran poder cubritivo y alta resistencia a los agentes atmosf\u00e9ricos, cualidad que lo hace especialmente recomendable para el pintado de superficies exteriores, ampliando su uso tambi\u00e9n para interiores. USOS: Ideal para aplicarse sobre superficies de mamposter\u00eda, ladrillos, revoque, hormig\u00f3n visto, material para frentes, yeso, etc. sobre los que se haya aplicado el fondo adecuado.","og_url":"https:\/\/corralonsanchezbelen.com\/index.php\/producto\/tersinol-exterior-interior-mate-x4lts\/","og_site_name":"Corralon Sanchez","article_publisher":"https:\/\/www.facebook.com\/corralon.sanchez.belen","article_modified_time":"2024-07-12T04:19:15+00:00","og_image":[{"width":1080,"height":1080,"url":"https:\/\/corralonsanchezbelen.com\/wp-content\/uploads\/2024\/06\/15-1.png","type":"image\/png"}],"twitter_card":"summary_large_image","twitter_misc":{"Tiempo de lectura":"2 minutos"},"schema":{"@context":"https:\/\/schema.org","@graph":[{"@type":"WebPage","@id":"https:\/\/corralonsanchezbelen.com\/index.php\/producto\/tersinol-exterior-interior-mate-x4lts\/","url":"https:\/\/corralonsanchezbelen.com\/index.php\/producto\/tersinol-exterior-interior-mate-x4lts\/","name":"Tersinol Exterior-Interior Mate x4lts - Corralon Sanchez","isPartOf":{"@id":"https:\/\/corralonsanchezbelen.com\/#website"},"primaryImageOfPage":{"@id":"https:\/\/corralonsanchezbelen.com\/index.php\/producto\/tersinol-exterior-interior-mate-x4lts\/#primaryimage"},"image":{"@id":"https:\/\/corralonsanchezbelen.com\/index.php\/producto\/tersinol-exterior-interior-mate-x4lts\/#primaryimage"},"thumbnailUrl":"https:\/\/corralonsanchezbelen.com\/wp-content\/uploads\/2024\/06\/15-1.png","datePublished":"2024-07-09T18:45:24+00:00","dateModified":"2024-07-12T04:19:15+00:00","description":"Tersinol Exterior-Interior Antihongo es un producto de brillo mate, de gran poder cubritivo y alta resistencia a los agentes atmosf\u00e9ricos, cualidad que lo hace especialmente recomendable para el pintado de superficies exteriores, ampliando su uso tambi\u00e9n para interiores. USOS: Ideal para aplicarse sobre superficies de mamposter\u00eda, ladrillos, revoque, hormig\u00f3n visto, material para frentes, yeso, etc. sobre los que se haya aplicado el fondo adecuado.","breadcrumb":{"@id":"https:\/\/corralonsanchezbelen.com\/index.php\/producto\/tersinol-exterior-interior-mate-x4lts\/#breadcrumb"},"inLanguage":"es","potentialAction":[{"@type":"ReadAction","target":["https:\/\/corralonsanchezbelen.com\/index.php\/producto\/tersinol-exterior-interior-mate-x4lts\/"]}]},{"@type":"ImageObject","inLanguage":"es","@id":"https:\/\/corralonsanchezbelen.com\/index.php\/producto\/tersinol-exterior-interior-mate-x4lts\/#primaryimage","url":"https:\/\/corralonsanchezbelen.com\/wp-content\/uploads\/2024\/06\/15-1.png","contentUrl":"https:\/\/corralonsanchezbelen.com\/wp-content\/uploads\/2024\/06\/15-1.png","width":1080,"height":1080},{"@type":"BreadcrumbList","@id":"https:\/\/corralonsanchezbelen.com\/index.php\/producto\/tersinol-exterior-interior-mate-x4lts\/#breadcrumb","itemListElement":[{"@type":"ListItem","position":1,"name":"Portada","item":"https:\/\/corralonsanchezbelen.com\/"},{"@type":"ListItem","position":2,"name":"Tienda","item":"https:\/\/corralonsanchezbelen.com\/index.php\/tienda-2\/"},{"@type":"ListItem","position":3,"name":"Tersinol Exterior-Interior Mate x4lts"}]},{"@type":"WebSite","@id":"https:\/\/corralonsanchezbelen.com\/#website","url":"https:\/\/corralonsanchezbelen.com\/","name":"Corralon Sanchez","description":"El maestro de la construcci\u00f3n.","publisher":{"@id":"https:\/\/corralonsanchezbelen.com\/#organization"},"potentialAction":[{"@type":"SearchAction","target":{"@type":"EntryPoint","urlTemplate":"https:\/\/corralonsanchezbelen.com\/?s={search_term_string}"},"query-input":{"@type":"PropertyValueSpecification","valueRequired":true,"valueName":"search_term_string"}}],"inLanguage":"es"},{"@type":"Organization","@id":"https:\/\/corralonsanchezbelen.com\/#organization","name":"Corralon Sanchez","url":"https:\/\/corralonsanchezbelen.com\/","logo":{"@type":"ImageObject","inLanguage":"es","@id":"https:\/\/corralonsanchezbelen.com\/#\/schema\/logo\/image\/","url":"https:\/\/corralonsanchezbelen.com\/wp-content\/uploads\/2024\/06\/Diseno-sin-tituloq.png","contentUrl":"https:\/\/corralonsanchezbelen.com\/wp-content\/uploads\/2024\/06\/Diseno-sin-tituloq.png","width":1080,"height":1080,"caption":"Corralon Sanchez"},"image":{"@id":"https:\/\/corralonsanchezbelen.com\/#\/schema\/logo\/image\/"},"sameAs":["https:\/\/www.facebook.com\/corralon.sanchez.belen","https:\/\/www.instagram.com\/corralon.sanchez\/"]}]}},"_links":{"self":[{"href":"https:\/\/corralonsanchezbelen.com\/index.php\/wp-json\/wp\/v2\/product\/1943","targetHints":{"allow":["GET"]}}],"collection":[{"href":"https:\/\/corralonsanchezbelen.com\/index.php\/wp-json\/wp\/v2\/product"}],"about":[{"href":"https:\/\/corralonsanchezbelen.com\/index.php\/wp-json\/wp\/v2\/types\/product"}],"replies":[{"embeddable":true,"href":"https:\/\/corralonsanchezbelen.com\/index.php\/wp-json\/wp\/v2\/comments?post=1943"}],"wp:featuredmedia":[{"embeddable":true,"href":"https:\/\/corralonsanchezbelen.com\/index.php\/wp-json\/wp\/v2\/media\/1035"}],"wp:attachment":[{"href":"https:\/\/corralonsanchezbelen.com\/index.php\/wp-json\/wp\/v2\/media?parent=1943"}],"wp:term":[{"taxonomy":"product_brand","embeddable":true,"href":"https:\/\/corralonsanchezbelen.com\/index.php\/wp-json\/wp\/v2\/product_brand?post=1943"},{"taxonomy":"product_cat","embeddable":true,"href":"https:\/\/corralonsanchezbelen.com\/index.php\/wp-json\/wp\/v2\/product_cat?post=1943"},{"taxonomy":"product_tag","embeddable":true,"href":"https:\/\/corralonsanchezbelen.com\/index.php\/wp-json\/wp\/v2\/product_tag?post=1943"}],"curies":[{"name":"wp","href":"https:\/\/api.w.org\/{rel}","templated":true}]}}