{"id":1939,"date":"2024-07-09T15:40:08","date_gmt":"2024-07-09T18:40:08","guid":{"rendered":"https:\/\/corralonsanchezbelen.com\/?post_type=product&#038;p=1939"},"modified":"2024-07-12T01:19:27","modified_gmt":"2024-07-12T04:19:27","slug":"tersinol-interior-mate-4lts","status":"publish","type":"product","link":"https:\/\/corralonsanchezbelen.com\/index.php\/producto\/tersinol-interior-mate-4lts\/","title":{"rendered":"Tersinol Interior Mate 4lts"},"content":{"rendered":"<p>Modo de aplicaci\u00f3n:<\/p>\n<p>La superficie debe estar limpia, seca, libre de polvo y partes flojas. Aplicar previamente, Fijador Sellador Concentrado o Imprimaci\u00f3n Fijadora al Agua Tersuave diluida convenientemente.<br \/>\nSi fuera necesario, reparar las imperfecciones con Enduido Pl\u00e1stico Interior Tersuave. Aplicar el Fijador seleccionado sobre aquellas \u00e1reas enduidas, una vez lijadas, con el objeto de nivelar la absorci\u00f3n de la superficie.<br \/>\nPosteriormente aplicar dos manos del producto diluido al 10 % de agua como m\u00e1ximo, dejando transcurrir de 4 a 6 hs. entre manos.<br \/>\nPara ampliar la gama de colores, utilizar Entonador Universal Tersuave hasta un m\u00e1ximo de 30 cc. por litro de producto.<br \/>\nLa limpieza de los elementos empleados para la aplicaci\u00f3n puede realizarse con agua antes que sequen.<\/p>\n","protected":false},"excerpt":{"rendered":"<div class=\"row\">Tersinol L\u00e1tex Acr\u00edlico Interior antihongo ha sido desarrollado con materias primas de alta calidad guardando un delicado equilibrio entre sus componentes, logrando un producto ideal para pintar ambientes interiores. tiene un acabado mate, r\u00e1pido secado y gran rendimiento, previniendo la formaci\u00f3n de hongos a trav\u00e9s de agentes espec\u00edficos.<\/div>\n","protected":false},"featured_media":1940,"comment_status":"open","ping_status":"closed","template":"","meta":[],"product_brand":[],"product_cat":[90,31,89],"product_tag":[49],"class_list":{"0":"post-1939","1":"product","2":"type-product","3":"status-publish","4":"has-post-thumbnail","6":"product_cat-latex-tersuave","7":"product_cat-pintura","8":"product_cat-tersuave","9":"product_tag-tersuave","11":"first","12":"instock","13":"taxable","14":"shipping-taxable","15":"product-type-simple"},"yoast_head":"<!-- This site is optimized with the Yoast SEO plugin v24.7 - https:\/\/yoast.com\/wordpress\/plugins\/seo\/ -->\n<title>Tersinol Interior Mate 4lts - Corralon Sanchez<\/title>\n<meta name=\"description\" content=\"Tersinol L\u00e1tex Acr\u00edlico Interior antihongo ha sido desarrollado con materias primas de alta calidad guardando un delicado equilibrio entre sus componentes, logrando un producto ideal para pintar ambientes interiores. tiene un acabado mate, r\u00e1pido secado y gran rendimiento, previniendo la formaci\u00f3n de hongos a trav\u00e9s de agentes espec\u00edficos.\" \/>\n<meta name=\"robots\" content=\"index, follow, max-snippet:-1, max-image-preview:large, max-video-preview:-1\" \/>\n<link rel=\"canonical\" href=\"https:\/\/corralonsanchezbelen.com\/index.php\/producto\/tersinol-interior-mate-4lts\/\" \/>\n<meta property=\"og:locale\" content=\"es_ES\" \/>\n<meta property=\"og:type\" content=\"article\" \/>\n<meta property=\"og:title\" content=\"Tersinol Interior Mate 4lts - Corralon Sanchez\" \/>\n<meta property=\"og:description\" content=\"Tersinol L\u00e1tex Acr\u00edlico Interior antihongo ha sido desarrollado con materias primas de alta calidad guardando un delicado equilibrio entre sus componentes, logrando un producto ideal para pintar ambientes interiores. tiene un acabado mate, r\u00e1pido secado y gran rendimiento, previniendo la formaci\u00f3n de hongos a trav\u00e9s de agentes espec\u00edficos.\" \/>\n<meta property=\"og:url\" content=\"https:\/\/corralonsanchezbelen.com\/index.php\/producto\/tersinol-interior-mate-4lts\/\" \/>\n<meta property=\"og:site_name\" content=\"Corralon Sanchez\" \/>\n<meta property=\"article:publisher\" content=\"https:\/\/www.facebook.com\/corralon.sanchez.belen\" \/>\n<meta property=\"article:modified_time\" content=\"2024-07-12T04:19:27+00:00\" \/>\n<meta property=\"og:image\" content=\"https:\/\/corralonsanchezbelen.com\/wp-content\/uploads\/2024\/07\/latex-tersinol-para-interior-4lt-tersuave-e1720550362908.jpg\" \/>\n\t<meta property=\"og:image:width\" content=\"1080\" \/>\n\t<meta property=\"og:image:height\" content=\"1080\" \/>\n\t<meta property=\"og:image:type\" content=\"image\/jpeg\" \/>\n<meta name=\"twitter:card\" content=\"summary_large_image\" \/>\n<meta name=\"twitter:label1\" content=\"Tiempo de lectura\" \/>\n\t<meta name=\"twitter:data1\" content=\"1 minuto\" \/>\n<script type=\"application\/ld+json\" class=\"yoast-schema-graph\">{\"@context\":\"https:\/\/schema.org\",\"@graph\":[{\"@type\":\"WebPage\",\"@id\":\"https:\/\/corralonsanchezbelen.com\/index.php\/producto\/tersinol-interior-mate-4lts\/\",\"url\":\"https:\/\/corralonsanchezbelen.com\/index.php\/producto\/tersinol-interior-mate-4lts\/\",\"name\":\"Tersinol Interior Mate 4lts - Corralon Sanchez\",\"isPartOf\":{\"@id\":\"https:\/\/corralonsanchezbelen.com\/#website\"},\"primaryImageOfPage\":{\"@id\":\"https:\/\/corralonsanchezbelen.com\/index.php\/producto\/tersinol-interior-mate-4lts\/#primaryimage\"},\"image\":{\"@id\":\"https:\/\/corralonsanchezbelen.com\/index.php\/producto\/tersinol-interior-mate-4lts\/#primaryimage\"},\"thumbnailUrl\":\"https:\/\/corralonsanchezbelen.com\/wp-content\/uploads\/2024\/07\/latex-tersinol-para-interior-4lt-tersuave-e1720550362908.jpg\",\"datePublished\":\"2024-07-09T18:40:08+00:00\",\"dateModified\":\"2024-07-12T04:19:27+00:00\",\"description\":\"Tersinol L\u00e1tex Acr\u00edlico Interior antihongo ha sido desarrollado con materias primas de alta calidad guardando un delicado equilibrio entre sus componentes, logrando un producto ideal para pintar ambientes interiores. tiene un acabado mate, r\u00e1pido secado y gran rendimiento, previniendo la formaci\u00f3n de hongos a trav\u00e9s de agentes espec\u00edficos.\",\"breadcrumb\":{\"@id\":\"https:\/\/corralonsanchezbelen.com\/index.php\/producto\/tersinol-interior-mate-4lts\/#breadcrumb\"},\"inLanguage\":\"es\",\"potentialAction\":[{\"@type\":\"ReadAction\",\"target\":[\"https:\/\/corralonsanchezbelen.com\/index.php\/producto\/tersinol-interior-mate-4lts\/\"]}]},{\"@type\":\"ImageObject\",\"inLanguage\":\"es\",\"@id\":\"https:\/\/corralonsanchezbelen.com\/index.php\/producto\/tersinol-interior-mate-4lts\/#primaryimage\",\"url\":\"https:\/\/corralonsanchezbelen.com\/wp-content\/uploads\/2024\/07\/latex-tersinol-para-interior-4lt-tersuave-e1720550362908.jpg\",\"contentUrl\":\"https:\/\/corralonsanchezbelen.com\/wp-content\/uploads\/2024\/07\/latex-tersinol-para-interior-4lt-tersuave-e1720550362908.jpg\",\"width\":1080,\"height\":1080},{\"@type\":\"BreadcrumbList\",\"@id\":\"https:\/\/corralonsanchezbelen.com\/index.php\/producto\/tersinol-interior-mate-4lts\/#breadcrumb\",\"itemListElement\":[{\"@type\":\"ListItem\",\"position\":1,\"name\":\"Portada\",\"item\":\"https:\/\/corralonsanchezbelen.com\/\"},{\"@type\":\"ListItem\",\"position\":2,\"name\":\"Tienda\",\"item\":\"https:\/\/corralonsanchezbelen.com\/index.php\/tienda-2\/\"},{\"@type\":\"ListItem\",\"position\":3,\"name\":\"Tersinol Interior Mate 4lts\"}]},{\"@type\":\"WebSite\",\"@id\":\"https:\/\/corralonsanchezbelen.com\/#website\",\"url\":\"https:\/\/corralonsanchezbelen.com\/\",\"name\":\"Corralon Sanchez\",\"description\":\"El maestro de la construcci\u00f3n.\",\"publisher\":{\"@id\":\"https:\/\/corralonsanchezbelen.com\/#organization\"},\"potentialAction\":[{\"@type\":\"SearchAction\",\"target\":{\"@type\":\"EntryPoint\",\"urlTemplate\":\"https:\/\/corralonsanchezbelen.com\/?s={search_term_string}\"},\"query-input\":{\"@type\":\"PropertyValueSpecification\",\"valueRequired\":true,\"valueName\":\"search_term_string\"}}],\"inLanguage\":\"es\"},{\"@type\":\"Organization\",\"@id\":\"https:\/\/corralonsanchezbelen.com\/#organization\",\"name\":\"Corralon Sanchez\",\"url\":\"https:\/\/corralonsanchezbelen.com\/\",\"logo\":{\"@type\":\"ImageObject\",\"inLanguage\":\"es\",\"@id\":\"https:\/\/corralonsanchezbelen.com\/#\/schema\/logo\/image\/\",\"url\":\"https:\/\/corralonsanchezbelen.com\/wp-content\/uploads\/2024\/06\/Diseno-sin-tituloq.png\",\"contentUrl\":\"https:\/\/corralonsanchezbelen.com\/wp-content\/uploads\/2024\/06\/Diseno-sin-tituloq.png\",\"width\":1080,\"height\":1080,\"caption\":\"Corralon Sanchez\"},\"image\":{\"@id\":\"https:\/\/corralonsanchezbelen.com\/#\/schema\/logo\/image\/\"},\"sameAs\":[\"https:\/\/www.facebook.com\/corralon.sanchez.belen\",\"https:\/\/www.instagram.com\/corralon.sanchez\/\"]}]}<\/script>\n<!-- \/ Yoast SEO plugin. -->","yoast_head_json":{"title":"Tersinol Interior Mate 4lts - Corralon Sanchez","description":"Tersinol L\u00e1tex Acr\u00edlico Interior antihongo ha sido desarrollado con materias primas de alta calidad guardando un delicado equilibrio entre sus componentes, logrando un producto ideal para pintar ambientes interiores. tiene un acabado mate, r\u00e1pido secado y gran rendimiento, previniendo la formaci\u00f3n de hongos a trav\u00e9s de agentes espec\u00edficos.","robots":{"index":"index","follow":"follow","max-snippet":"max-snippet:-1","max-image-preview":"max-image-preview:large","max-video-preview":"max-video-preview:-1"},"canonical":"https:\/\/corralonsanchezbelen.com\/index.php\/producto\/tersinol-interior-mate-4lts\/","og_locale":"es_ES","og_type":"article","og_title":"Tersinol Interior Mate 4lts - Corralon Sanchez","og_description":"Tersinol L\u00e1tex Acr\u00edlico Interior antihongo ha sido desarrollado con materias primas de alta calidad guardando un delicado equilibrio entre sus componentes, logrando un producto ideal para pintar ambientes interiores. tiene un acabado mate, r\u00e1pido secado y gran rendimiento, previniendo la formaci\u00f3n de hongos a trav\u00e9s de agentes espec\u00edficos.","og_url":"https:\/\/corralonsanchezbelen.com\/index.php\/producto\/tersinol-interior-mate-4lts\/","og_site_name":"Corralon Sanchez","article_publisher":"https:\/\/www.facebook.com\/corralon.sanchez.belen","article_modified_time":"2024-07-12T04:19:27+00:00","og_image":[{"width":1080,"height":1080,"url":"https:\/\/corralonsanchezbelen.com\/wp-content\/uploads\/2024\/07\/latex-tersinol-para-interior-4lt-tersuave-e1720550362908.jpg","type":"image\/jpeg"}],"twitter_card":"summary_large_image","twitter_misc":{"Tiempo de lectura":"1 minuto"},"schema":{"@context":"https:\/\/schema.org","@graph":[{"@type":"WebPage","@id":"https:\/\/corralonsanchezbelen.com\/index.php\/producto\/tersinol-interior-mate-4lts\/","url":"https:\/\/corralonsanchezbelen.com\/index.php\/producto\/tersinol-interior-mate-4lts\/","name":"Tersinol Interior Mate 4lts - Corralon Sanchez","isPartOf":{"@id":"https:\/\/corralonsanchezbelen.com\/#website"},"primaryImageOfPage":{"@id":"https:\/\/corralonsanchezbelen.com\/index.php\/producto\/tersinol-interior-mate-4lts\/#primaryimage"},"image":{"@id":"https:\/\/corralonsanchezbelen.com\/index.php\/producto\/tersinol-interior-mate-4lts\/#primaryimage"},"thumbnailUrl":"https:\/\/corralonsanchezbelen.com\/wp-content\/uploads\/2024\/07\/latex-tersinol-para-interior-4lt-tersuave-e1720550362908.jpg","datePublished":"2024-07-09T18:40:08+00:00","dateModified":"2024-07-12T04:19:27+00:00","description":"Tersinol L\u00e1tex Acr\u00edlico Interior antihongo ha sido desarrollado con materias primas de alta calidad guardando un delicado equilibrio entre sus componentes, logrando un producto ideal para pintar ambientes interiores. tiene un acabado mate, r\u00e1pido secado y gran rendimiento, previniendo la formaci\u00f3n de hongos a trav\u00e9s de agentes espec\u00edficos.","breadcrumb":{"@id":"https:\/\/corralonsanchezbelen.com\/index.php\/producto\/tersinol-interior-mate-4lts\/#breadcrumb"},"inLanguage":"es","potentialAction":[{"@type":"ReadAction","target":["https:\/\/corralonsanchezbelen.com\/index.php\/producto\/tersinol-interior-mate-4lts\/"]}]},{"@type":"ImageObject","inLanguage":"es","@id":"https:\/\/corralonsanchezbelen.com\/index.php\/producto\/tersinol-interior-mate-4lts\/#primaryimage","url":"https:\/\/corralonsanchezbelen.com\/wp-content\/uploads\/2024\/07\/latex-tersinol-para-interior-4lt-tersuave-e1720550362908.jpg","contentUrl":"https:\/\/corralonsanchezbelen.com\/wp-content\/uploads\/2024\/07\/latex-tersinol-para-interior-4lt-tersuave-e1720550362908.jpg","width":1080,"height":1080},{"@type":"BreadcrumbList","@id":"https:\/\/corralonsanchezbelen.com\/index.php\/producto\/tersinol-interior-mate-4lts\/#breadcrumb","itemListElement":[{"@type":"ListItem","position":1,"name":"Portada","item":"https:\/\/corralonsanchezbelen.com\/"},{"@type":"ListItem","position":2,"name":"Tienda","item":"https:\/\/corralonsanchezbelen.com\/index.php\/tienda-2\/"},{"@type":"ListItem","position":3,"name":"Tersinol Interior Mate 4lts"}]},{"@type":"WebSite","@id":"https:\/\/corralonsanchezbelen.com\/#website","url":"https:\/\/corralonsanchezbelen.com\/","name":"Corralon Sanchez","description":"El maestro de la construcci\u00f3n.","publisher":{"@id":"https:\/\/corralonsanchezbelen.com\/#organization"},"potentialAction":[{"@type":"SearchAction","target":{"@type":"EntryPoint","urlTemplate":"https:\/\/corralonsanchezbelen.com\/?s={search_term_string}"},"query-input":{"@type":"PropertyValueSpecification","valueRequired":true,"valueName":"search_term_string"}}],"inLanguage":"es"},{"@type":"Organization","@id":"https:\/\/corralonsanchezbelen.com\/#organization","name":"Corralon Sanchez","url":"https:\/\/corralonsanchezbelen.com\/","logo":{"@type":"ImageObject","inLanguage":"es","@id":"https:\/\/corralonsanchezbelen.com\/#\/schema\/logo\/image\/","url":"https:\/\/corralonsanchezbelen.com\/wp-content\/uploads\/2024\/06\/Diseno-sin-tituloq.png","contentUrl":"https:\/\/corralonsanchezbelen.com\/wp-content\/uploads\/2024\/06\/Diseno-sin-tituloq.png","width":1080,"height":1080,"caption":"Corralon Sanchez"},"image":{"@id":"https:\/\/corralonsanchezbelen.com\/#\/schema\/logo\/image\/"},"sameAs":["https:\/\/www.facebook.com\/corralon.sanchez.belen","https:\/\/www.instagram.com\/corralon.sanchez\/"]}]}},"_links":{"self":[{"href":"https:\/\/corralonsanchezbelen.com\/index.php\/wp-json\/wp\/v2\/product\/1939","targetHints":{"allow":["GET"]}}],"collection":[{"href":"https:\/\/corralonsanchezbelen.com\/index.php\/wp-json\/wp\/v2\/product"}],"about":[{"href":"https:\/\/corralonsanchezbelen.com\/index.php\/wp-json\/wp\/v2\/types\/product"}],"replies":[{"embeddable":true,"href":"https:\/\/corralonsanchezbelen.com\/index.php\/wp-json\/wp\/v2\/comments?post=1939"}],"wp:featuredmedia":[{"embeddable":true,"href":"https:\/\/corralonsanchezbelen.com\/index.php\/wp-json\/wp\/v2\/media\/1940"}],"wp:attachment":[{"href":"https:\/\/corralonsanchezbelen.com\/index.php\/wp-json\/wp\/v2\/media?parent=1939"}],"wp:term":[{"taxonomy":"product_brand","embeddable":true,"href":"https:\/\/corralonsanchezbelen.com\/index.php\/wp-json\/wp\/v2\/product_brand?post=1939"},{"taxonomy":"product_cat","embeddable":true,"href":"https:\/\/corralonsanchezbelen.com\/index.php\/wp-json\/wp\/v2\/product_cat?post=1939"},{"taxonomy":"product_tag","embeddable":true,"href":"https:\/\/corralonsanchezbelen.com\/index.php\/wp-json\/wp\/v2\/product_tag?post=1939"}],"curies":[{"name":"wp","href":"https:\/\/api.w.org\/{rel}","templated":true}]}}