{"id":1311,"date":"2024-06-18T15:26:26","date_gmt":"2024-06-18T18:26:26","guid":{"rendered":"https:\/\/corralonsanchezbelen.com\/?post_type=product&#038;p=1311"},"modified":"2024-07-12T01:12:25","modified_gmt":"2024-07-12T04:12:25","slug":"latex-albacryl-interior-alba-x-4-lts","status":"publish","type":"product","link":"https:\/\/corralonsanchezbelen.com\/index.php\/producto\/latex-albacryl-interior-alba-x-4-lts\/","title":{"rendered":"Latex Albacryl Interior Alba X 4 LTS"},"content":{"rendered":"<div class=\"tabs\">\n<div id=\"tab-content\" class=\"tab-content\">\n<div id=\"description\" class=\"tab-pane fade in active\" role=\"tabpanel\">\n<div class=\"product-description\">\n<p>DESCRIPCI\u00d3N<\/p>\n<p>ALBACRYL Es un Latex interior mate. Buen poder cubriente y lavabilidad.f\u00e1cil de aplicar y de r\u00e1pido secado. No salpica. No deja olor.<\/p>\n<p>ESPECIFICACIONES T\u00c9CNICAS<\/p>\n<ul>\n<li>Aplicar con pincel, rodillo o soplete.<\/li>\n<li>n\u00famero de manos: 2 a 3 manos.<\/li>\n<li>Tiempo de secado: Al Tacto 1 hora. 3 a 4 horas antes de repintar.<\/li>\n<li>Diluci\u00f3n: Agua<\/li>\n<li>Limpieza: Agua<\/li>\n<\/ul>\n<p>RENDIMIENTO<\/p>\n<p>12 a 16 m2\/lt y por mano.<\/p>\n<p>APLICACI\u00d3N<\/p>\n<p>Preparaci\u00f3n de superficie: La superficie debe estar limpia, seca, libre de hongos, grasitud, \u00f3xido, polvo, alcalinidad y partes flojas.<\/p>\n<p>En caso de manchas u hongos, eliminar por lavado con una parte de agua lavandina con 10 partes de agua. Enjuagar cuidadosamente. Dejar secar. Aplicar Fijador al aguarr\u00e1s. Sobre Yeso firme: aplicar una mano de Fijador al aguarr\u00e1s. Sobre superficies con absorci\u00ef\u00bf\u00bdn despareja: aplicar Fijador al aguarr\u00e1s previamente. Sobre superficies flojas de pintura envejecida: emparejar con Enduido Interior. Dejar secar y lijar para eliminar imperfecciones. Limpiar y aplicar Fijador al aguarr\u00e1s sobre las superficies donde se aplic\u00f3 Enduido. Dejar secar. Superficies pintadas en buen estado: limpiar con agua y detergente. Enjuagar. Dejar secar. Lijar y eliminar el polvillo con un trapo humedecido. Superficies nuevas: aplicar una mano previa de Fijador al aguarr\u00e1s seguir las instrucciones del envase. Revoques envejecidos sin pintar: Eliminar el polvillo con cepillo, lavar con agua y detergente, enjuagar. Dejar secar. Aplicar una mano previa de producto diluido con 10% a 15% de agua.<\/p>\n<\/div>\n<\/div>\n<\/div>\n<\/div>\n<div id=\"product-comments-list-header\">\n<p class=\"comments-nb\">\n<\/div>\n","protected":false},"excerpt":{"rendered":"<p>DESCRIPCI\u00d3N ALBACRYL Es un Latex interior mate. Buen poder cubriente y lavabilidad.f\u00e1cil de aplicar y de r\u00e1pido secado. No salpica. No deja olor. ESPECIFICACIONES T\u00c9CNICAS Aplicar con pincel, rodillo o soplete. n\u00famero de manos: 2 a 3 manos. Tiempo de secado: Al Tacto 1 hora. 3 a 4 horas antes de repintar. Diluci\u00f3n: Agua Limpieza: [&hellip;]<\/p>\n","protected":false},"featured_media":1320,"comment_status":"open","ping_status":"closed","template":"","meta":[],"product_brand":[],"product_cat":[87,88,31],"product_tag":[38],"class_list":{"0":"post-1311","1":"product","2":"type-product","3":"status-publish","4":"has-post-thumbnail","6":"product_cat-alba","7":"product_cat-latex-alba","8":"product_cat-pintura","9":"product_tag-alba","11":"first","12":"instock","13":"taxable","14":"shipping-taxable","15":"product-type-simple"},"yoast_head":"<!-- This site is optimized with the Yoast SEO plugin v24.7 - https:\/\/yoast.com\/wordpress\/plugins\/seo\/ -->\n<title>Latex Albacryl Interior Alba X 4 LTS - Corralon Sanchez<\/title>\n<meta name=\"description\" content=\"DESCRIPCI\u00d3N ALBACRYL Es un Latex interior mate. Buen poder cubriente y lavabilidad.f\u00e1cil de aplicar y de r\u00e1pido secado. No salpica. No deja olor.\" \/>\n<meta name=\"robots\" content=\"index, follow, max-snippet:-1, max-image-preview:large, max-video-preview:-1\" \/>\n<link rel=\"canonical\" href=\"https:\/\/corralonsanchezbelen.com\/index.php\/producto\/latex-albacryl-interior-alba-x-4-lts\/\" \/>\n<meta property=\"og:locale\" content=\"es_ES\" \/>\n<meta property=\"og:type\" content=\"article\" \/>\n<meta property=\"og:title\" content=\"Latex Albacryl Interior Alba X 4 LTS - Corralon Sanchez\" \/>\n<meta property=\"og:description\" content=\"DESCRIPCI\u00d3N ALBACRYL Es un Latex interior mate. Buen poder cubriente y lavabilidad.f\u00e1cil de aplicar y de r\u00e1pido secado. No salpica. No deja olor.\" \/>\n<meta property=\"og:url\" content=\"https:\/\/corralonsanchezbelen.com\/index.php\/producto\/latex-albacryl-interior-alba-x-4-lts\/\" \/>\n<meta property=\"og:site_name\" content=\"Corralon Sanchez\" \/>\n<meta property=\"article:publisher\" content=\"https:\/\/www.facebook.com\/corralon.sanchez.belen\" \/>\n<meta property=\"article:modified_time\" content=\"2024-07-12T04:12:25+00:00\" \/>\n<meta property=\"og:image\" content=\"https:\/\/corralonsanchezbelen.com\/wp-content\/uploads\/2024\/06\/latex-albacryl-interior-alba-4.png\" \/>\n\t<meta property=\"og:image:width\" content=\"458\" \/>\n\t<meta property=\"og:image:height\" content=\"458\" \/>\n\t<meta property=\"og:image:type\" content=\"image\/png\" \/>\n<meta name=\"twitter:card\" content=\"summary_large_image\" \/>\n<meta name=\"twitter:label1\" content=\"Tiempo de lectura\" \/>\n\t<meta name=\"twitter:data1\" content=\"1 minuto\" \/>\n<script type=\"application\/ld+json\" class=\"yoast-schema-graph\">{\"@context\":\"https:\/\/schema.org\",\"@graph\":[{\"@type\":\"WebPage\",\"@id\":\"https:\/\/corralonsanchezbelen.com\/index.php\/producto\/latex-albacryl-interior-alba-x-4-lts\/\",\"url\":\"https:\/\/corralonsanchezbelen.com\/index.php\/producto\/latex-albacryl-interior-alba-x-4-lts\/\",\"name\":\"Latex Albacryl Interior Alba X 4 LTS - Corralon Sanchez\",\"isPartOf\":{\"@id\":\"https:\/\/corralonsanchezbelen.com\/#website\"},\"primaryImageOfPage\":{\"@id\":\"https:\/\/corralonsanchezbelen.com\/index.php\/producto\/latex-albacryl-interior-alba-x-4-lts\/#primaryimage\"},\"image\":{\"@id\":\"https:\/\/corralonsanchezbelen.com\/index.php\/producto\/latex-albacryl-interior-alba-x-4-lts\/#primaryimage\"},\"thumbnailUrl\":\"https:\/\/corralonsanchezbelen.com\/wp-content\/uploads\/2024\/06\/latex-albacryl-interior-alba-4.png\",\"datePublished\":\"2024-06-18T18:26:26+00:00\",\"dateModified\":\"2024-07-12T04:12:25+00:00\",\"description\":\"DESCRIPCI\u00d3N ALBACRYL Es un Latex interior mate. Buen poder cubriente y lavabilidad.f\u00e1cil de aplicar y de r\u00e1pido secado. No salpica. No deja olor.\",\"breadcrumb\":{\"@id\":\"https:\/\/corralonsanchezbelen.com\/index.php\/producto\/latex-albacryl-interior-alba-x-4-lts\/#breadcrumb\"},\"inLanguage\":\"es\",\"potentialAction\":[{\"@type\":\"ReadAction\",\"target\":[\"https:\/\/corralonsanchezbelen.com\/index.php\/producto\/latex-albacryl-interior-alba-x-4-lts\/\"]}]},{\"@type\":\"ImageObject\",\"inLanguage\":\"es\",\"@id\":\"https:\/\/corralonsanchezbelen.com\/index.php\/producto\/latex-albacryl-interior-alba-x-4-lts\/#primaryimage\",\"url\":\"https:\/\/corralonsanchezbelen.com\/wp-content\/uploads\/2024\/06\/latex-albacryl-interior-alba-4.png\",\"contentUrl\":\"https:\/\/corralonsanchezbelen.com\/wp-content\/uploads\/2024\/06\/latex-albacryl-interior-alba-4.png\",\"width\":458,\"height\":458},{\"@type\":\"BreadcrumbList\",\"@id\":\"https:\/\/corralonsanchezbelen.com\/index.php\/producto\/latex-albacryl-interior-alba-x-4-lts\/#breadcrumb\",\"itemListElement\":[{\"@type\":\"ListItem\",\"position\":1,\"name\":\"Portada\",\"item\":\"https:\/\/corralonsanchezbelen.com\/\"},{\"@type\":\"ListItem\",\"position\":2,\"name\":\"Tienda\",\"item\":\"https:\/\/corralonsanchezbelen.com\/index.php\/tienda-2\/\"},{\"@type\":\"ListItem\",\"position\":3,\"name\":\"Latex Albacryl Interior Alba X 4 LTS\"}]},{\"@type\":\"WebSite\",\"@id\":\"https:\/\/corralonsanchezbelen.com\/#website\",\"url\":\"https:\/\/corralonsanchezbelen.com\/\",\"name\":\"Corralon Sanchez\",\"description\":\"El maestro de la construcci\u00f3n.\",\"publisher\":{\"@id\":\"https:\/\/corralonsanchezbelen.com\/#organization\"},\"potentialAction\":[{\"@type\":\"SearchAction\",\"target\":{\"@type\":\"EntryPoint\",\"urlTemplate\":\"https:\/\/corralonsanchezbelen.com\/?s={search_term_string}\"},\"query-input\":{\"@type\":\"PropertyValueSpecification\",\"valueRequired\":true,\"valueName\":\"search_term_string\"}}],\"inLanguage\":\"es\"},{\"@type\":\"Organization\",\"@id\":\"https:\/\/corralonsanchezbelen.com\/#organization\",\"name\":\"Corralon Sanchez\",\"url\":\"https:\/\/corralonsanchezbelen.com\/\",\"logo\":{\"@type\":\"ImageObject\",\"inLanguage\":\"es\",\"@id\":\"https:\/\/corralonsanchezbelen.com\/#\/schema\/logo\/image\/\",\"url\":\"https:\/\/corralonsanchezbelen.com\/wp-content\/uploads\/2024\/06\/Diseno-sin-tituloq.png\",\"contentUrl\":\"https:\/\/corralonsanchezbelen.com\/wp-content\/uploads\/2024\/06\/Diseno-sin-tituloq.png\",\"width\":1080,\"height\":1080,\"caption\":\"Corralon Sanchez\"},\"image\":{\"@id\":\"https:\/\/corralonsanchezbelen.com\/#\/schema\/logo\/image\/\"},\"sameAs\":[\"https:\/\/www.facebook.com\/corralon.sanchez.belen\",\"https:\/\/www.instagram.com\/corralon.sanchez\/\"]}]}<\/script>\n<!-- \/ Yoast SEO plugin. -->","yoast_head_json":{"title":"Latex Albacryl Interior Alba X 4 LTS - Corralon Sanchez","description":"DESCRIPCI\u00d3N ALBACRYL Es un Latex interior mate. Buen poder cubriente y lavabilidad.f\u00e1cil de aplicar y de r\u00e1pido secado. No salpica. No deja olor.","robots":{"index":"index","follow":"follow","max-snippet":"max-snippet:-1","max-image-preview":"max-image-preview:large","max-video-preview":"max-video-preview:-1"},"canonical":"https:\/\/corralonsanchezbelen.com\/index.php\/producto\/latex-albacryl-interior-alba-x-4-lts\/","og_locale":"es_ES","og_type":"article","og_title":"Latex Albacryl Interior Alba X 4 LTS - Corralon Sanchez","og_description":"DESCRIPCI\u00d3N ALBACRYL Es un Latex interior mate. Buen poder cubriente y lavabilidad.f\u00e1cil de aplicar y de r\u00e1pido secado. No salpica. No deja olor.","og_url":"https:\/\/corralonsanchezbelen.com\/index.php\/producto\/latex-albacryl-interior-alba-x-4-lts\/","og_site_name":"Corralon Sanchez","article_publisher":"https:\/\/www.facebook.com\/corralon.sanchez.belen","article_modified_time":"2024-07-12T04:12:25+00:00","og_image":[{"width":458,"height":458,"url":"https:\/\/corralonsanchezbelen.com\/wp-content\/uploads\/2024\/06\/latex-albacryl-interior-alba-4.png","type":"image\/png"}],"twitter_card":"summary_large_image","twitter_misc":{"Tiempo de lectura":"1 minuto"},"schema":{"@context":"https:\/\/schema.org","@graph":[{"@type":"WebPage","@id":"https:\/\/corralonsanchezbelen.com\/index.php\/producto\/latex-albacryl-interior-alba-x-4-lts\/","url":"https:\/\/corralonsanchezbelen.com\/index.php\/producto\/latex-albacryl-interior-alba-x-4-lts\/","name":"Latex Albacryl Interior Alba X 4 LTS - Corralon Sanchez","isPartOf":{"@id":"https:\/\/corralonsanchezbelen.com\/#website"},"primaryImageOfPage":{"@id":"https:\/\/corralonsanchezbelen.com\/index.php\/producto\/latex-albacryl-interior-alba-x-4-lts\/#primaryimage"},"image":{"@id":"https:\/\/corralonsanchezbelen.com\/index.php\/producto\/latex-albacryl-interior-alba-x-4-lts\/#primaryimage"},"thumbnailUrl":"https:\/\/corralonsanchezbelen.com\/wp-content\/uploads\/2024\/06\/latex-albacryl-interior-alba-4.png","datePublished":"2024-06-18T18:26:26+00:00","dateModified":"2024-07-12T04:12:25+00:00","description":"DESCRIPCI\u00d3N ALBACRYL Es un Latex interior mate. Buen poder cubriente y lavabilidad.f\u00e1cil de aplicar y de r\u00e1pido secado. No salpica. No deja olor.","breadcrumb":{"@id":"https:\/\/corralonsanchezbelen.com\/index.php\/producto\/latex-albacryl-interior-alba-x-4-lts\/#breadcrumb"},"inLanguage":"es","potentialAction":[{"@type":"ReadAction","target":["https:\/\/corralonsanchezbelen.com\/index.php\/producto\/latex-albacryl-interior-alba-x-4-lts\/"]}]},{"@type":"ImageObject","inLanguage":"es","@id":"https:\/\/corralonsanchezbelen.com\/index.php\/producto\/latex-albacryl-interior-alba-x-4-lts\/#primaryimage","url":"https:\/\/corralonsanchezbelen.com\/wp-content\/uploads\/2024\/06\/latex-albacryl-interior-alba-4.png","contentUrl":"https:\/\/corralonsanchezbelen.com\/wp-content\/uploads\/2024\/06\/latex-albacryl-interior-alba-4.png","width":458,"height":458},{"@type":"BreadcrumbList","@id":"https:\/\/corralonsanchezbelen.com\/index.php\/producto\/latex-albacryl-interior-alba-x-4-lts\/#breadcrumb","itemListElement":[{"@type":"ListItem","position":1,"name":"Portada","item":"https:\/\/corralonsanchezbelen.com\/"},{"@type":"ListItem","position":2,"name":"Tienda","item":"https:\/\/corralonsanchezbelen.com\/index.php\/tienda-2\/"},{"@type":"ListItem","position":3,"name":"Latex Albacryl Interior Alba X 4 LTS"}]},{"@type":"WebSite","@id":"https:\/\/corralonsanchezbelen.com\/#website","url":"https:\/\/corralonsanchezbelen.com\/","name":"Corralon Sanchez","description":"El maestro de la construcci\u00f3n.","publisher":{"@id":"https:\/\/corralonsanchezbelen.com\/#organization"},"potentialAction":[{"@type":"SearchAction","target":{"@type":"EntryPoint","urlTemplate":"https:\/\/corralonsanchezbelen.com\/?s={search_term_string}"},"query-input":{"@type":"PropertyValueSpecification","valueRequired":true,"valueName":"search_term_string"}}],"inLanguage":"es"},{"@type":"Organization","@id":"https:\/\/corralonsanchezbelen.com\/#organization","name":"Corralon Sanchez","url":"https:\/\/corralonsanchezbelen.com\/","logo":{"@type":"ImageObject","inLanguage":"es","@id":"https:\/\/corralonsanchezbelen.com\/#\/schema\/logo\/image\/","url":"https:\/\/corralonsanchezbelen.com\/wp-content\/uploads\/2024\/06\/Diseno-sin-tituloq.png","contentUrl":"https:\/\/corralonsanchezbelen.com\/wp-content\/uploads\/2024\/06\/Diseno-sin-tituloq.png","width":1080,"height":1080,"caption":"Corralon Sanchez"},"image":{"@id":"https:\/\/corralonsanchezbelen.com\/#\/schema\/logo\/image\/"},"sameAs":["https:\/\/www.facebook.com\/corralon.sanchez.belen","https:\/\/www.instagram.com\/corralon.sanchez\/"]}]}},"_links":{"self":[{"href":"https:\/\/corralonsanchezbelen.com\/index.php\/wp-json\/wp\/v2\/product\/1311","targetHints":{"allow":["GET"]}}],"collection":[{"href":"https:\/\/corralonsanchezbelen.com\/index.php\/wp-json\/wp\/v2\/product"}],"about":[{"href":"https:\/\/corralonsanchezbelen.com\/index.php\/wp-json\/wp\/v2\/types\/product"}],"replies":[{"embeddable":true,"href":"https:\/\/corralonsanchezbelen.com\/index.php\/wp-json\/wp\/v2\/comments?post=1311"}],"wp:featuredmedia":[{"embeddable":true,"href":"https:\/\/corralonsanchezbelen.com\/index.php\/wp-json\/wp\/v2\/media\/1320"}],"wp:attachment":[{"href":"https:\/\/corralonsanchezbelen.com\/index.php\/wp-json\/wp\/v2\/media?parent=1311"}],"wp:term":[{"taxonomy":"product_brand","embeddable":true,"href":"https:\/\/corralonsanchezbelen.com\/index.php\/wp-json\/wp\/v2\/product_brand?post=1311"},{"taxonomy":"product_cat","embeddable":true,"href":"https:\/\/corralonsanchezbelen.com\/index.php\/wp-json\/wp\/v2\/product_cat?post=1311"},{"taxonomy":"product_tag","embeddable":true,"href":"https:\/\/corralonsanchezbelen.com\/index.php\/wp-json\/wp\/v2\/product_tag?post=1311"}],"curies":[{"name":"wp","href":"https:\/\/api.w.org\/{rel}","templated":true}]}}