{"id":1060,"date":"2024-06-14T23:13:37","date_gmt":"2024-06-15T02:13:37","guid":{"rendered":"https:\/\/corralonsanchezbelen.com\/?post_type=product&#038;p=1060"},"modified":"2024-07-12T00:35:51","modified_gmt":"2024-07-12T03:35:51","slug":"latex-interior-titanio-pro-colorin","status":"publish","type":"product","link":"https:\/\/corralonsanchezbelen.com\/index.php\/producto\/latex-interior-titanio-pro-colorin\/","title":{"rendered":"Latex interior Titanio Pro Colorin 4lts"},"content":{"rendered":"<p>Titanio Pro L\u00e1tex Interior es un l\u00e1tex blanco mate de uso profesional. De f\u00e1cil aplicaci\u00f3n, brinda un recubrimiento uniforme, seca r\u00e1pidamente y no deja olor, permitiendo habitar inmediatamente los ambientes pintados.<br \/>\nIdeal para aplicar en obra nueva, consorcios, especialmente en ambientes que requieran una renovaci\u00f3n \u00e1gil y de alto rendimiento.<\/p>\n","protected":false},"excerpt":{"rendered":"<div class=\"row pb-3\">\n<p class=\"col-md-3\">Presentaciones<\/p>\n<\/div>\n<div class=\"row mb-2\">\n<div class=\"col-md-1 col-sm-2 col-2 px-md-0 pr-0\"><\/div>\n<div class=\"col-md-11 col-sm-10 col-10 pr-md-0 pl-0\">4lts<\/div>\n<\/div>\n<p class=\"col-md-3\">Beneficios<\/p>\n<div class=\"row\">\n<div class=\"col-md-4\">\n<div class=\"row\">\n<div class=\"col-2 pr-0\"><\/div>\n<div class=\"col-10 pr-0\">Gran poder cubritivo<\/div>\n<\/div>\n<\/div>\n<div class=\"col-md-4\">\n<div class=\"row\">\n<div class=\"col-2 pr-0\"><\/div>\n<div class=\"col-10 pr-0\">M\u00e1ximo rendimiento<\/div>\n<\/div>\n<\/div>\n<div class=\"col-md-4\">\n<div class=\"row\">\n<div class=\"col-2 pr-0\"><\/div>\n<div class=\"col-10 pr-0\">Antihongo<\/div>\n<\/div>\n<\/div>\n<\/div>\n<div id=\"wpv-view-layout-2385-CPID1991\" class=\"js-wpv-view-layout js-wpv-layout-responsive js-wpv-view-layout-2385-CPID1991\" data-viewnumber=\"2385-CPID1991\" data-pagination=\"{&quot;id&quot;:&quot;2385&quot;,&quot;query&quot;:&quot;normal&quot;,&quot;type&quot;:&quot;disabled&quot;,&quot;effect&quot;:&quot;fade&quot;,&quot;duration&quot;:500,&quot;speed&quot;:5,&quot;pause_on_hover&quot;:&quot;disabled&quot;,&quot;stop_rollover&quot;:&quot;false&quot;,&quot;cache_pages&quot;:&quot;enabled&quot;,&quot;preload_images&quot;:&quot;enabled&quot;,&quot;preload_pages&quot;:&quot;enabled&quot;,&quot;preload_reach&quot;:1,&quot;spinner&quot;:&quot;builtin&quot;,&quot;spinner_image&quot;:&quot;&quot;,&quot;callback_next&quot;:&quot;&quot;,&quot;manage_history&quot;:&quot;enabled&quot;,&quot;has_controls_in_form&quot;:&quot;disabled&quot;,&quot;infinite_tolerance&quot;:0,&quot;max_pages&quot;:1,&quot;page&quot;:1,&quot;base_permalink&quot;:&quot;\/productos\/titanio-pro-interior\/?wpv_view_count=2385-CPID1991&amp;wpv_paged=WPV_PAGE_NUM&quot;,&quot;loop&quot;:{&quot;type&quot;:&quot;&quot;,&quot;name&quot;:&quot;&quot;,&quot;data&quot;:[],&quot;id&quot;:0}}\" data-permalink=\"\/productos\/titanio-pro-interior\/?wpv_view_count=2385-CPID1991\">\n<div class=\"row pt-3\">\n<div class=\"col-md-5\">\n<p class=\"py-3\">Colores disponibles<\/p>\n<\/div>\n<\/div>\n<ul class=\"wpv-loop js-wpv-loop colores-producto\">\n<li><span class=\"nombre-color\">BLANCO<\/span><\/li>\n<\/ul>\n<\/div>\n<p class=\"pt-3 pt-md-0\">Modos de uso<\/p>\n<div class=\"row pl-md-3\">\n<div class=\"col-md-6\">\n<p class=\"col-md-11 col-sm-10 col-10 pr-md-0\">Tiempo de secado<br \/>\n2 a 3 horas entre manos<\/p>\n<p class=\"row mb-2\">Rendimiento<br \/>\n8 a 10m2\/lt\/mano<\/p>\n<\/div>\n<\/div>\n","protected":false},"featured_media":1061,"comment_status":"open","ping_status":"closed","template":"","meta":[],"product_brand":[],"product_cat":[85,86,31],"product_tag":[32],"class_list":{"0":"post-1060","1":"product","2":"type-product","3":"status-publish","4":"has-post-thumbnail","6":"product_cat-colorin","7":"product_cat-latex","8":"product_cat-pintura","9":"product_tag-colorin","11":"first","12":"instock","13":"taxable","14":"shipping-taxable","15":"product-type-simple"},"yoast_head":"<!-- This site is optimized with the Yoast SEO plugin v24.7 - https:\/\/yoast.com\/wordpress\/plugins\/seo\/ -->\n<title>Latex interior Titanio Pro Colorin 4lts - Corralon Sanchez<\/title>\n<meta name=\"description\" content=\"Presentaciones     4lts  Beneficios      Gran poder cubritivo      M\u00e1ximo rendimiento      Antihongo       Colores disponibles      BLANCO   Modos de uso    Tiempo de secado 2 a 3 horas entre manos Rendimiento 8 a 10m2\/lt\/mano\" \/>\n<meta name=\"robots\" content=\"index, follow, max-snippet:-1, max-image-preview:large, max-video-preview:-1\" \/>\n<link rel=\"canonical\" href=\"https:\/\/corralonsanchezbelen.com\/index.php\/producto\/latex-interior-titanio-pro-colorin\/\" \/>\n<meta property=\"og:locale\" content=\"es_ES\" \/>\n<meta property=\"og:type\" content=\"article\" \/>\n<meta property=\"og:title\" content=\"Latex interior Titanio Pro Colorin 4lts - Corralon Sanchez\" \/>\n<meta property=\"og:description\" content=\"Presentaciones     4lts  Beneficios      Gran poder cubritivo      M\u00e1ximo rendimiento      Antihongo       Colores disponibles      BLANCO   Modos de uso    Tiempo de secado 2 a 3 horas entre manos Rendimiento 8 a 10m2\/lt\/mano\" \/>\n<meta property=\"og:url\" content=\"https:\/\/corralonsanchezbelen.com\/index.php\/producto\/latex-interior-titanio-pro-colorin\/\" \/>\n<meta property=\"og:site_name\" content=\"Corralon Sanchez\" \/>\n<meta property=\"article:publisher\" content=\"https:\/\/www.facebook.com\/corralon.sanchez.belen\" \/>\n<meta property=\"article:modified_time\" content=\"2024-07-12T03:35:51+00:00\" \/>\n<meta property=\"og:image\" content=\"https:\/\/corralonsanchezbelen.com\/wp-content\/uploads\/2024\/06\/lnkl.png\" \/>\n\t<meta property=\"og:image:width\" content=\"1000\" \/>\n\t<meta property=\"og:image:height\" content=\"1000\" \/>\n\t<meta property=\"og:image:type\" content=\"image\/png\" \/>\n<meta name=\"twitter:card\" content=\"summary_large_image\" \/>\n<script type=\"application\/ld+json\" class=\"yoast-schema-graph\">{\"@context\":\"https:\/\/schema.org\",\"@graph\":[{\"@type\":\"WebPage\",\"@id\":\"https:\/\/corralonsanchezbelen.com\/index.php\/producto\/latex-interior-titanio-pro-colorin\/\",\"url\":\"https:\/\/corralonsanchezbelen.com\/index.php\/producto\/latex-interior-titanio-pro-colorin\/\",\"name\":\"Latex interior Titanio Pro Colorin 4lts - Corralon Sanchez\",\"isPartOf\":{\"@id\":\"https:\/\/corralonsanchezbelen.com\/#website\"},\"primaryImageOfPage\":{\"@id\":\"https:\/\/corralonsanchezbelen.com\/index.php\/producto\/latex-interior-titanio-pro-colorin\/#primaryimage\"},\"image\":{\"@id\":\"https:\/\/corralonsanchezbelen.com\/index.php\/producto\/latex-interior-titanio-pro-colorin\/#primaryimage\"},\"thumbnailUrl\":\"https:\/\/corralonsanchezbelen.com\/wp-content\/uploads\/2024\/06\/lnkl.png\",\"datePublished\":\"2024-06-15T02:13:37+00:00\",\"dateModified\":\"2024-07-12T03:35:51+00:00\",\"description\":\"Presentaciones 4lts Beneficios Gran poder cubritivo M\u00e1ximo rendimiento Antihongo Colores disponibles BLANCO Modos de uso Tiempo de secado 2 a 3 horas entre manos Rendimiento 8 a 10m2\/lt\/mano\",\"breadcrumb\":{\"@id\":\"https:\/\/corralonsanchezbelen.com\/index.php\/producto\/latex-interior-titanio-pro-colorin\/#breadcrumb\"},\"inLanguage\":\"es\",\"potentialAction\":[{\"@type\":\"ReadAction\",\"target\":[\"https:\/\/corralonsanchezbelen.com\/index.php\/producto\/latex-interior-titanio-pro-colorin\/\"]}]},{\"@type\":\"ImageObject\",\"inLanguage\":\"es\",\"@id\":\"https:\/\/corralonsanchezbelen.com\/index.php\/producto\/latex-interior-titanio-pro-colorin\/#primaryimage\",\"url\":\"https:\/\/corralonsanchezbelen.com\/wp-content\/uploads\/2024\/06\/lnkl.png\",\"contentUrl\":\"https:\/\/corralonsanchezbelen.com\/wp-content\/uploads\/2024\/06\/lnkl.png\",\"width\":1000,\"height\":1000},{\"@type\":\"BreadcrumbList\",\"@id\":\"https:\/\/corralonsanchezbelen.com\/index.php\/producto\/latex-interior-titanio-pro-colorin\/#breadcrumb\",\"itemListElement\":[{\"@type\":\"ListItem\",\"position\":1,\"name\":\"Portada\",\"item\":\"https:\/\/corralonsanchezbelen.com\/\"},{\"@type\":\"ListItem\",\"position\":2,\"name\":\"Tienda\",\"item\":\"https:\/\/corralonsanchezbelen.com\/index.php\/tienda-2\/\"},{\"@type\":\"ListItem\",\"position\":3,\"name\":\"Latex interior Titanio Pro Colorin 4lts\"}]},{\"@type\":\"WebSite\",\"@id\":\"https:\/\/corralonsanchezbelen.com\/#website\",\"url\":\"https:\/\/corralonsanchezbelen.com\/\",\"name\":\"Corralon Sanchez\",\"description\":\"El maestro de la construcci\u00f3n.\",\"publisher\":{\"@id\":\"https:\/\/corralonsanchezbelen.com\/#organization\"},\"potentialAction\":[{\"@type\":\"SearchAction\",\"target\":{\"@type\":\"EntryPoint\",\"urlTemplate\":\"https:\/\/corralonsanchezbelen.com\/?s={search_term_string}\"},\"query-input\":{\"@type\":\"PropertyValueSpecification\",\"valueRequired\":true,\"valueName\":\"search_term_string\"}}],\"inLanguage\":\"es\"},{\"@type\":\"Organization\",\"@id\":\"https:\/\/corralonsanchezbelen.com\/#organization\",\"name\":\"Corralon Sanchez\",\"url\":\"https:\/\/corralonsanchezbelen.com\/\",\"logo\":{\"@type\":\"ImageObject\",\"inLanguage\":\"es\",\"@id\":\"https:\/\/corralonsanchezbelen.com\/#\/schema\/logo\/image\/\",\"url\":\"https:\/\/corralonsanchezbelen.com\/wp-content\/uploads\/2024\/06\/Diseno-sin-tituloq.png\",\"contentUrl\":\"https:\/\/corralonsanchezbelen.com\/wp-content\/uploads\/2024\/06\/Diseno-sin-tituloq.png\",\"width\":1080,\"height\":1080,\"caption\":\"Corralon Sanchez\"},\"image\":{\"@id\":\"https:\/\/corralonsanchezbelen.com\/#\/schema\/logo\/image\/\"},\"sameAs\":[\"https:\/\/www.facebook.com\/corralon.sanchez.belen\",\"https:\/\/www.instagram.com\/corralon.sanchez\/\"]}]}<\/script>\n<!-- \/ Yoast SEO plugin. -->","yoast_head_json":{"title":"Latex interior Titanio Pro Colorin 4lts - Corralon Sanchez","description":"Presentaciones     4lts  Beneficios      Gran poder cubritivo      M\u00e1ximo rendimiento      Antihongo       Colores disponibles      BLANCO   Modos de uso    Tiempo de secado 2 a 3 horas entre manos Rendimiento 8 a 10m2\/lt\/mano","robots":{"index":"index","follow":"follow","max-snippet":"max-snippet:-1","max-image-preview":"max-image-preview:large","max-video-preview":"max-video-preview:-1"},"canonical":"https:\/\/corralonsanchezbelen.com\/index.php\/producto\/latex-interior-titanio-pro-colorin\/","og_locale":"es_ES","og_type":"article","og_title":"Latex interior Titanio Pro Colorin 4lts - Corralon Sanchez","og_description":"Presentaciones     4lts  Beneficios      Gran poder cubritivo      M\u00e1ximo rendimiento      Antihongo       Colores disponibles      BLANCO   Modos de uso    Tiempo de secado 2 a 3 horas entre manos Rendimiento 8 a 10m2\/lt\/mano","og_url":"https:\/\/corralonsanchezbelen.com\/index.php\/producto\/latex-interior-titanio-pro-colorin\/","og_site_name":"Corralon Sanchez","article_publisher":"https:\/\/www.facebook.com\/corralon.sanchez.belen","article_modified_time":"2024-07-12T03:35:51+00:00","og_image":[{"width":1000,"height":1000,"url":"https:\/\/corralonsanchezbelen.com\/wp-content\/uploads\/2024\/06\/lnkl.png","type":"image\/png"}],"twitter_card":"summary_large_image","schema":{"@context":"https:\/\/schema.org","@graph":[{"@type":"WebPage","@id":"https:\/\/corralonsanchezbelen.com\/index.php\/producto\/latex-interior-titanio-pro-colorin\/","url":"https:\/\/corralonsanchezbelen.com\/index.php\/producto\/latex-interior-titanio-pro-colorin\/","name":"Latex interior Titanio Pro Colorin 4lts - Corralon Sanchez","isPartOf":{"@id":"https:\/\/corralonsanchezbelen.com\/#website"},"primaryImageOfPage":{"@id":"https:\/\/corralonsanchezbelen.com\/index.php\/producto\/latex-interior-titanio-pro-colorin\/#primaryimage"},"image":{"@id":"https:\/\/corralonsanchezbelen.com\/index.php\/producto\/latex-interior-titanio-pro-colorin\/#primaryimage"},"thumbnailUrl":"https:\/\/corralonsanchezbelen.com\/wp-content\/uploads\/2024\/06\/lnkl.png","datePublished":"2024-06-15T02:13:37+00:00","dateModified":"2024-07-12T03:35:51+00:00","description":"Presentaciones 4lts Beneficios Gran poder cubritivo M\u00e1ximo rendimiento Antihongo Colores disponibles BLANCO Modos de uso Tiempo de secado 2 a 3 horas entre manos Rendimiento 8 a 10m2\/lt\/mano","breadcrumb":{"@id":"https:\/\/corralonsanchezbelen.com\/index.php\/producto\/latex-interior-titanio-pro-colorin\/#breadcrumb"},"inLanguage":"es","potentialAction":[{"@type":"ReadAction","target":["https:\/\/corralonsanchezbelen.com\/index.php\/producto\/latex-interior-titanio-pro-colorin\/"]}]},{"@type":"ImageObject","inLanguage":"es","@id":"https:\/\/corralonsanchezbelen.com\/index.php\/producto\/latex-interior-titanio-pro-colorin\/#primaryimage","url":"https:\/\/corralonsanchezbelen.com\/wp-content\/uploads\/2024\/06\/lnkl.png","contentUrl":"https:\/\/corralonsanchezbelen.com\/wp-content\/uploads\/2024\/06\/lnkl.png","width":1000,"height":1000},{"@type":"BreadcrumbList","@id":"https:\/\/corralonsanchezbelen.com\/index.php\/producto\/latex-interior-titanio-pro-colorin\/#breadcrumb","itemListElement":[{"@type":"ListItem","position":1,"name":"Portada","item":"https:\/\/corralonsanchezbelen.com\/"},{"@type":"ListItem","position":2,"name":"Tienda","item":"https:\/\/corralonsanchezbelen.com\/index.php\/tienda-2\/"},{"@type":"ListItem","position":3,"name":"Latex interior Titanio Pro Colorin 4lts"}]},{"@type":"WebSite","@id":"https:\/\/corralonsanchezbelen.com\/#website","url":"https:\/\/corralonsanchezbelen.com\/","name":"Corralon Sanchez","description":"El maestro de la construcci\u00f3n.","publisher":{"@id":"https:\/\/corralonsanchezbelen.com\/#organization"},"potentialAction":[{"@type":"SearchAction","target":{"@type":"EntryPoint","urlTemplate":"https:\/\/corralonsanchezbelen.com\/?s={search_term_string}"},"query-input":{"@type":"PropertyValueSpecification","valueRequired":true,"valueName":"search_term_string"}}],"inLanguage":"es"},{"@type":"Organization","@id":"https:\/\/corralonsanchezbelen.com\/#organization","name":"Corralon Sanchez","url":"https:\/\/corralonsanchezbelen.com\/","logo":{"@type":"ImageObject","inLanguage":"es","@id":"https:\/\/corralonsanchezbelen.com\/#\/schema\/logo\/image\/","url":"https:\/\/corralonsanchezbelen.com\/wp-content\/uploads\/2024\/06\/Diseno-sin-tituloq.png","contentUrl":"https:\/\/corralonsanchezbelen.com\/wp-content\/uploads\/2024\/06\/Diseno-sin-tituloq.png","width":1080,"height":1080,"caption":"Corralon Sanchez"},"image":{"@id":"https:\/\/corralonsanchezbelen.com\/#\/schema\/logo\/image\/"},"sameAs":["https:\/\/www.facebook.com\/corralon.sanchez.belen","https:\/\/www.instagram.com\/corralon.sanchez\/"]}]}},"_links":{"self":[{"href":"https:\/\/corralonsanchezbelen.com\/index.php\/wp-json\/wp\/v2\/product\/1060","targetHints":{"allow":["GET"]}}],"collection":[{"href":"https:\/\/corralonsanchezbelen.com\/index.php\/wp-json\/wp\/v2\/product"}],"about":[{"href":"https:\/\/corralonsanchezbelen.com\/index.php\/wp-json\/wp\/v2\/types\/product"}],"replies":[{"embeddable":true,"href":"https:\/\/corralonsanchezbelen.com\/index.php\/wp-json\/wp\/v2\/comments?post=1060"}],"wp:featuredmedia":[{"embeddable":true,"href":"https:\/\/corralonsanchezbelen.com\/index.php\/wp-json\/wp\/v2\/media\/1061"}],"wp:attachment":[{"href":"https:\/\/corralonsanchezbelen.com\/index.php\/wp-json\/wp\/v2\/media?parent=1060"}],"wp:term":[{"taxonomy":"product_brand","embeddable":true,"href":"https:\/\/corralonsanchezbelen.com\/index.php\/wp-json\/wp\/v2\/product_brand?post=1060"},{"taxonomy":"product_cat","embeddable":true,"href":"https:\/\/corralonsanchezbelen.com\/index.php\/wp-json\/wp\/v2\/product_cat?post=1060"},{"taxonomy":"product_tag","embeddable":true,"href":"https:\/\/corralonsanchezbelen.com\/index.php\/wp-json\/wp\/v2\/product_tag?post=1060"}],"curies":[{"name":"wp","href":"https:\/\/api.w.org\/{rel}","templated":true}]}}