{"id":1020,"date":"2024-06-15T15:15:11","date_gmt":"2024-06-15T18:15:11","guid":{"rendered":"https:\/\/corralonsanchezbelen.com\/?post_type=product&#038;p=1020"},"modified":"2024-07-09T15:01:44","modified_gmt":"2024-07-09T18:01:44","slug":"promocion-completa-de-bano","status":"publish","type":"product","link":"https:\/\/corralonsanchezbelen.com\/index.php\/producto\/promocion-completa-de-bano\/","title":{"rendered":"Promoci\u00f3n completa de ba\u00f1o"},"content":{"rendered":"","protected":false},"excerpt":{"rendered":"<p>\u00bfQue incluye el combo?<\/p>\n<p>Ferrum Andina Inodoro<br \/>\nFerrum Andina Dep\u00f3sito Inodoro<br \/>\nFerrum Andina Bidet<br \/>\nFerrum Andina Lavatorio<br \/>\nFerrum Andina Columna<\/p>\n<p>Roca Grifer\u00eda Bce. Lavatorio<br \/>\nRoca Grifer\u00eda Bce. Bidet<br \/>\nRoca Grifer\u00eda Bce. Ducha<br \/>\ncon Transferencia<\/p>\n<p>Botiqu\u00edn Ba\u00f1o De Acero Inoxidable Con Espejo<br \/>\nRoca Set Accesorios Ba\u00f1o Acero Inox. 6 piezas<br \/>\nSifolimp Asiento Inodoro<\/p>\n","protected":false},"featured_media":1024,"comment_status":"open","ping_status":"closed","template":"","meta":[],"product_brand":[],"product_cat":[34],"product_tag":[],"class_list":{"0":"post-1020","1":"product","2":"type-product","3":"status-publish","4":"has-post-thumbnail","6":"product_cat-bano","8":"first","9":"instock","10":"product-type-simple"},"yoast_head":"<!-- This site is optimized with the Yoast SEO plugin v24.7 - https:\/\/yoast.com\/wordpress\/plugins\/seo\/ -->\n<title>Promoci\u00f3n completa de ba\u00f1o - Corralon Sanchez<\/title>\n<meta name=\"description\" content=\"\u00bfQue incluye el combo?  Ferrum Andina Inodoro Ferrum Andina Dep\u00f3sito Inodoro Ferrum Andina Bidet Ferrum Andina Lavatorio Ferrum Andina Columna  Roca Grifer\u00eda Bce. Lavatorio Roca Grifer\u00eda Bce. Bidet Roca Grifer\u00eda Bce. Ducha con Transferencia  Botiqu\u00edn Ba\u00f1o De Acero Inoxidable Con Espejo Roca Set Accesorios Ba\u00f1o Acero Inox. 6 piezas Sifolimp Asiento Inodoro\" \/>\n<meta name=\"robots\" content=\"index, follow, max-snippet:-1, max-image-preview:large, max-video-preview:-1\" \/>\n<link rel=\"canonical\" href=\"https:\/\/corralonsanchezbelen.com\/index.php\/producto\/promocion-completa-de-bano\/\" \/>\n<meta property=\"og:locale\" content=\"es_ES\" \/>\n<meta property=\"og:type\" content=\"article\" \/>\n<meta property=\"og:title\" content=\"Promoci\u00f3n completa de ba\u00f1o - Corralon Sanchez\" \/>\n<meta property=\"og:description\" content=\"\u00bfQue incluye el combo?  Ferrum Andina Inodoro Ferrum Andina Dep\u00f3sito Inodoro Ferrum Andina Bidet Ferrum Andina Lavatorio Ferrum Andina Columna  Roca Grifer\u00eda Bce. Lavatorio Roca Grifer\u00eda Bce. Bidet Roca Grifer\u00eda Bce. Ducha con Transferencia  Botiqu\u00edn Ba\u00f1o De Acero Inoxidable Con Espejo Roca Set Accesorios Ba\u00f1o Acero Inox. 6 piezas Sifolimp Asiento Inodoro\" \/>\n<meta property=\"og:url\" content=\"https:\/\/corralonsanchezbelen.com\/index.php\/producto\/promocion-completa-de-bano\/\" \/>\n<meta property=\"og:site_name\" content=\"Corralon Sanchez\" \/>\n<meta property=\"article:publisher\" content=\"https:\/\/www.facebook.com\/corralon.sanchez.belen\" \/>\n<meta property=\"article:modified_time\" content=\"2024-07-09T18:01:44+00:00\" \/>\n<meta property=\"og:image\" content=\"https:\/\/corralonsanchezbelen.com\/wp-content\/uploads\/2024\/06\/4-2.png\" \/>\n\t<meta property=\"og:image:width\" content=\"1080\" \/>\n\t<meta property=\"og:image:height\" content=\"1080\" \/>\n\t<meta property=\"og:image:type\" content=\"image\/png\" \/>\n<meta name=\"twitter:card\" content=\"summary_large_image\" \/>\n<script type=\"application\/ld+json\" class=\"yoast-schema-graph\">{\"@context\":\"https:\/\/schema.org\",\"@graph\":[{\"@type\":\"WebPage\",\"@id\":\"https:\/\/corralonsanchezbelen.com\/index.php\/producto\/promocion-completa-de-bano\/\",\"url\":\"https:\/\/corralonsanchezbelen.com\/index.php\/producto\/promocion-completa-de-bano\/\",\"name\":\"Promoci\u00f3n completa de ba\u00f1o - Corralon Sanchez\",\"isPartOf\":{\"@id\":\"https:\/\/corralonsanchezbelen.com\/#website\"},\"primaryImageOfPage\":{\"@id\":\"https:\/\/corralonsanchezbelen.com\/index.php\/producto\/promocion-completa-de-bano\/#primaryimage\"},\"image\":{\"@id\":\"https:\/\/corralonsanchezbelen.com\/index.php\/producto\/promocion-completa-de-bano\/#primaryimage\"},\"thumbnailUrl\":\"https:\/\/corralonsanchezbelen.com\/wp-content\/uploads\/2024\/06\/4-2.png\",\"datePublished\":\"2024-06-15T18:15:11+00:00\",\"dateModified\":\"2024-07-09T18:01:44+00:00\",\"description\":\"\u00bfQue incluye el combo? Ferrum Andina Inodoro Ferrum Andina Dep\u00f3sito Inodoro Ferrum Andina Bidet Ferrum Andina Lavatorio Ferrum Andina Columna Roca Grifer\u00eda Bce. Lavatorio Roca Grifer\u00eda Bce. Bidet Roca Grifer\u00eda Bce. Ducha con Transferencia Botiqu\u00edn Ba\u00f1o De Acero Inoxidable Con Espejo Roca Set Accesorios Ba\u00f1o Acero Inox. 6 piezas Sifolimp Asiento Inodoro\",\"breadcrumb\":{\"@id\":\"https:\/\/corralonsanchezbelen.com\/index.php\/producto\/promocion-completa-de-bano\/#breadcrumb\"},\"inLanguage\":\"es\",\"potentialAction\":[{\"@type\":\"ReadAction\",\"target\":[\"https:\/\/corralonsanchezbelen.com\/index.php\/producto\/promocion-completa-de-bano\/\"]}]},{\"@type\":\"ImageObject\",\"inLanguage\":\"es\",\"@id\":\"https:\/\/corralonsanchezbelen.com\/index.php\/producto\/promocion-completa-de-bano\/#primaryimage\",\"url\":\"https:\/\/corralonsanchezbelen.com\/wp-content\/uploads\/2024\/06\/4-2.png\",\"contentUrl\":\"https:\/\/corralonsanchezbelen.com\/wp-content\/uploads\/2024\/06\/4-2.png\",\"width\":1080,\"height\":1080},{\"@type\":\"BreadcrumbList\",\"@id\":\"https:\/\/corralonsanchezbelen.com\/index.php\/producto\/promocion-completa-de-bano\/#breadcrumb\",\"itemListElement\":[{\"@type\":\"ListItem\",\"position\":1,\"name\":\"Portada\",\"item\":\"https:\/\/corralonsanchezbelen.com\/\"},{\"@type\":\"ListItem\",\"position\":2,\"name\":\"Tienda\",\"item\":\"https:\/\/corralonsanchezbelen.com\/index.php\/tienda-2\/\"},{\"@type\":\"ListItem\",\"position\":3,\"name\":\"Promoci\u00f3n completa de ba\u00f1o\"}]},{\"@type\":\"WebSite\",\"@id\":\"https:\/\/corralonsanchezbelen.com\/#website\",\"url\":\"https:\/\/corralonsanchezbelen.com\/\",\"name\":\"Corralon Sanchez\",\"description\":\"El maestro de la construcci\u00f3n.\",\"publisher\":{\"@id\":\"https:\/\/corralonsanchezbelen.com\/#organization\"},\"potentialAction\":[{\"@type\":\"SearchAction\",\"target\":{\"@type\":\"EntryPoint\",\"urlTemplate\":\"https:\/\/corralonsanchezbelen.com\/?s={search_term_string}\"},\"query-input\":{\"@type\":\"PropertyValueSpecification\",\"valueRequired\":true,\"valueName\":\"search_term_string\"}}],\"inLanguage\":\"es\"},{\"@type\":\"Organization\",\"@id\":\"https:\/\/corralonsanchezbelen.com\/#organization\",\"name\":\"Corralon Sanchez\",\"url\":\"https:\/\/corralonsanchezbelen.com\/\",\"logo\":{\"@type\":\"ImageObject\",\"inLanguage\":\"es\",\"@id\":\"https:\/\/corralonsanchezbelen.com\/#\/schema\/logo\/image\/\",\"url\":\"https:\/\/corralonsanchezbelen.com\/wp-content\/uploads\/2024\/06\/Diseno-sin-tituloq.png\",\"contentUrl\":\"https:\/\/corralonsanchezbelen.com\/wp-content\/uploads\/2024\/06\/Diseno-sin-tituloq.png\",\"width\":1080,\"height\":1080,\"caption\":\"Corralon Sanchez\"},\"image\":{\"@id\":\"https:\/\/corralonsanchezbelen.com\/#\/schema\/logo\/image\/\"},\"sameAs\":[\"https:\/\/www.facebook.com\/corralon.sanchez.belen\",\"https:\/\/www.instagram.com\/corralon.sanchez\/\"]}]}<\/script>\n<!-- \/ Yoast SEO plugin. -->","yoast_head_json":{"title":"Promoci\u00f3n completa de ba\u00f1o - Corralon Sanchez","description":"\u00bfQue incluye el combo?  Ferrum Andina Inodoro Ferrum Andina Dep\u00f3sito Inodoro Ferrum Andina Bidet Ferrum Andina Lavatorio Ferrum Andina Columna  Roca Grifer\u00eda Bce. Lavatorio Roca Grifer\u00eda Bce. Bidet Roca Grifer\u00eda Bce. Ducha con Transferencia  Botiqu\u00edn Ba\u00f1o De Acero Inoxidable Con Espejo Roca Set Accesorios Ba\u00f1o Acero Inox. 6 piezas Sifolimp Asiento Inodoro","robots":{"index":"index","follow":"follow","max-snippet":"max-snippet:-1","max-image-preview":"max-image-preview:large","max-video-preview":"max-video-preview:-1"},"canonical":"https:\/\/corralonsanchezbelen.com\/index.php\/producto\/promocion-completa-de-bano\/","og_locale":"es_ES","og_type":"article","og_title":"Promoci\u00f3n completa de ba\u00f1o - Corralon Sanchez","og_description":"\u00bfQue incluye el combo?  Ferrum Andina Inodoro Ferrum Andina Dep\u00f3sito Inodoro Ferrum Andina Bidet Ferrum Andina Lavatorio Ferrum Andina Columna  Roca Grifer\u00eda Bce. Lavatorio Roca Grifer\u00eda Bce. Bidet Roca Grifer\u00eda Bce. Ducha con Transferencia  Botiqu\u00edn Ba\u00f1o De Acero Inoxidable Con Espejo Roca Set Accesorios Ba\u00f1o Acero Inox. 6 piezas Sifolimp Asiento Inodoro","og_url":"https:\/\/corralonsanchezbelen.com\/index.php\/producto\/promocion-completa-de-bano\/","og_site_name":"Corralon Sanchez","article_publisher":"https:\/\/www.facebook.com\/corralon.sanchez.belen","article_modified_time":"2024-07-09T18:01:44+00:00","og_image":[{"width":1080,"height":1080,"url":"https:\/\/corralonsanchezbelen.com\/wp-content\/uploads\/2024\/06\/4-2.png","type":"image\/png"}],"twitter_card":"summary_large_image","schema":{"@context":"https:\/\/schema.org","@graph":[{"@type":"WebPage","@id":"https:\/\/corralonsanchezbelen.com\/index.php\/producto\/promocion-completa-de-bano\/","url":"https:\/\/corralonsanchezbelen.com\/index.php\/producto\/promocion-completa-de-bano\/","name":"Promoci\u00f3n completa de ba\u00f1o - Corralon Sanchez","isPartOf":{"@id":"https:\/\/corralonsanchezbelen.com\/#website"},"primaryImageOfPage":{"@id":"https:\/\/corralonsanchezbelen.com\/index.php\/producto\/promocion-completa-de-bano\/#primaryimage"},"image":{"@id":"https:\/\/corralonsanchezbelen.com\/index.php\/producto\/promocion-completa-de-bano\/#primaryimage"},"thumbnailUrl":"https:\/\/corralonsanchezbelen.com\/wp-content\/uploads\/2024\/06\/4-2.png","datePublished":"2024-06-15T18:15:11+00:00","dateModified":"2024-07-09T18:01:44+00:00","description":"\u00bfQue incluye el combo? Ferrum Andina Inodoro Ferrum Andina Dep\u00f3sito Inodoro Ferrum Andina Bidet Ferrum Andina Lavatorio Ferrum Andina Columna Roca Grifer\u00eda Bce. Lavatorio Roca Grifer\u00eda Bce. Bidet Roca Grifer\u00eda Bce. Ducha con Transferencia Botiqu\u00edn Ba\u00f1o De Acero Inoxidable Con Espejo Roca Set Accesorios Ba\u00f1o Acero Inox. 6 piezas Sifolimp Asiento Inodoro","breadcrumb":{"@id":"https:\/\/corralonsanchezbelen.com\/index.php\/producto\/promocion-completa-de-bano\/#breadcrumb"},"inLanguage":"es","potentialAction":[{"@type":"ReadAction","target":["https:\/\/corralonsanchezbelen.com\/index.php\/producto\/promocion-completa-de-bano\/"]}]},{"@type":"ImageObject","inLanguage":"es","@id":"https:\/\/corralonsanchezbelen.com\/index.php\/producto\/promocion-completa-de-bano\/#primaryimage","url":"https:\/\/corralonsanchezbelen.com\/wp-content\/uploads\/2024\/06\/4-2.png","contentUrl":"https:\/\/corralonsanchezbelen.com\/wp-content\/uploads\/2024\/06\/4-2.png","width":1080,"height":1080},{"@type":"BreadcrumbList","@id":"https:\/\/corralonsanchezbelen.com\/index.php\/producto\/promocion-completa-de-bano\/#breadcrumb","itemListElement":[{"@type":"ListItem","position":1,"name":"Portada","item":"https:\/\/corralonsanchezbelen.com\/"},{"@type":"ListItem","position":2,"name":"Tienda","item":"https:\/\/corralonsanchezbelen.com\/index.php\/tienda-2\/"},{"@type":"ListItem","position":3,"name":"Promoci\u00f3n completa de ba\u00f1o"}]},{"@type":"WebSite","@id":"https:\/\/corralonsanchezbelen.com\/#website","url":"https:\/\/corralonsanchezbelen.com\/","name":"Corralon Sanchez","description":"El maestro de la construcci\u00f3n.","publisher":{"@id":"https:\/\/corralonsanchezbelen.com\/#organization"},"potentialAction":[{"@type":"SearchAction","target":{"@type":"EntryPoint","urlTemplate":"https:\/\/corralonsanchezbelen.com\/?s={search_term_string}"},"query-input":{"@type":"PropertyValueSpecification","valueRequired":true,"valueName":"search_term_string"}}],"inLanguage":"es"},{"@type":"Organization","@id":"https:\/\/corralonsanchezbelen.com\/#organization","name":"Corralon Sanchez","url":"https:\/\/corralonsanchezbelen.com\/","logo":{"@type":"ImageObject","inLanguage":"es","@id":"https:\/\/corralonsanchezbelen.com\/#\/schema\/logo\/image\/","url":"https:\/\/corralonsanchezbelen.com\/wp-content\/uploads\/2024\/06\/Diseno-sin-tituloq.png","contentUrl":"https:\/\/corralonsanchezbelen.com\/wp-content\/uploads\/2024\/06\/Diseno-sin-tituloq.png","width":1080,"height":1080,"caption":"Corralon Sanchez"},"image":{"@id":"https:\/\/corralonsanchezbelen.com\/#\/schema\/logo\/image\/"},"sameAs":["https:\/\/www.facebook.com\/corralon.sanchez.belen","https:\/\/www.instagram.com\/corralon.sanchez\/"]}]}},"_links":{"self":[{"href":"https:\/\/corralonsanchezbelen.com\/index.php\/wp-json\/wp\/v2\/product\/1020","targetHints":{"allow":["GET"]}}],"collection":[{"href":"https:\/\/corralonsanchezbelen.com\/index.php\/wp-json\/wp\/v2\/product"}],"about":[{"href":"https:\/\/corralonsanchezbelen.com\/index.php\/wp-json\/wp\/v2\/types\/product"}],"replies":[{"embeddable":true,"href":"https:\/\/corralonsanchezbelen.com\/index.php\/wp-json\/wp\/v2\/comments?post=1020"}],"wp:featuredmedia":[{"embeddable":true,"href":"https:\/\/corralonsanchezbelen.com\/index.php\/wp-json\/wp\/v2\/media\/1024"}],"wp:attachment":[{"href":"https:\/\/corralonsanchezbelen.com\/index.php\/wp-json\/wp\/v2\/media?parent=1020"}],"wp:term":[{"taxonomy":"product_brand","embeddable":true,"href":"https:\/\/corralonsanchezbelen.com\/index.php\/wp-json\/wp\/v2\/product_brand?post=1020"},{"taxonomy":"product_cat","embeddable":true,"href":"https:\/\/corralonsanchezbelen.com\/index.php\/wp-json\/wp\/v2\/product_cat?post=1020"},{"taxonomy":"product_tag","embeddable":true,"href":"https:\/\/corralonsanchezbelen.com\/index.php\/wp-json\/wp\/v2\/product_tag?post=1020"}],"curies":[{"name":"wp","href":"https:\/\/api.w.org\/{rel}","templated":true}]}}