{"id":996,"date":"2024-06-13T23:29:48","date_gmt":"2024-06-14T02:29:48","guid":{"rendered":"https:\/\/corralonsanchezbelen.com\/?page_id=996"},"modified":"2024-06-15T19:50:57","modified_gmt":"2024-06-15T22:50:57","slug":"politica-de-privacidad","status":"publish","type":"page","link":"https:\/\/corralonsanchezbelen.com\/index.php\/politica-de-privacidad\/","title":{"rendered":"POL\u00cdTICA DE PRIVACIDAD"},"content":{"rendered":"<h2 class=\"wp-block-heading\"><strong>T\u00e9rminos y Condiciones de Uso<\/strong><\/h2><p><strong>INFORMACI\u00d3N RELEVANTE<\/strong><\/p><p>Es requisito necesario para la adquisici\u00f3n de los productos que se ofrecen en este sitio, que lea y acepte los siguientes T\u00e9rminos y Condiciones que a continuaci\u00f3n se redactan. El uso de nuestros servicios as\u00ed como la compra de nuestros productos implicar\u00e1 que usted ha le\u00eddo y aceptado los T\u00e9rminos y Condiciones de Uso en el presente documento. Todas los productos &nbsp;que son ofrecidos por nuestro sitio web pudieran ser creadas, cobradas, enviadas o presentadas por una p\u00e1gina web tercera y en tal caso estar\u00edan sujetas a sus propios T\u00e9rminos y Condiciones. En algunos casos, para adquirir un producto, ser\u00e1 necesario el registro por parte del usuario, con ingreso de datos personales fidedignos y definici\u00f3n de una contrase\u00f1a.<\/p><p>El usuario puede elegir y cambiar la clave para su acceso de administraci\u00f3n de la cuenta en cualquier momento, en caso de que se haya registrado y que sea necesario para la compra de alguno de nuestros productos. www.corralonsanchezbelen.com no asume la responsabilidad en caso de que entregue dicha clave a terceros.<\/p><p>Todas las compras y transacciones que se lleven a cabo por medio de este sitio web, est\u00e1n sujetas a un proceso de confirmaci\u00f3n y verificaci\u00f3n, el cual podr\u00eda incluir la verificaci\u00f3n del stock y disponibilidad de producto, validaci\u00f3n de la forma de pago, validaci\u00f3n de la factura (en caso de existir) y el cumplimiento de las condiciones requeridas por el medio de pago seleccionado. En algunos casos puede que se requiera una verificaci\u00f3n por medio de correo electr\u00f3nico.<\/p><p>Los precios de los productos ofrecidos en esta Tienda Online es v\u00e1lido solamente en las compras realizadas en este sitio web.<\/p><p><strong>LICENCIA<\/strong><\/p><p>Corralon Sanchez&nbsp; a trav\u00e9s de su sitio web concede una licencia para que los usuarios utilicen&nbsp; los productos que son vendidos en este sitio web de acuerdo a los T\u00e9rminos y Condiciones que se describen en este documento.<\/p><p><strong>USO NO AUTORIZADO<\/strong><\/p><p>En caso de que aplique (para venta de software, templetes, u otro producto de dise\u00f1o y programaci\u00f3n) usted no puede colocar uno de nuestros productos, modificado o sin modificar, en un CD, sitio web o ning\u00fan otro medio y ofrecerlos para la redistribuci\u00f3n o la reventa de ning\u00fan tipo.<\/p><p><strong>PROPIEDAD<\/strong><\/p><p>Usted no puede declarar propiedad intelectual o exclusiva a ninguno de nuestros productos, modificado o sin modificar. Todos los productos son propiedad &nbsp;de los proveedores del contenido. En caso de que no se especifique lo contrario, nuestros productos se proporcionan&nbsp; sin ning\u00fan tipo de garant\u00eda, expresa o impl\u00edcita. En ning\u00fan esta compa\u00f1\u00eda ser\u00e1 &nbsp;responsables de ning\u00fan da\u00f1o incluyendo, pero no limitado a, da\u00f1os directos, indirectos, especiales, fortuitos o consecuentes u otras p\u00e9rdidas resultantes del uso o de la imposibilidad de utilizar nuestros productos.<\/p><p><strong>POL\u00cdTICA DE REEMBOLSO Y GARANT\u00cdA<\/strong><\/p><p>En el caso de productos que sean&nbsp; mercanc\u00edas irrevocables no-tangibles, no realizamos reembolsos despu\u00e9s de que se env\u00ede el producto, usted tiene la responsabilidad de entender antes de comprarlo. &nbsp;Le pedimos que lea cuidadosamente antes de comprarlo. Hacemos solamente excepciones con esta regla cuando la descripci\u00f3n no se ajusta al producto. Hay algunos productos que pudieran tener garant\u00eda y posibilidad de reembolso pero este ser\u00e1 especificado al comprar el producto. En tales casos la garant\u00eda solo cubrir\u00e1 fallas de f\u00e1brica y s\u00f3lo se har\u00e1 efectiva cuando el producto se haya usado correctamente. La garant\u00eda no cubre aver\u00edas o da\u00f1os ocasionados por uso indebido. Los t\u00e9rminos de la garant\u00eda est\u00e1n asociados a fallas de fabricaci\u00f3n y funcionamiento en condiciones normales de los productos y s\u00f3lo se har\u00e1n efectivos estos t\u00e9rminos si el equipo ha sido usado correctamente. Esto incluye:<\/p><p>\u2013 De acuerdo a las especificaciones t\u00e9cnicas indicadas para cada producto.<br>\u2013 En condiciones ambientales acorde con las especificaciones indicadas por el fabricante.<br>\u2013 En uso espec\u00edfico para la funci\u00f3n con que fue dise\u00f1ado de f\u00e1brica.<br>\u2013 En condiciones de operaci\u00f3n el\u00e9ctricas acorde con las especificaciones y tolerancias indicadas.<\/p><p><strong>COMPROBACI\u00d3N ANTIFRAUDE<\/strong><\/p><p>La compra del cliente puede ser aplazada para la comprobaci\u00f3n antifraude. Tambi\u00e9n puede ser suspendida por m\u00e1s tiempo para una investigaci\u00f3n m\u00e1s rigurosa, para evitar transacciones fraudulentas.<\/p><p><strong>PRIVACIDAD<\/strong><\/p><p>Este www.corralonsanchezbelen.com garantiza que la&nbsp;<a href=\"https:\/\/noticiasceltadevigo.es\/\" target=\"_blank\" rel=\"noreferrer noopener\">celta de vigo noticias<\/a>&nbsp;informaci\u00f3n personal que usted env\u00eda cuenta con la seguridad necesaria. Los datos ingresados por usuario o en el caso de requerir una validaci\u00f3n de los pedidos no ser\u00e1n entregados a terceros, salvo que deba ser revelada en cumplimiento a una orden judicial o requerimientos legales.<\/p><p>La suscripci\u00f3n a boletines de correos electr\u00f3nicos publicitarios es voluntaria y podr\u00eda ser seleccionada al momento de crear su cuenta.<\/p><p>Corralon Sanchez reserva los derechos de cambiar o de modificar estos t\u00e9rminos sin previo aviso.<\/p>","protected":false},"excerpt":{"rendered":"<p>T\u00e9rminos y Condiciones de Uso INFORMACI\u00d3N RELEVANTE Es requisito necesario para la adquisici\u00f3n de los productos que se ofrecen en este sitio, que lea y acepte los siguientes T\u00e9rminos y Condiciones que a continuaci\u00f3n se redactan. El uso de nuestros servicios as\u00ed como la compra de nuestros productos implicar\u00e1 que usted ha le\u00eddo y aceptado [&hellip;]<\/p>\n","protected":false},"author":1,"featured_media":0,"parent":0,"menu_order":0,"comment_status":"closed","ping_status":"closed","template":"","meta":{"footnotes":""},"class_list":["post-996","page","type-page","status-publish","hentry"],"blocksy_meta":{"page_structure_type":"type-4","disable_footer":"yes","styles_descriptor":{"styles":{"desktop":"","tablet":"","mobile":""},"google_fonts":[],"version":6},"disable_header":"no","content_style_source":"inherit"},"yoast_head":"<!-- This site is optimized with the Yoast SEO plugin v24.7 - https:\/\/yoast.com\/wordpress\/plugins\/seo\/ -->\n<title>POL\u00cdTICA DE PRIVACIDAD -<\/title>\n<meta name=\"robots\" content=\"index, follow, max-snippet:-1, max-image-preview:large, max-video-preview:-1\" \/>\n<link rel=\"canonical\" href=\"https:\/\/corralonsanchezbelen.com\/index.php\/politica-de-privacidad\/\" \/>\n<meta property=\"og:locale\" content=\"es_ES\" \/>\n<meta property=\"og:type\" content=\"article\" \/>\n<meta property=\"og:title\" content=\"POL\u00cdTICA DE PRIVACIDAD -\" \/>\n<meta property=\"og:description\" content=\"T\u00e9rminos y Condiciones de Uso INFORMACI\u00d3N RELEVANTE Es requisito necesario para la adquisici\u00f3n de los productos que se ofrecen en este sitio, que lea y acepte los siguientes T\u00e9rminos y Condiciones que a continuaci\u00f3n se redactan. El uso de nuestros servicios as\u00ed como la compra de nuestros productos implicar\u00e1 que usted ha le\u00eddo y aceptado [&hellip;]\" \/>\n<meta property=\"og:url\" content=\"https:\/\/corralonsanchezbelen.com\/index.php\/politica-de-privacidad\/\" \/>\n<meta property=\"og:site_name\" content=\"Corralon Sanchez\" \/>\n<meta property=\"article:publisher\" content=\"https:\/\/www.facebook.com\/corralon.sanchez.belen\" \/>\n<meta property=\"article:modified_time\" content=\"2024-06-15T22:50:57+00:00\" \/>\n<meta property=\"og:image\" content=\"https:\/\/corralonsanchezbelen.com\/wp-content\/uploads\/2024\/06\/Diseno-sin-titulo-4.png\" \/>\n\t<meta property=\"og:image:width\" content=\"1200\" \/>\n\t<meta property=\"og:image:height\" content=\"675\" \/>\n\t<meta property=\"og:image:type\" content=\"image\/png\" \/>\n<meta name=\"twitter:card\" content=\"summary_large_image\" \/>\n<meta name=\"twitter:label1\" content=\"Tiempo de lectura\" \/>\n\t<meta name=\"twitter:data1\" content=\"4 minutos\" \/>\n<script type=\"application\/ld+json\" class=\"yoast-schema-graph\">{\"@context\":\"https:\/\/schema.org\",\"@graph\":[{\"@type\":\"WebPage\",\"@id\":\"https:\/\/corralonsanchezbelen.com\/index.php\/politica-de-privacidad\/\",\"url\":\"https:\/\/corralonsanchezbelen.com\/index.php\/politica-de-privacidad\/\",\"name\":\"POL\u00cdTICA DE PRIVACIDAD -\",\"isPartOf\":{\"@id\":\"https:\/\/corralonsanchezbelen.com\/#website\"},\"datePublished\":\"2024-06-14T02:29:48+00:00\",\"dateModified\":\"2024-06-15T22:50:57+00:00\",\"breadcrumb\":{\"@id\":\"https:\/\/corralonsanchezbelen.com\/index.php\/politica-de-privacidad\/#breadcrumb\"},\"inLanguage\":\"es\",\"potentialAction\":[{\"@type\":\"ReadAction\",\"target\":[\"https:\/\/corralonsanchezbelen.com\/index.php\/politica-de-privacidad\/\"]}]},{\"@type\":\"BreadcrumbList\",\"@id\":\"https:\/\/corralonsanchezbelen.com\/index.php\/politica-de-privacidad\/#breadcrumb\",\"itemListElement\":[{\"@type\":\"ListItem\",\"position\":1,\"name\":\"Portada\",\"item\":\"https:\/\/corralonsanchezbelen.com\/\"},{\"@type\":\"ListItem\",\"position\":2,\"name\":\"POL\u00cdTICA DE PRIVACIDAD\"}]},{\"@type\":\"WebSite\",\"@id\":\"https:\/\/corralonsanchezbelen.com\/#website\",\"url\":\"https:\/\/corralonsanchezbelen.com\/\",\"name\":\"Corralon Sanchez\",\"description\":\"El maestro de la construcci\u00f3n.\",\"publisher\":{\"@id\":\"https:\/\/corralonsanchezbelen.com\/#organization\"},\"potentialAction\":[{\"@type\":\"SearchAction\",\"target\":{\"@type\":\"EntryPoint\",\"urlTemplate\":\"https:\/\/corralonsanchezbelen.com\/?s={search_term_string}\"},\"query-input\":{\"@type\":\"PropertyValueSpecification\",\"valueRequired\":true,\"valueName\":\"search_term_string\"}}],\"inLanguage\":\"es\"},{\"@type\":\"Organization\",\"@id\":\"https:\/\/corralonsanchezbelen.com\/#organization\",\"name\":\"Corralon Sanchez\",\"url\":\"https:\/\/corralonsanchezbelen.com\/\",\"logo\":{\"@type\":\"ImageObject\",\"inLanguage\":\"es\",\"@id\":\"https:\/\/corralonsanchezbelen.com\/#\/schema\/logo\/image\/\",\"url\":\"https:\/\/corralonsanchezbelen.com\/wp-content\/uploads\/2024\/06\/Diseno-sin-tituloq.png\",\"contentUrl\":\"https:\/\/corralonsanchezbelen.com\/wp-content\/uploads\/2024\/06\/Diseno-sin-tituloq.png\",\"width\":1080,\"height\":1080,\"caption\":\"Corralon Sanchez\"},\"image\":{\"@id\":\"https:\/\/corralonsanchezbelen.com\/#\/schema\/logo\/image\/\"},\"sameAs\":[\"https:\/\/www.facebook.com\/corralon.sanchez.belen\",\"https:\/\/www.instagram.com\/corralon.sanchez\/\"]}]}<\/script>\n<!-- \/ Yoast SEO plugin. -->","yoast_head_json":{"title":"POL\u00cdTICA DE PRIVACIDAD -","robots":{"index":"index","follow":"follow","max-snippet":"max-snippet:-1","max-image-preview":"max-image-preview:large","max-video-preview":"max-video-preview:-1"},"canonical":"https:\/\/corralonsanchezbelen.com\/index.php\/politica-de-privacidad\/","og_locale":"es_ES","og_type":"article","og_title":"POL\u00cdTICA DE PRIVACIDAD -","og_description":"T\u00e9rminos y Condiciones de Uso INFORMACI\u00d3N RELEVANTE Es requisito necesario para la adquisici\u00f3n de los productos que se ofrecen en este sitio, que lea y acepte los siguientes T\u00e9rminos y Condiciones que a continuaci\u00f3n se redactan. El uso de nuestros servicios as\u00ed como la compra de nuestros productos implicar\u00e1 que usted ha le\u00eddo y aceptado [&hellip;]","og_url":"https:\/\/corralonsanchezbelen.com\/index.php\/politica-de-privacidad\/","og_site_name":"Corralon Sanchez","article_publisher":"https:\/\/www.facebook.com\/corralon.sanchez.belen","article_modified_time":"2024-06-15T22:50:57+00:00","og_image":[{"width":1200,"height":675,"url":"https:\/\/corralonsanchezbelen.com\/wp-content\/uploads\/2024\/06\/Diseno-sin-titulo-4.png","type":"image\/png"}],"twitter_card":"summary_large_image","twitter_misc":{"Tiempo de lectura":"4 minutos"},"schema":{"@context":"https:\/\/schema.org","@graph":[{"@type":"WebPage","@id":"https:\/\/corralonsanchezbelen.com\/index.php\/politica-de-privacidad\/","url":"https:\/\/corralonsanchezbelen.com\/index.php\/politica-de-privacidad\/","name":"POL\u00cdTICA DE PRIVACIDAD -","isPartOf":{"@id":"https:\/\/corralonsanchezbelen.com\/#website"},"datePublished":"2024-06-14T02:29:48+00:00","dateModified":"2024-06-15T22:50:57+00:00","breadcrumb":{"@id":"https:\/\/corralonsanchezbelen.com\/index.php\/politica-de-privacidad\/#breadcrumb"},"inLanguage":"es","potentialAction":[{"@type":"ReadAction","target":["https:\/\/corralonsanchezbelen.com\/index.php\/politica-de-privacidad\/"]}]},{"@type":"BreadcrumbList","@id":"https:\/\/corralonsanchezbelen.com\/index.php\/politica-de-privacidad\/#breadcrumb","itemListElement":[{"@type":"ListItem","position":1,"name":"Portada","item":"https:\/\/corralonsanchezbelen.com\/"},{"@type":"ListItem","position":2,"name":"POL\u00cdTICA DE PRIVACIDAD"}]},{"@type":"WebSite","@id":"https:\/\/corralonsanchezbelen.com\/#website","url":"https:\/\/corralonsanchezbelen.com\/","name":"Corralon Sanchez","description":"El maestro de la construcci\u00f3n.","publisher":{"@id":"https:\/\/corralonsanchezbelen.com\/#organization"},"potentialAction":[{"@type":"SearchAction","target":{"@type":"EntryPoint","urlTemplate":"https:\/\/corralonsanchezbelen.com\/?s={search_term_string}"},"query-input":{"@type":"PropertyValueSpecification","valueRequired":true,"valueName":"search_term_string"}}],"inLanguage":"es"},{"@type":"Organization","@id":"https:\/\/corralonsanchezbelen.com\/#organization","name":"Corralon Sanchez","url":"https:\/\/corralonsanchezbelen.com\/","logo":{"@type":"ImageObject","inLanguage":"es","@id":"https:\/\/corralonsanchezbelen.com\/#\/schema\/logo\/image\/","url":"https:\/\/corralonsanchezbelen.com\/wp-content\/uploads\/2024\/06\/Diseno-sin-tituloq.png","contentUrl":"https:\/\/corralonsanchezbelen.com\/wp-content\/uploads\/2024\/06\/Diseno-sin-tituloq.png","width":1080,"height":1080,"caption":"Corralon Sanchez"},"image":{"@id":"https:\/\/corralonsanchezbelen.com\/#\/schema\/logo\/image\/"},"sameAs":["https:\/\/www.facebook.com\/corralon.sanchez.belen","https:\/\/www.instagram.com\/corralon.sanchez\/"]}]}},"_links":{"self":[{"href":"https:\/\/corralonsanchezbelen.com\/index.php\/wp-json\/wp\/v2\/pages\/996","targetHints":{"allow":["GET"]}}],"collection":[{"href":"https:\/\/corralonsanchezbelen.com\/index.php\/wp-json\/wp\/v2\/pages"}],"about":[{"href":"https:\/\/corralonsanchezbelen.com\/index.php\/wp-json\/wp\/v2\/types\/page"}],"author":[{"embeddable":true,"href":"https:\/\/corralonsanchezbelen.com\/index.php\/wp-json\/wp\/v2\/users\/1"}],"replies":[{"embeddable":true,"href":"https:\/\/corralonsanchezbelen.com\/index.php\/wp-json\/wp\/v2\/comments?post=996"}],"version-history":[{"count":2,"href":"https:\/\/corralonsanchezbelen.com\/index.php\/wp-json\/wp\/v2\/pages\/996\/revisions"}],"predecessor-version":[{"id":998,"href":"https:\/\/corralonsanchezbelen.com\/index.php\/wp-json\/wp\/v2\/pages\/996\/revisions\/998"}],"wp:attachment":[{"href":"https:\/\/corralonsanchezbelen.com\/index.php\/wp-json\/wp\/v2\/media?parent=996"}],"curies":[{"name":"wp","href":"https:\/\/api.w.org\/{rel}","templated":true}]}}