{"id":994,"date":"2024-06-13T23:17:41","date_gmt":"2024-06-14T02:17:41","guid":{"rendered":"https:\/\/corralonsanchezbelen.com\/?page_id=994"},"modified":"2024-06-13T23:17:41","modified_gmt":"2024-06-14T02:17:41","slug":"terminos-y-condiciones","status":"publish","type":"page","link":"https:\/\/corralonsanchezbelen.com\/index.php\/terminos-y-condiciones\/","title":{"rendered":"TERMINOS Y CONDICIONES"},"content":{"rendered":"<h2 class=\"wp-block-heading\"><strong>T\u00e9rminos y condiciones<\/strong><\/h2><p>\u00a1Bienvenidos a Corral\u00f3n S\u00e1nchez!<\/p><p>Estos t\u00e9rminos y condiciones describen las reglas y regulaciones para el uso del sitio web de Corralon Sanchez, ubicado en www.corralonsanchezbelen.com.<\/p><p>Al acceder a este sitio web asumimos que acepta estos t\u00e9rminos y condiciones. No contin\u00fae usando Corralon Sanchez si no acepta todos los t\u00e9rminos y condiciones establecidos en esta p\u00e1gina.<\/p><p>La siguiente terminolog\u00eda se aplica a estos T\u00e9rminos y condiciones, Declaraci\u00f3n de privacidad y Aviso de exenci\u00f3n de responsabilidad y a todos los Acuerdos: \u00abCliente\u00bb, \u00abUsted\u00bb y \u00abSu\u00bb se refieren a usted, la persona que inicia sesi\u00f3n en este sitio web y cumple con los t\u00e9rminos y condiciones de la Compa\u00f1\u00eda. condiciones. \u00abLa Empresa\u00bb, \u00abNosotros\u00bb, \u00abNosotros\u00bb, \u00abNuestro\u00bb y \u00abNosotros\u00bb, se refieren a nuestra Empresa. \u00abParte\u00bb, \u00abPartes\u00bb o \u00abNosotros\u00bb se refieren tanto al Cliente como a nosotros mismos. Todos los t\u00e9rminos se refieren a la oferta, aceptaci\u00f3n y consideraci\u00f3n del pago necesario para llevar a cabo el proceso de nuestra asistencia al Cliente de la manera m\u00e1s adecuada con el prop\u00f3sito expreso de satisfacer las necesidades del Cliente con respecto a la prestaci\u00f3n de los servicios indicados por la Compa\u00f1\u00eda, de acuerdo con y sujeto a la legislaci\u00f3n vigente del art. Cualquier uso de la terminolog\u00eda anterior u otras palabras en singular, plural, may\u00fasculas y\/o \u00e9l\/ella o ellos, se consideran intercambiables y por lo tanto se refieren a los mismos.<\/p><h3 class=\"wp-block-heading\"><strong>Cookies<\/strong><\/h3><p>Utilizamos el uso de cookies. Al acceder a Corralon Sanchez, usted acepta utilizar cookies de acuerdo con la Pol\u00edtica de Privacidad de Corralon Sanchez.<\/p><p>La mayor\u00eda de los sitios web interactivos utilizan cookies para permitirnos recuperar los detalles del usuario para cada visita. Nuestro sitio web utiliza cookies para habilitar la funcionalidad de ciertas \u00e1reas para que sea m\u00e1s f\u00e1cil para las personas que visitan nuestro sitio web. Algunos de nuestros socios afiliados\/publicitarios tambi\u00e9n pueden utilizar cookies.<\/p><h3 class=\"wp-block-heading\"><strong>Licencia<\/strong><\/h3><p>A menos que se indique lo contrario, Corral\u00f3n S\u00e1nchez y\/o sus licenciantes poseen los derechos de propiedad intelectual de todo el material de Corral\u00f3n S\u00e1nchez. Todos los derechos de propiedad intelectual est\u00e1n reservados. Puede acceder a esto desde Corral\u00f3n S\u00e1nchez para su uso personal sujeto a las restricciones establecidas en estos t\u00e9rminos y condiciones.<\/p><p>No debes:<\/p><ul class=\"wp-block-list\"><li>Volver a publicar material de Corral\u00f3n S\u00e1nchez<\/li>\n\n<li>Vender, alquilar o sublicenciar material de Corral\u00f3n S\u00e1nchez<\/li>\n\n<li>Reproducir, duplicar o copiar material de Corral\u00f3n S\u00e1nchez<\/li>\n\n<li>Redistribuir contenido de Corral\u00f3n S\u00e1nchez<\/li><\/ul><p>Este Acuerdo comenzar\u00e1 en la fecha del mismo. Nuestros T\u00e9rminos y condiciones fueron creados con la ayuda del <a href=\"https:\/\/www.termsandconditionsgenerator.com\/\">Generador gratuito de t\u00e9rminos y condiciones<\/a>.<\/p><p>Partes de este sitio web ofrecen una oportunidad para que los usuarios publiquen e intercambien opiniones e informaci\u00f3n en ciertas \u00e1reas del sitio web. Corralon Sanchez no filtra, edita, publica ni revisa los Comentarios antes de su presencia en el sitio web. Los comentarios no reflejan los puntos de vista ni las opiniones de Corral\u00f3n S\u00e1nchez, sus agentes y\/o afiliados. Los comentarios reflejan los puntos de vista y opiniones de la persona que publica sus puntos de vista y opiniones. En la medida permitida por las leyes aplicables, Corralon Sanchez no ser\u00e1 responsable de los Comentarios ni de ninguna responsabilidad, da\u00f1os o gastos causados \u200b\u200by\/o sufridos como resultado de cualquier uso y\/o publicaci\u00f3n y\/o aparici\u00f3n de los Comentarios en este sitio web.<\/p><p>Corralon Sanchez se reserva el derecho de monitorear todos los Comentarios y eliminar cualquier Comentario que pueda considerarse inapropiado, ofensivo o que infrinja estos T\u00e9rminos y Condiciones.<\/p><p>Usted garantiza y declara que:<\/p><ul class=\"wp-block-list\"><li>Tiene derecho a publicar Comentarios en nuestro sitio web y tiene todas las licencias y consentimientos necesarios para hacerlo;<\/li>\n\n<li>Los Comentarios no invaden ning\u00fan derecho de propiedad intelectual, incluidos, entre otros, derechos de autor, patentes o marcas comerciales de terceros;<\/li>\n\n<li>Los Comentarios no contienen ning\u00fan material difamatorio, calumnioso, ofensivo, indecente o ilegal que constituya una invasi\u00f3n de la privacidad<\/li>\n\n<li>Los Comentarios no se utilizar\u00e1n para solicitar o promover negocios o actividades comerciales personalizadas o presentes o actividades ilegales.<\/li><\/ul><p>Por la presente, otorga a Corralon Sanchez una licencia no exclusiva para usar, reproducir, editar y autorizar a otros a usar, reproducir y editar cualquiera de sus Comentarios en cualquiera y todas las formas, formatos o medios.<\/p><h3 class=\"wp-block-heading\"><strong>Hiperv\u00ednculos a nuestro contenido<\/strong><\/h3><p>Las siguientes organizaciones pueden vincularse a nuestro sitio web sin aprobaci\u00f3n previa por escrito:<\/p><ul class=\"wp-block-list\"><li>Agencias gubernamentales;<\/li>\n\n<li>Motores de b\u00fasqueda;<\/li>\n\n<li>Organizaciones de noticias;<\/li>\n\n<li>Los distribuidores de directorios en l\u00ednea pueden vincularse a nuestro sitio web de la misma manera que lo hacen a los sitios web de otras empresas enumeradas; y<\/li>\n\n<li>Empresas acreditadas en todo el sistema, excepto las que solicitan organizaciones sin fines de lucro, centros comerciales ben\u00e9ficos y grupos de recaudaci\u00f3n de fondos ben\u00e9ficos que no pueden incluir hiperv\u00ednculos a nuestro sitio web.<\/li><\/ul><p>Estas organizaciones ions puede vincularse a nuestra p\u00e1gina de inicio, a publicaciones u otra informaci\u00f3n del sitio web siempre que el v\u00ednculo: (a) no sea de ninguna manera enga\u00f1oso; (b) no implica falsamente patrocinio, respaldo o aprobaci\u00f3n de la parte vinculadora y sus productos y\/o servicios; y (c) se ajusta al contexto del sitio de la parte vinculadora.<\/p><p>Podemos considerar y aprobar otras solicitudes de enlaces de los siguientes tipos de organizaciones:<\/p><ul class=\"wp-block-list\"><li>fuentes de informaci\u00f3n com\u00fanmente conocidas sobre consumidores y\/o empresas;<\/li>\n\n<li>sitios comunitarios punto.com;<\/li>\n\n<li>asociaciones u otros grupos que representan organizaciones ben\u00e9ficas;<\/li>\n\n<li>distribuidores de directorios en l\u00ednea;<\/li>\n\n<li>portales de Internet;<\/li>\n\n<li>firmas de contabilidad, derecho y consultor\u00eda; y<\/li>\n\n<li>instituciones educativas y asociaciones comerciales.<\/li><\/ul><p>Aprobaremos las solicitudes de enlace de estas organizaciones si decidimos que: (a) el enlace no nos har\u00e1 vernos desfavorablemente a nosotros mismos o a nuestras empresas acreditadas; (b) la organizaci\u00f3n no tiene ning\u00fan registro negativo con nosotros; (c) el beneficio para nosotros de la visibilidad del hiperv\u00ednculo compensa la ausencia de Corral\u00f3n S\u00e1nchez; y (d) el enlace est\u00e1 en el contexto de informaci\u00f3n general de recursos.<\/p><p>Estas organizaciones pueden vincularse a nuestra p\u00e1gina de inicio siempre que el v\u00ednculo: (a) no sea de ninguna manera enga\u00f1oso; (b) no implica falsamente patrocinio, respaldo o aprobaci\u00f3n de la parte vinculadora y sus productos o servicios; y (c) se ajusta al contexto del sitio de la parte vinculadora.<\/p><p>Si usted es una de las organizaciones enumeradas en el p\u00e1rrafo 2 anterior y est\u00e1 interesado en vincularse a nuestro sitio web, debe informarnos enviando un correo electr\u00f3nico a Corral\u00f3n S\u00e1nchez. Incluya su nombre, el nombre de su organizaci\u00f3n, informaci\u00f3n de contacto, as\u00ed como la URL de su sitio, una lista de las URL desde las que desea vincular a nuestro sitio web y una lista de las URL de nuestro sitio a las que le gustar\u00eda acceder. enlace. Espere de 2 a 3 semanas para recibir una respuesta.<\/p><p>Las organizaciones aprobadas pueden hacer hiperv\u00ednculos a nuestro sitio web de la siguiente manera:<\/p><ul class=\"wp-block-list\"><li>Mediante el uso de nuestro nombre corporativo; o<\/li>\n\n<li>Mediante el uso del localizador uniforme de recursos al que se vincula; o<\/li>\n\n<li>Mediante el uso de cualquier otra descripci\u00f3n de nuestro sitio web al que se vincula que tenga sentido dentro del contexto y formato del contenido del sitio de la parte vinculadora.<\/li><\/ul><p>No se permitir\u00e1 el uso del logotipo de Corralon Sanchez u otras ilustraciones para vincular sin un acuerdo de licencia de marca registrada.<\/p><h3 class=\"wp-block-heading\"><strong>iFrames<\/strong><\/h3><p>Sin aprobaci\u00f3n previa y permiso por escrito, no puede crear marcos alrededor de nuestras p\u00e1ginas web que alteren de alguna manera la presentaci\u00f3n visual o la apariencia de nuestro sitio web.<\/p><h3 class=\"wp-block-heading\"><strong>Responsabilidad del contenido<\/strong><\/h3><p>No seremos responsables de ning\u00fan contenido que aparezca en su sitio web. Usted acepta protegernos y defendernos contra todos los reclamos que surjan en su sitio web. No deben aparecer enlaces en ning\u00fan sitio web que puedan interpretarse como difamatorios, obscenos o criminales, o que infrinjan, violen o defiendan la infracci\u00f3n u otra violaci\u00f3n de derechos de terceros.<\/p><h3 class=\"wp-block-heading\"><strong>Reserva de Derechos<\/strong><\/h3><p>Nos reservamos el derecho de solicitarle que elimine todos los enlaces o cualquier enlace en particular a nuestro sitio web. Usted aprueba eliminar inmediatamente todos los enlaces a nuestro sitio web si as\u00ed lo solicita. Tambi\u00e9n nos reservamos el derecho de modificar estos t\u00e9rminos y condiciones y su pol\u00edtica de vinculaci\u00f3n en cualquier momento. Al vincularse continuamente a nuestro sitio web, usted acepta estar sujeto y seguir estos t\u00e9rminos y condiciones de vinculaci\u00f3n.<\/p><h3 class=\"wp-block-heading\"><strong>Eliminaci\u00f3n de enlaces de nuestro sitio web<\/strong><\/h3><p>Si encuentra alg\u00fan enlace en nuestro sitio web que sea ofensivo por cualquier motivo, puede contactarnos e informarnos en cualquier momento. Consideraremos las solicitudes para eliminar enlaces, pero no estamos obligados a hacerlo ni a responderle directamente.<\/p><p>No garantizamos que la informaci\u00f3n contenida en este sitio web sea correcta, no garantizamos su integridad o exactitud; ni nos comprometemos a garantizar que el sitio web permanezca disponible o que el material del sitio web se mantenga actualizado.<\/p><h3 class=\"wp-block-heading\"><strong>Descargo de responsabilidad<\/strong><\/h3><p>En la medida m\u00e1xima permitida por la ley aplicable, excluimos todas las representaciones, garant\u00edas y condiciones relacionadas con nuestro sitio web y el uso de este sitio web. Nada en este descargo de responsabilidad:<\/p><ul class=\"wp-block-list\"><li>limitar o excluir nuestra responsabilidad o la suya por muerte o lesiones personales;<\/li>\n\n<li>limitar o excluir nuestra responsabilidad o la suya por fraude o tergiversaci\u00f3n fraudulenta;<\/li>\n\n<li>limitar cualquiera de nuestras responsabilidades o las suyas de cualquier forma que no est\u00e9 permitida por la ley aplicable; o<\/li>\n\n<li>excluir cualquiera de nuestras responsabilidades o las suyas que no puedan estar excluidas seg\u00fan la ley aplicable.<\/li><\/ul><p>Las limitaciones y prohibiciones de responsabilidad establecidas en esta Secci\u00f3n y en otras partes de este descargo de responsabilidad: (a) est\u00e1n sujetas al p\u00e1rrafo anterior; y (b) regir todas las responsabilidades que surjan bajo la exenci\u00f3n de responsabilidad, incluidas las responsabilidades que surjan en el contrato, en agravio y por incumplimiento del deber legal.<\/p><p>Siempre y cuando el sitio web y la informaci\u00f3n y los servicios en el sitio web se proporcionan de forma gratuita, no seremos responsables de ninguna p\u00e9rdida o da\u00f1o de cualquier naturaleza.<\/p>","protected":false},"excerpt":{"rendered":"<p>T\u00e9rminos y condiciones \u00a1Bienvenidos a Corral\u00f3n S\u00e1nchez! Estos t\u00e9rminos y condiciones describen las reglas y regulaciones para el uso del sitio web de Corralon Sanchez, ubicado en www.corralonsanchezbelen.com. Al acceder a este sitio web asumimos que acepta estos t\u00e9rminos y condiciones. No contin\u00fae usando Corralon Sanchez si no acepta todos los t\u00e9rminos y condiciones establecidos [&hellip;]<\/p>\n","protected":false},"author":1,"featured_media":0,"parent":0,"menu_order":0,"comment_status":"closed","ping_status":"closed","template":"","meta":{"footnotes":""},"class_list":["post-994","page","type-page","status-publish","hentry"],"blocksy_meta":[],"yoast_head":"<!-- This site is optimized with the Yoast SEO plugin v24.7 - https:\/\/yoast.com\/wordpress\/plugins\/seo\/ -->\n<title>TERMINOS Y CONDICIONES -<\/title>\n<meta name=\"robots\" content=\"index, follow, max-snippet:-1, max-image-preview:large, max-video-preview:-1\" \/>\n<link rel=\"canonical\" href=\"https:\/\/corralonsanchezbelen.com\/index.php\/terminos-y-condiciones\/\" \/>\n<meta property=\"og:locale\" content=\"es_ES\" \/>\n<meta property=\"og:type\" content=\"article\" \/>\n<meta property=\"og:title\" content=\"TERMINOS Y CONDICIONES -\" \/>\n<meta property=\"og:description\" content=\"T\u00e9rminos y condiciones \u00a1Bienvenidos a Corral\u00f3n S\u00e1nchez! Estos t\u00e9rminos y condiciones describen las reglas y regulaciones para el uso del sitio web de Corralon Sanchez, ubicado en www.corralonsanchezbelen.com. Al acceder a este sitio web asumimos que acepta estos t\u00e9rminos y condiciones. No contin\u00fae usando Corralon Sanchez si no acepta todos los t\u00e9rminos y condiciones establecidos [&hellip;]\" \/>\n<meta property=\"og:url\" content=\"https:\/\/corralonsanchezbelen.com\/index.php\/terminos-y-condiciones\/\" \/>\n<meta property=\"og:site_name\" content=\"Corralon Sanchez\" \/>\n<meta property=\"article:publisher\" content=\"https:\/\/www.facebook.com\/corralon.sanchez.belen\" \/>\n<meta property=\"og:image\" content=\"https:\/\/corralonsanchezbelen.com\/wp-content\/uploads\/2024\/06\/Diseno-sin-titulo-4.png\" \/>\n\t<meta property=\"og:image:width\" content=\"1200\" \/>\n\t<meta property=\"og:image:height\" content=\"675\" \/>\n\t<meta property=\"og:image:type\" content=\"image\/png\" \/>\n<meta name=\"twitter:card\" content=\"summary_large_image\" \/>\n<meta name=\"twitter:label1\" content=\"Tiempo de lectura\" \/>\n\t<meta name=\"twitter:data1\" content=\"9 minutos\" \/>\n<script type=\"application\/ld+json\" class=\"yoast-schema-graph\">{\"@context\":\"https:\/\/schema.org\",\"@graph\":[{\"@type\":\"WebPage\",\"@id\":\"https:\/\/corralonsanchezbelen.com\/index.php\/terminos-y-condiciones\/\",\"url\":\"https:\/\/corralonsanchezbelen.com\/index.php\/terminos-y-condiciones\/\",\"name\":\"TERMINOS Y CONDICIONES -\",\"isPartOf\":{\"@id\":\"https:\/\/corralonsanchezbelen.com\/#website\"},\"datePublished\":\"2024-06-14T02:17:41+00:00\",\"breadcrumb\":{\"@id\":\"https:\/\/corralonsanchezbelen.com\/index.php\/terminos-y-condiciones\/#breadcrumb\"},\"inLanguage\":\"es\",\"potentialAction\":[{\"@type\":\"ReadAction\",\"target\":[\"https:\/\/corralonsanchezbelen.com\/index.php\/terminos-y-condiciones\/\"]}]},{\"@type\":\"BreadcrumbList\",\"@id\":\"https:\/\/corralonsanchezbelen.com\/index.php\/terminos-y-condiciones\/#breadcrumb\",\"itemListElement\":[{\"@type\":\"ListItem\",\"position\":1,\"name\":\"Portada\",\"item\":\"https:\/\/corralonsanchezbelen.com\/\"},{\"@type\":\"ListItem\",\"position\":2,\"name\":\"TERMINOS Y CONDICIONES\"}]},{\"@type\":\"WebSite\",\"@id\":\"https:\/\/corralonsanchezbelen.com\/#website\",\"url\":\"https:\/\/corralonsanchezbelen.com\/\",\"name\":\"Corralon Sanchez\",\"description\":\"El maestro de la construcci\u00f3n.\",\"publisher\":{\"@id\":\"https:\/\/corralonsanchezbelen.com\/#organization\"},\"potentialAction\":[{\"@type\":\"SearchAction\",\"target\":{\"@type\":\"EntryPoint\",\"urlTemplate\":\"https:\/\/corralonsanchezbelen.com\/?s={search_term_string}\"},\"query-input\":{\"@type\":\"PropertyValueSpecification\",\"valueRequired\":true,\"valueName\":\"search_term_string\"}}],\"inLanguage\":\"es\"},{\"@type\":\"Organization\",\"@id\":\"https:\/\/corralonsanchezbelen.com\/#organization\",\"name\":\"Corralon Sanchez\",\"url\":\"https:\/\/corralonsanchezbelen.com\/\",\"logo\":{\"@type\":\"ImageObject\",\"inLanguage\":\"es\",\"@id\":\"https:\/\/corralonsanchezbelen.com\/#\/schema\/logo\/image\/\",\"url\":\"https:\/\/corralonsanchezbelen.com\/wp-content\/uploads\/2024\/06\/Diseno-sin-tituloq.png\",\"contentUrl\":\"https:\/\/corralonsanchezbelen.com\/wp-content\/uploads\/2024\/06\/Diseno-sin-tituloq.png\",\"width\":1080,\"height\":1080,\"caption\":\"Corralon Sanchez\"},\"image\":{\"@id\":\"https:\/\/corralonsanchezbelen.com\/#\/schema\/logo\/image\/\"},\"sameAs\":[\"https:\/\/www.facebook.com\/corralon.sanchez.belen\",\"https:\/\/www.instagram.com\/corralon.sanchez\/\"]}]}<\/script>\n<!-- \/ Yoast SEO plugin. -->","yoast_head_json":{"title":"TERMINOS Y CONDICIONES -","robots":{"index":"index","follow":"follow","max-snippet":"max-snippet:-1","max-image-preview":"max-image-preview:large","max-video-preview":"max-video-preview:-1"},"canonical":"https:\/\/corralonsanchezbelen.com\/index.php\/terminos-y-condiciones\/","og_locale":"es_ES","og_type":"article","og_title":"TERMINOS Y CONDICIONES -","og_description":"T\u00e9rminos y condiciones \u00a1Bienvenidos a Corral\u00f3n S\u00e1nchez! Estos t\u00e9rminos y condiciones describen las reglas y regulaciones para el uso del sitio web de Corralon Sanchez, ubicado en www.corralonsanchezbelen.com. Al acceder a este sitio web asumimos que acepta estos t\u00e9rminos y condiciones. No contin\u00fae usando Corralon Sanchez si no acepta todos los t\u00e9rminos y condiciones establecidos [&hellip;]","og_url":"https:\/\/corralonsanchezbelen.com\/index.php\/terminos-y-condiciones\/","og_site_name":"Corralon Sanchez","article_publisher":"https:\/\/www.facebook.com\/corralon.sanchez.belen","og_image":[{"width":1200,"height":675,"url":"https:\/\/corralonsanchezbelen.com\/wp-content\/uploads\/2024\/06\/Diseno-sin-titulo-4.png","type":"image\/png"}],"twitter_card":"summary_large_image","twitter_misc":{"Tiempo de lectura":"9 minutos"},"schema":{"@context":"https:\/\/schema.org","@graph":[{"@type":"WebPage","@id":"https:\/\/corralonsanchezbelen.com\/index.php\/terminos-y-condiciones\/","url":"https:\/\/corralonsanchezbelen.com\/index.php\/terminos-y-condiciones\/","name":"TERMINOS Y CONDICIONES -","isPartOf":{"@id":"https:\/\/corralonsanchezbelen.com\/#website"},"datePublished":"2024-06-14T02:17:41+00:00","breadcrumb":{"@id":"https:\/\/corralonsanchezbelen.com\/index.php\/terminos-y-condiciones\/#breadcrumb"},"inLanguage":"es","potentialAction":[{"@type":"ReadAction","target":["https:\/\/corralonsanchezbelen.com\/index.php\/terminos-y-condiciones\/"]}]},{"@type":"BreadcrumbList","@id":"https:\/\/corralonsanchezbelen.com\/index.php\/terminos-y-condiciones\/#breadcrumb","itemListElement":[{"@type":"ListItem","position":1,"name":"Portada","item":"https:\/\/corralonsanchezbelen.com\/"},{"@type":"ListItem","position":2,"name":"TERMINOS Y CONDICIONES"}]},{"@type":"WebSite","@id":"https:\/\/corralonsanchezbelen.com\/#website","url":"https:\/\/corralonsanchezbelen.com\/","name":"Corralon Sanchez","description":"El maestro de la construcci\u00f3n.","publisher":{"@id":"https:\/\/corralonsanchezbelen.com\/#organization"},"potentialAction":[{"@type":"SearchAction","target":{"@type":"EntryPoint","urlTemplate":"https:\/\/corralonsanchezbelen.com\/?s={search_term_string}"},"query-input":{"@type":"PropertyValueSpecification","valueRequired":true,"valueName":"search_term_string"}}],"inLanguage":"es"},{"@type":"Organization","@id":"https:\/\/corralonsanchezbelen.com\/#organization","name":"Corralon Sanchez","url":"https:\/\/corralonsanchezbelen.com\/","logo":{"@type":"ImageObject","inLanguage":"es","@id":"https:\/\/corralonsanchezbelen.com\/#\/schema\/logo\/image\/","url":"https:\/\/corralonsanchezbelen.com\/wp-content\/uploads\/2024\/06\/Diseno-sin-tituloq.png","contentUrl":"https:\/\/corralonsanchezbelen.com\/wp-content\/uploads\/2024\/06\/Diseno-sin-tituloq.png","width":1080,"height":1080,"caption":"Corralon Sanchez"},"image":{"@id":"https:\/\/corralonsanchezbelen.com\/#\/schema\/logo\/image\/"},"sameAs":["https:\/\/www.facebook.com\/corralon.sanchez.belen","https:\/\/www.instagram.com\/corralon.sanchez\/"]}]}},"_links":{"self":[{"href":"https:\/\/corralonsanchezbelen.com\/index.php\/wp-json\/wp\/v2\/pages\/994","targetHints":{"allow":["GET"]}}],"collection":[{"href":"https:\/\/corralonsanchezbelen.com\/index.php\/wp-json\/wp\/v2\/pages"}],"about":[{"href":"https:\/\/corralonsanchezbelen.com\/index.php\/wp-json\/wp\/v2\/types\/page"}],"author":[{"embeddable":true,"href":"https:\/\/corralonsanchezbelen.com\/index.php\/wp-json\/wp\/v2\/users\/1"}],"replies":[{"embeddable":true,"href":"https:\/\/corralonsanchezbelen.com\/index.php\/wp-json\/wp\/v2\/comments?post=994"}],"version-history":[{"count":1,"href":"https:\/\/corralonsanchezbelen.com\/index.php\/wp-json\/wp\/v2\/pages\/994\/revisions"}],"predecessor-version":[{"id":995,"href":"https:\/\/corralonsanchezbelen.com\/index.php\/wp-json\/wp\/v2\/pages\/994\/revisions\/995"}],"wp:attachment":[{"href":"https:\/\/corralonsanchezbelen.com\/index.php\/wp-json\/wp\/v2\/media?parent=994"}],"curies":[{"name":"wp","href":"https:\/\/api.w.org\/{rel}","templated":true}]}}