{"id":115,"date":"2020-03-13T15:28:00","date_gmt":"2020-03-13T15:28:00","guid":{"rendered":"https:\/\/startersites.io\/blocksy\/modern-shop\/?page_id=115"},"modified":"2024-07-18T18:26:41","modified_gmt":"2024-07-18T21:26:41","slug":"nosotros","status":"publish","type":"page","link":"https:\/\/corralonsanchezbelen.com\/index.php\/nosotros\/","title":{"rendered":"Nosotros"},"content":{"rendered":"\t\t<div data-elementor-type=\"wp-page\" data-elementor-id=\"115\" class=\"elementor elementor-115\" data-elementor-post-type=\"page\">\n\t\t\t\t<div class=\"elementor-element elementor-element-7e603bb e-con-full animated-slow e-flex elementor-invisible e-con e-parent\" data-id=\"7e603bb\" data-element_type=\"container\" data-settings=\"{&quot;background_background&quot;:&quot;classic&quot;,&quot;animation&quot;:&quot;fadeIn&quot;}\">\n\t\t<div class=\"elementor-element elementor-element-a3c8393 e-con-full e-flex e-con e-child\" data-id=\"a3c8393\" data-element_type=\"container\" data-settings=\"{&quot;background_background&quot;:&quot;classic&quot;}\">\n\t\t\t\t<div class=\"elementor-element elementor-element-35683cc elementor-widget elementor-widget-image\" data-id=\"35683cc\" data-element_type=\"widget\" data-widget_type=\"image.default\">\n\t\t\t\t<div class=\"elementor-widget-container\">\n\t\t\t\t\t\t\t\t\t\t\t\t\t\t\t\t<a href=\"https:\/\/corralonsanchezbelen.com\/wp-content\/uploads\/2024\/06\/DSC00532-scaled.jpg\" data-elementor-open-lightbox=\"no\">\n\t\t\t\t\t\t\t<img decoding=\"async\" data-src=\"https:\/\/corralonsanchezbelen.com\/wp-content\/uploads\/elementor\/thumbs\/DSC00532-scaled-qpfe4v5hcmicxctp5oc0phxs4mrtxamxxq1ym11bn4.jpg\" title=\"_DSC0053~2\" alt=\"_DSC0053~2\" src=\"data:image\/gif;base64,R0lGODlhAQABAAAAACH5BAEKAAEALAAAAAABAAEAAAICTAEAOw==\" class=\"lazyload\" style=\"--smush-placeholder-width: 1920px; --smush-placeholder-aspect-ratio: 1920\/1080;\" \/>\t\t\t\t\t\t\t\t<\/a>\n\t\t\t\t\t\t\t\t\t\t\t\t\t\t\t<\/div>\n\t\t\t\t<\/div>\n\t\t\t\t<\/div>\n\t\t\t\t<\/div>\n\t\t<div class=\"elementor-element elementor-element-f13914c e-flex e-con-boxed e-con e-parent\" data-id=\"f13914c\" data-element_type=\"container\">\n\t\t\t\t\t<div class=\"e-con-inner\">\n\t\t\t\t<div class=\"elementor-element elementor-element-b6520b3 elementor-widget elementor-widget-text-editor\" data-id=\"b6520b3\" data-element_type=\"widget\" data-widget_type=\"text-editor.default\">\n\t\t\t\t<div class=\"elementor-widget-container\">\n\t\t\t\t\t\t\t\t\t<p>Corral\u00f3n S\u00e1nchez es una empresa familiar ubicada en la ciudad de Bel\u00e9n, Catamarca, con casi 50 a\u00f1os de trayectoria en el rubro de la construcci\u00f3n.<br \/>Nos enorgullecemos de ser la empresa m\u00e1s grande del departamento, con 4 sucursales ubicadas en tres puntos de la ciudad de Bel\u00e9n, y una sucursal ubicada en la vecina ciudad de Londres.<br \/>Nuestro Corral\u00f3n comenz\u00f3 con el trabajo y la visi\u00f3n de don Juan S\u00e1nchez, seguido por Don Negro S\u00e1nchez y Do\u00f1a Elena Cura de S\u00e1nchez, compa\u00f1eros de vida y de trabajo incansables en la labor de hacernos grandes. Muchos a\u00f1os despu\u00e9s, continuamos con orgullo y constancia todo lo construido por ellos, y tenemos la convicci\u00f3n de que el futuro es prometedor para una familia que tiene como premisa la honestidad y el trabajo, y con ello la pretensi\u00f3n de dar lo mejor cada d\u00eda.<br \/>Nos caracteriza la calidad de y la variedad cada uno de los art\u00edculos que comercializamos. Contamos con m\u00e1s de 25.000 art\u00edculos diferentes en nuestro inventario. \u00a1En el Corral\u00f3n pod\u00e9s encontrar de todo!<br \/>Hoy, a trav\u00e9s de nuestra p\u00e1gina web, buscamos llegar a cada rinc\u00f3n de la regi\u00f3n para as\u00ed seguir creciendo juntos.<\/p><p>Gracias\u00a0por\u00a0elegirnos.<\/p>\t\t\t\t\t\t\t\t<\/div>\n\t\t\t\t<\/div>\n\t\t\t\t\t<\/div>\n\t\t\t\t<\/div>\n\t\t<div class=\"elementor-element elementor-element-8a56158 e-flex e-con-boxed e-con e-parent\" data-id=\"8a56158\" data-element_type=\"container\">\n\t\t\t\t\t<div class=\"e-con-inner\">\n\t\t<div class=\"elementor-element elementor-element-968fdb2 e-con-full e-flex e-con e-child\" data-id=\"968fdb2\" data-element_type=\"container\" data-settings=\"{&quot;background_background&quot;:&quot;classic&quot;}\">\n\t\t\t\t<div class=\"elementor-element elementor-element-9615ebc elementor-widget elementor-widget-heading\" data-id=\"9615ebc\" data-element_type=\"widget\" data-widget_type=\"heading.default\">\n\t\t\t\t<div class=\"elementor-widget-container\">\n\t\t\t\t\t<h2 class=\"elementor-heading-title elementor-size-default\">GRUPO SANCHEZ<\/h2>\t\t\t\t<\/div>\n\t\t\t\t<\/div>\n\t\t\t\t<div class=\"elementor-element elementor-element-5115b90 elementor-widget elementor-widget-text-editor\" data-id=\"5115b90\" data-element_type=\"widget\" data-widget_type=\"text-editor.default\">\n\t\t\t\t<div class=\"elementor-widget-container\">\n\t\t\t\t\t\t\t\t\t<p>Corral\u00f3n S\u00e1nchez, el prestigioso corral\u00f3n de la ciudad de Bel\u00e9n, forma parte del reconocido Grupo S\u00e1nchez.<\/p><p>Este grupo integral abarca diversos sectores, incluyendo construcci\u00f3n, transporte, inmobiliaria, agronegocios y consultor\u00eda.<\/p><p>Dentro del grupo, Corral\u00f3n S\u00e1nchez se destaca como una de sus dos principales marcas de corralones, ofreciendo una amplia gama de productos y servicios de alta calidad para satisfacer todas sus necesidades de construcci\u00f3n y remodelaci\u00f3n.<\/p>\t\t\t\t\t\t\t\t<\/div>\n\t\t\t\t<\/div>\n\t\t\t\t<div class=\"elementor-element elementor-element-9d947eb elementor-tablet-align-center elementor-align-center elementor-widget elementor-widget-button\" data-id=\"9d947eb\" data-element_type=\"widget\" data-widget_type=\"button.default\">\n\t\t\t\t<div class=\"elementor-widget-container\">\n\t\t\t\t\t\t\t\t\t<div class=\"elementor-button-wrapper\">\n\t\t\t\t\t<a class=\"elementor-button elementor-button-link elementor-size-sm\" href=\"http:\/\/gruposanchezcatamarca.com\">\n\t\t\t\t\t\t<span class=\"elementor-button-content-wrapper\">\n\t\t\t\t\t\t\t\t\t<span class=\"elementor-button-text\">SITIO WEB<\/span>\n\t\t\t\t\t<\/span>\n\t\t\t\t\t<\/a>\n\t\t\t\t<\/div>\n\t\t\t\t\t\t\t\t<\/div>\n\t\t\t\t<\/div>\n\t\t\t\t<\/div>\n\t\t<div class=\"elementor-element elementor-element-19e049a e-con-full e-flex e-con e-child\" data-id=\"19e049a\" data-element_type=\"container\">\n\t\t\t\t<div class=\"elementor-element elementor-element-364d536 elementor-widget elementor-widget-image\" data-id=\"364d536\" data-element_type=\"widget\" data-widget_type=\"image.default\">\n\t\t\t\t<div class=\"elementor-widget-container\">\n\t\t\t\t\t\t\t\t\t\t\t\t\t\t\t<img fetchpriority=\"high\" decoding=\"async\" width=\"500\" height=\"500\" src=\"https:\/\/corralonsanchezbelen.com\/wp-content\/uploads\/2024\/06\/grupo-sanchez1.png\" class=\"attachment-full size-full wp-image-746\" alt=\"\" srcset=\"https:\/\/corralonsanchezbelen.com\/wp-content\/uploads\/2024\/06\/grupo-sanchez1.png 500w, https:\/\/corralonsanchezbelen.com\/wp-content\/uploads\/2024\/06\/grupo-sanchez1-300x300.png 300w, https:\/\/corralonsanchezbelen.com\/wp-content\/uploads\/2024\/06\/grupo-sanchez1-100x100.png 100w, https:\/\/corralonsanchezbelen.com\/wp-content\/uploads\/2024\/06\/grupo-sanchez1-64x64.png 64w, https:\/\/corralonsanchezbelen.com\/wp-content\/uploads\/2024\/06\/grupo-sanchez1-150x150.png 150w\" sizes=\"(max-width: 500px) 100vw, 500px\" \/>\t\t\t\t\t\t\t\t\t\t\t\t\t\t\t<\/div>\n\t\t\t\t<\/div>\n\t\t\t\t<\/div>\n\t\t\t\t\t<\/div>\n\t\t\t\t<\/div>\n\t\t\t\t<\/div>\n\t\t","protected":false},"excerpt":{"rendered":"<p>Massa sed elementum tempus egestas sed sed risus. Risus at ultrices mi tempus imperdiet nulla malesuada pellentesque elit.<\/p>\n","protected":false},"author":1,"featured_media":0,"parent":0,"menu_order":0,"comment_status":"closed","ping_status":"closed","template":"","meta":{"footnotes":""},"class_list":["post-115","page","type-page","status-publish","hentry"],"blocksy_meta":{"page_title_panel":"","has_hero_section":"disabled","6774d2922b2e043009dd0369630c6648":"","hero_section":"type-2","hero_alignment1":"left","hero_alignment2":"center","hero_height":{"0":"500px","1":"500px","2":"500px","3":"500px","4":"500px","desktop":"600px","tablet":"500px","mobile":"400px","__changed":["tablet","tablet","mobile","mobile"]},"page_title_bg_type":"custom_image","custom_hero_background":{"attachment_id":228,"url":"https:\/\/startersites.io\/elementor\/modern-shop\/wp-content\/uploads\/2020\/03\/ashley-knedler-Pf5Pj7A5ddA-unsplash-1024x422.jpg"},"parallax":{"desktop":true,"tablet":false,"mobile":false},"6b74a569d6954c8dde2fe0e3330a3d07":"","single_meta_elements":{"author":false,"date":false,"categories":false,"comments":false,"updated":false,"tags":false},"has_meta_label":"yes","has_meta_avatar":"yes","date_format_source":"custom","single_meta_date_format":"M j, Y","b97b3b35a921898a5a649956dd3ef2c9":"","page_excerpt_visibility":{"desktop":true,"tablet":true,"mobile":true},"pageTitleFont":{"family":"Default","variation":"n9","size":{"desktop":"55px","tablet":"40px","mobile":"30px","__changed":["tablet","tablet","mobile","mobile","mobile"]},"line-height":"1.3","letter-spacing":"CT_CSS_SKIP_RULE","text-transform":"CT_CSS_SKIP_RULE","text-decoration":"CT_CSS_SKIP_RULE"},"pageTitleFontColor":{"default":{"color":"CT_CSS_SKIP_RULEDEFAULT"}},"pageMetaFont":{"family":"Default","variation":"n6","size":{"desktop":"12px","tablet":"12px","mobile":"12px"},"line-height":"1.3","letter-spacing":"CT_CSS_SKIP_RULE","text-transform":"uppercase","text-decoration":"CT_CSS_SKIP_RULE"},"pageMetaFontColor":{"default":{"color":"CT_CSS_SKIP_RULEDEFAULT"},"hover":{"color":"CT_CSS_SKIP_RULEDEFAULT"}},"pageExcerptFont":{"family":"Default","variation":"n5","size":"CT_CSS_SKIP_RULE","line-height":"CT_CSS_SKIP_RULE","letter-spacing":"CT_CSS_SKIP_RULE","text-transform":"CT_CSS_SKIP_RULE","text-decoration":"CT_CSS_SKIP_RULE"},"pageExcerptColor":{"default":{"color":"CT_CSS_SKIP_RULEDEFAULT"}},"pageTitleOverlay":{"default":{"color":"CT_CSS_SKIP_RULE"}},"pageTitleBackground":{"background_type":"color","background_pattern":"type-1","background_image":{"attachment_id":null,"x":0,"y":0},"background_repeat":"no-repeat","background_size":"auto","background_attachment":"scroll","patternColor":{"default":{"color":"#e5e7ea"}},"backgroundColor":{"default":{"color":"#EDEFF2"}},"default":{"color":"#edeff2"}},"e9c08d358e8061a13c6703914fc3e107":"","page_structure_type":"default","page_enable_vertical_spacing":"yes","37e2e5405a48b6dcb367458103437801":"","disable_featured_image":"no","5a23f5815557fff3b572a1ff51bc4447":"","6d18f3e1ac54c9cd1e3e09c3f4dedc8c":"","b11ba8cda6e4bad1311d96230b11a88a":"","1292d792724cdd47c48bd6e6b2e81566":"","ae2e39a6f1a394fbe333e5ca05e5bfb9":"","b025400c48fbaec82191e6798433add3":"","1ea904d02bce5589e5973cd0e6215a6d":"","af31de1a48854c5746ce4378b7f4b10c":"","aa0594d089a317f833967ec6c78ba836":"","8de4197d97c9487ce3f5018fbd54c81e":"","25f8cf7144e44cf269774b333f6c2343":"","c80e3da369fc9e2454430a6d146a31c8":"","23baab15e83c8d7083e2769a437a4768":"","3b5108b2aa7ad8a9428e511d430a3fbe":"","670381c96849f0626bfb58ac79a38931":"","efc6e89b572992af985a906e0b0677c7":"","hero_elements":[{"id":"custom_title","enabled":true,"heading_tag":"h1","title":"Home"},{"id":"custom_description","enabled":true,"description_visibility":{"desktop":true,"tablet":true,"mobile":false}},{"id":"custom_meta","enabled":false,"meta_elements":[{"id":"author","enabled":true,"label":"By","has_author_avatar":"yes","avatar_size":25},{"id":"post_date","enabled":true,"label":"On","date_format_source":"default","date_format":"M j, Y"},{"id":"comments","enabled":true}],"page_meta_elements":{"joined":true,"articles_count":true,"comments":true}},{"id":"breadcrumbs","enabled":false}],"9f21be5163e55bd032bea22f195ff20e":"","hero_vertical_alignment":"center","hero_structure":"narrow","breadcrumbsFont":{"family":"Default","variation":"n6","size":"12px","line-height":"CT_CSS_SKIP_RULE","letter-spacing":"CT_CSS_SKIP_RULE","text-transform":"uppercase","text-decoration":"CT_CSS_SKIP_RULE"},"breadcrumbsFontColor":{"default":{"color":"CT_CSS_SKIP_RULEDEFAULT"},"initial":{"color":"CT_CSS_SKIP_RULEDEFAULT"},"hover":{"color":"CT_CSS_SKIP_RULEDEFAULT"}},"96d5a5dade1ac81fdc2f23e8c7cb5b1f":"","content_style":"inherit","vertical_spacing_source":"custom","content_area_spacing":"none","background":{"background_type":"color","background_pattern":"type-1","background_image":{"attachment_id":null,"x":0,"y":0},"background_repeat":"no-repeat","background_size":"auto","background_attachment":"scroll","patternColor":{"default":{"color":"#e5e7ea"}},"backgroundColor":{"default":{"color":"CT_CSS_SKIP_RULE"}}},"content_background":{"background_type":"color","background_pattern":"type-1","background_image":{"attachment_id":null,"x":0,"y":0},"background_repeat":"no-repeat","background_size":"auto","background_attachment":"scroll","patternColor":{"default":{"color":"#e5e7ea"}},"backgroundColor":{"default":{"color":"#ffffff"}}},"content_boxed_spacing":{"desktop":"40px","tablet":"35px","mobile":"20px"},"content_boxed_radius":{"top":"3px","bottom":"3px","left":"3px","right":"3px","linked":true},"content_boxed_shadow":{"blur":18,"spread":-6,"v_offset":12,"h_offset":0,"inset":false,"enable":true,"color":{"color":"rgba(34, 56, 101, 0.04)"}},"4bdd9d5997a1f0298d97c2c762f3e2af":"","d780ec6ce909dd8e59a960d0a26ab4c7":"","db7716d397d76637263ec6a3062d99f5":"","6fe45d801239fa686eb3a5a59830a196":"","4b0189eec5ad97685a72ec47b45589b8":"","styles_descriptor":{"styles":{"desktop":"","tablet":"","mobile":""},"google_fonts":[],"version":6}},"yoast_head":"<!-- This site is optimized with the Yoast SEO plugin v24.7 - https:\/\/yoast.com\/wordpress\/plugins\/seo\/ -->\n<title>Corralon Sanchez - Nosotros<\/title>\n<meta name=\"description\" content=\"\u00a1Descubre todo lo que podemos ofrecerte y haz realidad tus proyectos de construcci\u00f3n con nosotros!\" \/>\n<meta name=\"robots\" content=\"index, follow, max-snippet:-1, max-image-preview:large, max-video-preview:-1\" \/>\n<link rel=\"canonical\" href=\"https:\/\/corralonsanchezbelen.com\/index.php\/nosotros\/\" \/>\n<meta property=\"og:locale\" content=\"es_ES\" \/>\n<meta property=\"og:type\" content=\"article\" \/>\n<meta property=\"og:title\" content=\"Corralon Sanchez - Nosotros\" \/>\n<meta property=\"og:description\" content=\"\u00a1Descubre todo lo que podemos ofrecerte y haz realidad tus proyectos de construcci\u00f3n con nosotros!\" \/>\n<meta property=\"og:url\" content=\"https:\/\/corralonsanchezbelen.com\/index.php\/nosotros\/\" \/>\n<meta property=\"og:site_name\" content=\"Corralon Sanchez\" \/>\n<meta property=\"article:publisher\" content=\"https:\/\/www.facebook.com\/corralon.sanchez.belen\" \/>\n<meta property=\"article:modified_time\" content=\"2024-07-18T21:26:41+00:00\" \/>\n<meta property=\"og:image\" content=\"https:\/\/corralonsanchezbelen.com\/wp-content\/uploads\/elementor\/thumbs\/DSC00532-scaled-qpfe4v5hcmicxctp5oc0phxs4mrtxamxxq1ym11bn4.jpg\" \/>\n<meta name=\"twitter:card\" content=\"summary_large_image\" \/>\n<meta name=\"twitter:label1\" content=\"Tiempo de lectura\" \/>\n\t<meta name=\"twitter:data1\" content=\"2 minutos\" \/>\n<script type=\"application\/ld+json\" class=\"yoast-schema-graph\">{\"@context\":\"https:\/\/schema.org\",\"@graph\":[{\"@type\":\"WebPage\",\"@id\":\"https:\/\/corralonsanchezbelen.com\/index.php\/nosotros\/\",\"url\":\"https:\/\/corralonsanchezbelen.com\/index.php\/nosotros\/\",\"name\":\"Corralon Sanchez - Nosotros\",\"isPartOf\":{\"@id\":\"https:\/\/corralonsanchezbelen.com\/#website\"},\"primaryImageOfPage\":{\"@id\":\"https:\/\/corralonsanchezbelen.com\/index.php\/nosotros\/#primaryimage\"},\"image\":{\"@id\":\"https:\/\/corralonsanchezbelen.com\/index.php\/nosotros\/#primaryimage\"},\"thumbnailUrl\":\"https:\/\/corralonsanchezbelen.com\/wp-content\/uploads\/elementor\/thumbs\/DSC00532-scaled-qpfe4v5hcmicxctp5oc0phxs4mrtxamxxq1ym11bn4.jpg\",\"datePublished\":\"2020-03-13T15:28:00+00:00\",\"dateModified\":\"2024-07-18T21:26:41+00:00\",\"description\":\"\u00a1Descubre todo lo que podemos ofrecerte y haz realidad tus proyectos de construcci\u00f3n con nosotros!\",\"breadcrumb\":{\"@id\":\"https:\/\/corralonsanchezbelen.com\/index.php\/nosotros\/#breadcrumb\"},\"inLanguage\":\"es\",\"potentialAction\":[{\"@type\":\"ReadAction\",\"target\":[\"https:\/\/corralonsanchezbelen.com\/index.php\/nosotros\/\"]}]},{\"@type\":\"ImageObject\",\"inLanguage\":\"es\",\"@id\":\"https:\/\/corralonsanchezbelen.com\/index.php\/nosotros\/#primaryimage\",\"url\":\"https:\/\/corralonsanchezbelen.com\/wp-content\/uploads\/elementor\/thumbs\/DSC00532-scaled-qpfe4v5hcmicxctp5oc0phxs4mrtxamxxq1ym11bn4.jpg\",\"contentUrl\":\"https:\/\/corralonsanchezbelen.com\/wp-content\/uploads\/elementor\/thumbs\/DSC00532-scaled-qpfe4v5hcmicxctp5oc0phxs4mrtxamxxq1ym11bn4.jpg\"},{\"@type\":\"BreadcrumbList\",\"@id\":\"https:\/\/corralonsanchezbelen.com\/index.php\/nosotros\/#breadcrumb\",\"itemListElement\":[{\"@type\":\"ListItem\",\"position\":1,\"name\":\"Portada\",\"item\":\"https:\/\/corralonsanchezbelen.com\/\"},{\"@type\":\"ListItem\",\"position\":2,\"name\":\"Nosotros\"}]},{\"@type\":\"WebSite\",\"@id\":\"https:\/\/corralonsanchezbelen.com\/#website\",\"url\":\"https:\/\/corralonsanchezbelen.com\/\",\"name\":\"Corralon Sanchez\",\"description\":\"El maestro de la construcci\u00f3n.\",\"publisher\":{\"@id\":\"https:\/\/corralonsanchezbelen.com\/#organization\"},\"potentialAction\":[{\"@type\":\"SearchAction\",\"target\":{\"@type\":\"EntryPoint\",\"urlTemplate\":\"https:\/\/corralonsanchezbelen.com\/?s={search_term_string}\"},\"query-input\":{\"@type\":\"PropertyValueSpecification\",\"valueRequired\":true,\"valueName\":\"search_term_string\"}}],\"inLanguage\":\"es\"},{\"@type\":\"Organization\",\"@id\":\"https:\/\/corralonsanchezbelen.com\/#organization\",\"name\":\"Corralon Sanchez\",\"url\":\"https:\/\/corralonsanchezbelen.com\/\",\"logo\":{\"@type\":\"ImageObject\",\"inLanguage\":\"es\",\"@id\":\"https:\/\/corralonsanchezbelen.com\/#\/schema\/logo\/image\/\",\"url\":\"https:\/\/corralonsanchezbelen.com\/wp-content\/uploads\/2024\/06\/Diseno-sin-tituloq.png\",\"contentUrl\":\"https:\/\/corralonsanchezbelen.com\/wp-content\/uploads\/2024\/06\/Diseno-sin-tituloq.png\",\"width\":1080,\"height\":1080,\"caption\":\"Corralon Sanchez\"},\"image\":{\"@id\":\"https:\/\/corralonsanchezbelen.com\/#\/schema\/logo\/image\/\"},\"sameAs\":[\"https:\/\/www.facebook.com\/corralon.sanchez.belen\",\"https:\/\/www.instagram.com\/corralon.sanchez\/\"]}]}<\/script>\n<!-- \/ Yoast SEO plugin. -->","yoast_head_json":{"title":"Corralon Sanchez - Nosotros","description":"\u00a1Descubre todo lo que podemos ofrecerte y haz realidad tus proyectos de construcci\u00f3n con nosotros!","robots":{"index":"index","follow":"follow","max-snippet":"max-snippet:-1","max-image-preview":"max-image-preview:large","max-video-preview":"max-video-preview:-1"},"canonical":"https:\/\/corralonsanchezbelen.com\/index.php\/nosotros\/","og_locale":"es_ES","og_type":"article","og_title":"Corralon Sanchez - Nosotros","og_description":"\u00a1Descubre todo lo que podemos ofrecerte y haz realidad tus proyectos de construcci\u00f3n con nosotros!","og_url":"https:\/\/corralonsanchezbelen.com\/index.php\/nosotros\/","og_site_name":"Corralon Sanchez","article_publisher":"https:\/\/www.facebook.com\/corralon.sanchez.belen","article_modified_time":"2024-07-18T21:26:41+00:00","og_image":[{"url":"https:\/\/corralonsanchezbelen.com\/wp-content\/uploads\/elementor\/thumbs\/DSC00532-scaled-qpfe4v5hcmicxctp5oc0phxs4mrtxamxxq1ym11bn4.jpg","type":"","width":"","height":""}],"twitter_card":"summary_large_image","twitter_misc":{"Tiempo de lectura":"2 minutos"},"schema":{"@context":"https:\/\/schema.org","@graph":[{"@type":"WebPage","@id":"https:\/\/corralonsanchezbelen.com\/index.php\/nosotros\/","url":"https:\/\/corralonsanchezbelen.com\/index.php\/nosotros\/","name":"Corralon Sanchez - Nosotros","isPartOf":{"@id":"https:\/\/corralonsanchezbelen.com\/#website"},"primaryImageOfPage":{"@id":"https:\/\/corralonsanchezbelen.com\/index.php\/nosotros\/#primaryimage"},"image":{"@id":"https:\/\/corralonsanchezbelen.com\/index.php\/nosotros\/#primaryimage"},"thumbnailUrl":"https:\/\/corralonsanchezbelen.com\/wp-content\/uploads\/elementor\/thumbs\/DSC00532-scaled-qpfe4v5hcmicxctp5oc0phxs4mrtxamxxq1ym11bn4.jpg","datePublished":"2020-03-13T15:28:00+00:00","dateModified":"2024-07-18T21:26:41+00:00","description":"\u00a1Descubre todo lo que podemos ofrecerte y haz realidad tus proyectos de construcci\u00f3n con nosotros!","breadcrumb":{"@id":"https:\/\/corralonsanchezbelen.com\/index.php\/nosotros\/#breadcrumb"},"inLanguage":"es","potentialAction":[{"@type":"ReadAction","target":["https:\/\/corralonsanchezbelen.com\/index.php\/nosotros\/"]}]},{"@type":"ImageObject","inLanguage":"es","@id":"https:\/\/corralonsanchezbelen.com\/index.php\/nosotros\/#primaryimage","url":"https:\/\/corralonsanchezbelen.com\/wp-content\/uploads\/elementor\/thumbs\/DSC00532-scaled-qpfe4v5hcmicxctp5oc0phxs4mrtxamxxq1ym11bn4.jpg","contentUrl":"https:\/\/corralonsanchezbelen.com\/wp-content\/uploads\/elementor\/thumbs\/DSC00532-scaled-qpfe4v5hcmicxctp5oc0phxs4mrtxamxxq1ym11bn4.jpg"},{"@type":"BreadcrumbList","@id":"https:\/\/corralonsanchezbelen.com\/index.php\/nosotros\/#breadcrumb","itemListElement":[{"@type":"ListItem","position":1,"name":"Portada","item":"https:\/\/corralonsanchezbelen.com\/"},{"@type":"ListItem","position":2,"name":"Nosotros"}]},{"@type":"WebSite","@id":"https:\/\/corralonsanchezbelen.com\/#website","url":"https:\/\/corralonsanchezbelen.com\/","name":"Corralon Sanchez","description":"El maestro de la construcci\u00f3n.","publisher":{"@id":"https:\/\/corralonsanchezbelen.com\/#organization"},"potentialAction":[{"@type":"SearchAction","target":{"@type":"EntryPoint","urlTemplate":"https:\/\/corralonsanchezbelen.com\/?s={search_term_string}"},"query-input":{"@type":"PropertyValueSpecification","valueRequired":true,"valueName":"search_term_string"}}],"inLanguage":"es"},{"@type":"Organization","@id":"https:\/\/corralonsanchezbelen.com\/#organization","name":"Corralon Sanchez","url":"https:\/\/corralonsanchezbelen.com\/","logo":{"@type":"ImageObject","inLanguage":"es","@id":"https:\/\/corralonsanchezbelen.com\/#\/schema\/logo\/image\/","url":"https:\/\/corralonsanchezbelen.com\/wp-content\/uploads\/2024\/06\/Diseno-sin-tituloq.png","contentUrl":"https:\/\/corralonsanchezbelen.com\/wp-content\/uploads\/2024\/06\/Diseno-sin-tituloq.png","width":1080,"height":1080,"caption":"Corralon Sanchez"},"image":{"@id":"https:\/\/corralonsanchezbelen.com\/#\/schema\/logo\/image\/"},"sameAs":["https:\/\/www.facebook.com\/corralon.sanchez.belen","https:\/\/www.instagram.com\/corralon.sanchez\/"]}]}},"_links":{"self":[{"href":"https:\/\/corralonsanchezbelen.com\/index.php\/wp-json\/wp\/v2\/pages\/115","targetHints":{"allow":["GET"]}}],"collection":[{"href":"https:\/\/corralonsanchezbelen.com\/index.php\/wp-json\/wp\/v2\/pages"}],"about":[{"href":"https:\/\/corralonsanchezbelen.com\/index.php\/wp-json\/wp\/v2\/types\/page"}],"author":[{"embeddable":true,"href":"https:\/\/corralonsanchezbelen.com\/index.php\/wp-json\/wp\/v2\/users\/1"}],"replies":[{"embeddable":true,"href":"https:\/\/corralonsanchezbelen.com\/index.php\/wp-json\/wp\/v2\/comments?post=115"}],"version-history":[{"count":97,"href":"https:\/\/corralonsanchezbelen.com\/index.php\/wp-json\/wp\/v2\/pages\/115\/revisions"}],"predecessor-version":[{"id":3102,"href":"https:\/\/corralonsanchezbelen.com\/index.php\/wp-json\/wp\/v2\/pages\/115\/revisions\/3102"}],"wp:attachment":[{"href":"https:\/\/corralonsanchezbelen.com\/index.php\/wp-json\/wp\/v2\/media?parent=115"}],"curies":[{"name":"wp","href":"https:\/\/api.w.org\/{rel}","templated":true}]}}